{"id":13339,"date":"2024-09-17T16:20:37","date_gmt":"2024-09-17T16:20:37","guid":{"rendered":"https:\/\/travelshelper.com\/staging\/?page_id=13339"},"modified":"2026-03-12T22:34:54","modified_gmt":"2026-03-12T22:34:54","slug":"bratislava","status":"publish","type":"page","link":"https:\/\/travelshelper.com\/da\/destinations\/europe\/slovakia\/bratislava\/","title":{"rendered":"Bratislava"},"content":{"rendered":"<p data-pm-slice=\"1 1 []\">Bratislava, hovedstaden og den st\u00f8rste by i Den Slovakiske Republik med en officiel befolkning p\u00e5 cirka 475.000 indbyggere - selvom nogle estimater placerer den daglige tilstr\u00f8mning t\u00e6ttere p\u00e5 570.000 - ligger ved sammenl\u00f8bet af floderne Donau og Morava i det sydvestlige Slovakiet p\u00e5 et omr\u00e5de p\u00e5 367,58 kvadratkilometer, unikt placeret ved foden af \u200b\u200bDe Lille Karpater og gr\u00e6nser op til b\u00e5de \u00d8strig og Ungarn, hvilket g\u00f8r den til den eneste nationale hovedstad i verden, der gr\u00e6nser op til to suver\u00e6ne stater.<\/p>\n<p>En udvikling, der sp\u00e6nder over \u00e5rtusinder, har formet Bratislavas karakter. Byens tidligste kendte indbyggere efterlod spor p\u00e5 borgh\u00f8jen i overgangsperioden mellem sten- og bronzealderen. Efterf\u00f8lgende epoker illustrerer en keltisk akropolis, en romersk gr\u00e6nsef\u00e6stning, et storm\u00e6hrsk politisk centrum og senere en bastion for det middelalderlige kongerige Ungarn. Fra 1536 til 1783 fungerede det som lovgivende s\u00e6de og kroningssted for dette kongerige, hvor elleve konger og otte dronninger modtog deres kroner inden for de hv\u00e6lvede rammer af Sankt Martins Katedral. Bygningen, der blev opf\u00f8rt fra det trettende til det sekstende \u00e5rhundrede, forbliver et gotisk monument over disse ceremonier, mens Michaels Port, den eneste rest af middelalderlige bef\u00e6stninger, st\u00e5r som vagtpost over smalle gader, der engang genl\u00f8d af fodtrin fra dignitarer, pr\u00e6ster og k\u00f8bm\u00e6nd.<\/p>\n<p>Bratislava ligger i den midterste Donau-bassin, i h\u00f8jder fra 126 meter langs floden til 514 meter ved Dev\u00ednska Kobyla, og str\u00e6kker sig over lavlandet langs flodbredderne og ind i distriktets skovkl\u00e6dte bakker. Inden for sine administrative gr\u00e6nser l\u00f8ber floderne Lille Donau og Vydrica sammen med Donau og skaber skovomr\u00e5der langs flodbredderne, der er hjemsted for europ\u00e6iske gr\u00e6vlinger, r\u00f8de r\u00e6ve, vildsvin og b\u00e5de kronhjorte og r\u00e5dyr. Klimaprofilen registreres som fugtig subtropisk (Cfa), der flirter med kontinental (Dfa), defineret af en gennemsnitlig \u00e5rstemperatur p\u00e5 n\u00e6r 11,1\u00b0C, de varmeste m\u00e5neder i gennemsnit 22,0\u00b0C og kuldeperioder ned til 0,3\u00b0C. Nedb\u00f8ren fordeler sig j\u00e6vnt over hele \u00e5ret, selvom hurtige s\u00e6sonbestemte overgange nu afkorter for\u00e5r og efter\u00e5r, mens ekstreme termometre har registreret h\u00f8jeste temperaturer p\u00e5 39,4\u00b0C og lave temperaturer p\u00e5 -24,6\u00b0C. Oversv\u00f8mmelsesforsvar omkranser begge bredder i s\u00e5rbare bydele som Dev\u00edn og Dev\u00ednska Nov\u00e1 Ves, en n\u00f8dvendighed, der er f\u00f8dt af \u00e5rhundreders floddynamik.<\/p>\n<p>Bratislavas byform stiller middelalderlige t\u00e5rne \u200b\u200bop mod ambitioner fra det tyvende og enogtyvende \u00e5rhundrede. Den gamle bydel koncentrerer sig om barokke paladser, heriblandt Grassalkovich-paladset, en bygning fra midten af \u200b\u200bdet attende \u00e5rhundrede, der nu huser pr\u00e6sidentresidensen, og det tidligere \u00e6rkebiskoplige palads, det moderne regeringss\u00e6de. R\u00e5dhuset, der best\u00e5r af bygninger fra det fjortende og femtende \u00e5rhundrede, indeholder Bratislava Bymuseum og fremkalder datidens borgerlige autoritet. I n\u00e6rheden ligger universitetsbiblioteket, opf\u00f8rt i 1756, som husede den ungarske rigsdag fra 1802 indtil reformtiden, hvor love om afskaffelse af livegenskab og grundl\u00e6ggelse af det ungarske videnskabsakademi blev proklameret inden for dets mure. Mindre boliger bevarer den immaterielle kulturarv: huset, hvor Johann Nepomuk Hummel blev f\u00f8dt, er typisk for det attende \u00e5rhundredes huslige arkitektur.<\/p>\n<p>Religi\u00f8se strukturer danner en lysende tr\u00e5d gennem byens fort\u00e6lling. Den franciskanske kirke og kloster, der stammer fra slutningen af \u200b\u200bdet trettende \u00e5rhundrede, er den \u00e6ldste bevarede sakrale bygning og fungerede engang som m\u00f8dested for ridderceremonier. Den bl\u00e5 kirke Sankt Elisabeth, et ungarsk l\u00f8srivelsesmesterv\u00e6rk, fremviser en enest\u00e5ende monokrom facade og tiltr\u00e6kker stadig bes\u00f8gende, der s\u00f8ger dens ukonventionelle linjer. Bratislavas eneste overlevende synagoge vidner om et engang levende j\u00f8disk samfund, mens et udgravet segment af kirkeg\u00e5rdsmure fra det nittende \u00e5rhundrede under slotsbakken markerer hvilestedet for rabbiner Moses Sofer. Efter Anden Verdenskrig blev Slav\u00edn milit\u00e6rkirkeg\u00e5rd afsl\u00f8ret p\u00e5 en bakke med udsigt over byen, og dens mindesm\u00e6rker er dedikeret til sovjetiske soldater, der gik tabt ved befrielsen i april 1945.<\/p>\n<p>Fremtr\u00e6dende blandt moderne interventioner er Most SNP, Broen for det Slovakiske Nationalopr\u00f8r, med sin tallerkenformede restaurant, der ligger h\u00f8jt over Donau som et symbol p\u00e5 byens skyline. Den slovakiske radios hovedkvarter i en omvendt pyramide og den slanke silhuet af Kamz\u00edk TV-t\u00e5rnet, komplet med en roterende spisestue, vidner om det tyvende \u00e5rhundredes forskellige \u00e6stetiske dagsordener. Et nyt \u00e5rtusinde indvarslede en hurtig udvikling: Apollo-broens buede form og den moderne bygning af det slovakiske nationalteater h\u00e6vder en frisk samfundsm\u00e6ssig ambition, mens private ejendomsprojekter omdanner tidligere industrigrunde til beboelsest\u00e5rne \u200b\u200bmed glasfacade.<\/p>\n<p>H\u00f8jt over floden troner Bratislava Slot et plateau 85 meter over Donau. Ark\u00e6ologiske lag afsl\u00f8rer en pr\u00e6romansk basilika, der ligger forud for en stenf\u00e6stning fra det tiende \u00e5rhundrede, bygget under ungarsk indflydelse. Gotiske forbedringer i det femtende \u00e5rhundrede under Sigismund af Luxembourg m\u00e5tte l\u00e6gge vejen for ren\u00e6ssance- og senere barokmodifikationer, der blev bestilt i 1649. En brand i 1811 reducerede strukturen til ruiner, og det forblev den, indtil en restaurering i midten af \u200b\u200bdet tyvende \u00e5rhundrede genindf\u00f8rte Maria Theresas stilistiske vokabular. I dag huser slottet en del af det Slovakiske Nationalmuseum, hvor der afholdes ceremonielle begivenheder i sale, der engang b\u00f8d det habsburgske kongehus velkommen.<\/p>\n<p>Ned ad floden, hvor Morava bryder ud over Donau, ligger ruinerne af Dev\u00edn Slot, dokumenteret helt tilbage til 864. Dets klippefyldte forbjerg forblev en strategisk gr\u00e6nsepost for Stor-M\u00e4hren og Ungarn, indtil Napoleons styrker j\u00e6vnede dets forsvarsv\u00e6rker med jorden i 1809. Bevaringsindsatsen har afsl\u00f8ret stenfundamenter og skabt et museum, der fremstiller Dev\u00edn som b\u00e5de ark\u00e6ologisk vartegn og et symbol p\u00e5 slovakisk identitet.<\/p>\n<p>I den sydlige bydel Rusovce ligger et engelsk neogotisk pal\u00e6 bygget i midten af \u200b\u200bdet nittende \u00e5rhundrede over et anlagt omr\u00e5de, mens resterne af den romerske lejr Gerulata i n\u00e6rheden minder om Donau-gr\u00e6nsen for limes Romanus. Rusovces lagdelte palimpsest indkapsler to \u00e5rtusinders kejserlige r\u00e6kkevidde, fra legioner til godsejere.<\/p>\n<p>Gr\u00f8nne omr\u00e5der gennemsyrer Bratislava: Offentlige parker optager 46,8 kvadratkilometer, hvilket svarer til 110 kvadratmeter pr. indbygger. Horsk\u00fd-parken i den gamle bydel og Bratislavsk\u00fd lesn\u00fd-parken i De Lille Karpater tilbyder skovkl\u00e6dte tilflugtssteder med stier, der f\u00f8rer til \u017delezn\u00e1 studienka og Koliba. P\u00e5 Donaus h\u00f8jre bred forl\u00e6nger Janko Kr\u00e1\u013e-parken, der blev grundlagt i det attende \u00e5rhundrede, en promenade langs floden, mens kommende udviklinger i Petr\u017ealka lover nyt parkomr\u00e5de mellem to s\u00f8er. Kiksfarvede rekreative s\u00f8er - Zlat\u00e9 piesky, Kuchajda, Vajnory og Rusovce - tiltr\u00e6kker sv\u00f8mmere og sols\u00f8gende, mens Mlynsk\u00e1 dolina er v\u00e6rt for byens zoologiske have, hvor 152 arter strejfer rundt, og Comenius Universitets botaniske have dyrker over 120 plantesorter.<\/p>\n<p>Som Slovakiets \u00f8konomiske epicenter tegner Bratislava sig for omkring en fjerdedel af den nationale produktion og er den nittende rigeste region i Den Europ\u00e6iske Union m\u00e5lt p\u00e5 BNP pr. indbygger, n\u00e6sten tre gange s\u00e5 meget som gennemsnittet for andre slovakiske regioner. Lave arbejdsl\u00f8shedstal, en gennemsnitlig m\u00e5nedsl\u00f8n p\u00e5 over \u20ac2.150 i 2024 og tilstedev\u00e6relsen af \u200b\u200bstore virksomhedshovedkvarterer vidner om byens \u00f8konomiske vitalitet. I 2023 tilbragte n\u00e6sten en million turister over 1,7 millioner overnatninger inden for byens gr\u00e6nser, hvoraf de fleste ankom fra nabolandene Tjekkiet, Tyskland, \u00d8strig og Polen. Bes\u00f8gsinfrastrukturen omfatter otte store indk\u00f8bscentre - fra Aupark og Eurovea Galleria til Nivy Centrum - og en koncentration af caf\u00e9er og restauranter grupperet omkring de revitaliserede gader i den gamle bydel.<\/p>\n<p>Offentlig transport opererer under navnet Mestsk\u00e1 hromadn\u00e1 doprava og omfatter busser, sporvogne og trolleybusser malet i r\u00f8dt og sort. Integration med regionale transport\u00f8rer via IDS BK muligg\u00f8r problemfri rejse til tilst\u00f8dende distrikter. Togforbindelser fra Bratislava Hovedbaneg\u00e5rd og Petr\u017ealka tilbyder flere timelige afgange til Wien, Budapest, Prag og videre. Den underjordiske Autobusov\u00e1 stanica Nivy, der \u00e5bnede i september 2021 under en skyskraber og et indk\u00f8bscenterkompleks, minder om lufthavnsterminaler i sin layout og faciliteter. Fire motorvejsarterier str\u00e5ler ud mod Brno, Wien, Budapest og indenrigsknudepunkter, mens Bratislava Havn forbinder til Sortehavet og Nordhavet via indre vandveje. MR \u0160tef\u00e1nik Lufthavn, ni kilometer fra centrum, betjente over to millioner passagerer i sine tidlige \u00e5r, suppleret af hyppig brug af Wiens internationale lufthavn niogfyrre kilometer v\u00e6k.<\/p>\n<p>Bratislavas menneskelige skala ligger i dens middelalderlige kerne, hvor smalle gyder snor sig mellem to hovedpladser - Hlavn\u00e9 n\u00e1mestie og Hviezdoslavovo n\u00e1mestie - der hver is\u00e6r er livlige af caf\u00e9er med siddepladser p\u00e5 fortovet. Et v\u00e6ld af kulturarvssteder - fra det slankeste hus i Europa til bymuseets klokket\u00e5rn - sameksisterer med de monolitiske blokke i Petr\u017ealka, et vidnesbyrd om boligstrategier fra midten af \u200b\u200b\u00e5rhundredet. Uden for bygr\u00e6nsen producerer vinmarker og g\u00e5rde friske r\u00e5varer, der pr\u00e6ger det lokale k\u00f8kken, fra nationalretten bryndzov\u00e9 hal\u00fasky - dumplings kl\u00e6dt i f\u00e5reost og baconstykker - til robust hvidl\u00f8gssuppe og spr\u00f8de hvidvine.<\/p>\n<p>Om vinteren er der et traditionelt marked p\u00e5 det gamle r\u00e5dhus, hvor dets hundrede boder tilbyder sandwiches med stegt svinek\u00f8d eller kylling med sennep og l\u00f8g, kartoffelpandekager fyldt med g\u00e5sefedt eller valmuefr\u00f8 og br\u00f8d toppet med svinefedt og l\u00f8g. Gl\u00f8gg, honningvin, rom-infuserede teer og varm grog holder festdeltagerne i live under det bl\u00f8de sk\u00e6r fra markedslysene og g\u00f8r Bratislavas fests\u00e6son b\u00e5de intim og vedvarende.<\/p>\n<p>Byens nysgerrighed sameksisterer med pastoral ro: en kort bustur til Kamz\u00edk afsl\u00f8rer Partiz\u00e1nska l\u00faka og Sne\u017eienka, vidtstrakte lysninger omgivet af blandede egetr\u00e6er og avnb\u00f8gskove, forbundet af en stolelift, der k\u00f8rer fra torsdag til s\u00f8ndag og giver vandrere et roligt ophold over tr\u00e6toppene til en beskeden pris. Disse enklaver bekr\u00e6fter Bratislavas dobbelte natur som b\u00e5de hovedstad og vogter af gr\u00f8nne gr\u00e6nser.<\/p>\n<p>I sine lag af jord og sten, i sine str\u00f8mninger af handel og kultur, pr\u00e6senterer Bratislava en nuanceret fort\u00e6lling om Centraleuropas historiske konvergenser. Dens gader vidner om b\u00e5de dynastisk pragt og hverdagshandel, dens arkitektur sp\u00e6nder over gotiske tinder, barokke facader og dristig modernisme. Fra Donaus blide flow til Karpaternes skovkl\u00e6dte skr\u00e5ninger, best\u00e5r byen som et m\u00f8dested mellem folk, \u00f8konomier og epoker.<\/p>","protected":false},"excerpt":{"rendered":"<p>Bratislava, hovedstaden og st\u00f8rste by i Slovakiet, eksemplificerer det indviklede samspil mellem europ\u00e6isk historie og moderne byudvikling. P\u00e5 bredden af \u200b\u200bDonau-floden har denne livlige by en officiel befolkning p\u00e5 omkring 475.000, selvom nogle sk\u00f8n tyder p\u00e5, at det faktiske antal kan overstige 660.000. Som det politiske, kulturelle og \u00f8konomiske centrum i Slovakiet former Bratislava landets retning i det enogtyvende \u00e5rhundrede uden for dets kommunale gr\u00e6nser.<\/p>","protected":false},"author":1,"featured_media":3996,"parent":13300,"menu_order":0,"comment_status":"closed","ping_status":"closed","template":"elementor_theme","meta":{"_eb_attr":"","footnotes":""},"class_list":["post-13339","page","type-page","status-publish","has-post-thumbnail"],"_links":{"self":[{"href":"https:\/\/travelshelper.com\/da\/wp-json\/wp\/v2\/pages\/13339","targetHints":{"allow":["GET"]}}],"collection":[{"href":"https:\/\/travelshelper.com\/da\/wp-json\/wp\/v2\/pages"}],"about":[{"href":"https:\/\/travelshelper.com\/da\/wp-json\/wp\/v2\/types\/page"}],"author":[{"embeddable":true,"href":"https:\/\/travelshelper.com\/da\/wp-json\/wp\/v2\/users\/1"}],"replies":[{"embeddable":true,"href":"https:\/\/travelshelper.com\/da\/wp-json\/wp\/v2\/comments?post=13339"}],"version-history":[{"count":0,"href":"https:\/\/travelshelper.com\/da\/wp-json\/wp\/v2\/pages\/13339\/revisions"}],"up":[{"embeddable":true,"href":"https:\/\/travelshelper.com\/da\/wp-json\/wp\/v2\/pages\/13300"}],"wp:featuredmedia":[{"embeddable":true,"href":"https:\/\/travelshelper.com\/da\/wp-json\/wp\/v2\/media\/3996"}],"wp:attachment":[{"href":"https:\/\/travelshelper.com\/da\/wp-json\/wp\/v2\/media?parent=13339"}],"curies":[{"name":"wp","href":"https:\/\/api.w.org\/{rel}","templated":true}]}}