{"id":13330,"date":"2024-09-17T16:12:03","date_gmt":"2024-09-17T16:12:03","guid":{"rendered":"https:\/\/travelshelper.com\/staging\/?page_id=13330"},"modified":"2026-03-12T22:41:13","modified_gmt":"2026-03-12T22:41:13","slug":"zilina","status":"publish","type":"page","link":"https:\/\/travelshelper.com\/da\/destinations\/europe\/slovakia\/zilina\/","title":{"rendered":"\u017dilina"},"content":{"rendered":"<p>\u017dilina, beliggende ved sammenl\u00f8bet af floderne V\u00e1h, Kysuca og Raj\u010danka i det nordvestlige Slovakiet, d\u00e6kker et omr\u00e5de p\u00e5 80 kvadratkilometer af et bassin, der omgives af Mal\u00e1 Fatra, S\u00fa\u013eovsk\u00e9 vrchy, Javorn\u00edky og Kysuck\u00e1 vrchovina-bjergk\u00e6derne. I en h\u00f8jde af 342 meter over havets overflade og omkring 170 kilometer fra Bratislava n\u00e6r den tjekkiske og polske gr\u00e6nse, er den landets fjerdest\u00f8rste kommune - hjemsted for 80.020 indbyggere pr. 31. oktober 2024 - og fungerer som administrativt s\u00e6de for b\u00e5de \u017dilina-regionen og -distriktet, en central industriel kerne og den f\u00f8rende bym\u00e6ssige by ved V\u00e1h, hvis historiske og kulturelle resonans har givet den betegnelsen &#034;perlen ved V\u00e1h&#034;.<\/p>\n<p>Fra de pal\u00e6olitiske bos\u00e6ttelser, der kan spores tilbage til omkring 20.000 f.Kr., til den migrerende tilstr\u00f8mning af slaviske stammer i det femte \u00e5rhundrede, har \u017dilinas terr\u00e6n b\u00e5ret vidnesbyrd om successive lag af menneskelig indsats; alligevel er det i den middelalderlige fremkomst - f\u00f8rst dokumenteret i 1208 som terra de Selinan - at byens borgerlige identitet krystalliserede sig. I begyndelsen af \u200b\u200bdet fjortende \u00e5rhundrede var omr\u00e5det smeltet sammen til en by, dens status blev h\u00e6vet til fri kongelig k\u00f8bstad af Kong Karl I i 1321 og yderligere defineret i 1381, da Kong Ludvig I&#039;s Privilegium pro Slavis garanterede ligelig repr\u00e6sentation mellem slaviske og tyske borgere i kommunalbestyrelsen. Branden i 1431, for\u00e5rsaget af hussitiske invasioner, markerede et \u00f8jeblik af \u00f8del\u00e6ggelse, men bos\u00e6ttelsens evne til fornyelse viste sig at v\u00e6re vedvarende.<\/p>\n<p>Det syttende \u00e5rhundrede oplevede \u017dilinas fremgang som et centrum for handel, h\u00e5ndv\u00e6rk og videnskab; barokke sensibiliteter formede byens skyline gennem opf\u00f8relsen af \u200b\u200bklostre, kirker og det bef\u00e6stede Budat\u00edn-slot. Under den revolution\u00e6re iver i 1848 opn\u00e5ede slovakiske frivillige inden for den habsburgske milit\u00e6rstruktur en taktisk sejr mod ungarske honved- og gardistafdelinger i n\u00e6rheden, hvilket var symbolsk for regionens komplekse politiske alliancer. Fremkomsten af \u200b\u200bjernbaneforbindelser i sidste halvdel af det nittende \u00e5rhundrede - eksemplificeret ved f\u00e6rdigg\u00f8relsen af \u200b\u200bKassa-Oderberg-linjen i 1872 og forbindelsen til Bratislava i 1883 - udl\u00f8ste en industriel blomstring: grundl\u00e6ggelsen af \u200b\u200bSlovenas draperifabrik i 1891 og indvielsen af \u200b\u200bPova\u017eie-kemiske fabrik i 1892 signalerede byens integration i bredere produktions- og udvekslingsnetv\u00e6rk.<\/p>\n<p>Med opl\u00f8sningen af \u200b\u200bdet \u00f8strig-ungarske kejserrige i slutningen af \u200b\u200boktober 1918 blev \u017dilina en af \u200b\u200bde f\u00f8rste kommuner, der tilsluttede sig Martin-erkl\u00e6ringen, og var v\u00e6rt for den spirende slovakiske provisoriske regering indtil marts det f\u00f8lgende \u00e5r. To \u00e5rtier senere, i de nervepirrende eftervirkninger af M\u00fcnchen-aftalen, blev byen scene for proklamationen af \u200b\u200bslovakisk autonomi inden for den tjekkoslovakiske republik. Krigstiden var ogs\u00e5 et dystert vidnesbyrd om deportationen af \u200b\u200btitusindvis af j\u00f8diske indbyggere - et dystert kapitel i lyset af den bredere tragedie, Holocaust i Slovakiet. Befrielsen kom den 30. april 1945, da tjekkoslovakiske og sovjetiske styrker fra den 4. ukrainske front generobrede byen og genoprettede den til tjekkoslovakisk suver\u00e6nitet. Efterkrigs\u00e5rtierne b\u00f8d p\u00e5 udvidelse af produktionsfaciliteter, uddannelsesinstitutioner og boligbyggerier. Efter en periode som regional hovedstad fra 1949 til 1960 genoptog \u017dilina denne rolle med genoprettelsen af \u200b\u200b\u017dilina-regionen i 1996.<\/p>\n<p>I sin moderne udgave rangerer \u017dilina som Slovakiets tredjest\u00f8rste industrielle knudepunkt og er v\u00e6rt for \u017dilinsk\u00e1 universitet \u2013 etableret i 1953 \u2013 hvis akademiske fokus afspejler byens langvarige engagement i teknisk og erhvervsrettet uddannelse. Siden de politiske forandringer i 1990 har den historiske kerne gennemg\u00e5et en omfattende restaurering, og i 1994 indviede byen trolleybustjenester, suppleret i marts 2019 af cykeldelingsnetv\u00e6rket BikeKIA med tyve stationer og 120 cykler.<\/p>\n<p>Klimatisk set ligger \u017dilina i den nordlige tempererede zone under et kontinentalt regime, hvis \u00e5rlige svingninger sp\u00e6nder over varme somre - hvor den gennemsnitlige julitemperatur n\u00e5r 18 \u00b0C - fra vinterm\u00e5neder pr\u00e6get af januar-gennemsnit p\u00e5 -4 \u00b0C, sned\u00e6kke i omkring 60 til 80 dage og en \u00e5rlig nedb\u00f8r p\u00e5 i alt mellem 600 og 700 mm, koncentreret i den tidlige sommer.<\/p>\n<p>Demografisk set talte byen 82.664 indbyggere pr. september 2020, med dens bredere byomr\u00e5der, der tegnede sig for 108.114 indbyggere, og den storbym\u00e6ssige sf\u00e6re, der omfattede 159.729 personer. Folket\u00e6llingen i 2001 registrerede en befolkning p\u00e5 96,9 procent slovakisk, sammen med tjekkiske, romani-, ungarske og moraviske minoriteter, og en religi\u00f8s fordeling best\u00e5ende overvejende af romersk-katolikker (74,9 procent), ikke-tilknyttede (16,7 procent) og lutheranere (3,7 procent).<\/p>\n<p>Det \u00f8konomiske tableau er kendetegnet ved en diversificeret industriel base forankret i de betydelige investeringer fra Kia Motors \u2013 deres slovakiske fabrik, der blev indviet i 2006, havde i 2009 n\u00e5et en \u00e5rlig produktion p\u00e5 300.000 k\u00f8ret\u00f8jer og besk\u00e6ftigede omkring 3000 medarbejdere med en direkte kapitaltilf\u00f8rsel p\u00e5 over 1,5 milliarder USD \u2013 der producerer modeller som Cee&#039;d, Sportage og Hyundai ix35, og som i \u00f8jeblikket udvides til at omfatte fremstilling af forbr\u00e6ndingsmotorer i samarbejde med Hyundais tjekkiske aktiviteter i No\u0161ovice. Bygge- og transportingeni\u00f8rfirmaet V\u00e1hostav har en lokal fremtr\u00e6dende plads, mens den kemiske sektor er repr\u00e6senteret af Pova\u017esk\u00e9 chemick\u00e9 z\u00e1vody og papirproducenten Tento; det globale teknologikonglomerat Siemens har et mobilitetsingeni\u00f8rcenter i byen.<\/p>\n<p>Kulturelt og arkitektonisk udstr\u00e5ler det historiske centrum \u2013 der er udpeget som bymonumentreservat \u2013 sig fra den arkadeformede Mari\u00e1nske n\u00e1mestie, hvor 106 hv\u00e6lvede passager indrammer 44 borgerhuse, og udsigterne domineres af Sankt Paulus&#039; Kirke, den tidligere byr\u00e5dsbygning og en barok Maria-statue. I n\u00e6rheden ligger den hellige Treenighedskirke, opf\u00f8rt omkring \u00e5r 1400 og i februar 2008 oph\u00f8jet til katedralstatus for \u017dilina Stift. I periferien bevarer Sankt Stefan Konge-kirken \u2013 der stammer fra begyndelsen af \u200b\u200bdet trettende \u00e5rhundrede og er et af Slovakiets tidligste romanske helligdomme \u2013 fresker, der blev afd\u00e6kket omkring 1950 af Mojm\u00edr Vlkol\u00e1\u010dek, hvilket g\u00f8r den til et foretrukket sted for bryllupsritualer. I n\u00e6rheden huser Budat\u00edn Slot Pova\u017eie-museet, hvis samlinger omfatter regionens historiske blikfangerh\u00e5ndv\u00e6rk; Tr\u00e6kirken Sankt Georg i Trnov\u00e9 er blandt de sj\u00e6ldne eksempler p\u00e5 kirkeligt tr\u00e6v\u00e6rk fra Karpaterne uden for landets nord\u00f8stlige del; og den tidligere ortodokse synagoge og den nye synagoge \u2013 nu omdannet til et kulturcenter \u2013 vidner om byens engang s\u00e5 levende j\u00f8diske samfund.<\/p>\n<p>\u017dilinas strategiske placering har l\u00e6nge gjort byen til et knudepunkt for landruter: S\u00e5 tidligt som i 1364 bestilte Kong Ludvig 1. en vej, der forbandt Ko\u0161ice med Pova\u017eie, og optegnelser fra 1438 n\u00e6vner den f\u00f8rste bro, der krydser V\u00e1h-floden n\u00e6r Budat\u00edn. I dag gennemsk\u00e6res byen af \u200b\u200btre transnationale motorveje - E 50, E 75 og E 442 - hvis konvergens styres af en ringvej, der omdirigerer tung trafik fra bykernen; motorvej D1 flankerer mod sydvest og str\u00e6kker sig fra Bratislava mod Ko\u0161ice med en tilf\u00f8rsel til Lietask\u00e1 L\u00fa\u010dka, mens D3, der blev f\u00e6rdiggjort i 2017, str\u00e6kker sig mod nordvest mod \u010cadca og Polen, suppleret af byforbindelser til begge hovedmotorveje.<\/p>\n<p>Jernbaneforbindelserne afspejler \u017dilinas vedvarende rolle i kontinental transport, da jernbaneknudepunktet krydser den paneurop\u00e6iske korridor V og underst\u00f8tter eksprestjenester p\u00e5 Bratislava-Ko\u0161ice-aksen, der betjenes af linje 120, 126, 127 og 180. Den n\u00e6rliggende Doln\u00fd Hri\u010dov-flyveplads, der har v\u00e6ret i drift siden 1975 med en 1200 meter lang landingsbane, rummer universitetsuddannelse og privat luftfart, selvom den mangler rutefart.<\/p>\n<p>For den bes\u00f8gende, der ankommer til \u017dilina, udfolder det historiske omr\u00e5de sig lige foran stationen: N\u00e1rodn\u00e1-gaden \u2013 dens prim\u00e6re handelsgade \u2013 f\u00f8rer til Andrej Hlinka-pladsen, hvor de to spir p\u00e5 Helligtrekongerskatedralen og dens klokket\u00e5rn st\u00e5r i et sparsomt relief mod byteatrets balustrade; derfra g\u00e5r man op ad Farsk\u00e9 schody-trappen, g\u00e5r gennem en smal gyde og kommer ud p\u00e5 Mari\u00e1nske n\u00e1mesties arkadepromenade. Denne rute er en perfekt introduktion, hvorefter den frygtl\u00f8se kan bev\u00e6ge sig nordvestp\u00e5 mod krydset mellem JM Hurbana-gaderne og Kuzm\u00e1nyho-gaderne, hvor Rosenfeld-paladset, den nye synagoge og det katolske hus venter p\u00e5 at blive beundret.<\/p>\n<p>Ud over sin middelalderlige og barokke arv kan \u017dilina prale af et betydeligt korpus af funktionalistisk arkitektur, der stammer fra Den F\u00f8rste Tjekkoslovakiske Republik: Peter Behrens&#039; Nye Synagoge er indbegrebet af stilens geometriske strenghed; MM Harmincs lutherske kirke eksemplificerer dens v\u00e6gt p\u00e5 form og materialitet; og togstationen og markedshallen illustrerer yderligere byens tidlige omfavnelse af modernistiske principper i det tyvende \u00e5rhundrede. Sammen understreger disse bygningsv\u00e6rker \u017dilinas mangesidede karakter - et sted, hvor floder m\u00f8des, og historier krydser hinanden, hvor industriel kraft og kulturel arv smelter sammen i et landskab, der p\u00e5 \u00e9n gang er element\u00e6rt og urbant.<\/p>","protected":false},"excerpt":{"rendered":"<p>\u017dilina, en by beliggende i den nordvestlige del af Slovakiet, st\u00e5r som det femte mest folkerige bycentrum i landet med 85.399 indbyggere. Beliggende n\u00e6r den tredobbelte gr\u00e6nse til Tjekkiet og Polen, indtager denne historiske by en strategisk position ved sammenl\u00f8bet af floderne Kisu\u0107a og Raj\u010danka, hvor de slutter sig til V\u00e1h. Byens beliggenhed i et bassin omkranset af de majest\u00e6tiske vestlige Karpater har l\u00e6nge gjort den til et afg\u00f8rende korsvej, der forbinder forskellige regioner i Europa fra oldtiden til i dag.<\/p>","protected":false},"author":1,"featured_media":3578,"parent":13300,"menu_order":0,"comment_status":"closed","ping_status":"closed","template":"elementor_theme","meta":{"_eb_attr":"","footnotes":""},"class_list":["post-13330","page","type-page","status-publish","has-post-thumbnail"],"_links":{"self":[{"href":"https:\/\/travelshelper.com\/da\/wp-json\/wp\/v2\/pages\/13330","targetHints":{"allow":["GET"]}}],"collection":[{"href":"https:\/\/travelshelper.com\/da\/wp-json\/wp\/v2\/pages"}],"about":[{"href":"https:\/\/travelshelper.com\/da\/wp-json\/wp\/v2\/types\/page"}],"author":[{"embeddable":true,"href":"https:\/\/travelshelper.com\/da\/wp-json\/wp\/v2\/users\/1"}],"replies":[{"embeddable":true,"href":"https:\/\/travelshelper.com\/da\/wp-json\/wp\/v2\/comments?post=13330"}],"version-history":[{"count":0,"href":"https:\/\/travelshelper.com\/da\/wp-json\/wp\/v2\/pages\/13330\/revisions"}],"up":[{"embeddable":true,"href":"https:\/\/travelshelper.com\/da\/wp-json\/wp\/v2\/pages\/13300"}],"wp:featuredmedia":[{"embeddable":true,"href":"https:\/\/travelshelper.com\/da\/wp-json\/wp\/v2\/media\/3578"}],"wp:attachment":[{"href":"https:\/\/travelshelper.com\/da\/wp-json\/wp\/v2\/media?parent=13330"}],"curies":[{"name":"wp","href":"https:\/\/api.w.org\/{rel}","templated":true}]}}