{"id":13312,"date":"2024-09-17T16:00:19","date_gmt":"2024-09-17T16:00:19","guid":{"rendered":"https:\/\/travelshelper.com\/staging\/?page_id=13312"},"modified":"2026-03-12T22:34:26","modified_gmt":"2026-03-12T22:34:26","slug":"kosice","status":"publish","type":"page","link":"https:\/\/travelshelper.com\/da\/destinations\/europe\/slovakia\/kosice\/","title":{"rendered":"Kosice"},"content":{"rendered":"<p>Ko\u0161ice er den vigtigste metropol i det \u00f8stlige Slovakiet, beliggende ved bredden af \u200b\u200bfloden Horn\u00e1d ved afgrunden af \u200b\u200bde slovakiske Erzgebirge, blot tyve kilometer fra den ungarske gr\u00e6nse. Med en befolkning p\u00e5 n\u00e6sten 230.000 indbyggere og et areal p\u00e5 cirka 242,77 kvadratkilometer i en h\u00f8jde af 206 meter over havets overflade fungerer Ko\u0161ice som det administrative hjerte i b\u00e5de Ko\u0161ice-regionen og den selvstyrende region Ko\u0161ice og udg\u00f8r en del af den st\u00f8rre bydel Ko\u0161ice-Pre\u0161ov.<\/p>\n<p>Fra starten som den f\u00f8rste europ\u00e6iske bos\u00e6ttelse, der fik sit eget heraldiske v\u00e5ben, har Ko\u0161ice udviklet sig til et centrum for industri, kultur og forskning. Historiske klostre, gotiske spir og facader i art nouveau-stil m\u00f8des langs en enkelt hovedgade, der udfolder sig som en central g\u00e5gade, livliggjort af caf\u00e9er, gallerier og butikker. Sankt Elisabeth-katedralen kroner denne f\u00e6rdsels\u00e5re som Slovakiets st\u00f8rste kirke, et symbol p\u00e5 byens bevarede middelalderlige kerne, som er uovertruffen i sin st\u00f8rrelse blandt slovakiske byer.<\/p>\n<p>Det historiske forl\u00f8b, der formede Ko\u0161ice, begyndte i middelalderen, da byen opstod som et handelscenter ved gr\u00e6nsen til Karpaterne. B\u00f8lger af ungarsk styre satte et uudsletteligt pr\u00e6g p\u00e5 dens statutter og borgerlige identitet, efterfulgt af perioder under Habsburg-kronen og, kortvarigt, osmanniske indtr\u00e6ngen. Hver politisk overgang samlede nye lag af arkitektonisk protektion, fra ren\u00e6ssancepaladser til barokkapeller. I k\u00f8lvandet p\u00e5 F\u00f8rste Verdenskrig omdefinerede opl\u00f8sningen af \u200b\u200bimperiet og dannelsen af \u200b\u200bTjekkoslovakiet Ko\u0161ices demografiske sammens\u00e6tning, da slovakiske bos\u00e6ttere konvergerede med langvarige ungarske og ruthenske samfund. Mellemkrigs\u00e5rene oplevede en oph\u00f8jelse af borgerlige institutioner, mens den industrielle v\u00e6kst efter krigen forankrede byens sk\u00e6bne til h\u00f8jovnene i US Steel Ko\u0161ice.<\/p>\n<p>Geografisk set ligger Ko\u0161ice i et bassin ved den \u00f8stlige ende af de slovakiske Erzgebirge, flankeret mod nordvest af Black Mountain-omr\u00e5det og mod sydvest af Volovec-bjergk\u00e6den. Mod \u00f8st danner de b\u00f8lgende Slansk\u00e9-bakker en gr\u00f8n baggrund. Horn\u00e1d-floden l\u00f8ber langs den nordlige del af det historiske centrum, selvom dens vand l\u00e6nge var begr\u00e6nset til forstadsomr\u00e5der snarere end til bykernen. Forst\u00e6der som Kave\u010dany, Jahodn\u00e1, Bankov og \u010cerme\u013esk\u00e1 dolina str\u00e6kker sig ind i skovkl\u00e6dte skr\u00e5ninger, der giver lokale beboere nem adgang til vandrestier og landlig ro.<\/p>\n<p>Klimaet i Ko\u0161ice f\u00f8lger parametrene for en fugtig kontinental zone, der markerer fire adskilte \u00e5rstider. Somrene er lange og tempererede med gennemsnitlige julitemperaturer p\u00e5 19,3\u00b0C ledsaget af k\u00f8lige n\u00e6tter. Vintrene er langvarige og kolde med gennemsnitlige januartemperaturer p\u00e5 -2,6\u00b0C og punktlige snefald, der kroner de gotiske spir. Nedb\u00f8ren forbliver relativt konstant \u00e5ret rundt og topper i sommerregn og aftager i mere rolig, lettere nedb\u00f8r i vinterm\u00e5nederne.<\/p>\n<p>Byens demografiske tapet er v\u00e6vet af indf\u00f8dte slovakker (som udg\u00f8r omkring 84 procent af befolkningen i folket\u00e6llingen i 2021) sammen med ungarske og roma-minoriteter, der hver repr\u00e6senterer cirka to procent af indbyggerne. Tjekkiske, ruthenske, ukrainske og vietnamesiske samfund supplerer denne mosaik. Halvdelen af \u200b\u200bbefolkningen bekender sig til katolicismen, mens n\u00e6sten tredive procent ikke h\u00e6vder at have nogen religi\u00f8s tilknytning. Med en medianalder p\u00e5 fireogfyrre \u00e5r st\u00e5r Ko\u0161ices borgere p\u00e5 t\u00e6rsklen til tradition og fornyelse.<\/p>\n<p>Ko\u0161ices kulturinstitutioner har l\u00e6nge h\u00e6vdet sin regionale forrang. Statsfilharmonikerne i Ko\u0161ice, der blev indviet i 1968 som Slovakiets andet professionelle symfoniorkester, opretholder en \u00e5rlig kalender med festivaler, herunder Ko\u0161ice Musikfor\u00e5r, den internationale orgelmusikfestival og festivalen for samtidskunst. Statsteatret med tre teatre, der blev etableret i 1945, dyrker drama, opera og ballet, mens Marionetteatret og Old Town Theatre bevarer den intime atmosf\u00e6re af kammermusik. Forskellige ensembler henvender sig til den ungarske og roma-diaspora med henholdsvis teatrene Thalia og Romathan.<\/p>\n<p>Derudover fort\u00e6ller det \u00d8stslovakiske Museum, grundlagt i 1872 som \u00d8vre Ungarns Museum, regional historie gennem ark\u00e6ologi og etnografi, mens det Slovakiske Tekniske Museum med sit planetarium kortl\u00e6gger den videnskabelige og teknologiske arv. Det \u00d8stslovakiske Galleri, indviet i 1951, dokumenterer udviklende str\u00f8mninger inden for billedkunst. Hver institution er en del af en historisk arkitektur, der i sig selv vidner om byens lagdelte fortid.<\/p>\n<p>Tildelingen af \u200b\u200btitlen som Europ\u00e6isk Kulturhovedstad i 2013, delt med Marseille i Frankrig, markerede Ko\u0161ices afg\u00f8rende skift fra tungindustri til kreativ \u00f8konomi. Project Interface, den strategiske vision bag denne udn\u00e6vnelse, omdannede kaserner fra det 19. \u00e5rhundrede til Kas\u00e1rne Kulturpark, inviterede samtidskunst ind i en nedlagt sv\u00f8mmehal fra 1960&#039;erne, nu kendt som Kunsthalle Ko\u0161ice, og omdannede varmevekslere fra den kolde krig til f\u00e6lles opholdssteder p\u00e5 tv\u00e6rs af panel\u00e1k-distrikterne. Parker og promenader i Komensk\u00e9ho- og Moyzesova-gaderne blev revitaliseret, mens middelalderslottet Ko\u0161ice, amfiteatret og Kr\u00e1sna-pal\u00e6et blev omhyggeligt restaureret. Taba\u010dka Kulturfabrik, der blev f\u00f8dt af en tobaksfabrik fra det 19. \u00e5rhundrede, fremstod som et centrum for uafh\u00e6ngig kulturproduktion med gallerier, performancerum og kunstnatelierer, der livede op i murstensgallerierne.<\/p>\n<p>\u00d8konomisk set bidrager Ko\u0161ice med n\u00e6sten ni procent af Slovakiets bruttonationalprodukt. US Steel Ko\u0161ice-v\u00e6rket, med omkring 13.500 ansatte, forankrer byen som den st\u00f8rste private arbejdsgiver og et vigtigt knudepunkt i globale st\u00e5lnetv\u00e6rk. Deutsche Telekom IT Solutions Slovakia, der blev etableret lokalt i 2006, er vokset til det n\u00e6stst\u00f8rste shared servicecenter i landet, blandt Slovakiets f\u00f8rende arbejdsgivere. Detail- og servicesektoren blomstrer omkring knudepunkter som Aupark Shopping Centre, mens planlagte motorvejsudvidelser lover yderligere forbindelser til Pre\u0161ov og den bredere Karpaterregion.<\/p>\n<p>T\u00e6theden af \u200b\u200b\u200b\u200bkulturarvsmonumenter i Ko\u0161ice overstiger m\u00e6ngden i nogen slovakisk kommune. Sankt Michael-kapellet fra det 13. \u00e5rhundrede, Sankt Urban-t\u00e5rnet og det neobarokke statsteater presser sig mod skyggen af \u200b\u200b\u200b\u200bSankt Elizabeth-katedralen, der i sig selv er det \u00f8stligste eksempel p\u00e5 vestlig gotisk kirkearkitektur i Centraleuropa. Rester af middelalderlige bef\u00e6stninger, is\u00e6r B\u00f8ddelens og M\u00f8llebastionerne, fremkalder kampsportslige kapitler om borgerligt forsvar. Religi\u00f8s mangfoldighed lever videre i den gr\u00e6sk-katolske Jomfru Marias f\u00f8dselskirke, mens borgerstoltheden finder udtryk i det restaurerede gamle r\u00e5dhus, den gamle universitetsbygning og Kaptajnens Palads. Befrielsespladsen, indrammet af borgerlige huse, og den kommunale park, der forbinder det historiske centrum med baneg\u00e5rden, tilbyder gr\u00f8nne omr\u00e5der i byen. En zoologisk park mod nordvest i Kave\u010dany udvider byens faciliteter til et naturligt milj\u00f8.<\/p>\n<p>Ko\u0161ices mobilitetsarterier afspejler byens historiske rolle som et knudepunkt. Det kommunale transportselskab, der har v\u00e6ret i drift siden starten med hestevogn i 1891 og elektrificeringen af \u200b\u200bsporvognslinjer i 1914, administrerer nu bus-, sporvogns- og trolleybusruter, der forbinder kerne og periferi. \u017delezni\u010dn\u00e1 stanica Ko\u0161ice fungerer som jernbaneknudepunkt for det \u00f8stlige Slovakiet med bredsporede forbindelser til Ukraine, direkte forbindelser til Prag, Bratislava og Miskolc samt shuttle-tjenester til Humenn\u00e9 og \u010cierna nad Tisou. Motorvej D1 skaber en sydlig korridor til Pre\u0161ov, mens yderligere motorvejsprojekter er p\u00e5 planl\u00e6gningsbordene.<\/p>\n<p>Ko\u0161ice Internationale Lufthavn, der ligger syd for byomr\u00e5det, har ruteflyvninger til London Luton og Stansted, Wien, Warszawa, D\u00fcsseldorf og Prag. Flyselskaber som Czech Airlines, Austrian Airlines, LOT Polish Airlines, Eurowings og Wizz Air forbinder sammen med codeshare-partnere det \u00f8stlige Slovakiet med Vesteuropa, selvom passagerm\u00e6ngderne toppede i 2008, f\u00f8r de gik ind i en periode med tilbagegang.<\/p>\n<p>Midt i sine industrielle horisonter og akademiske citadeller bevarer Ko\u0161ice en atmosf\u00e6re af stille intimitet. Den brede g\u00e5gade Hlavn\u00e1 ulica, engang en middelalderlig skr\u00e5ning formet af \u010cerme\u013esk\u00fd potok, flyder nu uhindret mellem Fredsmaratonpladsen mod nord og Befrierernes Plads mod syd, pr\u00e6get af den syngende font\u00e6ne, et enest\u00e5ende vandv\u00e6rk i Europa. Historiske huse langs dens l\u00e6ngde tilbyder caf\u00e9- og kunstgalleribes\u00f8gende en promenade gennem \u00e5rhundreders arkitektonisk udsmykning.<\/p>\n<p>Bag de brolagte omr\u00e5der lokker de omkringliggende Montes af Black Mountain og Slansk\u00e9 Hills den fastboende vandrer, mens landlige landsbyer i bassinet minder om en landbrugsfortid, der lever videre i familieg\u00e5rde og folkelige traditioner. Byens \u00f8genavn som Fredens By, f\u00f8dt af \u00e5rtusinder med etnisk pluralitet og relativ harmoni, understreger en borgerlig identitet rodf\u00e6stet i tolerance og kulturel symbiose. Bes\u00f8gende, der ankommer til Ko\u0161ice, tr\u00e6der ind i en levet kr\u00f8nike, hvor tidens gang er synlig i forvitret sten og i kadencen af \u200b\u200buniversitetsforel\u00e6sninger, i summen af \u200b\u200bst\u00e5lovne og tonerne fra en filharmonisk ouverture.<\/p>\n<p>I det afm\u00e5lte lys ved daggry, mens t\u00e5gen driver fra Horn\u00e1d, og t\u00e5rnene p\u00e5 Sankt Elisabeth rejser sig mod den skiferbl\u00e5 himmel, afsl\u00f8rer Ko\u0161ice skr\u00f8beligheden af \u200b\u200bmenneskelig pr\u00e6station. Dens hv\u00e6lvede kirkeskibe og stille bastioner vidner om udholdenheden hos samfund, der har udholdt plager, krige og ideologiske omv\u00e6ltninger. Men byen illustrerer ogs\u00e5 potentialet for fornyelse, idet industrielle levn forvandles til smeltedigler for kunstnerisk opfindelse, og mens sporvogne summer mod nye omr\u00e5der med boligv\u00e6kst. Historien om Ko\u0161ice er ikke begr\u00e6nset til dens museers optegnelser; den er dagligt skrevet i de studerendes fodspor, samtalerne i caf\u00e9g\u00e5rde og festivalerne, der animerer dens pladser.<\/p>\n<p>En s\u00e5dan kontinuitet og transformation definerer Ko\u0161ice i det 21. \u00e5rhundrede. Byen st\u00e5r ved som et bevis p\u00e5 den robuste bytradition i \u00d8steuropa, et sted hvor antikken sameksisterer med innovation, hvor ekkoet af gotiske hv\u00e6lvinger svarer til pulsen i et dynamisk postindustrielt samfund. Byen indbyder til eftertanke over det borgerlige livs udholdenhed, et eksempel p\u00e5, hvordan historien kan bevares, selv n\u00e5r nye kapitler skrives p\u00e5 dens gader.<\/p>","protected":false},"excerpt":{"rendered":"<p>Ko\u0161ice, den n\u00e6stst\u00f8rste by i Slovakiet, har en befolkning p\u00e5 omkring 230.000 og fungerer som et betydeligt storbycentrum i den \u00f8stlige region af landet. Ko\u0161ices gunstige beliggenhed n\u00e6r den ungarske gr\u00e6nse langs Horn\u00e1d-floden i den \u00f8stlige udkant af de slovakiske Ertsbjerge har i h\u00f8j grad p\u00e5virket dens enorme historie og mangfoldige kulturelle scene. Den geografiske placering af byen har i h\u00f8j grad p\u00e5virket dens udvikling som et vigtigt \u00f8konomisk og kulturelt knudepunkt for det \u00f8stlige Slovakiet samt tilskyndet til en unik sammensmeltning af elementer fra flere centraleurop\u00e6iske traditioner.<\/p>","protected":false},"author":1,"featured_media":3066,"parent":13300,"menu_order":0,"comment_status":"closed","ping_status":"closed","template":"elementor_theme","meta":{"_eb_attr":"","footnotes":""},"class_list":["post-13312","page","type-page","status-publish","has-post-thumbnail"],"_links":{"self":[{"href":"https:\/\/travelshelper.com\/da\/wp-json\/wp\/v2\/pages\/13312","targetHints":{"allow":["GET"]}}],"collection":[{"href":"https:\/\/travelshelper.com\/da\/wp-json\/wp\/v2\/pages"}],"about":[{"href":"https:\/\/travelshelper.com\/da\/wp-json\/wp\/v2\/types\/page"}],"author":[{"embeddable":true,"href":"https:\/\/travelshelper.com\/da\/wp-json\/wp\/v2\/users\/1"}],"replies":[{"embeddable":true,"href":"https:\/\/travelshelper.com\/da\/wp-json\/wp\/v2\/comments?post=13312"}],"version-history":[{"count":0,"href":"https:\/\/travelshelper.com\/da\/wp-json\/wp\/v2\/pages\/13312\/revisions"}],"up":[{"embeddable":true,"href":"https:\/\/travelshelper.com\/da\/wp-json\/wp\/v2\/pages\/13300"}],"wp:featuredmedia":[{"embeddable":true,"href":"https:\/\/travelshelper.com\/da\/wp-json\/wp\/v2\/media\/3066"}],"wp:attachment":[{"href":"https:\/\/travelshelper.com\/da\/wp-json\/wp\/v2\/media?parent=13312"}],"curies":[{"name":"wp","href":"https:\/\/api.w.org\/{rel}","templated":true}]}}