{"id":13276,"date":"2024-09-17T15:32:27","date_gmt":"2024-09-17T15:32:27","guid":{"rendered":"https:\/\/travelshelper.com\/staging\/?page_id=13276"},"modified":"2026-03-12T23:23:50","modified_gmt":"2026-03-12T23:23:50","slug":"bilbao","status":"publish","type":"page","link":"https:\/\/travelshelper.com\/da\/destinations\/europe\/spain\/bilbao\/","title":{"rendered":"Bilbao"},"content":{"rendered":"<p>Bilbao pr\u00e6senterer sig som den vigtigste bykerne i det nordlige Spaniens Baskerland og omfatter et areal p\u00e5 40,65 kvadratkilometer - hvoraf 17,35 kvadratkilometer udg\u00f8r selve byen, og de resterende 23,30 kvadratkilometer str\u00e6kker sig op i de omkringliggende bjergfolder - beliggende omkring seksten kilometer syd for Biscayabugtens flodmunding. Med en befolkning p\u00e5 over 347.000 i 2023 og en storbyregion p\u00e5 1.037.847 indbyggere er den ikke kun den tiendest\u00f8rste kommune i Spanien, men ogs\u00e5 den mest folkerige by nord for Duero-floden.<\/p>\n<p>Fra sin middelalderlige begyndelse i slutningen af \u200b\u200bdet trettende \u00e5rhundrede under Diego L\u00f3pez V de Haros ledelse \u2013 en afkom af den indflydelsesrige Haro-sl\u00e6gt \u2013 opn\u00e5ede Bilbao hurtigt en fremtr\u00e6dende plads inden for Castiliens krone, og byens havn blomstrede takket v\u00e6re eksport af biscayaansk uld og jernmalm til forskellige europ\u00e6iske markeder. Flodmundingens bugtende l\u00f8b, omgivet af to beskedne bjergk\u00e6der med en gennemsnitlig h\u00f8jde p\u00e5 400 meter, formede b\u00e5de byens fysiognomi og dens maritime virksomhed og sikrede, at dens transport\u00e5rer og skibsv\u00e6rfter ville komme til at underst\u00f8tte regionens \u00f8konomiske nerver.<\/p>\n<p>I takt med at det nittende \u00e5rhundrede begyndte, accelererede Bilbaos succes i takt med den industrielle revolution, hvilket gjorde den til den n\u00e6stmest industrialiserede zone i Spanien efter Stor-Barcelona. En sammenl\u00f8b af jernminedrift, siderurgiske smedjer og skibsv\u00e6rfter medf\u00f8rte en demografisk stigning, der tvang til administrativ inkorporering af tilst\u00f8dende landsbyer - blandt andet Derio, Etxebarri og Galdakao - og dermed udvidede det urbane fodaftryk og fort\u00e6ttede dens menneskelige tapet. I begyndelsen af \u200b\u200bdet tyvende \u00e5rhundrede var metropolen blevet synonym med tungindustri, og dens skorstene og t\u00f8rdokke var symbolske for en nations s\u00f8gen efter modernitet.<\/p>\n<p>Den postindustrielle epoke oplevede imidlertid en bevidst gent\u00e6nkning af Bilbaos identitet. Indvielsen af \u200b\u200bGuggenheim Museum Bilbao i oktober 1997 - et bugtet, titaniumbekl\u00e6dt monument over samtidskunst udt\u00e6nkt af Frank Gehry - tjente som et katalytisk symbol p\u00e5 byfornyelse. Dette kulturelle fyrt\u00e5rn, rejst p\u00e5 de tidligere havne og pakhuse i Arenal-distriktet, indviede en kaskade af infrastrukturinvesteringer: en redesignet lufthavnsterminal af Santiago Calatrava; et metronetv\u00e6rk i Bilbao, der er kendetegnet ved Norman Fosters glas-&#034;fosteritos&#034;; genindf\u00f8relsen af \u200b\u200bsporvognen langs flodmundingen; og omdannelsen af \u200b\u200bet vinlager fra 1909 til det tv\u00e6rfaglige Azkuna Zentroa af Philippe Starck. Desuden er Abandoibarra- og Zorrozaurre-sektorerne fortsat under fasevis ombygning - en med Arata Isozaki-t\u00e5rnkomplekset, Euskalduna Konferencecenter og Koncertsal og Iberdrola-t\u00e5rnet af C\u00e9sar Pelli; den anden var klar til at opst\u00e5 fra en Zaha Hadid-udt\u00e6nkt masterplan som en \u00f8 med blandet bolig- og erhvervsm\u00e6ssig anvendelse forankret af BBK&#039;s hovedkvarter.<\/p>\n<p>Bilbaos geografiske placering p\u00e5 den baskiske t\u00e6rskel \u2013 et strukturelt h\u00e6ngsel mellem de kantabriske bjerge og Pyren\u00e6erne \u2013 giver byen en jordstratigrafi af mesozoiske sedimenter, der ligger oven p\u00e5 et pal\u00e6ozoisk substrat, og et relief, der er karakteriseret ved en hovedantiklinal, der str\u00e6kker sig fra Elorrio til Galdames. Inden for bygr\u00e6nsen deler sekund\u00e6re folder terr\u00e6net i to bjergrige ensembler: mod nord\u00f8st, Mount Artxanda, Avril, Banderas, Pikota, San Bernab\u00e9 og Cabras; mod syd, Kobetas, Restaleku, Pagasarri og Arraiz, hvor sidstn\u00e6vnte par stiger til h\u00f8jder p\u00e5 henholdsvis 673 og 689 meter ved Pagasarri og Ganeta. Klimatisk set d\u00e6mper Biscayabugtens lavtrykssystemer s\u00e6sonbestemte ekstremer, hvilket giver hyppig nedb\u00f8r (regnvejrsdage tegner sig for 45 procent af den \u00e5rlige total og overskyede dage for 40 procent), sparsom sommert\u00f8rhed, der er utilstr\u00e6kkelig til at omklassificere regimet som middelhavsagtigt, og termiske svingninger, der er d\u00e6mpede i l\u00f8bet af \u00e5ret - gennemsnitlige maksima overstiger sj\u00e6ldent 26 \u00b0C i juli og gennemsnitlige minima, der sj\u00e6ldent falder til under 6 \u00b0C i januar.<\/p>\n<p>Demografisk set d\u00e6kker Bilbaos befolkning p\u00e5 342.397 i 2017 et areal p\u00e5 40,59 km\u00b2. Storbyomr\u00e5det, der repr\u00e6senterer n\u00e6sten 47 procent af den baskiske selvstyrende regions samlede befolkning, bidrager v\u00e6sentligt til et regionalt BNP pr. indbygger p\u00e5 \u20ac30.860 - hvilket overstiger nationale og EU-medianer - og et nominelt storby-BNP p\u00e5 36,9 milliarder dollars. Byens handelsarv stammer fra etableringen af \u200b\u200bHavkonsulatet i det 16. \u00e5rhundrede, hvorigennem castilianske varer blev transporteret via havnen. Alligevel var det udnyttelsen af \u200b\u200bn\u00e6rliggende jernforekomster i det 19. \u00e5rhundrede, der fremmede den maritime gennemstr\u00f8mning og udvidelsen af \u200b\u200bskibsv\u00e6rfter, hvilket kulminerede i en skibsbygningsindustri af fremtr\u00e6dende status. Den oprindelige havn, der engang l\u00e5 ved siden af \u200b\u200bden gamle bydels Arenal-kvarter, blev afst\u00e5et til en ydre havn i Santurtzi i 1902. Efterf\u00f8lgende udvidelser, samlet kendt som &#034;superhavnen&#034;, f\u00f8rte til flytning af centrale dokker i 1970&#039;erne, bortset fra resterende faciliteter i Zorroza. I dag er Bilbao blandt Spaniens fem st\u00f8rste kommercielle havne og tilbyder over to hundrede rutefart til fem hundrede destinationer verden over og h\u00e5ndterede op mod 31 millioner tons gods i 2009 - prim\u00e6rt bestemt til Rusland, Storbritannien, Holland og de nordiske markeder - og opretholder n\u00e6sten ti tusind menneskers levebr\u00f8d, samtidig med at det bidrager med 419 millioner euro til det baskiske BNP.<\/p>\n<p>Turismen, der oprindeligt blev antydet af jernbaneforbindelsen fra 1872 til Getxos Las Arenas-strand, fik f\u00f8rst reel momentum med Guggenheims ankomst. Bes\u00f8gstallene steg eksponentielt fra blot 25.000 i 1995 til over 932.000 i 2018, hvilket placerede Bilbao som Baskerlandets f\u00f8rende destination - og overgik San Sebasti\u00e1n - og tegnede sig for 31 procent af den regionale turistbesk\u00e6ftigelse. Indenlandske rejsende dominerer, prim\u00e6rt fra Madrid og Catalonien, mens internationale bes\u00f8g hovedsageligt best\u00e5r af franske g\u00e6ster og i mindre grad britiske, tyske og italienske udl\u00e6ndinge. De \u00e5rlige turismeindt\u00e6gter ligger p\u00e5 omkring 300 millioner euro, suppleret af en robust konferencevirksomhed forankret af Euskalduna Centre og Bilbao Exhibition Centre i Barakaldo.<\/p>\n<p>Bilbaos bystruktur afsl\u00f8rer et palimpsest af arkitektoniske epoker: gotiske levn i den gamle bydel, St. James&#039; katedral og San Ant\u00f3n-kirken; neogotiske og art deco-opblomstringer; modernistiske art nouveau-linjer; og de karakteristiske moderne indgreb fra Gehry, Foster, Starck, Isozaki, Pelli og Hadid. Sytten broer krydser Nervi\u00f3n-flodmundingen inden for kommunale gr\u00e6nser, der hver is\u00e6r repr\u00e6senterer forskellige ingeni\u00f8rfort\u00e6llinger: den Calatrava-designede Zubizuri (den &#034;hvide bro&#034;, \u00e5bnet i 1997); Princes of Spain-broen (&#034;La Salve&#034;, 1972, senere gent\u00e6nkt af Daniel Buren); klapbroen Deusto (1936), modelleret efter Chicagos Michigan Avenue Bridge; og verdens f\u00f8rste transportbro ved Portugalete (1890-93), f\u00f8dt af Alberto Palacios opfindsomhed.<\/p>\n<p>Gr\u00f8nne omr\u00e5der udg\u00f8r et markant modstykke til byens industrielle rester: atten kommunale parker, der d\u00e6kker 200 hektar, suppleret af et 1.025 hektar stort gr\u00f8nt b\u00e6lte, hvoraf 119 hektar er urbaniseret. Do\u00f1a Casilda Iturrizar Park - en have i engelsk stil p\u00e5 8,5 hektar designet af Ricardo Bastida og afsl\u00f8ret i 1907 - har en dansende vandfont\u00e6ne og en akvatisk fuglefauna, der har testamenteret dens lokale kaldenavn &#034;\u00c6ndernes Park&#034;, mens Ibaiondos Etxeberria Park ligger over et tidligere st\u00e5lv\u00e6rk og bevarer sin skorsten som en hyldest til Bilbaos metallurgiske fortid. Perifere \u00e5bne omr\u00e5der som Monte Cobetas (18,5 ha), Larreagaburu (12 ha), Europa Park, Miribilla Park og den tre kilometer lange Memorial Walkway - en promenade langs flodmundingen oplyst af tolv meter h\u00f8je lamper - forst\u00e6rker byens engagement i tilg\u00e6ngelig rekreation. Kabelbanen Mount Artxanda f\u00f8rer bes\u00f8gende til panoramaudsigter og fritidsfaciliteter; mod syd tiltr\u00e6kker Pagasarri, der er fredet siden 2007, vandrere, der f\u00f8lger dens skr\u00e5ninger, som de har gjort siden 1870&#039;erne.<\/p>\n<p>Kulturelt set vidner Bilbaos udn\u00e6vnelse som UNESCO &#034;Designby&#034; i 2014 og optagelsen i Creative Cities Network om byens fusion af tradition og innovation. Gastronomien er centreret omkring flodmundingens overflod - \u00e5l, torsk, kulmule, bl\u00e6ksprutte og oksetryner - omarbejdet i signaturretter som bacalao al pil-pil, bacalao a la vizca\u00edna, merluza en salsa verde og chipirones en su tinta; s\u00f8de finaler inkluderer canutillos de Bilbao, Pantxineta og riskager. Det selskabelige ritual med pintxos - sm\u00e5 tandstikker-sammens\u00e6tninger oven p\u00e5 br\u00f8dskiver - er hjertet i den baskiske selskabelighed, ledsaget af rabas, spansk tortilla, fyldte svampe (txampis), tri\u00e1ngulos og gildas.<\/p>\n<p>Transport\u00e5rer udg\u00e5r fra Bilbaos bykerne, startende med Gran V\u00eda de Don Diego L\u00f3pez de Haro, som deler Abandos finanskvarter og forbinder Casco Viejo med San Mam\u00e9s; Sabino Arana og Juan Antonio Zunzunegui Avenue kanaliserer trafikken mod perifere motorveje; Autonom\u00eda Street l\u00f8ber \u00f8st-vest gennem de sydlige distrikter; og fjorten broer fletter flodmundingen og Kadagua-flodens l\u00f8b sammen. Vejnetv\u00e6rk forbinder byen med den Iberiske Halv\u00f8 og videre: motorvej A-8 (kyst E70) til Santander, Gij\u00f3n og Bordeaux; betalingsvej AP-8 \u00f8stp\u00e5 til San Sebasti\u00e1n og den franske gr\u00e6nse; AP-68 (E804) til Vitoria-Gasteiz, Logro\u00f1o og Zaragoza; tilst\u00f8dende f\u00e6rdsels\u00e5rer som N-634, BI-631, BI-626, BI-625 og N-637 fuldender det jordiske gitter.<\/p>\n<p>Bilbao Lufthavn (BIO), der blev indviet i 1948 og gent\u00e6nkt af Calatrava i 2000, fungerer som den nordlige kysts prim\u00e6re lufthavn for luftfart og h\u00e5ndterede over 5,4 millioner passagerer i 2018 fordelt p\u00e5 tyve flyselskaber - heriblandt Iberia, Lufthansa, TAP Portugal - og har forbindelser til London, Frankfurt, M\u00fcnchen, Madrid, Barcelona, \u200b\u200bM\u00e1laga, Paris, Bruxelles og Amsterdam. En langvarig udvidelsesplan, udt\u00e6nkt i 2009 for at fordoble kapaciteten, afventede \u00f8konomisk genopretning, f\u00f8r der blev taget f\u00f8rste spadestik, mens lavprisoperat\u00f8rer som Ryanair er afh\u00e6ngige af Vitoria Lufthavn, der ligger 59 kilometer sydp\u00e5.<\/p>\n<p>Jernbanenetv\u00e6rk deler sig mellem Adif-drevne Renfe-linjer \u2013 centreret omkring Bilbao-Abando, med langdistanceforbindelser mellem Alvia og Intercity til Madrid, Barcelona og Vigo, og fem smalsporede forbindelser fra Bilbao-Concordia \u2013 og baskisk-ejede Euskotren-ruter fra Bilbao-Atxuri og Zazpikaleak\/Casco Viejo, der betjener Durango, Eibar, San Sebasti\u00e1n og Bermeo. Den kommende baskiske Y-h\u00f8jhastighedskorridor, der efter planen skal v\u00e6re f\u00e6rdig efter 2023, vil erstatte den nuv\u00e6rende infrastruktur med en underjordisk forbindelse. Metrolinje 1 og 2, der blev indviet i 1995, f\u00f8lger flodmundingen og str\u00e6kker sig fra Etxebarri til Plentzia og Santurtzi; linje 3, der har v\u00e6ret under Euskotren siden april 2017, forudser en udvidelse af lufthavnen; linje 4 og 5 er fortsat under unders\u00f8gelse. Sporvognen, der blev genoplivet i 2002 efter fire \u00e5rtier, f\u00f8lger flodmundingen, mens fire Cercan\u00edas-linjer og en Renfe-pendlerbane yderligere integrerer storbykommuner. Bilbobus- og Bizkaibus-fl\u00e5der d\u00e6kker b\u00e5de bym\u00e6ssige og regionale busser \u2013 28 byruter, otte mikrobusser og otte natlige Gautxori-linjer, suppleret af over hundrede interurbane afgange \u2013 hvilket sikrer, at selv de mest afsidesliggende dale opretholder daglige forbindelser til Bilbaos hjerte.<\/p>\n<p>En Brittany Ferries-rute fra Santurtzi til Portsmouth og MV Cap Finist\u00e8res Bilbao-Departures vidner om byens vedvarende maritime forbindelser, selv da historiske f\u00e6rger som P&amp;O&#039;s Pride of Bilbao blev udfaset i 2010. Inden for denne bev\u00e6gelsesmatrix bruger den gennemsnitlige Bilbao-pendler 35 minutter p\u00e5 offentlig transport dagligt, en syv minutters ventetid ved stoppesteder og en gennemsnitlig rejsel\u00e6ngde p\u00e5 6,9 kilometer - statistikker, der understreger b\u00e5de netv\u00e6rkets effektivitet og byens kompakthed.<\/p>\n<p>Athletic Club Bilbao, med sin \u00e5rhundredelange tradition for udelukkende at stille med baskiske spillere, repr\u00e6senterer regional identitet og nationalistiske f\u00f8lelser; en af \u200b\u200bSpaniens mest succesrige fodboldinstitutioner, den ligger p\u00e5 San Mam\u00e9s Stadium - fodboldens &#034;katedral&#034; - hvor gl\u00f8d og arv forenes.<\/p>\n<p>Bilbaos urbane metamorfose har h\u00f8stet international anerkendelse: Lee Kuan Yew World City Prize i maj 2010 (uddelt i juni 2010), World Mayor Prize i 2012, der blev tildelt borgmester I\u00f1aki Azkuna i januar 2013, og udn\u00e6vnelsen til Bedste Europ\u00e6iske By 2018 af The Academy of Urbanism i november 2017. Disse h\u00e6dersbevisninger understreger en fort\u00e6lling om modstandsdygtighed og fornyelse, der fortsat animerer Bilbaos gader, dens kulturelle steder, dens bredder af Nervi\u00f3n og dens borgeres hverdag \u2013 hver is\u00e6r et vidnesbyrd om en by, der l\u00e6nge har v\u00e6ret smedet i jern og industri, nu rejser sig p\u00e5 de to s\u00f8jler af kreativitet og byforvaltning.<\/p>","protected":false},"excerpt":{"rendered":"<p>Bilbao, den st\u00f8rste by i Biscayen og Baskerlandet, fungerer som et betydeligt bycentrum i det nordlige Spanien. Byen er den niende st\u00f8rste i Spanien og den mest folkerige i den nordlige del; fra 2023 er dens befolkning over 347.000. Med 1.037.847 mennesker er hovedstadsregionen Bilbao den st\u00f8rste bykoncentration i det nordlige Spanien. Comarcaen i Greater Bilbao omfatter 875.552 mennesker og rangerer p\u00e5 en femteplads blandt byomr\u00e5der i landet. Bilbao fungerer som hovedbycentret i den baskiske region og har stor indflydelse uden for sine umiddelbare omgivelser.<\/p>","protected":false},"author":1,"featured_media":2844,"parent":13090,"menu_order":0,"comment_status":"closed","ping_status":"closed","template":"elementor_theme","meta":{"_eb_attr":"","footnotes":""},"class_list":["post-13276","page","type-page","status-publish","has-post-thumbnail"],"_links":{"self":[{"href":"https:\/\/travelshelper.com\/da\/wp-json\/wp\/v2\/pages\/13276","targetHints":{"allow":["GET"]}}],"collection":[{"href":"https:\/\/travelshelper.com\/da\/wp-json\/wp\/v2\/pages"}],"about":[{"href":"https:\/\/travelshelper.com\/da\/wp-json\/wp\/v2\/types\/page"}],"author":[{"embeddable":true,"href":"https:\/\/travelshelper.com\/da\/wp-json\/wp\/v2\/users\/1"}],"replies":[{"embeddable":true,"href":"https:\/\/travelshelper.com\/da\/wp-json\/wp\/v2\/comments?post=13276"}],"version-history":[{"count":0,"href":"https:\/\/travelshelper.com\/da\/wp-json\/wp\/v2\/pages\/13276\/revisions"}],"up":[{"embeddable":true,"href":"https:\/\/travelshelper.com\/da\/wp-json\/wp\/v2\/pages\/13090"}],"wp:featuredmedia":[{"embeddable":true,"href":"https:\/\/travelshelper.com\/da\/wp-json\/wp\/v2\/media\/2844"}],"wp:attachment":[{"href":"https:\/\/travelshelper.com\/da\/wp-json\/wp\/v2\/media?parent=13276"}],"curies":[{"name":"wp","href":"https:\/\/api.w.org\/{rel}","templated":true}]}}