{"id":13266,"date":"2024-09-17T15:24:30","date_gmt":"2024-09-17T15:24:30","guid":{"rendered":"https:\/\/travelshelper.com\/staging\/?page_id=13266"},"modified":"2026-03-12T23:23:08","modified_gmt":"2026-03-12T23:23:08","slug":"cordoba","status":"publish","type":"page","link":"https:\/\/travelshelper.com\/da\/destinations\/europe\/spain\/cordoba\/","title":{"rendered":"C\u00f3rdoba"},"content":{"rendered":"<p>C\u00f3rdoba, den tredjemest folkerige kommune i Andalusien, d\u00e6kker et areal p\u00e5 1.254,25 km\u00b2 p\u00e5 h\u00f8jre bred af Guadalquivir i den sydlige del af den Iberiske Halv\u00f8. Byen blev grundlagt som en romersk colonia i begyndelsen af \u200b\u200bdet f\u00f8rste \u00e5rhundrede f.Kr. og b\u00e6rer pr\u00e6g af det visigotiske hegemoni og derefter - begyndende i det ottende \u00e5rhundrede - af det umayyadiske emirat og kalifat, som forvandlede den til et fremtr\u00e6dende centrum for l\u00e6rdom og regeringsf\u00f8relse i hele Andalusien. Med en gennemsnitlig sommertemperatur p\u00e5 37 \u00b0C definerer ekstrem termisk kraft dens klima; alligevel opretholder de milde vintre, afbrudt af vinterstorme fra Atlanterhavet, en gr\u00f8n mosaik langs floden og den omkringliggende Campi\u00f1a, Sierras bratte skr\u00e6nter og de blide b\u00f8lger p\u00e5 dens flodterrasser.<\/p>\n<p>C\u00f3rdobas tidligste levn fremg\u00e5r af den romerske bro, der blev bestilt under Augustus og fornyet i det ottende \u00e5rhundrede, et 250 meter langt sp\u00e6nd med seksten buer, der i to \u00e5rtusinder forblev byens eneste overgang. I n\u00e6rheden ligger mausoleet p\u00e5 Paseo de la Victoria, Teatro Romano og resterne af Forum Adiectum og Maximians palads - tavse vidnesbyrd om kejserlig ambition. Det visigotiske styre efterlod f\u00e6rre h\u00e5ndgribelige levn, men overgangen til islamisk suver\u00e6nitet i 711 e.Kr. indviede et arkitektonisk v\u00e6rk, der er uforligneligt i Vesten. Mellem 784 og 786 e.Kr. lagde Abd al-Rahman I grunden til den store mosk\u00e9, som gennem successive umayyadisk-udvidelser - inklusive en udvidelse i det tiende \u00e5rhundrede, der introducerede den ber\u00f8mte mihrab og en udsmykket bedesal - i \u00e5rhundreder blev den tredjest\u00f8rste mosk\u00e9 globalt. Hesteskobuerne og de sammenflettede arkader, gennemsyret af romerske og visigotiske forg\u00e6ngere, st\u00f8tter nu katedralens hv\u00e6lvede skib, en palimpsest indviet i det sekstende \u00e5rhundrede, men som bevarer den enorme hypostylehal, der blev anerkendt som UNESCOs verdensarvssted i 1984.<\/p>\n<p>Bag mezquitaen udfolder C\u00f3rdobas islamiske arv sig i den slanke minaret i San Juan \u2013 dens dobbelte hesteskobuede vinduer markerer stedet for en forsvunden mosk\u00e9 \u2013 samt langs flodbredderne, hvor vandm\u00f8ller som Albolafia og Lope Garc\u00eda sporer den hydrauliske opfindsomhed fra successive epoker. Det bef\u00e6stede Calahorra-t\u00e5rn, der tilskrives almohaderne, indrammer den sydlige ende af den romerske bro og huser nu Museo Vivo de Al-Andalus, et arkiv for kulturel erindring. Ved siden af \u200b\u200bAlc\u00e1zar de los Reyes Cristianos, der i sig selv var et centrum for inkvisitionen og tidligere kongelig residens, ligger Caliphal-badene, et delvist rekonstrueret hammam, hvis bade fra det tiende \u00e5rhundrede nu formidler den rituelle pr\u00e6cision i det islamiske dagligliv.<\/p>\n<p>I byens periferi rejser Madinat al-Zahra sig fra det lave krat \u2013 dens paladsby, der blev grundlagt i det tiende \u00e5rhundrede og udgravet siden 1911 \u2013 og som udstr\u00e5ler kalifalhoffets politiske og \u00e6stetiske ambitioner. Inde i det historiske centrum l\u00f8ber smalle gader sammen til Juder\u00eda, det tidligere j\u00f8diske kvarter, hvis uregelm\u00e6ssige plan huser synagogen fra 1315 og Casa de Sefarad, scener for den komplekse sameksistens af trosretninger indtil Reconquista i det trettende \u00e5rhundrede. Efter Kong Ferdinand III&#039;s erobring i 1236 blev C\u00f3rdoba absorberet i Castiliens krone som overhoved for sit navngivne kongerige, og de tolv kirker, der blev bestilt i de generobrede barrios \u2013 blandt dem Santa Marina de Aguas Santas, San Nicol\u00e1s de la Villa og San Miguel \u2013 tjente b\u00e5de kirkelige og kommunale funktioner, hvis facader kombinerede romanske, mud\u00e9jar- og gotiske motiver.<\/p>\n<p>Det kristne pr\u00e6g manifesterer sig ogs\u00e5 i de romerske mures bevarede porte: Puerta de Almod\u00f3var, Puerta de Sevilla og Puerta del Puente, flankeret af Torre de la Malmuerta og Torre de Bel\u00e9n. I den sydlige del af den gamle bydel bevarer Plaza del Potro Posada del Potro - ud\u00f8deliggjort i Cervantes&#039; Don Quixote - mens Arco del Portillo buer over en portal fra det 14. \u00e5rhundrede. Alc\u00e1zars haver, de kongelige stalde, der avler andalusiske hopper, og de paladsagtige residenser Viana og Merced minder om C\u00f3rdobas aristokratiske pragt, mens mindre kendte hovedgader som Cuesta del Bail\u00edo giver et glimt af byens vertikale lagdeling.<\/p>\n<p>Skulpturelle mindesm\u00e6rker pryder offentlige rum: Ti triumfer af Sankt Rafael markerer den himmelske beskytters tilstedev\u00e6relse p\u00e5 broer og pladser; p\u00e5 Plaza de las Tendillas st\u00e5r rytterfiguren Gonzalo Fern\u00e1ndez de C\u00f3rdoba; n\u00e6r Puerta de la Luna og Puerta de Almod\u00f3var vidner statuer af Averroes og Seneca om byens intellektuelle afstamning; og i Alc\u00e1zar-haverne hylder monumenter de katolske monarker og Columbus. Langs Guadalquivirs l\u00f8b legemligg\u00f8r Skulpturernes \u00d8 og &#034;Hombre R\u00edo&#034; en moderne dialog mellem kunst og vand, der subtilt skifter orientering med str\u00f8mmen.<\/p>\n<p>C\u00f3rdobas broer vidner desuden om moderne ingeni\u00f8rkunst: San Rafael-broen, der blev indviet den 29. april 1953, str\u00e6kker sig 217 meter i otte 25 meter lange buer; den oph\u00e6ngte Andalusia-bro og den rustfarvede Puente de Miraflores (2003) fordeler trafik for b\u00e5de biler og fodg\u00e6ngere; Autov\u00eda del Sur-broen og Abbas Ibn Firnas-broen \u2013 der blev \u00e5bnet i januar 2011 som en del af den vestlige omfartsvej \u2013 forst\u00e6rker forbindelsen; og Puente del Arenal forbinder Campo de la Verdad med Recinto Ferial.<\/p>\n<p>Byens gr\u00f8nne omr\u00e5der artikulerer dialogen mellem bygningsform og natur: Jardines de la Victoria st\u00f8der op til modernistiske springvand og Duque de Rivas&#039; pergola; Jardines de la Agricultura samles omkring andedammen og en kunstf\u00e6rdigt anlagt rosenhave, p\u00e5 trods af frav\u00e6ret af t\u00e6tte formklippede labyrinter; Parque de Miraflores str\u00e6kker sig i terrasser mod Salam- og Miraflores-broerne; Parque Cruz Conde udfolder sig som en \u00e5ben, barrierefri flade i engelsk haveform; Paseo de C\u00f3rdoba, der er anlagt over nedgravede jernbaneskinner, str\u00e6kker sig gennem springvand - nogle der kaskaderer over flerlagsbassiner - og omfatter den tidligere RENFE-station; Jardines Juan Carlos I og Jardines del Conde de Vallellano omgiver damme, ark\u00e6ologiske levn og romerske cisterner; Parque de la Asomadilla, med sine 27 hektar, er Andalusiens n\u00e6stst\u00f8rste bypark; og Sotos de la Albolafia, et naturmonument p\u00e5 21,36 hektar, huser vandrende fuglefauna langs floden.<\/p>\n<p>Blandt C\u00f3rdobas museer sporer det ark\u00e6ologiske og etnologiske museum \u2013 der har v\u00e6ret indrettet siden 1960 i ren\u00e6ssancepaladset P\u00e1ez de Castillo \u2013 menneskelig tilstedev\u00e6relse fra bronzealderen til islamisk kultur; Julio Romero de Torres-museet bevarer malerens v\u00e6rker i hans residens ved flodbredden; Kunstmuseet, der engang var velg\u00f8renhedshospitalet, pr\u00e6senterer v\u00e6rker fra barokken til moderne tid; stiftsmuseet, der er installeret i det episkopale palads (selve oven p\u00e5 en umayyadisk alc\u00e1zar), udstiller kirkelig kunst og m\u00f8bler; og kalifalbadekomplekset tilbyder ark\u00e6ologisk fordybelse i det tiende \u00e5rhundredes baderitualer.<\/p>\n<p>Kulturelle rytmer topper i maj, hvor C\u00f3rdoba er v\u00e6rt for tre p\u00e5 hinanden f\u00f8lgende festivaler, der animerer pladser og terrasser med flora og musik: Las Cruces de Mayo, hvor tre meter h\u00f8je kors, pyntet med blomster, danner omdrejningspunkt for blomsterkonkurrencer og hyggelige sammenkomster; Los Patios de C\u00f3rdoba, hvor private g\u00e5rdhaver er \u00e5bne for offentligheden, bed\u00f8mt ud fra arkitektonisk v\u00e6rdi og havebrugskunst (en betegnelse, der er opf\u00f8rt p\u00e5 UNESCOs immaterielle kulturarv); og La Feria de C\u00f3rdoba, en markedsdag, der minder om sin sevillanske modpart, men som overvejende er kendetegnet ved offentlige casetas. Udbuddet af indkvartering falder dramatisk, hvilket afspejler intensiteten af \u200b\u200bpilgrimsf\u00e6rd - b\u00e5de sekul\u00e6re og akademiske - til denne kulturarvsrige by.<\/p>\n<p>Moderne transportinfrastruktur sikrer, at C\u00f3rdoba forbliver et centralt knudepunkt: h\u00f8jhastighedstoget AVE forbinder den med Madrid, Barcelona, \u200b\u200bSevilla, M\u00e1laga og Zaragoza; C\u00f3rdoba-stationen har over tyve daglige afgange til M\u00e1laga Mar\u00eda Zambrano p\u00e5 54 minutter, hvilket letter videre rejser langs Costa del Sol; selvom byens egen lufthavn ikke har kommercielle flyvninger, ligger den inden for r\u00e6kkevidde - 110 km til Sevilla, 118 km til Granada og 136 km til M\u00e1lagas lufthavne; motorvejene A-45 og A-4 forbinder C\u00f3rdoba med andalusiske og portugisiske netv\u00e6rk; og den tilst\u00f8dende intercity-busterminal udvider r\u00e6kkevidden af \u200b\u200bmindre hurtige, men mere \u00f8konomiske forbindelser p\u00e5 tv\u00e6rs af halv\u00f8en.<\/p>\n<p>C\u00f3rdoba best\u00e5r som en flerlags kr\u00f8nike \u2013 dens romerske gitter gennemsyret af visigotiske rester, overlejret af umayyadisk arkitektonisk dristighed og brudt gennem castilianske og moderne rammer. Byens termiske ekstremer, formet af dens placering i Guadalquivir-s\u00e6nkningen og dens n\u00e6rhed til Sierra Morena og det penibaetiske system, st\u00e5r i kontrast til flodens vedvarende str\u00f8m og den kultiverede ro i dens haver. Fra den store mosk\u00e9s s\u00f8jlegange til de spredte statuer af digtere, filosoffer og helgener; fra freskomalerede paladser til den \u00e5bne kadence af dens callejas; fra de solbr\u00e6ndte terrasser i maj til flodens k\u00f8lende brise, forbliver C\u00f3rdoba p\u00e5 \u00e9n gang et vidnesbyrd om middelhavscivilisationens lange levetid og et levende vidnesbyrd om kontinuerlig kulturel syntese. Dens historie \u2013 rodf\u00e6stet i antikken, omformet under kaliffer og kristne monarker og genoplivet i nutiden \u2013 st\u00e5r som en vedvarende invitation til videnskabelig observation og subtil undren.<\/p>","protected":false},"excerpt":{"rendered":"<p>C\u00f3rdoba, en by rig p\u00e5 historisk og kulturel betydning, ligger i den centrale region Andalusien, Spanien. Med en befolkning p\u00e5 omkring 325.000 er den tredje mest befolkede kommune i det andalusiske omr\u00e5de hjemsted for den samme navngivne provins. Oprindeligt for det meste p\u00e5 h\u00f8jre bred af Guadalquivir-floden i det sydlige Iberia, har denne historiske by oplevet mange civilisationers stigning og fald, som hver is\u00e6r har haft stor indflydelse p\u00e5 dets milj\u00f8 og karakter.<\/p>","protected":false},"author":1,"featured_media":3242,"parent":13090,"menu_order":0,"comment_status":"closed","ping_status":"closed","template":"elementor_theme","meta":{"_eb_attr":"","footnotes":""},"class_list":["post-13266","page","type-page","status-publish","has-post-thumbnail"],"_links":{"self":[{"href":"https:\/\/travelshelper.com\/da\/wp-json\/wp\/v2\/pages\/13266","targetHints":{"allow":["GET"]}}],"collection":[{"href":"https:\/\/travelshelper.com\/da\/wp-json\/wp\/v2\/pages"}],"about":[{"href":"https:\/\/travelshelper.com\/da\/wp-json\/wp\/v2\/types\/page"}],"author":[{"embeddable":true,"href":"https:\/\/travelshelper.com\/da\/wp-json\/wp\/v2\/users\/1"}],"replies":[{"embeddable":true,"href":"https:\/\/travelshelper.com\/da\/wp-json\/wp\/v2\/comments?post=13266"}],"version-history":[{"count":0,"href":"https:\/\/travelshelper.com\/da\/wp-json\/wp\/v2\/pages\/13266\/revisions"}],"up":[{"embeddable":true,"href":"https:\/\/travelshelper.com\/da\/wp-json\/wp\/v2\/pages\/13090"}],"wp:featuredmedia":[{"embeddable":true,"href":"https:\/\/travelshelper.com\/da\/wp-json\/wp\/v2\/media\/3242"}],"wp:attachment":[{"href":"https:\/\/travelshelper.com\/da\/wp-json\/wp\/v2\/media?parent=13266"}],"curies":[{"name":"wp","href":"https:\/\/api.w.org\/{rel}","templated":true}]}}