{"id":13171,"date":"2024-09-17T13:46:53","date_gmt":"2024-09-17T13:46:53","guid":{"rendered":"https:\/\/travelshelper.com\/staging\/?page_id=13171"},"modified":"2026-03-12T23:42:33","modified_gmt":"2026-03-12T23:42:33","slug":"san-sebastian","status":"publish","type":"page","link":"https:\/\/travelshelper.com\/da\/destinations\/europe\/spain\/san-sebastian\/","title":{"rendered":"San Sebasti\u00e1n"},"content":{"rendered":"<p>Donostia \/ San Sebasti\u00e1n pr\u00e6senterer sig selv som b\u00e5de en maritim port og en bastion for baskisk arv: Beliggende p\u00e5 den syd\u00f8stlige bred af Biscayabugten, knap tyve kilometer fra den fransk-spanske gr\u00e6nse, har denne provinshovedstad i Gipuzkoa et urbant fodaftryk formet af flodbredsgenopretning af v\u00e5domr\u00e5der og kystterrasser. Dens beboersamfund talte 188.102 sj\u00e6le i 2021, mens den bredere storbyomr\u00e5de n\u00e5ede 436.500 i 2010. Her taler selvbetegnelsen donostiarra - uanset om det tales p\u00e5 Euskara eller spansk - til en \u00e5rhundredgammel folkelig identitet, der er sammenflettet med byens rolle inden for det transnationale Eurocity-netv\u00e6rk Bayonne-San Sebasti\u00e1n.<\/p>\n<p>Fra de tidligste middelalderlige omtaler af El Antiguo-klosteret har Donostia gennemg\u00e5et lag af socio\u00f8konomisk transformation - fra landbrugslandsby til bef\u00e6stet enklave til kosmopolitisk feriested - men det er byens dobbelte karakter som b\u00e5de vogter af tradition og knudepunkt for nutidig udveksling, der underst\u00f8tter dens vedvarende appel. Bebyggelsen, der engang var begr\u00e6nset inden for forsvarsmure indtil deres bevidste nedrivning i 1863, udvidede sig f\u00f8rst mod Urumeas udmunding - hvilket gav anledning til det omr\u00e5de, der nu er kendt som Gros - og senere ind i marskomr\u00e5derne, der havde ligget ved siden af \u200b\u200bden gamle bydel, hvilket muliggjorde fremkomsten af \u200b\u200bden ortogonalt gitterstrukturerede Cortazar-bebyggelse, hvis parisisk-inspirerede arkader og haussmannske udsigter giver genlyd af Rue de Rivoli og Pont Alexandre III. S\u00e5danne urbane metamorfoser, ofte udf\u00f8rt i afm\u00e5lte faser - der kulminerede i 1914 - afspejler en borgerlig tillid til planl\u00e6gningsprincipper, der forenede funktionalitet med \u00e6stetisk tyngde.<\/p>\n<p>Mod vest indrammer Urgulls forbjerg, engang et v\u00e6bnet bolv\u00e6rk, der bevogtede Parte Vieja, nu den gamle bydels to kirkelige sogne - Santa Mar\u00eda og San Vicente - hvis tilh\u00e6ngere stadig kendetegnes som joxemaritarrak og koxkeroak, sidstn\u00e6vnte oprindeligt gaskonisktalende indtil det attende \u00e5rhundrede. Portaletas-porten og resterne af volde st\u00e5r som tavse vagtposter til de allieredes \u00f8del\u00e6ggelser i 1813, hvorefter genopbygningen indvarslede bygninger fra det nittende \u00e5rhundrede, der i dag huser hyggelige pintxo-barer i stedet for kaserner, mens en beskeden fiskerihavn ligger ved Urgulls fod, hvis toetagers fiskerboliger er en arv fra bakkens demilitarisering i 1924.<\/p>\n<p>Bag den gamle bydel udfolder Antiguo-distriktet sig p\u00e5 tv\u00e6rs af blide skr\u00e5ninger, der g\u00e5r ned fra Miramar-paladset - en kongelig sommerresidens indtil 1975 - og dets omgivelser, hvor industrivirksomheder fra det 19. \u00e5rhundrede som Cervezas El Le\u00f3n og Suchard-chokoladefabrikken engang leverede l\u00f8narbejde, f\u00f8r de afgav jord til servicesektoren og bes\u00f8gsorienteret handel. Den ortogonale f\u00e6rdsels\u00e5re Matia Kalea deler dette kvarter og giver et glimt af, hvordan byfornyelsen efter krigen omdannede klosteromr\u00e5der til boligenklaver.<\/p>\n<p>Mod syd afspejler de to distrikter Amara Zaharra og Amara Berri byens hydrauliske indgreb: Amara Zaharra, der oprindeligt var afgr\u00e6nset af marsklandskab ved flodens venstre bred, smeltede \u2013 centreret omkring Plaza Easo \u2013 gradvist sammen med bybilledet i centrum, mens kanaliseringen af \u200b\u200bUrumea fra 1940&#039;erne og frem frigjorde frugtbar jord til den st\u00f8rre boligudbredelse i Amara Berri, hvor statslige agenturer og forretningskontorer ligger langs akserne Avenida Sancho el Sabio og Avenida de Madrid. Her gav flodens omdirigering i f\u00f8rste halvdel af det tyvende \u00e5rhundrede ikke kun oversv\u00f8mmelseskontrol, men ogs\u00e5 drivkraften for den demografiske v\u00e6kst, der omformede Donostias sydlige perimeter.<\/p>\n<p>P\u00e5 den modsatte bred h\u00e6vder Gros sig med en kontrastfyldt topografi \u2013 sandet og flad \u2013 med sine v\u00e6rksteder fra det 19. \u00e5rhundrede og midlertidige boliger erstattet af kulturelle vartegn som Kursaal Congress Centre, der vender ud mod havet over Zurriola-stranden. Mod \u00f8st afsl\u00f8rer distriktet Egia \u2013 hvis baskiske stednavn antyder b\u00e5de bred og h\u00f8jde \u2013 rester af en svunden industriel \u00e6ra i den ombyggede Tabakalera-tobaksfabrik, nu et centrum for moderne kultur, mens dens Cristina Enea-park bevarer et fragment af botanisk arv. Bagved vidner Anoeta-stadionets flytning om byfornyelse: den tidligere fodboldbane gav plads til boliger, selvom Polloe-kirkeg\u00e5rden str\u00e6kker sig mod det sydlige Intxaurrondos forstadsv\u00e6kst.<\/p>\n<p>Intxaurrondo og Altza, i byens \u00f8stlige yderpunkter, fort\u00e6ller parallelle historier om landlige forg\u00e6ngere, der blev overv\u00e6ldet af indvandringen i midten af \u200b\u200b\u00e5rhundredet - Intxaurrondo Zar, bondeg\u00e5rden fra det syttende \u00e5rhundrede, st\u00e5r fortsat som et nationalt monument midt i boligkvarterer, hvorimod Altza, engang en klynge af g\u00e5rde i 1910, voksede til en t\u00e6tbefolket enklave af skyskrabere i 1970&#039;erne, hvis befolkning toppede p\u00e5 over 32.000 f\u00f8r en beskeden nedgang. I disse kvarterer halter den sociale infrastruktur bagefter det byggede milj\u00f8: omstridte kaserner tilh\u00f8rende Guardia Civil og spirende forslag om affaldsforbr\u00e6nding eller f\u00e6ngsler i Zubieta - Donostias enklave - fremh\u00e6ver de sp\u00e6ndinger, der er forbundet med postindustriel urbanisme.<\/p>\n<p>L\u00e6ngere sydp\u00e5 ligger Ibaeta i det flade terr\u00e6n med tidligere fabrikker, der nu er erstattet af boligblokke og en ny universitetscampus for UPV-EHU, sammen med Donostia International Physics Center og et nanoteknologisk institut \u2013 institutioner, der er symbolske for byens strategiske drejning mod videns\u00f8konomier. Loiola og Riberas de Loiola, der ligger langs flodens syd\u00f8stlige korridor, illustrerer moderne forstadsdesign, hvor Ciudad Jard\u00edns fritliggende huse suppleres af rekonstruerede lejlighedsblokke, mens Martutenes industriomr\u00e5der og forfaldne f\u00e6ngselskompleks understreger kontrasterende stadier af infrastrukturel fornyelse.<\/p>\n<p>Frem for alt tilbyder Ulia og dens park et skovagtigt kontrapunkt: gamle vandtanke og planteskolebede vidner om det kommunale havebrugsprogram, der opretholdt Donostias offentlige haver gennem store dele af det tyvende \u00e5rhundrede, selvom nye uddannelses- og kulturfaciliteter er blevet opf\u00f8rt siden 1980&#039;erne p\u00e5 de lavere skr\u00e5ninger. I byens periferi underst\u00f8tter A\u00f1orga-g\u00e5rdene, der blev transformeret af Cementos Rezola-v\u00e6rkernes fremkomst i begyndelsen af \u200b\u200bdet tyvende \u00e5rhundrede, en tredelt underafdeling - A\u00f1orga Haundi, A\u00f1orga-Txiki og Rekalde - der hver is\u00e6r b\u00e6rer spor af landlig morfologi midt i industriel boligbebyggelse.<\/p>\n<p>Hydrografi, topografi og klima m\u00f8des og former byens daglige rytmer: Urumea, indesluttet i en kanaliseret flodleje, skaber en central hovedvej, hvis l\u00f8b blev \u00e6ndret i begyndelsen af \u200b\u200bdet tyvende \u00e5rhundrede for at fremme byv\u00e6kst, mens Biscayabugten skaber et oceanisk klima pr\u00e6get af k\u00f8lige vintre med en gennemsnitstemperatur p\u00e5 8,9 \u00b0C i januar og varme somre med en temperatur p\u00e5 21,5 \u00b0C i august. En \u00e5rlig nedb\u00f8r p\u00e5 omkring 1.650 mm, retf\u00e6rdigt fordelt over \u00e5rstiderne, men marginalt reduceret i de mere solrige m\u00e5neder, understreger en meteorologisk tendens til overskyet himmel og moderate temperaturer, hvilket giver Donostia en gr\u00f8n atmosf\u00e6re, der gennemsyrer dens parker og promenader.<\/p>\n<p>Transportinfrastrukturen styrker Donostias rolle som regionalt knudepunkt: Euskotrens Trena-netv\u00e6rk forbinder byen med Bilbao og den lokale metro, mens Renfes Cercan\u00edas betjener metropolitansk ringvej; hovedbaneg\u00e5rden, der blev indviet i 1864 under Gustave Eiffels metaltag, ligger ved siden af \u200b\u200ben underjordisk busterminal, og dens Maria Cristina-bro - en hyldest til Pont Alexandre III - forbinder transportknudepunkterne med den historiske bykerne. Hyppige afgange str\u00e6kker sig til Madrid og over gr\u00e6nsen til Hendaye, der forbinder med Frankrigs nationale jernbanenet, mens flyforbindelser via Hondarribia lufthavn og, i st\u00f8rre afstand, Bilbao (98 km v\u00e6k) og Biarritz (50 km v\u00e6k) opretholder international tilg\u00e6ngelighed.<\/p>\n<p>Fra et \u00f8konomisk synspunkt skjuler Donostias lille byproportioner en servicesektor, der styrer handel og turisme med bem\u00e6rkelsesv\u00e6rdig kraft: Kommunens \u00f8konomiske profil afsl\u00f8rer en afh\u00e6ngighed af hotel- og restaurationsbranchen og detailhandel, men begivenheder som den internationale filmfestival, der blev etableret for over halvtreds \u00e5r siden, og den mange\u00e5rige Jazzaldia-festival i slutningen af \u200b\u200bjuli giver byen en international dimension, der langt overstiger dens geografiske fodaftryk. Udn\u00e6vnelsen til Europ\u00e6isk Kulturhovedstad i 2016 \u2013 delt med Wroc\u0142aw \u2013 forst\u00e6rkede yderligere Donostias kulturelle prestige og bidrog til en festivalkalender, der krydser film, musik og folkesprogstraditioner.<\/p>\n<p>Filmisk hengivenhed str\u00e6kker sig ud over hovedfestivalen til nichearrangementer: Street Zinema Festival, dedikeret til urban og moderne audiovisuel kunst; Horror and Fantasy Film Festival hver oktober; og Surfilm Festival, der fremh\u00e6ver kortfilm med surftema. S\u00e5danne begivenheder afspejler en polyfonisk kunstscene, en der supplerer institutioner som San Telmo Museoa, hvor baskisk etnografi og moderne udstillingspraksis sameksisterer og tilbyder \u00e5ret rundt unders\u00f8gelse af regionens traditioner og baner.<\/p>\n<p>Alligevel er det m\u00e5ske i de daglige ritualer inden for baskisk gastronomi, at Donostias identitet manifesterer sig mest tydeligt. Donostia, der er hjemsted for fire Michelin-stjernede etablissementer - Arzak i selve byen, Berasategui i Lasarte, Akelarre p\u00e5 Igeldos skr\u00e5ninger og Mugaritz i det n\u00e6rliggende Errenteria - rangerer som nummer to globalt i Michelin-h\u00e6der pr. indbygger, kun overg\u00e5et af Kyoto. I 2013 l\u00e5 to af verdens ti bedste restauranter if\u00f8lge The World&#039;s 50 Best Restaurants i dens omgivelser, mens pintxo-kulturen - sm\u00e5, kunstf\u00e6rdigt arrangerede hors d&#039;oeuvres serveret i barer i den gamle bydel - indkapsler en hyggelig kulinarisk tradition, der v\u00e6rds\u00e6tter lokale ingredienser og f\u00e6llesskab. Det Baskeriske Kulinariske Center, verdens f\u00f8rste institution, der tildeler en universitetsgrad i gastronomi, understreger byens rolle som en inkubator for gastronomisk forskning og forts\u00e6tter en sl\u00e6gt af smagsselskaber eller txokos, hvis tidligste registrerede omtale dateres tilbage til 1870.<\/p>\n<p>Oven p\u00e5 disse gastronomiske sysler ligger en kalender med borgerlige festligheder, der udtrykker f\u00e6lles erindring og s\u00e6sonbestemte cyklusser. Ved midnat den 20. januar udfolder Tamborradaen sig: trommer genlyder p\u00e5 Constitution Plaza, mens borgmesteren hejser det kommunale flag, hvilket indleder 24 timers kontinuerlig percussion af deltagere kl\u00e6dt i kokke- eller soldaterdragter fra perioden \u2013 et ritual, der udviklede sig fra kirkeprocessioner i det 18. \u00e5rhundrede til formaliseret pragt i det 19. \u00e5rhundrede, komplet med Raimundo Sarrieguis kompositioner og milit\u00e6runiformer; private sammenkomster i historiske txokos opretholder festivalens hyggelige \u00e5nd l\u00e6nge efter, at trommerne er blevet stille.<\/p>\n<p>I midten af \u200b\u200baugust liver La Semana Grande, eller Aste Nagusia, La Concha-bugten op med natlige pyrotekniske konkurrencer, der tiltr\u00e6kker internationale brigader; orkesteroptr\u00e6dener og processioner af gigantes og cabezudos pryder de offentlige rum, mens folkem\u00e6ngderne samles langs promenaden i en kollektiv fejring, der understreger byens evne til at arrangere b\u00e5de folkelig festlighed og globalt skue. I starten af \u200b\u200bseptember indkalder den baskiske uge bertsolaris - improvisationsdigtere - og opvisninger af landlige sportsgrene s\u00e5som stenl\u00f8ftning og oksedragning, der kulminerer i La Concha-regattaen, hvis kysthold dyster i fart\u00f8jer, hvis slanke skrog kl\u00f8ver bugtens vand som et vidnesbyrd om den maritime arv.<\/p>\n<p>I de mere stille mellemrum oplever Santa Ageda Bezpera i slutningen af \u200b\u200bjanuar eller begyndelsen af \u200b\u200bfebruar, at kvartererne bliver oplivet af sang og pindeslagning i bondet\u00f8j, hvor man beder om beskedne almisser i en praksis, der blander optr\u00e6dener med gensidighed i lokalsamfundet. Caldereros-festivalen \u2013 der afholdes den f\u00f8rste l\u00f8rdag i februar \u2013 fremkalder karnevalets \u00e5nd: Grupper kl\u00e6dt som roma-tindekunstnere pryder byens gader med klangen af \u200b\u200bskeer p\u00e5 gryder og samles ved r\u00e5dhuset for at f\u00e5 kommunal akkompagnement. Den 21. december forvandler Santo Tom\u00e1s centrum til et udend\u00f8rs marked: boder med regionale produkter, talo-fladbr\u00f8d fyldt med ciderbadet txistorra og lodtr\u00e6kningen om en levende gris p\u00e5 Plaza Constitucion bekr\u00e6fter landbrugsb\u00e5ndene i bymilj\u00f8et. Endelig, juleaften, g\u00e5r skikkelsen Olentzero \u2013 en symbolsk tr\u00e6kulsmager \u2013 i parade gennem byens gader, ledsaget af julesangere i traditionelle kl\u00e6der, hvis antal til tider vokser for at afspejle nutidige sociale \u00e5rsager og blander hedensk folklore med kristen fest.<\/p>\n<p>S\u00e5ledes afsl\u00f8rer Donostia \/ San Sebasti\u00e1n sig selv som en urban palimpsest: dens fysiske form best\u00e5r af flodomledninger, genvundne v\u00e5domr\u00e5der og f\u00e6stningsv\u00e6rker p\u00e5 bakketoppe, dens kulturelle identitet indskrevet gennem festivaler, der veksler mellem trommepragt og pintxo-kunstens finesser, dens \u00f8konomi forankret i tjenester, men udvidet af forpligtelser til film, musik og gastronomi. I hver hovedgade - hvad enten det er den arkadeformede Buen Pastor-plads eller de moderne all\u00e9er i Amara Berri - oplever man samspillet mellem historie og innovation, en borgerlig etos, der \u00e6rer dens baskiske r\u00f8dder, samtidig med at den engagerer verden hinsides bugten. En s\u00e5dan by, der p\u00e5 \u00e9n gang er intim i skala og omfattende i kulturelle ambitioner, understreger stedets kraft til at forme b\u00e5de f\u00e6lles identitet og international dialog.<\/p>","protected":false},"excerpt":{"rendered":"<p>San Sebasti\u00e1n officielt kaldet Donostia \/ San Sebasti\u00e1n, er en fascinerende kystby gemt v\u00e6k i Spaniens autonome baskiske samfund. Beliggende ved den smukke Biscayabugt har denne energiske by en befolkning p\u00e5 188.102 i 2021; dets hovedstadsomr\u00e5de omfattede i 2010 430.500 mennesker. Blot tyve kilometer fra gr\u00e6nsen mellem Frankrig og Spanien har byens strategiske placering v\u00e6ret afg\u00f8rende for at danne dens rige kulturelle gobelin og kommercielle betydning.<\/p>","protected":false},"author":1,"featured_media":2876,"parent":13090,"menu_order":0,"comment_status":"closed","ping_status":"closed","template":"elementor_theme","meta":{"_eb_attr":"","footnotes":""},"class_list":["post-13171","page","type-page","status-publish","has-post-thumbnail"],"_links":{"self":[{"href":"https:\/\/travelshelper.com\/da\/wp-json\/wp\/v2\/pages\/13171","targetHints":{"allow":["GET"]}}],"collection":[{"href":"https:\/\/travelshelper.com\/da\/wp-json\/wp\/v2\/pages"}],"about":[{"href":"https:\/\/travelshelper.com\/da\/wp-json\/wp\/v2\/types\/page"}],"author":[{"embeddable":true,"href":"https:\/\/travelshelper.com\/da\/wp-json\/wp\/v2\/users\/1"}],"replies":[{"embeddable":true,"href":"https:\/\/travelshelper.com\/da\/wp-json\/wp\/v2\/comments?post=13171"}],"version-history":[{"count":0,"href":"https:\/\/travelshelper.com\/da\/wp-json\/wp\/v2\/pages\/13171\/revisions"}],"up":[{"embeddable":true,"href":"https:\/\/travelshelper.com\/da\/wp-json\/wp\/v2\/pages\/13090"}],"wp:featuredmedia":[{"embeddable":true,"href":"https:\/\/travelshelper.com\/da\/wp-json\/wp\/v2\/media\/2876"}],"wp:attachment":[{"href":"https:\/\/travelshelper.com\/da\/wp-json\/wp\/v2\/media?parent=13171"}],"curies":[{"name":"wp","href":"https:\/\/api.w.org\/{rel}","templated":true}]}}