{"id":12913,"date":"2024-09-17T00:30:14","date_gmt":"2024-09-17T00:30:14","guid":{"rendered":"https:\/\/travelshelper.com\/staging\/?page_id=12913"},"modified":"2026-03-13T00:07:31","modified_gmt":"2026-03-13T00:07:31","slug":"luzern","status":"publish","type":"page","link":"https:\/\/travelshelper.com\/da\/destinations\/europe\/switzerland\/lucerne\/","title":{"rendered":"Luzern"},"content":{"rendered":"<p>Lucerne, beliggende ved det sted, hvor Reuss-floden udspringer fra den vestlige ende af Vierwaldst\u00e4tters\u00f8en, fungerer som det administrative hjerte for den navngivne kanton og er den mest folkerige bykerne i det centrale Schweiz. Med et areal p\u00e5 29,1 km\u00b2 og cirka 82.771 indbyggere inden for sine kommunegr\u00e6nser (med det bredere byomr\u00e5de, der str\u00e6kker sig over 19 kommuner og omfatter omkring 220.000 indbyggere), ligger byen p\u00e5 begge bredder af floden umiddelbart nedstr\u00f8ms for s\u00f8ens udl\u00f8b. Flankeret af de sned\u00e6kkede tinder af Pilatus mod sydvest og Rigi mod syd\u00f8st, har Lucerne en strategisk beliggenhed i den tysktalende del af Schweiz, der gennem \u00e5rhundreder har fremmet dens fremkomst som et centrum for \u00f8konomisk str\u00e6ben, kulturel st\u00f8tte og transportudveksling.<\/p>\n<p>Fra de tidligste dage har Luzerns topografi dikteret dens udvikling. Hovedbyen ligger p\u00e5 den smalleste del af Vierwaldst\u00e4tters\u00f8en, hvor vandets rolige vidde bryder ind i Reuss&#039; bugtede l\u00f8b, der skaber en sti gennem skovkl\u00e6dte bakker mod nord\u00f8st og sydvest. Bag den sammenh\u00e6ngende byspredning ligger kantonens enklave p\u00e5 de nordlige skr\u00e5ninger af B\u00fcrgenstock-forbjerget, omkring otte kilometer v\u00e6k, og er kun tilg\u00e6ngelig med b\u00e5d eller omveje p\u00e5 bjergveje. Selvom den er blottet for betydelig bebyggelse, vidner dette skovkl\u00e6dte tilh\u00e6ng om kommunens varierede fysiografi og n\u00e5r sit h\u00f8jdepunkt p\u00e5 B\u00fcrgenstocks klippefyldte top. Inden for den sammenh\u00e6ngende kerne optager landbrugsbedrifter stadig 28,0 procent af jorden, mens skove d\u00e6kker 22,3 procent; det bebyggede milj\u00f8 udg\u00f8r 47,6 procent, og floder eller stejle skr\u00e6nter fylder de resterende 2,1 procent af territoriet.<\/p>\n<p>Klimaet, klassificeret som Cfb under K\u00f6ppens skema, pr\u00e6senterer milde termiske udsving og rigelig nedb\u00f8r fordelt over hele \u00e5ret. Mellem 1961 og 1990 registrerede Lucerne et gennemsnit p\u00e5 138,1 regndage \u00e5rligt, med en kumulativ nedb\u00f8r p\u00e5 1.171 mm. Juni viste sig at v\u00e6re den mest gener\u00f8se med 153 mm fordelt p\u00e5 14,2 dage, mens februar, med 61 mm fordelt p\u00e5 10,2 dage, var den t\u00f8rreste m\u00e5ned. En s\u00e5dan klimatisk regelm\u00e6ssighed har historisk set underst\u00f8ttet regionens landbrugsproduktivitet og n\u00e6ret skovene, der d\u00e6kker bjergskr\u00e5ningerne og danner en gr\u00f8n baggrund for byens spejlblanke havnefront og skovkl\u00e6dte skr\u00e5ninger.<\/p>\n<p>Demografisk har Lucerne oplevet en stabil v\u00e6kst, med en \u00e5rlig befolkningsstigning p\u00e5 omkring 1,2 procent i l\u00f8bet af det seneste \u00e5rti. Pr. 31. december 2021 udgjorde udenlandske statsborgere 24,78 procent af indbyggerne, overvejende af europ\u00e6isk oprindelse (18,22 procent), efterfulgt af asiatiske (3,63 procent), afrikanske (1,85 procent) og amerikanske (0,97 procent). Tysk er fortsat dominerende og tales som modersm\u00e5l af 83,26 procent af indbyggerne, mens engelsk (7,45 procent), italiensk (5,06 procent) og serbokroatisk (3,80 procent) indtager de n\u00e6ste niveauer; portugisisk, spansk, albansk og fransk bidrager ogs\u00e5 til byens polyglotte tapet. Aldersfordelingen sk\u00e6ver mod voksne i den erhvervsaktive alder: 15,7 procent er under tyve, 33,8 procent er mellem tyve og niogtredive, og 32,1 procent befinder sig i aldersgruppen 40 til 64; Seniorer tegner sig for 19,4 procent af befolkningen, hvoraf 5,2 procent er otte\u00e5rige og 1,1 procent ikke-\u00e5rige.<\/p>\n<p>M\u00f8nstrene i husstandssammens\u00e6tning og bygningsform afspejler Lucernes urbane modenhed. Ud af omkring 30.586 husstande registreret i 2000, tegnede enkeltboligerne sig for 50,5 procent, mens store husstande (fem eller flere medlemmer) kun repr\u00e6senterede 2,8 procent. Der var i alt 5.707 beboede bygninger, omfattende 1.152 fritliggende huse, 348 dobbelthuse og 2.550 flerfamiliehuse. Bygninger i to eller tre etager dominerede, selvom der var 1.721 h\u00f8jhuse (fire eller flere etager) og 74 etplansbygninger. En s\u00e5dan mangfoldighed i form vidner om b\u00e5de byens middelalderlige kerne og dens udvidelse under industrialiseringen og moderne v\u00e6kst.<\/p>\n<p>Uddannelsesniveauet n\u00e5r bem\u00e6rkelsesv\u00e6rdige h\u00f8jder, hvor 73,6 procent af indbyggerne i Lucerne i alderen 25 til 64 har ikke-obligatoriske gymnasiale eller videreg\u00e5ende kvalifikationer. \u00d8konomisk set dominerer den terti\u00e6re sektor og har 70.149 job fordelt p\u00e5 6.929 virksomheder i 2012. Den sekund\u00e6re sektor besk\u00e6ftiger 7.326 personer i 666 virksomheder, mens stillinger i den prim\u00e6re sektor - prim\u00e6rt inden for landbrug og skovbrug - kun t\u00e6ller 166 inden for 53 virksomheder. Besk\u00e6ftigelsesdeltagelsen ligger p\u00e5 51,7 procent af den kommunale befolkning, afbalanceret af en n\u00e6sten ligelig k\u00f8nsrepr\u00e6sentation p\u00e5 47,9 procent. Socialhj\u00e6lp n\u00e5ede 11,0 procent i 2013, hvilket afspejler b\u00e5de velf\u00e6rdsst\u00f8ttestrukturer og leveomkostningerne i byerne.<\/p>\n<p>Lucernes kommercielle landskab er hjemsted for b\u00e5de \u00e6rv\u00e6rdige schweiziske firmaer og internationale virksomheder. Gotthard-jernbaneforbindelsen (AlpTransit), elevatorproducenten Schindler, urmageren Chronoswiss, mejerigiganten Emmi og Luzerner Kantonalbank har hovedkvarter inden for bygr\u00e6nsen. Suva, landets f\u00f8rende ulykkesforsikringsselskab, og EF Education First udvider virksomhedslisten yderligere. Kantonens finanspolitik, der er kendt for successive skattelettelser, giver Lucerne udm\u00e6rkelsen som Schweiz&#039; mest erhvervsvenlige kanton med den laveste kantonale selskabsskattesats registreret i 2012 og kun en marginal forskel p\u00e5 2 procent fra landets f\u00f8rende skatteindeks.<\/p>\n<p>Med sine industrielle r\u00f8dder tilbage til det fjortende \u00e5rhundrede dyrkede Lucerne en tidlig eksporthandel inden for leproduktion. Ved at importere jern og st\u00e5l smedede lokale smede redskaber, som fandt markeder i det vestlige Schweiz og Norditalien. V\u00e6rksteder langs Krienbach-str\u00f8mmen brugte vanddrevne hamre, mens deres perifere beliggenhed mindskede brandrisikoen. Denne h\u00e5ndv\u00e6rksm\u00e6ssige industri varslede byens bredere produktionsbase, som senere ville diversificere sig til pr\u00e6cisionsteknik og nicheh\u00e5ndv\u00e6rk.<\/p>\n<p>Lucernes kulturelle arv er tydelig i dens arkitektoniske vartegn. Kapelbroen, oprindeligt opf\u00f8rt i 1333, st\u00e5r som Europas \u00e6ldste overd\u00e6kkede tr\u00e6bro, hvis sp\u00e6ndvidde p\u00e5 204 meter er pr\u00e6get af det ottekantede vandt\u00e5rn fra det trettende \u00e5rhundrede. Selvom den blev h\u00e6rget af brand i august 1993 - angiveligt for\u00e5rsaget af en kasseret cigaret - beskytter dens rekonstruerede bj\u00e6lker endnu engang Reuss-floden under en baldakin med malerier fra det syttende \u00e5rhundrede, der fort\u00e6ller Lucernes historiske fortid. Nedstr\u00f8ms floden tegner Spreuerbroen, der stammer fra 1408, en zigzag-slynge p\u00e5 tv\u00e6rs af str\u00f8mmen. Dens bj\u00e6lker er prydet med Kaspar Meglingers pestcyklusser fra D\u00f8dsdansen, og dens kapel i midten af \u200b\u200bsp\u00e6ndet vidner om postmiddelalderlig fromhed.<\/p>\n<p>Bakken over den gamle bydel har bevaret rester af de middelalderlige bef\u00e6stninger, deres mure og otte vagtt\u00e5rne \u200b\u200bgiver en kreneleret silhuet mod Alperne. Nedenfor troner de to spir p\u00e5 Sankt Leodegar-kirken, opf\u00f8rt i 1633, over s\u00f8bredden, og deres senren\u00e6ssancefacade indrammer de to n\u00e5let\u00e5rne, der er bevaret fra en tidligere kirke fra det syvende \u00e5rhundrede. Interi\u00f8ret praler af barok ornamentik, der passer til skytshelgenens basilika, i daglig tale kendt som Hofkirche eller, p\u00e5 schweizertysk, Hofchile.<\/p>\n<p>I det gr\u00f8nne omr\u00e5de L\u00f6wenplatz mindes Bertel Thorvaldsens l\u00f8ve \u2013 hugget ind i den levende klippe i 1820 \u2013 de schweiziske garders mod, der faldt i 1792 i forsvaret af Tuilerierne. Monumentets smertefulde realisme og afsidesliggende beliggenhed fremkalder gribende refleksioner over loyalitet og offer. I n\u00e6rheden tilbyder det schweiziske transportmuseum en omfattende oversigt over bev\u00e6gelse, fra veteranlokomotiver og motorvogne til s\u00f8fartsfart\u00f8jer og luftfartsgenstande, hvilket understreger Lucernes rolle som b\u00e5de et transitknudepunkt og en vogter af teknologisk arv.<\/p>\n<p>Ved siden af \u200b\u200bligger Jean Nouvels kultur- og konferencecenter, med akustik kalibreret af Russell Johnson, som et moderne modstykke til byens middelalderlige struktur. Koncertsalen, der er bredt anerkendt for sin lydlige renhed, danner grundlaget for Musegg-omr\u00e5det, mens det tilh\u00f8rende Kunstmuseum Luzern kuraterer kunstudstillinger, der tiltr\u00e6kker b\u00e5de lokale og internationale publikummer. Ved s\u00f8bredden ved Tribschen ligger Richard Wagner-museet i komponistens tidligere villa, der minder om hans ophold fra 1866 til 1872 og bevarer manuskripter, instrumenter og personlige ejendele, der afspejler hans kreative opfindsomhed.<\/p>\n<p>Lucernes kulturelle \u00f8kosystem hviler p\u00e5 en forhandlet balance mellem etablerede institutioner og avantgarde-impulser. Kulturkompromisset i slutningen af \u200b\u200b1980&#039;erne fremmede sameksistensen mellem KKL, Luzerner Theater, Kleintheater og Stadtkeller samt nye spillesteder. Den tidligere Boa-r\u00f8rfabrik, genf\u00f8dt som en underjordisk inkubator for alternativ performance, gav i sidste ende efter for beboelsesejendomme, hvilket f\u00f8rte til planer om en ny placering uden for den indre bykerne. S\u00fcdpol, der \u00e5bnede i 2008 ved foden af \u200b\u200bPilatus, er v\u00e6rt for tv\u00e6rfaglige musik-, dans- og teaterarrangementer, mens Luzerner Sinfonieorchester og 21st Century Symphony Orchestra g\u00f8r krav p\u00e5 KKL-scenen, hvilket forst\u00e6rker Lucernes status som en lydby.<\/p>\n<p>Transportinfrastrukturen underst\u00f8tter Lucernes forbindelser. I 1909 varslede Ferdinand von Zeppelins landgang Schweiz&#039; spirende luftskibsindustri, som i 1910 havde etableret landets f\u00f8rste kommercielle lufttransportvirksomhed og opf\u00f8rt landets anden luftskibshangar. Over land driver Verkehrsbetriebe Luzern trolleybusser og motorvogne, suppleret af PostAuto og Auto AG Rothenburg-tjenester til perifere kommuner. Fire jernbanestationer - Lucerne, Allmend\/Messe, Littau og Verkehrshaus - forbinder byen med Z\u00fcrich i intervaller p\u00e5 fyrre minutter (fyrre tog dagligt) og til Z\u00fcrich Lufthavn p\u00e5 lidt over en time, mens Gotthard Panorama Express forbinder b\u00e5d og tog p\u00e5 historiske ruter mellem april og midten af \u200b\u200boktober.<\/p>\n<p>Vandforbindelserne forts\u00e6tter ved Bahnhofquai, hvorfra Vierwaldst\u00e4tters\u00f8ens navigationsselskab sender skibe til fjordlignende bugter og bjerglandsbyer. Det lokale billetnetv\u00e6rk, passepartout, integrerer trolleybus, bus, tog og b\u00e5d under en samlet billetalliance, der sp\u00e6nder over Lucerne, Obwalden og Nidwalden. Kabelbaner - is\u00e6r G\u00fctschbahn til Ch\u00e2teau G\u00fctsch og Standseilbahn til Hotel Montana - n\u00e5r skr\u00e5ninger p\u00e5 omkring halvfems meter og tilbyder panoramaudsigt over byens byomr\u00e5de, den glitrende s\u00f8 og den alpine silhuet bagved, en passende coda til fort\u00e6llingen om en by, der i sit sammenl\u00f8b af vand, bjerge, historie og innovation forbliver p\u00e5 \u00e9n gang en \u00e5rv\u00e5gen vogter af sin fortid og en tilpasningsdygtig hovedperson i sin fremtid.<\/p>","protected":false},"excerpt":{"rendered":"<p>Lucerne, en charmerende by beliggende i centrum af Schweiz, fungerer som et symbol p\u00e5 schweizisk kultur, historie og fantastiske landskaber. Med 82.000 indbyggere er denne lille by den mest folkerige i det centrale Schweiz. Dens placering er 47\u00b003\u2032N 8\u00b018\u2032E. Luzern har udviklet sig og \u00e6ndret sig gennem \u00e5rene som reaktion p\u00e5 sin gunstige beliggenhed langs floden Reuss og p\u00e5 den nordvestlige spids af Luzern-s\u00f8en (Vierwaldst\u00e4ttersee). Hovedstaden i den navneb\u00e6rende kanton, Luzern, er ogs\u00e5 et vigtigt medie-, kultur-, \u00f8konomisk- og transportknudepunkt. Lucernes bydel best\u00e5r af nitten byer og kommuner med i alt omkring 220.000 indbyggere.<\/p>","protected":false},"author":1,"featured_media":2757,"parent":12907,"menu_order":0,"comment_status":"closed","ping_status":"closed","template":"elementor_theme","meta":{"_eb_attr":"","footnotes":""},"class_list":["post-12913","page","type-page","status-publish","has-post-thumbnail"],"_links":{"self":[{"href":"https:\/\/travelshelper.com\/da\/wp-json\/wp\/v2\/pages\/12913","targetHints":{"allow":["GET"]}}],"collection":[{"href":"https:\/\/travelshelper.com\/da\/wp-json\/wp\/v2\/pages"}],"about":[{"href":"https:\/\/travelshelper.com\/da\/wp-json\/wp\/v2\/types\/page"}],"author":[{"embeddable":true,"href":"https:\/\/travelshelper.com\/da\/wp-json\/wp\/v2\/users\/1"}],"replies":[{"embeddable":true,"href":"https:\/\/travelshelper.com\/da\/wp-json\/wp\/v2\/comments?post=12913"}],"version-history":[{"count":0,"href":"https:\/\/travelshelper.com\/da\/wp-json\/wp\/v2\/pages\/12913\/revisions"}],"up":[{"embeddable":true,"href":"https:\/\/travelshelper.com\/da\/wp-json\/wp\/v2\/pages\/12907"}],"wp:featuredmedia":[{"embeddable":true,"href":"https:\/\/travelshelper.com\/da\/wp-json\/wp\/v2\/media\/2757"}],"wp:attachment":[{"href":"https:\/\/travelshelper.com\/da\/wp-json\/wp\/v2\/media?parent=12913"}],"curies":[{"name":"wp","href":"https:\/\/api.w.org\/{rel}","templated":true}]}}