{"id":12907,"date":"2024-09-17T00:26:15","date_gmt":"2024-09-17T00:26:15","guid":{"rendered":"https:\/\/travelshelper.com\/staging\/?page_id=12907"},"modified":"2026-03-12T23:47:53","modified_gmt":"2026-03-12T23:47:53","slug":"schweiz","status":"publish","type":"page","link":"https:\/\/travelshelper.com\/da\/destinations\/europe\/switzerland\/","title":{"rendered":"Schweiz"},"content":{"rendered":"<p>Schweiz pr\u00e6senterer sig som et kompakt statssamfund p\u00e5 41.285 kvadratkilometer beliggende i det vestlige Centraleuropa, med gr\u00e6nser op til Italien mod syd, Frankrig mod vest, Tyskland mod nord og \u00d8strig og Liechtenstein mod \u00f8st. Med cirka ni millioner indbyggere forener Det Schweiziske Forbund forskellige sproglige og kulturelle regioner - tysk, fransk, italiensk og r\u00e6toromansk - under en f\u00f8deral struktur best\u00e5ende af 26 kantoner, hvor Bern fungerer som s\u00e6de for den f\u00f8derale myndighed. Geografisk opdelt mellem det schweiziske plateau, Alperne og Jurabjergene, koncentrerer nationen sin befolkning og vigtigste bycentre - Z\u00fcrich, Gen\u00e8ve og Lausanne - p\u00e5 plateauet, mens de h\u00f8je Alper optager den st\u00f8rste del af territoriet.<\/p>\n<p>Fra sin oprindelse i slutningen af \u200b\u200bdet trettende \u00e5rhundrede som en defensiv og kommerciel alliance smedet af Forbundscharteret fra 1291, har Schweiz udviklet sig gennem cyklusser af eksterne udfordringer og interne forandringer for at fremst\u00e5 som en republik, der er kendetegnet ved principper om f\u00f8deralisme og direkte demokrati. Den Westfalske Fred i 1648 anerkendte konf\u00f8derationens uafh\u00e6ngighed fra Det Hellige Romerske Rige og etablerede den blandt de f\u00e5 varige republikker i det tidlige moderne Europa. Omv\u00e6ltningerne i slutningen af \u200b\u200bdet attende og begyndelsen af \u200b\u200bdet nittende \u00e5rhundrede - pr\u00e6get af indf\u00f8relsen og den efterf\u00f8lgende opl\u00f8sning af Den Helvetiske Republik under Napoleons auspicier - kulminerede i forfatningen fra 1848, som forankrede individuelle rettigheder, magtens tredeling og tokammerparlamentarisk styring og dermed lagde grundlaget for den moderne f\u00f8derale stat.<\/p>\n<p>Schweiz&#039; vedvarende politik med v\u00e6bnet neutralitet, der er blevet opretholdt siden det sekstende \u00e5rhundrede og ubrudt af internationale konflikter siden 1815, har underst\u00f8ttet dets rolle i global diplomati. Selvom Forbundsstaten f\u00f8rst tiltr\u00e5dte FN i 2002, opretholder den en aktiv udenrigspolitik gennem deltagelse i fredsopbyggende bestr\u00e6belser og global styring. R\u00f8de Kors, der blev grundlagt i Gen\u00e8ve i 1863, og tilstedev\u00e6relsen af \u200b\u200bstore internationale institutioner - herunder Verdenshandelsorganisationen, Verdenssundhedsorganisationen, Den Internationale Arbejdsorganisation, FIFA, Verdens\u00f8konomisk Forum og FN-kontorer - vidner om Schweiz&#039; status som et knudepunkt for multilateralt engagement. Som stiftende medlem af Den Europ\u00e6iske Frihandelssammenslutning forbliver Schweiz uden for Den Europ\u00e6iske Union, Det Europ\u00e6iske \u00d8konomiske Samarbejdsomr\u00e5de og eurozonen, men deltager alligevel i det europ\u00e6iske indre marked og Schengenomr\u00e5det gennem bilaterale aftaler.<\/p>\n<p>\u00d8konomisk set rangerer Konf\u00f8derationen blandt verdens mest udviklede nationer. Den har den h\u00f8jeste nominelle formue pr. voksen og indtager en position blandt de f\u00f8rende \u00f8konomier pr. indbygger m\u00e5lt p\u00e5 bruttonationalprodukt. Konkurrenceevneindekser, m\u00e5linger af demokratisk regeringsf\u00f8relse og vurderinger af pressefrihed placerer alle Schweiz i en top af nationer. Z\u00fcrich, Gen\u00e8ve og Basel ligger konsekvent p\u00e5 ranglisterne over livskvalitet, p\u00e5 trods af disse centres samtidige status blandt verdensbyer med forh\u00f8jede leveomkostninger. Nationens banksektor og specialiserede industrier - is\u00e6r pr\u00e6cisionsurmageri og chokoladeproduktion - har l\u00e6nge formet dens internationale omd\u00f8mme og bidraget til dens position som den trettende st\u00f8rste eksport\u00f8r p\u00e5 verdensplan og den femtest\u00f8rste eksport\u00f8r m\u00e5lt p\u00e5 pr. indbygger.<\/p>\n<p>Topografisk set str\u00e6kker Schweiz sig mellem breddegraderne 45\u00b0 og 48\u00b0 N og l\u00e6ngdegraderne 5\u00b0 og 11\u00b0 \u00d8 og omfatter tre hovedregioner. Mod syd udg\u00f8r de schweiziske alper n\u00e6sten tres procent af det nationale territorium og n\u00e5r h\u00f8jder p\u00e5 over fire tusind meter p\u00e5 otteogfyrre toppe. Monte Rosa n\u00e5r 4.634 meter, mens Matterhorn \u2013 med sine 4.478 meter \u2013 er ikonisk anerkendt. Penninerne-alperne har ogs\u00e5 udspring til store floder \u2013 Rhinen, Inn, Ticino og Rh\u00f4ne \u2013 som udspringer mod alle kompassets punkter, opretholder Europas hydrografiske netv\u00e6rk og forsyner Genfers\u00f8en (L\u00e9mans\u00f8en), Bodens\u00f8en (Bodensee) og Maggiores\u00f8en. Gletsjere d\u00e6kker omkring 1.063 kvadratkilometer, og landets halvandet tusinde s\u00f8er udg\u00f8r seks procent af Europas ferskvandsbestand. Omfattende regulering af floder \u2013 kanalisering, opd\u00e6mning og underjordisk transport \u2013 mindsker risikoen for oversv\u00f8mmelser, jordskred og laviner, mens grundvand leverer firs procent af drikkevandet.<\/p>\n<p>Nord for de h\u00f8jalper udfolder det schweiziske plateau sig i b\u00f8lgende gr\u00e6sgange, frugtplantager og skovomr\u00e5der, hvor jorden b\u00e6rer afgr\u00f8der og husdyr. Plateauet huser de vigtigste bym\u00e6ssige omr\u00e5der og st\u00f8rstedelen af \u200b\u200bden ni millioner store befolkning. I nordvest pr\u00e6senterer Jurabjergene en lavere, delvist skovkl\u00e6dt bjergk\u00e6de. Inden for disse regioner ligger to enklaver - B\u00fcsingen, administreret af Tyskland, og Campione d&#039;Italia, administreret af Italien - hver is\u00e6r helt omgivet af schweizisk territorium.<\/p>\n<p>Klimatisk varierer Konf\u00f8derationens tempererede klima kraftigt med h\u00f8jden. Alpernes h\u00f8jder udholdes af glacialforhold \u00e5ret rundt, mens de lavere sydlige dale oplever n\u00e6sten middelhavsvarme, hvilket muligg\u00f8r kuldeh\u00e5rdf\u00f8r palmev\u00e6kst i afsidesliggende lavninger. Sommerm\u00e5nederne bringer varme og episodisk nedb\u00f8r, der er gavnlig for pastorale omr\u00e5der, mens stabile vinteranticykloniske forhold i bjergene kan fange koldere luft nedenunder og skabe inversionslag, der skjuler solskin i dalene. F\u00f6hn-f\u00e6nomenet - en us\u00e6dvanlig varm, t\u00f8r vind, der falder ned ad de nordlige skr\u00e5ninger under sydvendt nedb\u00f8r - kan forekomme hele \u00e5ret rundt, og dens virkninger er mest udtalte i dale, der er justeret til syd-nordlige korridorer. Indre alpine bassiner, s\u00e5som dem i Graub\u00fcnden og Valais, udholdes med lavere nedb\u00f8r, forhold der har underst\u00f8ttet vindyrkning siden romertiden og fortsat giver vine - prim\u00e6rt Chasselas i vinmarker med navn Fendant og Pinot Noir, hvor Merlot dominerer i den italiensksprogede kanton Ticino. De v\u00e5deste steder ligger i de h\u00f8je Alper og Ticino, hvor sporadiske, intense storme punkterer lange solskinsintervaller.<\/p>\n<p>Den politiske struktur hviler p\u00e5 en f\u00f8deration af 26 kantoner, der hver is\u00e6r har sin egen forfatning, parlament, regering, retsv\u00e6sen og politi. Kantonernes befolkningstal varierer fra knap over seksten tusind i Appenzell Innerrhoden til n\u00e6sten 1,5 millioner i Z\u00fcrich, mens deres territoriale udstr\u00e6kning varierer fra fjorten kvadratkilometer i Basel-Stadt til 7.105 kvadratkilometer i Graub\u00fcnden. I henhold til den f\u00f8derale forfatning har hver kanton lige status, bortset fra seks &#034;halvkantoner&#034;, hvis repr\u00e6sentation i Statsr\u00e5det er halveret.<\/p>\n<p>Transportinfrastrukturen afspejler Forbundsstatens engagement i forbindelser og b\u00e6redygtighed. Dets jernbanenetv\u00e6rk - fem tusinde to hundrede og halvtreds kilometer langt og stort set fuldt elektrificeret - transporterer over seks hundrede millioner passagerer \u00e5rligt. I 2015 rejste schweiziske indbyggere i gennemsnit 2.550 kilometer om \u00e5ret med jernbane, hvilket er en europ\u00e6isk rekord. De statsejede schweiziske statsbaner driver tres procent af standardsporbanenettet, mens virksomheder som BLS AG, Rh\u00e4tische Bahn og Matterhorn Gotthard Bahn betjener yderligere ruter, herunder UNESCO-anerkendte linjer og Glacier Express. Gotthard-basistunnelen, der er central for alpin transport, str\u00e6kker sig over 57,1 kilometer under Alperne og fremst\u00e5r som verdens l\u00e6ngste og dybeste jernbanetunnel og danner kernen i den nye jernbaneforbindelse gennem Alperne. Motorveje, der er gratis, men som er underlagt et \u00e5rligt vignetkrav, str\u00e6kker sig over 1.638 kilometer og rangerer blandt de t\u00e6tteste motorvejssystemer globalt.<\/p>\n<p>Flyrejser betjenes prim\u00e6rt af Z\u00fcrich Lufthavn, som h\u00e5ndterede 22,8 millioner passagerer i 2012, efterfulgt af lufthavnene Gen\u00e8ve, EuroAirport Basel Mulhouse Freiburg, Bern, Lugano, St. Gallen-Altenrhein og Sion. Swiss International Air Lines - med hoveds\u00e6de i Basel, knudepunkt i Z\u00fcrich - fungerer som det nationale luftfartsselskab.<\/p>\n<p>Demografisk set firedobledes Schweiz&#039; befolkning mellem 1800 og 1990, drevet af industrialisering og indvandring. Nuv\u00e6rende prognoser forudser fortsat v\u00e6kst frem til 2035, prim\u00e6rt drevet af tilflyttere. Fertilitetsraten ligger t\u00e6t p\u00e5 erstatningsraten, og medianalderen p\u00e5 44,5 \u00e5r markerer en af \u200b\u200bverdens \u00e6ldste nationale befolkninger. Etnisk set udg\u00f8r schweiziske statsborgere omkring 69 procent af indbyggerne, mens tyske, italienske, portugisiske, franske, kosovanske, tyrkiske og andre samfund udg\u00f8r resten, sammen med et roma-mindretal ansl\u00e5et til 30.000. Udenlandske statsborgere tegner sig for en fjerdedel af den n\u00e6sten ni millioner store befolkning, hvilket repr\u00e6senterer en us\u00e6dvanlig bred vifte af global oprindelse.<\/p>\n<p>Kulturlivet opst\u00e5r fra sammenv\u00e6vningen af \u200b\u200bsproglige regioner og en f\u00e6lles alpin arv. Fire nationale sprog pr\u00e6ger lokale skikke og kunstneriske udtryk, mens de r\u00e6toromansktalende enklaver i Graub\u00fcnden bevarer unikke sproglige traditioner i de \u00f8vre Rhin- og Inn-dale. Kreative personligheder - fra forfattere til komponister - er b\u00e5de opst\u00e5et i og blevet tiltrukket af Schweiz, is\u00e6r i perioder med kontinentale stridigheder. Omkring tusind museer afspejler en dedikation til kunst, historie og videnskab, mens \u00e5rlige begivenheder - Pal\u00e9o Festival, Lucerne Festival, Montreux Jazz Festival, Locarno International Film Festival og Art Basel - tiltr\u00e6kker et internationalt publikum. Forbundet har v\u00e6ret v\u00e6rt for Eurovision Song Contest tre gange: den f\u00f8rste udgave i 1956 i Lugano, iscenes\u00e6ttelsen i 1989 i Lausanne og konkurrencen i 2025 i Basel; schweiziske vindere inkluderer Lys Assia i 1956, C\u00e9line Dion i 1988 og Nemo i 2024.<\/p>\n<p>Alpesymbolik underst\u00f8tter den schweiziske identitet, som fremkaldes i musik, dans, tr\u00e6sk\u00e6ring, poesi og broderi. Folkekunstinstitutioner n\u00e6rer traditioner, der sp\u00e6nder fra alpehornoptr\u00e6den \u2013 dens resonante tr\u00e6r\u00f8r, der fremkalder bjergdale \u2013 til jodlende og harmonikamusik. Pastorallivet er fortsat allestedsn\u00e6rv\u00e6rende i h\u00f8jlandssamfund, hvor beskedne g\u00e5rde og gr\u00e6ssende kv\u00e6g repr\u00e6senterer kontinuitet med \u00e5rhundredgamle praksisser.<\/p>\n<p>K\u00f8kkenet afspejler regionale klimaer og kulturelle s\u00e6rpr\u00e6g. Universelle retter \u2013 fondue, raclette og r\u00f6sti \u2013 st\u00e5r side om side med lokale specialiteter som Z\u00fcrcher Geschnetzeltes, der hver is\u00e6r er tilberedt med regionalt fremskaffede mejeriprodukter og ber\u00f8mte oste som Gruy\u00e8re og Emmental. Vestschweiz er hjemsted for en koncentration af fine dining-steder, mens chokoladeproduktionen \u2013 der dateres tilbage til det attende \u00e5rhundrede \u2013 opn\u00e5ede teknisk forfinelse i slutningen af \u200b\u200bdet nittende \u00e5rhundrede gennem opfindere som Daniel Peter, hvis formulering af fast m\u00e6lkechokolade i 1875 drev Schweiz til at v\u00e6re f\u00f8rende i verden i chokoladeforbrug per indbygger.<\/p>\n<p>Vinavlstraditioner str\u00e6kker sig tilbage til gamle romerske pr\u00e6cedenser, men trives i nutidige vinmarker i Valais, Vaud, Gen\u00e8ve og Ticino. Chasselas og Pinot Noir dominerer blandt henholdsvis hvide og r\u00f8de druesorter, og deres dyrkning er formet af forskellige jordbunde og mikroklimaer.<\/p>\n<p>Friluftsliv smelter sammen med transportkorridorer for at g\u00f8re selve rejsen til en integreret del af oplevelsen. Alpint skil\u00f8b opn\u00e5r global anerkendelse, mens vandreture og mountainbiking krydser alpine stier, der sp\u00e6nder fra tilg\u00e6ngelige dale til den formidable nordside af Eiger, hvis bestigninger - fyldt med historiske ofre - har opn\u00e5et n\u00e6sten mytisk status. Jernbaner og veje, der snor sig gennem bjergpas, afsl\u00f8rer panoramaer af tinder, gletsjere og s\u00f8er, hvilket sikrer, at Schweiz&#039; topografiske rigdomme ikke kun m\u00f8des som genstande for kontemplation, men ogs\u00e5 som bev\u00e6gelsesvektorer.<\/p>\n<p>Gennem sin konvergens af f\u00f8deral styring, geografiske mangfoldighed, \u00f8konomiske vitalitet og kulturel pluralisme bevarer Schweiz en sammenh\u00e6ngende national identitet, der er forankret i f\u00e6lles v\u00e6rdier som direkte demokrati og alpin symbolik. Dens udvikling fra en konf\u00f8deration af middelalderlige kantoner til en moderne stat eksemplificerer en syntese af lokal autonomi og kollektiv vilje \u2013 en model, der fortsat pr\u00e6ger konturerne af det schweiziske liv midt i udfordringerne i en verden i forandring.<\/p>\n<p>Som vidne til \u00e5rhundreders politisk innovation, ingeni\u00f8rm\u00e6ssige bedrifter og kunstnerisk bestr\u00e6belse h\u00e6vder Schweiz sig ikke blot som en destination, men som et eksempel p\u00e5, hvordan afm\u00e5lt regeringsf\u00f8relse, respekt for regional heterogenitet og en resolut omfavnelse af neutralitet kan forenes i et velst\u00e5ende og stabilt samfund, hvis naturlige storhed og samfundsm\u00e6ssige resultater forbliver ul\u00f8seligt forbundet.<\/p>","protected":false},"excerpt":{"rendered":"<p>Schweiz, et indlandsstat land beliggende i centrum af Vesteuropa, med en befolkning p\u00e5 omkring 8,7 millioner mennesker i 2023. Strategisk beliggende i krydset mellem flere betydningsfulde europ\u00e6iske nationer gr\u00e6nser denne lille men m\u00e6gtige nation op til Tyskland mod nord, Frankrig mod vest, Italien mod syd, \u00d8strig og Liechtenstein mod \u00f8st. Selvom de fleste mennesker bor p\u00e5 det schweiziske plateau, som er hjemsted for de st\u00f8rste byer og \u00f8konomiske kraftcentre som Z\u00fcrich, Gen\u00e8ve og Basel, dominerer de storsl\u00e5ede alper det schweiziske landskab og udg\u00f8r en betragtelig del af landets areal.<\/p>","protected":false},"author":1,"featured_media":3506,"parent":24078,"menu_order":0,"comment_status":"closed","ping_status":"closed","template":"elementor_theme","meta":{"_eb_attr":"","footnotes":""},"class_list":["post-12907","page","type-page","status-publish","has-post-thumbnail"],"_links":{"self":[{"href":"https:\/\/travelshelper.com\/da\/wp-json\/wp\/v2\/pages\/12907","targetHints":{"allow":["GET"]}}],"collection":[{"href":"https:\/\/travelshelper.com\/da\/wp-json\/wp\/v2\/pages"}],"about":[{"href":"https:\/\/travelshelper.com\/da\/wp-json\/wp\/v2\/types\/page"}],"author":[{"embeddable":true,"href":"https:\/\/travelshelper.com\/da\/wp-json\/wp\/v2\/users\/1"}],"replies":[{"embeddable":true,"href":"https:\/\/travelshelper.com\/da\/wp-json\/wp\/v2\/comments?post=12907"}],"version-history":[{"count":0,"href":"https:\/\/travelshelper.com\/da\/wp-json\/wp\/v2\/pages\/12907\/revisions"}],"up":[{"embeddable":true,"href":"https:\/\/travelshelper.com\/da\/wp-json\/wp\/v2\/pages\/24078"}],"wp:featuredmedia":[{"embeddable":true,"href":"https:\/\/travelshelper.com\/da\/wp-json\/wp\/v2\/media\/3506"}],"wp:attachment":[{"href":"https:\/\/travelshelper.com\/da\/wp-json\/wp\/v2\/media?parent=12907"}],"curies":[{"name":"wp","href":"https:\/\/api.w.org\/{rel}","templated":true}]}}