{"id":12865,"date":"2024-09-17T00:02:43","date_gmt":"2024-09-17T00:02:43","guid":{"rendered":"https:\/\/travelshelper.com\/staging\/?page_id=12865"},"modified":"2026-03-12T23:49:44","modified_gmt":"2026-03-12T23:49:44","slug":"sverige","status":"publish","type":"page","link":"https:\/\/travelshelper.com\/da\/destinations\/europe\/sweden\/","title":{"rendered":"Sverige"},"content":{"rendered":"<p>Sverige, officielt Kongeriget Sverige, bes\u00e6tter den \u00f8stlige del af den skandinaviske halv\u00f8 i Nordeuropa. Det d\u00e6kker et areal p\u00e5 450.295 kvadratkilometer og har en befolkning p\u00e5 cirka 10,6 millioner, hvoraf 88 procent bor i bycentre, der stort set er grupperet i den centrale og sydlige halvdel af landet. Sverige gr\u00e6nser op til Norge mod vest og nord og Finland mod \u00f8st og er b\u00e5de den st\u00f8rste nordiske nation m\u00e5lt p\u00e5 landmasse og demografi og den femtest\u00f8rste p\u00e5 det europ\u00e6iske kontinent. Hovedstaden, Stockholm, str\u00e6kker sig over en konstellation af \u00f8er ved knudepunktet mellem M\u00e4laren og \u00d8sters\u00f8en og fungerer som omdrejningspunktet for det politiske, \u00f8konomiske og kulturelle liv i en stat, der siden sin konsolidering i slutningen af \u200b\u200bdet tiende \u00e5rhundrede har v\u00e6vet en vedvarende fort\u00e6lling om maritim dygtighed, territorial dominans og progressiv socialpolitik.<\/p>\n<p>Den tidligste menneskelige tilstedev\u00e6relse i det, der nu er Sverige, dateres til omkring 12.000 f.Kr., da pionerj\u00e6gere og -samlere rykkede nordp\u00e5 i k\u00f8lvandet p\u00e5 de vigende iskapper. I l\u00f8bet af de efterf\u00f8lgende \u00e5rtusinder smeltede disse forskellige grupper sammen til Geaterne og Sveaerne - folk, hvis maritime f\u00e6rdigheder med tiden ville sikre deres plads blandt de nordiske s\u00f8farere, der kortlagde Nordatlanten. Ved slutningen af \u200b\u200bdet tiende \u00e5rhundrede begyndte et samlet svensk statssamfund at opst\u00e5, hvis autoritet blev styrket under et monarki, der senere skulle navigere nationen gennem Kalmarunionen (1397-1523) sammen med Danmark og Norge og efterf\u00f8lgende gennem tumulterne under Tredive\u00e5rskrigen. Denne konflikt indledte en \u00e6ra med imperial ambition; svenske bannere vajede over store dele af \u00d8sters\u00f8kysten, da det spirende imperium h\u00e6vdede sig som en europ\u00e6isk stormagt indtil begyndelsen af \u200b\u200bdet attende \u00e5rhundrede. Selvom den \u00f8stlige provins Finland blev afst\u00e5et til det kejserlige Rusland i 1809, og Sveriges sidste krigsforetagende - en tvungen union med Norge i 1814 - viste sig at v\u00e6re flygtig, omfavnede nationen derefter en kurs mod neutralitet og sociale reformer, der varslede dens moderne identitet.<\/p>\n<p>I det nuv\u00e6rende konstitutionelle monarki og parlamentariske demokrati ligger den lovgivende myndighed i den etkammerstyrede Riksdag, der best\u00e5r af 349 medlemmer valgt til at repr\u00e6sentere en enhedsstat opdelt i 21 l\u00e4n og 290 kommuner. Et kendetegn ved svensk regeringsf\u00f8relse siden det nittende \u00e5rhundrede har v\u00e6ret udvidelsen af \u200b\u200buniversel social velf\u00e6rd: sundhedspleje og videreg\u00e5ende uddannelse finansieres offentligt, hvilket underst\u00f8tter et samfund, der er rangeret som nummer fem globalt p\u00e5 Human Development Index og kendt for ekspertise inden for omr\u00e5der s\u00e5 forskellige som ligestilling mellem k\u00f8nnene, indkomstparitet og borgerrettigheder. Efter at have tiltr\u00e5dt Den Europ\u00e6iske Union den 1. januar 1995 og NATO den 7. marts 2024 opretholder Sverige et aktivt medlemskab af De Forenede Nationer, Schengenomr\u00e5det, Europar\u00e5det, Nordisk R\u00e5d, WTO og OECD, samtidig med at det bevarer sin historiske ambivalens over for v\u00e6bnet konflikt.<\/p>\n<p>Geografisk str\u00e6kker Sverige sig fra breddegraderne 55\u00b0 til 69\u00b0 N, og prim\u00e6rt fra l\u00e6ngdegraderne 11\u00b0 til 25\u00b0 \u00d8, og danner et land med bem\u00e6rkelsesv\u00e6rdig topografisk variation. Den skandinaviske bjergk\u00e6de afgr\u00e6nser sin vestlige gr\u00e6nse med Norge og giver anledning til floder af formidabel bredde - lokalt kendt som \u00e4lver - hvis mest omfattende l\u00f8b, Klar\u00e4lven-G\u00f6ta \u00e4lv-systemet, udspringer fra det centrale Norge og udfolder sig over 1.160 kilometer, f\u00f8r det n\u00e5r havet ved G\u00f6teborg. I mods\u00e6tning hertil udnytter m\u00f8llerne i den sydlige halvdel smallere \u00e5er til at betjene et t\u00e6t netv\u00e6rk af bym\u00e6ssige og landbrugsm\u00e6ssige bos\u00e6ttelser. Inde i landet d\u00e6kker skove omkring 65 procent af terr\u00e6net og giver t\u00f8mmerressourcer, der sammen med vandkraft og jernmalm underst\u00f8tter en eksportorienteret \u00f8konomi, hvor ingeni\u00f8rarbejde udg\u00f8r halvdelen af \u200b\u200bproduktionen og det udenlandske salg. V\u00e4nern \u2013 Europas tredjest\u00f8rste s\u00f8 \u2013 former sammen med V\u00e4ttern, M\u00e4laren og Hj\u00e4lmaren lavlandet i G\u00f6taland og Svealand, mens nord for polarcirklen smelter fj\u00e4ll og den boreale vildmark sammen til vidder, hvor rensdyrflokke strejfer rundt, og nordlyset danser hen over midnatshimlen.<\/p>\n<p>Klimatologisk set trodser Sverige de forenklede forventninger til de nordlige breddegrader, da dets tempererede zoner modereres af Golfstr\u00f8mmen og de fremherskende vestenvinde; somrene giver dagtemperaturer p\u00e5 mellem 19 \u00b0C og 24 \u00b0C, om vinteren gennemsnit mellem -9 \u00b0C og 3 \u00b0C, og det yderste syd kan helt undv\u00e6re kontinuerlig sned\u00e6kke. Dagslystimerne svinger dramatisk: Stockholm bader i mere end 18 timers midsommersol, men oplever s\u00e5 f\u00e5 som seks timers dagslys i december. Den \u00e5rlige nedb\u00f8r varierer fra 500 til 800 millimeter i de fleste regioner, stigende til 1200 millimeter i sydvest og over 2000 millimeter i udvalgte bjergomr\u00e5der, mens langsigtede tendenser tyder p\u00e5, at mindsket havis i Barentshavet kan \u00f8ge fremtidig snefald i hele Skandinavien.<\/p>\n<p>Sveriges kulturelle arv er lige s\u00e5 mangfoldig. Dets arkitektoniske sl\u00e6gt str\u00e6kker sig fra tr\u00e6bygninger fra den tidlige middelalder til romanske og gotiske stenkirker \u2013 eksemplificeret ved Lunds Domkirke (11. \u00e5rhundrede) og Skara Domkirke i mursten (14. \u00e5rhundrede) \u2013 og derfra til de barokke slotte og rokoko-bylandskaber fra 1700-tallet, herunder fl\u00e5debastionen Karlskrona (et UNESCO-verdensarvssted) og det kongelige Drottningholm Slot p\u00e5 Eker\u00f6. Den funktionalistiske &#034;Stockholm-udstilling&#034; fra 1930 katalyserede en modernistisk b\u00f8lge kendt som funkis, som i de efterf\u00f8lgende \u00e5rtier manifesterede sig i Millionprogrammets ekspansive boligbyggerier. Blandt nutidige vartegn tiltr\u00e6kker Avicii Arena i Stockholm sig opm\u00e6rksomhed som verdens st\u00f8rste halvkugleformede struktur med en kuppel p\u00e5 110 meter.<\/p>\n<p>Svensk k\u00f8kken, historisk set spartansk og formet af fisk, k\u00f8d, kartofler og mejeriprodukter, har udviklet sig til en raffineret tradition. Ikoniske retter \u2013 k\u00f8dboller med sovs og tytteb\u00e6rsyltet\u00f8j, pyttipanna-hash og den s\u00e6sonbestemte surstr\u00f6mming-g\u00e6ring \u2013 st\u00e5r side om side med det hyggelige sm\u00f6rg\u00e5sbord og de ceremonielle toasts over snaps og akvavit. Kn\u00e6kbr\u00f8d kan nu konkurrere med deres forf\u00e6dres flade former i mangfoldighed, og regionale specialiteter som \u00e5l i syd og fermenteret sild i nord vidner om en vedvarende forbindelse mellem geografi og gastronomi.<\/p>\n<p>Nationens transportinfrastruktur afspejler dens dobbelte engagement i forbindelse med forbindelser og milj\u00f8forvaltning. Over 162.000 kilometer asfalterede veje, 1.428 kilometer motorveje og \u00d8resundsbroen forbinder Sverige b\u00e5de internt og med Danmark; jernbanelinjer, selvom de drives privat, forbliver stort set statsejede under Trafikverket, og Stockholms metro - det eneste underjordiske system - betjener 100 stationer. Store lufthavne ved Arlanda, Landvetter og Skavsta letter international rejse, mens et omfattende netv\u00e6rk af bilf\u00e6rger og maritime sejlruter forbinder Sverige med dets baltiske naboer og den maritime sf\u00e6re af Nords\u00f8en. Alene inden for Stockholms sk\u00e6rg\u00e5rd kan bes\u00f8gende udnytte allemandsretten til at f\u00e6rdes p\u00e5 \u00f8er og vandveje, campere p\u00e5 udpegede steder og skabe intime m\u00f8der med et maritimt milj\u00f8, der har formet svensk identitet i \u00e5rhundreder.<\/p>\n<p>Administrativt og kulturelt best\u00e5r Sverige af tre historiske lande: Norrland mod nord, Svealand i midten og G\u00f6taland mod syd, der hver is\u00e6r best\u00e5r af provinser, der forbliver i den folkelige forestilling p\u00e5 trods af manglende formel regeringsmyndighed. Norrland - best\u00e5ende af fem l\u00e4n - omfatter n\u00e6sten 60 procent af landarealet, men er stadig tyndt beboet. Dets skove, floder og alpine plateauer tilbyder b\u00e5de vintersport og \u00f8koturisme. Svealand, s\u00e6de for nationens politiske og religi\u00f8se institutioner, omfatter Stockholm, Uppsala og \u00d6rebro og sporer sin sl\u00e6gt tilbage til tidlige metallurgiske centre, der drev Sveriges 30-\u00e5rskrigskampagner. G\u00f6taland, geaternes forf\u00e6drerige, vidner om middelalderlige katedraler, forf\u00e6dres gravmonumenter og moderne fritidsfaciliteter, mens dets frugtbare jord og omfattende vandveje opretholdt handelsnetv\u00e6rk, der varslede den industrielle opstigning i byer som G\u00f6teborg og Malm\u00f8.<\/p>\n<p>Sveriges byliv smelter sammen omkring de vigtigste byer. Stockholms barokke paladser og museer for samtidskunst indrammer den historiske kerne; G\u00f6teborg, engang landets f\u00f8rende havn, forener industriarv med en ber\u00f8mt botanisk have; Malm\u00f8, forbundet med K\u00f8benhavn via en bro, eksemplificerer kosmopolitisk fornyelse; Uppsala, det gamle s\u00e6de for Sveriges \u00e6rkebiskopper, har bevaret kontinentets st\u00f8rste middelalderkatedral; Lund pulserer med sit universitets kraft og ekkoer af vikingefundamenter; Visbys bef\u00e6stede omr\u00e5de minder om hanseatisk velstand; og Ume\u00e5, den nordligste by, trives blandt s\u00f8lvbirkeskove og uddannelsesm\u00e6ssig innovation. Ud over disse bidrager Link\u00f6pings luftfartscampus, Karlskronas tr\u00e6kajer og Kirunas jernmalmmine og ishotel hver is\u00e6r med distinkte kapitler til den nationale historie.<\/p>\n<p>Sveriges kulturlandskaber str\u00e6kker sig ud over byomr\u00e5der og ind i rige af barsk vildmark og folkloristisk tradition. 29 nationalparker, fra den subarktiske vidde Sarek - l\u00e6nge hyldet som Europas sidste vildmark - til de unders\u00f8iske rev i Kosterhavet, beskytter levesteder, hvor elge og jerv strejfer frit rundt, og havlivet trives under b\u00f8lgerne. Landets overflod underst\u00f8tter s\u00e6sonbestemte aktiviteter: langrend og det \u00e6rv\u00e6rdige Vasaloppet om vinteren; vandreture langs Kungsleden om sommeren; kanosejlads gennem flodkorridorer; sejlads blandt \u00f8grupper; og den \u00e6ldgamle jagt p\u00e5 b\u00e6r og svampe. Den svenske klassiske bane, en udholdenhedskvadratlon med skil\u00f8b, l\u00f8b, cykling og sv\u00f8mning, legemligg\u00f8r den etos om friluftsliv, der gennemsyrer det nationale liv.<\/p>\n<p>P\u00e5 det civile omr\u00e5de afspejler Sveriges institutioner landets etos om kollektiv velf\u00e6rd og et l\u00f8fte om egalit\u00e6rt f\u00e6llesskab. Med et BNP pr. indbygger blandt verdens h\u00f8jeste og en status som den tolvte rigeste nation balancerer landet industriel dygtighed \u2013 eksemplificeret ved Volvo, Ericsson, SAAB og IKEA \u2013 med forvaltningen af \u200b\u200bcivilsamfundet gennem foreninger, der bevarer folkekultur, h\u00e5ndv\u00e6rk og f\u00e6llesskabsliv. Frilandsmuseer som Skansen beskytter folkelig arkitektur og traditionelt h\u00e5ndv\u00e6rk; hembygdsf\u00f6reningar (lokale kulturarvsforeninger) forankrer kulturel kontinuitet; og allemandsretten (allemansr\u00e4tten) forankrer et f\u00e6lles ansvar for naturskatte.<\/p>\n<p>At rejse gennem Sverige er at opleve et rige, hvor gletsjertopografi m\u00f8der storbylivets summen, hvor \u00e5rhundredgamle stenspir pryder fyrreskove, og hvor en \u00e5benheds etos pr\u00e6ger alle aspekter af offentlig og privat indsats. Fra de frosne fjelde i Lapland til de brostensbelagte kajer i Malm\u00f8 er nationens lagdelte historie \u2013 om vikingeh\u00f8vdinge og imperiebyggere, om industrielle innovatorer og sociale reformatorer \u2013 stadig h\u00e5ndgribelig i b\u00e5de det fysiske milj\u00f8 og den kollektive fantasi. Det er et land defineret af b\u00e5de kontinuitet og forandring, et land, hvor naturens element\u00e6re kr\u00e6fter sameksisterer med de raffinerede udtryk for litteratur, design og samfundsorden og skaber en vedvarende fort\u00e6lling om kulturel og milj\u00f8m\u00e6ssig resonans.<\/p>","protected":false},"excerpt":{"rendered":"<p>Sverige, officielt omtalt som Kongeriget Sverige, er en nordisk nation beliggende p\u00e5 den skandinaviske halv\u00f8 i Nordeuropa, med en befolkning p\u00e5 omkring 10,6 millioner indbyggere. Strategisk mellem Norge mod vest og nord og Finland mod \u00f8st ligger Sverige. D\u00e6kker et fantastisk omr\u00e5de p\u00e5 450.295 kvadratkilometer (173.656 kvadrat miles) med varieret terr\u00e6n, det er det st\u00f8rste nordiske land s\u00e5vel som det femtest\u00f8rste land i Europa. Den lave befolkningst\u00e6thed p\u00e5 omkring 25,5 individer pr. kvadratkilometer som f\u00f8lge af den store udstr\u00e6kning af dette land kombineret med dets ret lille befolkning definerer Norden.<\/p>","protected":false},"author":1,"featured_media":3377,"parent":24078,"menu_order":0,"comment_status":"closed","ping_status":"closed","template":"elementor_theme","meta":{"_eb_attr":"","footnotes":""},"class_list":["post-12865","page","type-page","status-publish","has-post-thumbnail"],"_links":{"self":[{"href":"https:\/\/travelshelper.com\/da\/wp-json\/wp\/v2\/pages\/12865","targetHints":{"allow":["GET"]}}],"collection":[{"href":"https:\/\/travelshelper.com\/da\/wp-json\/wp\/v2\/pages"}],"about":[{"href":"https:\/\/travelshelper.com\/da\/wp-json\/wp\/v2\/types\/page"}],"author":[{"embeddable":true,"href":"https:\/\/travelshelper.com\/da\/wp-json\/wp\/v2\/users\/1"}],"replies":[{"embeddable":true,"href":"https:\/\/travelshelper.com\/da\/wp-json\/wp\/v2\/comments?post=12865"}],"version-history":[{"count":0,"href":"https:\/\/travelshelper.com\/da\/wp-json\/wp\/v2\/pages\/12865\/revisions"}],"up":[{"embeddable":true,"href":"https:\/\/travelshelper.com\/da\/wp-json\/wp\/v2\/pages\/24078"}],"wp:featuredmedia":[{"embeddable":true,"href":"https:\/\/travelshelper.com\/da\/wp-json\/wp\/v2\/media\/3377"}],"wp:attachment":[{"href":"https:\/\/travelshelper.com\/da\/wp-json\/wp\/v2\/media?parent=12865"}],"curies":[{"name":"wp","href":"https:\/\/api.w.org\/{rel}","templated":true}]}}