{"id":12648,"date":"2024-09-16T18:01:50","date_gmt":"2024-09-16T18:01:50","guid":{"rendered":"https:\/\/travelshelper.com\/staging\/?page_id=12648"},"modified":"2026-03-13T00:14:59","modified_gmt":"2026-03-13T00:14:59","slug":"det-forenede-kongerige","status":"publish","type":"page","link":"https:\/\/travelshelper.com\/da\/destinations\/europe\/united-kingdom\/","title":{"rendered":"Det Forenede Kongerige"},"content":{"rendered":"<p>Det Forenede Kongerige Storbritannien og Nordirland, et arkipelagisk rige p\u00e5 244.376 km\u00b2, beliggende ud for den nordvestlige kant af det europ\u00e6iske kontinent, har i 2023 over 68,2 millioner indbyggere. Denne union af fire nationer - England, Skotland, Wales og Nordirland - omfatter Storbritanniens hoved\u00f8, \u200b\u200bden nord\u00f8stlige sjettedel af Irland og en konstellation af mindre \u00f8er spredt mellem Atlanterhavet, Nords\u00f8en, Den Engelske Kanal, Det Keltiske Hav og Det Irske Hav. Den danner et b\u00e5de geografisk og politisk v\u00e6v. Dens yderpunkter er adskilt fra Nordfrankrig af blot 35 kilometer under Den Engelske Kanal, men alligevel bundet til Europa af den 50 kilometer lange Kanaltunnel.<\/p>\n<p>Fra de f\u00f8rste fodspor presset ned i den neolitiske jord til de romerske legioners udbredelse i \u00e5r 43 e.Kr. har de britiske \u00f8er b\u00e5ret vidnesbyrd om uoph\u00f8rlig menneskelig indsats. Efter to \u00e5rhundreders romersk herred\u00f8mme veg de afg\u00e5ende legioner pladsen for angelsaksiske bos\u00e6ttelser, der gennem \u00e5rhundreder forbandt forskellige kongeriger. Den normanniske erobring i 1066 omkalibrerede Englands kurs og skabte en feudal orden, der ved afslutningen af \u200b\u200bRosekrigene i slutningen af \u200b\u200bdet femtende \u00e5rhundrede ville resultere i et centraliseret engelsk monarki klar til ekspansion. I det sekstende \u00e5rhundrede var Wales annekteret; i l\u00f8bet af de efterf\u00f8lgende \u00e5rhundreder smeltede en imperial ambition sammen til det britiske imperium, hvis herred\u00f8mme p\u00e5 sit h\u00f8jdepunkt i 1920&#039;erne ville str\u00e6kke sig over en fjerdedel af planetens landmasse og befolkning. Alligevel ville alvoren af \u200b\u200bto verdenskrige og den ub\u00f8nh\u00f8rlige tidevand af afkolonisering erodere denne globale r\u00e6kkevidde og efterlade et moderne Commonwealth af uafh\u00e6ngige stater og det nuv\u00e6rende Storbritannien, etableret ved Royal and Parliamentary Titles Act af 1927.<\/p>\n<p>Kronens residens p\u00e5 Westminster Palace, selvom den engang havde en monolitisk magt, blev begr\u00e6nset i l\u00f8bet af det syttende \u00e5rhundrede - is\u00e6r af den engelske borgerkrig - og gav gradvist anledning til premierministerembedet under den georgianske \u00e6ra. Unionslovene fra 1707 fusionerede England og Skotland til Storbritannien, mens Unionslovene fra 1800 forenede Irland og dannede Det Forenede Kongerige Storbritannien og Irland. L\u00f8srivelsen af \u200b\u200bdet meste af Irland i 1922 omformede riget til dets moderne iteration, der bestod af fire forskellige jurisdiktioner: England og Wales, Skotland og Nordirland. Siden 1999 har Skotland, Wales og Nordirland ud\u00f8vet decentraliseret myndighed i sp\u00f8rgsm\u00e5l lige fra uddannelse til sundhed, selvom Westminster bevarer tilsynet med forsvar, udenrigsanliggender og makro\u00f8konomisk politik.<\/p>\n<p>Geografisk set str\u00e6kker Storbritannien sig over breddegraderne 49\u00b0 til 61\u00b0 N og l\u00e6ngdegraderne 9\u00b0 V til 2\u00b0 \u00d8, hvor hoved\u00f8ens 17.820 km kystlinje bidrager til en samlet \u00f8kyst p\u00e5 n\u00e6sten 31.368 km - selvom det n\u00f8jagtige tal svinger med de b\u00f8lgende m\u00e5l i kystlinjeparadokset. Nordirlands 499 km lange landegr\u00e6nse med Republikken Irland vidner om \u00f8ens komplekse deling, mens landets 650 km lange kystlinje indrammer dens b\u00f8lgende bakker og spredte s\u00f8er. Under det tempererede maritime klima, der er domineret af milde, fugtige sydvestlige vinde, der opvarmes af Golfstr\u00f8mmen, oplever Storbritannien sj\u00e6ldent ekstremer - vinterfrosten falder sj\u00e6ldent langt under 0 \u00b0C (32 \u00b0F), og sommertemperaturerne holder sig heller ikke over 30 \u00b0C (86 \u00b0F) - selv n\u00e5r h\u00f8jlandsenklaver i Skotland n\u00e6rmer sig subarktiske og tundraforhold. Den \u00e5rlige solskinstid er i gennemsnit omkring 1.340 timer, selvom regionale variationer ser i alt mellem cirka 1.200 og 1.580 timer, et tal der har haft en opadg\u00e5ende tendens siden slutningen af \u200b\u200b1990&#039;erne.<\/p>\n<p>Under denne klimatiske paraply ligger fire terrestriske \u00f8koregioner: keltiske l\u00f8vskove, b\u00f8geskove i det engelske lavland, fugtige blandede skove i det nordatlantiske omr\u00e5de og n\u00e5leskove i Caledonien. Omtrent 3,25 millioner hektar - omkring 13 procent af landet - er d\u00e6kket af skov, et vidnesbyrd om b\u00e5de naturlig vedholdenhed og m\u00e5lrettet bevaring. Det belgiske netv\u00e6rk af motorveje og jernbanearterier har Royal Greenwich Observatorys meridianlinje indskrevet ved l\u00e6ngdegrad nul, en varig mark\u00f8r for Storbritanniens centrale rolle i kortl\u00e6gningen af \u200b\u200bkloden.<\/p>\n<p>Som verdens f\u00f8rste industrialiserede nation drev Storbritanniens teknologiske fremskridt, mekaniserede landbrug og fabriksproduktion i det attende og nittende \u00e5rhundrede landet til \u00f8konomisk overlegenhed. London udviklede sig til verdens f\u00f8rende finansielle centrum og orkestrerede daglige valutavekslingstransaktioner, der nu udg\u00f8r 38,1 procent af et marked p\u00e5 7,5 billioner amerikanske dollars. Selv da imperiet, underst\u00f8ttet af robuste handelsnetv\u00e6rk og en enorm handelsfl\u00e5de, skrumpede ind efter to globale konflikter og b\u00f8lger af afkolonisering, bevarede Storbritannien meget af sin finansielle indflydelse. I dag rangerer landet blandt de st\u00f8rste \u00f8konomier m\u00e5lt p\u00e5 nominelt BNP, og dets valuta - pund sterling - er den fjerdemest handlede og fjerdest\u00f8rste reservevaluta p\u00e5 verdensplan, og dens historiske binding er up\u00e5virket af redenominering.<\/p>\n<p>Men under disse facader af velstand ligger der markante uligheder. Storbritanniens sociale markeds\u00f8konomi har, selvom den har et h\u00f8jt Human Development Index, ogs\u00e5 en af \u200b\u200bde h\u00f8jeste indkomstforskelle i OECD. Finanspolitikken har l\u00e6nge s\u00f8gt at forene markedsdynamik med social velf\u00e6rd, selvom debatter om balancen forts\u00e6tter i parlamentet og blandt befolkningen. Trods s\u00e5danne sp\u00e6ndinger bevarer britisk bl\u00f8d magt sin formidable indflydelse: juridiske rammer modelleret efter engelsk common law, det engelske sprogs allestedsn\u00e6rv\u00e6relse - nu det mest talte p\u00e5 verdensplan og det tredjemest almindelige modersm\u00e5l - og den globale spredning af kulturel eksport fra Shakespeare til The Beatles vidner om en kulturel resonans, der str\u00e6kker sig langt ud over disse \u00f8er.<\/p>\n<p>England, den st\u00f8rste bestanddel b\u00e5de m\u00e5lt p\u00e5 areal og befolkning - og tegner sig for 53 procent af det samlede landareal p\u00e5 130.395 km\u00b2 - er kendetegnet ved sit dikotome lavlands- og h\u00f8jlandsterr\u00e6n. Under den diagonale str\u00e6kning af Tees-Exe-linjen ligger pastorale sletter: Norfolk Broads, South Downs, New Forest og Cornwalls b\u00f8lgende udsigter. Mod nordvest klatrer Lake Districts fjelde og dale mod Scafell Pikes 978 meter; Penninerne og Yorkshire Dales andre steder skaber en robust silhuet, mens Exmoor og Dartmoor fremkalder urtids hedelandskab.<\/p>\n<p>Skotland, der d\u00e6kker 32 procent af riget med 78.772 km\u00b2, er et land med kontraster. N\u00e6sten 800 \u00f8er ligger spredt ud for kysten \u2013 Hebriderne, Orkney\u00f8erne, Shetland \u2013 mens h\u00f8jlandet udg\u00f8r st\u00f8rstedelen af \u200b\u200bdet bjergrige territorium. Inde i landet byder Loch Lomond og Trossachs p\u00e5 krystalklart vand indrammet af gamle skovomr\u00e5der; l\u00e6ngere nordp\u00e5 troner Ben Nevis som de britiske \u00f8ers h\u00f8jeste top med sine 1.345 meter. Ud over de barske panoramaer pulserer det kosmopolitiske Edinburgh og Glasgow med arkitektur, festivaler og industri.<\/p>\n<p>Wales, der d\u00e6kker mindre end 9 procent af Storbritanniens areal (8.020 kvadratkilometer eller 20.779 km\u00b2), h\u00e6vder sin bjergrige karakter i Snowdonia, hjemsted for Yr Wyddfa - Snowdon - der rejser sig til 1.085 meter. Pembrokeshire-kysten, med over 2.704 km kystlinje, indbyder til ambulerende udforskning, og Anglesey st\u00e5r som den st\u00f8rste af flere \u00f8er ud for kysten og opretholder gamle keltiske traditioner side om side med det moderne liv.<\/p>\n<p>Nordirland, der d\u00e6kker 14.160 km\u00b2, er defineret af b\u00f8lgende h\u00f8jland, den vidtstrakte Lough Neagh \u2013 388 km\u00b2, den st\u00f8rste s\u00f8 p\u00e5 de britiske \u00f8er \u2013 og de historiske basalts\u00f8jler i Giant&#039;s Causeway, der er p\u00e5 UNESCOs verdensarvsliste. Dens h\u00f8jeste top, Slieve Donard i Mournes, n\u00e5r 852 meter, en stille vagtpost til \u00e5rhundreders kulturel udveksling og konflikt.<\/p>\n<p>Ud over det egentlige Storbritannien ligger kronbesiddelserne \u2013 Guernsey og dets satellitter Alderney, Herm og Sark samt Jersey \u2013 der hver is\u00e6r byder p\u00e5 rester af anglo-normannisk arv og til tider uventede klimaer formet af n\u00e6rheden til det kontinentale Frankrig. Isle of Man, midt i Den Engelske Kanal, bevarer sine keltiske skikke, et \u00e5rligt TT-motorcykell\u00f8b og verdens \u00e6ldste parlament. L\u00e6ngere v\u00e6k udvider fjorten overs\u00f8iske territorier \u2013 fra den subtropiske sk\u00f8nhed p\u00e5 Bermuda og Cayman\u00f8erne til de vindbl\u00e6ste vidder i Britisk Antarktis \u2013 kronens r\u00e6kkevidde, der hver is\u00e6r styres af s\u00e6rlige love og geografisk afsidesliggende stier.<\/p>\n<p>Inden for de fire nationer pr\u00e6senterer byer og landsbyer en mosaik af historier. London, en metropol uden sidestykke i global indflydelse, fyldt med vartegn \u2013 Westminster, Towern, British Museum \u2013 hver is\u00e6r en tr\u00e5d i en evigt udviklende fort\u00e6lling. Belfast, der er opst\u00e5et fra byfornyelsen, pulserer af kreativ energi, mens Bristol balancerer georgianske facader og moderne kunst med maritim arv. Cardiffs kulfyrede fortid giver plads til en livlig kunstscene ved bugten; Edinburgh, kun overg\u00e5et af London i antal bes\u00f8gende, afholder verdens st\u00f8rste kunstfestival hver august midt i middelalderlige lukker og vulkanske klipper. Glasgow forener victoriansk pragt med kunstnerisk innovation, Liverpool genopliver sin havnebyarv gennem musik og sport, og Manchester har gennem \u00e5rtier omdannet sig fra industrielt epicenter til kulturel smeltedigel. Yorks gamle volde og romerske rester vidner om \u00e5rtusinders menneskelige gobeliner v\u00e6vet ind i byens gadeplan.<\/p>\n<p>Men selv ud over disse bym\u00e6ssige m\u00f8der udfolder Storbritannien sig p\u00e5 unikke steder med element\u00e6rt drama. Giant&#039;s Causeways polygonale s\u00f8jler rejser sig fra Atlanterhavet, Gower-halv\u00f8ens klipper indrammer saltvand fra Swansea Bay, og de smuldrende sten fra Hadrians mur tegner Roms fjerneste ambitioner. Isle of Arran, ofte beskrevet som &#034;Skotland i miniature&#034;, kondenserer bjerge, skov og kyst til en enkelt udflugt, mens Lake Districts vandbassiner afspejler Wordsworths klagende vers. I dybet af Loch Ness r\u00f8rer folklore sig langs gamle kystlinjer, og Peak District lokker millioner til sine tilg\u00e6ngelige h\u00f8jder. Snowdonias skiferbekl\u00e6dte tinder inviterer til udfordringer for b\u00e5de muskler og sind, og Stonehenges monolitiske sten, der er blevet slidt i 4.500 \u00e5r, forts\u00e6tter med at fortrylle b\u00e5de forskere og pilgrimme.<\/p>\n<p>Kulturelt rig og \u00f8kologisk varieret, politisk nuanceret, men alligevel forenet af f\u00e6lles institutioner, st\u00e5r Storbritannien i dag ved en korsvej mellem historie og modernitet. Dets konstitutionelle monarki og parlamentariske demokrati - opdelt i tre forskellige retssystemer, men bundet under \u00e9n krone - skaber en balance mellem gammel skik og moderne regeringsf\u00f8relse. Dets \u00f8konomi, der p\u00e5 \u00e9n gang er markedsdrevet og socialt bevidst, k\u00e6mper med ulighed, selvom det behersker globale markeder inden for finans og handel. Dets sprog, litteratur, musik og sport udstr\u00e5ler bl\u00f8d magt, der langt overskrider dets fysiske gr\u00e6nser og former global diskurs og identitet. For den rejsende, forskeren eller beboeren pr\u00e6senterer disse \u00f8er ikke et statisk tableau, men en evigt udviklende fort\u00e6lling - en fort\u00e6lling, hvor fortid og nutid konstant samtaler sammen, hvor de informerer hinanden i en dialog, der p\u00e5 \u00e9n gang er intim og storsl\u00e5et i omfang.<\/p>","protected":false},"excerpt":{"rendered":"<p>Det Forenede Kongerige Storbritannien og Nordirland, ofte omtalt som Storbritannien (UK) eller Storbritannien, er en suver\u00e6n nation beliggende ud for den nordvestlige kyst af det europ\u00e6iske kontinent. Med en befolkning p\u00e5 omkring 67,6 millioner i 2022 str\u00e6kker Storbritannien sig over Den Engelske Kanal mod syd og Nords\u00f8en mod \u00f8st og indtager en strategisk position i Nordatlanten. Denne \u00f8nation, der best\u00e5r af fire separate lande - England, Skotland, Wales og Nordirland - d\u00e6kker et samlet areal p\u00e5 244.376 km\u00b2.<\/p>","protected":false},"author":1,"featured_media":4691,"parent":24078,"menu_order":0,"comment_status":"closed","ping_status":"closed","template":"elementor_theme","meta":{"_eb_attr":"","footnotes":""},"class_list":["post-12648","page","type-page","status-publish","has-post-thumbnail"],"_links":{"self":[{"href":"https:\/\/travelshelper.com\/da\/wp-json\/wp\/v2\/pages\/12648","targetHints":{"allow":["GET"]}}],"collection":[{"href":"https:\/\/travelshelper.com\/da\/wp-json\/wp\/v2\/pages"}],"about":[{"href":"https:\/\/travelshelper.com\/da\/wp-json\/wp\/v2\/types\/page"}],"author":[{"embeddable":true,"href":"https:\/\/travelshelper.com\/da\/wp-json\/wp\/v2\/users\/1"}],"replies":[{"embeddable":true,"href":"https:\/\/travelshelper.com\/da\/wp-json\/wp\/v2\/comments?post=12648"}],"version-history":[{"count":0,"href":"https:\/\/travelshelper.com\/da\/wp-json\/wp\/v2\/pages\/12648\/revisions"}],"up":[{"embeddable":true,"href":"https:\/\/travelshelper.com\/da\/wp-json\/wp\/v2\/pages\/24078"}],"wp:featuredmedia":[{"embeddable":true,"href":"https:\/\/travelshelper.com\/da\/wp-json\/wp\/v2\/media\/4691"}],"wp:attachment":[{"href":"https:\/\/travelshelper.com\/da\/wp-json\/wp\/v2\/media?parent=12648"}],"curies":[{"name":"wp","href":"https:\/\/api.w.org\/{rel}","templated":true}]}}