{"id":12305,"date":"2024-09-15T22:10:07","date_gmt":"2024-09-15T22:10:07","guid":{"rendered":"https:\/\/travelshelper.com\/staging\/?page_id=12305"},"modified":"2026-03-12T18:44:28","modified_gmt":"2026-03-12T18:44:28","slug":"nordmakedonien","status":"publish","type":"page","link":"https:\/\/travelshelper.com\/da\/destinations\/europe\/north-macedonia\/","title":{"rendered":"Nordmakedonien"},"content":{"rendered":"<p>Republikken Nordmakedonien d\u00e6kker et indlandsomr\u00e5de i den sydlige del af Balkanhalv\u00f8en og omfatter cirka 25.436 kvadratkilometer. Landet str\u00e6kker sig over breddegraderne 40\u00b0 til 43\u00b0 N og l\u00e6ngdegraderne 20\u00b0 til 23\u00b0 \u00d8 og udg\u00f8r den nordlige tredjedel af den bredere geografiske region, der historisk set er kendt som Makedonien. Landet gr\u00e6nser mod nord op til Serbien, mod nordvest til Kosovo, mod vest til Albanien, mod syd til Gr\u00e6kenland og mod \u00f8st til Bulgarien, med en samlet landgr\u00e6nse p\u00e5 omkring 748 kilometer. Skopje, landets hovedstad og st\u00f8rste bycentrum, har omkring en fjerdedel af sin befolkning, som overstiger 1,83 millioner indbyggere. Den demografiske majoritet best\u00e5r af etniske makedonere, et sydslavisk folk, mens albanere udg\u00f8r omkring en fjerdedel af befolkningen; mindre samfund omfatter tyrkere, romaer, serbere, bosniakker, aromanere og andre grupper.<\/p>\n<p>Optegnelserne over menneskelig bos\u00e6ttelse i det omr\u00e5de, der nu er kendt som Nordmakedonien, str\u00e6kker sig tilbage til det antikke kongerige Paionien. I slutningen af \u200b\u200bdet sjette \u00e5rhundrede f.Kr. faldt regionen under de ak\u00e6menidiske perseres herred\u00f8mme, kun for at blive indlemmet i det spirende kongerige Makedonien i det fjerde \u00e5rhundrede f.Kr. Den romerske republik annekterede omr\u00e5det i det andet \u00e5rhundrede f.Kr. og integrerede det i provinsen Makedonien. Efter delingen af \u200b\u200bdet romerske rige forblev territoriet under byzantinsk myndighed, p\u00e5 trods af gentagne indtr\u00e6ngen og bos\u00e6ttelser af slaviske stammer fra det sjette \u00e5rhundrede e.Kr. og fremefter. I de efterf\u00f8lgende \u00e5rhundreder svingede kontrollen mellem konkurrerende bulgarske, byzantinske og serbiske statssamfund, indtil det osmanniske rige underlagde regionen i midten af \u200b\u200bdet fjortende \u00e5rhundrede. Osmannisk styre varede indtil begyndelsen af \u200b\u200bdet tyvende \u00e5rhundrede, hvor Balkankrigene i 1912 og 1913 placerede Nordmakedoniens moderne gr\u00e6nser under serbisk suver\u00e6nitet.<\/p>\n<p>Omv\u00e6ltningerne i det tyvende \u00e5rhundrede medf\u00f8rte yderligere \u00e6ndringer i regeringsf\u00f8relsen. Under F\u00f8rste Verdenskrig administrerede Bulgarien territoriet, men krigens afslutning genoprettede serbisk styre inden for det nyoprettede kongerige af serbere, kroater og slovenere. Under Anden Verdenskrig overgik kontrollen igen til Bulgarien, og med etableringen af \u200b\u200bDen Socialistiske F\u00f8derative Republik Jugoslavien i 1945 blev regionen en af \u200b\u200bdens seks republikker. En fredelig l\u00f8srivelse i 1991 gav fuld uafh\u00e6ngighed, og i 1993 tiltr\u00e5dte landet De Forenede Nationer under den midlertidige betegnelse &#034;Den Tidligere Jugoslaviske Republik Makedonien&#034; (FYR Makedonien) p\u00e5 grund af en navnekonflikt med Gr\u00e6kenland. Efter langvarige forhandlinger l\u00f8ste Prespa-aftalen fra 2018 denne strid ved at fasts\u00e6tte den officielle titel Republikken Nordmakedonien, som tr\u00e5dte i kraft i begyndelsen af \u200b\u200b2019.<\/p>\n<p>Siden uafh\u00e6ngigheden har Nordmakedonien bestr\u00e6bt sig p\u00e5 at integrere sig i euro-atlantiske strukturer. Landet tiltr\u00e5dte NATO i 2020 og er medlem af Europar\u00e5det, Verdensbanken, Organisationen for Sikkerhed og Samarbejde i Europa (OSCE), Den Centraleurop\u00e6iske Frihandelsaftale (CEFTA), Organisationen for Sortehavsregionens \u00d8konomiske Samarbejde (BSEC) og Verdenshandelsorganisationen (WTO). Landet har v\u00e6ret kandidat til medlemskab af Den Europ\u00e6iske Union siden 2005 og har gennemf\u00f8rt omfattende \u00f8konomiske reformer for at g\u00e5 fra et socialistisk, centralt planlagt system til en \u00e5ben markeds\u00f8konomi. Nordmakedonien, der af Verdensbanken er klassificeret som en \u00f8vre middelindkomstnation, udviser en udviklingslandsprofil med et meget h\u00f8jt Human Development Index, lav indkomstulighed og offentligt finansieret social sikring, universel sundhedspleje og gratis grundskole- og ungdomsuddannelse.<\/p>\n<p>Nordmakedoniens topografi er domineret af en central dal, der er udsk\u00e5ret af Vardar-floden og omgivet af bjergk\u00e6der. Terr\u00e6net, der str\u00e6kker sig mellem \u0160ar-bjergene i nordvest og Osogovo-Belasica-k\u00e6den i syd\u00f8st, er stort set barskt. Tre store s\u00f8er - Ohrid, Prespa og Dojran - str\u00e6kker sig over landets sydlige gr\u00e6nser, delvist delt med Albanien og Gr\u00e6kenland. Ohrid-s\u00f8en er blandt de \u00e6ldste s\u00f8er i verden, sammen med sit unikke akvatiske \u00f8kosystem. Regionen ligger i en aktiv seismisk zone; is\u00e6r et \u00f8del\u00e6ggende jordsk\u00e6lv i 1963 beskadigede Skopje alvorligt og resulterede i over 1000 d\u00f8dsfald.<\/p>\n<p>To prim\u00e6re bjergsystemer definerer landets relief. \u0160ar-bjergene og Vestvardar\/Pelagonia-k\u00e6den, der omfatter toppe som Baba-bjerget, Nid\u017ee, Ko\u017euf og Jakupica, er en del af det dinariske system og er geologisk yngre og h\u00f8jere end Osogovo-Belasica (Rhodope)-k\u00e6den. Korab-bjerget, der n\u00e5r 2.764 meter p\u00e5 gr\u00e6nsen til Albanien, repr\u00e6senterer landets h\u00f8jeste top. Hydrologisk set l\u00f8ber Nordmakedoniens vandveje ud i tre bassiner: Det \u00c6g\u00e6iske Hav, Adriaterhavet og Sortehavet. Det \u00c6g\u00e6iske Hav-bassin d\u00e6kker omkring 22.075 kvadratkilometer - cirka 87 procent af territoriet - hvor Vardar-floden alene kanaliserer vand fra 80 procent af landarealet. Det Adriatiske Hav-bassin, defineret af Sorte Drin-floden og fodret af Prespa- og Ohrid-s\u00f8erne, omfatter 3.320 kvadratkilometer eller 13 procent af landet. Sortehavsbassinet er det mindste og dr\u00e6ner kun 37 kvadratkilometer nord for Skopska Crna Gora-bjerget via Bina\u010dka Morava og Morava-Donau-systemet. Ud over de tre naturlige s\u00f8er indeholder landet omkring halvtreds menneskeskabte damme og er v\u00e6rt for ni kurbyer og feriesteder, der er kendt for deres mineralvand.<\/p>\n<p>Klimatisk set oplever Nordmakedonien fire forskellige \u00e5rstider. Somrene er typisk varme og t\u00f8rre, med temperaturer, der lejlighedsvis stiger til 40 \u00b0C, is\u00e6r i de sydlige omr\u00e5der Demir Kapija og Gevgelija, hvor subtropisk pres fra Det \u00c6g\u00e6iske Hav og p\u00e5virkninger fra Mellem\u00f8sten skaber langvarige varmeperioder. Vintrene er moderat kolde og snerige, med lave temperaturer, der falder til -20 \u00b0C under p\u00e5virkning af nordlige vinde. Klimaet er opdelt i tre hovedzoner: et mildt kontinentalt klima i nord, et tempereret middelhavsm\u00f8nster i syd og et bjergrigt klima i h\u00f8jereliggende omr\u00e5der. Den \u00e5rlige nedb\u00f8r varierer betydeligt, fra 1.700 mm i de vestlige bjerge til 500 mm i det \u00f8stlige lavland; Vardar-dalen registrerer ligeledes omkring 500 mm om \u00e5ret. Disse klimatiske og kunstvandingsm\u00e6ssige forskelle underst\u00f8tter dyrkning af forskellige afgr\u00f8der, herunder hvede, majs, kartofler, valmuer, jordn\u00f8dder og ris. Tredive prim\u00e6re meteorologiske stationer over hele landet overv\u00e5ger vejr og klima.<\/p>\n<p>Administrativt er Nordmakedonien opdelt i otte statistiske regioner, der udelukkende er udarbejdet til juridiske og statistiske form\u00e5l: \u00d8stlige, Nord\u00f8stlige, Pelagonia, Polog, Skopje, Syd\u00f8stlige, Sydvestlige og Vardar. I august 2004 oprettede en reform 84 kommuner, hvoraf ti danner byen Skopje - en selvst\u00e6ndig selvstyrende enhed og den nationale hovedstad. Reformen konsoliderede mange af de 123 kommuner, der havde eksisteret siden 1996, og reviderede gr\u00e6nser og fusionerede mindre enheder efter behov. F\u00f8r indf\u00f8relsen af \u200b\u200bkommuner fungerede den lokale styring gennem 34 administrative distrikter eller kommuner.<\/p>\n<p>Turisme udg\u00f8r en betydelig del af landets \u00f8konomi og tegnede sig for 6,7 procent af bruttonationalproduktet i 2016 og genererede cirka 38,5 milliarder denarer (616 millioner euro) i indt\u00e6gter. Den v\u00e6bnede konflikt i 2001 repr\u00e6senterede det alvorligste tilbageslag for turismen efter uafh\u00e6ngigheden; antallet af bes\u00f8gende er dog siden steget igen og steg med 14,6 procent i 2011. I 2019 b\u00f8d nationen 1.184.963 turister velkommen, hvoraf 757.593 var udenlandske g\u00e6ster, prim\u00e6rt fra Tyrkiet, nabolandene Serbien, Gr\u00e6kenland og Bulgarien, samt Polen og andre vesteurop\u00e6iske lande. Cirka 60 procent af de bes\u00f8gende koncentrerer sig i Skopje og den sydvestlige region, tiltrukket af kulturarv, bym\u00e6ssige faciliteter og naturlandskaber. S\u00f8turisme, centreret omkring Ohrid, Prespa og Dojran, udg\u00f8r den mest fremtr\u00e6dende gren, underst\u00f8ttet af over halvtreds mindre gletsjers\u00f8er. Bjergturismen er ogs\u00e5 veludviklet med seksten tinder, der overstiger 2000 meter, mens land- og \u00f8koturisme, byturisme og kulturturisme blomstrer gennem gastronomi, traditionel musik, festivaler og kulturarvssteder.<\/p>\n<p>Transportinfrastruktur er fortsat afg\u00f8rende for Nordmakedoniens \u00f8konomiske udvikling. Som en indlandsstat i hjertet af Balkan fungerer landet som en transitkorridor for varer, der bev\u00e6ger sig fra havnen i Thessaloniki i Gr\u00e6kenland gennem Balkans indre til Vest-, Central- og \u00d8steuropa samt via Bulgarien mod \u00f8st. I 2019 strakte vejnettet sig over cirka 10.591 kilometer, hvoraf omkring 6.000 kilometer var asfalteret. Den prim\u00e6re hovedf\u00e6rdsels\u00e5re f\u00f8lger Vardar-dalens nord-syd-akse, is\u00e6r den europ\u00e6iske rute E75, der forbinder Gr\u00e6kenland med Serbien og videre. Jernbanenettet, der drives af Makedonski \u017deleznici, str\u00e6kker sig over 922 kilometer; dens hovedlinje l\u00f8ber fra den serbiske gr\u00e6nse gennem Kumanovo, Skopje og Veles til Gevgelija p\u00e5 den gr\u00e6ske gr\u00e6nse. Siden 2001 har en linje, der forbinder Nordmakedonien med Bulgarien ved Beljakovci, muliggjort den potentielle forbindelse mellem Skopje og Sofia. Skopje fungerer som det prim\u00e6re jernbaneknudepunkt, med Veles og Kumanovo som sekund\u00e6re knudepunkter.<\/p>\n<p>Posttjenester leveres af den statsejede virksomhed North Macedonia Post, etableret i 1992 som PTT Macedonia og optaget i Verdenspostunionen i 1993; i 1997 blev post- og telekommunikationsfunktionerne adskilt, hvilket gav Macedonian Telekom og North Macedonia Post. Vandtransport er begr\u00e6nset til s\u00f8trafik p\u00e5 Ohrid og Prespa, prim\u00e6rt til turisme. Luftfartsinfrastrukturen omfatter sytten flyvepladser, elleve med asfalterede landingsbaner, og to internationale lufthavne: Skopje International Airport og Ohrid St. Paul the Apostle Airport.<\/p>\n<p>If\u00f8lge den nationale folket\u00e6lling fra 2021 var befolkningen i Nordmakedonien 1.836.713, hvilket giver en befolkningst\u00e6thed p\u00e5 72,2 personer pr. kvadratkilometer og en gennemsnitsalder p\u00e5 40,08 \u00e5r. Folket\u00e6llingen registrerede 598.632 husstande med et gennemsnit p\u00e5 3,06 medlemmer hver, og en n\u00e6sten ligelig k\u00f8nsfordeling p\u00e5 50,4 procent kvinder til 49,6 procent m\u00e6nd. Etnisk set dominerer makedonere, efterfulgt af albanere - som er koncentreret i det nordvestlige - tyrkere, der officielt t\u00e6ller omkring 70.000, men som if\u00f8lge uofficielle sk\u00f8n er s\u00e5 h\u00f8je som 200.000 og muligvis op til 260.000 romaer i nogle vurderinger. Mindre grupper omfatter serbere, bosniakker og aromanere.<\/p>\n<p>Kulturlivet i Nordmakedonien afspejler en rig arv inden for kunst, arkitektur, litteratur og musik, med adskillige gamle religi\u00f8se monumenter, der er beskyttet som nationale skatte. Kirkelig arkitektur bugner af byzantinske fresker, der stammer fra det ellevte til det sekstende \u00e5rhundrede; flere tusinde kvadratmeter af disse malerier er bevaret i fremragende stand og eksemplificerer den makedonske ikonografiske skole. \u00c5rlige begivenheder inkluderer Ohrid Sommerfestival for klassisk musik og drama, Struga Poetry Evenings - som samler digtere fra over halvtreds lande - den internationale kamerafestival i Bitola, Open Youth Theatre Festival og Skopje Jazz Festival. Nationaloperaen, der blev indviet i 1947 som den makedonske opera, iscenesatte sin f\u00f8rste produktion af Cavalleria rusticana under dirigent Branko Pomori\u0161ac; siden 1972 pr\u00e6senterer majoperaaftenerne i Skopje to til tre ugers natlige forestillinger, startende med Kiril Makedonskis Tsar Samuil.<\/p>\n<p>Kulinariske traditioner afspejler landets placering i krydsfeltet mellem Balkan, Middelhavet og Mellem\u00f8sten. Et varmt klima giver rigelige m\u00e6ngder gr\u00f8ntsager, urter og frugter, mens lokale mejerier og vinmarker producerer v\u00e6rdsatte oste og vine. Rakija, en frugtbrandy, ledsager tav\u010de grav\u010de - bagte b\u00f8nner med r\u00f8de peberfrugter - som i vid udstr\u00e6kning betragtes som nationalretten. Mastika, en anislik\u00f8r, er nationaldrik. Andre popul\u00e6re specialiteter inkluderer \u0160opska-salat, ajvar (ristet r\u00f8d peberfrugter), fyldte peberfrugter og pastrmajlija (en slags k\u00f8dt\u00e6rte).<\/p>\n<p>Bycentrene sp\u00e6nder fra det vidtstrakte storbyomr\u00e5de Skopje, hjemsted for mere end en halv million indbyggere og fyldt med osmanniske moskeer, neoklassiske facader, den middelalderlige Kale-f\u00e6stning og den ikoniske stenbro over Vardar, til mindre byer som Bitola - med sine gamle bymure, osmanniske basarer og moderne caf\u00e9er - Kratovo, der ligger i et udslukt vulkankrater, og Kru\u0161evo, den h\u00f8jest beliggende by i landet og stedet for et opr\u00f8r i 1878. S\u00f8byen Ohrid, der er dobbelt optaget p\u00e5 UNESCOs verdensarvsliste for sine kulturelle monumenter og naturlige milj\u00f8, kan prale af et v\u00e6ld af byzantinske kirker, Sankt Johannes Kirke i Kaneo, der klamrer sig fast til en klippe over vandet, og en af \u200b\u200bverdens fineste samlinger af slaviske ikoner. Dens s\u00f8sterby, Struga, tilbyder lignende charme med en mere rolig atmosf\u00e6re.<\/p>\n<p>Ud over byomr\u00e5derne vrimler landskabet med attraktioner. Pelister Nationalpark, den \u00e6ldste i landet, huser endemisk flora og fauna og to gletsjers\u00f8er med &#034;Bjergojene&#034;. Mavrovo Nationalpark omfatter landets h\u00f8jeste bjergtop, Golem Korab, den dybe kl\u00f8ft ved floden Debar og Sveti Jovan Bigorski-klosteret. Det sj\u00e6ldent bes\u00f8gte Jasen-reservat n\u00e6r Skopje giver levesteder for dyreliv og uber\u00f8rte skove. Andre interessante steder inkluderer stenbyen Kuklica n\u00e6r Kratovo, de middelalderlige t\u00e5rne \u200b\u200bMarkovi Kuli ved Prilep og det ark\u00e6ologiske omr\u00e5de Stobi, som bevarer ruiner fra hellenistiske, romerske og tidlige kristne faser.<\/p>\n<p>Kort sagt pr\u00e6senterer Nordmakedonien et v\u00e6ld af historiske lag, forskelligartede landskaber, klimazoner og kulturelle traditioner. Fra sin \u00e6ldgamle oprindelse gennem successive imperier, socialistisk f\u00f8deration og fredelig uafh\u00e6ngighed har landet skabt en s\u00e6rpr\u00e6get identitet i hjertet af Balkan. Dets bjergrige terr\u00e6n, seismisk aktive dale, krystalklare s\u00f8er og bym\u00e6ssige vartegn vidner om en kompleks fysisk geografi, mens dets demografiske mosaik, kulinariske specialiteter og pulserende festivaler afspejler en mangfoldig kulturarv. Som et transitknudepunkt og kandidat til medlemskab af Den Europ\u00e6iske Union forts\u00e6tter Nordmakedonien med at balancere \u00f8konomisk reform og kulturbevarelse og inviterer b\u00e5de bes\u00f8gende og forskere til at udforske dets varige arv og udviklende fremtid.<\/p>","protected":false},"excerpt":{"rendered":"<p>Nordmakedonien, officielt Republikken Nordmakedonien, er en indlandsstat i Syd\u00f8steuropa med en befolkning p\u00e5 omkring 1,83 millioner indbyggere. Beliggende ved korsvejen mellem Balkan har denne lille nation gr\u00e6nser til Gr\u00e6kenland mod syd, Albanien mod vest, Bulgarien mod \u00f8st, Kosovo mod nordvest og Serbien mod nord. Nationens strategiske position har v\u00e6ret meget vigtig for at danne dens rige og varierede historie, kultur og befolkning.<\/p>","protected":false},"author":1,"featured_media":2831,"parent":24078,"menu_order":0,"comment_status":"closed","ping_status":"closed","template":"elementor_theme","meta":{"_eb_attr":"","footnotes":""},"class_list":["post-12305","page","type-page","status-publish","has-post-thumbnail"],"_links":{"self":[{"href":"https:\/\/travelshelper.com\/da\/wp-json\/wp\/v2\/pages\/12305","targetHints":{"allow":["GET"]}}],"collection":[{"href":"https:\/\/travelshelper.com\/da\/wp-json\/wp\/v2\/pages"}],"about":[{"href":"https:\/\/travelshelper.com\/da\/wp-json\/wp\/v2\/types\/page"}],"author":[{"embeddable":true,"href":"https:\/\/travelshelper.com\/da\/wp-json\/wp\/v2\/users\/1"}],"replies":[{"embeddable":true,"href":"https:\/\/travelshelper.com\/da\/wp-json\/wp\/v2\/comments?post=12305"}],"version-history":[{"count":0,"href":"https:\/\/travelshelper.com\/da\/wp-json\/wp\/v2\/pages\/12305\/revisions"}],"up":[{"embeddable":true,"href":"https:\/\/travelshelper.com\/da\/wp-json\/wp\/v2\/pages\/24078"}],"wp:featuredmedia":[{"embeddable":true,"href":"https:\/\/travelshelper.com\/da\/wp-json\/wp\/v2\/media\/2831"}],"wp:attachment":[{"href":"https:\/\/travelshelper.com\/da\/wp-json\/wp\/v2\/media?parent=12305"}],"curies":[{"name":"wp","href":"https:\/\/api.w.org\/{rel}","templated":true}]}}