{"id":12252,"date":"2024-09-15T20:08:02","date_gmt":"2024-09-15T20:08:02","guid":{"rendered":"https:\/\/travelshelper.com\/staging\/?page_id=12252"},"modified":"2026-03-12T19:24:46","modified_gmt":"2026-03-12T19:24:46","slug":"norge","status":"publish","type":"page","link":"https:\/\/travelshelper.com\/da\/destinations\/europe\/norway\/","title":{"rendered":"Norge"},"content":{"rendered":"<p>Kongeriget Norge bes\u00e6tter den vestlige og nordligste del af den skandinaviske halv\u00f8 i Nordeuropa og omfatter de afsidesliggende arktiske \u00f8er Jan Mayen og Svalbard-\u00f8gruppen. Bouven\u00f8en i det subantarktiske omr\u00e5de er et biland, mens Norge g\u00f8r krav p\u00e5 de antarktiske territorier Peter I-\u00f8en og Dronning Maud-land. Pr. fjerde kvartal af 2024 var befolkningen 5.585.044, med Oslo som b\u00e5de hovedstad og st\u00f8rste by. Rigets samlede areal m\u00e5ler 385.207 kvadratkilometer, inklusive Svalbard og Jan Mayen, eller 323.808 kvadratkilometer eksklusive dem.<\/p>\n<p>Norge str\u00e6kker sig mellem breddegraderne 57\u00b0 og 81\u00b0 N og l\u00e6ngdegraderne 4\u00b0 og 32\u00b0 \u00d8 og deler en 1.619 kilometer lang landgr\u00e6nse med Sverige, 727 kilometer med Finland og 196 kilometer med Rusland. Den omfattende kystlinje vender ud mod Skagerrakstr\u00e6det, Nords\u00f8en, Norskehavet og Barentshavet. Fastlandskystens basislinje m\u00e5ler 2.532 kilometer, mens den samlede kystlinje - n\u00e5r fjorde medregnes - str\u00e6kker sig til 28.953 kilometer. Inklusive \u00f8er stiger dette tal til ansl\u00e5et 100.915 kilometer. De skandinaviske bjerge udg\u00f8r en stor del af den \u00f8stlige gr\u00e6nse til Sverige.<\/p>\n<p>Meget af Norges terr\u00e6n afspejler \u00e5rtusinders gletsjerformning. Fjordene, is\u00e6r Sognefjorden med sine 204 kilometer i l\u00e6ngden og rangeret som verdens n\u00e6stdybeste, skaber dybe indl\u00f8b i kysten. Hornindalsvatnet, Europas dybeste s\u00f8, n\u00e5r langt over 500 meter i dybden. Norge har cirka 400.000 s\u00f8er og 239.057 registrerede \u00f8er. Permafrost eksisterer \u00e5ret rundt i h\u00f8jtliggende bjergomr\u00e5der og i det indre af Finnmark fylke, mens der stadig er talrige gletsjere i h\u00f8jlandet. Grundfjeldet best\u00e5r overvejende af h\u00e5rd granit og gnejs, med skifer, sandsten og kalksten i lavereliggende omr\u00e5der og marine aflejringer langs kystsletter.<\/p>\n<p>Norges klima varierer markant fra kysten til det indre h\u00f8jland. Golfstr\u00f8mmen og de fremherskende vestlige vinde h\u00e6ver kysttemperaturerne over forventningerne til s\u00e5danne nordlige breddegrader og \u00f8ger nedb\u00f8ren. Lavlandet omkring Oslo oplever de varmeste somre, men kan stadig udholde sne og kolde vintre. Kystomr\u00e5der, der er udsat for atlantiske storme, f\u00e5r rigelig nedb\u00f8r, hvorimod l\u00e6siden af \u200b\u200bkystbjergene ligger i en regnskygge og registrerer lavere nedb\u00f8r. Troms\u00f8 i det arktiske nord registrerede engang 430 solskinstimer p\u00e5 en enkelt m\u00e5ned. Over polarcirklen hersker midnatssolen fra slutningen af \u200b\u200bmaj til slutningen af \u200b\u200bjuli; under den kan dagslyset n\u00e5 op til 20 timer om dagen. Omvendt varer polarnatten fra slutningen af \u200b\u200bnovember til slutningen af \u200b\u200bjanuar i de nordlige omr\u00e5der, med minimalt dagslys andre steder. Klimazonerne sp\u00e6nder fra oceanisk og subpolar oceanisk langs kysterne, gennem fugtigt kontinentalt i dele af syd\u00f8st, til maritim subarktisk og arktisk tundra i det fjerne nord og p\u00e5 Svalbard.<\/p>\n<p>Det forenede kongerige Norge kan spores tilbage til konsolideringen af \u200b\u200bsm\u00e5riger i 872. Fra 1537 til 1814 var det en del af unionen Danmark-Norge, hvorefter det indgik en personalunion med Sverige indtil 1905. Norge forblev neutralt i F\u00f8rste Verdenskrig og i f\u00f8rste omgang i Anden Verdenskrig indtil den tyske invasion i april 1940, og var besat indtil 1945.<\/p>\n<p>I henhold til sin forfatning fra 1814 fungerer Norge som en enhedsstat med et konstitutionelt monarki. Kong Harald V af Huset Gl\u00fccksburg besidder tronen, mens Jonas Gahr St\u00f8re har haft embedet som statsminister siden 2021. Den lovgivende myndighed ligger i Stortinget (etkammerparlamentet), den ud\u00f8vende magt i kabinettet og den d\u00f8mmende myndighed i H\u00f8jesteret. Administrative opdelinger best\u00e5r af amter (fylker) og kommuner (kommuner). Det samiske parlament, st\u00f8ttet af Finnmarksloven, giver det indf\u00f8dte samiske folk begr\u00e6nset selvbestemmelse over traditionelle territorier.<\/p>\n<p>Norge opretholder t\u00e6tte diplomatiske og \u00f8konomiske b\u00e5nd med Den Europ\u00e6iske Union gennem Det Europ\u00e6iske \u00d8konomiske Samarbejdsomr\u00e5de, deltager i Schengenomr\u00e5det og samarbejder i vid udstr\u00e6kning med USA. Landet er stiftende medlem af FN, NATO, Den Europ\u00e6iske Frihandelssammenslutning, Europar\u00e5det, Antarktistraktaten og Nordisk R\u00e5d, og det er medlem af Verdenshandelsorganisationen og OECD. Norske dialekter er fortsat gensidigt forst\u00e5elige med danske og svenske dialekter.<\/p>\n<p>Den norske velf\u00e6rdsmodel tilbyder universel sundhedspleje og omfattende social sikring baseret p\u00e5 egalit\u00e6re principper. Staten opretholder majoritets- eller betydelig ejerskab i strategiske sektorer, herunder olie, naturgas, mineraler, t\u00f8mmer, fisk og skaldyr og vandkraft. Olie- og gasudvinding bidrager med omkring en fjerdedel af bruttonationalproduktet, og Norge er den st\u00f8rste producent af disse ressourcer pr. indbygger uden for Mellem\u00f8sten. Indkomst pr. indbygger placerer Norge blandt de h\u00f8jeste globalt - nummer fire if\u00f8lge Verdensbankens m\u00e5linger og nummer otten if\u00f8lge IMF. Statslige formuefonde udg\u00f8r cirka 1,3 billioner USD, hvilket er verdens st\u00f8rste.<\/p>\n<p>M\u00e5lt p\u00e5 BNP pr. indbygger rangerer Norge som nummer to blandt europ\u00e6iske nationer, efter Luxembourg, og nummer seks p\u00e5 verdensplan m\u00e5lt p\u00e5 k\u00f8bekraftsparitet. Landet har fungeret som en netto ekstern kreditor af g\u00e6ld og generobrede topplaceringen i FN&#039;s udviklingsprograms indeks for menneskelig udvikling i 2009. Norges stabilitet og institutionelle integritet gav landet den laveste placering p\u00e5 indekset for mislykkede stater i b\u00e5de 2009 og 2023.<\/p>\n<p>Den blandede \u00f8konomi kendetegnes af robust privat virksomhed sidel\u00f8bende med betydelig statslig deltagelse. Offentlig sundhedspleje p\u00e5l\u00e6gger et beskedent \u00e5rligt gebyr for voksne over 16 \u00e5r, og for\u00e6ldreorloven str\u00e6kker sig i 46 uger med l\u00f8n. I februar 2025 var arbejdsl\u00f8sheden p\u00e5 3,9 procent, med 69,7 procent af personer i alderen 15-74 \u00e5r i besk\u00e6ftigelse. Invalideydelser n\u00e5ede 10,6 procent af personer i alderen 18-67 \u00e5r, og den offentlige besk\u00e6ftigelse tegnede sig for 30 procent af arbejdsstyrken. Den gennemsnitlige timeproduktivitet og l\u00f8nninger er blandt de h\u00f8jeste i verden.<\/p>\n<p>Geografisk spredning og uj\u00e6vnt terr\u00e6n har formet transportinfrastrukturen. Offentlig transport er underudviklet i forhold til andre europ\u00e6iske stater, is\u00e6r uden for bycentre. Norges jernbanenetv\u00e6rk omfatter 4.114 kilometer standardsporvidde, hvoraf 62 procent er elektrificeret ved 15 kV 16,7 Hz AC; 64 kilometer underst\u00f8tter hastigheder p\u00e5 op til 210 km\/t. I 2023 transporterede jernbanerne 78,22 millioner passagerer over 3.153 millioner passagerkilometer og 32,23 millioner tons gods over 3.928 millioner tonkilometer. Bane NOR ejer netv\u00e6rket; operat\u00f8rerne omfatter Vy, SJ, Go-Ahead og Flytoget for passagertrafikken samt CargoNet og OnRail for godstransport. Statsbudgetterne finansierer investeringer og vedligeholdelse, suppleret med driftstilskud.<\/p>\n<p>Det offentlige vejnet str\u00e6kker sig over 95.120 kilometer, hvoraf 72.033 kilometer er asfalterede og 664 kilometer er motorveje. Ruter klassificeret som nationale og prim\u00e6re amtsveje er integreret i det europ\u00e6iske E-vejnet, is\u00e6r E6, der l\u00f8ber langs hele landet nord-syd, og E39, der g\u00e5r langs vestkysten. Statens vegvesen f\u00f8rer tilsyn med nationale og amtsveje.<\/p>\n<p>Norge er verdens f\u00f8rende inden for plug-in elbiler pr. indbygger; pr. marts 2014 k\u00f8rte over \u00e9n ud af 100 personbiler p\u00e5 vejene p\u00e5 elektricitet. Andelen af \u200b\u200bnye bilsalg, der repr\u00e6senteres af elbiler, er fortsat den h\u00f8jeste globalt. Lovforslag sigter mod et forbud mod nyt salg af benzin- og dieselbiler allerede i 2025.<\/p>\n<p>Luftfarten involverer omkring 146 lufthavne, 52 offentlige og 43 drevet af det statsejede Avinor. Syv lufthavne h\u00e5ndterer over en million passagerer \u00e5rligt; den samlede passagergennemstr\u00f8mning n\u00e5ede over 41 millioner i 2007. Oslo Lufthavn, Gardermoen, ligger 35 kilometer nord\u00f8st for hovedstaden og fungerer som den vigtigste internationale adgangsport. Den fungerer som et knudepunkt for Scandinavian Airlines, Norwegian Air Shuttle og regionale luftfartsselskaber og tilbyder direkte forbindelser i hele Europa og til udvalgte interkontinentale destinationer. Et h\u00f8jhastighedstog forbinder lufthavnen med Oslo Hovedbaneg\u00e5rd hvert tiende minut over en 20-minutters rejse.<\/p>\n<p>Turisme bidrog med 4,2 procent af BNP i 2016, hvor hver femtende nordmand var ansat i sektoren. S\u00e6sonudsving topper mellem maj og august, hvor over halvdelen af \u200b\u200balle bes\u00f8gende ankommer. De varierede landskaber - fjorde, bjerge, skisportssteder, s\u00f8er og skove - forankrer Norges appel. Store bydestinationer inkluderer Oslo, \u00c5lesund, Bergen, Stavanger, Trondheim, Kristiansand, Troms\u00f8, Fredrikstad og T\u00f8nsberg. Bes\u00f8gende bes\u00f8ger ogs\u00e5 ofte natursteder som Atlanterhavsveien, Hardangervidda, Jostedalsbreen, Jotunheimen, Lofoten og klippen ved Nordkapp. Kulturelle vartegn sp\u00e6nder fra Holmenkollen-skihopbakken og Vigeland-installationen i Oslo til Bryggen i Bergen, Nidarosdomen i Trondheim og f\u00e6stningsruinerne i T\u00f8nsberg og Fredrikstad.<\/p>\n<p>Etniske nordm\u00e6nd danner et nordgermansk folk. Den samlede fertilitetsrate i 2023 l\u00e5 p\u00e5 1,40 b\u00f8rn pr. kvinde, hvilket er under erstatningsniveauet p\u00e5 2,1 og et fald fra et h\u00f8jdepunkt p\u00e5 4,69 i 1877. Medianalderen n\u00e5ede 40 \u00e5r i 2024. Samerne, der er hjemmeh\u00f8rende i de arktiske regioner i Norge, Sverige, Finland og Ruslands Kolahalv\u00f8, og kvenerne, efterkommere af finske migranter, udg\u00f8r anerkendte minoriteter. Statslige fornorskningspolitikker i det nittende til tyvende \u00e5rhundrede f\u00f8rte til, at mange med samisk eller kvensk afstamning identificerede sig som etniske norske.<\/p>\n<p>Norsk kultur har fortsat st\u00e6rke b\u00e5nd til sin landbrugsfortid. Den romantiske nationalisme i det 19. \u00e5rhundrede, der opstod omkring landbrugstraditioner, formede sprog, litteratur, kunst og musik \u2013 en indflydelse, der stadig er tydelig i dag gennem statslig st\u00f8tte til kulturelle institutioner og projekter. Den arkitektoniske arv sp\u00e6nder fra middelalderlige stavkirker \u2013 Urnes stavkirke har UNESCOs verdensarvsstatus \u2013 til tr\u00e6facaderne p\u00e5 Bryggen Wharf. Stenkatedraler, barokkirker i Kongsberg og tr\u00e6minearbejderboliger i R\u00f8ros vidner om successive epoker. Christian H. Groschs design fra det tidlige 19. \u00e5rhundrede omfatter Oslo Universitet og Oslo B\u00f8rs. Rekonstruktionen af \u200b\u200b\u00c5lesund i 1904 introducerede Art Nouveau til Norge, mens funktionalismen fik fremtr\u00e6dende plads i 1930&#039;erne. Arkitekter fra slutningen af \u200b\u200bdet 20. \u00e5rhundrede vandt international anerkendelse; Sametingets tr\u00e6bekl\u00e6dte debatsal n\u00e6r K\u00e1r\u00e1\u0161johka minder om den traditionelle lavvo.<\/p>\n<p>K\u00f8kkenet afspejler maritime og landbrugsm\u00e6ssige ressourcer. Fisk og skaldyr som laks, sild, \u00f8rred og torsk findes sammen med oste som brunost, Jarlsberg og gamalost, mejeriprodukter og t\u00e6t br\u00f8d. S\u00e6sonbestemte specialiteter inkluderer lefse, et fladbr\u00f8d med kartofler serveret med sm\u00f8r og sukker; konserverede og fermenterede retter som lutefisk, smalahove, pinnekj\u00f8tt, raspeball, f\u00e5rik\u00e5l og rakefisk; og den udbredte vaffel.<\/p>\n<p>Norges seks fastlandsregioner \u2013 \u00d8stlandet omkring Oslo; Tr\u00f8ndelag; Nordnorge; Agder; Vestnorge; og de indre fylker \u2013 pr\u00e6senterer varieret terr\u00e6n og kulturelle traditioner. Svalbards arktiske milj\u00f8 er hjemsted for isbj\u00f8rne og satellitinstallationer, mens Jan Mayen stort set er utilg\u00e6ngelig uden s\u00e6rlig tilladelse.<\/p>\n<p>Siden sin genforening i 872 har Norge opretholdt en uafbrudt statsdannelse i over elleve \u00e5rhundreder. Blandingen af \u200b\u200bkonstitutionelt monarki, parlamentarisk demokrati og omfattende velf\u00e6rdsordninger underst\u00f8tter h\u00f8je levestandarder, \u00f8konomisk modstandsdygtighed og politisk stabilitet. Rige naturressourcer, fra oliereserver til vandkraft og fiskeri, underst\u00f8tter en blandet \u00f8konomi og verdens st\u00f8rste statsejede formuefond. Forskellige klimaer og landskaber giver stor turistattraktion, fra midnatssolsoplevelser over polarcirklen til fjordudflugter i Vestnorge. Det vedvarende kulturelle pr\u00e6g af landbrugstraditioner, litter\u00e6re og arkitektoniske pr\u00e6stationer og pulserende bycentre danner grundlag for en national identitet formet af geografi, historie og social egalitarisme.<\/p>","protected":false},"excerpt":{"rendered":"<p>Norge, formelt kendt som Kongeriget Norge, er en nordisk nation beliggende i Nordeuropa p\u00e5 den skandinaviske halv\u00f8, med en befolkning p\u00e5 5.576.660 i 2024. En del af Kongeriget Norge er ogs\u00e5 den isolerede arktiske \u00f8 Jan Mayen og \u00f8gruppen Svalbard. Ikke en del af kongeriget Bouvet\u00f8en i Subantarktis er en afh\u00e6ngighed; Norge g\u00f8r ogs\u00e5 krav p\u00e5 det antarktiske omr\u00e5de Peter I Island og Dronning Maud Land. Oslo er b\u00e5de hovedstaden og st\u00f8rste by i Norge.<\/p>","protected":false},"author":1,"featured_media":3041,"parent":24078,"menu_order":0,"comment_status":"closed","ping_status":"closed","template":"elementor_theme","meta":{"_eb_attr":"","footnotes":""},"class_list":["post-12252","page","type-page","status-publish","has-post-thumbnail"],"_links":{"self":[{"href":"https:\/\/travelshelper.com\/da\/wp-json\/wp\/v2\/pages\/12252","targetHints":{"allow":["GET"]}}],"collection":[{"href":"https:\/\/travelshelper.com\/da\/wp-json\/wp\/v2\/pages"}],"about":[{"href":"https:\/\/travelshelper.com\/da\/wp-json\/wp\/v2\/types\/page"}],"author":[{"embeddable":true,"href":"https:\/\/travelshelper.com\/da\/wp-json\/wp\/v2\/users\/1"}],"replies":[{"embeddable":true,"href":"https:\/\/travelshelper.com\/da\/wp-json\/wp\/v2\/comments?post=12252"}],"version-history":[{"count":0,"href":"https:\/\/travelshelper.com\/da\/wp-json\/wp\/v2\/pages\/12252\/revisions"}],"up":[{"embeddable":true,"href":"https:\/\/travelshelper.com\/da\/wp-json\/wp\/v2\/pages\/24078"}],"wp:featuredmedia":[{"embeddable":true,"href":"https:\/\/travelshelper.com\/da\/wp-json\/wp\/v2\/media\/3041"}],"wp:attachment":[{"href":"https:\/\/travelshelper.com\/da\/wp-json\/wp\/v2\/media?parent=12252"}],"curies":[{"name":"wp","href":"https:\/\/api.w.org\/{rel}","templated":true}]}}