{"id":12053,"date":"2024-09-15T12:59:22","date_gmt":"2024-09-15T12:59:22","guid":{"rendered":"https:\/\/travelshelper.com\/staging\/?page_id=12053"},"modified":"2026-03-12T21:52:09","modified_gmt":"2026-03-12T21:52:09","slug":"jekaterinburg","status":"publish","type":"page","link":"https:\/\/travelshelper.com\/da\/destinations\/europe\/russian-federation\/yekaterinburg\/","title":{"rendered":"Jekaterinburg"},"content":{"rendered":"<p>Jekaterinburg, beliggende ved bredden af \u200b\u200bIset-floden ved den \u00f8stlige kant af Uralbjergene, er Ruslands fjerdest\u00f8rste by og det administrative centrum for Sverdlovsk Oblast og Ural F\u00f8derale Distrikt. Med et areal p\u00e5 1.111 kvadratkilometer og 1.544.376 indbyggere if\u00f8lge folket\u00e6llingen i 2021, har den en strategisk position mellem Europa og Sibirien. Byen blev grundlagt i 1723 og kortvarigt omd\u00f8bt til Sverdlovsk fra 1924 til 1991. Den er b\u00e5de et industrielt kraftcenter og et kulturelt knudepunkt, hvis skyline nu er pr\u00e6get af moderne skyskrabere, og dens gader er pr\u00e6get af sl\u00e5ende konstruktivistisk arkitektur.<\/p>\n<p>Jekaterinburg blev grundlagt ved kejser Peter den Stores dekret den 18. november 1723, opkaldt efter hans gemalinde, kejserinde Katarina 1. Fra starten fungerede byen som minehovedstad i det russiske imperium, hvor den udnyttede Uralbjergenes rige malm og fungerede som et vigtigt forbindelsesled p\u00e5 den sibiriske rute, der blev indviet af Katarina den Store i 1781. Denne f\u00e6rdsels\u00e5re forvandlede byen til en port for rejsende og varer p\u00e5 vej til Sibiriens enorme vildmark. I slutningen af \u200b\u200bdet nittende \u00e5rhundrede opstod Jekaterinburg som et centrum for social og politisk g\u00e6ring, et springbr\u00e6t for revolution\u00e6re bev\u00e6gelser, der ville forme den russiske histories forl\u00f8b. Efter den bolsjevikiske revolution blev byen omd\u00f8bt til Sverdlovsk til \u00e6re for Yakov Sverdlov, hvilket afspejlede dens nye rolle som et administrativt og industrielt knudepunkt under det sovjetiske regime. Med Sovjetunionens opl\u00f8sning genvandt den sit historiske navn den 23. september 1991.<\/p>\n<p>Jekaterinburg ligger i skovkl\u00e6dte bakker i den nord\u00f8stlige del af Europa, der giver efter for Uralbjergenes blide skr\u00e5ninger. Iset-floden gennemsk\u00e6rer bystrukturen og flyder fra bjergene ud i Tobol. Inden for dens gr\u00e6nser ligger to s\u00f8er, Shuvakish og Shartash, mens n\u00e6rliggende reservoirer og damme underst\u00f8tter b\u00e5de rekreation og vandforvaltning. Byens fugtige kontinentale klima giver skarpt markerede \u00e5rstider. Vintrene kan falde til -40\u00b0C under arktiske indtr\u00e6ngen og derefter stige over frysepunktet under pludselige t\u00f8brud, mens sommertemperaturerne kan svinge fra let frost til temperaturer over 35\u00b0C, n\u00e5r varme luftmasser tr\u00e6nger ind fra Centralasien. Disse dramatiske udsving understreger byens placering i krydsfeltet mellem kontrasterende luftstr\u00f8mme.<\/p>\n<p>Demografisk v\u00e6kst har ledsaget Jekaterinburgs voksende \u00f8konomi. Mellem 2010 og 2021 steg befolkningen med n\u00e6sten 15 procent, hvilket afspejler b\u00e5de intern migration og naturlig tilv\u00e6kst. Byen str\u00e6kker sig ud over sine officielle gr\u00e6nser til en bym\u00e6ssig bebyggelse med omkring 2,2 millioner indbyggere. Denne udvidelse falder sammen med et byggeboom, der har produceret mere end tyve skyskrabere, herunder Iset-t\u00e5rnet, som med sine 209 meter er den h\u00f8jeste bygning i Uralbjergene.<\/p>\n<p>M\u00e5lt p\u00e5 \u00f8konomisk output rangerer Jekaterinburg som nummer tre blandt russiske byer, kun overg\u00e5et af Moskva og Sankt Petersborg. McKinseys globale City-600-indeks inkluderer den blandt verdens f\u00f8rende by\u00f8konomier og tegner sig for 60 procent af det globale bruttonationalprodukt. Med et bruttobyprodukt p\u00e5 898 milliarder rubler i 2015 og et storbyprodukt p\u00e5 over 50 milliarder internationale dollars har den konsolideret sin position som et finansielt og industrielt knudepunkt.<\/p>\n<p>Byens \u00f8konomiske fundament hviler p\u00e5 tung industri, metallurgiske fabrikker og forsvarsvirksomheder, der stammer fra dens sovjetiske storhedstid. I tiden f\u00f8r 1991 stammede 90 procent af Sverdlovsks aktivitet fra fremstillingsindustrien, hvoraf tre fjerdedele st\u00f8ttede milit\u00e6rproduktion. Siden markedsreformerne i 1990&#039;erne er den industrielle diversificering sket, hvilket har tiltrukket investeringer i teknologi, logistik og forretningsservice. Hovedkvarteret for det centrale milit\u00e6rdistrikt og Ural-afdelingen af \u200b\u200bdet russiske videnskabsakademi understreger Jekaterinburgs dobbelte rolle som et strategisk og intellektuelt centrum.<\/p>\n<p>Turisme er blevet en betydelig bidragyder til byens profil. Udpeget som en af \u200b\u200bRuslands fem bedste destinationer i 2015 Global Destination Cities Index, b\u00f8d den 2,1 millioner bes\u00f8gende velkommen det \u00e5r. Skiftet fra forretnings- til fritidsturisme er tydeligt: \u200b\u200bMens forretningsrejsende engang udgjorde 80 procent af de ankomne, tegnede de sig i 2015 kun for 67 procent. Bes\u00f8gende ankommer for at udforske steder forbundet med den sidste russiske zar, for at f\u00f8lge den basjovske overlevering af Ural-geologien og folkloren og for at deltage i begivenheder lige fra Shanghai Cooperation Organization-topm\u00f8derne i 2008-09 til den internationale udstilling Innoprom. Som v\u00e6rtsby for FIFA World Cup i 2018 fremviste Jekaterinburg sit moderne stadion sammen med historiske vartegn.<\/p>\n<p>Et omfattende transportnetv\u00e6rk underst\u00f8tter b\u00e5de handel og turisme. Seks f\u00f8derale motorveje og syv store jernbanelinjer m\u00f8des her, hvilket g\u00f8r det til Ruslands tredjest\u00f8rste transportknudepunkt efter Moskva og Sankt Petersborg. Jekaterinburg-knudepunktet er en del af den transsibiriske jernbane, der forbinder det europ\u00e6iske vest med det stillehavs\u00f8stlige. Koltsovo Internationale Lufthavn betjener over fem millioner passagerer \u00e5rligt, mens en sekund\u00e6r flyveplads i Aramil h\u00e5ndterer regionale flyvninger. Inde i byen transporterer en metro med \u00e9n linje og ni stationer n\u00e6sten halvtreds millioner passagerer om \u00e5ret, sammen med sporvogne, trolleybusser og busforbindelser, der engang transporterede hundredvis af millioner \u00e5rligt. En voksende ringvej og et netv\u00e6rk af knudepunkter i flere niveauer afhj\u00e6lper kronisk trafikpropper for\u00e5rsaget af den hurtige v\u00e6kst i bilejerskab, som nu ligger p\u00e5 cirka 410 k\u00f8ret\u00f8jer pr. 1.000 indbyggere.<\/p>\n<p>Jekaterinburgs kulturlandskab er b\u00e5de dybt og varieret. Omkring halvtreds biblioteker, herunder Sverdlovsk Oblast Universal Scientific Library og AI Herzen Central City Library, st\u00f8tter videnskabelige aktiviteter. Der findes over halvtreds museer med samlinger, der sp\u00e6nder fra Nevyansk-ikonerne p\u00e5 Nevyansk Ikonmuseum til Shigir-samlingen, verdens \u00e6ldste tr\u00e6skulptur, der nu er dateret til cirka 11.500 \u00e5r siden. Jekaterinburg Museum of Fine Arts huser fornemme l\u00e6rreder af russisk maleri, mens Kasli st\u00f8bejernspavillonen, et UNESCO-registreret mesterv\u00e6rk fra 1900, befinder sig i dens samling.<\/p>\n<p>Teaterlivet trives p\u00e5 spillesteder, der omfatter det akademiske teater for musikalsk komedie, dramateatret, ungdomsteatret og et ber\u00f8mt dukketeater. Jekaterinburg Opera- og Balletteater vandt fire priser for Den Gyldne Maske i 2020, herunder prisen for bedste operaforestilling. Byens filmarv str\u00e6kker sig fra den f\u00f8rste biograf i 1909 til Sverdlovsk Filmstudie, der blev etableret i 1943, hvis produktioner n\u00e5ede et nationalt publikum. Mere end tyve biografer viser nu indenlandske og internationale film.<\/p>\n<p>Musik pulserer ogs\u00e5 gennem byens gader. Rockbands som Chaif, Agata Kristi og Nautilus Pompilius stammer fra byen og har bidraget til Ural Rock-bev\u00e6gelsen. Urals Statskonservatorium har uddannet operastjerner som Boris Shtokolov og Vera Bayeva, og Ural Philharmonic Orchestra under Dmitry Liss optr\u00e6der internationalt. Cirkuskunst blomstrer p\u00e5 V. I. Filatov Statscirkus, der blev k\u00e5ret til Ruslands \u00c5rets Cirkus i 2012.<\/p>\n<p>Jekaterinburg omfavner b\u00e5de offentlig kunst og arkitektur. Konstruktivistiske vartegn overstiger 140 i antal, fra Uralmash White Tower til forlaget &#034;Uralskiy Rabochiy&#034;. Gadekunst har givet byen tilnavnet &#034;russisk gadekunsthovedstad&#034;. Historiske bygningsv\u00e6rker sp\u00e6nder fra neoklassiske ejendomme af arkitekten Michael Malakhov, aktiv fra 1815 til 1842, til barokke og eklektiske strukturer s\u00e5som Operahuset og togstationen opf\u00f8rt i begyndelsen af \u200b\u200bdet tyvende \u00e5rhundrede. Neoklassicisme fra sovjettiden prydede offentlige bygninger i 1930&#039;erne-50&#039;erne, mens Khrusjtjov-\u00e6raens lejlighedsblokke afspejler rationalistiske doktriner fra 1960&#039;erne-80&#039;erne. Markedsreformer i 1990&#039;erne b\u00f8d p\u00e5 restaurering og &#034;facade&#034;-f\u00e6nomenet, hvor historiske facader blev bevaret, samtidig med at moderne udfyldninger blev tilf\u00f8jet. \u00c5rtusindskiftet bragte h\u00f8jteknologiske t\u00e5rne, forretningscentre og luksuskomplekser, der kulminerede i Central Business District designet af Jean Pistre og Iset Tower.<\/p>\n<p>I kulturkvarteret \u00e5bnede Boris Jeltsin Pr\u00e6sidentcenter i 2015, som i 2017 blev h\u00e6dret som Europas bedste museum af Europar\u00e5det. Ural Society of Natural Science Lovers etablerede en zoologisk have, der nu huser over 1.000 dyr fordelt p\u00e5 350 arter. Siden 2011 har fodg\u00e6ngerruten &#034;Red Line&#034; guidet bes\u00f8gende gennem 34 historiske vartegn i byens hjerte og forbinder paladser, katedraler og offentlige pladser i en selvguidet tur.<\/p>\n<p>Jekaterinburgs historie er en historie om konstant forandring i m\u00f8det mellem kontinenter og epoker. Dens tilblivelse som en minedriftsudpost, modning som et kejserligt og sovjetisk industricenter og fremkomsten som en moderne metropol for finans, kunst og arkitektur understreger dens vedvarende betydning. Fra Katarina den Stores tid til den digitale \u00e6ra har byen balanceret ressourceudvinding og kreativ udtryk, strategisk betydning og kulturel innovation. I dens gader og skyline oplever man ikke kun historiens v\u00e6gt, men ogs\u00e5 den rastl\u00f8se ambition hos en by, der konstant ser mod \u00f8st og vest, fortid og fremtid.<\/p>","protected":false},"excerpt":{"rendered":"<p>Jekaterinburg, det administrative knudepunkt for Sverdlovsk Oblast og Ural Federal District i Rusland, ligger ved Iset-floden, placeret mellem Volga-Ural-omr\u00e5det og Sibirien. Jekaterinburg, med en befolkning p\u00e5 omkring 1,5 millioner inden for byens gr\u00e6nser og op til 2,2 millioner i storbyomr\u00e5det, er den fjerdest\u00f8rste by i Rusland og den st\u00f8rste i Ural Federal District.<\/p>","protected":false},"author":1,"featured_media":4521,"parent":11976,"menu_order":0,"comment_status":"closed","ping_status":"closed","template":"elementor_theme","meta":{"_eb_attr":"","footnotes":""},"class_list":["post-12053","page","type-page","status-publish","has-post-thumbnail"],"_links":{"self":[{"href":"https:\/\/travelshelper.com\/da\/wp-json\/wp\/v2\/pages\/12053","targetHints":{"allow":["GET"]}}],"collection":[{"href":"https:\/\/travelshelper.com\/da\/wp-json\/wp\/v2\/pages"}],"about":[{"href":"https:\/\/travelshelper.com\/da\/wp-json\/wp\/v2\/types\/page"}],"author":[{"embeddable":true,"href":"https:\/\/travelshelper.com\/da\/wp-json\/wp\/v2\/users\/1"}],"replies":[{"embeddable":true,"href":"https:\/\/travelshelper.com\/da\/wp-json\/wp\/v2\/comments?post=12053"}],"version-history":[{"count":0,"href":"https:\/\/travelshelper.com\/da\/wp-json\/wp\/v2\/pages\/12053\/revisions"}],"up":[{"embeddable":true,"href":"https:\/\/travelshelper.com\/da\/wp-json\/wp\/v2\/pages\/11976"}],"wp:featuredmedia":[{"embeddable":true,"href":"https:\/\/travelshelper.com\/da\/wp-json\/wp\/v2\/media\/4521"}],"wp:attachment":[{"href":"https:\/\/travelshelper.com\/da\/wp-json\/wp\/v2\/media?parent=12053"}],"curies":[{"name":"wp","href":"https:\/\/api.w.org\/{rel}","templated":true}]}}