{"id":12022,"date":"2024-09-15T12:33:42","date_gmt":"2024-09-15T12:33:42","guid":{"rendered":"https:\/\/travelshelper.com\/staging\/?page_id=12022"},"modified":"2026-03-12T21:59:02","modified_gmt":"2026-03-12T21:59:02","slug":"novosibirsk","status":"publish","type":"page","link":"https:\/\/travelshelper.com\/da\/destinations\/europe\/russian-federation\/novosibirsk\/","title":{"rendered":"Novosibirsk"},"content":{"rendered":"<p>Novosibirsk er Sibiriens mest folkerige by med 1.633.595 indbyggere if\u00f8lge folket\u00e6llingen i 2021 og fungerer som det administrative centrum for b\u00e5de Novosibirsk Oblast og det Sibiriske F\u00f8derale Distrikt. Beliggende ved 55\u00b0N ved bredden af \u200b\u200bOb-floden i den Vestsibiriske Slette, indtager den et centralt transitpunkt - 2.811 kilometer \u00f8st for Moskva - og str\u00e6kker sig over den sydlige gr\u00e6nse afgr\u00e6nset af Novosibirsk-reservoiret, der er skabt af det lokale vandkraftv\u00e6rk. Byen blev grundlagt i 1893 ved den fremtidige krydsning af den transsibiriske jernbane og har udviklet sig fra sin oprindelse som Novonikolayevsk til et alsidigt centrum for industri, forskning og kultur.<\/p>\n<p>Novonikolayevsk opstod p\u00e5 den lave, sumpede flodslette ved Ob-floden, hvor de kejserlige jernbaneingeni\u00f8rers drivkraft krydsede den naturlige geografi. I 1897 forbandt f\u00e6rdigg\u00f8relsen af \u200b\u200bNovosibirsk-jernbanebroen det europ\u00e6iske Rusland med det store sibiriske indre, og i 1907 var bos\u00e6ttelsens befolkning vokset fra knap 8.000 ved broens \u00e5bning til over 47.000. Den fik bystatus med fulde kommunale rettigheder og bar navnet &#034;Ny Nikolaj&#034; til hyldest til kejser Nikolaj II. Omv\u00e6ltningerne under den russiske borgerkrig p\u00e5f\u00f8rte det voksende samfund alvorlig skade, men med konsolideringen af \u200b\u200bsovjetmagten kom byen sig ikke kun, men accelererede ogs\u00e5 sin udvikling. I 1926 antog den navnet Novosibirsk - bogstaveligt talt &#034;Ny Sibirien&#034; - hvilket signalerede dens fremvoksende identitet som et centrum for sovjetisk modernitet.<\/p>\n<p>Under Josef Stalins industrialiseringskampagne blev Novosibirsk en af \u200b\u200bSibiriens f\u00f8rende produktionshovedst\u00e6der. Fabrikker, der blev flyttet fra den europ\u00e6iske del af USSR under Anden Verdenskrig, fandt et sikkert tilflugtssted her og forvandlede byen til en stor producent af maskiner, milit\u00e6rt isenkram og materialer. Efterkrigstidens ekspansion omfattede etableringen af \u200b\u200bAkademgorodok i 1957, omkring tredive kilometer syd for bykernen, hvilket markerede byens fremgang som et centrum for videnskabelig forskning. Befolkningsmilep\u00e6len p\u00e5 en million blev n\u00e5et i 1962, og de efterf\u00f8lgende \u00e5rtier oplevede v\u00e6ksten af \u200b\u200ben diversificeret \u00f8konomi, der i dag omfatter luftfart, produktion af nukleart br\u00e6ndsel, fremstilling af turbiner og generatorer, tekstil- og landbrugsmaskiner, elektronikkomponenter og metallurgi.<\/p>\n<p>Industrikomplekset omfatter omkring 214 store og mellemstore virksomheder. Chkalovs Novosibirsk Aircraft Plant er indbegrebet af luftfartssektoren, mens Novosibirsk Chemical Concentrates Plant driver den nukleare br\u00e6ndstofindustri. NPO ELSIB producerer turbo- og vandkraftgeneratorer, og Textilmach og NPO Sibselmash leverer henholdsvis tekstil- og landbrugsmaskiner. Elektronikproduktion er repr\u00e6senteret af Novosibirsk Factory and Design Bureau of Semiconductor Devices og OXID Novosibirsk Plant of Radio Components. Metallurgiske fabrikker som Kuzminas Novosibirsk Metallurgical Plant og Novosibirsk Tin Plant understreger byens rolle inden for metalbearbejdning og forarbejdning af sj\u00e6ldne metaller.<\/p>\n<p>Administrativt er Novosibirsk indlemmet som en enhed med samme status som de omkringliggende distrikter, og danner dermed byen Novosibirsk. Den fungerer desuden som det administrative centrum for Novosibirsky-distriktet, selvom den ikke ligger inden for dens jurisdiktion. Kommunalt set udg\u00f8r hele byomr\u00e5det Novosibirsk Urban Okrug. Byens befolkning steg fra 1.473.754 i folket\u00e6llingen i 2010 til 1.633.595 i 2021, hvilket afspejler den l\u00f8bende demografiske v\u00e6kst, der omfatter mere end firs etniske grupper og nationaliteter. Etnisk set omfatter de st\u00f8rste grupper russere, tadsjikere, tatarer, usbekere, ukrainere og kirgisere.<\/p>\n<p>Novosibirsks bystruktur udviklede sig gennem successive planl\u00e6gningsfaser. F\u00f8r 1917 stod bygningsklynger som jernbaneledelsens hovedkvarter, hovedstationen og den neobyzantinske Alexander Nevskij-katedral spredt ud over flodsletten. Revolutionen indvarslede en mere sammenh\u00e6ngende borgerlig ordning: I 1925 blev Leninhuset opf\u00f8rt p\u00e5 Krasny Prospekt, den all\u00e9, der skulle blive byens hovedf\u00e6rdsels\u00e5re, og et Lenin-monument blev placeret p\u00e5 Barnaulskaya-gaden n\u00e6r stationen. I slutningen af \u200b\u200b1920&#039;erne begyndte et de facto centrum at vokse sammen omkring den tidligere markedsplads - Bazarnaya Ploschad - hvor opf\u00f8relsen af \u200b\u200bNovosibirsk Opera- og Balletteater begyndte i 1931. Stalin Park for Kultur og Hvile, etableret i byens periferi, skabte en radial akse, der forbandt fritid, administration og kunst.<\/p>\n<p>Novosibirsks arkitektoniske l\u00e6rred omfatter et spektrum af stilarter. Eklektiske og modernistiske bygningsv\u00e6rker fra det kejserlige Rusland st\u00e5r stadig side om side med den stalinistiske neoklassicisme fra 1930&#039;erne og den sovjetiske modernismes rene linjer. Sen sovjetiske brutalistiske strukturer giver en monumental kvalitet, mens mosaikker, relieffer og offentlige skulpturer pryder facaderne og afspejler tidens fork\u00e6rlighed for borgerkunst. Novosibirsk Opera- og Balletteater, ofte kaldet &#034;Det Sibiriske Coliseum&#034;, eksemplificerer den dristige skala og ambition i tidlig sovjetisk design. Dets h\u00f8je skaltag og enorme auditorium taler til byens kulturelle aspirationer. I n\u00e6rheden tilbyder Alexander Nevsky-katedralen en kontrasterende \u00e5ndelig dimension, hvis kupler minder om pr\u00e6revolution\u00e6r kirkelig arkitektur.<\/p>\n<p>Ob-floden former b\u00e5de geografi og transport. Tre vejbroer - Kommunalny, Dimitrovsky og Bugrinsky - sp\u00e6nder over vandl\u00f8bet sammen med to jernbaneviadukter og metrobroen til Novosibirsk Metro. D\u00e6mningen til Novosibirsk Vandkraftv\u00e6rk, der ligger p\u00e5 byens sydlige kant, tjener dobbeltfunktioner som energigenerator og trafikkanal. Reservoiret, der dannes af d\u00e6mningen, og som sk\u00e6rer gennem Ob-plateauet, markerer byens sydlige gr\u00e6nse. Selvom Novosibirsk ligger omkring 2.811 kilometer fra Moskva, opretholder den t\u00e6tte forbindelser til regionale centre som Omsk, Barnaul, Kemerovo og Tomsk.<\/p>\n<p>Tolmachevo Lufthavn, Sibiriens travleste lufthavn, forbinder Novosibirsk med Ruslands st\u00f8rste byer og destinationer i Europa og Asien. Den fungerer som den prim\u00e6re base for S7 Airlines. Supplerende luftfartsfaciliteter inkluderer Jeltsovka Lufthavn, der tilbyder hj\u00e6lpetjenester, mens det tidligere Severny-flyveplads oph\u00f8rte med driften i 2012. Jernbanen er fortsat en hj\u00f8rnesten: Novosibirsk-Glavny Station ligger i hjertet af distriktet p\u00e5 h\u00f8jre bred, suppleret af Novosibirsk-Zapadny, Novosibirsk-Vostochny og Novosibirsk-Yuzhny stationer, der tilsammen betjener al intercitytrafik. Forstadsholdepladser som Inskaya og Seyatel udvider netv\u00e6rket. Byen ligger ved sammenl\u00f8bet af den transsibiriske jernbane og Turkestan-Sibirien-jernbanen, hvilket positionerer den som et knudepunkt for indenlandske og internationale togrejser til Kina, Mongoliet, Hviderusland og Centralasien.<\/p>\n<p>Intercity- og international bustransport var tidligere centreret omkring Krasny Avenue-stationen, som blev indviet i 1964 og taget ud af drift i april 2020. Nye perifere stationer er under udvikling, hvoraf den f\u00f8rste \u00e5bnede p\u00e5 Gusinobrodskoe Chaussee i december 2019. I mellemtiden forts\u00e6tter midlertidige stoppesteder med at betjene langdistancebusser, der forbinder Novosibirsk med byer i Vestsibirien og Centralasien. Flodpassagertrafik opererer fra terminalen, der blev etableret i 1974, ved siden af \u200b\u200bmetrostationen med samme navn. Selvom en brand i marts 2003 gjorde en del af bygningen uoprettelig, underst\u00f8tter terminalen nu to regelm\u00e6ssige linjer - der forbinder byen med omkringliggende \u00f8er og bos\u00e6ttelser - og s\u00e6sonbestemte krydstogter til Tomsk og Barnaul. Skibe navigerer via Novosibirsk Shipping Canal, som har en trekammersluse, der letter passagen mellem flod og reservoir, n\u00e5r den sejlbare periode, typisk slutningen af \u200b\u200bapril til slutningen af \u200b\u200bseptember, er i kraft.<\/p>\n<p>Offentlig bytransport omfatter metro, sporvogn, trolleybus, bus, vandbus og minibusser med fast rute kendt som marshrutkas. Novosibirsk Metro \u00e5bnede i 1985 og var den f\u00f8rste i Sibirien og den fjerde i Rusland, med to dobbeltsporede linjer med tretten stationer fra 2022. Sporvognsnetv\u00e6rket, der blev lanceret i 1934, omfatter ti ruter - seks p\u00e5 venstre bred og fire p\u00e5 h\u00f8jre. Trolleybusser har k\u00f8rt gennem byens gader siden 1957, nu p\u00e5 fjorten ruter. Bussystemet stammer fra 1923 og omfattede i 2022 52 lange buslinjer og sytten minibusruter. Vandbusnetv\u00e6rket, dokumenteret fra 2021, forbinder flodterminalen med steder som Bugrinskaya Roshcha-stranden og Korablik-\u00f8en; \u00e9n planlagt rute til vandparken forblev suspenderet. Marshrutkas dukkede f\u00f8rst op i slutningen af \u200b\u200b1970&#039;erne, hvor private transport\u00f8rer kom ind i 1989; 56 ruter opererer i \u00f8jeblikket, selvom minibusser i de senere \u00e5r gradvist er blevet udskiftet med standardbusser.<\/p>\n<p>Novosibirsks klima afspejler dens kontinentale beliggenhed, langt fra maritim moderation. Byen er klassificeret som fugtigt kontinentalt (K\u00f6ppen Dfb) og oplever varme somre med gennemsnitlige h\u00f8jtemperaturer fra 15 \u00b0C til 26 \u00b0C og bidende kolde vintre, hvor gennemsnitlige lave temperaturer fra -20 \u00b0C til -12 \u00b0C giver plads til ekstremer s\u00e5 lave som -35 \u00b0C. Sommerens maksima kan n\u00e5 35 \u00b0C, hvilket giver et \u00e5rligt interval p\u00e5 82 \u00b0C mellem de registrerede ekstremer. Sne falder p\u00e5 n\u00e6sten halvdelen af \u200b\u200bvinterdagene, selvom individuelle begivenheder typisk er lette. Sibiriske anticykloner driver kold luft sydp\u00e5 uhindret af bjergbarrierer, hvilket g\u00f8r Novosibirsk til den n\u00e6stmest inde i landet store by globalt. Ikke desto mindre er vintrene her forholdsvis mildere end dem i det \u00f8stlige Sibirien og det russiske Fjern\u00f8sten p\u00e5 lavere breddegrader. Novosibirsks samlede termiske profil er parallel med Winnipeg i Canada.<\/p>\n<p>Kulturlivet i Novosibirsk str\u00e6kker sig ud over de arkitektoniske monumenter. Novosibirsk Zoo, der blev grundlagt i 1933, huser en omfattende samling af arktiske og tropiske arter, der bidrager til forskning i bevaring. Byens teatre, gallerier og museer afspejler dens dobbelte arv af russisk tradition og sovjetisk innovation. \u00c5rlige festivaler pr\u00e6senterer litteratur, musik og film, mens Akademgorodok fortsat er et levende videnskabeligt samfund med forskningsinstitutter dedikeret til fysik, biologi, matematik og \u00f8kologi. Tilstedev\u00e6relsen af \u200b\u200bstuderende og forskere fra hele Rusland og udlandet fremmer en atmosf\u00e6re af intellektuel udveksling.<\/p>\n<p>Etnisk mangfoldighed gennemsyrer byens sociale struktur. Russisk er fortsat det dominerende sprog og kultur, men samfund af centralasiatisk og tyrkisk oprindelse - tadsjikisk, usbekisk, tatarisk og kirgisisk - beriger bybilledet med deres traditioner, k\u00f8kken og religi\u00f8se praksis. Ukrainsk og andre slaviske p\u00e5virkninger bidrager ogs\u00e5 til mosaikken. Trods udbredelsen af \u200b\u200brussisk tilegner yngre generationer sig i stigende grad engelsk, hvilket letter internationalt engagement, selvom \u00e6ldre beboere har en tendens til udelukkende at tale russisk.<\/p>\n<p>Transportinfrastruktur, industriel kunnen og kulturelle institutioner forenes alle i Novosibirsks moderne identitet. Byens udvikling fra en beskeden jernbanestation til en vidtstrakt metropol afspejler over et \u00e5rhundredes strategisk planl\u00e6gning, statsledet udvikling og samfundets modstandsdygtighed. Det moderne Novosibirsk balancerer sin sovjetiske arv med det 21. \u00e5rhundredes krav, i takt med at nye arkitektoniske projekter og teknologiske virksomheder opst\u00e5r side om side med historiske teatre og universitetsomr\u00e5der.<\/p>\n<p>Gennem sin historie har Novosibirsk navigeret i udfordringer som barskt klima, afsidesliggende geografi og skiftende politiske str\u00f8mninger. Dens evne til at absorbere krigstidsflytninger, til at f\u00f8lge Stalin-\u00e6raens centraliserede direktiver og til at fremme videnskabelig forskning i Akademgorodok vidner om en underliggende tilpasningsevne. Ob-floden, der engang var en hindring for at krydse Sibirien, fungerer nu som en livline for handel, rekreation og byv\u00e6kst. Broer og tunneler forbinder de nordlige og sydlige bredder, mens vandkraftv\u00e6rket s\u00f8rger for str\u00f8m og oversv\u00f8mmelseskontrol.<\/p>\n<p>Som Sibiriens portby forts\u00e6tter Novosibirsk med at formidle mellem de europ\u00e6iske og asiatiske sektorer i Rusland. Dens jernbaner transporterer varer og passagerer p\u00e5 tv\u00e6rs af kontinentet. Dens lufthavn forbinder indenlandske og internationale destinationer. Dens forskningsinstitutioner unders\u00f8ger grundl\u00e6ggende sp\u00f8rgsm\u00e5l inden for kosmologi og genetik. Dens fabrikker producerer komponenter til rumfart\u00f8jer og kraftv\u00e6rker. Dens teatre er v\u00e6rt for forestillinger i verdensklasse. Dens gader afspejler sammensmeltningen af \u200b\u200bforskellige kulturer, der er tiltrukket af Sibiriens l\u00f8fte om muligheder.<\/p>\n<p>Byens fremtid afh\u00e6nger af at navigere i postindustrielle forandringer, milj\u00f8m\u00e6ssige krav og demografiske tendenser. Der er allerede i gang bestr\u00e6belser p\u00e5 at modernisere transportnetv\u00e6rk, bevare den arkitektoniske arv og diversificere \u00f8konomien ud over tungindustrien. Gr\u00f8nne omr\u00e5der som Stalin Park og bredden af \u200b\u200bOb-reservoiret tilbyder et pusterum fra byintensiteten, mens planer om nye bus- og sporvognslinjer s\u00f8ger at forbedre mobiliteten. Akademgorodoks vedvarende betydning understreger potentialet for videnbaserede industrier som supplement til traditionel produktion.<\/p>\n<p>Novosibirsks historie er en historie om transformation, rodf\u00e6stet i sammenl\u00f8bet af flod, jernbane og menneskelig indsats. Fra grundl\u00e6ggelsen som Novonikolayevsk til dens nuv\u00e6rende status som Ruslands st\u00f8rste by i Asien har den legemliggjort dynamikken i ekspansion, genopbygning og innovation. Dens befolkning p\u00e5 over 1,6 millioner navigerer i et klima af ekstremer, krydser et landskab formet af vandkraftv\u00e6rker og deltager i et samfundsliv, der bygger bro mellem aristokratiske katedraler og avantgardeforskning. I dens gader og forst\u00e6der, i teatre og laboratorier giver ekkoerne af Sibiriens fortid genlyd side om side med forh\u00e5bningerne fra en by, der balancerer mellem kontinenter.<\/p>","protected":false},"excerpt":{"rendered":"<p>Novosibirsk, den mest folkerige by og administrative knudepunkt i Novosibirsk Oblast og det sibiriske f\u00f8derale distrikt i Rusland, har en befolkning p\u00e5 1.633.595 if\u00f8lge folket\u00e6llingen i 2021. Denne bem\u00e6rkelsesv\u00e6rdige statistik fastsl\u00e5r den som den mest folkerige by i Sibirien og den tredjemest folkerige by i Rusland, kun overg\u00e5et af Moskva og Sankt Petersborg. Det er v\u00e6sentligt, at Novosibirsk er den mest folkerige by i den asiatiske del af Rusland. Beliggende i det sydvestlige Sibirien str\u00e6kker byen sig over Ob-floden, en placering, der har v\u00e6ret afg\u00f8rende for dens v\u00e6kst og udvikling.<\/p>","protected":false},"author":1,"featured_media":3474,"parent":11976,"menu_order":0,"comment_status":"closed","ping_status":"closed","template":"elementor_theme","meta":{"_eb_attr":"","footnotes":""},"class_list":["post-12022","page","type-page","status-publish","has-post-thumbnail"],"_links":{"self":[{"href":"https:\/\/travelshelper.com\/da\/wp-json\/wp\/v2\/pages\/12022","targetHints":{"allow":["GET"]}}],"collection":[{"href":"https:\/\/travelshelper.com\/da\/wp-json\/wp\/v2\/pages"}],"about":[{"href":"https:\/\/travelshelper.com\/da\/wp-json\/wp\/v2\/types\/page"}],"author":[{"embeddable":true,"href":"https:\/\/travelshelper.com\/da\/wp-json\/wp\/v2\/users\/1"}],"replies":[{"embeddable":true,"href":"https:\/\/travelshelper.com\/da\/wp-json\/wp\/v2\/comments?post=12022"}],"version-history":[{"count":0,"href":"https:\/\/travelshelper.com\/da\/wp-json\/wp\/v2\/pages\/12022\/revisions"}],"up":[{"embeddable":true,"href":"https:\/\/travelshelper.com\/da\/wp-json\/wp\/v2\/pages\/11976"}],"wp:featuredmedia":[{"embeddable":true,"href":"https:\/\/travelshelper.com\/da\/wp-json\/wp\/v2\/media\/3474"}],"wp:attachment":[{"href":"https:\/\/travelshelper.com\/da\/wp-json\/wp\/v2\/media?parent=12022"}],"curies":[{"name":"wp","href":"https:\/\/api.w.org\/{rel}","templated":true}]}}