{"id":11976,"date":"2024-09-15T11:11:06","date_gmt":"2024-09-15T11:11:06","guid":{"rendered":"https:\/\/travelshelper.com\/staging\/?page_id=11976"},"modified":"2026-03-12T21:31:21","modified_gmt":"2026-03-12T21:31:21","slug":"den-russiske-foderation","status":"publish","type":"page","link":"https:\/\/travelshelper.com\/da\/destinations\/europe\/russian-federation\/","title":{"rendered":"Den Russiske F\u00f8deration"},"content":{"rendered":"<p>Rusland pr\u00e6senterer sig selv p\u00e5 \u00e9n gang som et studie i ekstremer og som en enest\u00e5ende mosaik af menneskelig indsats p\u00e5 tv\u00e6rs af en vidde, der overskygger tre kontinenter. Den Russiske F\u00f8deration str\u00e6kker sig fra \u00d8sters\u00f8kysten ved 19\u00b0 \u00d8 til Stillehavskysten ved 169\u00b0 V og fra Sortehavskysten til den arktiske gr\u00e6nse mellem 41\u00b0 og 82\u00b0 N og d\u00e6kker mere end en ottendedel af verdens beboede landareal. Med sine 146,0 millioner indbyggere i 2025 g\u00f8r den krav p\u00e5 det st\u00f8rste territorium p\u00e5 Jorden, sp\u00e6nder over elleve tidszoner og deler gr\u00e6nser med fjorten suver\u00e6ne naboer. Selvom dette dom\u00e6ne kun huser otte og en halv person pr. kvadratkilometer i gennemsnit, pulserer dets vestlige byer af liv; seksten byomr\u00e5der overstiger en million-m\u00e6rket, og Moskva regerer som Europas mest folkerige metropol. Denne enorme udstr\u00e6kning, b\u00e5de geografisk og demografisk, forankrer Ruslands status som stormagt, samtidig med at den former en menneskelig historie, der udfolder sig i klimaer, der sp\u00e6nder fra fugtigt subtropisk til polar, fra kv\u00e6lende kontinentalvarme til rekordkulde p\u00e5 -71,2 \u00b0C i Republikken Sakha.<\/p>\n<p>Den russiske histories billedt\u00e6ppe \u2013 som den i dag manifesterer sig i dens bym\u00e6ssige skyliner, landlige hytter og gr\u00e6nselandsbyer \u2013 begynder i den nedre pal\u00e6olitikum, hvor sm\u00e5 grupper af j\u00e6ger-samlere krydsede dens floddale. I det tredje \u00e5rhundrede e.Kr. var \u00f8stslaverne opst\u00e5et som en s\u00e6rskilt kulturel og sproglig gruppe p\u00e5 den europ\u00e6iske slette. Deres politiske konsolidering fandt udtryk i det niende \u00e5rhundrede med fremkomsten af \u200b\u200bKievrus\u2032, centreret omkring Dneprs nedre l\u00f8b. I 988 konverterede dens storfyrste til ortodoks kristendom under byzantinsk auspicier og skabte en religi\u00f8s identitet, der fortsat er en hj\u00f8rnesten i russisk kulturliv. Fragmenteringen af \u200b\u200bKievrus\u2032 p\u00e5 grund af eksterne indtr\u00e6ngen og interne rivaliseringer banede vejen for Moskva, hvis storhertuger rangerede forskellige fyrsted\u00f8mmer under Storfyrstend\u00f8mmet Moskvas auspicier. I 1547 overtog Ivan IV titlen som zar og indviede dermed Ruslands zard\u00f8mme.<\/p>\n<p>Under Peter den Store og hans efterf\u00f8lgere udbredte Rusland sin magt over hele Eurasien, erhvervede territorier fra \u00d8sters\u00f8en til Stillehavet og opn\u00e5ede kejserlig status i begyndelsen af \u200b\u200bdet attende \u00e5rhundrede. Det russiske imperium fremstod som det tredjest\u00f8rste i historien, og dets gr\u00e6nser blev stabiliseret gennem erobring, kolonisering og udforskning. Bjerge og stepper gav pelse, korn og mineraler, der berigede hoffet i Sankt Petersborg - Peters &#034;vindue til Europa&#034; - selvom livegenskabet fortsatte p\u00e5 landet. Revolution\u00e6r iver, f\u00f8dt af politisk undertrykkelse og milit\u00e6re tilbageslag, kulminerede i 1917. Februarrevolutionen afsluttede Romanov-autokratiet, og Oktoberrevolutionen indsatte den russiske SFSR som verdens f\u00f8rste konstitutionelt socialistiske stat.<\/p>\n<p>Den efterf\u00f8lgende borgerkrig banede vejen for Unionen af \u200b\u200bSovjetiske Socialistiske Republikker, hvor den russiske SFSR havde forrang. Under Stalins styre blev industrien omformet gennem fem\u00e5rsplaner, selvom millioner led under hungersn\u00f8d, udrensninger og tvangsarbejde. Sovjetunionens triumf over Nazityskland i 1945, opn\u00e5et med enorme menneskelige omkostninger p\u00e5 \u00d8stfronten, bekr\u00e6ftede dens status som en global magt. Rumalderen begyndte med Sputnik i 1957 og Jurij Gagarins orbitale flyvning i 1961, bestr\u00e6belser der afspejlede \u00e6raens teknologiske ambition. I takt med at sp\u00e6ndingerne under den kolde krig voksede og aftog, k\u00e6mpede den sovjetiske sf\u00e6re med ideologisk og milit\u00e6r rivalisering mod USA.<\/p>\n<p>I december 1991 var Sovjetunionen opl\u00f8st; Den Russiske F\u00f8deration opstod fra den russiske SFSR med en ny forfatning, der etablerede en f\u00f8deral semipr\u00e6sidentielt republik. Den post-sovjetiske del har oplevet et komplekst samspil mellem markedsreform, ressourcenationalisme og politisk nedsk\u00e6ring. Siden Vladimir Putins pr\u00e6sidentskab i 1999 er det politiske system drevet mod autoritarisme. Demokratiske institutioner er blevet eroderet, borgerrettighederne er blevet mindre, og pressefriheden er blevet mindre. I udlandet har Rusland deltaget i konflikter i Georgien i 2008 og i Ukraine siden 2014, hvor landet annekterede Krim og senere yderligere ukrainske regioner i strid med internationale normer.<\/p>\n<p>Alligevel eksisterer der indenlandsk og international kontrovers sidel\u00f8bende med et samfund forankret i \u00e5rhundreder gamle traditioner. Russisk er fortsat det officielle og overvejende dominerende sprog, det mest udbredte slaviske sprog og et af seks i FN og to ombord p\u00e5 den internationale rumstation. Dets litteratur - Tolstoj, Dostojevskij, Turgenjev - har formet europ\u00e6isk tankegang; dets komponister - Tjajkovskij, Stravinskij - har beriget den globale kanon; dets balletkompagnier forbliver forbilleder for klassisk disciplin; dets teatre og museer vidner om en passion for kunst, der sp\u00e6nder fra ikonmaleri til avantgarde-film.<\/p>\n<p>Geografisk set er Ruslands konturer defineret af ni store bjergsystemer. Mod syd rejser Kaukasusbjergene sig til Elbrus-bjerget i 5.642 m h\u00f8jde, det h\u00f8jeste bjergtop i Europa. Sibiriens Altai- og Sayan-bjergk\u00e6der og de vulkanske tinder i Kamchatka, inklusive Klyuchevskaya Sopka i 4.750 m h\u00f8jde, vidner om nationens tektoniske uro. Uralbjergene - rige p\u00e5 malm og \u00e6delsten - danner den traditionelle kl\u00f8ft mellem Europa og Asien. Dens lavpunkter styrtdykker ned til 29 m under havets overflade ved den Kaspiske lavtryk, mens dens arktiske og stillehavskyster g\u00f8r Rusland til en af \u200b\u200btre stater, der ber\u00f8rer tre oceaner, og har ansvaret for mere end 37.653 km kystlinje. \u00d8er s\u00e5 afsidesliggende som Wrangel og Franz Josef Land st\u00e5r vagtposter i Arktis, mens Sakhalin og Kurilerne markerer de fjern\u00f8stlige udkanter, nogle omstridt af Japan.<\/p>\n<p>Det russiske indre gennemstr\u00f8mmes af mere end 100.000 floder og rummer s\u00f8er, der indeholder en fjerdedel af verdens flydende ferskvand. Baikals\u00f8en er med sine 1.642 m det dybeste og \u00e6ldste s\u00f8bassin p\u00e5 Jorden og indeholder over en femtedel af alt overfladevand. Mod vest ligger Ladoga og Onega, blandt Europas st\u00f8rste. Volga, &#034;Moderfloden&#034;, l\u00f8ber gennem vestlige sletter til sit enorme delta ved det nordlige Kaspiske Hav, mens Ob, Jenisej, Lena og Amur dr\u00e6ner Sibirien mod Arktis og Stillehavet. Disse vandveje har formet bos\u00e6ttelses- og transportm\u00f8nstre fra middelalderen til fabriksfart\u00f8jernes \u00e6ra.<\/p>\n<p>Klimaregimerne skifter brat fra nord til syd og \u00f8st til vest. Sibirien oplever subarktiske vintre, der er ekstremt kolde, i mods\u00e6tning til varme somre, hvor floddale blomstrer og bliver til oaser p\u00e5 fastlandet. De arktiske \u00f8grupper og tundraen er under polar indflydelse; Sortehavskysten omkring Sochi har fugtige, subtropiske vintre, der minder om Middelhavet; sparsomme tropiske briser n\u00e5r Kaspiske Havs halvt\u00f8rre kyststr\u00e6kninger og sydlige sibiriske skr\u00e5ninger; og de vestlige maritime sletter m\u00e6rker Atlanterhavets afd\u00e6mpning i Kaliningrad og langs \u00d8sters\u00f8en. Et kort for\u00e5r og efter\u00e5r indrammer de to dominerende \u00e5rstider, vinter og sommer, da avlere og udend\u00f8rsarbejdere planl\u00e6gger at leve omkring sned\u00e6kkede m\u00e5neder eller hedeb\u00f8lger. Klimaforandringer intensiverer nu skovbrande, opt\u00f8er permafrost og omformer nedb\u00f8rs- og landbrugsm\u00f8nstre.<\/p>\n<p>Administrativt omfatter f\u00f8derationen 83 f\u00f8derale unders\u00e5tter: 46 oblaster, 21 republikker, ni krajer, fire autonome okruger, to f\u00f8derale byer og en autonom oblast. Det centrale Rusland, der l\u00e6nge har v\u00e6ret det kulturelle hjerteland, kan prale af Moskva og dets satellitoblast, Yaroslavl og Vladimir, med deres middelalderkirker. Chernozem-regionen syd for Moskva - Kursk, Voronezh - har bevaret sort jord, der har br\u00f8df\u00f8det h\u00e6re og b\u00f8nder gennem krige og hungersn\u00f8d. Det nordvestlige Rusland, med Sankt Petersborg som forankring, str\u00e6kker sig til Det Hvide Hav og Karelens skove. Mod syd pr\u00e6senterer Krimhalv\u00f8en og Kaukasus-republikkerne kontraster mellem subtropiske feriesteder og barske bjergkulturer. Volga-regionen summer af industri og tatarisk arv i Kazan og Samara, mens Uralbjergene, Sibirien og Fjern\u00f8sten leverer mineraler, skove og gr\u00e6nser, der udfordrer infrastruktur og regeringsf\u00f8relse i lige m\u00e5l.<\/p>\n<p>Bylivet i Rusland afspejler denne regionale mangfoldighed. Moskvas skyline stiller l\u00f8gkupler op mod glast\u00e5rne, og gaderne minder om \u00e5rhundreders zarer og sovjetiske planl\u00e6ggere. Moskvas metro \u2013 overd\u00e5digt udsmykket \u2013 fungerer som b\u00e5de transportnetv\u00e6rk og offentlig kunst. Sankt Petersborg, grundlagt af Peter den Store, udfolder sig langs kanaler og neoklassiske all\u00e9er i gl\u00f8den af \u200b\u200bsine sagnomspundne hvide n\u00e6tter. Kazan forener ortodokse katedraler med minareter, symbolske for Ruslands multietniske f\u00f8deration. Nizhny Novgorod, Irkutsk, Jekaterinburg og Vladivostok er havne, industrielle knudepunkter og kulturelle centre, der hver is\u00e6r afsl\u00f8rer forskellige kapitler af russisk historie og \u00f8konomisk liv. Volgograds sovjetiske mindesm\u00e6rker minder om Stalingrads katastrofe; Sotjis subtropiske kyst fremmede en olympisk genopfindelse i 2014; Kizjis tr\u00e6kirker driver rundt som minder p\u00e5 Onega-s\u00f8en.<\/p>\n<p>Turismen, der engang var beskeden i sovjettiden, er steget og aftaget med geopolitik og pandemier. I 2019 n\u00e5ede antallet af udenlandske bes\u00f8g i Rusland 24,4 millioner, hvilket bidrog med 4,8 procent til BNP. Den R\u00f8de Plads, Eremitagen og Tretjakovgalleriet tiltr\u00e6kker dem, der er interesseret i kunst og historie. Den Gyldne Rings samling af byer - Suzdal, Rostov, Vladimir - tilbyder kapitler af kirkelig arkitektur. Den Transsibiriske Jernbane inviterer modige rejsende til at str\u00e6kke sig 9.000 km mellem kontinenter. Kamchatkas gejsere og bj\u00f8rne, Bajkals\u00f8ens isbl\u00e5 dyb, Solovetskijs klosterf\u00e6stning og Komis Jomfruskove forbliver uden for metropolens glimt og er kun tilg\u00e6ngelige med flodpram eller buskflyver. Ruslands liste over 32 UNESCO-verdensarvssteder vidner om dets naturlige og kulturelle rigdom - men dets afsides beliggenhed sikrer, at mange stier forbliver let tr\u00e5dte.<\/p>\n<p>Demografisk set st\u00e5r Rusland over for udfordringer med en aldrende befolkning og lav fertilitet, med en samlet fertilitetsrate p\u00e5 1,41 f\u00f8dsler pr. kvinde i 2024. Urbanisering har trukket to tredjedele af indbyggerne til byerne, selvom den nationale befolkningst\u00e6thed styrtdykker \u00f8st for Uralbjergene. Medianalderen p\u00e5 41,9 \u00e5r g\u00f8r samfundet til et af verdens \u00e6ldste, hvilket har konsekvenser for pensioner, sundhedspleje og arbejdsmarkeder. Emigration og migrationspolitik, is\u00e6r med hensyn til tidligere sovjetrepublikker, forts\u00e6tter med at forme den etniske og professionelle sammens\u00e6tning af byer fra Moskva til Magadan.<\/p>\n<p>K\u00f8kken og hygge afspejler b\u00e5de klima og historie. M\u00e6ttende rug- og hvedebr\u00f8d holder kolde vintre ved lige; supper \u2013 shchi, borsch, ukha \u2013 kombinerer k\u00f8d, rodfrugter og cremefraiche for at levere energi og varme. Blini, pirozhki og syrniki pr\u00e6ger morgenmad og tepause. Pelmeni og golubtsy tr\u00e6kker p\u00e5 k\u00f8d og k\u00e5l i folder og boller, der vidner om bondeopfindsomhed. Oksek\u00f8d Stroganoff og Kylling Kiev har aristokratiske associationer, mens shashlyk liver op til festlige grillfester. Kvas, en gammel g\u00e6ret drik, slukker t\u00f8rsten med mild brusen; vodka, destilleret siden det fjortende \u00e5rhundrede, forbliver symbolet p\u00e5 russiske toasts, selvom \u00f8l og vin finder ynde i moderne ungdomskultur.<\/p>\n<p>I denne enorme nation sameksisterer fortid og nutid i lagdelt kompleksitet. Katharinas barokke paladser og sovjetiske mindesm\u00e6rker st\u00e5r side om side med kontort\u00e5rne \u200b\u200bmed glasfacade. Ortodokse klokket\u00e5rne \u200b\u200bindrammer nye ejerlejlighedskomplekser. Ekkoer af zarerne og politbureauet blandes i museumshaller. Bjerge og skove vogter landsbyer, der taler dialekter fra Ukraine, Finland og Asien. Floder forts\u00e6tter med at f\u00f8re pramme og passagerdampere i m\u00f8nstre fastsat af kejserligt dekret og kollektivt foretagende. Elleve tidszoner udfolder sig i middags- og midnatrytmer, men et enkelt flag og en enkelt national myte binder folkene i Belgorod og Petropavlovsk-Kamchatsky.<\/p>\n<p>I sidste ende er Rusland hverken en monolit eller et mirakel, men en konstant foranderlig enhed af enorme proportioner. Dets rigdomme af olie, gas, t\u00f8mmer og mineraler underst\u00f8tter en \u00f8konomi, der er rangeret som nummer 11 i nominelt BNP, men skal afbalanceres mod en regeringsf\u00f8relse, der giver anledning til kontroverser, et indskr\u00e6nket civilsamfund og en presse, der er begr\u00e6nset. Dets strategiske tyngde afspejles i et atomarsenal, der er uovertruffent uden for USA, og i diplomatisk indflydelse som permanent medlem af FN&#039;s Sikkerhedsr\u00e5d og et omdrejningspunkt for G20, BRICS og regionale arrangementer fra Samfundet af Uafh\u00e6ngige Stater til Den Eurasiske \u00d8konomiske Union. Alligevel forbliver det menneskelige terr\u00e6n - byer, landsbyer, floder og bjerge - den sande valuta for russisk identitet. Det er her, midt i birkeskove og marmorkatedraler, p\u00e5 frosne s\u00f8er og solbr\u00e6ndte stepper, at essensen af \u200b\u200bdenne nation kan m\u00e6rkes dybest set.<\/p>\n<p>Dette er Rusland som b\u00e5de scene og skuespiller: p\u00e5 \u00e9n gang en arvtager til \u00e5rtusinders menneskelig beboelse og en smeltedigel for moderne magt. Det er et sted, hvor historien er indskrevet i sten og st\u00e5l, hvor naturen h\u00e6vder sin storhed uden for menneskets r\u00e6kkevidde, og hvor den n\u00e6ste drejning i kr\u00f8niken forbliver uskrevet, men formet af den enorme vidder, den optager, og de mennesker, der kalder den hjem.<\/p>","protected":false},"excerpt":{"rendered":"<p>Rusland, formelt omtalt som Den Russiske F\u00f8deration, er det st\u00f8rste land globalt efter landareal, der omfatter \u00d8steuropa og Nordasien. Med en befolkning p\u00e5 omkring 146 millioner i 2024 rangerer den tiende p\u00e5 kloden og er den mest folkerige nation i Europa. Med elleve tidszoner og landegr\u00e6nser med fjorten lande er dette enorme land et geografisk monster med et territorium uden sidestykke.<\/p>","protected":false},"author":1,"featured_media":4357,"parent":24078,"menu_order":0,"comment_status":"closed","ping_status":"closed","template":"elementor_theme","meta":{"_eb_attr":"","footnotes":""},"class_list":["post-11976","page","type-page","status-publish","has-post-thumbnail"],"_links":{"self":[{"href":"https:\/\/travelshelper.com\/da\/wp-json\/wp\/v2\/pages\/11976","targetHints":{"allow":["GET"]}}],"collection":[{"href":"https:\/\/travelshelper.com\/da\/wp-json\/wp\/v2\/pages"}],"about":[{"href":"https:\/\/travelshelper.com\/da\/wp-json\/wp\/v2\/types\/page"}],"author":[{"embeddable":true,"href":"https:\/\/travelshelper.com\/da\/wp-json\/wp\/v2\/users\/1"}],"replies":[{"embeddable":true,"href":"https:\/\/travelshelper.com\/da\/wp-json\/wp\/v2\/comments?post=11976"}],"version-history":[{"count":0,"href":"https:\/\/travelshelper.com\/da\/wp-json\/wp\/v2\/pages\/11976\/revisions"}],"up":[{"embeddable":true,"href":"https:\/\/travelshelper.com\/da\/wp-json\/wp\/v2\/pages\/24078"}],"wp:featuredmedia":[{"embeddable":true,"href":"https:\/\/travelshelper.com\/da\/wp-json\/wp\/v2\/media\/4357"}],"wp:attachment":[{"href":"https:\/\/travelshelper.com\/da\/wp-json\/wp\/v2\/media?parent=11976"}],"curies":[{"name":"wp","href":"https:\/\/api.w.org\/{rel}","templated":true}]}}