{"id":11945,"date":"2024-09-14T21:20:02","date_gmt":"2024-09-14T21:20:02","guid":{"rendered":"https:\/\/travelshelper.com\/staging\/?page_id=11945"},"modified":"2026-03-12T21:15:34","modified_gmt":"2026-03-12T21:15:34","slug":"transsylvanien","status":"publish","type":"page","link":"https:\/\/travelshelper.com\/da\/destinations\/europe\/romania\/transylvania\/","title":{"rendered":"Transsylvanien"},"content":{"rendered":"<p>Transsylvanien ligger i hjertet af Rum\u00e6nien, hvis konturer defineres af de fejende buer i de \u00f8stlige, sydlige og vestlige Karpater og et plateau, der m\u00e5ler cirka 100.290 kvadratkilometer. Med seksten moderne administrative amter ligger regionen i det geografiske centrum af Centraleuropa, hvis gr\u00e6nser engang \u00e6ndrede sig gennem \u00e5rhundreders erobring, alliancer og traktater. Fra de stejle h\u00f8jderygge i Apuseni-bjergene til de blide b\u00f8lger p\u00e5 den indre slette underst\u00f8tter regionens topografi et tapet af kulturer, historier og \u00f8konomier. Transsylvanien afspejler en befolkning formet af rum\u00e6nske, ungarske, tyske og romasamfund og fremst\u00e5r i dag som en unik sammensmeltning af middelalderlige citadeller, bef\u00e6stede landsbyer og enorme naturreservater, hvis identitet ligeligt b\u00e6res af gamle dakiske legender og de imponerende sten fra Habsburg-\u00e6raens f\u00e6stninger.<\/p>\n<p>Transsylvaniens menneskelige fort\u00e6lling g\u00e5r tilbage til antikken, hvor dets landomr\u00e5der f\u00f8rst blev holdt af Agathyrsi, f\u00f8r de blev en integreret del af det dakiske kongerige i det andet \u00e5rhundrede f.Kr. Med den romerske erobring af Dakien i 106 e.Kr. kom introduktionen af \u200b\u200bveje og bos\u00e6ttelser, der langsomt sammenflettede lokale skikke med kejserlig indflydelse. I mere end halvandet \u00e5rhundrede efterlod romerske legioner og administratorer et aftryk af ingeni\u00f8rkunst og lov, der ville vare ved i navnene p\u00e5 floder og ruiner spredt over plateauet. Derefter fulgte successive b\u00f8lger af gotisk tilstedev\u00e6relse og det hunniske riges opr\u00f8r i det fjerde og femte \u00e5rhundrede, hvor hvert lag af herred\u00f8mme lagde sig over regionens tidligere arv uden helt at udslette den. I det femte og sjette \u00e5rhundrede h\u00e6vdede gepidernes rige kontrol, efterfulgt af Avar Khaganate, hvis autoritet strakte sig indtil det niende \u00e5rhundrede. Da slaviske folk pressede sig ind i omr\u00e5det, fandt de ogs\u00e5 en scene, der allerede var sat af \u00e5rtusinders beboelse, og bidrog med folkesprog til lokale dialekter og sm\u00e5 bos\u00e6ttelser, der ville vare ved i navnene p\u00e5 landsbyer og landsbyer.<\/p>\n<p>Ankomsten af \u200b\u200b\u200b\u200bmagyar-stammer i slutningen af \u200b\u200b\u200b\u200bdet niende \u00e5rhundrede markerede et vendepunkt. Erobringen af \u200b\u200b\u200b\u200befterkommeren af \u200b\u200b\u200b\u200ben af \u200b\u200b\u200b\u200bde syv magyar-h\u00f8vdinge, Gyula, udfoldede sig i l\u00f8bet af de kommende \u00e5rtier, kun for at blive formaliseret under kong Stefan 1. af Ungarn. I 1002 var Transsylvanien blevet annekteret til den nye ungarske krone, og dets fremtid var bundet til et statssamfund, hvis omfang ville str\u00e6kke sig langt ud over Karpaterne. I \u00e5rhundreder blev regionen administreret som en integreret del af Kongeriget Ungarn, og dets ungarske og saksiske bos\u00e6ttere fik privilegier til geng\u00e6ld for milit\u00e6rtjeneste i gr\u00e6nseomr\u00e5derne. Bastionen Cluj-Napoca, nu Rum\u00e6niens n\u00e6stst\u00f8rste by, skulle tjene som provinshovedstad under forskellige forkl\u00e6dninger mellem 1790 og 1848, hvis middelalderlige citadelmure var et tavst vidnesbyrd om de skiftende loyaliteter mellem herskere og opr\u00f8r.<\/p>\n<p>Det seismiske nederlag for den ungarske h\u00e6r ved Moh\u00e1cs i 1526 splittede den middelalderlige ungarske stat og gav anledning til det \u00f8stungarske kongerige, hvorfra fyrsted\u00f8mmet Transsylvanien opstod i 1570 under Speyer-traktaten. I store dele af det n\u00e6ste \u00e5rhundrede navigerede dette fyrsted\u00f8mme i et delikat dobbelt overherred\u00f8mme, nominelt underlagt b\u00e5de den osmanniske sultan og den habsburgske kejser. Dets hoffer blev efter datidens standarder tilflugtssteder for religi\u00f8s tolerance og beskyttede unitariere, calvinister, lutheranere og romersk-katolikker under det v\u00e5gne \u00f8je af fyrster, hvis diplomati var afh\u00e6ngig af ligev\u00e6gt mellem to kejserlige magter. I begyndelsen af \u200b\u200bdet attende \u00e5rhundrede havde habsburgske styrker konsolideret kontrollen over fyrsted\u00f8mmet; R\u00e1k\u00f3czis fiasko i fors\u00f8get p\u00e5 uafh\u00e6ngighed i 1711 beseglede Transsylvaniens sk\u00e6bne som et kronland styret fra Wien. Selvom den ungarske revolution i 1848 kortvarigt genoplivede forh\u00e5bningerne om en forening med Ungarn - kodificeret i aprillovene - genetablerede den efterf\u00f8lgende \u00f8strigske martsforfatning Transsylvanien som en selvst\u00e6ndig enhed. Dens separate status ville blive permanent oph\u00e6vet af det \u00f8strig-ungarske kompromis i 1867, hvorefter regionen blev foldet tilbage ind i den ungarske halvdel af dobbeltmonarkiet.<\/p>\n<p>Disse \u00e5rhundreders kejserlige administration fremmede en opv\u00e5gnen blandt Transsylvaniens rum\u00e6nske indbyggere, som krystalliseredes i den transsylvaniske skole i slutningen af \u200b\u200bdet attende og begyndelsen af \u200b\u200bdet nittende \u00e5rhundrede. Samuil Micu-Klein, Petru Maior og Gheorghe \u015eincai stod i spidsen for bestr\u00e6belserne p\u00e5 at forfine det rum\u00e6nske alfabet og formulere en kulturel identitet, der forbandt bondetraditioner og akademiske str\u00e6ben. Deres andragender, is\u00e6r Supplex Libellus Valachorum, pressede p\u00e5 for politisk anerkendelse af rum\u00e6nere inden for det habsburgske styre. Alligevel greb Transsylvaniens rum\u00e6nske flertal f\u00f8rst lejligheden i uroen ved afslutningen af \u200b\u200bF\u00f8rste Verdenskrig og proklamerede en forening med Kongeriget Rum\u00e6nien den 1. december 1918 i den historiske forsamling i Alba Iulia. Denne lov blev ratificeret to \u00e5r senere under Trianon-traktaten, selvom mere end 100.000 ungarere og tyskere fortsatte med at kalde regionen deres hjem. En flygtig tilbagevenden til ungarsk styre i det nordlige Transsylvanien under Anden Verdenskrig blev vendt ved dens afslutning, hvilket forankrede regionen solidt inden for Rum\u00e6niens efterkrigsgr\u00e6nser.<\/p>\n<p>Gennem disse \u00e5rhundreder har Transsylvaniens byer udviklet sig fra milit\u00e6re bolv\u00e6rker til knudepunkter for handel og kultur. Cluj-Napoca \u2013 Cluj for dens indbyggere \u2013 vrimler med mere end 300.000 indbyggere, med brede all\u00e9er omkranset af barokke facader og spredt over romerske ruiner ved Mathias Corvinus-statuen. Sibiu, tidligere centrum for saksisk administration, opn\u00e5ede s\u00e6rlig udm\u00e6rkelse i 2007, da byen delte titlen som Europ\u00e6isk Kulturhovedstad med Luxembourg By, en begivenhed der understregede byens ren\u00e6ssance som et epicenter for festivaler og museer. Bra\u0219ov, der ligger op ad bjergskr\u00e5ninger mod syd\u00f8st, fungerer som et knudepunkt for turisme og handel og tiltr\u00e6kker bes\u00f8gende til den sorte kirke og R\u00e2\u0219nov-citadellet, samtidig med at den fungerer som et mellemlandingssted for udflugter til moldaviske klostre eller Sortehavsresorter. Alba Iulia, der ligger ved bredden af \u200b\u200bMure\u0219-floden, har bevaret sin middelalderlige katedral og ren\u00e6ssancef\u00e6stningsomr\u00e5de, steder hellige for b\u00e5de det romersk-katolske stift og mindet om fagbev\u00e6gelsen i 1918.<\/p>\n<p>Uden for disse st\u00f8rre bycentre har middelalderlige mindre byer - Bistri\u021ba, Media\u0219, Sebe\u0219 og Sighi\u0219oara - bevaret omkransede mure og k\u00f8bmandshuse, der fremmaner velstanden for saksiske laug i det fjortende og femtende \u00e5rhundrede. Sighi\u0219oaras historiske centrum, et UNESCO-verdensarvssted, pr\u00e6senterer en uafbrudt arkitektonisk fort\u00e6lling om smalle gader, malede laugsale og klokket\u00e5rnet, hvert element opretholdt af generationer af lokalt forvaltning. De dakiske f\u00e6stninger i Or\u0103\u0219tie-bjergene, der ligger samlet i sydvest, vidner ligeledes om en jernaldercivilisation, der engang modstod flere invasioner, f\u00f8r den bukkede under for Rom. Landsbyerne med bef\u00e6stede kirker, over 150 i antal, forbliver symbolske for regionens tilpasning til osmanniske invasioner, deres kraftige t\u00e5rne \u200b\u200bog lader forener tro og selvforsvar i kalkstensmure.<\/p>\n<p>Under sine landsbyer og byer formede Transsylvaniens underjordiske rigdomme en stor del af dens middelalderlige fremtr\u00e6den. Guldforekomster omkring Ro\u0219ia Montan\u0103 n\u00e6rede de \u00f8strig-ungarske ambitioner, mens saltminerne i Praid og Turda fortsat tiltr\u00e6kker bes\u00f8gende til terapeutiske ophold. Inde i disse huleagtige kamre, hvor halit glimter i fakkellys, tilbringer astmapatienter og patienter med kronisk bronkitis timer med at ind\u00e5nde saltberiget luft. Selvom mange miner er kollapset eller blevet tavse, forbliver disse to helligdomme for b\u00e5de historie og sundhed, hvor deres tr\u00e6gange og salts\u00f8er minder om minearbejdere, der engang udvandt Europas livsblod.<\/p>\n<p>Overflademineraler har ogs\u00e5 bidraget til Transsylvaniens industrielle tidsalder. Jern- og st\u00e5lv\u00e6rker i Hunedoara og Timi\u0219 har l\u00e6nge skabt besk\u00e6ftigelse og eksportindt\u00e6gter, mens kemiske fabrikker og tekstilfabrikker voksede frem langs floder, der vander sletten. Landbrug forts\u00e6tter som en grundl\u00e6ggende str\u00e6ben: korn, gr\u00f8ntsager og vinstokke trives p\u00e5 plateauets lerjord, og husdyr som kv\u00e6g, f\u00e5r, svin og fjerkr\u00e6 giver anledning til traditionelle oste og charcuteri, der fodrer de lokale markeder. T\u00f8mmerudvinding forts\u00e6tter i Karpaterne, selvom moderne reguleringer s\u00f8ger at balancere \u00f8konomiske behov med bevaringskrav. I makro\u00f8konomiske termer n\u00e6rmer Transsylvaniens nominelle BNP sig to hundrede milliarder amerikanske dollars, dets tal pr. indbygger n\u00e6rmer sig 28.600 dollars - en sammenligning, der ofte drages med Tjekkiet eller Estland i EU-sammenh\u00e6nge - og dets rangering efter Human Development Index placerer det p\u00e5 andenpladsen i Rum\u00e6nien, kun overg\u00e5et af Bukarest-Ilfov.<\/p>\n<p>Naturlandskaber er fortsat blandt Transsylvaniens mest fascinerende tr\u00e6k. H\u0103\u0219ma\u0219- og Piatra Craiului-bjergk\u00e6derne indrammer dybe dale, hvor bj\u00f8rne, ulve og los krydser gamle skov\u00f8kosystemer. Selvom det ansl\u00e5s, at Rum\u00e6nien er v\u00e6rt for omkring 60 procent af den europ\u00e6iske bj\u00f8rnebestand - eksklusive Rusland - er observationer fra rejsende stadig sj\u00e6ldne, hvilket vidner om disse skabningers flygtige natur. Floder som Mure\u0219, Some\u0219, Cri\u0219 og Olt l\u00f8ber hen over plateauet og snor sig langs bredder med piletr\u00e6er, der har n\u00e6ret bos\u00e6ttelser i \u00e5rtusinder. Nationalparker i disse bjergenklaver beskytter b\u00e5de biodiversitet og kulturarv, hvor hyrdehytter og h\u00f8jlandsenge viser landskaber, der har v\u00e6ret lidt \u00e6ndrede siden middelalderen.<\/p>\n<p>Transsylvaniens bygningsarv tiltr\u00e6kker sig ligeledes opm\u00e6rksomhed. Gotiske spir rejser sig over Bra\u0219ovs historiske kerne, is\u00e6r Den Sorte Kirke, hvis skibshv\u00e6lvinger og legender fra Den Sorte D\u00f8d-\u00e6raen tiltr\u00e6kker b\u00e5de l\u00e6rde og pilgrimme. Bran Slot, der ligger h\u00f8jt over R\u00e2\u0219nov-dalen, fremkalder mere myte end dokumenteret kendsgerning: Selvom det stort set ikke er underbygget som residens for Vlad III Dracula, er det v\u00e6rt for en permanent udstilling om vampyrisk folklore og \u01ecmpalerens grusomhed, inspireret af tysk- og rum\u00e6nsksprogede tekster. I n\u00e6rheden ligger R\u00e2\u0219nov-f\u00e6stningen, der stammer fra det trettende \u00e5rhundrede, p\u00e5 en klippefremspring, hvis boligkvarterer og smalle gader giver indblik i bondesamfundets forsvar mod osmanniske angreb. I Hunedoara udfolder Hunyad Slot fra det femtende \u00e5rhundrede sig i et tapet af ren\u00e6ssanceblokke og middelalderlige t\u00e5rne, hvis stenkorridorer b\u00e6rer fresker og heraldiske udsk\u00e6ringer, der vidner om stedets ungarske fyrstelige oprindelse.<\/p>\n<p>Den folkelige fantasi forbinder Transsylvanien ub\u00f8nh\u00f8rligt med vampyrlegenden, der blev udl\u00f8st af Bram Stokers roman Dracula fra 1897. Mens Stokers karakter var en blanding af folklore og den historiske figur Vlad III \u021aepe\u0219, cirkulerede lokale saksiske digtere og k\u00f8bm\u00e6nd engang aviser, der ford\u00f8mte den valakiske prins&#039; grusomme straffe og gav ham \u00e6ren for at have spiddet mere end hundrede tusinde ofre. S\u00e5danne beretninger, gennemsyret af propaganda, fik deres eget liv og blandede fakta og fantasi, indtil bloddrikkende genf\u00e6rd blev symbolske for regionens m\u00f8rke skove og t\u00e5geindhyllede ruiner. I dag udnytter turismen denne skyggeverdenstiltr\u00e6kning, selvom kulturembedsm\u00e6nd understreger Transsylvaniens mangfoldighed af levende traditioner og dens rolle i at skabe moderne rum\u00e6nsk identitet.<\/p>\n<p>Kulturlivet i Transsylvanien er blevet formet af ungarske, tyske og rum\u00e6nske indflydelser inden for musik, litteratur og arkitektur. Den transsylvanske skoles intellektuelle arv lever videre i v\u00e6rkerne af Liviu Rebreanu, hvis roman Ion gengiver b\u00f8nder og intellektuelle med b\u00e5de sympati og granskning, og af Lucian Blaga, hvis poesi og filosofi trak p\u00e5 den eksistentielle v\u00e6gt af ensomhed i bjergene. Ungarske forfattere som Endre Ady og Elek Benedek afspejlede ungarske f\u00f8lsomheder i deres vers og b\u00f8rneeventyr, mens Elie Wiesels tidlige \u00e5r i Sighetu Marma\u021biei varslede hans livslange engagement i erindring og grusomhed. Den transsylvanske gotiske stil er stadig synlig ikke kun i katedralhv\u00e6lvinger, men ogs\u00e5 i sekul\u00e6re pal\u00e6er og kommunale bygninger, hvor deres lancetbuer og flyvende st\u00f8ttepiller minder om en \u00e6ra, hvor h\u00e5ndv\u00e6rkere, k\u00f8bm\u00e6nd og gejstlige kappedes om gavmildhed til deres byer.<\/p>\n<p>Hele tiden forts\u00e6tter en mosaik af landlige skikke. Szekler-p\u00e5skeb\u00e5l t\u00e6nder h\u00f8jlandet i Harghita County, deres flammer t\u00e6ndes i trods mod vinterens br\u00e6nden, og ungarske hyrdedanse giver genlyd gennem Bra\u0219ovs festivaler hvert efter\u00e5r. Tysktalende saksere i regioner som Bistri\u021ba-N\u0103s\u0103ud opretholder husmuseer, der bevarer folkelig tr\u00e6sk\u00e6ring og indviklede tekstilm\u00f8nstre. Romasamfund bidrager med musikalske traditioner, der blander improvisation og rytme, deres ensembler af cimbalomer og violiner giver genlyd p\u00e5 landsbytorve. Sammen artikulerer disse traditioner de l\u00f8bende samtaler mellem Transsylvaniens etniske grupper, en dialog, der f\u00f8res p\u00e5 f\u00e6lles markedspladser og i katedralernes skygger.<\/p>\n<p>For den moderne rejsende tilbyder Transsylvanien mere end iscenesatte legender. Bjergskove indbyder til klatring og vandreture langs bjergrygge, der afsl\u00f8rer vidtstrakte udsigter over fyr og b\u00f8g. Grotteudforskningsekspeditioner g\u00e5r ned i kalkstensgallerier, hvor stalaktitter og flagermus konspirerer i underjordisk stilhed. Vinruter snor sig gennem vinmarkerne i Cotnari og Hu\u0219i, hvis oprindelige druer giver spr\u00f8de hvidvine og robuste r\u00f8dvine, der passer til lokale oste. Markedsboder fyldes med r\u00f8gede p\u00f8lser og h\u00e5ndlavet honning, mens kroer langs vejen serverer k\u00e5lbladsruller fyldt med k\u00f8d i frankfurterstil. De store byer - Cluj-Napoca, Sibiu, Bra\u0219ov - leverer infrastruktur med internationale lufthavne, jernbaner og motorveje, men selv her opdager man gyder uden neonm\u00e6rker, hvor tidens gang synes at v\u00e6re styret af kirkeklokker og solbuen.<\/p>\n<p>Transsylvaniens tiltr\u00e6kningskraft ligger i denne balance mellem store fort\u00e6llinger og intime refleksioner. Det er en region, hvis uforstyrrede sk\u00f8nhed sameksisterer med erobringens ar og den kulturelle modstandsdygtigheds triumf. Hver by er en samling af sten og historier: mure rejst mod invasion, kirker indviet i trods af religi\u00f8se p\u00e5bud, museer, der bevarer artefakter fra forsvundne liv. Plateauets marker og skove minder om legioner og hyrder, dakiske bakkeforter og Habsburgsk kavaleri. Floder skaber dale, hvor romerske m\u00f8nter er blevet fundet blandt nutidens fiskere. Og over dem holder Karpaterne deres langsomme vagt, som de har gjort i to \u00e5rtusinder, og markerer gr\u00e6nsen til et imperium og hjertet af et hjemland.<\/p>\n<p>Under omst\u00e6ndigheder, hvor ubegrundede legender ofte overskygger den levede virkelighed, st\u00e5r Transsylvanien som et bevis p\u00e5 stedets kraft til at udvikle sig uden at slette. Her kan man f\u00f8lge omridset af dakiske volde, gotiske portaler og habsburgske pal\u00e6er p\u00e5 en enkelt eftermiddags rejse. Om aftenen gl\u00f8der lamperne fra Sighi\u0219oaras citadel langs brostensbelagte gangstier, og vinden b\u00e6rer ekkoet af en glemt klokke. Dette er et land formet af floder, bjerge og imperier; af fyrsternes h\u00e5b og b\u00f8ndernes arbejde; af profeter for kulturel opv\u00e5gning og af digtere, der gav stemme til h\u00f8jlandets stilhed. En s\u00e5dan kompleksitet trodser reduktion til en enkelt trope. Det kr\u00e6ver, at den opm\u00e6rksomme rejsende lytter efter historiens kadence i kapelkor, m\u00e6rker v\u00e6gten af \u200b\u200bsten under katedralhv\u00e6lvinger og erkender, at hvert skridt p\u00e5 dette plateau ogs\u00e5 er et skridt gennem tiden.<\/p>","protected":false},"excerpt":{"rendered":"<p>Transsylvanien, en historisk og kulturel region i Centraleuropa, ligger i det centrale Rum\u00e6nien. Dens landst\u00f8rrelse er omkring 100.000 kvadratkilometer, og dens befolkning er omkring 6,5 millioner. Naturlige bef\u00e6stninger dannet af Karpaterne mod \u00f8st og syd og Apuseni-bjergene mod vest har defineret deres historie og kultur i evigheder.<\/p>","protected":false},"author":1,"featured_media":4302,"parent":11908,"menu_order":0,"comment_status":"closed","ping_status":"closed","template":"elementor_theme","meta":{"_eb_attr":"","footnotes":""},"class_list":["post-11945","page","type-page","status-publish","has-post-thumbnail"],"_links":{"self":[{"href":"https:\/\/travelshelper.com\/da\/wp-json\/wp\/v2\/pages\/11945","targetHints":{"allow":["GET"]}}],"collection":[{"href":"https:\/\/travelshelper.com\/da\/wp-json\/wp\/v2\/pages"}],"about":[{"href":"https:\/\/travelshelper.com\/da\/wp-json\/wp\/v2\/types\/page"}],"author":[{"embeddable":true,"href":"https:\/\/travelshelper.com\/da\/wp-json\/wp\/v2\/users\/1"}],"replies":[{"embeddable":true,"href":"https:\/\/travelshelper.com\/da\/wp-json\/wp\/v2\/comments?post=11945"}],"version-history":[{"count":0,"href":"https:\/\/travelshelper.com\/da\/wp-json\/wp\/v2\/pages\/11945\/revisions"}],"up":[{"embeddable":true,"href":"https:\/\/travelshelper.com\/da\/wp-json\/wp\/v2\/pages\/11908"}],"wp:featuredmedia":[{"embeddable":true,"href":"https:\/\/travelshelper.com\/da\/wp-json\/wp\/v2\/media\/4302"}],"wp:attachment":[{"href":"https:\/\/travelshelper.com\/da\/wp-json\/wp\/v2\/media?parent=11945"}],"curies":[{"name":"wp","href":"https:\/\/api.w.org\/{rel}","templated":true}]}}