{"id":11896,"date":"2024-09-14T20:11:20","date_gmt":"2024-09-14T20:11:20","guid":{"rendered":"https:\/\/travelshelper.com\/staging\/?page_id=11896"},"modified":"2026-03-12T16:15:21","modified_gmt":"2026-03-12T16:15:21","slug":"reykjavik","status":"publish","type":"page","link":"https:\/\/travelshelper.com\/da\/destinations\/europe\/iceland\/reykjavik\/","title":{"rendered":"Reykjav\u00edk"},"content":{"rendered":"<p>Reykjav\u00edk er Islands hovedstad og st\u00f8rste by, beliggende p\u00e5 den sydlige bred af Faxafl\u00f3i-bugten i landets sydvestlige breddegrad p\u00e5 64\u00b008\u2032 N. Byen, der omfatter et kommunalt omr\u00e5de p\u00e5 Seltjarnarnes-halv\u00f8en med lavbefolkede forst\u00e6der, der str\u00e6kker sig mod syd og \u00f8st, er hjemsted for cirka 139.000 indbyggere pr. 1. januar 2025, mens den omkringliggende hovedstadsregion tegner sig for omkring 249.000 indbyggere - cirka 64 procent af Islands befolkning. Som verdens nordligste suver\u00e6ne hovedstad befinder Reykjav\u00edk sig i et geografisk omr\u00e5de defineret af sin gletsjerarv, vulkanske fundament, dramatiske s\u00e6sonbestemte lysskift og et kulturliv, der blander middelalderlige sagaer og banebrydende kreativitet.<\/p>\n<p>If\u00f8lge den middelalderlige Landn\u00e1mab\u00f3k begynder Reykjav\u00edks menneskelige historie, da Ing\u00f3lfur Arnarson etablerede den f\u00f8rste permanente nordiske bos\u00e6ttelse omkring \u00e5r 874 e.Kr. Legenden siger, at Ing\u00f3lfur kastede sine h\u00f8js\u00e6des\u00f8jler i havet og svor at bos\u00e6tte sig, hvor de end skyllede i land; efter tre \u00e5r fandt hans slaver dem i den bugt, der nu b\u00e6rer byens navn. I n\u00e6sten et \u00e5rtusinde derefter oplevede stedet kun lidt byudvikling ud over spredte g\u00e5rde og s\u00e6sonlejre. Det var f\u00f8rst i 1786, at Reykjav\u00edk officielt blev chartret som handelsby, hvor en beskeden havn og knirkende tr\u00e6boliger gav plads til st\u00f8t voksende kommercielle og administrative funktioner. Gennem det nittende \u00e5rhundrede udviklede Reykjav\u00edk sig til et regionalt knudepunkt, og i l\u00f8bet af det tyvende \u00e5rhundrede blev det Islands ubestridte centrum for regering, finans og kultur.<\/p>\n<p>Reykjav\u00edks fysiske konturer er blevet formet af et samspil mellem is, hav og ild. I l\u00f8bet af den sidste istid \u2013 for op til omkring 10.000 \u00e5r siden \u2013 strakte en enorm gletsjer sig over omr\u00e5det, hvis v\u00e6gt pressede landet nedenunder, selvom kystvandet skvulpede h\u00f8jere mod gletsjerkanter. Efterh\u00e5nden som isen trak sig tilbage, og havniveauet faldt, opstod bakker som \u00d6skjuhl\u00ed\u00f0 og Sk\u00f3lav\u00f6r\u00f0uholt som \u00f8er, hvis vulkanske r\u00f8dder stammer fra varme interglaciale intervaller, hvor skjoldvulkaner lagde basaltstr\u00f8mme. Sediment\u00e6re muslingeskalsaflejringer p\u00e5 \u00d6skjuhl\u00ed\u00f0 stiger til 43 meter over nutidens havniveau, hvilket vidner om gamle kystlinjer. Den postglaciale isostatiske genstigning sendte landet op til sin nuv\u00e6rende h\u00f8jde, selvom seismiske rystelser og udbrud \u2013 s\u00e5som udstr\u00f8mningen af \u200b\u200blava fra Bl\u00e1fj\u00f6ll for omkring 4500 \u00e5r siden, der l\u00f8b ned ad Elli\u00f0a\u00e1-dalen til Elli\u00f0avogur-bugten \u2013 stadig minder om Islands urolige geologi. Elli\u00f0a\u00e1-floden, der ikke er sejlbar, men er ber\u00f8mt for sine bym\u00e6ssige laksevandsl\u00f8b, snor sig gennem de \u00f8stlige forst\u00e6der, mens Esja-bjerget, 914 meter h\u00f8jt, troner som en granitskildpost nordvest for kernen.<\/p>\n<p>Reykjav\u00edks placering p\u00e5 64\u00b0 nord giver ekstreme variationer i dagslyset. Mellem 20. maj og 24. juli synker solen aldrig mere end 5\u00b0 under horisonten, hvilket bader byen i n\u00e6sten konstant dagslys, hvorimod mellem 2. december og 10. januar krymper dagslyset til under fem timer, og solen kun st\u00e5r op til omkring 3\u00b0 over horisonten. Trods sin h\u00f8je breddegrad er klimaet tempereret af den nordatlantiske str\u00f8m - en udl\u00f8ber af Golfstr\u00f8mmen - hvilket giver Reykjav\u00edk et subpol\u00e6rt oceanisk klima (K\u00f6ppen Cfc), der gr\u00e6nser op til subarktisk (Dfc). Vintrene er relativt milde og falder sj\u00e6ldent til under -15 \u00b0C, selvom vindst\u00f8d fra det islandske lavpunkt ledsager hyppige storme. Somrene er k\u00f8lige, med temperaturer oftest mellem 10 \u00b0C og 15 \u00b0C og sj\u00e6ldent over 20 \u00b0C. Nedb\u00f8r falder cirka 147 dage om \u00e5ret, men l\u00e6ngere t\u00f8rkeperioder kan forekomme; juli og august er de varmeste, januar og februar de koldeste. Det \u00e5rlige solskin er i gennemsnit omkring 1.300 timer \u2013 sammenligneligt med Irland eller Skotland, men langt mindre end det kontinentale Skandinavien. Rekordtemperaturen p\u00e5 25,7 \u00b0C fandt sted den 30. juli 2008, mens rekordlavtemperaturen p\u00e5 -24,5 \u00b0C stammer fra den 21. januar 1918; den koldeste m\u00e5ned nogensinde er fortsat januar 1918 (gennemsnit -7,2 \u00b0C), og den varmeste juli 2019 (gennemsnit 13,4 \u00b0C).<\/p>\n<p>Reykjav\u00edk Kommune, med 138.772 indbyggere den 1. januar 2025, udg\u00f8r omkring 35,6 procent af Islands samlede befolkning, mens hovedstadsregionen, der best\u00e5r af seks kommuner, huser omkring 64 procent. Indvandring har omformet byens demografiske mosaik: Pr. 1. januar 2024 udgjorde f\u00f8rste- og andengenerationsindvandrere 33.731 - n\u00e6sten en fjerdedel af befolkningen - en stigning fra 17,8 procent i 2019 og kun 2,9 procent i 1998. Polakker, litauere, ukrainere og rum\u00e6nere udg\u00f8r de st\u00f8rste udenlandske kontingenter, hvor EU- og EFTA-statsborgere udg\u00f8r omkring 64,8 procent af de nyankomne, og n\u00e6sten halvdelen stammer fra EU-tiltr\u00e6delseslande efter 2004. I Reykjav\u00edks skoler kan en ud af tre elever have udenlandske r\u00f8dder, og i h\u00f8js\u00e6sonen kan bymidtens bes\u00f8gende overstige antallet af lokale beboere.<\/p>\n<p>Som Islands kulturelle, \u00f8konomiske og regeringsm\u00e6ssige epicenter huser Reykjav\u00edk landets prim\u00e6re institutioner. Borgart\u00fan, finansdistriktet, huser store virksomheder og tre investeringsbanker; det stod i hjertet af det s\u00e5kaldte Nordic Tiger-boom, hvor ambiti\u00f8se udviklinger som Harpa koncertsal og konferencecenter opstod - projekter, der senere blev stoppet af finanskrisen i 2008. Byens diplomatiske kvarter er beskedent, men betydningsfuldt, med fjorten ambassader plus residenser og repr\u00e6sentationskontorer for Gr\u00f8nland, F\u00e6r\u00f8erne og Den Europ\u00e6iske Union.<\/p>\n<p>Transportinfrastrukturen afspejler b\u00e5de ambition og tilpasning til geografiske realiteter. Islands bilejerskab per indbygger er blandt verdens h\u00f8jeste \u2013 cirka 522 k\u00f8ret\u00f8jer pr. 1.000 indbyggere \u2013 men trafikt\u00e6theden i Reykjav\u00edk er fortsat beskeden, hjulpet af motorveje med flere spor, der forbinder befolkningscentre, og rigelig parkering. Offentlig transport leveres af Str\u00e6t\u00f3s omfattende busnetv\u00e6rk, og rute 1, den ber\u00f8mte ringvej, g\u00e5r langs byens udkant og forbinder hovedstaden med det nationale motorvejssystem. Reykjav\u00edk Lufthavn ligger lige syd for bymidten og betjener indenrigsflyvninger, generel luftfart og medicinske flyvninger \u2013 selvom dens centrale beliggenhed l\u00e6nge har vakt debat om arealanvendelse. Internationale rejsende ankommer via Keflav\u00edk Internationale Lufthavn, fyrre kilometer mod sydvest. To havne betjener s\u00f8trafikken: den gamle havn n\u00e6r bymidten, der er foretrukket af fiskerfart\u00f8jer og krydstogtskibe, og Sundah\u00f6fn p\u00e5 den \u00f8stlige kant, Islands vigtigste fragthavn. Der er ingen offentlige jernbaner, selvom to damplokomotiver, der engang byggede havnesporet, nu st\u00e5r offentligt til skue, og der er fortsat forslag om en h\u00f8jhastighedstogforbindelse mellem Reykjav\u00edk og Keflav\u00edk.<\/p>\n<p>Under byen driver vulkansk varme et banebrydende geotermisk fjernvarmenetv\u00e6rk. Alle bygninger \u2013 boliger og industribygninger \u2013 bruger varmt vand fra to kraftvarmev\u00e6rker p\u00e5 Nesjavellir og Hellishei\u00f0i, suppleret af varmefelter med lavere temperaturer. Bel\u00e6gninger og private indk\u00f8rsler i de centrale omr\u00e5der bruger snesmeltningssystemer drevet af geotermisk vand, mens offentlige pools og spabade findes i vid udstr\u00e6kning i bylandskabet. Omkring 90 procent af de islandske bygninger bruger geotermiske kilder, hvilket svarer til et \u00e5rligt energiforbrug p\u00e5 39 PJ, hvoraf 48 procent opvarmer rum i Reykjav\u00edk. Byens varmtvandsproduktionskapacitet er cirka 830 MW, mod et gennemsnitligt varmebehov p\u00e5 473 MW.<\/p>\n<p>Reykjav\u00edks kulturarv finder arkitektonisk udfoldelse og institutionel forvaltning. Safnah\u00fasi\u00f0, Kulturhuset, opf\u00f8rt i 1909, rummede engang Nationalbiblioteket, Arkivet, Museet og Naturhistoriske samlinger; renoveringen i 2000 omorienterede det mod udstillinger af national kulturarv, herunder originale manuskripter af den poetiske Edda og middelaldersagaerne. \u00c1rni Magn\u00fasson Instituttet for Islandske Studier bevarer og udgiver Islands manuskriptkorpus, og Reykjav\u00edk fik status som UNESCO Litteraturby i 2011 og blev dermed en del af Creative Cities-netv\u00e6rket. Det levende sprog, der n\u00e6sten ikke har \u00e6ndret sig i over et \u00e5rtusinde, trives gennem moderne fiktion og overs\u00e6ttelse og opretholder Islands identitet og fort\u00e6lletradition. Ber\u00f8mte forfattere - fra nobelprismodtageren Halld\u00f3r Laxness til vindere af den nordiske b\u00f8rnelitteraturpris - beriger den litter\u00e6re scene, mens krimiforfatteren Arnaldur Indri\u00f0ason og digtere som Sj\u00f3n h\u00f8ster international anerkendelse.<\/p>\n<p>Kunstnerisk vitalitet str\u00e6kker sig til gallerier og performancerum. Harpa med sin krystalklare facade er v\u00e6rt for det islandske symfoniorkester og internationale kunstnere; Hallgr\u00edmskirkja, den t\u00e5rnh\u00f8je lutherske katedral p\u00e5 Sk\u00f3lav\u00f6r\u00f0uholt, tilbyder panoramaudsigt fra t\u00e5rnet ved siden af \u200b\u200bLeifur Eir\u00edkssons bronzestatue. Perlan, Perlen, kroner \u00d6skjuhl\u00ed\u00f0 p\u00e5 tidligere varmtvandsbeholdere, og dens roterende restaurant og udstillinger om geologi og naturhistorie tiltr\u00e6kker nysgerrige bes\u00f8gende. Imagine Peace-t\u00e5rnet p\u00e5 Vi\u00f0ey, der er s\u00e6sonbelyst for at \u00e6re John Lennon, st\u00e5r blandt sommercaf\u00e9er i et landskab af forladte fiskerlandsbyhuse.<\/p>\n<p>Reykjav\u00edks centrums eklektiske arkitektur sp\u00e6nder fra farvestr\u00e5lende b\u00f8lgeblikshuse til funktionalistiske kuber og neoklassisk beton. Det lille stenhus Al\u00feingish\u00fasi\u00f0, bygget i 1881, huser Islands parlaments debatsal p\u00e5 Kirkjustr\u00e6ti ved siden af \u200b\u200bAusturv\u00f6llur-torvet, hvor Reykjav\u00edk Domkirke fuldender et gadebillede fra det 18. \u00e5rhundrede. R\u00e5dhuset, der ligger p\u00e5 Tj\u00f6rnins nordlige bred, tilbyder offentlige reliefkort over Island, udstillinger og en caf\u00e9.<\/p>\n<p>\u00c5bne vidder og \u00f8er beriger bylivet. Tj\u00f6rnin, byens centrale dam, tiltr\u00e6kker familier til at fodre \u00e6nder langs de gr\u00e6skl\u00e6dte bredder og er forbundet med fuglereservatet Vatnsm\u00fdri. Austurv\u00f6llur-torvet, flankeret af caf\u00e9er, er v\u00e6rt for afslappende picnics under Parlamentets ledelse. Klambrat\u00fan-parken, engang landbrugsland, huser nu Reykjav\u00edk Kunstmuseums Kjarvalssta\u00f0ir-pavillon. Reykjav\u00edk Botaniske Have i Laugardalur fremviser den h\u00e5rdf\u00f8re nordiske flora gratis. Vi\u00f0ey, som kan n\u00e5s med sommerf\u00e6rge fra Sundah\u00f6fn, byder p\u00e5 vandrestier, Yoko Onos lysinstallation og en historisk k\u00f8bmandsg\u00e5rd. P\u00e5 den vestlige spids af halv\u00f8en dukker Gr\u00f3tta op ved lavvande som et popul\u00e6rt naturomr\u00e5de.<\/p>\n<p>Et v\u00e6ld af museer supplerer byens kulturarv. Islands Nationalmuseum fort\u00e6ller nationens historie fra bos\u00e6ttelse til modernitet; Nationalgalleriet fremh\u00e6ver kunst fra det 20. og 21. \u00e5rhundrede sammen med internationale v\u00e6rker p\u00e5 tre steder. Reykjav\u00edk Kunstmuseums Hafnarh\u00fas og Kjarvalssta\u00f0ir udstiller Err\u00f3s produktive v\u00e6rker og skiftende udstillinger af islandske kunstnere. Reykjav\u00edk Fotografimuseum rummer omfattende fotografiske arkiver; Bos\u00e6ttelsesudstillingen - 871 \u00b1 2 - fordyber bes\u00f8gende i de tidligste bym\u00e6ssige fodspor. Frilandsmuseet \u00c1rb\u00e6jarsafn i forstaden \u00c1rb\u00e6r rekonstruerer en landsby af periodebygninger med kostumekl\u00e6dte guider, der demonstrerer traditionel kunst. Blandt de s\u00e6regne us\u00e6dvanlige sev\u00e6rdigheder er det islandske fallologiske museums omfattende zoologiske samling og det underjordiske islandske punkmuseum, der bevarer nationens punk-arv i et tidligere offentligt toilet.<\/p>\n<p>Om dagen indbyder Reykjav\u00edks kompakte centrum til at vandre blandt sine farverige facader, butikker, gallerier og caf\u00e9er. Om natten summer det sociale liv p\u00e5 Laugavegur og videre; h\u00f8je drikkevarepriser f\u00f8rer til sammenkomster f\u00f8r baren i private hjem, inden folkem\u00e6ngderne str\u00f8mmer ind i klubberne efter midnat. Livemusik pulserer \u00e5ret rundt p\u00e5 spillesteder fra Gaukurinn til Nationalteatret og stiger hver november p\u00e5 Iceland Airwaves-festivalen. Nyt\u00e5rsaften t\u00e6nder byen med fyrv\u00e6rkeri drevet af liberale k\u00f8belove og forvandler gaderne til lysende fejringer af fornyelse.<\/p>\n<p>Reykjav\u00edk er en by af paradokser: fjern, men forbundet, undertrykt af naturens kr\u00e6fter, men alligevel levende med menneskelig kreativitet. Dens historie om bos\u00e6ttelse, fra h\u00f8js\u00e6ders\u00f8jler til geotermisk innovation, fra sagamanuskripter til avantgardekunst, udfolder sig som en kontinuerlig dialog mellem fortid og nutid. For b\u00e5de rejsende og beboere tilbyder Reykjav\u00edk en fordybende rejse gennem landskaber formet af is og lava, klimaer modereret af havstr\u00f8mme og kulturer animeret af litteratur, musik og den vedvarende \u00e5nd af \u00f8ernes modstandsdygtighed.<\/p>","protected":false},"excerpt":{"rendered":"<p>Reykjav\u00edk, Islands hovedstad og st\u00f8rste by, er elegant placeret i den sydvestlige del af landet langs den maleriske sydlige kyst af Faxafl\u00f3i-bugten. Placeret p\u00e5 en breddegrad p\u00e5 64\u00b008&#039; N, h\u00e6vder den stolt titlen som den nordligste hovedstad i en suver\u00e6n stat i verden. Fra 2023 er Reykjav\u00edk hjemsted for omkring 140.000 indbyggere, hvilket afspejler en bem\u00e6rkelsesv\u00e6rdig stigning fra 121.822 i 2015. Den ekspansive hovedstadsregion, inklusive Reykjav\u00edk og dens tilst\u00f8dende lokaliteter, har en befolkning p\u00e5 omkring 248.000 indbyggere.<\/p>","protected":false},"author":1,"featured_media":4121,"parent":11881,"menu_order":0,"comment_status":"closed","ping_status":"closed","template":"elementor_theme","meta":{"_eb_attr":"","footnotes":""},"class_list":["post-11896","page","type-page","status-publish","has-post-thumbnail"],"_links":{"self":[{"href":"https:\/\/travelshelper.com\/da\/wp-json\/wp\/v2\/pages\/11896","targetHints":{"allow":["GET"]}}],"collection":[{"href":"https:\/\/travelshelper.com\/da\/wp-json\/wp\/v2\/pages"}],"about":[{"href":"https:\/\/travelshelper.com\/da\/wp-json\/wp\/v2\/types\/page"}],"author":[{"embeddable":true,"href":"https:\/\/travelshelper.com\/da\/wp-json\/wp\/v2\/users\/1"}],"replies":[{"embeddable":true,"href":"https:\/\/travelshelper.com\/da\/wp-json\/wp\/v2\/comments?post=11896"}],"version-history":[{"count":0,"href":"https:\/\/travelshelper.com\/da\/wp-json\/wp\/v2\/pages\/11896\/revisions"}],"up":[{"embeddable":true,"href":"https:\/\/travelshelper.com\/da\/wp-json\/wp\/v2\/pages\/11881"}],"wp:featuredmedia":[{"embeddable":true,"href":"https:\/\/travelshelper.com\/da\/wp-json\/wp\/v2\/media\/4121"}],"wp:attachment":[{"href":"https:\/\/travelshelper.com\/da\/wp-json\/wp\/v2\/media?parent=11896"}],"curies":[{"name":"wp","href":"https:\/\/api.w.org\/{rel}","templated":true}]}}