{"id":11663,"date":"2024-09-13T15:44:11","date_gmt":"2024-09-13T15:44:11","guid":{"rendered":"https:\/\/travelshelper.com\/staging\/?page_id=11663"},"modified":"2026-03-12T16:03:56","modified_gmt":"2026-03-12T16:03:56","slug":"italy","status":"publish","type":"page","link":"https:\/\/travelshelper.com\/da\/destinations\/europe\/italy\/","title":{"rendered":"Italien"},"content":{"rendered":"<p>Italien, der ligger i Syd- og Vesteuropa, har en befolkning p\u00e5 n\u00e6sten 60 millioner, hvilket g\u00f8r det til det tredjemest befolkede medlemsland i Den Europ\u00e6iske Union. Denne st\u00f8vleformede halv\u00f8 rager ud i Middelhavet, med de storsl\u00e5ede alper, der afgr\u00e6nser dens nordlige gr\u00e6nse. Nationens territorium omfatter flere \u00f8er, herunder Sicilien og Sardinien. Italien, der omfatter en st\u00f8rrelse p\u00e5 301.340 kvadratkilometer, er det tiende st\u00f8rste land i Europa. Det deler gr\u00e6nser med Frankrig, Schweiz, \u00d8strig og Slovenien og omfatter to suver\u00e6ne enklaver: Vatikanstaten og San Marino. Rom, hovedstaden og den st\u00f8rste by, er et eksempel p\u00e5 nationens dybe historie og kulturelle betydning. Yderligere fremtr\u00e6dende byknudepunkter er Milano, Napoli, Torino, Firenze og Venedig, der hver is\u00e6r forbedrer Italiens mangefacetterede landskab af kunst, kultur og innovation.<\/p>\n<p>Den italienske halv\u00f8 har tjent som et f\u00f8dested for civilisationen gennem antikken, der rummede mange gamle folk og kulturer. Rom, der f\u00f8rst blev etableret som et kongerige, forvandlede sig til en formidabel republik, der i sidste ende dominerede og styrede Middelhavsomr\u00e5det som et imperium i \u00e5rhundreder. Den romerske overherred\u00f8mmes \u00e6ra p\u00e5virkede den vestlige kultur dybt og formede sprog, jura, arkitektur og administration i hele Europa og udenfor. Med kristendommens udbredelse opstod Rom som epicentret for den katolske kirke og paved\u00f8mmet, hvilket styrkede dens betydning i globale anliggender.<\/p>\n<p>Det vestromerske riges tilbagegang i den tidlige middelalder indledte en periode med betydelig forvandling for Italien. Halv\u00f8en havde indvandring fra germanske stammer, hvilket \u00e6ndrede dets kulturelle og politiske milj\u00f8. I det 11. \u00e5rhundrede oplevede Italien en genopblussen, da bystater og maritime republikker udvidede deres magt. Denne periode var vidne til fremkomsten af \u200b\u200bmoderne kapitalisme, hvor italienske k\u00f8bm\u00e6nd og bankfolk fornyede \u00f8konomiske systemer, der ville p\u00e5virke fremtiden for verdenshandelen.<\/p>\n<p>Den italienske ren\u00e6ssance, en tid med bem\u00e6rkelsesv\u00e6rdige kulturelle og intellektuelle pr\u00e6stationer, blomstrede gennem det 15. og 16. \u00e5rhundrede. Denne blomstrende \u00e6ra med kunst, litteratur og videnskabelig udforskning gennemsyrede Europa og formede den vestlige civilisations udvikling betydeligt. Italienske opdagelsesrejsende, som Christopher Columbus og Amerigo Vespucci, var medvirkende til den europ\u00e6iske opdagelsestid, hvor de etablerede nye handelsruter til Fjern\u00f8sten og kortlagde Amerika. Disse ekspeditioner udvidede ikke kun den geografiske forst\u00e5else, men lancerede ogs\u00e5 en ny epoke med globalt engagement og udveksling.<\/p>\n<p>P\u00e5 trods af disse resultater vedblev Italiens politiske landskab i sin fragmentering i \u00e5rtier. Konkurrencen og uenigheden mellem bystater hindrede etableringen af \u200b\u200bet sammenh\u00e6ngende land, hvilket resulterede i en fragmenteret halv\u00f8, der var modtagelig for ekstern indflydelse. Frav\u00e6ret af enhed havde betydelige konsekvenser, eftersom Italiens \u00f8konomiske betydning aftog i l\u00f8bet af det 17. og 18. \u00e5rhundrede, mens andre europ\u00e6iske nationer steg frem.<\/p>\n<p>Det italienske foreningsprojekt, kaldet Risorgimento, accelererede i l\u00f8bet af det 19. \u00e5rhundrede. Efter \u00e5rtiers politisk og territorial fragmentering opn\u00e5ede Italien n\u00e6sten total forening i 1861. Denne betydningsfulde bedrift udsprang af uafh\u00e6ngighedskampene og den ber\u00f8mte Ekspedition af Tusind, ledet af Giuseppe Garibaldi. Det nydannede kongerige Italien havde flere forhindringer i sin jagt p\u00e5 en national identitet og \u00f8konomisk modernisering.<\/p>\n<p>Mellem slutningen af \u200b\u200bdet 19. og begyndelsen af \u200b\u200bdet 20. \u00e5rhundrede havde Italien en hurtig industrialisering, is\u00e6r i de nordlige omr\u00e5der. Denne \u00f8konomiske overgang var imidlertid ikke konsekvent i hele nationen. Syden forblev overvejende n\u00f8dlidende, hvilket resulterede i et betydeligt internt skisma og foranledigede omfattende emigration til Amerika. Denne udvandring ville have varige indvirkninger p\u00e5 b\u00e5de den italienske kultur og de nationer, der tog imod disse immigranter.<\/p>\n<p>Italiens deltagelse i internationale kampe p\u00e5virkede landets historie gennem det 20. \u00e5rhundrede. Fra 1915 til 1918 engagerede nationen sig i F\u00f8rste Verdenskrig i alliance med ententelandene mod de centrale lande. Krigens efterd\u00f8nninger resulterede i social og politisk uro, hvilket f\u00f8rte til dannelsen af \u200b\u200bet fascistisk diktatur under Benito Mussolini i 1922. Dette diktatur forbandt Italien med Nazityskland under Anden Verdenskrig, f\u00f8rst som medlem af aksemagterne fra 1940 til 1943. Efter Mussolinis bortgang, sluttede Italien sig sammen med dets altergiance og sammenslutning med Italien. Allierede under den italienske modstand og befrielsen af \u200b\u200bItalien fra 1943 til 1945.<\/p>\n<p>Efterkrigstiden var et afg\u00f8rende tidspunkt for Italien. Monarkiet blev afviklet, og en republik blev indstiftet i 1946. P\u00e5 trods af krigens skader havde Italien en betydelig \u00f8konomisk genopblussen, nogle gange kaldet det &#034;italienske \u00f8konomiske mirakel&#034;. Denne ekspansions\u00e6ra konverterede nationen til en moderne, industrialiseret stat og et stiftende medlem af Det Europ\u00e6iske \u00d8konomiske F\u00e6llesskab, forl\u00f8beren for Den Europ\u00e6iske Union.<\/p>\n<p>I \u00f8jeblikket ses Italien som en udviklet nation med betydelig indflydelse p\u00e5 verdensplan. Det har det niende st\u00f8rste nominelle BNP globalt og huser den n\u00e6stst\u00f8rste industrisektor i Europa. Nationen har betydelig indflydelse p\u00e5 regionale og globale anliggender og deltager i \u00f8konomiske, milit\u00e6re, kulturelle og diplomatiske bestr\u00e6belser. Italien, som et stiftende medlem af Den Europ\u00e6iske Union, er dybt sammenflettet i kontinentets politiske og \u00f8konomiske rammer. Det deltager aktivt i flere internationale organisationer, herunder NATO, G7 og G20, og demonstrerer sin dedikation til globalt samarbejde og v\u00e6kst.<\/p>","protected":false},"excerpt":{"rendered":"<p>Italien, der ligger i Syd- og Vesteuropa, har en befolkning p\u00e5 n\u00e6sten 60 millioner, hvilket g\u00f8r det til det tredjemest befolkede medlemsland i Den Europ\u00e6iske Union. Denne st\u00f8vleformede halv\u00f8 rager ud i Middelhavet, med de storsl\u00e5ede alper, der afgr\u00e6nser dens nordlige gr\u00e6nse. Nationens territorium omfatter flere \u00f8er, herunder Sicilien og Sardinien. Italien, der omfatter en st\u00f8rrelse p\u00e5 301.340 kvadratkilometer, er det tiende st\u00f8rste land i Europa. Det deler gr\u00e6nser med Frankrig, Schweiz, \u00d8strig og Slovenien og omfatter to suver\u00e6ne enklaver: Vatikanstaten og San Marino. Rom, hovedstaden og den st\u00f8rste by, er et eksempel p\u00e5 nationens dybe historie og kulturelle betydning. Yderligere fremtr\u00e6dende byknudepunkter er Milano, Napoli, Torino, Firenze og Venedig, der hver is\u00e6r forbedrer Italiens mangefacetterede landskab af kunst, kultur og innovation.<\/p>","protected":false},"author":1,"featured_media":2856,"parent":24078,"menu_order":0,"comment_status":"closed","ping_status":"closed","template":"elementor_theme","meta":{"_eb_attr":"","footnotes":""},"class_list":["post-11663","page","type-page","status-publish","has-post-thumbnail"],"_links":{"self":[{"href":"https:\/\/travelshelper.com\/da\/wp-json\/wp\/v2\/pages\/11663","targetHints":{"allow":["GET"]}}],"collection":[{"href":"https:\/\/travelshelper.com\/da\/wp-json\/wp\/v2\/pages"}],"about":[{"href":"https:\/\/travelshelper.com\/da\/wp-json\/wp\/v2\/types\/page"}],"author":[{"embeddable":true,"href":"https:\/\/travelshelper.com\/da\/wp-json\/wp\/v2\/users\/1"}],"replies":[{"embeddable":true,"href":"https:\/\/travelshelper.com\/da\/wp-json\/wp\/v2\/comments?post=11663"}],"version-history":[{"count":0,"href":"https:\/\/travelshelper.com\/da\/wp-json\/wp\/v2\/pages\/11663\/revisions"}],"up":[{"embeddable":true,"href":"https:\/\/travelshelper.com\/da\/wp-json\/wp\/v2\/pages\/24078"}],"wp:featuredmedia":[{"embeddable":true,"href":"https:\/\/travelshelper.com\/da\/wp-json\/wp\/v2\/media\/2856"}],"wp:attachment":[{"href":"https:\/\/travelshelper.com\/da\/wp-json\/wp\/v2\/media?parent=11663"}],"curies":[{"name":"wp","href":"https:\/\/api.w.org\/{rel}","templated":true}]}}