{"id":11657,"date":"2024-09-13T15:30:46","date_gmt":"2024-09-13T15:30:46","guid":{"rendered":"https:\/\/travelshelper.com\/staging\/?page_id=11657"},"modified":"2026-03-12T16:14:43","modified_gmt":"2026-03-12T16:14:43","slug":"cork","status":"publish","type":"page","link":"https:\/\/travelshelper.com\/da\/destinations\/europe\/ireland\/cork\/","title":{"rendered":"Kork"},"content":{"rendered":"<p>Cork, &#034;Opr\u00f8rsbyen&#034;, er Irlands n\u00e6stst\u00f8rste by med 224.004 indbyggere pr. folket\u00e6llingen i 2022 og et areal p\u00e5 cirka 37 kvadratkilometer p\u00e5 en \u00f8 dannet af floden Lee&#039;s to kanaler. Beliggende i det sydvestlige Irland som amtsby i County Cork, har den en af \u200b\u200bverdens st\u00f8rste naturlige havne, hvor flodens kajer og dokker l\u00f8ber \u00f8stp\u00e5 ind i Lough Mahon og Cork Harbour.<\/p>\n<p>Bygden, der senere skulle blive til Cork \u2013 kendt p\u00e5 irsk som Corcaigh, &#034;marsk&#034; \u2013 blev grundlagt i det sjette \u00e5rhundrede omkring et kloster grundlagt af Sankt Fin Barre. Byen har sin oprindelse i Lee-flodens frugtbare, sejlbare delta. Vikingerne udvidede byen omkring \u00e5r 915, og i 1185 gav Prins John Cork dens charter, hvilket oph\u00f8jede den til bystatus under Angevin-kronen. En fuldt muromkranset middelalderkerne voksede og fyldte den smalle \u00f8 mellem Lee-flodens kanaler, hvoraf flere senere blev fyldt op for at skabe nutidens St. Patrick&#039;s Street, South Mall og Grand Parade. De resterende kanaler omfavner stadig bymidten, hvis pilformede omrids vidner om dens flodm\u00e6ssige fortid.<\/p>\n<p>I det syttende \u00e5rhundrede trivedes Cork p\u00e5 maritim handel, selvom den stigende st\u00f8rrelse af skibe drev havneaktivitet nedstr\u00f8ms til Cobh. Velst\u00e5ende forst\u00e6der som Sunday&#039;s Well og Montenotte rejste sig p\u00e5 den nordlige breds h\u00f8jere terr\u00e6n, mens en universitetscampus fra det nittende \u00e5rhundrede - University College Cork - tog form p\u00e5 den sydlige bred. Byens middelalderlige mure overlever kun i fragmenter omkring North og South Main Streets, men bevidstheden om kulturarv lever videre i vartegn som Red Abbey, den eneste middelalderlige kirkerest, og de to katedraler St. Mary&#039;s (North Cathedral p\u00e5begyndt i 1808, t\u00e5rn tilf\u00f8jet i 1860&#039;erne) og Saint Fin Barre&#039;s (opf\u00f8rt 1862-1879 p\u00e5 tidligere fundamenter efter design af William Burges).<\/p>\n<p>Corks politiske temperament gav byen tilnavnet &#034;Rebelbyen&#034; for dens yorkistiske sympatier under Rosekrigene og senere modstand mod den anglo-irske traktat under borgerkrigen, hvilket aff\u00f8dte popul\u00e6re referencer til en &#034;rigtig hovedstad&#034; og den fiktive &#034;Folkerepublik Cork&#034; gennem lokal gadekunst og T-shirts. Dens uafh\u00e6ngige \u00e5nd matches af en stolthed over karakteristiske lokale madtraditioner - crubeens, tripe og drisheen, der engang blev serveret i spisesteder fra midten af \u200b\u200bdet tyvende \u00e5rhundrede som Katty Barrys - og det \u00e5rhundrede gamle English Market, hvis overd\u00e6kkede boder med fisk, k\u00f8d, frugt og gr\u00f8nt og h\u00e5ndlavede oste fremkalder Corks identitet som en historisk handelshavn. For nylig er docklands pakhuse genf\u00f8dt som Marina Market (\u00e5bnede september 2020) og, i Ballintemple, Black Market (september 2021), begge indend\u00f8rs madhaller, der blander lokale s\u00e6lgere med live-arrangementer.<\/p>\n<p>Byens oceaniske klima er karakteriseret ved milde temperaturer, rigelig nedb\u00f8r og omskiftelighed, typisk for Irlands K\u00f6ppen Cfb-betegnelse. H\u00e5rdhedszone 9b er fremherskende; frost eller sne er sj\u00e6ldent i den lavtliggende \u00f8midte. Cork Lufthavns klimatologiske station, i 153 m h\u00f8jde et par kilometer syd for kernen, registrerer en gennemsnitlig \u00e5rlig nedb\u00f8r p\u00e5 1.239 mm, 218 regndage (over 0,2 mm), hvoraf 80 overstiger 5 mm, sammen med 6,5 dage med hagl og 9,5 dage med sne eller slud (liggende sne kun to dage). T\u00e5ge d\u00e6kker byen omkring 97,8 morgener om \u00e5ret, overvejende om vinteren, men Cork er ogs\u00e5 blandt Irlands mest solrige byer med over fire timers dagligt solskin i gennemsnit og kun 63,7 solfrie dage, hovedsageligt midt om vinteren. Lejlighedsvis oversv\u00f8mmelse langs Lee understreger byens t\u00e6tte forhold til dens vandveje.<\/p>\n<p>Kulturlivet i Cork pulserer af kreativitet. Cork School of Music og Crawford College of Art and Design, sammen med UCC&#039;s teaterkomponenter, n\u00e6rer et levende kunst\u00f8kosystem. Corcadorca Theatre Company - engang hjemsted for Cillian Murphy - deler lokaler med det nationale institut for koreografi og dans; det intime Triskel Arts Centre og dets uafh\u00e6ngige biograf; dansestedet Firkin Crane; og tr\u00e6ning p\u00e5 Cork Academy of Dramatic Art, Montfort College of Performing Arts og Graffiti Theatre Company. \u00c5rlige festivaler - Cork Jazz Festival, Cork Film Festival og Live at the Marquee - tiltr\u00e6kker et internationalt publikum, mens Everyman Palace Theatre og Granary Theatre tilbyder repertoirer \u00e5ret rundt.<\/p>\n<p>Musikstederne har en kapacitet fra halvtreds til tusind: Cork Opera House, The Everyman, Cork Arts Theatre, Cyprus Avenue, Dali, Triskel Christchurch, The Roundy og Coughlan&#039;s. Blandt de lokale talenter er RT\u00c9 Vanbrugh Quartet, rockfigurerne John Spillane og Rory Gallagher, de skels\u00e6ttende bands Five Go Down to the Sea?, Microdisney, The Frank and Walters, Sultans of Ping og Simple Kid, samt operasangerne Cara O&#039;Sullivan, Mary Hegarty, Brendan Collins og Sam McElroy. Litter\u00e6re kredse samles omkring Munster Literature Centre og Triskel Arts Centre, der hylder Cork-f\u00f8dte Frank O&#039;Connor og Se\u00e1n \u00d3 Faol\u00e1in og underst\u00f8tter stemmer som Thomas McCarthy, Gerry Murphy og William Wall.<\/p>\n<p>Investeringer i kulturel infrastruktur har omformet byen: moderne udvidelser af Crawford Municipal Art Gallery, renoveringer af Operahuset i begyndelsen af \u200b\u200bdet 21. \u00e5rhundrede, Lewis Glucksman Gallery p\u00e5 UCC, der \u00e5bnede i 2004 \u2013 og som var nomineret til Storbritanniens Stirling-pris \u2013 og f\u00e6rdigg\u00f8relsen i september 2007 af en School of Music-bygning til 60 millioner euro. Corks udn\u00e6vnelse til Europ\u00e6isk Kulturhovedstad i 2005 og byens optagelse p\u00e5 Lonely Planets Best in Travel 2010 \u2013 hyldet som &#034;sofistikeret, levende og mangfoldig&#034; \u2013 vidner om dens globale status.<\/p>\n<p>Den arkitektoniske arv bygger bro mellem epoker. St. Patrick&#039;s Street \u2013 engang Lee&#039;s-kanalen \u2013 snor sig under arkader og g\u00e5gader, hvis nordlige endestation er markeret af en statue af Father Mathew. P\u00e5 Oliver Plunkett Street st\u00e5r General Post Office med sin kalkstensfacade, placeret p\u00e5 Theatre Royal fra 1760, som blev genopbygget af Pablo Fanque som et amfiteater i 1850, f\u00f8r det blev det nuv\u00e6rende GPO i 1877. Grand Parade, en tr\u00e6bekl\u00e6dt all\u00e9 med kontorer og finansielle institutioner, st\u00e5r i kontrast til den \u00e6ldre South Malls georgianske bankinteri\u00f8r, herunder Allied Irish Bank-b\u00f8rsen fra 1860&#039;erne. Den moderne skyline er defineret af County Hall \u2013 engang Irlands h\u00f8jeste bygning, indtil den blev overg\u00e5et af den n\u00e6rliggende Elysian \u2013 og den finurlige bronzeskulptur &#034;Cha and Miah&#034;. P\u00e5 den anden side af Lee-floden er Our Lady&#039;s Psychiatric Hospital fra den victorianske \u00e6ra blevet genf\u00f8dt som Atkins Hall-boliger.<\/p>\n<p>Nordsiden dominerer St. Annes kirket\u00e5rn i Shandon \u2013 dets facader i r\u00f8d sandsten og hvid kalksten, d\u00e6kket af en 4,5 meter h\u00f8j laksefarvet vejrhane \u2013 og er byens emblem. T\u00e6t p\u00e5 ligger Skiddy&#039;s Almshouse, der minder om filantropi fra det 18. \u00e5rhundrede. Cork City Hall, opf\u00f8rt i 1930&#039;erne som en gestus for den britiske regerings forsoning efter Black and Tans&#039; &#034;afbr\u00e6nding af Cork&#034; i 1920, erstattede den hal, der blev \u00f8delagt under Uafh\u00e6ngighedskrigen. Den borgerlige arkitektur forts\u00e6tter med retsbygningen p\u00e5 Washington Street og Elizabeth Fort, mens kulturelle vartegn findes i overflod i Christ Church (nu Triskel Arts Centre), St Mary&#039;s Dominican Church, UCC&#039;s quads langs floden, det tidligere kvindef\u00e6ngsel i Sunday&#039;s Well og det historiske English Market fra 1786 (dets oprindelse g\u00e5r tilbage til 1610).<\/p>\n<p>Gr\u00f8nne omr\u00e5der beriger bylivet: vest for centrum ligger Fitzgerald&#039;s Park, der huser Cork Public Museum; Bishop Lucey Park bevarer et segment af en middelaldermur; fiskes\u00f8en kendt som The Lough og Marina- og Atlantic Pond-korridorerne i Blackrocks udkant underst\u00f8tter joggere, roere og cyklister. Siden 2012 har byen lagt cykelstier og cykelstativer i flere lag i gadebilledet, og i 2014 lancerede An Rothar Nua en offentlig udlejningsordning med 330 cykler fordelt p\u00e5 31 dockingstationer.<\/p>\n<p>Corks bryggeritradition best\u00e5r trods lukningen af \u200b\u200bBeamish &amp; Crawford-bryggeriet i 2009, hvis drift flyttede til Murphy&#039;s i Lady&#039;s Well (som nu ogs\u00e5 brygger Heineken i landet). Franciscan Well-bryggeriet, der blev etableret i 1998 og senere opk\u00f8bt af Coors, forts\u00e6tter med h\u00e5ndv\u00e6rksproduktion.<\/p>\n<p>Transportforbindelser forbinder Cork med Irland og videre. Cork Lufthavn, landets n\u00e6sttravleste, ligger lige syd for byen og tilbyder fly til over 45 europ\u00e6iske destinationer. Bus \u00c9ireanns bytjenester (ruter 201-226) forbinder centrum med forst\u00e6der, indk\u00f8bscentre og universitetscampusser, mens to ringruter cirkler nord og syd. Siden januar 2019 har rute 220 leveret Irlands f\u00f8rste d\u00f8gn\u00e5bne bus, der forbinder Ballincollig og Carrigaline hver time mellem 01:30 og 05:30 og \u00f8ger passagertallet med 70 procent i sit f\u00f8rste \u00e5r. I oktober 2022 indledte den nationale transportmyndighed offentlige h\u00f8ringer om BusConnects for Cork og foreslog et dusin korridorer, busgates, udvidede busbaner og en planlagt omstigning ved Cork University Hospital som en del af en tredje h\u00f8ringsrunde i november 2023. Langdistancebusser afg\u00e5r fra Parnell Place til Killarney, Waterford, Athlone, Shannon Lufthavn, Limerick, Galway og Dublin, suppleret af private operat\u00f8rer Irish Citylink, Aircoach og Dublin Coach.<\/p>\n<p>Maritime tjenester omfatter Cross River Ferry mellem Rushbrooke og Passage West, der letter pendlertrafikken under Jack Lynch-tunnelen, og Brittany Ferries&#039; bilrute fra Ringaskiddy til Roscoff, Frankrig, via havnen i Cork seksten kilometer syd\u00f8st for centrum. Vejforbedringer fra 1980&#039;erne og fremefter - Cork South Link, South Ring-motorvejen, Jack Lynch-tunnelen, Kinsale Road-viadukten (2006), N20-omfartsveje og ombygningen af \u200b\u200bPatrick Street, der er fokuseret p\u00e5 fodg\u00e6ngere - ligger langs M8-motorvejen til Dublin.<\/p>\n<p>Jernbanerne definerede engang Corks transportsystem med otte stationer, der forsynede lokale og regionale linjer. I dag er Kent Station stadig knudepunktet for Irish Rails timelige afgange fra Dublin og InterCity-ruter til Killarney, Tralee, Limerick, Ennis og Galway, mens Little Island og Glounthaune betjener pendlere i forst\u00e6derne og den gen\u00e5bnede Glounthaune-Midleton-linje (2009). Traditionelle sporvogne - hestetrukne i 1872 og elektriske fra 1898 til 1931 - har givet plads til moderne spor.<\/p>\n<p>Corks befolkning er vokset fra 208.669 i folket\u00e6llingen i 2016 til 224.004 i 2022 efter gr\u00e6nseudvidelser, der bragte byer som Blarney inden for bygr\u00e6nsen, hvor Metropolitan Cork nu overstiger 300.000 indbyggere. En r\u00e6kke immigrantsamfund beriger det sociale netv\u00e6rk: polakker, briter, litauere, franskm\u00e6nd, tyskere, indere, nigerianere, ungarere, slovakker og spaniere bidrager alle til byens kosmopolitiske karakter. Kvinder er marginalt flere end m\u00e6nd, hvilket afspejler nationale tendenser, men med en mindre forskel.<\/p>\n<p>Under sit ry som &#034;Rebel City&#034; forbliver Cork et rigt lagdelt urbant tapet \u2013 p\u00e5 \u00e9n gang middelalderkloster, vikingef\u00e6stning, georgiansk handelshavn og moderne europ\u00e6isk kulturhovedstad \u2013 hvis flodsk\u00e5rne \u00f8kerne og historiske kajer fortsat former en levende by, der vender ud mod verden, selvom den v\u00e6rds\u00e6tter sin st\u00e6rkt uafh\u00e6ngige arv.<\/p>","protected":false},"excerpt":{"rendered":"<p>Cork er den n\u00e6stst\u00f8rste by i Irland og det administrative centrum af County Cork, med en befolkning p\u00e5 224.004 if\u00f8lge folket\u00e6llingen i 2022. Dette dynamiske storbycentrum, beliggende i provinsen Munster, er den tredjest\u00f8rste by p\u00e5 \u00f8en Irland. Byens karakteristiske topografi er kendetegnet ved dens kerne, beliggende p\u00e5 en \u00f8 skabt af to kanaler af floden Lee. Disse kanaler m\u00f8des ved den \u00f8stlige endestation af byen, hvor et omfattende netv\u00e6rk af kajer og dokker str\u00e6kker sig ind i Lough Mahon og Cork Harbour, der er anerkendt som en af \u200b\u200bde st\u00f8rste naturlige havne globalt.<\/p>","protected":false},"author":1,"featured_media":3992,"parent":11622,"menu_order":0,"comment_status":"closed","ping_status":"closed","template":"elementor_theme","meta":{"_eb_attr":"","footnotes":""},"class_list":["post-11657","page","type-page","status-publish","has-post-thumbnail"],"_links":{"self":[{"href":"https:\/\/travelshelper.com\/da\/wp-json\/wp\/v2\/pages\/11657","targetHints":{"allow":["GET"]}}],"collection":[{"href":"https:\/\/travelshelper.com\/da\/wp-json\/wp\/v2\/pages"}],"about":[{"href":"https:\/\/travelshelper.com\/da\/wp-json\/wp\/v2\/types\/page"}],"author":[{"embeddable":true,"href":"https:\/\/travelshelper.com\/da\/wp-json\/wp\/v2\/users\/1"}],"replies":[{"embeddable":true,"href":"https:\/\/travelshelper.com\/da\/wp-json\/wp\/v2\/comments?post=11657"}],"version-history":[{"count":0,"href":"https:\/\/travelshelper.com\/da\/wp-json\/wp\/v2\/pages\/11657\/revisions"}],"up":[{"embeddable":true,"href":"https:\/\/travelshelper.com\/da\/wp-json\/wp\/v2\/pages\/11622"}],"wp:featuredmedia":[{"embeddable":true,"href":"https:\/\/travelshelper.com\/da\/wp-json\/wp\/v2\/media\/3992"}],"wp:attachment":[{"href":"https:\/\/travelshelper.com\/da\/wp-json\/wp\/v2\/media?parent=11657"}],"curies":[{"name":"wp","href":"https:\/\/api.w.org\/{rel}","templated":true}]}}