{"id":11462,"date":"2024-09-12T23:32:50","date_gmt":"2024-09-12T23:32:50","guid":{"rendered":"https:\/\/travelshelper.com\/staging\/?page_id=11462"},"modified":"2026-03-12T18:21:10","modified_gmt":"2026-03-12T18:21:10","slug":"moldova","status":"publish","type":"page","link":"https:\/\/travelshelper.com\/da\/destinations\/europe\/moldova\/","title":{"rendered":"Moldavien"},"content":{"rendered":"<p>Republikken Moldova er en indlandsstat i \u00d8steuropa, der omfatter 33.483 kvadratkilometer og hjemsted for cirka 2,42 millioner indbyggere. Den ligger i det nord\u00f8stlige hj\u00f8rne af Balkan-Sortehavsbassinet, afgr\u00e6nset af Rum\u00e6nien mod vest og Ukraine p\u00e5 sine nordlige, \u00f8stlige og sydlige gr\u00e6nser. Chi\u0219in\u0103u, hovedstaden og den st\u00f8rste metropol, fungerer som landets politiske, kulturelle og kommercielle epicenter.<\/p>\n<p>Moldovas tidligste registrerede identitet opstod i midten af \u200b\u200bdet fjortende \u00e5rhundrede som en del af Fyrstend\u00f8mmet Moldavien, et len \u200b\u200bunder det osmanniske herred\u00f8mme. I n\u00e6sten fem \u00e5rhundreder opretholdt fyrsted\u00f8mmet en distinkt folkelig kultur midt i skiftende overherrskaber. I 1812 afstod den osmanniske porte provinsen Bessarabien, svarende til det meste af det nuv\u00e6rende Moldova, til det russiske imperium. De sydlige dele af Bessarabien sluttede sig igen til fyrsted\u00f8mmerne Moldavien og Valakiet i 1856, kun for at vende tilbage til russisk styre efter Berlinerkongressen i 1878. Disse udsving satte deres pr\u00e6g p\u00e5 administrative strukturer, sprogbrug og jordbesiddelsessystemer.<\/p>\n<p>Omv\u00e6ltningen i Sankt Petersborg i 1917 spredte sig over Bessarabien, hvor lokale forsamlinger f\u00f8rst proklamerede autonomi inden for en vaklende russisk republik. I februar 1918 blev en uafh\u00e6ngighedserkl\u00e6ring bekr\u00e6ftet, og kort efter blev regionen forenet med Rum\u00e6nien ved afstemning i den lokale lovgivende forsamling. Denne alliance varede indtil 1940, hvor Molotov-Ribbentrop-pagten tvang Bukarest til at afst\u00e5 Bessarabien og Nordbukovina til Sovjetunionen. De sovjetiske myndigheder oprettede den Moldaviske Sovjetiske Socialistiske Republik, der forenede dele af det tidligere Bessarabiske guvernement med territorier fra den ukrainske SSR.<\/p>\n<p>Da Sovjetunionen faldt fra hinanden, proklamerede den moldaviske SSR suver\u00e6nitet den 27. august 1991 og antog navnet Republikken Moldova. N\u00e6sten samtidig h\u00e6vdede Transnistrien - en smal \u00f8stlig stribe langs Dnestr-floden - sin egen de facto-administration, en status, der forts\u00e6tter ud over international anerkendelse. Republikkens forfatning fra 1994 indf\u00f8rte en parlamentarisk ramme, der tildelte den ud\u00f8vende myndighed til en premierminister og forbeholdt pr\u00e6sidentposten til ceremoniel repr\u00e6sentation, selvom nylige embedsm\u00e6nd har udvidet sidstn\u00e6vntes offentlige profil.<\/p>\n<p>I l\u00f8bet af det seneste \u00e5rti har Moldova, under pr\u00e6sident Maia Sandus ledelse, der blev valgt i slutningen af \u200b\u200b2020 p\u00e5 en platform pr\u00e6get af retslig integritet og vestlig orientering, fremskyndet sit bud p\u00e5 medlemskab af Den Europ\u00e6iske Union. Kandidatstatus blev tildelt i juni 2022, og formelle tiltr\u00e6delsesforhandlinger blev indledt den 13. december 2023. Sandu har ogs\u00e5 indikeret en mulig revurdering af den forfatningsm\u00e6ssige milit\u00e6re neutralitet til fordel for en t\u00e6ttere tilpasning til kollektive sikkerhedsordninger, selvom hun kraftigt har ford\u00f8mt den russiske indtr\u00e6ngen i nabolandet Ukraine.<\/p>\n<p>Geografisk set omfatter Moldova b\u00f8lgende bakker, brede floddale og en beskeden slette mod syd kendt som Bugeac. H\u00f8jden topper med 430 meter p\u00e5 toppen af \u200b\u200bB\u0103l\u0103ne\u0219ti-bakken p\u00e5 det moldaviske plateau, der str\u00e6kker sig ind i Ukraine og Rum\u00e6nien. Underregionerne omfatter de skovkl\u00e6dte Codri-massiver i det centrale Moldova, Dniester-bakkerne i nord\u00f8st og Prut-lavlandet langs den vestlige gr\u00e6nse. Chernozem-jord, blandt de mest frugtbare p\u00e5 jorden, d\u00e6kker omtrent tre fjerdedele af territoriet og n\u00e6rer en langvarig landbrugstradition, der er s\u00e6rligt egnet til vindyrkning. En smal korridor ved Giurgiule\u0219ti, erhvervet fra Ukraine i 1999, giver Moldova en 450 meter lang front mod Donau og dermed indirekte adgang til Sortehavet.<\/p>\n<p>Klimaet er moderat kontinentalt, modereret af n\u00e6rheden til Sortehavet. Somrene str\u00e6kker sig over fem m\u00e5neder med gennemsnitlige h\u00f8jeste temperaturer omkring 20 \u00b0C, mens vintrene forbliver friske, men sj\u00e6ldent ekstreme, med et gennemsnit p\u00e5 -4 \u00b0C i januar. Den \u00e5rlige nedb\u00f8r varierer fra cirka 600 mm i nord til 400 mm i syd, koncentreret i det sene for\u00e5r og det tidlige efter\u00e5r. Kraftige byger for\u00e5rsager lokal erosion, selvom vedvarende t\u00f8rke kan afbryde landbrugscyklussen. Historiske ekstremer inkluderer 41,5 \u00b0C den 21. juli 2007 ved Camenca og -35,5 \u00b0C den 20. januar 1963 ved Br\u0103tu\u0219eni.<\/p>\n<p>Moldovas \u00f8konomi er kendetegnet ved en beskeden produktion per indbygger og rangerer som den n\u00e6stsidste blandt europ\u00e6iske nationer. Servicesektoren dominerer, mens landbruget fortsat er en hj\u00f8rnesten i landdistrikternes levebr\u00f8d. Den \u00f8konomiske v\u00e6kst siden begyndelsen af \u200b\u200b1990&#039;erne er blevet d\u00e6mpet af demografisk tilbagegang, betydelig udvandring og nylige energichok fra en bredere regional konflikt. Social velf\u00e6rd er fortsat afg\u00f8rende, da en betydelig del af befolkningen lever af statspensioner eller m\u00e5lrettet bistand. Bestr\u00e6belserne p\u00e5 at diversificere handelspartnerskaber har flyttet en stor del af vineksportmarkedet v\u00e6k fra Rusland mod Den Europ\u00e6iske Union, hvor mere end 120 millioner liter n\u00e5ede EU-medlemsstaterne i 2021 sammenlignet med 8,6 millioner liter solgt til Rusland.<\/p>\n<p>Demografisk set havde Moldova pr. januar 2024 ansl\u00e5et 2.423.300 indbyggere. Byboere udg\u00f8r 43,4 procent af befolkningen, hvoraf omtrent en tredjedel bor i Chi\u0219in\u0103u-storbyomr\u00e5det. B\u0103l\u021bi, ofte lokalt omtalt som den &#039;nordlige hovedstad&#039;, er den n\u00e6stst\u00f8rste kommune med over 100.000 indbyggere p\u00e5 R\u0103ut-flodens b\u00f8lgende bredder. Tiraspol, med en befolkning p\u00e5 t\u00e6t p\u00e5 150.000, fungerer som det administrative hjerte i den ikke-anerkendte Transnistrien-region. Comrat fungerer som centrum for Gagauzia, en autonom enklave i syd.<\/p>\n<p>Den gennemsnitlige levealder er 71,5 \u00e5r \u2013 67,2 \u00e5r for m\u00e6nd og 75,7 \u00e5r for kvinder \u2013 med et k\u00f8nsforhold p\u00e5 cirka 100 kvinder til 90 m\u00e6nd. Uddannelsesniveauet for kvinder i den erhvervsaktive alder overstiger m\u00e6nds, men der er fortsat en l\u00f8nforskel p\u00e5 13,6 procent. Det nationale sprog er rum\u00e6nsk, som formelt er blevet udpeget siden 2023, selvom russisk stadig er udbredt, is\u00e6r i byomr\u00e5der og \u00f8stlige omr\u00e5der. Gagauzisk, et tyrkisk sprog, er fremherskende i dele af den autonome region, der b\u00e6rer dens navn. Engelskundervisningen er blevet udvidet siden 1990&#039;erne, men flydende sprog, der er tilstr\u00e6kkeligt flydende til l\u00e6ngere samtaler, er fortsat us\u00e6dvanligt uden for hovedstaden.<\/p>\n<p>Kulturlivet i Moldova er v\u00e6vet sammen af \u200b\u200ben rig kirkelig arv og en vedvarende vindyrkningstradition. Mere end 700 kirker og over 50 klostre er spredt ud over landskabet. Blandt disse st\u00e5r det gamle Orhei-huleklosterkompleks, hugget ind i kalksten p\u00e5 R\u0103uts venstre bred og stadig indviet til gudstjeneste, som et symbol p\u00e5 middelalderlig ortodoks fromhed. Dets kapeller p\u00e5 klippesiden og det tilst\u00f8dende ark\u00e6ologiske omr\u00e5de afsl\u00f8rer spor af beboelse, der dateres tilbage til det tolvte \u00e5rhundrede. C\u0103priana-klosteret, der er indgraveret i egetr\u00e6slunde omkring 40 kilometer nord for Chi\u0219in\u0103u, er fortsat et af landets mest bes\u00f8gte spirituelle retr\u00e6ter.<\/p>\n<p>Moldovas vink\u00e6ldre er blandt verdens mest omfattende. Mile\u0219tii Mici, der er blevet anerkendt af Guinness World Records siden 2005, omfatter over 200 kilometer underjordiske gallerier \u2013 55 kilometer i aktiv brug \u2013 og rummer op mod to millioner flasker. Cricova, et stort netv\u00e6rk af tidligere kalkstensbrud, organiserer sine \u00e5rgange efter oprindelse og \u00e5r p\u00e5 tv\u00e6rs af galleriernes gennemgangs\u00e5rer, mens Castel Mimi genopliver slotsarkitekturen fra det nittende \u00e5rhundrede for at fremvise samlinger, museer og g\u00e6stfrihedsfunktioner. Familier i afsidesliggende landsbyer vedligeholder ofte private vinmarker og videregiver forf\u00e6dres vindyrkningsviden gennem generationer. Hver oktober \u00e5bner den nationale vindag offentlighedens adgang til ving\u00e5rde over hele landet og transporterer bes\u00f8gende mellem k\u00e6ldre med shuttlebus.<\/p>\n<p>Turismen, omend i sin sp\u00e6de start i forhold til vesteurop\u00e6iske konkurrenter, registrerede en v\u00e6kst til 36.100 ikke-residenter i f\u00f8rste kvartal af 2022 \u2013 hvilket overg\u00e5r tallene f\u00f8r pandemien. Attraktioner koncentrerer sig om kulturarvssteder, landlige kulturelle oplevelser og vinruter, men er stadig let bef\u00e6rdede uden for Chi\u0219in\u0103u. Bestr\u00e6belserne p\u00e5 at promovere sektoren under Moldova Travel-banneret har fremh\u00e6vet landets gener\u00f8se solrige s\u00e6soner \u2013 omkring 300 solskinsdage om \u00e5ret \u2013 konkurrencedygtige omkostninger og en mosaik af kulturelle p\u00e5virkninger i krydsfeltet mellem rum\u00e6nske, slaviske og gagauziske traditioner.<\/p>\n<p>Chi\u0219in\u0103u Internationale Lufthavn forankrer internationale forbindelser med regelm\u00e6ssige ruter til st\u00f8rre europ\u00e6iske lufthavne, herunder Amsterdam Schiphol, Paris Charles de Gaulle, London Stansted, Rom Fiumicino, Istanbul Lufthavn og Tel Aviv. Nattog forbinder Chi\u0219in\u0103u med Bukarest, Kyiv og Odessa, mens direkte k\u00f8replaner til Moskva fortsat er suspenderet. Adgang over land via Rum\u00e6nien viser sig at v\u00e6re \u00f8konomisk, da daglige sovetog mellem Chi\u0219in\u0103u og Bukarest tager cirka 12 timer. Busnetv\u00e6rk str\u00e6kker sig til de fleste rum\u00e6nske og ukrainske byer, selvom transit gennem Transnistrien kan medf\u00f8re yderligere gr\u00e6nseformaliteter og lejlighedsvise anmodninger om uofficielle betalinger.<\/p>\n<p>I Moldova domineres transporten af \u200b\u200bet netv\u00e6rk af motorveje p\u00e5 i alt omkring 12.730 kilometer, hvoraf n\u00e6sten 11.000 kilometer er asfalterede, og af 1.138 kilometer jernbane. Minibusser, eller ruteiere, k\u00f8rer uformelt mellem byer og landsbyer og tilbyder fleksible k\u00f8replaner til moderate priser. I Chi\u0219in\u0103u s\u00f8rger statsdrevne trolleybusser og begr\u00e6nsede busruter for mobilitet i byerne, selvom private marshrutki fortsat er det mest udbredte transportmiddel. Giurgiule\u0219tis Donau-terminal har plads til sm\u00e5 maritime fragtskibe og forbinder Moldova med global skibsfart via Sortehavet.<\/p>\n<p>Bes\u00f8gende i Moldova m\u00f8der et k\u00f8kken defineret af enkelhed og lokale r\u00e5varer. Markederne i Chi\u0219in\u0103u bugner af frisk frugt, gr\u00f8ntsager, oste og charcuteri. Sm\u00e5 lokale spisesteder serverer m\u0103m\u0103lig\u0103 (majsgr\u00f8d), br\u00e2nz\u0103 (hvid ost) og zeama (kyllingesuppe) sammen med russiske og ukrainske specialiteter. Drikkepenge er hverken s\u00e6dvanligt eller forventet. Indkvarteringsmulighederne sp\u00e6nder fra beskedne hoteller priser i euro eller dollars til en h\u00e5ndfuld nye hostels i hovedstaden. Indkvartering fra sovjettiden i provinsbyer kan tilbyde h\u00f8jere priser end forventet for minimale faciliteter.<\/p>\n<p>Med sin komplekse lagdeling af historie, kultur og politik st\u00e5r Republikken Moldova som et eksempel p\u00e5 modstandsdygtighed. Et \u00e5rhundrede med skiftende suver\u00e6niteter, \u00f8konomiske omstruktureringer og regionale omv\u00e6ltninger har skabt et samfund pr\u00e6get af vedholdenhed og opfindsomhed. Landets frugtbare jord og klima fremmer landbrugsm\u00e6ssig overflod, mens dets vedvarende vintraditioner og hellige steder vidner om en dyb f\u00f8lelse af identitet. I dag, hvor nationen navigerer gennem europ\u00e6isk integration og globale omstruktureringer, tilbyder Moldova den opm\u00e6rksomme bes\u00f8gende et landskab fyldt med subtile vidundere, menneskelig varme og s\u00e6sonbestemte rytmer, der giver genlyd l\u00e6nge efter afrejse.<\/p>","protected":false},"excerpt":{"rendered":"<p>Moldova, der officielt omtales som Republikken Moldova, er en kompakt landl\u00e5st nation beliggende i \u00d8steuropa, placeret p\u00e5 den nord\u00f8stlige udkant af Balkan. Denne nation, der er karakteriseret ved sin rige historie og forskellige kulturelle p\u00e5virkninger, str\u00e6kker sig over et samlet areal p\u00e5 33.483 kvadratkilometer og er hjemsted for omkring 2,42 millioner mennesker i januar 2024. Moldova ligger mellem to st\u00f8rre naboer: Rum\u00e6nien mod vest og Ukraine mod nord, \u00f8st og syd. Landets \u00f8stlige gr\u00e6nse er defineret af Dnjestr-floden, med den ikke-anerkendte udbryderstat Transnistrien beliggende bag den, en region, der har v\u00e6ret et omdrejningspunkt for politiske sp\u00e6ndinger, siden Moldova fik uafh\u00e6ngighed.<\/p>","protected":false},"author":1,"featured_media":2745,"parent":24078,"menu_order":0,"comment_status":"closed","ping_status":"closed","template":"elementor_theme","meta":{"_eb_attr":"","footnotes":""},"class_list":["post-11462","page","type-page","status-publish","has-post-thumbnail"],"_links":{"self":[{"href":"https:\/\/travelshelper.com\/da\/wp-json\/wp\/v2\/pages\/11462","targetHints":{"allow":["GET"]}}],"collection":[{"href":"https:\/\/travelshelper.com\/da\/wp-json\/wp\/v2\/pages"}],"about":[{"href":"https:\/\/travelshelper.com\/da\/wp-json\/wp\/v2\/types\/page"}],"author":[{"embeddable":true,"href":"https:\/\/travelshelper.com\/da\/wp-json\/wp\/v2\/users\/1"}],"replies":[{"embeddable":true,"href":"https:\/\/travelshelper.com\/da\/wp-json\/wp\/v2\/comments?post=11462"}],"version-history":[{"count":0,"href":"https:\/\/travelshelper.com\/da\/wp-json\/wp\/v2\/pages\/11462\/revisions"}],"up":[{"embeddable":true,"href":"https:\/\/travelshelper.com\/da\/wp-json\/wp\/v2\/pages\/24078"}],"wp:featuredmedia":[{"embeddable":true,"href":"https:\/\/travelshelper.com\/da\/wp-json\/wp\/v2\/media\/2745"}],"wp:attachment":[{"href":"https:\/\/travelshelper.com\/da\/wp-json\/wp\/v2\/media?parent=11462"}],"curies":[{"name":"wp","href":"https:\/\/api.w.org\/{rel}","templated":true}]}}