{"id":9957,"date":"2024-09-09T13:05:58","date_gmt":"2024-09-09T13:05:58","guid":{"rendered":"https:\/\/travelshelper.com\/staging\/?page_id=9957"},"modified":"2026-03-13T21:36:20","modified_gmt":"2026-03-13T21:36:20","slug":"thredbo","status":"publish","type":"page","link":"https:\/\/travelshelper.com\/cs\/destinations\/australia-and-oceania\/australia\/thredbo\/","title":{"rendered":"Thredbo"},"content":{"rendered":"<p>Thredbo Alpine Village, nach\u00e1zej\u00edc\u00ed se v N\u00e1rodn\u00edm parku Kosciuszko, je nejv\u00fd\u0161e polo\u017een\u00e9 letovisko v Austr\u00e1lii. Le\u017e\u00ed v zalesn\u011bn\u00e9m \u00fadol\u00ed poho\u0159\u00ed Ramshead, zhruba 500 km ji\u017en\u011b od Sydney. Centrum obce je p\u011b\u0161\u00ed z\u00f3na v alpsk\u00e9m stylu lemovan\u00e1 obchody, chatami a tavernami \u2013 z\u00e1m\u011brn\u00fd kontrast k rozpt\u00fdlen\u011bj\u0161\u00edmu Perisheru. Navzdory sv\u00e9 velikosti (pouze asi 477 st\u00e1l\u00fdch obyvatel) m\u016f\u017ee Thredbo pojmout tis\u00edce n\u00e1v\u0161t\u011bvn\u00edk\u016f: st\u0159edisko m\u00e1 pro hosty p\u0159ibli\u017en\u011b 4 150 l\u016f\u017eek. B\u011bhem cel\u00e9ho zimn\u00edho v\u00edkendu se sjezdovky v Thredbu hem\u017e\u00ed davy ly\u017ea\u0159\u016f a vleky jezd\u00ed nep\u0159etr\u017eit\u011b a obsluhuj\u00ed 14 z nich, v\u010detn\u011b osmim\u00edstn\u00e9 gondoly dosahuj\u00edc\u00ed naho\u0159e 1 989 m (tzv. <em>Horn\u00ed stanice<\/em>). Je pozoruhodn\u00e9, \u017ee Thredbo&#039;s Village Run je nejdel\u0161\u00ed souvisl\u00e1 sjezdov\u00e1 tra\u0165 v Austr\u00e1lii (asi 5 km od Karlova T-Baru k okraji vesnice).<\/p>\n<p>Thredbo m\u00e1 asi 480 hektar\u016f ly\u017ea\u0159sk\u00e9ho ter\u00e9nu \u2013 men\u0161\u00ed ne\u017e Perisher, ale vynahrazuje to p\u0159ev\u00fd\u0161en\u00edm a kvalitou lanovek. Jeho vrchol je 2 037 m, z\u00e1kladna 1 365 m, co\u017e z n\u011bj d\u011bl\u00e1 jednu z nejv\u00fd\u0161e polo\u017een\u00fdch ly\u017ea\u0159sk\u00fdch st\u0159edisek v Nov\u00e9m Ji\u017en\u00edm Walesu. Zimn\u00ed sporty dominuj\u00ed ekonomice: Thredbo ka\u017edoro\u010dn\u011b p\u0159il\u00e1k\u00e1 zhruba 700 000 zimn\u00edch n\u00e1v\u0161t\u011bvn\u00edk\u016f, kter\u00e9 l\u00e1kaj\u00ed jeho ly\u017ea\u0159sk\u00e9 parky, sjezdovky a upraven\u00e9 sjezdovky. V l\u00e9t\u011b Thredbo nad\u00e1le vzkv\u00e9t\u00e1: p\u0159ibli\u017en\u011b 300 000 n\u00e1v\u0161t\u011bvn\u00edk\u016f sem p\u0159ij\u00ed\u017ed\u00ed na p\u011b\u0161\u00ed turistiku, horskou cyklistiku a festivaly, co\u017e z n\u011bj \u010din\u00ed jedno z m\u00e1la celoro\u010dn\u00edch alpsk\u00fdch st\u0159edisek v Austr\u00e1lii. Syst\u00e9m lanovek (1 kabinkov\u00e1 lanovka, 3 vysokorychlostn\u00ed \u010dty\u0159kolky, 5 ty\u010d\u00ed a dal\u0161\u00ed vleky) je nejmodern\u011bj\u0161\u00ed a slu\u017eby ve vesnici \u2013 od ly\u017ea\u0159sk\u00fdch \u0161kol a\u017e po restaurace \u2013 funguj\u00ed celoro\u010dn\u011b.<\/p>\n<p>Thredbo le\u017e\u00ed v dalek\u00e9m jihov\u00fdchodn\u00edm c\u00edpu Nov\u00e9ho Ji\u017en\u00edho Walesu, vysoko v australsk\u00fdch Alp\u00e1ch. Je dostupn\u00e9 po silnici Alpine Way, kter\u00e1 se vine p\u0159es Cooma a Jindabyne na z\u00e1pad a spojuje Sydney nebo Canberru. Vesnice le\u017e\u00ed na \u00fapat\u00ed \u0159eky Crackenback (Thredbo), obklopena vysok\u00fdmi sn\u011bhov\u00fdmi kry a vrcholy, jako je Mount Kosciuszko. V zim\u011b je krajina typicky alpsk\u00e1: zasn\u011b\u017een\u00e9 stromy, sv\u011b\u017e\u00ed horsk\u00fd vzduch a \u0159eka pokryt\u00e1 ledov\u00fdmi krami. L\u00e9ta jsou chladn\u00e1 a zelen\u00e1, s loukami pokr\u00fdvaj\u00edc\u00edmi koberec z divok\u00fdch kv\u011btin. Thredbo se nach\u00e1z\u00ed 15 minut j\u00edzdy od Perisheru, ale m\u00e1 sv\u016fj vlastn\u00ed osobit\u00fd charakter (ob\u011b m\u011bsta spojuje autobusov\u00e1 doprava).<\/p>\n<p>Podneb\u00ed je alpsko-p\u0159\u00edmo\u0159sk\u00e9. Zimy p\u0159in\u00e1\u0161ej\u00ed st\u00e1l\u00fd sn\u00edh od \u010dervna do z\u00e1\u0159\u00ed s pr\u016fm\u011brn\u00fdm ro\u010dn\u00edm sn\u011b\u017een\u00edm okolo 2 040 mm. Letn\u00ed dny jsou m\u00edrn\u00e9 (s vrcholem kolem -20 \u00b0C) a noci mohou b\u00fdt chladn\u00e9. Vzhledem k \u00fazk\u00e9mu \u00fadol\u00ed mohou Thredbo rychle zas\u00e1hnout bou\u0159e, tak\u017ee je d\u016fle\u017eit\u00e9 p\u0159edpov\u00eddat po\u010das\u00ed.<\/p>\n<p>Modern\u00ed vesnice Thredbo vznikla jako vize v \u00e9\u0159e hydroelektr\u00e1rny Snowy Mountains. V roce 1957 z\u00edskalo konsorcium, kter\u00e9 na projektu Snowy Scheme pracovalo, pron\u00e1jem na rozvoj Thredbo. Legenda prav\u00ed, \u017ee n\u00e1zev \u201eThredbo\u201c poch\u00e1z\u00ed z domorod\u00e9ho v\u00fdrazu pro m\u00edstn\u00ed \u0159\u00ed\u010dn\u00ed p\u0159echod, a\u010dkoli podrobnosti jsou poskrovnu. Prvn\u00ed ly\u017ea\u0159sk\u00e9 vleky byly otev\u0159eny na za\u010d\u00e1tku 80. let a seda\u010dkov\u00e1 lanovka brzy vyvezla ly\u017ea\u0159e na vysok\u00e9 vrcholky. Do roku 1987 koupila hlavn\u00ed za\u0159\u00edzen\u00ed vesnice Thredbo spole\u010dnost Amalgamated Holdings Ltd.<\/p>\n<p>Mezin\u00e1rodn\u011b se Thredbo proslavilo, kdy\u017e v roce 1989 hostilo z\u00e1vod Sv\u011btov\u00e9ho poh\u00e1ru v alpsk\u00e9m ly\u017eov\u00e1n\u00ed (prvn\u00ed na ji\u017en\u00ed polokouli). V roce 1997 seda\u010dkov\u00e1 lanovka Riverview v Thredbu a dal\u0161\u00ed vylep\u0161en\u00ed roz\u0161\u00ed\u0159ily ter\u00e9n a v roce 1999 obec otev\u0159ela prvn\u00ed gondolu v Austr\u00e1lii. Postupem \u010dasu si Thredbo osvojilo v\u00edce evropsk\u00e9ho alpsk\u00e9ho kouzla: hotely a restaurace s d\u0159ev\u011bn\u00fdmi balkony, evrop\u0161t\u00ed kucha\u0159i a dokonce i pivn\u00ed zahr\u00e1dka pro apr\u00e8s-ski.<\/p>\n<p>Na rozd\u00edl od Perisheru, kter\u00fd vznikl z n\u011bkolika ly\u017ea\u0159sk\u00fdch are\u00e1l\u016f, bylo Thredbo od po\u010d\u00e1tku pl\u00e1nov\u00e1no jako integrovan\u00e9 m\u011bsto. Dnes je jeho historie viditeln\u00e1 na pam\u011btn\u00edch desk\u00e1ch p\u0159ipom\u00ednaj\u00edc\u00edch ran\u00e9 \u201eskia\u0159sk\u00e9 odd\u00edly\u201c a ve star\u00e9m baru Riverview T-Bar (st\u00e1le pomalu p\u0159epravuje za\u010d\u00e1te\u010dn\u00edky). M\u011bsto si zachov\u00e1v\u00e1 n\u00e1znak sv\u00e9ho d\u011bdictv\u00ed z 50. let 20. stolet\u00ed v n\u00e1zvech ulic (nap\u0159. Tin Can Ski Bar, postaven\u00fd v roce 1969 pracovn\u00edky projektu) a mal\u00e9m muzeu memorabili\u00ed projektu. V roce 2000 po\u010det n\u00e1v\u0161t\u011bvn\u00edk\u016f zast\u00ednil po\u010dty star\u00fdch chovatel\u016f dobytka; n\u011bkter\u00e9 chatr\u010de prvn\u00edch chovatel\u016f dobytka st\u00e1le stoj\u00ed opu\u0161t\u011bn\u00e9 v divo\u010din\u011b za ly\u017ea\u0159sk\u00fdm are\u00e1lem.<\/p>\n<p>Kultura Thredba m\u00eds\u00ed pohodovou australskou p\u0159\u00e1telskost s n\u00e1dechem mezin\u00e1rodn\u00edho ly\u017ea\u0159sk\u00e9ho \u0161mrncu. V zim\u011b je vesnice \u017eiv\u00e1, ale ne ru\u0161n\u00e1: vleky jsou r\u00e1no pln\u011b obsazen\u00e9 a odpoledne se v kav\u00e1rn\u00e1ch oz\u00fdvaj\u00ed rozhovory s r\u016fzn\u00fdmi p\u0159\u00edzvuky. Ru\u0161n\u00e9 sm\u011bny v kav\u00e1rn\u00e1ch a ly\u017ea\u0159sk\u00fdch obchodech ustupuj\u00ed \u00fatuln\u00fdm zimn\u00edm ve\u010der\u016fm v chat\u00e1ch. Rozmanitost n\u00e1v\u0161t\u011bvn\u00edk\u016f \u2013 dom\u00e1c\u00ed rodiny, evrop\u0161t\u00ed ly\u017ea\u0159\u0161t\u00ed instrukto\u0159i, austral\u0161t\u00ed bat\u016f\u017ek\u00e1\u0159i \u2013 vytv\u00e1\u0159\u00ed multikulturn\u00ed spole\u010denskou sc\u00e9nu na chodn\u00edc\u00edch a v pivovarech. Mnoho zam\u011bstnanc\u016f se nau\u010dilo \u0161v\u00e9dsk\u00e9 nebo n\u011bmeck\u00e9 fr\u00e1ze jen z nez\u00e1vazn\u00e9 konverzace s hosty. V\u0161ichni zde samoz\u0159ejm\u011b mluv\u00ed anglicky, ale v\u011bd\u011bt, jak se \u0159\u00edk\u00e1 \u201eschuss\u201c nebo \u201eGuten Morgen\u201c, nen\u00ed nic neobvykl\u00e9ho.<\/p>\n<p>M\u00edstn\u00ed akce zpest\u0159uj\u00ed \u017eivot v Thredbu. Ka\u017edou zimu se kon\u00e1 Rozsv\u00edcen\u00ed vesnice (odpo\u010det sv\u00e1tk\u016f za\u010d\u00e1tkem \u010dervence) s oh\u0148ostrojem. Prodlou\u017een\u00fd v\u00edkend v \u0159\u00edjnu je zn\u00e1m\u00fd festivalem Thredbo Blues Festival, dlouhodob\u00fdm festivalem venkovn\u00ed hudby, kter\u00fd l\u00e1k\u00e1 fanou\u0161ky jazzu a blues. B\u011bhem l\u00e9ta se konaj\u00ed z\u00e1vody na horsk\u00fdch kolech a proch\u00e1zky s pr\u016fvodcem po divok\u00fdch kv\u011btin\u00e1ch. Mezi jednotliv\u00fdmi akcemi je siln\u00fd komunitn\u00ed duch: \u0159\u00edk\u00e1 se, \u017ee kdy\u017e se n\u011bkdo ve vesnici ztrat\u00ed (\u0159ekn\u011bme se zapomene vr\u00e1tit z ve\u010dera v baru), obvykle ho najdou tvrd\u011b sp\u00edc\u00ed na voln\u00e9 matraci v pokoji kamar\u00e1da. Lid\u00e9 v\u00edtaj\u00ed ciz\u00ed lidi \u00fasm\u011bvem nebo k\u00fdvnut\u00edm hlavy; rodi\u010de znaj\u00ed ka\u017ed\u00e9ho k\u0159estn\u00ed jm\u00e9no a karnevalov\u00fd salonek \u201eAustraliana\u201c (Tin Can Ski Bar) po\u0159\u00e1d\u00e1 spont\u00e1nn\u00ed spole\u010dn\u00e9 zp\u00edv\u00e1n\u00ed.<\/p>\n<p>Celkov\u011b je atmosf\u00e9ra v\u0159el\u00e1 a rustik\u00e1ln\u00ed. Obchody a ly\u017ea\u0159sk\u00e9 chaty podporuj\u00ed le\u017e\u00e9rn\u00ed, outdoorov\u00e9 oble\u010den\u00ed (p\u0159edstavte si robustn\u00ed \u00faplety a sn\u011bhule). Po dni str\u00e1ven\u00e9m na svahu je b\u011b\u017en\u00e9 vid\u011bt u ve\u010de\u0159e sp\u00e1len\u00e9 tv\u00e1\u0159e zachumlan\u00e9 u \u0159\u00edzku nebo pe\u010den\u00e9ho jehn\u011b\u010d\u00edho, s evropsk\u00fdm nebo tasm\u00e1nsk\u00fdm Pinot v ruce. D\u011bti se ka\u017ed\u00fd ve\u010der vracej\u00ed na spole\u010dn\u00e9 ve\u010de\u0159e, pletou poh\u00e1ry a \u017eiv\u011b si pov\u00edd\u00e1 o denn\u00edm sn\u011bhu. Panuje zde pocit uzav\u0159en\u00e9 komunity \u2013 na rozd\u00edl od velkom\u011bsta se zde po cel\u00e9m m\u011bst\u011b potk\u00e1v\u00e1te se stejn\u00fdmi tv\u00e1\u0159emi \u2013 co\u017e dod\u00e1v\u00e1 Thredbu sousedskou atmosf\u00e9ru.<\/p>\n<p>Hlavn\u00edm l\u00e1kadlem Thredba je samoz\u0159ejm\u011b ly\u017eov\u00e1n\u00ed. Sjezdovky v hor\u00e1ch sahaj\u00ed od \u0161irok\u00fdch stezek pro za\u010d\u00e1te\u010dn\u00edky ve Friday Flat a\u017e po strm\u00e9 \u017elaby, jako jsou Minaret a Pigs Head pro experty. S t\u011bmito svahy se napojuje horsk\u00fd lanov\u00fd park Perisher Range. Mimo sjezdovky jsou atraktivn\u00ed nap\u0159\u00edklad letn\u00ed vysokohorsk\u00e1 turistika: n\u00e1v\u0161t\u011bvn\u00edci se mohou proj\u00edt z vesnice Thredbo na vrchol Kosciuszko (asi 18 km zp\u011bt) p\u0159es subalpsk\u00e9 mok\u0159ady a balvanov\u00e1 pole. Dal\u0161\u00ed letn\u00ed lah\u016fdkou je j\u00edzda seda\u010dkovou lanovkou \u2013 vleky Kosciuszko Express jsou v l\u00e9t\u011b otev\u0159en\u00e9 pro vyhl\u00eddkov\u00e9 j\u00edzdy a j\u00edzdu na horsk\u00e9m kole.<\/p>\n<p>Pro klidn\u011bj\u0161\u00ed v\u00fdlet je ide\u00e1ln\u00ed j\u00edzda lanovkou do restaurace Eagles Nest (j\u00eddelna uprost\u0159ed hory), kter\u00e1 nab\u00edz\u00ed panoramatick\u00fd v\u00fdhled na zasn\u011b\u017een\u00e9 vrcholky s latte v ruce. Milovn\u00edci p\u0159\u00edrody mohou lovit pstruhy v horn\u00ed \u010d\u00e1sti \u0159eky Thredbo nebo pozorovat divok\u00e9 brumbie (divok\u00e9 kon\u011b) pasouc\u00ed se na vysok\u00fdch pl\u00e1n\u00edch. V zim\u011b si nely\u017ea\u0159i u\u017e\u00edvaj\u00ed s\u00e1\u0148kov\u00e1n\u00ed a sn\u011bhov\u00e9 hry v ly\u017ea\u0159sk\u00e9 oblasti.<\/p>\n<p>Samotn\u00e1 vesnice je tak\u00e9 atrakc\u00ed. Jej\u00ed hlavn\u00ed ulici lemuj\u00ed d\u0159ev\u011bn\u00e9 chatky a restaurace \u2013 od hotelu Alpine (s \u017eivou hudbou o v\u00edkendech) a\u017e po modern\u00ed restaurace s mezin\u00e1rodn\u00ed kuchyn\u00ed (thajskou, italskou, modern\u00ed australskou). No\u010dn\u00ed \u017eivot v Thredbo po ly\u017eov\u00e1n\u00ed je sice men\u0161\u00ed ne\u017e v Perisheru, ale je okouzluj\u00edc\u00ed. O v\u00edkendov\u00fdch ve\u010derech mohou hr\u00e1t \u017eiv\u00e9 kapely v baru Alpine nebo si v baru Schuss zazp\u00edvat u krbu. Uvnit\u0159 se nach\u00e1z\u00ed Thredbo Leisure Centre s baz\u00e9nem a posilovnou, kde si m\u016f\u017eete odpo\u010dinout.<\/p>\n<p>Unik\u00e1tn\u00ed vlastnost\u00ed Thredba je j\u00edzda gondolou, kter\u00e1 je sama o sob\u011b atrakc\u00ed. Provozuje se celoro\u010dn\u011b a stoup\u00e1 t\u011bsn\u011b pod vrchol, odkud se otev\u00edraj\u00ed rozs\u00e1hl\u00e9 v\u00fdhledy na hory a vzd\u00e1len\u00e1 poho\u0159\u00ed. Za jasn\u00e9ho dne je vid\u011bt Kosciuszko a d\u00e1le \u2013 panorama odraz\u016f jezera a sn\u011bhov\u00fdch pol\u00ed.<\/p>\n<p>P\u0159\u00edroda je doslova za dve\u0159mi: klokani ob\u010das proskakuj\u00ed vesnic\u00ed i v zim\u011b a na ja\u0159e se \u00fadol\u00ed hem\u017e\u00ed alpsk\u00fdmi divok\u00fdmi kv\u011btinami. Ka\u017ed\u00fd obyvatel se rychle sezn\u00e1m\u00ed s eukalypty, kter\u00e9 se na podzim zbarvuj\u00ed do ohniv\u011b rud\u00e9. Pro n\u00e1v\u0161t\u011bvn\u00edka je p\u016fldenn\u00ed t\u00fara k jezeru Crackenback nebo na horu Kosciuszko od vodop\u00e1d\u016f Thredbo jedn\u00edm z nejobdivuhodn\u011bj\u0161\u00edch z\u00e1\u017eitk\u016f \u2013 a to jak kv\u016fli v\u00fdhled\u016fm, tak kv\u016fli pocitu nedot\u010den\u00e9 divo\u010diny.<\/p>\n<p>Do Thredba se dostanete pouze po silnici. Nejlep\u0161\u00ed leti\u0161t\u011b jsou Canberra (asi 1,5\u20132 hodiny p\u0159es Coomu) a Sydney (asi 5\u20136 hodin). Z Canberry se d\u00e1 jet po d\u00e1lnici Monaro Highway do Coomy a pot\u00e9 po Alpine Way na v\u00fdchod do Thredba. Silnice vede alpsk\u00fdm ter\u00e9nem \u2013 v zim\u011b jsou nutn\u00e9 sn\u011bhov\u00e9 \u0159et\u011bzy. Autobusy jezd\u00ed z Canberry a Sydney do Coomy nebo Jindabyne; z Jindabyne n\u011bkte\u0159\u00ed pokra\u010duj\u00ed men\u0161\u00edmi kyvadlov\u00fdmi autobusy do Thredba (a\u010dkoli mnoho cestovatel\u016f si pro v\u011bt\u0161\u00ed pohodl\u00ed jednodu\u0161e pronajme auto nebo ter\u00e9nn\u00ed vozidlo).<\/p>\n<p>Na rozd\u00edl od Perisheru je j\u00e1dro Thredbo kompaktn\u00ed a vhodn\u00e9 pro p\u011b\u0161\u00ed. Jakmile se dostanou do vesnice, v\u011bt\u0161ina host\u016f se k c\u00edli dostane p\u011b\u0161ky nebo na ly\u017e\u00edch (lanovka a hlavn\u00ed vleky jsou na konci vesnice). Pro ty, kte\u0159\u00ed se ubytuj\u00ed na okraji vesnice, jezd\u00ed kyvadlov\u00e9 autobusy resortu kolem vesnice Thredbo. Parkov\u00e1n\u00ed je k dispozici v bl\u00edzkosti vesnice, ale v zim\u011b je \u010dasto rychlej\u0161\u00ed zaparkovat venku a vyu\u017e\u00edt kyvadlovou dopravu (p\u0159epl\u0148ovan\u00e1 parkovi\u0161t\u011b jsou ve Friday Flat a Bullocks Flat). Doprava v Thredbo za j\u00e1dro vesnice je minim\u00e1ln\u00ed; ly\u017ea\u0159sk\u00e1 st\u0159ediska maj\u00ed omezen\u00fd p\u0159\u00edstup po silnic\u00edch.<\/p>\n<p>Plat\u00ed obvykl\u00e1 australsk\u00e1 pravidla: m\u011bna je AUD, jazyk angli\u010dtina, spropitn\u00e9 je voliteln\u00e9. Podneb\u00ed je chladn\u011bj\u0161\u00ed, tak\u017ee by si n\u00e1v\u0161t\u011bvn\u00edci m\u011bli vz\u00edt vhodn\u00e9 oble\u010den\u00ed. Signal mobiln\u00edch s\u00edt\u00ed v Thredbu je lep\u0161\u00ed ne\u017e v Perisheru (ve vesnici jsou mobiln\u00ed v\u011b\u017ee), ale s\u00edla s\u00edt\u011b m\u016f\u017ee na ho\u0159e klesat. Nadmo\u0159sk\u00e1 v\u00fd\u0161ka Thredbu m\u016f\u017ee n\u011bkter\u00e9 nov\u011b p\u0159\u00edchoz\u00ed zastihnout s m\u00edrnou z\u00e1vrat\u00ed \u2013 z preventivn\u00edch d\u016fvod\u016f se prvn\u00ed den vyhn\u011bte alkoholu a dbejte na dostate\u010dn\u00fd pitn\u00fd re\u017eim.<\/p>\n<p>Ve m\u011bst\u011b jsou snadno dostupn\u00e9 potraviny a slu\u017eby: supermarkety prod\u00e1vaj\u00ed potraviny a ly\u017ea\u0159sk\u00e9 obchody p\u016fj\u010duj\u00ed vybaven\u00ed a sn\u011bhov\u00e9 \u0159et\u011bzy. Ve vesnici je mal\u00e1 l\u00e9ka\u0159sk\u00e1 klinika pro drobn\u00e1 zran\u011bn\u00ed. V p\u0159\u00edpad\u011b v\u00e1\u017en\u00fdch zran\u011bn\u00ed je dobr\u00fd p\u0159\u00edstup k sanitce (silnice jsou hlavn\u00edmi d\u00e1lnicemi a\u017e do vesnice). V\u011bt\u0161ina n\u00e1v\u0161t\u011bvn\u00edk\u016f si s sebou bere opalovac\u00ed kr\u00e9m a pro d\u011bti tepl\u00e9 nepromokav\u00e9 oble\u010den\u00ed. Mo\u017en\u00e1 jsou setk\u00e1n\u00ed s divok\u00fdmi zv\u00ed\u0159aty (nap\u0159\u00edklad s vombaty p\u0159ech\u00e1zej\u00edc\u00edmi silnici za soumraku), proto bu\u010fte p\u0159i j\u00edzd\u011b za \u0161patn\u00fdch sv\u011bteln\u00fdch podm\u00ednek opatrn\u00ed.<\/p>\n<p>Zam\u011bstnanci Thredbo i m\u00edstn\u00ed obyvatel\u00e9 jsou neform\u00e1ln\u00ed a ochotn\u00ed. B\u011b\u017en\u00fdm m\u00edstn\u00edm pozdravem je jen p\u0159\u00e1telsk\u00e9 \u201eahoj\u201c nebo \u201enashledanou\u201c. Pro projeven\u00ed \u00facty se n\u00e1v\u0161t\u011bvn\u00edci mohou nau\u010dit p\u00e1r slov z noongar\u0161tiny, i kdy\u017e se to zde z\u0159\u00eddka o\u010dek\u00e1v\u00e1 (prohl\u00eddky d\u011bdictv\u00ed noongar\u0161tiny se zam\u011b\u0159uj\u00ed sp\u00ed\u0161e na Perth). V restaurac\u00edch a barech obsluha baru \u010dasto znamen\u00e1, \u017ee si objedn\u00e1te u pultu a nesete si n\u00e1poje ke stolu. Nal\u00e9v\u00e1n\u00ed n\u00e1poj\u016f ostatn\u00edm je u sd\u00edlen\u00fdch stol\u016f zdvo\u0159il\u00e9.<\/p>\n<p>A kone\u010dn\u011b, m\u011bjte na pam\u011bti ro\u010dn\u00ed obdob\u00ed: Thredbo funguje odli\u0161n\u011b v zim\u011b a v l\u00e9t\u011b. Zima (\u010derven\u2013z\u00e1\u0159\u00ed) je hlavn\u00ed ly\u017ea\u0159skou sez\u00f3nou; v\u011bt\u0161ina podnik\u016f je otev\u0159ena denn\u011b. V l\u00e9t\u011b n\u011bkter\u00e9 p\u016fj\u010dovny ly\u017ea\u0159sk\u00e9ho vybaven\u00ed zav\u00edraj\u00ed (i kdy\u017e je nahrazuj\u00ed p\u016fj\u010dovny horsk\u00fdch kol). Sn\u011bhov\u00e9 \u0159et\u011bzy jsou ze z\u00e1kona povinn\u00e9 pro vozidla s pohonem dvou kol vj\u00ed\u017ed\u011bj\u00edc\u00ed do n\u00e1rodn\u00edho parku v zim\u011b, stejn\u011b jako v Perisheru. Ve m\u011bst\u011b se tempo odr\u00e1\u017e\u00ed od ro\u010dn\u00edho obdob\u00ed \u2013 v \u010dervenci je to \u017eiv\u00e9 a p\u0159epln\u011bn\u00e9, v lednu klidn\u00e9 a zelen\u00e9.<\/p>\n<p>Thredbo nab\u00edz\u00ed kombinaci pohodl\u00ed (skute\u010dn\u00e1 vesnice) a divo\u010diny (okoln\u00ed n\u00e1rodn\u00ed park), co\u017e znamen\u00e1, \u017ee by si cestovatel\u00e9 m\u011bli odpo\u010dinout a z\u00e1rove\u0148 z\u016fstat ostra\u017eit\u00ed. St\u0159edisko je pova\u017eov\u00e1no za bezpe\u010dn\u00e9 a pravideln\u011b zde hl\u00eddkuje ly\u017ea\u0159sk\u00e1 hl\u00eddka a policie. Celkov\u011b vzato je Thredbo vst\u0159\u00edcn\u00e9 a praktick\u00e9: \u00fatuln\u00e1 alpsk\u00e1 komunita na druh\u00e9m konci silnice, kter\u00e1 v\u00edt\u00e1 hosty horkou k\u00e1vou a horsk\u00fdm vzduchem pod australsk\u00fdm sluncem.<\/p>\n<table>\n<thead>\n<tr>\n<th>Kategorie<\/th>\n<th>Podrobnosti<\/th>\n<\/tr>\n<\/thead>\n<tbody>\n<tr>\n<td>Um\u00edst\u011bn\u00ed<\/td>\n<td>Thredbo, Nov\u00fd Ji\u017en\u00ed Wales, Austr\u00e1lie<\/td>\n<\/tr>\n<tr>\n<td>Nadmo\u0159sk\u00e1 v\u00fd\u0161ka letoviska<\/td>\n<td>1 365 metr\u016f (4 478 stop)<\/td>\n<\/tr>\n<tr>\n<td>Ly\u017ea\u0159sk\u00e1 sez\u00f3na<\/td>\n<td>\u010derven a\u017e \u0159\u00edjen<\/td>\n<\/tr>\n<tr>\n<td>Ceny skipas\u016f<\/td>\n<td>Li\u0161\u00ed se podle ro\u010dn\u00edho obdob\u00ed a trv\u00e1n\u00ed<\/td>\n<\/tr>\n<tr>\n<td>Otev\u00edrac\u00ed doba<\/td>\n<td>Obvykle od 8:30 do 16:30<\/td>\n<\/tr>\n<tr>\n<td>Po\u010det sjezdovek<\/td>\n<td>53<\/td>\n<\/tr>\n<tr>\n<td>Celkov\u00e1 d\u00e9lka sjezdovky<\/td>\n<td>P\u0159ibli\u017en\u011b 50 km<\/td>\n<\/tr>\n<tr>\n<td>Nejdel\u0161\u00ed b\u011bh<\/td>\n<td>5,9 km (z lanovky Karls do Friday Flat)<\/td>\n<\/tr>\n<tr>\n<td>Snadn\u00e9 sjezdovky<\/td>\n<td>16%<\/td>\n<\/tr>\n<tr>\n<td>M\u00edrn\u00e9 svahy<\/td>\n<td>67%<\/td>\n<\/tr>\n<tr>\n<td>Pokro\u010dil\u00e9 svahy<\/td>\n<td>17%<\/td>\n<\/tr>\n<tr>\n<td>Sm\u011bry sjezdovek<\/td>\n<td>Sever, V\u00fdchod<\/td>\n<\/tr>\n<tr>\n<td>No\u010dn\u00ed ly\u017eov\u00e1n\u00ed<\/td>\n<td>K dispozici ve vybran\u00e9 dny<\/td>\n<\/tr>\n<tr>\n<td>V\u00fdroba sn\u011bhu<\/td>\n<td>Rozs\u00e1hl\u00e9 pokryt\u00ed<\/td>\n<\/tr>\n<tr>\n<td>Celkov\u00fd po\u010det v\u00fdtah\u016f<\/td>\n<td>14<\/td>\n<\/tr>\n<tr>\n<td>Kapacita do kopce<\/td>\n<td>17 000 ly\u017ea\u0159\u016f za hodinu<\/td>\n<\/tr>\n<tr>\n<td>Nejvy\u0161\u0161\u00ed zdvih<\/td>\n<td>2 037 metr\u016f (6 683 stop)<\/td>\n<\/tr>\n<tr>\n<td>Gondoly\/Lanovky<\/td>\n<td>1<\/td>\n<\/tr>\n<tr>\n<td>Seda\u010dkov\u00e9 lanovky<\/td>\n<td>8<\/td>\n<\/tr>\n<tr>\n<td>Drag Lifts<\/td>\n<td>5<\/td>\n<\/tr>\n<tr>\n<td>Snow parky<\/td>\n<td>Ano<\/td>\n<\/tr>\n<tr>\n<td>P\u016fj\u010dovny ly\u017e\u00ed<\/td>\n<td>K dispozici<\/td>\n<\/tr>\n<tr>\n<td>Po ly\u017eov\u00e1n\u00ed<\/td>\n<td>R\u016fzn\u00e9 bary a restaurace<\/td>\n<\/tr>\n<\/tbody>\n<\/table>\n<article>\n<\/article>","protected":false},"excerpt":{"rendered":"<p>Thredbo, zasazen\u00e9 v Zasn\u011b\u017een\u00fdch hor\u00e1ch Nov\u00e9ho Ji\u017en\u00edho Walesu v Austr\u00e1lii, je malebn\u00e1 vesnice se slavn\u00fdm ly\u017ea\u0159sk\u00fdm st\u0159ediskem. Dostanete se k n\u00ed po Alpsk\u00e9 stezce z Coomy, Berridale a Jindabyne a le\u017e\u00ed zhruba 500 kilometr\u016f ji\u017en\u011b od Sydney. Vesnice le\u017e\u00ed na \u00fapat\u00ed poho\u0159\u00ed Ramshead Range v \u00fadol\u00ed \u0159eky Thredbo \u2013 zn\u00e1m\u00e9 tak\u00e9 jako \u0159eka Crackenback. D\u00edky tomuto m\u00edstu je Thredbo v\u00fdznamnou zimn\u00ed i letn\u00ed destinac\u00ed s \u00fa\u017easnou p\u0159\u00edrodn\u00ed kr\u00e1sou.<\/p>","protected":false},"author":1,"featured_media":3673,"parent":9806,"menu_order":0,"comment_status":"closed","ping_status":"closed","template":"elementor_theme","meta":{"_eb_attr":"","footnotes":""},"class_list":["post-9957","page","type-page","status-publish","has-post-thumbnail"],"_links":{"self":[{"href":"https:\/\/travelshelper.com\/cs\/wp-json\/wp\/v2\/pages\/9957","targetHints":{"allow":["GET"]}}],"collection":[{"href":"https:\/\/travelshelper.com\/cs\/wp-json\/wp\/v2\/pages"}],"about":[{"href":"https:\/\/travelshelper.com\/cs\/wp-json\/wp\/v2\/types\/page"}],"author":[{"embeddable":true,"href":"https:\/\/travelshelper.com\/cs\/wp-json\/wp\/v2\/users\/1"}],"replies":[{"embeddable":true,"href":"https:\/\/travelshelper.com\/cs\/wp-json\/wp\/v2\/comments?post=9957"}],"version-history":[{"count":0,"href":"https:\/\/travelshelper.com\/cs\/wp-json\/wp\/v2\/pages\/9957\/revisions"}],"up":[{"embeddable":true,"href":"https:\/\/travelshelper.com\/cs\/wp-json\/wp\/v2\/pages\/9806"}],"wp:featuredmedia":[{"embeddable":true,"href":"https:\/\/travelshelper.com\/cs\/wp-json\/wp\/v2\/media\/3673"}],"wp:attachment":[{"href":"https:\/\/travelshelper.com\/cs\/wp-json\/wp\/v2\/media?parent=9957"}],"curies":[{"name":"wp","href":"https:\/\/api.w.org\/{rel}","templated":true}]}}