{"id":9831,"date":"2024-09-09T09:48:01","date_gmt":"2024-09-09T09:48:01","guid":{"rendered":"https:\/\/travelshelper.com\/staging\/?page_id=9831"},"modified":"2026-03-13T21:41:29","modified_gmt":"2026-03-13T21:41:29","slug":"perth","status":"publish","type":"page","link":"https:\/\/travelshelper.com\/cs\/destinations\/australia-and-oceania\/australia\/perth\/","title":{"rendered":"Perth"},"content":{"rendered":"<p>Perth, hlavn\u00ed m\u011bsto Z\u00e1padn\u00ed Austr\u00e1lie, le\u017e\u00ed pobl\u00ed\u017e \u00fast\u00ed \u0159eky Swan na z\u00e1padn\u00edm pob\u0159e\u017e\u00ed Austr\u00e1lie. M\u011bsto sluncem zalit\u00fdch bulv\u00e1r\u016f a vo\u0148av\u00fdch eukalyptov\u00fdch zahrad se t\u00e1hne pod\u00e9l Indick\u00e9ho oce\u00e1nu s tropick\u00fdm podneb\u00edm, hork\u00fdmi l\u00e9ty a m\u00edrn\u00fdmi zimami. V roce 2023 \u017eilo v oblasti Velk\u00e9ho Perthu p\u0159es 2,3 milionu obyvatel, co\u017e z n\u011bj \u010din\u00ed \u010dtvrtou nejv\u011bt\u0161\u00ed metropoli Austr\u00e1lie. \u010casto se mu \u0159\u00edk\u00e1 nejizolovan\u011bj\u0161\u00ed velk\u00e9 m\u011bsto sv\u011bta \u2013 od v\u011bt\u0161\u00edho m\u011bsta je vzd\u00e1len\u00e9 p\u0159es 2 000 km \u2013 co\u017e Perthu d\u00e1v\u00e1 jedine\u010dn\u00fd, o n\u011bco pomalej\u0161\u00ed charakter. Mrakodrapy centr\u00e1ln\u00ed obchodn\u00ed \u010dtvrti se prudce ty\u010d\u00ed ze zelen\u00e9 pob\u0159e\u017en\u00ed pl\u00e1n\u011b Swan, za n\u00ed\u017e se na v\u00fdchod\u011b ty\u010d\u00ed starobyl\u00fd Darling Scarp. Krajinu dotv\u00e1\u0159ej\u00ed \u0161irok\u00e9 pl\u00e1\u017ee (jako slavn\u00e1 pl\u00e1\u017e Cottesloe) a klidn\u00e1 \u0159eka Swan; Kings Park (rozlehl\u00e1 botanick\u00e1 zahrada v centru m\u011bsta) nab\u00edz\u00ed obrovsk\u00e9 plochy k\u0159ovin p\u0159\u00edmo naproti m\u011bstsk\u00e9mu j\u00e1dru. Perth je \u010dist\u00fd a vzdu\u0161n\u00fd, jeho sv\u011btlo je pod t\u00e9m\u011b\u0159 neust\u00e1l\u00fdm slune\u010dn\u00edm svitem z\u00e1\u0159iv\u00e9.<\/p>\n<p>Dnes metropolitn\u00ed populace Perthu p\u0159esahuje 2,3 milionu lid\u00ed, co\u017e odr\u00e1\u017e\u00ed siln\u00fd r\u016fst v d\u016fsledku migrace a prosperuj\u00edc\u00ed ekonomiky. M\u011bsto je vysoce multikulturn\u00ed: zhruba 45 % obyvatel se narodilo v zahrani\u010d\u00ed, s v\u00fdznamn\u00fdmi komunitami z Anglie, Indie, \u010c\u00edny, Nov\u00e9ho Z\u00e9landu a dal\u0161\u00edch zem\u00ed. Ekonomice Perthu dominuje t\u011b\u017eba a zdroje (Z\u00e1padn\u00ed Austr\u00e1lie poskytuje velkou \u010d\u00e1st n\u00e1rodn\u00edho exportu nerostn\u00fdch surovin a LNG) a profesion\u00e1ln\u00ed slu\u017eby. Na panoramatu m\u011bsta se nach\u00e1zej\u00ed s\u00eddla t\u011b\u017eebn\u00edch firem, lodn\u00ed dopravy, financ\u00ed, technologi\u00ed a vzd\u011bl\u00e1v\u00e1n\u00ed. Perth se pravideln\u011b \u0159ad\u00ed mezi nej\u201eobyvateln\u011bj\u0161\u00ed\u201c m\u011bsta sv\u011bta a je klasifikov\u00e1n jako glob\u00e1ln\u00ed m\u011bsto Alfa, \u010d\u00e1ste\u010dn\u011b d\u00edky sv\u00e9mu vysok\u00e9mu HDP na obyvatele. Kl\u00ed\u010dov\u00fd je tak\u00e9 cestovn\u00ed ruch: n\u00e1v\u0161t\u011bvn\u00edci se hrnou, aby si u\u017eili n\u00e1b\u0159e\u017e\u00ed, pl\u00e1\u017ee a vina\u0159stv\u00ed nedalek\u00e9 \u0159eky Margaret, a tak\u00e9 m\u011bstsk\u00e9 atrakce.<\/p>\n<p>Samotn\u00e9 m\u011bsto je relativn\u011b rozlehl\u00e9 (celkov\u00e1 plocha je p\u0159ibli\u017en\u011b 6 418 km\u00b2) s dob\u0159e rozvinut\u00fdm syst\u00e9mem ve\u0159ejn\u00e9 dopravy. Jeho ofici\u00e1ln\u00ed historie sah\u00e1 a\u017e do roku 1829, kdy zde kapit\u00e1n James Stirling zalo\u017eil kolonii Swan River Colony, ale skute\u010dn\u00fd p\u016fvod Perthu sah\u00e1 a\u017e do des\u00edtek tis\u00edc let os\u00eddlen\u00ed t\u00e9to oblasti domorod\u00fdmi obyvateli Noongary. Dnes je m\u011bsto rozd\u011bleno do 30 m\u00edstn\u00edch samospr\u00e1v s v\u00edce ne\u017e 350 p\u0159edm\u011bst\u00edmi. Ekonomika Perthu je zhruba vyv\u00e1\u017een\u00e1 mezi zdroji a slu\u017ebami; HDP st\u00e1tu se v roce 2019 pohyboval kolem 260 miliard australsk\u00fdch dolar\u016f (17,5 % HDP Austr\u00e1lie). Mezi hlavn\u00ed pr\u016fmyslov\u00e1 odv\u011btv\u00ed pat\u0159\u00ed \u017eelezn\u00e1 ruda, zlato, oxid hlinit\u00fd a energetika, stejn\u011b jako v\u00fdroba, finance a cestovn\u00ed ruch.<\/p>\n<p>Perth le\u017e\u00ed na z\u00e1padn\u00edm okraji Austr\u00e1lie a om\u00fdv\u00e1 ho Indick\u00fd oce\u00e1n. Na v\u00fdchod\u011b se rozkl\u00e1d\u00e1 zvln\u011bn\u00e9 poho\u0159\u00ed Darling Range (lesy Jarrah a Marri). \u0160ir\u0161\u00ed jihoz\u00e1padn\u00ed oblast Z\u00e1padn\u00ed Austr\u00e1lie je zn\u00e1m\u00e1 sv\u00fdmi k\u0159ovinami a vina\u0159stv\u00edmi; na severu le\u017e\u00ed rozlehl\u00e1, such\u00e1 savana. Pob\u0159e\u017en\u00ed poloha m\u00edrn\u00ed klima Perthu: l\u00e9ta mohou b\u00fdt hork\u00e1 (denn\u00ed teploty a\u017e 35\u201340 \u00b0C), ale mo\u0159sk\u00fd v\u00e1nek \u010dasto ochlazuje odpoledne. Zimn\u00ed teploty klesaj\u00ed v pr\u016fm\u011bru na 8\u201310 \u00b0C. Pr\u0161\u00ed obvykle v zim\u011b a na ja\u0159e (ro\u010dn\u00ed sr\u00e1\u017eky zhruba 731 mm). \u0158eka Swan \u2013 \u010dasto pozorovan\u00e1 z perthsk\u00e9ho Kings Parku \u2013 se vine m\u011bstem, ne\u017e se roz\u0161\u00ed\u0159\u00ed do p\u0159\u00edstavu ve Fremantle. Fremantle, kter\u00fd le\u017e\u00ed hned po proudu \u0159eky, si zachov\u00e1v\u00e1 historick\u00fd p\u0159\u00edstavn\u00ed charakter s budovami z 19. stolet\u00ed a \u017eiv\u00fdm trhem. D\u00e1le ve vnitrozem\u00ed klima rychle ustupuje p\u0161eni\u010dn\u00fdm pol\u00edm, vinic\u00edm a k\u0159ov\u00ed.<\/p>\n<p>Odd\u011blenost Perthu od ostatn\u00edch velk\u00fdch m\u011bst mu d\u00e1v\u00e1 pocit pohrani\u010dn\u00edho prostoru. Nach\u00e1z\u00ed se 3 845 km od Sydney, 4 238 km od Brisbane a po sou\u0161i je je\u0161t\u011b d\u00e1le od Evropy nebo Asie. P\u0159esto le\u017e\u00ed zhruba na stejn\u00e9 zem\u011bpisn\u00e9 \u0161\u00ed\u0159ce jako Casablanca v Maroku, co\u017e m\u00e1 za n\u00e1sledek dlouh\u00e9 letn\u00ed dny. Navzdory sv\u00e9 vzd\u00e1lenosti p\u016fsob\u00ed Perth dojmem, \u017ee je orientov\u00e1n v zahrani\u010d\u00ed; p\u0159\u00edstav odbavuje v\u00fdznamn\u00fd mezin\u00e1rodn\u00ed obchod a m\u011bsto udr\u017euje p\u0159\u00edm\u00e9 lety do destinac\u00ed v Asii, na Bl\u00edzk\u00e9m v\u00fdchod\u011b a dokonce i v Africe.<\/p>\n<p>Historie Perthu prol\u00edn\u00e1 domorod\u00e9 d\u011bdictv\u00ed s koloni\u00e1ln\u00edm podnik\u00e1n\u00edm. Oblast le\u017e\u00ed na rodov\u00e9 p\u016fd\u011b kmene Whadjuk Noongar, kter\u00fd ji naz\u00fdval Boorloo. Evrop\u0161t\u00ed osadn\u00edci dorazili v roce 1829 v \u010dele s kapit\u00e1nem Stirlingem a zalo\u017eili kolonii Swan River. Prvn\u00ed l\u00e9ta byla chud\u00e1, osadn\u00edci se p\u0159i stavb\u011b m\u011bsta spol\u00e9hali na zem\u011bd\u011blstv\u00ed a pr\u00e1ci trestanc\u016f (od roku 1850). Perth byl ofici\u00e1ln\u011b prohl\u00e1\u0161en m\u011bstem v roce 1856 a jeho osud se dramaticky zlep\u0161il s objevy zlata v Z\u00e1padn\u00ed Austr\u00e1lii na konci 19. stolet\u00ed \u2013 tato zlat\u00e1 hore\u010dka podn\u00edtila rychl\u00fd r\u016fst populace a bohatstv\u00ed.<\/p>\n<p>Ve 20. stolet\u00ed se Perth neust\u00e1le modernizoval. Velk\u00e9 in\u017een\u00fdrsk\u00e9 projekty, jako jsou p\u0159ehrady a zavla\u017eov\u00e1n\u00ed, otev\u0159ely zem\u011bd\u011blskou krajinu, zat\u00edmco v polovin\u011b stolet\u00ed migranti z Brit\u00e1nie a Evropy vnesli do m\u011bsta nov\u00e9 kultury. Pov\u00e1le\u010dn\u00fd Perth z\u016fstal pon\u011bkud izolovan\u00fd a\u017e do 60. a 70. let 20. stolet\u00ed, kdy rozmach t\u011b\u017eby nerost\u016f (nap\u0159\u00edklad \u017eelezn\u00e9 rudy v Pilbara) transformoval ekonomiku. V posledn\u00edch desetilet\u00edch se Perth rozvinul v glob\u00e1ln\u011b propojen\u00e9 m\u011bsto. Konaly se zde mezin\u00e1rodn\u00ed akce, jako nap\u0159\u00edklad jachta\u0159sk\u00e9 olympijsk\u00e9 hry v roce 2000 a fin\u00e1le mistrovstv\u00ed sv\u011bta ve fotbale \u017een ve fotbale v roce 2023. P\u0159esto se dochovalo mnoho historick\u00fdch \u010dtvrt\u00ed \u2013 Albany Highway a Guildford Road odr\u00e1\u017eej\u00ed vzorce ran\u00fdch osadn\u00edk\u016f, zat\u00edmco p\u0159\u00edstavn\u00ed are\u00e1l ve Fremantle zachov\u00e1v\u00e1 zdivo z doby trestanc\u016f. Dnes pam\u011btn\u00ed desky a mal\u00e1 muzea p\u0159ipom\u00ednaj\u00ed d\u011bdictv\u00ed Noongar\u016f, ran\u00e9 objevov\u00e1n\u00ed (Cookovo vylod\u011bn\u00ed v Botany Bay a Phillipova plavba sem dorazila) a postupn\u00e9 roz\u0161i\u0159ov\u00e1n\u00ed m\u011bsta pod\u00e9l \u0159eky Swan.<\/p>\n<p>Perthov\u00e9 si u\u017e\u00edvaj\u00ed \u017eivotn\u00ed styl definovan\u00fd p\u0159\u00edrodou, kulturou a pohodou. Tempo \u017eivota je \u010dasto popisov\u00e1no jako uvoln\u011bn\u011bj\u0161\u00ed ne\u017e ve v\u00fdchodn\u00edch metropol\u00edch; jen z\u0159\u00eddka sly\u0161\u00edme o davech v dopravn\u00ed \u0161pi\u010dce, kter\u00e9 by m\u011bsto ochromily. M\u00edstn\u00ed jsou p\u0159\u00e1tel\u0161t\u00ed a neform\u00e1ln\u00ed. Kdy\u017e vejdete do kav\u00e1rny, je norm\u00e1ln\u00ed pozdravit baristu \u201eAhoj\u201c nebo \u201eDobr\u00fd den\u201c a zeptat se na v\u00edkendov\u00e9 surfov\u00e1n\u00ed. K\u00e1vov\u00e1 kultura je siln\u00e1 \u2013 Perthov\u00e9 berou sv\u00e9 flat white a avok\u00e1do na toastu v\u00e1\u017en\u011b. M\u011bsto sjednocuje i sport, s v\u00e1\u0161nivou podporou australsk\u00e9ho fotbalu (t\u00fdmy AFL jako West Coast Eagles a Fremantle Dockers jsou sou\u010d\u00e1st\u00ed ka\u017edodenn\u00edho rozhovoru).<\/p>\n<p>Angli\u010dtina je b\u011b\u017en\u00fdm jazykem, ale Perth je v\u00edcejazy\u010dn\u00fd. Mnoho rodin mluv\u00ed doma kantonsky, malabar\u0161tina, ital\u0161tinou nebo jazyky domorod\u00fdch obyvatel. Domorod\u00e1 kultura je hrd\u011b oslavov\u00e1na; nap\u0159\u00edklad ka\u017edoro\u010dn\u00ed Perthsk\u00fd festival (koncem l\u00e9ta) \u010dasto zahrnuje akce, kter\u00e9 zd\u016fraz\u0148uj\u00ed p\u0159\u00edb\u011bhy a um\u011bn\u00ed Noongar\u016f. Festival Everlasting Kings Park v z\u00e1\u0159\u00ed p\u0159itahuje davy v\u00fdstavami a prohl\u00eddkami, kter\u00e9 p\u0159edstavuj\u00ed jedine\u010dn\u00e9 divok\u00e9 kv\u011btiny Z\u00e1padn\u00ed Austr\u00e1lie. Jinde festival Midsumma a Pride March odr\u00e1\u017eej\u00ed LGBT komunitu v Perthu, zat\u00edmco v\u00fdstava Sculpture by the Sea na pl\u00e1\u017ei Cottesloe (ka\u017ed\u00fd leden) prom\u011bn\u00ed pob\u0159e\u017e\u00ed v galerii pod \u0161ir\u00fdm nebem. Celoro\u010dn\u011b se v okol\u00ed Elizabeth Quay a Yagan Square konaj\u00ed komunitn\u00ed akce, od farm\u00e1\u0159sk\u00fdch trh\u016f a\u017e po novoro\u010dn\u00ed oh\u0148ostroje, kter\u00e9 podtrhuj\u00ed spole\u010dnou, slavnostn\u00ed atmosf\u00e9ru.<\/p>\n<p>Um\u011bn\u00ed a no\u010dn\u00ed \u017eivot se shlukuj\u00ed pobl\u00ed\u017e Northbridge a Mount Lawley, kde uli\u010dky pouli\u010dn\u00edho um\u011bn\u00ed vedou k hudebn\u00edm klub\u016fm a \u0159emesln\u00fdm pivovar\u016fm. P\u0159edm\u011bst\u00ed jsou naopak klidn\u00e1: ve\u010dery mohou kon\u010dit grilov\u00e1n\u00edm na zahrad\u011b nebo koup\u00e1n\u00edm v p\u00edsku p\u0159i z\u00e1padu slunce. Star\u00e9 a nov\u00e9 tradice se zde snoub\u00ed: v televizi m\u016f\u017eete sledovat fotbalov\u00fd z\u00e1pas Fremantle FC A-League a pak si vyj\u00edt ven poslechnout didgeridoo na m\u00edstn\u00edm festivalu. V centru Perthu se nad historick\u00fdm p\u00edskovcem t\u0159pyt\u00ed sklen\u011bn\u00e9 mrakodrapy (nap\u0159. Perth Mint, radnice), zat\u00edmco parky jako Kings Park vyb\u00edzej\u00ed ke kontemplaci starobyl\u00e9 krajiny. Celkov\u011b vzato p\u016fsob\u00ed perthsk\u00e1 kultura eklektick\u00e1 a neusp\u011bchan\u00e1 \u2013 kosmopolitn\u00ed, ale z\u00e1rove\u0148 s v\u00fdraznou z\u00e1padoaustralskou pohostinnost\u00ed.<\/p>\n<p>N\u00e1v\u0161t\u011bvn\u00edci Perthu najdou nep\u0159ebern\u00e9 mno\u017estv\u00ed pam\u00e1tek, kter\u00e9 mus\u00edte vid\u011bt. Kings Park a botanick\u00e1 zahrada jsou obl\u00edben\u00e9 m\u00edsto \u2013 jeden z nejv\u011bt\u0161\u00edch park\u016f v centru m\u011bsta na sv\u011bt\u011b. Jeho stezky v korun\u00e1ch strom\u016f a kv\u011btinov\u00e9 z\u00e1hony nab\u00edzej\u00ed panoramatick\u00fd v\u00fdhled na panorama m\u011bsta a \u0159eku. P\u0159\u00edmo pod nimi, na pob\u0159e\u017e\u00ed Perthu (ji\u017en\u00ed pob\u0159e\u017e\u00ed Perthu neboli Matilda Bay), si n\u00e1v\u0161t\u011bvn\u00edci mohou pono\u0159it nohy do \u0159eky Swan nebo si ud\u011blat piknik pod p\u016fvodn\u00edmi eukalypty. Pl\u00e1\u017e Cottesloe s oran\u017eov\u00fdm v\u00e1pencov\u00fdm \u00fatesem a molem je od m\u011bsta vzd\u00e1len\u00e1 jen kousek j\u00edzdy a je proslul\u00e1 koup\u00e1n\u00edm a z\u00e1pady slunce.<\/p>\n<p>Mezi pam\u00e1tky m\u011bsta pat\u0159\u00ed zvonice (socha\u0159sk\u00e1 zvonice s historick\u00fdmi perthsk\u00fdmi zvony) a historick\u00e9 budovy, jako je Galerie um\u011bn\u00ed Z\u00e1padn\u00ed Austr\u00e1lie a Muzeum Z\u00e1padn\u00ed Austr\u00e1lie (Boola Bardip). Milovn\u00edci j\u00eddla si pochutnaj\u00ed na ryb\u00edch trz\u00edch Fishermen&#039;s Co-op ve Fremantle a na sv\u011btozn\u00e1m\u00e9 prohl\u00eddce v\u011bznice Fremantle (zapsan\u00e9 na seznamu sv\u011btov\u00e9ho d\u011bdictv\u00ed UNESCO). L\u00e1kadlem jsou tak\u00e9 nedalek\u00e1 vina\u0159stv\u00ed a \u0159emesln\u00e9 pivovary. Kulturn\u00ed centrum v Perthu host\u00ed divadla, galerie a ka\u017edoro\u010dn\u00ed festival Fringe World. Perthsk\u00e1 p\u0159\u00edmo\u0159sk\u00e1 krajina pokra\u010duje ostrovem Rottnest (dosa\u017eiteln\u00fd trajektem), ide\u00e1ln\u00edm m\u00edstem pro odpo\u010dinek na mo\u0159i, kter\u00e9 je proslul\u00e9 quokkami a \u0161norchlov\u00e1n\u00edm.<\/p>\n<p>Dobrodruzi mohou surfovat na pl\u00e1\u017ei Scarborough Beach, jezdit na kajaku po \u0159ece Swan nebo vyl\u00e9zt na t\u00e9m\u011b\u0159 100 metr\u016f vysokou DNA v\u011b\u017e v King&#039;s Parku odkud se odhaluj\u00ed m\u011bstsk\u00e9 s\u00edt\u011b. V zim\u011b je jedine\u010dnou pod\u00edvanou vz\u00e1cn\u00fd p\u0159\u00edchod ji\u017en\u00edch velryb ve vod\u00e1ch Z\u00e1padn\u00ed Austr\u00e1lie. Dojemn\u00fd z\u00e1\u017eitek s domorod\u00fdmi obyvateli za\u017eijete n\u00e1v\u0161t\u011bvou stezky sn\u016f Nyungar Njookenbooroo v Kings Parku nebo v galerii um\u011bn\u00ed Z\u00e1padn\u00ed Austr\u00e1lie, kter\u00e1 se v\u011bnuje sb\u00edrce domorod\u00e9ho um\u011bn\u00ed.<\/p>\n<p>Stru\u010dn\u011b \u0159e\u010deno, Perth nab\u00edz\u00ed sm\u011bsici m\u011bstsk\u00fdch a p\u0159\u00edrodn\u00edch atrakc\u00ed. A\u0165 u\u017e se proch\u00e1z\u00edte pod perthskou poledn\u00ed duhou (led\u0148\u00e1\u010dek b\u011blohlav\u00fd) nebo si zab\u011bh\u00e1te pod\u00e9l \u0159eky p\u0159i v\u00fdchodu slunce, m\u011bsto vyu\u017e\u00edv\u00e1 sv\u00e9ho sluncem zalit\u00e9ho klimatu a p\u0159\u00edstavu k vytvo\u0159en\u00ed outdoorov\u00e9ho \u017eivotn\u00edho stylu sv\u011btov\u00e9 \u00farovn\u011b. Jeho hlavn\u00edmi atrakcemi nejsou jen zaj\u00edmav\u00e1 m\u00edsta, ale tak\u00e9 komunitn\u00ed prostory \u2013 parky, pl\u00e1\u017ee, muzea a festivaly, kde o\u017e\u00edv\u00e1 m\u00edstn\u00ed r\u00e1z.<\/p>\n<p>Hlavn\u00ed leti\u0161t\u011b v Perthu je Perth Airport (Kingsford Smith International), kter\u00e9 m\u00e1 dobr\u00e9 spojen\u00ed do cel\u00e9ho sv\u011bta i vnitrost\u00e1tn\u011b. Lety z Asie, Evropy a v\u00fdchodn\u00edch Spojen\u00fdch st\u00e1t\u016f p\u0159il\u00e9taj\u00ed denn\u011b. Z leti\u0161t\u011b do centra m\u011bsta jezd\u00ed \u010dasto vlaky (linie Airport Line) (cesta do centra Perthu trv\u00e1 p\u0159ibli\u017en\u011b 40 minut). Hlavn\u00ed d\u00e1lnice tak\u00e9 spojuj\u00ed Perth s dal\u0161\u00edmi regiony Z\u00e1padn\u00ed Austr\u00e1lie (nap\u0159\u00edklad d\u00e1lnice Mitchell Freeway na sever do pl\u00e1\u017eov\u00fdch p\u0159edm\u011bst\u00ed nebo Great Eastern Highway sm\u011brem k pou\u0161ti).<\/p>\n<p>Ve m\u011bst\u011b pokr\u00fdv\u00e1 v\u011bt\u0161inu oblast\u00ed modern\u00ed \u017eelezni\u010dn\u00ed a autobusov\u00e1 s\u00ed\u0165. Mal\u00e1 s\u00ed\u0165 v centru m\u011bsta je vhodn\u00e1 pro p\u011b\u0161\u00ed turistiku, zejm\u00e9na kolem Elizabeth Quay, centr\u00e1ln\u00ed obchodn\u00ed \u010dtvrti a Northbridge. \u0158eku p\u0159ekra\u010duj\u00ed trajekty (do South Perthu a Fremantle) a bezplatn\u00e1 autobusov\u00e1 doprava CAT obj\u00ed\u017ed\u00ed centr\u00e1ln\u00ed oblasti. \u0158\u00edzen\u00ed je po lev\u00e9 stran\u011b p\u0159\u00edmo\u010dar\u00e9, i kdy\u017e rozpt\u00fdlen\u00ed po p\u0159\u00edm\u011bstsk\u00fdch oblastech m\u016f\u017ee v\u00e9st k dlouh\u00fdm vzd\u00e1lenostem. Provoz je obecn\u011b slab\u0161\u00ed ne\u017e ve v\u00fdchodn\u00edch australsk\u00fdch m\u011bstech, s v\u00fdjimkou p\u0159et\u00ed\u017een\u00fdch koridor\u016f ve \u0161pi\u010dce. \u0158idi\u010di by si m\u011bli d\u00e1vat pozor na mnoho kruhov\u00fdch objezd\u016f v Perthu a ob\u010dasn\u00e9 klokany za \u00fasvitu nebo soumraku za m\u011bstem.<\/p>\n<p>Pertherov\u00e9 pou\u017e\u00edvaj\u00ed australsk\u00fd dolar (AUD) stejn\u011b jako v\u0161ude v Austr\u00e1lii. Angli\u010dtina sta\u010d\u00ed, ale p\u00e1r slov z noongar\u0161tiny, jako nap\u0159\u00edklad <em>boodjar<\/em> (pozemek) nebo <em>mrtvola<\/em> (b\u00edl\u00fd kakadu) ukazuje m\u00edstn\u00ed d\u011bdictv\u00ed. Etiketa je zdvo\u0159il\u00e1 a neform\u00e1ln\u00ed: obvykle se m\u00e1v\u00e1 na \u0159idi\u010de, pozdravuje se s obchodn\u00edky a \u010dek\u00e1 se na p\u0159echodech pro chodce, ne\u017e se zastav\u00ed provoz. Spropitn\u00e9 se neo\u010dek\u00e1v\u00e1, i kdy\u017e drobn\u00e9 za dobrou obsluhu v restaurac\u00edch nebo hotelech jsou v\u00edt\u00e1ny. Slunce je intenzivn\u00ed po cel\u00fd rok; doporu\u010duj\u00ed se \u0161irok\u00e9 klobouky a opalovac\u00ed kr\u00e9m s SPF 50, a to i za zata\u017een\u00fdch dn\u016f. Z bezpe\u010dnostn\u00edho hlediska je Perth velmi bezpe\u010dn\u00fd \u2013 m\u00edra kriminality je na m\u011bsto sv\u00e9 velikosti n\u00edzk\u00e1 \u2013 ale i tak je t\u0159eba pou\u017e\u00edvat selsk\u00fd rozum p\u0159i v\u00fdb\u011bru osobn\u00edch v\u011bc\u00ed v davech nebo p\u0159i no\u010dn\u00edch proch\u00e1zk\u00e1ch v klidn\u00fdch oblastech. Stejn\u011b jako ve v\u011bt\u0161in\u011b Austr\u00e1lie nep\u0159edstavuje divok\u00e1 zv\u011b\u0159 v samotn\u00e9m m\u011bst\u011b men\u0161\u00ed nebezpe\u010d\u00ed (i kdy\u017e si dejte pozor na hady a pavouky v okol\u00ed k\u0159ov\u00ed).<\/p>\n<p>Perth host\u00ed n\u011bkolik st\u00e1tn\u00edch sv\u00e1tk\u016f oslavovan\u00fdch po cel\u00e9m st\u00e1t\u011b (nap\u0159. Den Z\u00e1padn\u00ed Austr\u00e1lie v \u010dervnu). V tyto dny mnoho podnik\u016f zav\u00edr\u00e1 nebo otev\u00edr\u00e1 pozd\u011bji, zejm\u00e9na men\u0161\u00ed obchody. Australan\u00e9 jsou zn\u00e1m\u00ed svou skromnost\u00ed: normy v obl\u00e9k\u00e1n\u00ed jsou v l\u00e9t\u011b pl\u00e1\u017eov\u011b le\u017e\u00e9rn\u00ed (p\u0159es den plavky), ale jinde elegantn\u011b le\u017e\u00e9rn\u00ed (kab\u00e1ty a kravaty nejsou pot\u0159eba, pokud nenav\u0161t\u011bvujete luxusn\u00ed podniky). Opalovac\u00ed kr\u00e9m a hydratace jsou v such\u00e9m horku v Perthu z\u00e1sadn\u00ed; v l\u00e9t\u011b hledejte st\u00edn kolem poledne. A kone\u010dn\u011b, proto\u017ee se jedn\u00e1 o b\u00fdvalou britskou kolonii, je zde form\u00e1ln\u011b uzn\u00e1v\u00e1na kultura domorod\u00fdch obyvatel: na akc\u00edch lze sly\u0161et projevy \u201eV\u00edtejte v zemi\u201c a n\u00e1v\u0161t\u011bvn\u00edci by m\u011bli respektovat posv\u00e1tn\u00e1 m\u00edsta (fotografov\u00e1n\u00ed je tam \u010dasto zak\u00e1z\u00e1no).<\/p>\n<p>Celkov\u011b vzato je Perth snadno dostupn\u00e9 m\u011bsto. Po p\u0159\u00edjezdu je aklimatizace tak jednoduch\u00e1, jako se proj\u00edt pod\u00e9l \u0159eky nebo si zaplavat na b\u0159ehu. Atmosf\u00e9ra je p\u0159\u00e1telsk\u00e1 a m\u00edstn\u00ed se obvykle r\u00e1di pod\u011bl\u00ed o tipy na skryt\u00e9 z\u00e1toky nebo obl\u00edben\u00e9 kav\u00e1rny. Perth se svou sm\u011bsic\u00ed modern\u00edho pohodl\u00ed a p\u0159\u00edrodn\u00ed kr\u00e1sy nab\u00edz\u00ed cestovatel\u016fm jak rytmus pulzuj\u00edc\u00edho m\u011bsta, tak klid oce\u00e1nu a bu\u0161e na prahu.<\/p>","protected":false},"excerpt":{"rendered":"<p>Perth, v jazyce nyungar\u0161tina ozna\u010dovan\u00fd jako Boorloo, je hlavn\u00edm m\u011bstem Z\u00e1padn\u00ed Austr\u00e1lie a \u010dtvrt\u00fdm nejlidnat\u011bj\u0161\u00edm m\u011bstem v zemi. Velk\u00fd Perth s populac\u00ed v\u00edce ne\u017e 2,3 milionu v roce 2023 je dynamick\u00e1 metropole s historick\u00fdm, kulturn\u00edm a ekonomick\u00fdm v\u00fdznamem. Metropolitn\u00ed oblast Perthu, zasazen\u00e1 do jihoz\u00e1padn\u00ed \u010d\u00e1sti Z\u00e1padn\u00ed Austr\u00e1lie, se t\u00e1hne p\u0159es pob\u0159e\u017en\u00ed n\u00ed\u017einu Swan, obklopenou z v\u00fdchodu Darlingsk\u00fdm \u00fatesem a ze z\u00e1padu Indick\u00fdm oce\u00e1nem. Od po\u010d\u00e1tk\u016f Perthu jako britsk\u00e9 kolonie na \u0159ece Swan a\u017e po jeho sou\u010dasn\u00e9 postaven\u00ed jako pulzuj\u00edc\u00edho metropolitn\u00edho centra byl r\u016fst a rozvoj Perthu formov\u00e1n touto neobvyklou topografi\u00ed.<\/p>","protected":false},"author":1,"featured_media":4621,"parent":9806,"menu_order":0,"comment_status":"closed","ping_status":"closed","template":"elementor_theme","meta":{"_eb_attr":"","footnotes":""},"class_list":["post-9831","page","type-page","status-publish","has-post-thumbnail"],"_links":{"self":[{"href":"https:\/\/travelshelper.com\/cs\/wp-json\/wp\/v2\/pages\/9831","targetHints":{"allow":["GET"]}}],"collection":[{"href":"https:\/\/travelshelper.com\/cs\/wp-json\/wp\/v2\/pages"}],"about":[{"href":"https:\/\/travelshelper.com\/cs\/wp-json\/wp\/v2\/types\/page"}],"author":[{"embeddable":true,"href":"https:\/\/travelshelper.com\/cs\/wp-json\/wp\/v2\/users\/1"}],"replies":[{"embeddable":true,"href":"https:\/\/travelshelper.com\/cs\/wp-json\/wp\/v2\/comments?post=9831"}],"version-history":[{"count":0,"href":"https:\/\/travelshelper.com\/cs\/wp-json\/wp\/v2\/pages\/9831\/revisions"}],"up":[{"embeddable":true,"href":"https:\/\/travelshelper.com\/cs\/wp-json\/wp\/v2\/pages\/9806"}],"wp:featuredmedia":[{"embeddable":true,"href":"https:\/\/travelshelper.com\/cs\/wp-json\/wp\/v2\/media\/4621"}],"wp:attachment":[{"href":"https:\/\/travelshelper.com\/cs\/wp-json\/wp\/v2\/media?parent=9831"}],"curies":[{"name":"wp","href":"https:\/\/api.w.org\/{rel}","templated":true}]}}