{"id":9824,"date":"2024-09-09T00:31:47","date_gmt":"2024-09-09T00:31:47","guid":{"rendered":"https:\/\/travelshelper.com\/staging\/?page_id=9824"},"modified":"2026-03-13T21:41:46","modified_gmt":"2026-03-13T21:41:46","slug":"lyzarske-stredisko-perisher","status":"publish","type":"page","link":"https:\/\/travelshelper.com\/cs\/destinations\/australia-and-oceania\/australia\/perisher\/","title":{"rendered":"Ly\u017ea\u0159sk\u00e9 st\u0159edisko Perisher"},"content":{"rendered":"<p>V zasn\u011b\u017een\u00fdch hor\u00e1ch Nov\u00e9ho Ji\u017en\u00edho Walesu se mezi svahy von\u00edc\u00edmi eukalyptem rozkl\u00e1d\u00e1 ly\u017ea\u0159sk\u00e9 st\u0159edisko Perisher pod \u0161irokou zimn\u00ed oblohou. Tento vysokohorsk\u00fd alpsk\u00fd komplex, posazen\u00fd v nadmo\u0159sk\u00e9 v\u00fd\u0161ce asi 1 720 m a ty\u010d\u00edc\u00ed se do nadmo\u0159sk\u00e9 v\u00fd\u0161ky p\u0159es 2 000 m, se rozkl\u00e1d\u00e1 na plo\u0161e zhruba 12 kilometr\u016f \u010dtvere\u010dn\u00edch a spojuje \u010dty\u0159i vesnice \u2013 Perisher Valley, Smiggin Holes, Guthega a Blue Cow. S p\u011bta\u010dty\u0159iceti vleky, kter\u00e9 se vine lesy a sn\u011bhov\u00fdmi poli, nab\u00edz\u00ed Perisher mozaiku m\u00edrn\u00fdch sjezdovek a strm\u011bj\u0161\u00edch m\u00fdtin. Bez p\u0159eh\u00e1n\u011bn\u00ed lze \u0159\u00edci, \u017ee Perisher je \u201enejv\u011bt\u0161\u00edm ly\u017ea\u0159sk\u00fdm st\u0159ediskem na ji\u017en\u00ed polokouli\u201c, co\u017e odpov\u00edd\u00e1 jeho rozmanit\u00e9mu ter\u00e9nu a ru\u0161n\u00e9 zimn\u00ed scen\u00e9rii. Stejn\u011b jako mnoho australsk\u00fdch st\u0159edisek se i Perisher spol\u00e9h\u00e1 p\u0159ev\u00e1\u017en\u011b na p\u0159\u00edrodn\u00ed sn\u00edh; n\u00e1v\u0161t\u011bvn\u00edci sem \u010dasto p\u0159ij\u00ed\u017ed\u011bj\u00ed v \u010dervnu a jezd\u00ed a\u017e do z\u00e1\u0159\u00ed, kdy se denn\u00ed teploty pohybuj\u00ed t\u011bsn\u011b nad bodem mrazu.<\/p>\n<p>Samotn\u00e1 vesnice Perisher Valley m\u00e1 jen n\u011bkolik des\u00edtek st\u00e1l\u00fdch obyvatel. Podle australsk\u00e9ho s\u010d\u00edt\u00e1n\u00ed lidu z roku 2021 zde celoro\u010dn\u011b \u017eilo pouze 99 lid\u00ed. V zim\u011b se tento po\u010det zv\u00fd\u0161\u00ed na p\u0159ibli\u017en\u011b 2 500, v\u010detn\u011b ly\u017ea\u0159sk\u00fdch instruktor\u016f, pohostinsk\u00e9ho person\u00e1lu a host\u016f, co\u017e z tohoto m\u00edsta \u010din\u00ed nejru\u0161n\u011bj\u0161\u00ed alpsk\u00e9 centrum v Nov\u00e9m Ji\u017en\u00edm Walesu. M\u00edstn\u00ed ekonomika se to\u010d\u00ed t\u00e9m\u011b\u0159 v\u00fdhradn\u011b kolem cestovn\u00edho ruchu a zimn\u00edch sport\u016f. V\u011bt\u0161inu obyvatel zam\u011bstn\u00e1v\u00e1 ubytov\u00e1n\u00ed, restaurace, ly\u017ea\u0159sk\u00e9 \u0161koly a vleky. Od roku 2015 provozuje Perisher po akvizici za 177 milion\u016f australsk\u00fdch dolar\u016f spole\u010dnost Vail Resorts (americk\u00e1 spole\u010dnost). Tato investice odr\u00e1\u017e\u00ed rozsah Perisheru \u2013 zahrnuje v\u00edce ne\u017e 1 245 hektar\u016f ter\u00e9nu s vleky a lanovkami a ro\u010dn\u00ed sn\u011bhovou pokr\u00fdvku m\u011b\u0159enou ve stovk\u00e1ch centimetr\u016f. V klidn\u00fdch letn\u00edch m\u011bs\u00edc\u00edch je tato kapacita z velk\u00e9 \u010d\u00e1sti nevyu\u017eita, ale v zim\u011b st\u0159edisko vzkv\u00e9t\u00e1: jeho 48 vlek\u016f a upraven\u00fdch sjezdovek pracuje spole\u010dn\u011b a denn\u011b p\u0159epravuje tis\u00edce ly\u017ea\u0159\u016f.<\/p>\n<p>Perisher le\u017e\u00ed hluboko v podoblasti Sn\u011b\u017en\u00fdch hor Velk\u00e9ho p\u0159ed\u011blov\u00e9ho poho\u0159\u00ed, zhruba 500 km ji\u017en\u011b od Sydney a 190 km jihoz\u00e1padn\u011b od Canberry. St\u0159edisko se nach\u00e1z\u00ed v\u00fdhradn\u011b v N\u00e1rodn\u00edm parku Kosciuszko, drsn\u00e9 divo\u010din\u011b se st\u0159edem v nejvy\u0161\u0161\u00edm vrcholu Austr\u00e1lie (Mount Kosciuszko, 2 228 m). Krajina je klasick\u00e1 alpsk\u00e1: zaoblen\u00e9 hory pokryt\u00e9 sn\u011bhem po v\u011bt\u0161inu roku, prokl\u00e1dan\u00e9 vysok\u00fdmi pl\u00e1n\u011bmi a subalp\u00ednsk\u00fdm lesem. Blue Lake a Guthega Lake le\u017e\u00ed hned za hranicemi ly\u017ea\u0159sk\u00e9ho st\u0159ediska. V zim\u011b je vzduch sv\u011b\u017e\u00ed a such\u00fd (v noci \u010dasto hluboko pod bodem mrazu) a na vrcholc\u00edch hor pravideln\u011b sn\u011b\u017e\u00ed. Jeden klimatologick\u00fd zdroj hodnot\u00ed klima Perisheru jako subarktick\u00e9 s dlouh\u00fdmi, chladn\u00fdmi zimami a kr\u00e1tk\u00fdmi, m\u00edrn\u00fdmi l\u00e9ty. L\u00e9ta jsou v nadmo\u0159sk\u00e9 v\u00fd\u0161ce chladn\u00e1 (teploty z\u0159\u00eddka vystoupaj\u00ed nad 25 \u00b0C), zat\u00edmco zimn\u00ed dny se na lanovk\u00e1ch obvykle pohybuj\u00ed kolem 0 \u00b0C. Sn\u00edh spolehliv\u011b pokr\u00fdvaj\u00ed vrcholky od konce kv\u011btna do za\u010d\u00e1tku \u0159\u00edjna, p\u0159i\u010dem\u017e nejvy\u0161\u0161\u00ed sn\u011bhov\u00e1 pokr\u00fdvka je obvykle v \u010dervenci a\u017e srpnu.<\/p>\n<p>Lidsk\u00e1 \u010dinnost v oblasti Perisheru sah\u00e1 tis\u00edce let do minulosti. Sn\u011b\u017en\u00e9 hory byly letn\u00edmi shroma\u017e\u010fovac\u00edmi m\u00edsty domorod\u00fdch obyvatel, kte\u0159\u00ed kdysi sestupovali ve velk\u00fdch skupin\u00e1ch, aby z alpsk\u00fdch luk skl\u00edzeli tlust\u00e9 bogongsk\u00e9 m\u016fry. Evrop\u0161t\u00ed objevitel\u00e9 poprv\u00e9 pronikli do oblasti ve 30. letech 19. stolet\u00ed. V roce 1840 sir Paul Edmund de Strzelecki vylezl na Kosciuszko a dal mu jm\u00e9no, na\u010de\u017e ho brzy n\u00e1sledovali hospod\u00e1\u0159i. Oblast z\u00edskala legend\u00e1rn\u00ed rozm\u011br v pozd\u011bj\u0161\u00edch tradic\u00edch: b\u00e1se\u0148 Banjo Patersona <em>\u201eMu\u017e ze Sn\u011b\u017en\u00e9 \u0159eky\u201c<\/em> zv\u011b\u010dnil otu\u017eil\u00e9 chovatele dobytka, kte\u0159\u00ed se state\u010dn\u011b vydali do vysokohorsk\u00e9 krajiny.<\/p>\n<p>Ko\u0159eny ly\u017ea\u0159sk\u00e9ho pr\u016fmyslu v Perisheru sahaj\u00ed do poloviny 20. stolet\u00ed. Po druh\u00e9 sv\u011btov\u00e9 v\u00e1lce otev\u0159el region hydroelektr\u00e1rna Snowy Mountains (1949\u20131974) silni\u010dn\u00ed a infrastrukturn\u00ed v\u00fdstavbu. Za\u010dali sem p\u0159ich\u00e1zet ly\u017ea\u0159\u0161t\u00ed nad\u0161enci a v roce 1951 byly postaveny prvn\u00ed chaty. O rok pozd\u011bji se objevily primitivn\u00ed vleky: lanov\u00e9 vleky a prvn\u00ed ty\u010d v \u00fadol\u00ed do roku 1958, n\u00e1sledovan\u00e1 dvouseda\u010dkovou lanovkou v roce 1961. V pr\u016fb\u011bhu desetilet\u00ed p\u0159ib\u00fdvaly dal\u0161\u00ed seda\u010dkov\u00e9 lanovky a dal\u0161\u00ed za\u0159\u00edzen\u00ed. Apokryfn\u00ed p\u0159\u00edb\u011bh z t\u011bchto ran\u00fdch dob vypr\u00e1v\u00ed o alpsk\u00e9m osadn\u00edkovi jm\u00e9nem James Spencer, kter\u00fd, kdy\u017e ho zastihla bou\u0159e, zvolal: \u201eTo je ale zatracenec!\u201c; n\u00e1zev st\u0159ediska m\u016f\u017ee poch\u00e1zet z jeho barvit\u00e9 fr\u00e1ze.<\/p>\n<p>V roce 1995 byly \u010dty\u0159i ly\u017ea\u0159sk\u00e9 are\u00e1ly \u2013 Perisher Valley, Smiggin Holes, Guthega a Blue Cow \u2013 slou\u010deny pod spole\u010dnost Perisher Blue, \u010d\u00edm\u017e se sjednotily vleky a lanovky. V roce 2000 se Perisher py\u0161nil des\u00edtkami propojen\u00fdch vlek\u016f na plo\u0161e 1 245 hektar\u016f. Dnes modern\u00ed vysokorychlostn\u00ed seda\u010dky voz\u00ed hosty na svahy, p\u0159esto v \u00fadol\u00ed st\u00e1le p\u0159etrv\u00e1vaj\u00ed stopy ran\u00e9 ly\u017ea\u0159sk\u00e9 historie \u2013 vybledl\u00e9 plakety ly\u017ea\u0159sk\u00fdch klub\u016f, vystaven\u00e9 star\u00e9 rolby a p\u0159\u00edb\u011bhy prvn\u00edch nad\u0161enc\u016f, kte\u0159\u00ed se p\u011b\u0161ky postavili b\u00edle sn\u011bhov\u00e9 pokr\u00fdvce.<\/p>\n<p>Kulturu Perisheru utv\u00e1\u0159\u00ed alpsk\u00fd charakter a sez\u00f3nn\u00ed rytmus. V l\u00e9t\u011b vesnice z\u00edsk\u00e1v\u00e1 klidnou a izolovanou atmosf\u00e9ru \u2013 hrstka spr\u00e1vc\u016f a m\u00edstn\u00edch obyvatel se star\u00e1 o chaty a vede turistick\u00e9 t\u00fary. S p\u0159\u00edchodem zimy se atmosf\u00e9ra prom\u011bn\u00ed v p\u0159\u00e1telsk\u00fd ruch rekreant\u016f, zahrani\u010dn\u00edch pracovn\u00edk\u016f na voln\u00fd \u010das a australsk\u00fdch rodin. Angli\u010dtina je lingua franca (\u010dasto dominuj\u00ed Australan\u00e9 ze Sydney nebo Melbourne), ale sez\u00f3nn\u00ed zam\u011bstnanci p\u0159iv\u00e1\u017eej\u00ed akcenty z Evropy, Severn\u00ed Ameriky a Asie. V\u0161ichni sd\u00edlej\u00ed le\u017e\u00e9rn\u00ed, outdoorov\u00fd \u00e9tos: p\u0159es den bundy, v noci vrstvy fleecov\u00e9ho oble\u010den\u00ed a v\u0159el\u00e9 p\u0159iv\u00edt\u00e1n\u00ed v m\u00edstn\u00edch kav\u00e1rn\u00e1ch a barech.<\/p>\n<p>Vrcholem kalend\u00e1\u0159e Perisheru je ka\u017edoro\u010dn\u00ed hudebn\u00ed festival PEAK, \u010dty\u0159denn\u00ed oslava zah\u00e1jen\u00ed zimn\u00edho v\u00edkendu. Prom\u011bn\u00ed vesnici v \u201epulzuj\u00edc\u00ed alpsk\u00e9 h\u0159i\u0161t\u011b\u201c pln\u00e9 \u017eiv\u00fdch kapel, DJ\u016f a oh\u0148ostroj\u016f. M\u00eds\u00ed se do n\u00ed i m\u00edstn\u00ed tradice: grilov\u00e1n\u00ed u kamen na d\u0159evo, ly\u017ea\u0159sk\u00e9 z\u00e1vody pro \u010dleny klubu a ve\u010dery s vypr\u00e1v\u011bn\u00edm p\u0159\u00edb\u011bh\u016f v horsk\u00fdch chat\u00e1ch. Uprost\u0159ed k\u0159i\u0161\u0165\u00e1lov\u00e9ho ticha \u00fasvitu si ly\u017ea\u0159i pov\u00eddaj\u00ed o pra\u0161anu; pozd\u011b odpoledne se z hospod u z\u00e1kladny line sm\u00edch. Na jemn\u00e9 \u00farovni si Perisher uchov\u00e1v\u00e1 ozv\u011bnu sv\u00e9 pion\u00fdrsk\u00e9 minulosti: zam\u011bstnanci sd\u00edlej\u00ed vtipy o \u201esez\u00f3n\u011b m\u016fr bogong\u201c a sta\u0159\u00edci vzpom\u00ednaj\u00ed na zapomenut\u00e9 chaty. Celkov\u00fd t\u00f3n je p\u0159\u00e1telsk\u00fd a nen\u00e1ro\u010dn\u00fd \u2013 spole\u010dn\u00fd alpsk\u00fd styl ji\u017en\u011b od rovn\u00edku.<\/p>\n<p>Pro v\u011bt\u0161inu n\u00e1v\u0161t\u011bvn\u00edk\u016f je hlavn\u00ed atrakc\u00ed Perisheru samotn\u00e9 ly\u017eov\u00e1n\u00ed. 1245 hektar\u016f ter\u00e9nu st\u0159ediska je ur\u010deno p\u0159ev\u00e1\u017en\u011b pro st\u0159edn\u011b pokro\u010dil\u00e9 ly\u017ea\u0159e (asi 60 % sjezdovek). Sjezdovky jako Olympic, North Perisher a Blue Calf T-Bars vedou m\u00edrn\u00fdmi zat\u00e1\u010dkami skrz les sn\u011bhu a eukalyptu, zat\u00edmco z\u00f3ny jako Sunday School nab\u00edzej\u00ed \u0161irok\u00e9, upraven\u00e9 strm\u00e9 svahy. Nejvy\u0161\u0161\u00ed p\u0159\u00edstup k lanovce \u2013 na vrcholu hory Mt. Perisher ve v\u00fd\u0161ce 2 054 m \u2013 odm\u011b\u0148uje ly\u017ea\u0159e \u00fachvatn\u00fdmi panoramaty Velk\u00e9ho p\u0159ed\u011blov\u00e9ho poho\u0159\u00ed. Nejdel\u0161\u00ed sjezdovka, z hory Mt. Perisher do \u00fadol\u00ed Perisher, se t\u00e1hne t\u00e9m\u011b\u0159 4 km a umo\u017e\u0148uje ly\u017ea\u0159\u016fm sestupovat prom\u011bnlivou krajinou.<\/p>\n<p>Krom\u011b ly\u017eov\u00e1n\u00ed nab\u00edz\u00ed Perisher klasick\u00e9 alpsk\u00e9 z\u00e1\u017eitky. Jedn\u00edm z m\u00edst, kter\u00e1 mus\u00edte vid\u011bt, je samotn\u00e1 hora Mount Kosciuszko: zna\u010den\u00e1 turistick\u00e1 stezka vede z \u00fadol\u00ed Perisher nebo Thredbo na vrchol Austr\u00e1lie (2 228 m) a nab\u00edz\u00ed v\u00fdhledy na tundru s rozeklan\u00fdmi h\u0159ebeny a horsk\u00fdmi plesy. V l\u00e9t\u011b vyu\u017e\u00edvaj\u00ed turist\u00e9 a hor\u0161t\u00ed cyklist\u00e9 sjezdovky jako stezky a ryb\u00e1\u0159i nahazuj\u00ed udi\u010dky v bl\u00edzk\u00fdch jezerech. Unik\u00e1tn\u00ed atrakc\u00ed je Skitube \u2013 podzemn\u00ed ozubnicov\u00e1 \u017eeleznice; veze ly\u017ea\u0159e z Bullocks Flat do \u00fadol\u00ed Perisher 6 km dlouh\u00fdm tunelem. V alpsk\u00e9 chat\u011b nad Blue Cow si n\u00e1v\u0161t\u011bvn\u00edci mohou vychutnat hork\u00fd cider a pokochat se n\u00e1dhern\u00fdmi horsk\u00fdmi v\u00fdhledy. V nab\u00eddce je tak\u00e9 divok\u00e1 zv\u011b\u0159: za ly\u017ea\u0159sk\u00fdmi sjezdovkami m\u016f\u017eete zahl\u00e9dnout vombata nebo klokana (v ni\u017e\u0161\u00edch m\u00fdtin\u00e1ch) nebo sly\u0161et vysok\u00fd vol\u00e1n\u00edm lyrohl\u00edka.<\/p>\n<p>Milovn\u00edci historie mohou v N\u00e1rodn\u00edm parku Kosciuszko vyhledat star\u00e9 horsk\u00e9 chaty, poz\u016fstatky minulosti chovatel\u016f dobytka. Banjo Paterson&#039;s <em>Mu\u017e ze Sn\u011b\u017en\u00e9 \u0159eky<\/em> Socha v Jindabyne (nedalek\u00e9 m\u011bsto) p\u0159ipom\u00edn\u00e1 tradici regionu. Pro modern\u00ed pojet\u00ed nab\u00edz\u00ed Perisher ka\u017edoro\u010dn\u00ed \u0161koln\u00ed z\u00e1vody v b\u011b\u017eeck\u00e9m ly\u017eov\u00e1n\u00ed a uk\u00e1zky lavinov\u00fdch ps\u016f ochutn\u00e1vku \u017eivota v letovisku. U\u017e jen samotn\u00e9 sledov\u00e1n\u00ed alpsk\u00e9ho v\u00fdchodu slunce z lanovky v \u00fadol\u00ed Perisher \u2013 s h\u016flkou v ruce a \u0161t\u00edpaj\u00edc\u00edm studen\u00fdm vzduchem do obli\u010deje \u2013 je samo o sob\u011b z\u00e1\u017eitkem.<\/p>\n<p>Perisher je odlehl\u00e1 horsk\u00e1 oblast. Nejbli\u017e\u0161\u00edm velk\u00fdm leti\u0161t\u011bm je mezin\u00e1rodn\u00ed leti\u0161t\u011b Canberra, asi dv\u011b a p\u016fl hodiny j\u00edzdy na sever. Z Canberry se d\u00e1 jet po d\u00e1lnici Snowy Mountains Highway p\u0159es Cooma a Jindabyne a pot\u00e9 se odbo\u010d\u00ed na Kosciuszko Road na z\u00e1pad sm\u011brem k Perisheru. St\u0159edisko tak\u00e9 nab\u00edz\u00ed skitube: je\u010fte autem do Bullocks Flat (na Kosciuszko Rd) a je\u010fte tam vlakem, abyste se vyhnuli zasn\u011b\u017een\u00fdm silnic\u00edm. Leti\u0161t\u011b v Sydney je d\u00e1le (zhruba 5\u20136 hodin j\u00edzdy autem), ale mnoho zahrani\u010dn\u00edch n\u00e1v\u0161t\u011bvn\u00edk\u016f kombinuje let do Canberry s v\u00fdletem autem. V zim\u011b mus\u00ed v\u0161echna vozidla na silnic\u00edch Kosciuszko m\u00edt sn\u011bhov\u00e9 \u0159et\u011bzy. Perisher Valley m\u00e1 dostatek parkovac\u00edch m\u00edst u \u00fapat\u00ed; u Smiggin Holes existuj\u00ed dal\u0161\u00ed parkovi\u0161t\u011b.<\/p>\n<p>Jakmile se dostanete do Perisheru, v\u011bt\u0161ina pohybu prob\u00edh\u00e1 p\u011b\u0161ky nebo na ly\u017e\u00edch. \u010cty\u0159i vesnice jsou propojeny kyvadlov\u00fdmi autobusy, ly\u017ea\u0159sk\u00fdmi vleky a tramvajemi, tak\u017ee nen\u00ed nutn\u00e9 jezdit autem. Bezplatn\u00e1 kyvadlov\u00e1 doprava jezd\u00ed mezi Jindabyne a Perisher ka\u017ed\u00e9 r\u00e1no a odpoledne a mezi vesnicemi krou\u017e\u00ed m\u00edstn\u00ed autobusy. Uvnit\u0159 resortu slou\u017e\u00ed vleky jako vertik\u00e1ln\u00ed doprava. Ch\u016fze po hlavn\u00ed vesnici je snadn\u00e1, ale vezm\u011bte si s sebou tepl\u00e9 oble\u010den\u00ed na cesty, kter\u00e9 mohou b\u00fdt zasn\u011b\u017een\u00e9 nebo zledovat\u011bl\u00e9. M\u00edstn\u00ed taxi a sd\u00edlen\u00e9 j\u00edzdy jsou minim\u00e1ln\u00ed \u2013 na ve\u010dern\u00ed v\u00fdlety si po\u010d\u00edtejte s vlastn\u00edm cestovn\u00edm ruchem nebo s dopravou v resortu.<\/p>\n<p>M\u011bnou je australsk\u00fd dolar (AUD); kreditn\u00ed karty jsou \u0161iroce p\u0159ij\u00edm\u00e1ny. Jazykem je angli\u010dtina. Ka\u017edodenn\u00ed \u017eivot v Perisheru je p\u0159\u00edmo\u010dar\u00fd: obchody a kav\u00e1rny o\u010dek\u00e1vaj\u00ed zdvo\u0159il\u00e9 pozdravy a m\u00edstn\u00ed obyvatel\u00e9 jsou uvoln\u011bn\u00ed a neform\u00e1ln\u00ed. Spropitn\u00e9 nen\u00ed zvykem (mzdov\u00fd syst\u00e9m je inkluzivn\u00ed), i kdy\u017e mal\u00e9 odm\u011bny za p\u0159\u00edkladn\u00e9 slu\u017eby jsou v\u00edt\u00e1ny. Po\u010das\u00ed se m\u016f\u017ee rychle m\u011bnit: i v z\u00e1\u0159\u00ed m\u016f\u017ee poledn\u00ed slunce vyst\u0159\u00eddat ve\u010dern\u00ed chlad. Obl\u00e9kejte se ve vrstv\u00e1ch a noste opalovac\u00ed kr\u00e9m \u2013 UV z\u00e1\u0159en\u00ed na sn\u011bhu je siln\u00e9. Pravidla bezpe\u010dnosti ly\u017eov\u00e1n\u00ed jsou prvo\u0159ad\u00e1 (v\u017edy se dr\u017ete v povolen\u00e9m rozsahu a dodr\u017eujte varovn\u00e9 sign\u00e1ly). Mobiln\u00ed sign\u00e1l je na svaz\u00edch nepravideln\u00fd; pokud se vyd\u00e1te mimo sjezdovku, informujte n\u011bkoho o sv\u00fdch pl\u00e1nech. Z praktick\u00e9ho hlediska je nadmo\u0159sk\u00e1 v\u00fd\u0161ka Mal de Montagne v t\u011bchto skromn\u00fdch nadmo\u0159sk\u00fdch v\u00fd\u0161k\u00e1ch nepravd\u011bpodobn\u00e1, ale dehydratace m\u016f\u017ee doj\u00edt \u2013 pijte vodu a mezi jednotliv\u00fdmi sjezdy odpo\u010d\u00edvejte.<\/p>\n<p>Celkov\u011b cestovatel\u00e9 z Perisheru hodnot\u00ed resort jako velmi bezpe\u010dn\u00fd a p\u0159\u00e1telsk\u00fd k n\u00e1v\u0161t\u011bvn\u00edk\u016fm. Z logistick\u00e9ho hlediska je nejlep\u0161\u00edm pl\u00e1nem p\u0159ilet\u011bt do Canberry, pronajmout si vozidlo s pohonem v\u0161ech kol (4x4 nebo AWD) a vystoupit p\u0159es Jindabyne. Dieselov\u00e9 vozy maj\u00ed p\u0159i prudk\u00e9m stoup\u00e1n\u00ed lep\u0161\u00ed spot\u0159ebu paliva. V zim\u011b denn\u011b kontrolujte stav silnic. V nouzi nab\u00edz\u00ed Jindabyne kompletn\u00ed slu\u017eby (palivo, potraviny, l\u00e9k\u00e1rny) a dokonce i l\u00e9ka\u0159sk\u00e9 kliniky, ale cesta do Perisheru je po Bullocks Flat v\u011bt\u0161inou divo\u010dina. S rozumnou p\u0159\u00edpravou je cesta do Perisheru hladk\u00e1 \u2013 a\u017e na \u0161ok z horsk\u00e9 zimy \u2013 a teplo vesnick\u00e9ho prost\u0159ed\u00ed rychle uklidn\u00ed cestov\u00e1n\u00ed.<\/p>\n<table>\n<thead>\n<tr>\n<th><strong>Kategorie<\/strong><\/th>\n<th><strong>Podrobnosti<\/strong><\/th>\n<\/tr>\n<\/thead>\n<tbody>\n<tr>\n<td><strong>Um\u00edst\u011bn\u00ed<\/strong><\/td>\n<td>Nov\u00fd Ji\u017en\u00ed Wales, Austr\u00e1lie<\/td>\n<\/tr>\n<tr>\n<td><strong>Nadmo\u0159sk\u00e1 v\u00fd\u0161ka letoviska<\/strong><\/td>\n<td>1 720 metr\u016f (5 643 stop)<\/td>\n<\/tr>\n<tr>\n<td><strong>Ly\u017ea\u0159sk\u00e1 sez\u00f3na<\/strong><\/td>\n<td>\u010derven a\u017e \u0159\u00edjen<\/td>\n<\/tr>\n<tr>\n<td><strong>Ceny skipas\u016f<\/strong><\/td>\n<td>Li\u0161\u00ed se podle ro\u010dn\u00edho obdob\u00ed a trv\u00e1n\u00ed<\/td>\n<\/tr>\n<tr>\n<td><strong>Otev\u00edrac\u00ed doba<\/strong><\/td>\n<td>Obvykle od 8:30 do 17:00<\/td>\n<\/tr>\n<tr>\n<td><strong>Po\u010det sjezdovek<\/strong><\/td>\n<td>47<\/td>\n<\/tr>\n<tr>\n<td><strong>Celkov\u00e1 d\u00e9lka sjezdovky<\/strong><\/td>\n<td>100 kilometr\u016f<\/td>\n<\/tr>\n<tr>\n<td><strong>Nejdel\u0161\u00ed b\u011bh<\/strong><\/td>\n<td>3 kilometry<\/td>\n<\/tr>\n<tr>\n<td><strong>Snadn\u00e9 sjezdovky<\/strong><\/td>\n<td>22%<\/td>\n<\/tr>\n<tr>\n<td><strong>M\u00edrn\u00e9 svahy<\/strong><\/td>\n<td>60%<\/td>\n<\/tr>\n<tr>\n<td><strong>Pokro\u010dil\u00e9 svahy<\/strong><\/td>\n<td>18%<\/td>\n<\/tr>\n<tr>\n<td><strong>Sm\u011bry sjezdovek<\/strong><\/td>\n<td>Sever, jih, v\u00fdchod, z\u00e1pad<\/td>\n<\/tr>\n<tr>\n<td><strong>No\u010dn\u00ed ly\u017eov\u00e1n\u00ed<\/strong><\/td>\n<td>K dispozici ve vybran\u00e9 noci<\/td>\n<\/tr>\n<tr>\n<td><strong>V\u00fdroba sn\u011bhu<\/strong><\/td>\n<td>Rozs\u00e1hl\u00e9 pokryt\u00ed<\/td>\n<\/tr>\n<tr>\n<td><strong>Celkov\u00fd po\u010det v\u00fdtah\u016f<\/strong><\/td>\n<td>47<\/td>\n<\/tr>\n<tr>\n<td><strong>Kapacita do kopce<\/strong><\/td>\n<td>53 990 ly\u017ea\u0159\u016f za hodinu<\/td>\n<\/tr>\n<tr>\n<td><strong>Nejvy\u0161\u0161\u00ed zdvih<\/strong><\/td>\n<td>2 034 metr\u016f (6 673 stop)<\/td>\n<\/tr>\n<tr>\n<td><strong>Gondoly\/Lanovky<\/strong><\/td>\n<td>0<\/td>\n<\/tr>\n<tr>\n<td><strong>Seda\u010dkov\u00e9 lanovky<\/strong><\/td>\n<td>14<\/td>\n<\/tr>\n<tr>\n<td><strong>Drag Lifts<\/strong><\/td>\n<td>22<\/td>\n<\/tr>\n<tr>\n<td><strong>Snow parky<\/strong><\/td>\n<td>5<\/td>\n<\/tr>\n<tr>\n<td><strong>P\u016fj\u010dovny ly\u017e\u00ed<\/strong><\/td>\n<td>K dispozici<\/td>\n<\/tr>\n<tr>\n<td><strong>Po ly\u017eov\u00e1n\u00ed<\/strong><\/td>\n<td>R\u016fzn\u00e9 bary a restaurace<\/td>\n<\/tr>\n<\/tbody>\n<\/table>\n<article>\n<\/article>","protected":false},"excerpt":{"rendered":"<p>Ly\u017ea\u0159sk\u00e9 st\u0159edisko Perisher je nejv\u011bt\u0161\u00edm ly\u017ea\u0159sk\u00fdm st\u0159ediskem na ji\u017en\u00ed polokouli. Toto velk\u00e9 st\u0159edisko se nach\u00e1z\u00ed v srdci australsk\u00fdch Sn\u011b\u017en\u00fdch hor a skl\u00e1d\u00e1 se ze \u010dty\u0159 odli\u0161n\u00fdch vesnic: Blue Cow, Guthega, Perisher Valley a Smiggin Holes. Tyto obce a souvisej\u00edc\u00ed ly\u017ea\u0159sk\u00e1 st\u0159ediska dohromady pokr\u00fdvaj\u00ed pom\u011brn\u011b velkou plochu \u2013 asi 12 kilometr\u016f \u010dtvere\u010dn\u00edch. Z\u00e1kladna st\u0159ediska je 1 720 metr\u016f nad mo\u0159em; jeho vrchol dosahuje 2 054 metr\u016f na vrcholu hory Perisher.<\/p>","protected":false},"author":1,"featured_media":4759,"parent":9806,"menu_order":0,"comment_status":"closed","ping_status":"closed","template":"elementor_theme","meta":{"_eb_attr":"","footnotes":""},"class_list":["post-9824","page","type-page","status-publish","has-post-thumbnail"],"_links":{"self":[{"href":"https:\/\/travelshelper.com\/cs\/wp-json\/wp\/v2\/pages\/9824","targetHints":{"allow":["GET"]}}],"collection":[{"href":"https:\/\/travelshelper.com\/cs\/wp-json\/wp\/v2\/pages"}],"about":[{"href":"https:\/\/travelshelper.com\/cs\/wp-json\/wp\/v2\/types\/page"}],"author":[{"embeddable":true,"href":"https:\/\/travelshelper.com\/cs\/wp-json\/wp\/v2\/users\/1"}],"replies":[{"embeddable":true,"href":"https:\/\/travelshelper.com\/cs\/wp-json\/wp\/v2\/comments?post=9824"}],"version-history":[{"count":0,"href":"https:\/\/travelshelper.com\/cs\/wp-json\/wp\/v2\/pages\/9824\/revisions"}],"up":[{"embeddable":true,"href":"https:\/\/travelshelper.com\/cs\/wp-json\/wp\/v2\/pages\/9806"}],"wp:featuredmedia":[{"embeddable":true,"href":"https:\/\/travelshelper.com\/cs\/wp-json\/wp\/v2\/media\/4759"}],"wp:attachment":[{"href":"https:\/\/travelshelper.com\/cs\/wp-json\/wp\/v2\/media?parent=9824"}],"curies":[{"name":"wp","href":"https:\/\/api.w.org\/{rel}","templated":true}]}}