{"id":9812,"date":"2024-09-09T00:05:18","date_gmt":"2024-09-09T00:05:18","guid":{"rendered":"https:\/\/travelshelper.com\/staging\/?page_id=9812"},"modified":"2026-03-13T21:42:40","modified_gmt":"2026-03-13T21:42:40","slug":"melbourne","status":"publish","type":"page","link":"https:\/\/travelshelper.com\/cs\/destinations\/australia-and-oceania\/australia\/melbourne\/","title":{"rendered":"Melbourne"},"content":{"rendered":"<p>Melbourne je druh\u00e9 nejv\u011bt\u0161\u00ed m\u011bsto Austr\u00e1lie a pulzuj\u00edc\u00ed hlavn\u00ed m\u011bsto Viktorie. Jeho metropolitn\u00ed oblast se rozkl\u00e1d\u00e1 na t\u00e9m\u011b\u0159 9 993 kilometrech \u010dtvere\u010dn\u00edch a v roce 2023 v n\u00ed \u017eilo p\u0159ibli\u017en\u011b 5,2 milionu lid\u00ed. (P\u0159i s\u010d\u00edt\u00e1n\u00ed lidu v roce 2021 \u010dinila populace p\u0159ibli\u017en\u011b 4,9 milionu, tak\u017ee st\u00e1le roste.) D\u00edky tomu je Melbourne druh\u00fdm nejlidnat\u011bj\u0161\u00edm m\u011bstem v Austr\u00e1lii (po Sydney). Demograficky je Melbourne pozoruhodn\u011b rozmanit\u00e9: m\u00e1 jeden z nejvy\u0161\u0161\u00edch pod\u00edl\u016f obyvatel narozen\u00fdch v zahrani\u010d\u00ed ze v\u0161ech m\u011bst na sv\u011bt\u011b. Komunity z It\u00e1lie, \u0158ecka, Vietnamu, Indie, \u010c\u00edny a mnoha dal\u0161\u00edch zem\u00ed zde maj\u00ed dlouhodob\u011b zaveden\u00e9 enkl\u00e1vy, co\u017e m\u011bstu dod\u00e1v\u00e1 bohatou multikulturn\u00ed strukturu. Angli\u010dtina je b\u011b\u017en\u00fdm jazykem, ale na ru\u0161n\u00fdch ulic\u00edch usly\u0161\u00edte des\u00edtky jazyk\u016f.<\/p>\n<p>Z ekonomick\u00e9ho hlediska je Melbourne hybnou silou. Je p\u0159edn\u00edm finan\u010dn\u00edm centrem v asijsko-pacifick\u00e9m regionu (na 28. m\u00edst\u011b v celosv\u011btov\u00e9m \u017eeb\u0159\u00ed\u010dku), kde s\u00eddl\u00ed v\u00fdznamn\u00e9 banky, trhy a profesion\u00e1ln\u00ed slu\u017eby. HDP m\u011bsta se pohybuje v \u0159\u00e1du stovek miliard dolar\u016f (mnohem v\u011bt\u0161\u00ed ne\u017e v men\u0161\u00edch m\u011bstech) a zahrnuje mnoho odv\u011btv\u00ed: finance, v\u00fdrobu, v\u00fdzkum a v\u00fdvoj, kreativn\u00ed pr\u016fmysl, vzd\u011bl\u00e1v\u00e1n\u00ed a zdravotnictv\u00ed. Melbourne je n\u011bkdy naz\u00fdv\u00e1no australsk\u00fdm kulturn\u00edm centrem: dalo vzniknout australsk\u00e9mu fotbalu a osobit\u00e9 mal\u00ed\u0159sk\u00e9 \u0161kole a dnes m\u00e1 obrovskou filmovou, divadeln\u00ed a um\u011bleckou sc\u00e9nu. V roce 2014 bylo dokonce n\u011bkolik let po sob\u011b jmenov\u00e1no nejp\u0159\u00edjemn\u011bj\u0161\u00edm m\u011bstem sv\u011bta (a\u010dkoli to je stejn\u011b tak ukazatel kvality \u017eivota jako ekonomick\u00fd ukazatel). Se\u010dteno a podtr\u017eeno: Ekonomika Melbourne je \u0161irok\u00e1 a sofistikovan\u00e1, co\u017e odr\u00e1\u017e\u00ed jej\u00ed velikost \u2013 \u017eije zde v\u00edce ne\u017e p\u011bt milion\u016f du\u0161\u00ed a obrovsk\u00e1 pracovn\u00ed s\u00edla.<\/p>\n<p>Melbourne le\u017e\u00ed na jihov\u00fdchodn\u00edm pob\u0159e\u017e\u00ed pevninsk\u00e9 Austr\u00e1lie u z\u00e1livu Port Phillip. Centrum m\u011bsta se nach\u00e1z\u00ed na severn\u00edm okraji z\u00e1livu, kde se \u0159eka Yarra vl\u00e9v\u00e1 do mo\u0159e. Jeho metropolitn\u00ed oblast se rozkl\u00e1d\u00e1 na plo\u0161e zhruba 10 000 km\u00b2 a rozkl\u00e1d\u00e1 se k poho\u0159\u00ed Dandenong na v\u00fdchod\u011b a k \u010dedi\u010dov\u00fdm pl\u00e1n\u00edm na severu a z\u00e1pad\u011b. M\u011bstsk\u00e1 z\u00e1stavba Melbourne sah\u00e1 a\u017e k poloostrov\u011b Mornington ji\u017en\u011b od m\u011bsta a vytv\u00e1\u0159\u00ed sm\u011bs pob\u0159e\u017e\u00ed, p\u0159\u00edm\u011bstsk\u00fdch park\u016f a kr\u00e1sn\u00fdch p\u0159edm\u011bst\u00ed u z\u00e1livu.<\/p>\n<p>Klima je klasifikov\u00e1no jako m\u00edrn\u00e9 oce\u00e1nsk\u00e9 (K\u00f6ppenovo klima). To znamen\u00e1, \u017ee Melbourne m\u00e1 tepl\u00e1 l\u00e9ta a chladn\u00e9 zimy s d\u00e9\u0161\u0165em rozlo\u017een\u00fdm pom\u011brn\u011b rovnom\u011brn\u011b po cel\u00fd rok. Pr\u016fm\u011brn\u00e9 lednov\u00e9 maxima se pohybuj\u00ed kolem 25 \u00b0C a \u010dervencov\u00e1 minima kolem 9\u201310 \u00b0C. Po\u010das\u00ed je proslul\u00e9 svou prom\u011bnlivost\u00ed: je b\u011b\u017en\u00e9, \u017ee se v jeden den objev\u00ed slunce, zata\u017eeno a ve\u010dern\u00ed de\u0161\u0165ov\u00e1 bou\u0159ka. Celkov\u011b vzato m\u00edrn\u00e9 klima znamen\u00e1, \u017ee Melbourne lze nav\u0161t\u00edvit v ka\u017ed\u00e9m ro\u010dn\u00edm obdob\u00ed, ale v chladn\u011bj\u0161\u00edch m\u011bs\u00edc\u00edch si s sebou vezm\u011bte de\u0161tn\u00edk nebo bundu a na konci l\u00e9ta o\u010dek\u00e1vejte hork\u00e9 dny.<\/p>\n<p>V \u0161ir\u0161\u00edm kontextu se Melbourne nach\u00e1z\u00ed zhruba 295 km od Canberry a asi 700 km od Sydney. Zauj\u00edm\u00e1 prominentn\u00ed polohu na jihov\u00fdchod\u011b Austr\u00e1lie. N\u00e1v\u0161t\u011bvn\u00edci \u010dasto poznamen\u00e1vaj\u00ed, \u017ee i p\u0159es to, \u017ee le\u017e\u00ed tak daleko na jihu (kolem 37\u00b050\u2032 ji\u017en\u00ed \u0161\u00ed\u0159ky), je klima Melbourne d\u00edky oce\u00e1nsk\u00e9mu polo\u017een\u00ed mnohem m\u00edrn\u011bj\u0161\u00ed ne\u017e v podobn\u00fdch zem\u011bpisn\u00fdch \u0161\u00ed\u0159k\u00e1ch na severn\u00ed polokouli.<\/p>\n<p>Melbourne bylo na evropsk\u00e9 pom\u011bry zalo\u017eeno relativn\u011b pozd\u011b. V roce 1835 zalo\u017eili osadn\u00edci z Tasm\u00e1nie (tehdy naz\u00fdvan\u00e9 Van Diemen&#039;s Land) vesnici na \u00fazem\u00ed ob\u00fdvan\u00e9m kmenem Wurundjeri. V roce 1837 bylo m\u011bsto pojmenov\u00e1no Melbourne po britsk\u00e9m premi\u00e9rovi Williamu Lambovi a ofici\u00e1ln\u011b bylo zaps\u00e1no do seznamu korunn\u00edch m\u011bst. Objev zlata ve Victorii v roce 1851 spustil explozivn\u00ed popula\u010dn\u00ed boom: tis\u00edce prospektor\u016f se do m\u011bsta hrnuly a osadu t\u00e9m\u011b\u0159 p\u0159es noc prom\u011bnily ve m\u011bsto. Koncem 50. let 19. stolet\u00ed se d\u00edky bohatstv\u00ed Melbourne ze zlata stalo jedn\u00edm z nejv\u011bt\u0161\u00edch a nejbohat\u0161\u00edch m\u011bst sv\u011bta.<\/p>\n<p>V roce 1851 se Victoria stala samostatnou koloni\u00ed a Melbourne jej\u00edm hlavn\u00edm m\u011bstem. M\u011bsto se na konci 19. stolet\u00ed rychle rozv\u00edjelo a vyzna\u010dovalo se velkolepou architekturou viktori\u00e1nsk\u00e9 \u00e9ry. Od roku 1901 do roku 1927 slou\u017eilo Melbourne jako s\u00eddlo feder\u00e1ln\u00ed vl\u00e1dy Austr\u00e1lie (p\u0159edt\u00edm, ne\u017e byla postavena Canberra). Mezi kl\u00ed\u010dov\u00e9 historick\u00e9 miln\u00edky pat\u0159\u00ed otev\u0159en\u00ed prvn\u00edho mrakodrapu v zemi (Collins Street byla postavena v roce 1889), po\u0159\u00e1d\u00e1n\u00ed zahajovac\u00edho a z\u00e1v\u011bre\u010dn\u00e9ho ceremoni\u00e1lu olympijsk\u00fdch her v roce 1956 (prvn\u00ed olympi\u00e1dy na ji\u017en\u00ed polokouli) a v\u00fdstavba v\u00fdznamn\u00fdch pam\u00e1tek, jako je vlakov\u00e9 n\u00e1dra\u017e\u00ed Flinders Street (1910). B\u011bhem 20. stolet\u00ed se Melbourne rozrostlo o mnoho okoln\u00edch m\u011bst a stalo se rozlehlou metropol\u00ed, jakou je dnes.<\/p>\n<p>Z kulturn\u00edho hlediska je Melbourne \u010dasto popisov\u00e1no jako m\u011bsto pr\u016fvod\u016f a festival\u016f. Melbourne Cup (slavn\u00fd dostih) za\u010dal v roce 1861 a dodnes je celost\u00e1tn\u00ed ud\u00e1lost\u00ed. Mezi dal\u0161\u00ed tradice pat\u0159\u00ed kriketov\u00fd test MCG ka\u017ed\u00fd druh\u00fd den po v\u00e1no\u010dn\u00edm sv\u00e1tku a z\u00e1vod Grand Prix, kter\u00fd za\u010dal v roce 1996. Tyto ud\u00e1losti, spolu s histori\u00ed kav\u00e1ren, um\u011bleck\u00fdch \u010dtvrt\u00ed Fitzroy a australsk\u00e9ho fotbalu (zrodil se zde v roce 1858), podtrhuj\u00ed, jak se koloni\u00e1ln\u00ed ko\u0159eny Melbourne vyvinuly v osobitou m\u00edstn\u00ed m\u011bstskou kulturu.<\/p>\n<p>Kulturn\u00ed atmosf\u00e9ra Melbourne je metropolitn\u00ed a kosmopolitn\u00ed. Anglicky mluv\u00ed prakticky ka\u017ed\u00fd, ale mnoho imigrant\u016f prvn\u00ed generace nad\u00e1le pou\u017e\u00edv\u00e1 sv\u00e9 p\u016fvodn\u00ed jazyky i doma. N\u00e1zvy ulic odhaluj\u00ed melbournskou sm\u011bsici: na ka\u017ed\u00e9m rohu najdete italsk\u00fd espresso bar vedle vietnamsk\u00e9 kav\u00e1rny pho a m\u011bsto je poseto etnick\u00fdmi enkl\u00e1vami (\u010d\u00ednsk\u00e1 \u010dtvr\u0165, \u0159eck\u00fd okrsek na Lonsdale Street, italsk\u00e1 \u010dtvr\u0165 v Carltonu atd.). Naprost\u00e1 rozmanitost restaurac\u00ed, festival\u016f a kulturn\u00edch instituc\u00ed odr\u00e1\u017e\u00ed tento multikulturalismus.<\/p>\n<p>Melbur\u0148an\u00e9 (jak si m\u00edstn\u00ed \u0159\u00edkaj\u00ed) m\u00edvaj\u00ed kreativn\u00ed atmosf\u00e9ru \u201elaissez-faire\u201c. Kav\u00e1rny v uli\u010dk\u00e1ch a graffiti jsou sou\u010d\u00e1st\u00ed ka\u017edodenn\u00edho \u017eivota. M\u011bsto je proslul\u00e9 svou kav\u00e1renskou kulturou \u2013 obyvatel\u00e9 Melbourne si \u010dasto pov\u00eddaj\u00ed u stolk\u016f na chodn\u00edku u flat white nebo cold brew bez ohledu na po\u010das\u00ed. Tempo \u017eivota je m\u00edrn\u00e9: ne tak frenetick\u00e9 jako v Sydney, ale energi\u010dt\u011bj\u0161\u00ed ne\u017e v mal\u00e9m m\u011bst\u011b. Lid\u00e9 jsou obecn\u011b pova\u017eov\u00e1ni za p\u0159\u00e1telsk\u00e9 a progresivn\u00ed. Dokonce i \u017eeb\u0159\u00ed\u010dek Cond\u00e9 Nast kdysi ozna\u010dil Melbourne za jedno z nejp\u0159\u00e1tel\u0161t\u011bj\u0161\u00edch m\u011bst sv\u011bta (na stejn\u00e9 \u00farovni jako Auckland).<\/p>\n<p>Kalend\u00e1\u0159 je pln\u00fd festival\u016f a akc\u00ed. Mimo sez\u00f3nu prakticky neexistuje: v lednu se kon\u00e1 tenisov\u00fd Australian Open; na podzim se kon\u00e1 Melbourne Fringe Festival, Food and Wine Festival (kolem b\u0159ezna) a Melbourne Cup (dostihy); v zim\u011b se kon\u00e1 Comedy Festival a um\u011bleck\u00fd festival; na ja\u0159e Grand Prix a Cultural Festival. Mnoho kulturn\u00edch instituc\u00ed \u2013 galerie, divadla, kluby s \u017eivou hudbou \u2013 prezentuje mezin\u00e1rodn\u00ed i m\u00edstn\u00ed d\u00edla po cel\u00fd rok. Sportovn\u00ed kultura je velkou sou\u010d\u00e1st\u00ed m\u00edstn\u00ed identity (australsk\u00fd fotbal o zimn\u00edch v\u00edkendech, kriket v l\u00e9t\u011b); sledov\u00e1n\u00ed z\u00e1pasu na Melbourne Cricket Ground (MCG) je pro obyvatele t\u00e9m\u011b\u0159 ritu\u00e1lem.<\/p>\n<p>Nakupov\u00e1n\u00ed a um\u011bn\u00ed jsou tak\u00e9 protk\u00e1ny do ka\u017edodenn\u00edho \u017eivota. Tr\u017enice kr\u00e1lovny Viktorie (\u201eTr\u017enice Vic\u201c) \u2013 nejv\u011bt\u0161\u00ed tr\u017enice pod \u0161ir\u00fdm nebem na ji\u017en\u00ed polokouli \u2013 je obl\u00edben\u00fdm m\u00edstem pro j\u00eddlo a \u0159emesla. Um\u011bleck\u00e1 z\u00f3na na St Kilda Road a NGV (N\u00e1rodn\u00ed galerie Viktorie) odr\u00e1\u017eej\u00ed d\u016fraz Melbourne na kreativitu. Stru\u010dn\u011b \u0159e\u010deno, Melbourne p\u016fsob\u00ed jako sofistikovan\u00e9, sv\u011btsk\u00e9 m\u011bsto: m\u00edstn\u00ed jsou hrd\u00ed na sv\u016fj sport, k\u00e1vu a um\u011bn\u00ed a n\u00e1v\u0161t\u011bvn\u00edci si rychle v\u0161imnou siln\u00e9 \u201em\u011bstsk\u00e9 atmosf\u00e9ry\u201c.<\/p>\n<p>Melbourne nab\u00edz\u00ed nep\u0159ebern\u00e9 mno\u017estv\u00ed atrakc\u00ed. Srdcem m\u011bsta je Federation Square (Fed Square), modern\u00ed n\u00e1m\u011bst\u00ed s hranat\u00fdmi budovami a muzei, kter\u00e9 je \u00fast\u0159edn\u00edm bodem kulturn\u00ed \u010dtvrti m\u011bsta. Naproti p\u0159es ulici se nach\u00e1z\u00ed stanice Flinders Street s ikonickou \u017elutou fas\u00e1dou \u2013 ob\u011b pat\u0159\u00ed k m\u011bstsk\u00fdm pam\u00e1tk\u00e1m, kter\u00e9 mus\u00edte vid\u011bt. Kousek p\u011b\u0161ky nebo tramvaj\u00ed po St Kilda Road se nach\u00e1zej\u00ed v\u00fdznamn\u00e9 instituce: N\u00e1rodn\u00ed galerie Viktorie, Um\u011bleck\u00e9 centrum Melbourne a botanick\u00e1 zahrada. V\u011b\u017e Eureka Tower v Southbanku je slavn\u00e1: jej\u00ed vyhl\u00eddkov\u00e1 plo\u0161ina (zn\u00e1m\u00e1 jako Melbourne Observation Deck) na 88. pat\u0159e nab\u00edz\u00ed 360\u00b0 v\u00fdhled na m\u011bsto a z\u00e1liv. (S v\u00fd\u0161kou 230 m je to nejvy\u0161\u0161\u00ed ve\u0159ejn\u00e9 vyhl\u00eddkov\u00e9 m\u00edsto na ji\u017en\u00ed polokouli.)<\/p>\n<p>Mezi dal\u0161\u00ed zaj\u00edmavosti pat\u0159\u00ed: trh kr\u00e1lovny Viktorie, kde si m\u016f\u017eete nakoupit \u010derstv\u00e9 produkty a suven\u00fdry (poch\u00e1z\u00ed z roku 1878 a st\u00e1le je ru\u0161n\u00fdm m\u00edstem); historick\u00e1 n\u00e1kupn\u00ed centra na Collins Street a Bourke Street; a samotn\u00e1 \u010dtvr\u0165 Federation Square, kde se konaj\u00ed bezplatn\u00e9 akce a galerie. Tak\u00e9 slavn\u00e9 uli\u010dky m\u011bsta jsou atrakc\u00ed: m\u00edsta jako Hosier Lane l\u00e1kaj\u00ed turisty sv\u00fdm pouli\u010dn\u00edm um\u011bn\u00edm a skryt\u00fdmi kav\u00e1rnami.<\/p>\n<p>Nechyb\u00ed ani sport a z\u00e1bava: pro fanou\u0161ky jsou k dispozici prohl\u00eddky melbournsk\u00e9ho kriketov\u00e9ho h\u0159i\u0161t\u011b a ar\u00e9ny Rod Laver (tenis) a v oblasti Docklands u p\u0159\u00edstavu se nach\u00e1z\u00ed modern\u00ed restaurace a vyhl\u00eddkov\u00e9 kolo Melbourne Star. Kr\u00e1tk\u00fd v\u00fdlet za centr\u00e1ln\u00ed obchodn\u00ed centrum zahrnuje pl\u00e1\u017ee St Kilda a Brighton (s pl\u00e1\u017eov\u00fdmi boxy) a atrakce v lunaparku. Nedaleko je tak\u00e9 venkov \u2013 obl\u00edben\u00fdmi jednodenn\u00edmi v\u00fdlety jsou Phillip Island (pr\u016fvod tu\u010d\u0148\u00e1k\u016f), poloostrov Mornington (vina\u0159stv\u00ed a hork\u00e9 prameny) a Great Ocean Road (malebn\u00e1 pob\u0159e\u017en\u00ed cesta).<\/p>\n<p>Stru\u010dn\u011b \u0159e\u010deno, kontroln\u00ed seznam pro n\u00e1v\u0161t\u011bvn\u00edky \u010dasto zn\u00ed: nav\u0161t\u00edvit n\u00e1m\u011bst\u00ed Federace a provozovat NGV; sjet trajektem po \u0159ece Yarra; prohl\u00e9dnout si pouli\u010dn\u00ed um\u011bn\u00ed v uli\u010dk\u00e1ch m\u011bsta; proj\u00edt se trhem kr\u00e1lovny Viktorie; vystoupit na v\u011b\u017e Eureka; a pokud to \u010das dovol\u00ed, ud\u011blat si kr\u00e1tk\u00fd v\u00fdlet na pl\u00e1\u017e St Kilda. Tyto ikonick\u00e9 z\u00e1\u017eitky spolu s pozn\u00e1v\u00e1n\u00edm rozmanit\u00fdch \u010dtvrt\u00ed daj\u00ed n\u00e1v\u0161t\u011bvn\u00edkovi skute\u010dnou atmosf\u00e9ru Melbourne.<\/p>\n<p>Melbourne je velmi dob\u0159e dostupn\u00e9. Leti\u0161t\u011b Melbourne (Tullamarine) je hlavn\u00ed mezin\u00e1rodn\u00ed vstupn\u00ed branou (druh\u00e9 nejru\u0161n\u011bj\u0161\u00ed leti\u0161t\u011b v zemi). Leti\u0161t\u011b Avalon, asi 50 km na jih, nab\u00edz\u00ed levn\u00e9 vnitrost\u00e1tn\u00ed a n\u011bkter\u00e9 asijsk\u00e9 lety. Ob\u011b leti\u0161t\u011b maj\u00ed \u010dast\u00e9 kyvadlov\u00e9 a vlakov\u00e9 spojen\u00ed do m\u011bsta. D\u00e1lkov\u00e9 vlaky a autobusy p\u0159ij\u00ed\u017ed\u011bj\u00ed na stanici Southern Cross v centr\u00e1ln\u00ed obchodn\u00ed \u010dtvrti. Silnice do Melbourne zahrnuj\u00ed n\u011bkolik d\u00e1lnic (M1 ze Sydney\/Albury, M31 z Canberry), kter\u00e9 se sb\u00edhaj\u00ed na m\u011bstsk\u00e9 okruhy.<\/p>\n<p>Ve m\u011bst\u011b je rozs\u00e1hl\u00e1 ve\u0159ejn\u00e1 doprava. S\u00ed\u0165 metra (s kone\u010dnou stanic\u00ed Flinders Street) pokr\u00fdv\u00e1 i p\u0159edm\u011bst\u00ed; tramvajov\u00e1 s\u00ed\u0165 v centr\u00e1ln\u00ed oblasti je nejv\u011bt\u0161\u00ed na sv\u011bt\u011b (p\u0159ibli\u017en\u011b 250 km trat\u00ed). Tramvaje dokonce provozuj\u00ed voln\u00fd prostor v centr\u00e1ln\u00ed \u010d\u00e1sti m\u011bsta, co\u017e usnad\u0148uje kr\u00e1tk\u00e9 cesty. K dispozici je tak\u00e9 modern\u00ed vozov\u00fd park autobus\u016f. Melbourne je obecn\u011b velmi dob\u0159e dostupn\u00e9 p\u011b\u0161ky v centru m\u011bsta a vnit\u0159n\u00edch p\u0159edm\u011bst\u00edch. Mnoho n\u00e1v\u0161t\u011bvn\u00edk\u016f pova\u017euje za pohodln\u00e9 bydlet pobl\u00ed\u017e centra a do odlehl\u00fdch oblast\u00ed pou\u017e\u00edvat tramvaje\/tax\u00edky.<\/p>\n<p>Ka\u017edodenn\u00ed \u017eivot v Melbourne je pro mezin\u00e1rodn\u00ed n\u00e1v\u0161t\u011bvn\u00edky jednoduch\u00fd. Pou\u017e\u00edvaj\u00ed se australsk\u00e9 dolary; kreditn\u00ed karty a bezkontaktn\u00ed platby jsou akceptov\u00e1ny t\u00e9m\u011b\u0159 v\u0161ude. Angli\u010dtina je dominantn\u00edm jazykem. Neexistuje zde \u017e\u00e1dn\u00e1 kultura d\u00e1v\u00e1n\u00ed spropitn\u00e9ho jako v USA, ale v restaurac\u00edch se cen\u00ed mal\u00e9 spropitn\u00e9 (10 %) za dobrou obsluhu. Spole\u010densk\u00e1 etiketa je neform\u00e1ln\u00ed: sta\u010d\u00ed jednoduch\u00e9 pod\u00e1n\u00ed ruky nebo pozdrav \u201eG&#039;day\u201c; lid\u00e9 maj\u00ed tendenci se oslovovat k\u0159estn\u00edmi jm\u00e9ny. P\u0159\u00e1telsk\u00e1 pozn\u00e1mka: Po\u010das\u00ed v Melbourne m\u016f\u017ee b\u00fdt nep\u0159edv\u00eddateln\u00e9, proto je moudr\u00e9 m\u00edt s sebou lehkou bundu do de\u0161t\u011b i za slune\u010dn\u00e9ho dne. Z bezpe\u010dnostn\u00edch d\u016fvod\u016f je Melbourne podle glob\u00e1ln\u00edch standard\u016f bezpe\u010dn\u00e9 m\u011bsto, ale plat\u00ed standardn\u00ed m\u011bstsk\u00e1 opat\u0159en\u00ed (nap\u0159. vyh\u00fdbejte se slab\u011b osv\u011btlen\u00fdm uli\u010dk\u00e1m v noci). Stru\u010dn\u011b \u0159e\u010deno, n\u00e1v\u0161t\u011bvn\u00edci shledaj\u00ed Melbourne snadno orientovateln\u00fdm, s cedulemi v angli\u010dtin\u011b, spolehlivou s\u00edt\u00ed taxi\/zast\u00e1vek a p\u0159ehledn\u00fdmi mapami dostupn\u00fdmi na n\u00e1dra\u017e\u00edch. Tip pro turisty: po\u0159i\u010fte si kartu Myki (dob\u00edjec\u00ed dopravn\u00ed pr\u016fkaz) pro bezprobl\u00e9mov\u00e9 cestov\u00e1n\u00ed vlaky, tramvajemi a autobusy.<\/p>","protected":false},"excerpt":{"rendered":"<p>Melbourne je hlavn\u00ed a nejlidnat\u011bj\u0161\u00ed m\u011bsto australsk\u00e9ho st\u00e1tu Victoria. Druh\u00e9 nejlidnat\u011bj\u0161\u00ed m\u011bsto v Austr\u00e1lii, hned po Sydney. Obvykle se vztahuje na rozs\u00e1hlou metropolitn\u00ed oblast o rozloze 9 993 km\u00b2, n\u011bkdy zn\u00e1mou jako Velk\u00e9 Melbourne, n\u00e1zev \u201eMelbourne\u201c. A\u010dkoli se tento n\u00e1zev pou\u017e\u00edv\u00e1 zejm\u00e9na pro m\u00edstn\u00ed samospr\u00e1vu m\u011bsta Melbourne, soust\u0159ed\u011bnou kolem ru\u0161n\u00e9 centr\u00e1ln\u00ed obchodn\u00ed \u010dtvrti, tato m\u011bstsk\u00e1 aglomerace se skl\u00e1d\u00e1 z 31 m\u00edstn\u00edch obc\u00ed. M\u011bsto sah\u00e1 od poloostrova Mornington, oblast\u00ed West Gippsland, vnitrozem\u00ed sm\u011brem k \u00fadol\u00ed Yarra, poho\u0159\u00ed Dandenong a poho\u0159\u00ed Macedon a rozkl\u00e1d\u00e1 se na velk\u00e9 \u010d\u00e1sti severn\u00edho a v\u00fdchodn\u00edho pob\u0159e\u017e\u00ed z\u00e1livu Port Phillip. Metropolitn\u00ed populace Melbourne, kter\u00e1 tvo\u0159\u00ed 19 % celkov\u00e9 populace Austr\u00e1lie, \u010dinila v roce 2023 t\u00e9m\u011b\u0159 5,2 milionu obyvatel. Obyvatel\u00e9 m\u011bsta jsou n\u011bkdy ozna\u010dov\u00e1ni jako \u201eMelbur\u0148an\u00e9\u201c.<\/p>","protected":false},"author":1,"featured_media":3672,"parent":9806,"menu_order":0,"comment_status":"closed","ping_status":"closed","template":"elementor_theme","meta":{"_eb_attr":"","footnotes":""},"class_list":["post-9812","page","type-page","status-publish","has-post-thumbnail"],"_links":{"self":[{"href":"https:\/\/travelshelper.com\/cs\/wp-json\/wp\/v2\/pages\/9812","targetHints":{"allow":["GET"]}}],"collection":[{"href":"https:\/\/travelshelper.com\/cs\/wp-json\/wp\/v2\/pages"}],"about":[{"href":"https:\/\/travelshelper.com\/cs\/wp-json\/wp\/v2\/types\/page"}],"author":[{"embeddable":true,"href":"https:\/\/travelshelper.com\/cs\/wp-json\/wp\/v2\/users\/1"}],"replies":[{"embeddable":true,"href":"https:\/\/travelshelper.com\/cs\/wp-json\/wp\/v2\/comments?post=9812"}],"version-history":[{"count":0,"href":"https:\/\/travelshelper.com\/cs\/wp-json\/wp\/v2\/pages\/9812\/revisions"}],"up":[{"embeddable":true,"href":"https:\/\/travelshelper.com\/cs\/wp-json\/wp\/v2\/pages\/9806"}],"wp:featuredmedia":[{"embeddable":true,"href":"https:\/\/travelshelper.com\/cs\/wp-json\/wp\/v2\/media\/3672"}],"wp:attachment":[{"href":"https:\/\/travelshelper.com\/cs\/wp-json\/wp\/v2\/media?parent=9812"}],"curies":[{"name":"wp","href":"https:\/\/api.w.org\/{rel}","templated":true}]}}