{"id":9800,"date":"2024-09-08T23:47:48","date_gmt":"2024-09-08T23:47:48","guid":{"rendered":"https:\/\/travelshelper.com\/staging\/?page_id=9800"},"modified":"2026-03-13T22:57:40","modified_gmt":"2026-03-13T22:57:40","slug":"suva","status":"publish","type":"page","link":"https:\/\/travelshelper.com\/cs\/destinations\/australia-and-oceania\/fiji\/suva\/","title":{"rendered":"Suva"},"content":{"rendered":"<p>Suva je hlavn\u00edm i nejv\u011bt\u0161\u00edm m\u011bstem Fid\u017ei. Funguje jako centr\u00e1ln\u00ed centrum nejv\u011bt\u0161\u00ed metropolitn\u00ed oblasti zem\u011b a funguje jako jej\u00ed hlavn\u00ed p\u0159\u00edstav. Suva, kter\u00e1 se nach\u00e1z\u00ed na jihov\u00fdchodn\u00edm pob\u0159e\u017e\u00ed Viti Levu, nejv\u011bt\u0161\u00edho ostrova Fid\u017ei, se nach\u00e1z\u00ed v provincii Rewa v Centr\u00e1ln\u00ed divizi. Toto m\u011bsto p\u0159edstavuje kombinaci historick\u00e9ho v\u00fdznamu a sou\u010dasn\u00e9 vitality, co\u017e z n\u011bj d\u011bl\u00e1 kl\u00ed\u010dov\u00e9 m\u00edsto v ji\u017en\u00edm Pacifiku.<\/p>\n<p>Suva byla jmenov\u00e1na hlavn\u00edm m\u011bstem Fid\u017ei v roce 1877 po sv\u00e9m p\u0159em\u00edst\u011bn\u00ed z Levuky, kter\u00e1 byla v t\u00e9 dob\u011b hlavn\u00edm evropsk\u00fdm koloni\u00e1ln\u00edm s\u00eddlem. Geografick\u00e1 omezen\u00ed Levuky, le\u017e\u00edc\u00ed mezi strm\u00fdmi horami a mo\u0159em, znemo\u017e\u0148ovala jej\u00ed expanzi. V roce 1882 byla spr\u00e1va ofici\u00e1ln\u011b p\u0159evedena do Suvy, \u010d\u00edm\u017e se m\u011bsto stalo centrem spr\u00e1vy a rozvoje Fid\u017ei.<\/p>\n<p>Podle s\u010d\u00edt\u00e1n\u00ed lidu z roku 2017 \u017eila Suva 93 970 obyvatel. Metropolitn\u00ed oblast spolu s autonomn\u00edmi p\u0159edm\u011bst\u00edmi m\u011bla 185 913 obyvatel. M\u011bstsk\u00e9 obyvatelstvo, kdy\u017e se se\u010dte p\u0159ilehl\u00e9 obce Lami, Nasinu a Nausori, dosahuje p\u0159ibli\u017en\u011b 330 000, co\u017e p\u0159edstavuje v\u00edce ne\u017e t\u0159etinu celkov\u00e9 populace Fid\u017ei. M\u011bstsk\u00fd komplex zn\u00e1m\u00fd jako koridor Suva-Nausori podtrhuje v\u00fdznam Suvy jako\u017eto centr\u00e1ln\u00edho uzlu v r\u00e1mci m\u011bstsk\u00e9ho r\u00e1mce Fid\u017ei.<\/p>\n<p>Suva slou\u017e\u00ed jako politick\u00e9 centrum i ekonomick\u00e9 a kulturn\u00ed hlavn\u00ed m\u011bsto Fid\u017ei. M\u011bsto je hlavn\u00edm m\u00edstem pro region\u00e1ln\u00ed s\u00eddla mnoha mezin\u00e1rodn\u00edch korporac\u00ed, agentur a diplomatick\u00fdch mis\u00ed. M\u011bsto je zn\u00e1m\u00e9 sv\u00fdm pulzuj\u00edc\u00edm um\u011bn\u00edm a performativn\u00ed sc\u00e9nou a z\u00edsk\u00e1v\u00e1 si uzn\u00e1n\u00ed jako m\u00f3dn\u00ed centrum ji\u017en\u00edho Pacifiku. Historick\u00e1 m\u00edsta, kter\u00e1 zd\u016fraz\u0148uj\u00ed koloni\u00e1ln\u00ed d\u011bdictv\u00ed Suvy, jako je Carnegieho knihovna v Suv\u011b a vl\u00e1dn\u00ed komplex, vylep\u0161uj\u00ed kulturn\u00ed prost\u0159ed\u00ed m\u011bsta.<\/p>\n<p>Suva se nach\u00e1z\u00ed na kopcovit\u00e9m poloostrov\u011b obklopuj\u00edc\u00edm p\u0159\u00edstav, soused\u00edc\u00ed se z\u00e1livem Laucala a p\u0159\u00edstavem Suva. Hory na severu a z\u00e1pad\u011b zachycuj\u00ed jihov\u00fdchodn\u00ed pas\u00e1ty, co\u017e m\u00e1 za n\u00e1sledek trvale vlhk\u00e9 klima po cel\u00fd rok. P\u0159esto\u017ee se Suva nach\u00e1z\u00ed bl\u00edzko oce\u00e1nu, jej\u00ed pob\u0159e\u017e\u00ed se vyzna\u010duje mangrovovou vegetac\u00ed a nejbli\u017e\u0161\u00ed pl\u00e1\u017e\u00ed je Pacific Harbour. Charakteristick\u00fd geografick\u00fd kontext umoc\u0148uje atraktivitu a identitu Suvy.<\/p>\n<p>Suva se vyzna\u010duje rozmanit\u00fdm kulturn\u00edm slo\u017een\u00edm, kter\u00e9 tvo\u0159\u00ed p\u0159ev\u00e1\u017en\u011b domorod\u00ed Fid\u017eijci a Indo-Fid\u017eijci. Ve m\u011bst\u011b \u017eije \u0159ada etnick\u00fdch men\u0161in, jako jsou Rotuman\u00e9, Lauan\u00e9, Evropan\u00e9 a \u010c\u00ed\u0148an\u00e9. Jazykov\u00e1 rozmanitost v Suv\u011b je z\u0159ejm\u00e1, p\u0159i\u010dem\u017e p\u0159evl\u00e1daj\u00ed angli\u010dtina, fid\u017eij\u0161tina a fid\u017eijsk\u00e1 hind\u0161tina.<\/p>\n<p>M\u011bsto slou\u017e\u00ed jako v\u00fdznamn\u00e9 vzd\u011bl\u00e1vac\u00ed centrum a nach\u00e1z\u00ed se zde hlavn\u00ed kampus Univerzity ji\u017en\u00edho Pacifiku (USP). Tato instituce p\u0159itahuje studenty z r\u016fzn\u00fdch tichomo\u0159sk\u00fdch oblast\u00ed, \u010d\u00edm\u017e posiluje kulturn\u00ed rozmanitost Suvy. Fid\u017eijsk\u00e9 muzeum, kter\u00e9 se nach\u00e1z\u00ed v Thurston Gardens, poskytuje p\u0159ehled o rozs\u00e1hl\u00e9 historii a kultu\u0159e Fid\u017ei a obsahuje nejv\u011bt\u0161\u00ed sb\u00edrku fid\u017eijsk\u00fdch artefakt\u016f na sv\u011bt\u011b.<\/p>\n<p>Vznik modern\u00edch n\u00e1kupn\u00edch center, jako je Suva Central Shopping Mall a TappooCity, kter\u00e1 m\u011bstu dod\u00e1vaj\u00ed modern\u00ed estetiku, charakterizuje m\u011bstskou krajinu Suvy jako neust\u00e1le se vyv\u00edjej\u00edc\u00ed. Integrace t\u011bchto developersk\u00fdch projekt\u016f s tradi\u010dn\u00edmi n\u00e1kupn\u00edmi oblastmi, jako je Cumming Street, vytv\u00e1\u0159\u00ed kontrast historick\u00fdch a sou\u010dasn\u00fdch prvk\u016f, co\u017e p\u0159isp\u00edv\u00e1 k postaven\u00ed Suvy jako dynamick\u00e9ho a sofistikovan\u00e9ho m\u011bstsk\u00e9ho centra.<\/p>","protected":false},"excerpt":{"rendered":"<p>Suva je hlavn\u00edm i nejv\u011bt\u0161\u00edm m\u011bstem Fid\u017ei. Funguje jako centr\u00e1ln\u00ed centrum nejv\u011bt\u0161\u00ed metropolitn\u00ed oblasti zem\u011b a funguje jako jej\u00ed hlavn\u00ed p\u0159\u00edstav. Suva, kter\u00e1 se nach\u00e1z\u00ed na jihov\u00fdchodn\u00edm pob\u0159e\u017e\u00ed Viti Levu, nejv\u011bt\u0161\u00edho ostrova Fid\u017ei, se nach\u00e1z\u00ed v provincii Rewa v Centr\u00e1ln\u00ed divizi. Toto m\u011bsto p\u0159edstavuje kombinaci historick\u00e9ho v\u00fdznamu a sou\u010dasn\u00e9 vitality, co\u017e z n\u011bj d\u011bl\u00e1 kl\u00ed\u010dov\u00e9 m\u00edsto v ji\u017en\u00edm Pacifiku.<\/p>","protected":false},"author":1,"featured_media":3855,"parent":9785,"menu_order":0,"comment_status":"closed","ping_status":"closed","template":"elementor_theme","meta":{"_eb_attr":"","footnotes":""},"class_list":["post-9800","page","type-page","status-publish","has-post-thumbnail"],"_links":{"self":[{"href":"https:\/\/travelshelper.com\/cs\/wp-json\/wp\/v2\/pages\/9800","targetHints":{"allow":["GET"]}}],"collection":[{"href":"https:\/\/travelshelper.com\/cs\/wp-json\/wp\/v2\/pages"}],"about":[{"href":"https:\/\/travelshelper.com\/cs\/wp-json\/wp\/v2\/types\/page"}],"author":[{"embeddable":true,"href":"https:\/\/travelshelper.com\/cs\/wp-json\/wp\/v2\/users\/1"}],"replies":[{"embeddable":true,"href":"https:\/\/travelshelper.com\/cs\/wp-json\/wp\/v2\/comments?post=9800"}],"version-history":[{"count":0,"href":"https:\/\/travelshelper.com\/cs\/wp-json\/wp\/v2\/pages\/9800\/revisions"}],"up":[{"embeddable":true,"href":"https:\/\/travelshelper.com\/cs\/wp-json\/wp\/v2\/pages\/9785"}],"wp:featuredmedia":[{"embeddable":true,"href":"https:\/\/travelshelper.com\/cs\/wp-json\/wp\/v2\/media\/3855"}],"wp:attachment":[{"href":"https:\/\/travelshelper.com\/cs\/wp-json\/wp\/v2\/media?parent=9800"}],"curies":[{"name":"wp","href":"https:\/\/api.w.org\/{rel}","templated":true}]}}