{"id":9661,"date":"2024-09-08T21:01:07","date_gmt":"2024-09-08T21:01:07","guid":{"rendered":"https:\/\/travelshelper.com\/staging\/?page_id=9661"},"modified":"2026-03-13T23:10:04","modified_gmt":"2026-03-13T23:10:04","slug":"papua-nova-guinea","status":"publish","type":"page","link":"https:\/\/travelshelper.com\/cs\/destinations\/australia-and-oceania\/papua-new-guinea\/","title":{"rendered":"Papua-Nov\u00e1 Guinea"},"content":{"rendered":"<p>Papua Nov\u00e1 Guinea, zn\u00e1m\u00e1 tak\u00e9 jako Nez\u00e1visl\u00fd st\u00e1t Papua Nov\u00e1 Guinea, se nach\u00e1z\u00ed v Oce\u00e1nii. Spolu s v\u00fdchodn\u00ed polovinou ostrova Nov\u00e1 Guinea zahrnuje n\u011bkolik pob\u0159e\u017en\u00edch ostrov\u016f v Melan\u00e9sii, oblasti jihoz\u00e1padn\u00edho Tich\u00e9ho oce\u00e1nu severn\u011b od Austr\u00e1lie. Strategick\u00e1 poloha Papuy Nov\u00e9 Guineje ji stav\u00ed do bl\u00edzkosti n\u011bkolika v\u00fdznamn\u00fdch soused\u016f: Austr\u00e1lie na jihu, \u0160alamounov\u00fdch ostrov\u016f na v\u00fdchod\u011b a Indon\u00e9sie na z\u00e1pad\u011b. Port Moresby na ji\u017en\u00edm pob\u0159e\u017e\u00ed je hlavn\u00edm m\u011bstem zem\u011b a centrem jej\u00ed politiky a obchodu.<\/p>\n<p>Papua Nov\u00e1 Guinea, t\u0159et\u00ed nejv\u011bt\u0161\u00ed ostrovn\u00ed st\u00e1t sv\u011bta, m\u00e1 rozlohu 462 840 kilometr\u016f \u010dtvere\u010dn\u00edch (178 700 mil \u010dtvere\u010dn\u00edch). Tuto rozlehlou oblast definuje mnoho m\u00edst, od mangrovov\u00fdch porost\u016f a pob\u0159e\u017en\u00edch pl\u00e1\u017e\u00ed a\u017e po strm\u00e9 kopce a hlubok\u00e9 de\u0161tn\u00e9 pralesy. Topografie zem\u011b, kter\u00e1 nab\u00edz\u00ed \u00fachvatnou scen\u00e9rii, je kl\u00ed\u010dov\u00e1 pro jej\u00ed biologickou i kulturn\u00ed rozmanitost.<\/p>\n<p>D\u016fle\u017eit\u00e9 sv\u011btov\u00e9 ud\u00e1losti a koloni\u00e1ln\u00ed vlivy formovaly historii Papuy-Nov\u00e9 Guineje jako zem\u011b. V 80. letech 19. stolet\u00ed se \u00fazem\u00ed odd\u011blilo od N\u011bmeck\u00e9 Nov\u00e9 Guineje na severu a Britsk\u00e9ho \u00fazem\u00ed Papuy na jihu. Po prvn\u00ed sv\u011btov\u00e9 v\u00e1lce se cel\u00e9 \u00fazem\u00ed dostalo pod australskou kontrolu pot\u00e9, co bylo z n\u011bmeck\u00e9 kolonie z\u0159\u00edzeno \u00dazem\u00ed Nov\u00e9 Guineje jako mise Spole\u010dnosti n\u00e1rod\u016f. N\u00e1rod, v\u00fdznamn\u00e9 boji\u0161t\u011b, byl sv\u011bdkem nel\u00edtostn\u00fdch boj\u016f, kter\u00e9 ovlivnily jeho soudob\u00e9 d\u011bjiny b\u011bhem kampan\u011b na Nov\u00e9 Guineji za druh\u00e9 sv\u011btov\u00e9 v\u00e1lky.<\/p>\n<p>Po z\u00edsk\u00e1n\u00ed nez\u00e1vislosti v roce 1975 se Papua Nov\u00e1 Guinea stala pod veden\u00edm Al\u017eb\u011bty II. sou\u010d\u00e1st\u00ed Commonwealthu. Tento postoj z\u016fstal a\u017e do jej\u00ed smrti v roce 2022, kdy ji na tr\u016fn nastoupil Karel III. Vzhledem ke sv\u00e9 koloni\u00e1ln\u00ed minulosti politick\u00fd syst\u00e9m a zahrani\u010dn\u00ed politika zem\u011b ukazuj\u00ed jej\u00ed v\u016fli b\u00fdt v\u00fdznamn\u00fdm \u00fa\u010dastn\u00edkem region\u00e1ln\u00edho i glob\u00e1ln\u00edho d\u011bn\u00ed.<\/p>\n<p>Jednou z nejpozoruhodn\u011bj\u0161\u00edch vlastnost\u00ed Papuy-Nov\u00e9 Guineje je jej\u00ed jazykov\u00e1 rozmanitost. S 840 zn\u00e1m\u00fdmi jazyky, v\u010detn\u011b angli\u010dtiny, je tato zem\u011b jazykov\u011b nejrozmanit\u011bj\u0161\u00ed na sv\u011bt\u011b. Tato jazykov\u00e1 rozmanitost je d\u016fkazem jak kulturn\u00ed rozmanitosti zem\u011b, tak i vytrvalosti jej\u00edch p\u016fvodn\u00edch obyvatel. P\u0159esto\u017ee existuje rozmanitost, Papua-Nov\u00e1 Guinea je st\u00e1le v podstat\u011b venkovsk\u00fdm n\u00e1rodem; v roce 2019 \u017eilo ve m\u011bstech sotva 13,25 % populace. \u017divot v tradi\u010dn\u00edch vesnic\u00edch pom\u00e1h\u00e1 v\u011bt\u0161in\u011b obyvatel zachovat si tradi\u010dn\u00ed \u017eivotn\u00ed styl, kter\u00fd je nezbytn\u00fd pro jejich soci\u00e1ln\u00ed strukturu a identitu.<\/p>\n<p>Co se t\u00fd\u010de po\u010dtu obyvatel, Papua Nov\u00e1 Guinea se py\u0161n\u00ed nejv\u011bt\u0161\u00edm po\u010dtem obyvatel ze v\u0161ech tichomo\u0159sk\u00fdch ostrovn\u00edch st\u00e1t\u016f. P\u0159edpov\u011bdi na prosinec 2022 ukazuj\u00ed, \u017ee populace by se mohla p\u0159ibl\u00ed\u017eit 17 milion\u016fm, ne\u017e jak\u00fd \u010dinil p\u0159edchoz\u00ed vl\u00e1dn\u00ed odhad 9,4 milionu. Tento rozd\u00edl zd\u016fraz\u0148uje, jak n\u00e1ro\u010dn\u00e9 je spo\u010d\u00edtat po\u010det obyvatel v zemi s tak rozmanitou a slo\u017eitou topografi\u00ed. Hospoda\u0159en\u00ed s p\u0159\u00edrodn\u00edmi zdroji a jejich rozvoj jsou do zna\u010dn\u00e9 m\u00edry ovlivn\u011bny t\u00edm, jak populace zem\u011b roste a rozr\u016fst\u00e1 se.<\/p>\n<p>Dal\u0161\u00edm zn\u00e1m\u00fdm atributem Papuy-Nov\u00e9 Guineje je velk\u00e1 hojnost zv\u00ed\u0159at. N\u011bkter\u00e9 odhady uv\u00e1d\u011bj\u00ed rozmanit\u00e9 ekosyst\u00e9my zem\u011b jako domov mnoha neobjeven\u00fdch rostlinn\u00fdch a \u017eivo\u010di\u0161n\u00fdch druh\u016f, co\u017e z n\u00ed \u010din\u00ed \u017e\u00e1dan\u00e9 m\u00edsto pro biologick\u00e9 studie a programy ochrany p\u0159\u00edrody. Toto p\u0159\u00edrodn\u00ed bohatstv\u00ed je z\u00e1rove\u0148 v\u00fdhodou i probl\u00e9mem, proto\u017ee vy\u017eaduje pe\u010dliv\u00e9 hospoda\u0159en\u00ed, kter\u00e9 slad\u00ed ochranu \u017eivotn\u00edho prost\u0159ed\u00ed s ekonomick\u00fdm r\u016fstem.<\/p>\n<p>Mezin\u00e1rodn\u00ed m\u011bnov\u00fd fond hodnot\u00ed ekonomiku Papuy-Nov\u00e9 Guineje jako rozv\u00edjej\u00edc\u00ed se. Asi \u010dty\u0159icet procent obyvatel pracuje jako zem\u011bd\u011blci pro vlastn\u00ed pot\u0159ebu, v podstat\u011b mimo m\u011bnov\u00fd syst\u00e9m. \u00dastava Papuy-Nov\u00e9 Guineje, kter\u00e1 konkr\u00e9tn\u011b uzn\u00e1v\u00e1 a br\u00e1n\u00ed tento tradi\u010dn\u00ed zp\u016fsob \u017eivota, zd\u016fraz\u0148uje hodnotu tradi\u010dn\u00edch vesnic a komunit jako funk\u010dn\u00edch soci\u00e1ln\u00edch entit. Toto \u00fastavn\u00ed uzn\u00e1n\u00ed podtrhuje v\u00fdznam domorod\u00fdch soci\u00e1ln\u00edch struktur p\u0159i definov\u00e1n\u00ed identity a vl\u00e1dy n\u00e1roda.<\/p>\n<p>Na sv\u011btov\u00e9 sc\u00e9n\u011b se Papua Nov\u00e1 Guinea aktivn\u011b \u00fa\u010dastn\u00ed \u010dinnosti n\u011bkolika region\u00e1ln\u00edch a mezin\u00e1rodn\u00edch organizac\u00ed. P\u016fvodn\u011b byla od roku 1976 pozorovatelsk\u00fdm st\u00e1tem a pot\u00e9 po\u017e\u00e1dala o pln\u00e9 \u010dlenstv\u00ed ve Sdru\u017een\u00ed n\u00e1rod\u016f jihov\u00fdchodn\u00ed Asie (ASEAN). Mezi plnopr\u00e1vn\u00e9 \u010dleny uznan\u00e9 Tichomo\u0159sk\u00fdm spole\u010denstv\u00edm, F\u00f3rem tichomo\u0159sk\u00fdch ostrov\u016f, Spole\u010denstv\u00edm n\u00e1rod\u016f a Organizac\u00ed spojen\u00fdch n\u00e1rod\u016f pat\u0159\u00ed... Tyto vazby ukazuj\u00ed, jak je Papua Nov\u00e1 Guinea odd\u00e1na region\u00e1ln\u00ed spolupr\u00e1ci a jak moc chce ovliv\u0148ovat sv\u011btov\u00e9 d\u011bn\u00ed.<\/p>","protected":false},"excerpt":{"rendered":"<p>Papua Nov\u00e1 Guinea, zn\u00e1m\u00e1 tak\u00e9 jako Nez\u00e1visl\u00fd st\u00e1t Papua Nov\u00e1 Guinea, se nach\u00e1z\u00ed v Oce\u00e1nii. Spolu s v\u00fdchodn\u00ed polovinou ostrova Nov\u00e1 Guinea zahrnuje n\u011bkolik pob\u0159e\u017en\u00edch ostrov\u016f v Melan\u00e9sii, oblasti jihoz\u00e1padn\u00edho Tich\u00e9ho oce\u00e1nu severn\u011b od Austr\u00e1lie. Strategick\u00e1 poloha Papuy Nov\u00e9 Guineje ji stav\u00ed do bl\u00edzkosti n\u011bkolika v\u00fdznamn\u00fdch soused\u016f: Austr\u00e1lie na jihu, \u0160alamounov\u00fdch ostrov\u016f na v\u00fdchod\u011b a Indon\u00e9sie na z\u00e1pad\u011b. Port Moresby na ji\u017en\u00edm pob\u0159e\u017e\u00ed je hlavn\u00edm m\u011bstem zem\u011b a centrem jej\u00ed politiky a obchodu.<\/p>","protected":false},"author":1,"featured_media":3890,"parent":24105,"menu_order":0,"comment_status":"closed","ping_status":"closed","template":"elementor_theme","meta":{"_eb_attr":"","footnotes":""},"class_list":["post-9661","page","type-page","status-publish","has-post-thumbnail"],"_links":{"self":[{"href":"https:\/\/travelshelper.com\/cs\/wp-json\/wp\/v2\/pages\/9661","targetHints":{"allow":["GET"]}}],"collection":[{"href":"https:\/\/travelshelper.com\/cs\/wp-json\/wp\/v2\/pages"}],"about":[{"href":"https:\/\/travelshelper.com\/cs\/wp-json\/wp\/v2\/types\/page"}],"author":[{"embeddable":true,"href":"https:\/\/travelshelper.com\/cs\/wp-json\/wp\/v2\/users\/1"}],"replies":[{"embeddable":true,"href":"https:\/\/travelshelper.com\/cs\/wp-json\/wp\/v2\/comments?post=9661"}],"version-history":[{"count":0,"href":"https:\/\/travelshelper.com\/cs\/wp-json\/wp\/v2\/pages\/9661\/revisions"}],"up":[{"embeddable":true,"href":"https:\/\/travelshelper.com\/cs\/wp-json\/wp\/v2\/pages\/24105"}],"wp:featuredmedia":[{"embeddable":true,"href":"https:\/\/travelshelper.com\/cs\/wp-json\/wp\/v2\/media\/3890"}],"wp:attachment":[{"href":"https:\/\/travelshelper.com\/cs\/wp-json\/wp\/v2\/media?parent=9661"}],"curies":[{"name":"wp","href":"https:\/\/api.w.org\/{rel}","templated":true}]}}