{"id":9583,"date":"2024-09-08T19:33:00","date_gmt":"2024-09-08T19:33:00","guid":{"rendered":"https:\/\/travelshelper.com\/staging\/?page_id=9583"},"modified":"2026-03-13T23:17:37","modified_gmt":"2026-03-13T23:17:37","slug":"vanuatu","status":"publish","type":"page","link":"https:\/\/travelshelper.com\/cs\/destinations\/australia-and-oceania\/vanuatu\/","title":{"rendered":"Vanuatu"},"content":{"rendered":"<p>Vanuatu, ofici\u00e1ln\u011b naz\u00fdvan\u00e9 Republika Vanuatu, je zaj\u00edmav\u00fd ostrovn\u00ed st\u00e1t le\u017e\u00edc\u00ed v centr\u00e1ln\u00ed oblasti Melan\u00e9sie v ji\u017en\u00edm Tich\u00e9m oce\u00e1nu. Toto souostrov\u00ed, zn\u00e1m\u00e9 sv\u00fdmi sope\u010dn\u00fdmi po\u010d\u00e1tky, se nach\u00e1z\u00ed 1 750 kilometr\u016f v\u00fdchodn\u011b od severn\u00ed Austr\u00e1lie, 540 kilometr\u016f severov\u00fdchodn\u011b od Nov\u00e9 Kaledonie, v\u00fdchodn\u011b od Nov\u00e9 Guineje, jihov\u00fdchodn\u011b od \u0160alamounov\u00fdch ostrov\u016f a z\u00e1padn\u011b od Fid\u017ei. Jedine\u010dn\u00e1 geografick\u00e1 poloha Vanuatu vedla ke konvergenci kulturn\u00edch vliv\u016f, co\u017e z n\u011bj d\u011bl\u00e1 v\u00fdznamnou tichomo\u0159skou zemi.<\/p>\n<p>Historie Vanuatu je \u00fazce spjata s Melan\u00e9sany, kte\u0159\u00ed se na ostrovech usadili p\u0159ed tis\u00edci lety. Prvn\u00ed p\u0159ist\u011bhovalci p\u0159inesli sofistikovan\u00e9 kulturn\u00ed zvyky a jazyky, kter\u00e9 p\u0159etrvaly v pr\u016fb\u011bhu \u010dasu. Prvn\u00ed kontakt mezi Evropany a Vanuatu se uskute\u010dnil v roce 1606, kdy \u0161pan\u011blsk\u00e1 expedice zam\u00ed\u0159ila k nejv\u011bt\u0161\u00edmu ostrovu Esp\u00edritu Santo pod veden\u00edm portugalsk\u00e9ho mo\u0159eplavce Fernandese de Queir\u00f3se. Queir\u00f3s, inspirov\u00e1n atraktivitou a mo\u017enostmi ostrova, si n\u00e1rokoval \u0161pan\u011blskou svrchovanost nad souostrov\u00edm jako sou\u010d\u00e1st koloni\u00e1ln\u00ed \u0160pan\u011blsk\u00e9 v\u00fdchodn\u00ed Indie, a tak jej ozna\u010dil za La Austrialia del Esp\u00edritu Santo. A\u010dkoli trvalo stalet\u00ed, ne\u017e se objevily v\u00fdznamn\u00e9 koloni\u00e1ln\u00ed aktivity, znamenalo to za\u010d\u00e1tek evropsk\u00e9 interakce s touto oblast\u00ed.<\/p>\n<p>Koncem 19. stolet\u00ed se prohlubovala interakce Evropy s tichomo\u0159sk\u00fdmi ostrovy \u2013 v\u010detn\u011b Vanuatu. Francie a Spojen\u00e9 kr\u00e1lovstv\u00ed si v 80. letech 19. stolet\u00ed n\u00e1rokovaly \u00fazem\u00ed souostrov\u00ed. Setk\u00e1n\u00ed z\u00e1jm\u016f vedlo v roce 1906 k vytvo\u0159en\u00ed jedine\u010dn\u00e9ho koloni\u00e1ln\u00edho r\u00e1mce, kdy se oba n\u00e1rody dohodly na spole\u010dn\u00e9m dohledu nad ostrovy v r\u00e1mci anglo-francouzsk\u00e9ho kondominia zn\u00e1m\u00e9ho jako Nov\u00e9 Hebridy. Vzhledem k tomu, \u017ee dv\u011b r\u016fzn\u00e9 koloni\u00e1ln\u00ed mocnosti \u2013 ka\u017ed\u00e1 se vyzna\u010duj\u00edc\u00ed jedine\u010dn\u00fdmi jazyky, pr\u00e1vn\u00edmi syst\u00e9my a administrativn\u00edmi technikami \u2013 mus\u00ed spolupracovat, toto uspo\u0159\u00e1d\u00e1n\u00ed vynik\u00e1 v koloni\u00e1ln\u00ed historii. Obdob\u00ed kondomin\u00ed se vyzna\u010dovalo slo\u017eitou a \u010dasto kontroverzn\u00ed strukturou spr\u00e1vy, kter\u00e1 nakonec polo\u017eila z\u00e1klad modern\u00ed politick\u00e9 sc\u00e9ny Vanuatu.<\/p>\n<p>Vzhledem k tomu, \u017ee Vanuatu nebylo z tohoto pravidla v\u00fdjimkou, byla polovina 20. stolet\u00ed obdob\u00edm velk\u00fdch ot\u0159es\u016f a zm\u011bn, kter\u00e9 za\u017e\u00edval cel\u00fd sv\u011bt. V 70. letech 20. stolet\u00ed se objevilo hnut\u00ed za nez\u00e1vislost, poh\u00e1n\u011bn\u00e9 rostouc\u00edm pov\u011bdom\u00edm o n\u00e1rodn\u00ed identit\u011b a silnou touhou po sebeur\u010den\u00ed. Hnut\u00ed zd\u016fraz\u0148ovalo odhodl\u00e1n\u00ed ostrovan\u016f z\u00edskat svobodu prost\u0159ednictv\u00edm komunikace a spolupr\u00e1ce a jasn\u011b se soust\u0159edilo na nen\u00e1siln\u00e9 demonstrace a jedn\u00e1n\u00ed. Po letech pr\u00e1ce se toto \u00fasil\u00ed v roce 1980 uskute\u010dnilo a vznikla Republika Vanuatu. Zm\u011bna sm\u011brem k nez\u00e1vislosti prob\u011bhla pom\u011brn\u011b p\u0159irozen\u011b a umo\u017enila t\u00e9to nov\u011b vznikaj\u00edc\u00ed zemi rychle se prosadit na sv\u011btov\u00e9 sc\u00e9n\u011b.<\/p>\n<p>Vanuatu od z\u00edsk\u00e1n\u00ed nez\u00e1vislosti metodicky interaguje se sv\u011btov\u00fdm spole\u010denstv\u00edm, co\u017e dokazuje \u010dlenstv\u00edm v n\u011bkolika v\u00fdznamn\u00fdch skupin\u00e1ch. Vstupem do Organizace spojen\u00fdch n\u00e1rod\u016f zem\u011b prok\u00e1zala sv\u016fj z\u00e1vazek k sv\u011btov\u00e9mu m\u00edru a skupinov\u00fdm projekt\u016fm. Jako sou\u010d\u00e1st Spole\u010denstv\u00ed n\u00e1rod\u016f si Vanuatu udr\u017euje siln\u00e9 vazby s dal\u0161\u00edmi b\u00fdval\u00fdmi britsk\u00fdmi koloniemi d\u00edky spole\u010dn\u00e9mu kulturn\u00edmu a historick\u00e9mu z\u00e1zem\u00ed. Jeho \u010dlenstv\u00ed v Organizaci mezin\u00e1rodn\u00ed frankofonie tak\u00e9 ukazuje jeho historick\u00e9 vazby na francouzsk\u00fd kolonialismus a pokra\u010duj\u00edc\u00ed vliv francouzsk\u00e9ho jazyka a kultury. Vanuatu je \u010dlenem F\u00f3ra tichomo\u0159sk\u00fdch ostrov\u016f, region\u00e1ln\u00edho org\u00e1nu, jeho\u017e c\u00edlem je podporovat spolupr\u00e1ci a rozvoj mezi zem\u011bmi tichomo\u0159sk\u00fdch ostrov\u016f.<\/p>\n<p>Jednou z obzvl\u00e1\u0161t\u011b pozoruhodn\u00fdch vlastnost\u00ed Vanuatu je jeho velk\u00e1 kulturn\u00ed rozmanitost. D\u00edky v\u00edce ne\u017e 100 domorod\u00fdm jazyk\u016fm pat\u0159\u00ed zem\u011b k jazykov\u011b nejrozmanit\u011bj\u0161\u00edm n\u00e1rod\u016fm sv\u011bta. Dynamick\u00e1 \u0161k\u00e1la kulturn\u00edch praktik, v\u010detn\u011b starov\u011bk\u00e9 hudby a tance, ale i jedine\u010dn\u00fdch ritu\u00e1l\u016f a ob\u0159ad\u016f, zd\u016fraz\u0148uje jazykovou rozmanitost. D\u00edky bohat\u00fdm de\u0161tn\u00fdm prales\u016fm, nedot\u010den\u00fdm pl\u00e1\u017e\u00edm a aktivn\u00edm sopk\u00e1m, kter\u00e9 dopl\u0148uj\u00ed \u0159adu \u00fa\u017easn\u00fdch prost\u0159ed\u00ed a rozmanit\u00fdch ekosyst\u00e9m\u016f, je p\u0159\u00edrodn\u00ed kr\u00e1sa zem\u011b siln\u00fdm argumentem.<\/p>\n<p>Ekonomika Vanuatu se v podstat\u011b op\u00edr\u00e1 o offshore finan\u010dn\u00ed slu\u017eby, cestovn\u00ed ruch a zem\u011bd\u011blstv\u00ed. Bohat\u00e1 sope\u010dn\u00e1 p\u016fda usnad\u0148uje p\u011bstov\u00e1n\u00ed r\u016fzn\u00fdch plodin, v\u010detn\u011b k\u00e1vy, kakaa a kokosov\u00fdch o\u0159ech\u016f \u2013 to v\u0161e je d\u016fle\u017eit\u00fd v\u00fdvozn\u00ed artikl. N\u00e1v\u0161t\u011bvn\u00edky p\u0159itahuje \u00fa\u017easn\u00e1 p\u0159\u00edrodn\u00ed kr\u00e1sa ostrov\u016f, rozmanit\u00e9 kulturn\u00ed d\u011bdictv\u00ed a mo\u017enosti dobrodru\u017estv\u00ed i voln\u00e9ho \u010dasu, co\u017e je hnac\u00ed silou r\u016fstu cestovn\u00edho ruchu.<\/p>","protected":false},"excerpt":{"rendered":"<p>Vanuatu, ofici\u00e1ln\u011b naz\u00fdvan\u00e9 Republika Vanuatu, je zaj\u00edmav\u00fd ostrovn\u00ed st\u00e1t le\u017e\u00edc\u00ed v centr\u00e1ln\u00ed oblasti Melan\u00e9sie v ji\u017en\u00edm Tich\u00e9m oce\u00e1nu. Toto souostrov\u00ed, zn\u00e1m\u00e9 sv\u00fdmi sope\u010dn\u00fdmi po\u010d\u00e1tky, se nach\u00e1z\u00ed 1 750 kilometr\u016f v\u00fdchodn\u011b od severn\u00ed Austr\u00e1lie, 540 kilometr\u016f severov\u00fdchodn\u011b od Nov\u00e9 Kaledonie, v\u00fdchodn\u011b od Nov\u00e9 Guineje, jihov\u00fdchodn\u011b od \u0160alamounov\u00fdch ostrov\u016f a z\u00e1padn\u011b od Fid\u017ei. Jedine\u010dn\u00e1 geografick\u00e1 poloha Vanuatu vedla ke konvergenci kulturn\u00edch vliv\u016f, co\u017e z n\u011bj d\u011bl\u00e1 v\u00fdznamnou tichomo\u0159skou zemi.<\/p>","protected":false},"author":1,"featured_media":4267,"parent":24105,"menu_order":0,"comment_status":"closed","ping_status":"closed","template":"elementor_theme","meta":{"_eb_attr":"","footnotes":""},"class_list":["post-9583","page","type-page","status-publish","has-post-thumbnail"],"_links":{"self":[{"href":"https:\/\/travelshelper.com\/cs\/wp-json\/wp\/v2\/pages\/9583","targetHints":{"allow":["GET"]}}],"collection":[{"href":"https:\/\/travelshelper.com\/cs\/wp-json\/wp\/v2\/pages"}],"about":[{"href":"https:\/\/travelshelper.com\/cs\/wp-json\/wp\/v2\/types\/page"}],"author":[{"embeddable":true,"href":"https:\/\/travelshelper.com\/cs\/wp-json\/wp\/v2\/users\/1"}],"replies":[{"embeddable":true,"href":"https:\/\/travelshelper.com\/cs\/wp-json\/wp\/v2\/comments?post=9583"}],"version-history":[{"count":0,"href":"https:\/\/travelshelper.com\/cs\/wp-json\/wp\/v2\/pages\/9583\/revisions"}],"up":[{"embeddable":true,"href":"https:\/\/travelshelper.com\/cs\/wp-json\/wp\/v2\/pages\/24105"}],"wp:featuredmedia":[{"embeddable":true,"href":"https:\/\/travelshelper.com\/cs\/wp-json\/wp\/v2\/media\/4267"}],"wp:attachment":[{"href":"https:\/\/travelshelper.com\/cs\/wp-json\/wp\/v2\/media?parent=9583"}],"curies":[{"name":"wp","href":"https:\/\/api.w.org\/{rel}","templated":true}]}}