{"id":9577,"date":"2024-09-08T19:25:43","date_gmt":"2024-09-08T19:25:43","guid":{"rendered":"https:\/\/travelshelper.com\/staging\/?page_id=9577"},"modified":"2026-03-13T23:08:33","modified_gmt":"2026-03-13T23:08:33","slug":"apia","status":"publish","type":"page","link":"https:\/\/travelshelper.com\/cs\/destinations\/australia-and-oceania\/samoa\/apia\/","title":{"rendered":"Apia"},"content":{"rendered":"<p>Apia, energick\u00e9 hlavn\u00ed m\u011bsto, le\u017e\u00edc\u00ed na druh\u00e9m nejv\u011bt\u0161\u00edm ostrov\u011b Samoy, v centr\u00e1ln\u00ed \u010d\u00e1sti severn\u00edho pob\u0159e\u017e\u00ed, je zvl\u00e1\u0161tn\u00ed sm\u011bsic\u00ed kulturn\u00edho d\u011bdictv\u00ed a modern\u00edho rozvoje. Apia, kter\u00e1 spad\u00e1 pod politick\u00fd distrikt Tuamasaga, je politick\u00fdm, ekonomick\u00fdm a kulturn\u00edm centrem Samoy jako jedin\u00e9 m\u011bsto v t\u00e9to oblasti. Tento \u00favod se zab\u00fdv\u00e1 topografi\u00ed, klimatem, infrastrukturou a tichomo\u0159sk\u00fdm centrem aktivit, kter\u00e9 toto m\u011bsto charakterizuj\u00ed.<\/p>\n<p>Apia, kter\u00e1 m\u00e1 podle s\u010d\u00edt\u00e1n\u00ed lidu z roku 2021 p\u0159ibli\u017en\u011b 35 974 obyvatel, se fyzicky rozkl\u00e1d\u00e1 od vesnice Letogo na v\u00fdchod\u011b a\u017e po industrializovanou oblast vesnice Vaitele na z\u00e1pad\u011b. M\u011bsto je strategicky um\u00edst\u011bno v p\u0159\u00edrodn\u00edm p\u0159\u00edstavu u \u00fast\u00ed \u0159eky Vaisigano a nab\u00edz\u00ed \u00fachvatnou kulisu s majest\u00e1tn\u011b se ty\u010d\u00edc\u00ed horou Vaea, m\u00edstem posledn\u00edho odpo\u010dinku v\u00fdznamn\u00e9ho spisovatele Roberta Louise Stevensona, na jihu. Siluetu m\u011bsta dotv\u00e1\u0159ej\u00ed dva velk\u00e9 h\u0159ebeny t\u00e1hnouc\u00ed se na jih po obou stran\u00e1ch \u0159eky; t\u011bmito h\u0159ebeny se vine silnice v\u010detn\u011b Cross Island Road, jedn\u00e9 z m\u00e1la dopravn\u00edch tepen nap\u0159\u00ed\u010d ostrovem od severu k jihu.<\/p>\n<p>Apia spad\u00e1 do K\u00f6ppenovy klimatick\u00e9 klasifikace jako \u201eAf\u201c a nach\u00e1z\u00ed se v tropick\u00e9m de\u0161tn\u00e9m pralese. Toto prost\u0159ed\u00ed definuj\u00ed konzistentn\u00ed teploty po cel\u00fd rok, v pr\u016fm\u011bru okolo 26 \u00b0C (79 \u00b0F). M\u011bsto m\u00e1 jasn\u00e9 obdob\u00ed de\u0161\u0165\u016f a sucha; \u010dervenec a srpen jsou nejsu\u0161\u0161\u00edmi m\u011bs\u00edci, kdy pr\u016fm\u011brn\u011b sr\u00e1\u017e\u00ed zhruba 80 milimetr\u016f. Pro srovn\u00e1n\u00ed, nejde\u0161tiv\u011bj\u0161\u00ed obdob\u00ed trv\u00e1 od prosince do b\u0159ezna a m\u011bs\u00ed\u010dn\u00ed sr\u00e1\u017eky obvykle p\u0159esahuj\u00ed 300 mililitr\u016f. Tropick\u00e9 prost\u0159ed\u00ed Apii nedefinuje jej\u00ed klima; sp\u00ed\u0161e ho formuj\u00ed pas\u00e1ty a sporadick\u00e9 cykl\u00f3ny, kter\u00e9 vytv\u00e1\u0159ej\u00ed charakteristick\u00e9 po\u010das\u00ed. M\u011bsto ro\u010dn\u011b dostane asi 3 000 mililitr\u016f sr\u00e1\u017eek, co\u017e podporuje bohat\u00e9 ekosyst\u00e9my a bujn\u00e9 rostliny.<\/p>\n<p>P\u0159\u00edstav Apia, kter\u00fd je kl\u00ed\u010dov\u00fd pro zahrani\u010dn\u00ed obchod Samoy, je nejv\u011bt\u0161\u00edm a nejru\u0161n\u011bj\u0161\u00edm p\u0159\u00edstavem v zemi. Spolu s trajekty spojuj\u00edc\u00edmi Tokelau a Americkou Samou je vhodn\u00fd pro p\u0159epravu LPG, dovoz paliva a kontejnerov\u00fdch lod\u00ed. Tento ru\u0161n\u00fd p\u0159\u00edstav zd\u016fraz\u0148uje v\u00fdznam Apii jako\u017eto br\u00e1ny pro lidi a obchod, a umo\u017e\u0148uje tak kulturn\u00ed interakci a hospod\u00e1\u0159sk\u00fd rozvoj.<\/p>\n<p>Dopravn\u00ed infrastruktura m\u011bsta je pom\u011brn\u011b rozvinut\u00e1 a vyzna\u010duje se typicky dob\u0159e udr\u017eovan\u00fdm a komplexn\u00edm silni\u010dn\u00edm syst\u00e9mem. Zat\u00edmco nezpevn\u011bn\u00e9 silnice slou\u017e\u00ed m\u00e9n\u011b pravideln\u00e9mu provozu, v\u011bt\u0161ina hlavn\u00edch silnic je zpevn\u011bn\u00e1. V souladu s region\u00e1ln\u00edmi normami jezd\u00ed vozidla od z\u00e1\u0159\u00ed 2009 po lev\u00e9 stran\u011b silnice. Samojsk\u00e1 vl\u00e1da zah\u00e1jila v roce 2012 v\u00fdznamnou rekonstrukci dopravn\u00edch tepen obklopuj\u00edc\u00edch m\u011bstskou oblast Apia a postupn\u011b roz\u0161i\u0159ovala d\u016fle\u017eit\u00e9 d\u00e1lnice, aby zvl\u00e1dly rostouc\u00ed dopravn\u00ed z\u00e1t\u011b\u017e.<\/p>\n<p>Apia je obsluhov\u00e1na rozs\u00e1hlou, privatizovanou s\u00edt\u00ed autobus\u016f a taxislu\u017eeb, p\u0159esto\u017ee zde neexistuj\u00ed \u017eeleznice ani tramvaje. Ve m\u011bst\u011b je ch\u016fze st\u00e1le obl\u00edben\u00fdm zp\u016fsobem dopravy; lid\u00e9 b\u011b\u017en\u011b p\u0159ekon\u00e1vaj\u00ed kr\u00e1tk\u00e9 vzd\u00e1lenosti p\u011b\u0161ky. A\u010dkoli jsou motocykly a j\u00edzdn\u00ed kola pon\u011bkud vz\u00e1cn\u00e1, n\u00e1r\u016fst vlastnictv\u00ed automobil\u016f zp\u016fsobil dopravn\u00ed z\u00e1cpy, a tud\u00ed\u017e i velk\u00e9 v\u00fddaje na silni\u010dn\u00ed infrastrukturu.<\/p>\n<p>Hlavn\u00ed vstupn\u00ed branou do Samoy pro zahrani\u010dn\u00ed \u00fa\u010dely je mezin\u00e1rodn\u00ed leti\u0161t\u011b Faleolo, \u010dty\u0159icet minut j\u00edzdy z\u00e1padn\u011b od Apii. Mezi Samou a \u0161ir\u0161\u00ed oblast Tich\u00e9ho oce\u00e1nu a d\u00e1le l\u00e9taj\u00ed velk\u00e9 dom\u00e1c\u00ed leteck\u00e9 spole\u010dnosti, jako jsou Polynesian Airlines a Talofa Airways. Men\u0161\u00ed leti\u0161t\u011b ve Fagali, Fagali&#039;i, tak\u00e9 historicky umo\u017e\u0148ovalo vnitrost\u00e1tn\u00ed lety a n\u011bkter\u00e9 mezin\u00e1rodn\u00ed trasy do Pago Pago v Americk\u00e9 Samoi, \u010d\u00edm\u017e se zlep\u0161ilo spojen\u00ed jak pro m\u00edstn\u00ed obyvatele, tak pro n\u00e1v\u0161t\u011bvn\u00edky.<\/p>","protected":false},"excerpt":{"rendered":"<p>Apia, energick\u00e9 hlavn\u00ed m\u011bsto, le\u017e\u00edc\u00ed na druh\u00e9m nejv\u011bt\u0161\u00edm ostrov\u011b Samoy, v centr\u00e1ln\u00ed \u010d\u00e1sti severn\u00edho pob\u0159e\u017e\u00ed, je zvl\u00e1\u0161tn\u00ed sm\u011bsic\u00ed kulturn\u00edho d\u011bdictv\u00ed a modern\u00edho rozvoje. Apia, kter\u00e1 spad\u00e1 pod politick\u00fd distrikt Tuamasaga, je politick\u00fdm, ekonomick\u00fdm a kulturn\u00edm centrem Samoy jako jedin\u00e9 m\u011bsto v t\u00e9to oblasti. Tento \u00favod se zab\u00fdv\u00e1 topografi\u00ed, klimatem, infrastrukturou a tichomo\u0159sk\u00fdm centrem aktivit, kter\u00e9 toto m\u011bsto charakterizuj\u00ed.<\/p>","protected":false},"author":1,"featured_media":4230,"parent":9568,"menu_order":0,"comment_status":"closed","ping_status":"closed","template":"elementor_theme","meta":{"_eb_attr":"","footnotes":""},"class_list":["post-9577","page","type-page","status-publish","has-post-thumbnail"],"_links":{"self":[{"href":"https:\/\/travelshelper.com\/cs\/wp-json\/wp\/v2\/pages\/9577","targetHints":{"allow":["GET"]}}],"collection":[{"href":"https:\/\/travelshelper.com\/cs\/wp-json\/wp\/v2\/pages"}],"about":[{"href":"https:\/\/travelshelper.com\/cs\/wp-json\/wp\/v2\/types\/page"}],"author":[{"embeddable":true,"href":"https:\/\/travelshelper.com\/cs\/wp-json\/wp\/v2\/users\/1"}],"replies":[{"embeddable":true,"href":"https:\/\/travelshelper.com\/cs\/wp-json\/wp\/v2\/comments?post=9577"}],"version-history":[{"count":0,"href":"https:\/\/travelshelper.com\/cs\/wp-json\/wp\/v2\/pages\/9577\/revisions"}],"up":[{"embeddable":true,"href":"https:\/\/travelshelper.com\/cs\/wp-json\/wp\/v2\/pages\/9568"}],"wp:featuredmedia":[{"embeddable":true,"href":"https:\/\/travelshelper.com\/cs\/wp-json\/wp\/v2\/media\/4230"}],"wp:attachment":[{"href":"https:\/\/travelshelper.com\/cs\/wp-json\/wp\/v2\/media?parent=9577"}],"curies":[{"name":"wp","href":"https:\/\/api.w.org\/{rel}","templated":true}]}}