{"id":9534,"date":"2024-09-08T17:58:51","date_gmt":"2024-09-08T17:58:51","guid":{"rendered":"https:\/\/travelshelper.com\/staging\/?page_id=9534"},"modified":"2026-03-13T23:07:31","modified_gmt":"2026-03-13T23:07:31","slug":"tonga","status":"publish","type":"page","link":"https:\/\/travelshelper.com\/cs\/destinations\/australia-and-oceania\/tonga\/","title":{"rendered":"Tonga"},"content":{"rendered":"<p>Tonga, le\u017e\u00edc\u00ed uprost\u0159ed Polyn\u00e9sie, podoblasti Oce\u00e1nie, je zaj\u00edmav\u00fd ostrovn\u00ed st\u00e1t, d\u0159\u00edve zn\u00e1m\u00fd jako Kr\u00e1lovstv\u00ed Tonga. Tonga je kr\u00e1sn\u00e1 a m\u00e1 bohat\u00e9 kulturn\u00ed d\u011bdictv\u00ed. Tento ostrovn\u00ed st\u00e1t, kter\u00fd se skl\u00e1d\u00e1 ze 171 ostrov\u016f, z nich\u017e pouze 45 je obydlen\u00fdch, se t\u00e1hne do velk\u00e9 vzd\u00e1lenosti p\u0159es ji\u017en\u00ed Tich\u00fd oce\u00e1n. Celkov\u00e1 plocha Tongy je pouze zhruba 750 000 kilometr\u016f \u010dtvere\u010dn\u00edch (290 000 \u010dtvere\u010dn\u00edch mil), p\u0159esto jsou jej\u00ed ostrovy roztrou\u0161eny na \u00fa\u017easn\u00fdch 700 000 kilometrech \u010dtvere\u010dn\u00edch (270 000 \u010dtvere\u010dn\u00edch mil). V roce 2021 \u017eije na hlavn\u00edm ostrov\u011b Tongatapu pouze asi 70 % ze 104 494 obyvatel Tongy.<\/p>\n<p>Geograficky je Tonga samostatn\u00e9 souostrov\u00ed, kter\u00e9 se t\u00e1hne zhruba 800 kilometr\u016f od severu k jihu. Mezi jej\u00ed sousedy pat\u0159\u00ed Wallis a Futuna (Francie), Fid\u017ei na severoz\u00e1pad\u011b, Samoa na severov\u00fdchod\u011b, Vanuatu a Nov\u00e1 Kaledonie (Francie) na z\u00e1pad\u011b, Niue na v\u00fdchod\u011b a Kermadec (Nov\u00fd Z\u00e9land) na jihoz\u00e1pad\u011b. Tonga, vzd\u00e1len\u00e1 asi 1 800 kilometr\u016f od Severn\u00edho ostrova Nov\u00e9ho Z\u00e9landu, je v\u00fdznamnou sou\u010d\u00e1st\u00ed slo\u017eit\u00e9ho geopolitick\u00e9ho ter\u00e9nu Pacifiku.<\/p>\n<p>Stejn\u011b zaj\u00edmav\u00e1 jako topografie Tongy je i jej\u00ed historie. Civilizace Lapit\u016f, skupina polyn\u00e9sk\u00fdch p\u0159ist\u011bhovalc\u016f, se na ostrovech poprv\u00e9 usadila asi p\u0159ed 2 500 lety a p\u0159ipravila tak z\u00e1klady pro budouc\u00ed ton\u017esk\u00fd lid. Postupn\u00fdm vytv\u00e1\u0159en\u00edm odli\u0161n\u00e9 etnick\u00e9 identity, jazyka a kultury se tito p\u0159ist\u011bhovalci stali pom\u011brn\u011b prominentn\u00edmi v ji\u017en\u00edm Pacifiku. V t\u00e9to \u00e9\u0159e ton\u017esk\u00e9 kolonizace a expanze vl\u00e1dl prvn\u00ed ton\u017esk\u00fd kr\u00e1l \u02bbAho\u02bbeitu, zn\u00e1m\u00fd jako Tu\u02bbi Tongsk\u00e1 \u0159\u00ed\u0161e.<\/p>\n<p>Za vl\u00e1dy \u02bbAho\u02bbeitua a jeho n\u00e1stupc\u016f se Tonga vyvinula v talasokracii a region\u00e1ln\u00ed mocnost s \u0161irok\u00fdm vlivem na Tich\u00fd oce\u00e1n. Od \u010d\u00e1st\u00ed \u0160alamounov\u00fdch ostrov\u016f a cel\u00e9 Nov\u00e9 Kaledonie a Fid\u017ei na z\u00e1pad\u011b a\u017e po Samou, Niue a dokonce i \u010d\u00e1sti dne\u0161n\u00ed Francouzsk\u00e9 Polyn\u00e9sie na v\u00fdchod\u011b si \u0159\u00ed\u0161e Tu\u02bbi Tonga podmanila a spravovala rozs\u00e1hl\u00e9 \u00fazem\u00ed. \u0158\u00ed\u0161e se proslavila sv\u00fdm ekonomick\u00fdm, etnick\u00fdm a kulturn\u00edm vlivem, kter\u00fd pokra\u010doval dlouho po Samojsk\u00e9m povst\u00e1n\u00ed ve 13. stolet\u00ed a kone\u010dn\u00e9m objeven\u00ed ostrov\u016f Evropany v roce 1616.<\/p>\n<p>Unik\u00e1tn\u00ed vztah Tongy s koloni\u00e1ln\u00edmi mocnostmi definuje jej\u00ed modern\u00ed historii. Od roku 1900 do roku 1970 byla Tonga chr\u00e1n\u011bn\u00fdm st\u00e1tem Brit\u016f, na kter\u00fd se vztahovala Smlouva o p\u0159\u00e1telstv\u00ed. A\u010dkoli Tonga nikdy nep\u0159edala svou suverenitu \u017e\u00e1dn\u00e9 ciz\u00ed zemi, Spojen\u00e9 kr\u00e1lovstv\u00ed v tomto obdob\u00ed dohl\u00ed\u017eelo na jej\u00ed zahrani\u010dn\u00ed politiku. Tato ne\u00fanavn\u00e1 oddanost suverenit\u011b je d\u016fkazem v\u016fle ton\u017esk\u00e9ho lidu zachovat si svobodu.<\/p>\n<p>Tonga se v roce 2010 v\u00fdznamn\u011b posunula sm\u011brem k modern\u00ed vl\u00e1d\u011b zm\u011bnou z konven\u010dn\u00ed absolutn\u00ed monarchie na polokonstitu\u010dn\u00ed monarchii. Tato zm\u011bna byla z\u010d\u00e1sti zp\u016fsobena legislativn\u00edmi reformami, kter\u00e9 otev\u0159ely cestu k prvn\u00edm \u010d\u00e1ste\u010dn\u00fdm zastupitelsk\u00fdm volb\u00e1m v zemi. Tento politick\u00fd v\u00fdvoj demonstruje trval\u00fd z\u00e1vazek Tongy vyva\u017eovat modernismus s d\u011bdictv\u00edm a zachovat tak relevanci a funk\u010dnost sv\u00fdch vl\u00e1dn\u00edch syst\u00e9m\u016f v 21. stolet\u00ed.<\/p>\n<p>Celosv\u011btov\u00e1 p\u0159\u00edtomnost Tongy se projevuje jej\u00edm \u010dlenstv\u00edm v n\u011bkolika v\u00fdznamn\u00fdch skupin\u00e1ch. Je sou\u010d\u00e1st\u00ed Organizace spojen\u00fdch n\u00e1rod\u016f, F\u00f3ra tichomo\u0159sk\u00fdch ostrov\u016f, Aliance mal\u00fdch ostrovn\u00edch st\u00e1t\u016f a Spole\u010denstv\u00ed n\u00e1rod\u016f. Tato spojenectv\u00ed ukazuj\u00ed zapojen\u00ed Tongy do region\u00e1ln\u00edch a glob\u00e1ln\u00edch z\u00e1le\u017eitost\u00ed a tak\u00e9 jej\u00ed z\u00e1vazek \u0159e\u0161it specifick\u00e9 probl\u00e9my, kter\u00fdm mal\u00e9 ostrovn\u00ed st\u00e1ty \u010del\u00ed.<\/p>","protected":false},"excerpt":{"rendered":"<p>Tonga, le\u017e\u00edc\u00ed uprost\u0159ed Polyn\u00e9sie, podoblasti Oce\u00e1nie, je zaj\u00edmav\u00fd ostrovn\u00ed st\u00e1t, d\u0159\u00edve zn\u00e1m\u00fd jako Kr\u00e1lovstv\u00ed Tonga. Tonga je kr\u00e1sn\u00e1 a m\u00e1 bohat\u00e9 kulturn\u00ed d\u011bdictv\u00ed. Tento ostrovn\u00ed st\u00e1t, kter\u00fd se skl\u00e1d\u00e1 ze 171 ostrov\u016f, z nich\u017e pouze 45 je obydlen\u00fdch, se t\u00e1hne do velk\u00e9 vzd\u00e1lenosti p\u0159es ji\u017en\u00ed Tich\u00fd oce\u00e1n. Celkov\u00e1 plocha Tongy je pouze zhruba 750 000 kilometr\u016f \u010dtvere\u010dn\u00edch (290 000 \u010dtvere\u010dn\u00edch mil), p\u0159esto jsou jej\u00ed ostrovy roztrou\u0161eny na \u00fa\u017easn\u00fdch 700 000 kilometrech \u010dtvere\u010dn\u00edch (270 000 \u010dtvere\u010dn\u00edch mil). V roce 2021 \u017eije na hlavn\u00edm ostrov\u011b Tongatapu pouze asi 70 % ze 104 494 obyvatel Tongy.<\/p>","protected":false},"author":1,"featured_media":4050,"parent":24105,"menu_order":0,"comment_status":"closed","ping_status":"closed","template":"elementor_theme","meta":{"_eb_attr":"","footnotes":""},"class_list":["post-9534","page","type-page","status-publish","has-post-thumbnail"],"_links":{"self":[{"href":"https:\/\/travelshelper.com\/cs\/wp-json\/wp\/v2\/pages\/9534","targetHints":{"allow":["GET"]}}],"collection":[{"href":"https:\/\/travelshelper.com\/cs\/wp-json\/wp\/v2\/pages"}],"about":[{"href":"https:\/\/travelshelper.com\/cs\/wp-json\/wp\/v2\/types\/page"}],"author":[{"embeddable":true,"href":"https:\/\/travelshelper.com\/cs\/wp-json\/wp\/v2\/users\/1"}],"replies":[{"embeddable":true,"href":"https:\/\/travelshelper.com\/cs\/wp-json\/wp\/v2\/comments?post=9534"}],"version-history":[{"count":0,"href":"https:\/\/travelshelper.com\/cs\/wp-json\/wp\/v2\/pages\/9534\/revisions"}],"up":[{"embeddable":true,"href":"https:\/\/travelshelper.com\/cs\/wp-json\/wp\/v2\/pages\/24105"}],"wp:featuredmedia":[{"embeddable":true,"href":"https:\/\/travelshelper.com\/cs\/wp-json\/wp\/v2\/media\/4050"}],"wp:attachment":[{"href":"https:\/\/travelshelper.com\/cs\/wp-json\/wp\/v2\/media?parent=9534"}],"curies":[{"name":"wp","href":"https:\/\/api.w.org\/{rel}","templated":true}]}}