{"id":9522,"date":"2024-09-08T17:33:25","date_gmt":"2024-09-08T17:33:25","guid":{"rendered":"https:\/\/travelshelper.com\/staging\/?page_id=9522"},"modified":"2026-03-13T12:41:08","modified_gmt":"2026-03-13T12:41:08","slug":"antigua-a-barbuda","status":"publish","type":"page","link":"https:\/\/travelshelper.com\/cs\/destinations\/north-america\/antigua-and-barbuda\/","title":{"rendered":"Antigua a Barbuda"},"content":{"rendered":"<p>Antigua a Barbuda tvo\u0159\u00ed kompaktn\u00ed st\u00e1t se dv\u011bma hlavn\u00edmi ostrovy \u2013 Antiguou a Barbudou \u2013 a \u0159adou men\u0161\u00edch ostr\u016fvk\u016f o rozloze 440 kilometr\u016f \u010dtvere\u010dn\u00edch. Nach\u00e1z\u00ed se mezi Atlantsk\u00fdm oce\u00e1nem na v\u00fdchod\u011b a Karibsk\u00fdm mo\u0159em na z\u00e1pad\u011b a host\u00ed sv\u00e9 hlavn\u00ed m\u011bstsk\u00e9 centrum St. John&#039;s spolu s All Saints a Bolans v \u00fazk\u00e9m koridoru souvisl\u00e9ho os\u00eddlen\u00ed t\u00e1hnouc\u00edm se na jih k English Harbour.<\/p>\n<p>Ter\u00e9n na Antigui a Barbud\u011b z\u016fst\u00e1v\u00e1 p\u0159ev\u00e1\u017en\u011b n\u00edzko polo\u017een\u00fd, formovan\u00fd sp\u00ed\u0161e starov\u011bk\u00fdmi v\u00e1pencov\u00fdmi usazeninami ne\u017e sope\u010dn\u00fdmi v\u00fdkyvy, p\u0159esto je p\u0159eru\u0161ovan\u00fd poz\u016fstatky sope\u010dn\u00e9 \u010dinnosti. Poho\u0159\u00ed Shekerley na Antigui vrchol\u00ed v Boggy Peak (d\u0159\u00edve Mt. Obama do roku 2016), co\u017e je zbytkov\u00fd kr\u00e1ter ty\u010d\u00edc\u00ed se do v\u00fd\u0161ky 402 metr\u016f, zat\u00edmco nejvy\u0161\u0161\u00ed nadmo\u0159sk\u00e9 v\u00fd\u0161ky Barbudy se t\u00e1hnou po m\u00edrn\u00e9m h\u0159ebeni zn\u00e1m\u00e9m jako Highlands. Pob\u0159e\u017e\u00ed na obou ostrovech se rozpl\u00fdv\u00e1 do nepravideln\u00fdch kontur z\u00e1tok, p\u00edse\u010dn\u00fdch b\u0159eh\u016f, pob\u0159e\u017en\u00edch lagun a p\u0159\u00edrodn\u00edch p\u0159\u00edstav\u016f, lemovan\u00fdch od pob\u0159e\u017e\u00ed \u00fatesy a m\u011bl\u010dinami, kter\u00e9 zm\u00edr\u0148uj\u00ed vlnobit\u00ed, ale vy\u017eaduj\u00ed od n\u00e1mo\u0159n\u00edk\u016f opatrnost. Povrchov\u00e1 voda je vz\u00e1cn\u00e1 krom\u011b sez\u00f3nn\u00edch sr\u00e1\u017eek a podzemn\u00ed zvodn\u011bl\u00e9 vrstvy nab\u00edzej\u00ed jen minim\u00e1ln\u00ed mno\u017estv\u00ed pitn\u00e9 vody. Podobn\u00fd litologick\u00fd p\u0159\u00edb\u011bh se roz\u0161i\u0159uje i na Redondu, pust\u00fd ostr\u016fvek le\u017e\u00edc\u00ed asi 40 kilometr\u016f jihoz\u00e1padn\u011b od Antiguy, kde skaln\u00ed v\u00fdchozy ost\u0159e vy\u010dn\u00edvaj\u00ed nad zr\u00e1dn\u00e9 \u00fatesy.<\/p>\n<p>Klimatick\u00e9 podm\u00ednky spadaj\u00ed do kategorie tropick\u00e9 savany, prokl\u00e1dan\u00e9 sr\u00e1\u017ekami monzunov\u00e9ho typu v jihoz\u00e1padn\u00edm kvadrantu Antiguy. Pr\u016fm\u011brn\u00e9 ro\u010dn\u00ed sr\u00e1\u017eky se pohybuj\u00ed kolem 990 milimetr\u016f, a\u010dkoli jejich rozlo\u017een\u00ed odr\u00e1\u017e\u00ed v\u00fdraznou sez\u00f3nnost, s vrcholem sr\u00e1\u017eek mezi z\u00e1\u0159\u00edm a listopadem. Teploty osciluj\u00ed mezi zhruba 23 a 29 stupni Celsia v obdob\u00ed od prosince do \u00fanora a od 25 do 30 stup\u0148\u016f Celsia po zbytek roku. Vlhkost vzduchu z\u016fst\u00e1v\u00e1 m\u00edrn\u00e1, ale obdob\u00ed sucha p\u0159eru\u0161uj\u00ed opakuj\u00edc\u00ed se epizody sucha. Hurik\u00e1ny p\u0159edstavuj\u00ed nejakutn\u011bj\u0161\u00ed meteorologick\u00e9 riziko: v z\u00e1\u0159\u00ed 2017 hurik\u00e1n Irma, syst\u00e9m kategorie 5, zp\u016fsobil \u0161kody na t\u00e9m\u011b\u0159 v\u0161ech stavb\u00e1ch na Barbud\u011b, co\u017e vedlo k evakuaci p\u0159ibli\u017en\u011b 1 800 obyvatel do Antiguy a vy\u017eadovalo si n\u00e1klady na obnovu odhadovan\u00e9 na v\u00edce ne\u017e sto milion\u016f americk\u00fdch dolar\u016f. Ztr\u00e1ty na infrastruktu\u0159e zahrnovaly z\u00e1sobov\u00e1n\u00ed vodou, elektrick\u00e9 s\u00edt\u011b, komunika\u010dn\u00ed syst\u00e9my a za\u0159\u00edzen\u00ed na nakl\u00e1d\u00e1n\u00ed s odpady, co\u017e donutilo \u00fa\u0159ady uznat, \u017ee \u00fasil\u00ed o obnovu by trvalo d\u00e9le ne\u017e \u0161est m\u011bs\u00edc\u016f.<\/p>\n<p>Biogeograficky le\u017e\u00ed Antigua a Barbuda v ekoregionech vlhk\u00fdch les\u016f a suchozemsk\u00fdch k\u0159ovin Leeward Islands. N\u00e1mo\u0159n\u00ed hranice se sb\u00edhaj\u00ed s Anguillou, Svat\u00fdm Bartolom\u011bjem a Svat\u00fdm Kry\u0161tofem a Nevisem na z\u00e1pad\u011b, Montserratem na jihoz\u00e1pad\u011b a Guadeloupe na jihu. Mezi chr\u00e1n\u011bn\u00e1 \u00fazem\u00ed pat\u0159\u00ed laguna Codrington na Barbud\u011b \u2013 jedna z nejv\u011bt\u0161\u00edch vnitrozemsk\u00fdch vodn\u00edch ploch na Mal\u00fdch Antil\u00e1ch \u2013 a tak\u00e9 s\u00ed\u0165 p\u0159\u00edrodn\u00edch rezervac\u00ed nap\u0159\u00ed\u010d Antiguou, kter\u00e9 chr\u00e1n\u00ed pob\u0159e\u017en\u00ed mok\u0159ady a stanovi\u0161t\u011b such\u00fdch les\u016f. Navzdory hustot\u011b obyvatelstva, kter\u00e1 se \u0159ad\u00ed k nejvy\u0161\u0161\u00edm v regionu, z\u016fst\u00e1vala v roce 2020 t\u00e9m\u011b\u0159 p\u011btina rozlohy pevniny pod lesn\u00edm porostem, co\u017e p\u0159edstavuje pokles z v\u00edce ne\u017e 10 000 hektar\u016f v roce 1990 na p\u0159ibli\u017en\u011b 8 120 hektar\u016f, co\u017e odr\u00e1\u017e\u00ed tlaky z rozvoje a m\u011bn\u00edc\u00edch se vzorc\u016f vyu\u017e\u00edv\u00e1n\u00ed p\u016fdy. Stoupaj\u00edc\u00ed hladina mo\u0159\u00ed a m\u011bn\u00edc\u00ed se sr\u00e1\u017ekov\u00e9 re\u017eimy d\u00e1le zhor\u0161uj\u00ed environment\u00e1ln\u00ed z\u00e1t\u011b\u017e.<\/p>\n<p>Lidsk\u00e9 os\u00eddlen\u00ed t\u011bchto ostrov\u016f sah\u00e1 nejm\u00e9n\u011b p\u011bt tis\u00edcilet\u00ed do minulosti. Archeologick\u00e9 d\u016fkazy nazna\u010duj\u00ed, \u017ee skupiny lovc\u016f a sb\u011bra\u010d\u016f dorazily kolem roku 3000 p\u0159. n. l., pravd\u011bpodobn\u011b v k\u00e1no\u00edch z Orinock\u00e9 p\u00e1nve, a n\u00e1sledovaly je komunity Arawak\u016f z keramick\u00e9ho obdob\u00ed z \u00fazem\u00ed dne\u0161n\u00ed Venezuely. Evropsk\u00e1 anga\u017eovanost za\u010dala v roce 1493, kdy Kry\u0161tof Kolumbus zmapoval Antiguu, co\u017e v roce 1520 vedlo k pokusu o \u0161pan\u011blsk\u00e9 os\u00eddlen\u00ed, kter\u00fd se nakonec neuchytil trvale. \u017d\u00e1dn\u00e1 form\u00e1ln\u00ed kolonie neexistovala a\u017e do roku 1632, kdy Edward Warner vedl mal\u00fd anglick\u00fd kontingent k zalo\u017een\u00ed prvn\u00ed trval\u00e9 britsk\u00e9 z\u00e1kladny. Administrativn\u011b Barbuda spadala pod vlastnickou kontrolu rodiny Codrington\u016f od konce sedmn\u00e1ct\u00e9ho stolet\u00ed do 60. let 19. stolet\u00ed, zat\u00edmco spole\u010densk\u00fd \u0159\u00e1d Antiguy se vyv\u00edjel od otroctv\u00ed k emancipaci v roce 1834, po n\u00ed\u017e se m\u00edstn\u00ed autonomie postupn\u011b roz\u0161i\u0159ovala. Prvn\u00ed snaha o p\u0159eru\u0161en\u00ed vazeb s Brit\u00e1ni\u00ed se objevila v roce 1728 pod veden\u00edm prince Klaase, kter\u00fd usiloval o prohl\u00e1\u0161en\u00ed Antiguy za nez\u00e1visl\u00e9 kr\u00e1lovstv\u00ed, av\u0161ak politick\u00e9 zmocn\u011bn\u00ed z\u016fst\u00e1valo vzd\u00e1len\u00e9 a\u017e do poloviny dvac\u00e1t\u00e9ho stolet\u00ed. Prvn\u00ed demokratick\u00e9 volby se konaly v roce 1951 a pln\u00e1 suverenita dos\u00e1hla 1. listopadu 1981, \u010d\u00edm\u017e byl zavr\u0161en \u00fastavn\u00ed p\u0159echod, kter\u00fd za\u010dal vnit\u0159n\u00ed samospr\u00e1vou v 60. letech 20. stolet\u00ed.<\/p>\n<p>Ve\u0159ejn\u00e1 spr\u00e1va po z\u00edsk\u00e1n\u00ed nez\u00e1vislosti byla sv\u011bdkem p\u0159evahy rodiny Bird\u016f, jej\u00ed\u017e vliv trval od roku 1960 do roku 2004, jen kr\u00e1tce p\u0159eru\u0161en st\u0159\u00eddavou vl\u00e1dou, dokud se premi\u00e9rsk\u00e9ho \u00fa\u0159adu neujal Baldwin Spencer. Od roku 2014 m\u00e1 Labouristick\u00e1 strana v\u011bt\u0161inu v parlamentu, zat\u00edmco Sjednocen\u00e1 pokrokov\u00e1 strana fungovala jako hlavn\u00ed opozice. Antigua a Barbuda si zachov\u00e1vaj\u00ed \u010dlenstv\u00ed ve Spole\u010denstv\u00ed n\u00e1rod\u016f a funguj\u00ed jako konstitu\u010dn\u00ed monarchie s Karlem III. v \u010dele st\u00e1tu, m\u00edstn\u011b zastoupenou gener\u00e1ln\u00edm guvern\u00e9rem. Jako unit\u00e1rn\u00ed st\u00e1t se Antigua d\u011bl\u00ed na \u0161est farnost\u00ed, zat\u00edmco Barbuda spravuje sv\u00e9 vnit\u0159n\u00ed z\u00e1le\u017eitosti prost\u0159ednictv\u00edm Barbudsk\u00e9 rady, z\u0159\u00edzen\u00e9 v roce 1976. N\u00e1rodn\u00ed z\u00e1konod\u00e1rn\u00fd sbor se skl\u00e1d\u00e1 z dvoukomorov\u00e9ho org\u00e1nu: Sn\u011bmovny reprezentant\u016f, jej\u00ed\u017e \u010dlenov\u00e9 z\u00edsk\u00e1vaj\u00ed \u00fa\u0159ady lidov\u00fdm hlasov\u00e1n\u00edm, a Sen\u00e1tu, jeho\u017e \u010dleny jmenuje gener\u00e1ln\u00ed guvern\u00e9r.<\/p>\n<p>Demografick\u00e9 ukazatele podtrhuj\u00ed skromn\u00fd po\u010det obyvatel, kter\u00fd v polovin\u011b roku 2025 \u010dinil p\u0159ibli\u017en\u011b 105 182, co\u017e odr\u00e1\u017e\u00ed t\u00e9m\u011b\u0159 \u010dtvrtinov\u00fd n\u00e1r\u016fst od s\u010d\u00edt\u00e1n\u00ed lidu z roku 2011. Statistiky \u017eivotn\u00edch podm\u00ednek ukazuj\u00ed pr\u016fm\u011brn\u011b 1 188 \u017eiv\u011b narozen\u00fdch d\u011bt\u00ed ro\u010dn\u011b v letech 2008 a\u017e 2020, co\u017e odpov\u00edd\u00e1 jednomu porodu ka\u017ed\u00fdch sedm hodin, a celkovou m\u00edru plodnosti 1,6 d\u00edt\u011bte na \u017eenu v roce 2022, co\u017e je pod pr\u016fm\u011brem pro mal\u00e9 karibsk\u00e9 st\u00e1ty. \u00dadaje o rodinn\u00e9m stavu z roku 2011 ukazuj\u00ed, \u017ee v\u00edce ne\u017e t\u0159i p\u011btiny obyvatel ve v\u011bku patn\u00e1ct a v\u00edce let nikdy nevstoupily do man\u017eelstv\u00ed, zat\u00edmco zbytek tvo\u0159ily vdan\u00e9, rozveden\u00e9 nebo odlou\u010den\u00e9 osoby a ovdov\u011bl\u00e9 osoby v sestupn\u00e9m pom\u011bru. Imigrace je hlavn\u00edm motorem popula\u010dn\u00edho r\u016fstu a p\u0159isp\u00edv\u00e1 k proporcion\u00e1ln\u011b vysok\u00e9mu pod\u00edlu obyvatel narozen\u00fdch v zahrani\u010d\u00ed. Etnicky z\u016fst\u00e1v\u00e1 populace p\u0159ev\u00e1\u017en\u011b africk\u00e9ho p\u016fvodu s v\u00fdznamn\u00fdmi men\u0161inami evropsk\u00e9ho, hisp\u00e1nsk\u00e9ho a indick\u00e9ho p\u016fvodu. P\u0159evl\u00e1d\u00e1 k\u0159es\u0165anstv\u00ed, zejm\u00e9na prost\u0159ednictv\u00edm protestantsk\u00fdch denominac\u00ed, a nejb\u011b\u017en\u011bj\u0161\u00edm dom\u00e1c\u00edm jazykem je lidov\u00e1 antiguansk\u00e1 a barbud\u00e1nsk\u00e1 kreol\u0161tina.<\/p>\n<p>Ekonomick\u00fd v\u00fdkon \u0159ad\u00ed Antiguu a Barbudu mezi vysoce p\u0159\u00edjmov\u00e9 n\u00e1rody Karibiku, kde odv\u011btv\u00ed slu\u017eeb \u2013 zejm\u00e9na cestovn\u00ed ruch \u2013 tvo\u0159\u00ed v\u00edce ne\u017e polovinu hrub\u00e9ho dom\u00e1c\u00edho produktu. Ostrovy l\u00e1kaj\u00ed klientelu orientovanou na luxusn\u00ed ubytov\u00e1n\u00ed: Antigua se vyzna\u010duje koncentrac\u00ed p\u011btihv\u011bzdi\u010dkov\u00fdch resort\u016f, kter\u00e9 t\u011b\u017e\u00ed z rozs\u00e1hl\u00e9ho obvodu jemnozrnn\u00fdch pl\u00e1\u017e\u00ed, zat\u00edmco Barbuda nab\u00edz\u00ed nedot\u010den\u00e9 pob\u0159e\u017en\u00ed rozlohy s omezenou turistickou infrastrukturou. V\u00fdkyvy popt\u00e1vky mezi segmenty cestovn\u00edho ruchu st\u0159edn\u00ed t\u0159\u00eddy od po\u010d\u00e1tku 21. stolet\u00ed omezily r\u016fst p\u0159\u00edjm\u016f a zat\u00ed\u017eily fisk\u00e1ln\u00ed zdroje. V reakci na to politick\u00e1 opat\u0159en\u00ed zavedla v roce 2019 nulovou sazbu dan\u011b z p\u0159\u00edjmu fyzick\u00fdch osob a iniciativy \u201eob\u010danstv\u00ed za investici\u201c s c\u00edlem p\u0159il\u00e1kat kapit\u00e1l od jednotlivc\u016f s vysok\u00fdm \u010dist\u00fdm jm\u011bn\u00edm. Finan\u010dn\u00ed slu\u017eby, v\u010detn\u011b investi\u010dn\u00edho bankovnictv\u00ed a offshore operac\u00ed, tak\u00e9 tvo\u0159\u00ed kl\u00ed\u010dov\u00fd pil\u00ed\u0159 ekonomiky a vyu\u017e\u00edvaj\u00ed tolerantn\u00ed regula\u010dn\u00ed r\u00e1mce k hostov\u00e1n\u00ed pobo\u010dek v\u00fdznamn\u00fdch mezin\u00e1rodn\u00edch bank. Antigua a Barbuda udr\u017euj\u00ed letectvo \u2013 jedinou vl\u00e1dn\u00ed leteckou slo\u017eku ve v\u00fdchodn\u00edm Karibiku \u2013 a pod\u00edlej\u00ed se na region\u00e1ln\u00ed bezpe\u010dnosti prost\u0159ednictv\u00edm \u010dlenstv\u00ed v Organizaci v\u00fdchodokaribsk\u00fdch st\u00e1t\u016f, Region\u00e1ln\u00edm bezpe\u010dnostn\u00edm syst\u00e9mu, CARICOMu, Organizaci spojen\u00fdch n\u00e1rod\u016f a Sv\u011btov\u00e9 obchodn\u00ed organizaci.<\/p>\n<p>Kulturn\u00ed \u017eivot odr\u00e1\u017e\u00ed jak afro-karibsk\u00e9 d\u011bdictv\u00ed, tak i koloni\u00e1ln\u00ed odkazy. Kriket se t\u011b\u0161\u00ed velk\u00e9 pozornosti a ostrovy daly vzniknout sportovc\u016fm, kte\u0159\u00ed pat\u0159\u00ed k nejv\u011bt\u0161\u00edm osobnostem tohoto sportu. Kulin\u00e1\u0159sk\u00e9 vzorce odvozuj\u00ed p\u0159ev\u00e1\u017en\u011b od evropsk\u00fdch p\u0159edch\u016fdc\u016f \u2013 zejm\u00e9na britsk\u00fdch a portugalsk\u00fdch vliv\u016f \u2013 prodchnut\u00fdch p\u016fvodn\u00edmi a africk\u00fdmi ingrediencemi. N\u00e1rodn\u00ed pokrmy, fungee (kuku\u0159i\u010dn\u00e1 mouka podobn\u00e1 polent\u011b) doprov\u00e1zen\u00e9 du\u0161en\u00fdm pep\u0159em, odr\u00e1\u017eej\u00ed tuto synt\u00e9zu, zat\u00edmco solen\u00e1 ryba, barbudsk\u00fd humr a ko\u0159en\u011bn\u00e1 r\u00fd\u017ee d\u00e1le dokl\u00e1daj\u00ed m\u00edstn\u00ed chu\u0165ov\u00e9 profily. Mezi sladk\u00e9 pochoutky pat\u0159\u00ed kokosov\u00e9 cukrov\u00e9 kol\u00e1\u010dky, ara\u0161\u00eddov\u00fd k\u0159ehk\u00fd kol\u00e1\u010d a region\u00e1ln\u00ed varianta fond\u00e1nu, spolu s du\u0161en\u00fdm tamarindem a m\u00edstn\u00edmi malinov\u00fdmi d\u017eemy. Antigujsk\u00fd \u010dern\u00fd ananas, cen\u011bn\u00fd pro svou sladkost a \u0161\u0165avnatost, se objevuje v ovocn\u00fdch sal\u00e1tech a cukrovink\u00e1ch. Rann\u00ed j\u00eddla \u010dasto za\u010d\u00ednaj\u00ed antigujsk\u00fdm ned\u011bln\u00edm chlebem, bochn\u00edkem obohacen\u00fdm s\u00e1dlem, kter\u00fd se vyzna\u010duje ozdobn\u00fdmi z\u00e1vitky na zlatav\u00e9 k\u016frce, a rozinkov\u00fdmi houskami, kter\u00e9 jsou m\u00edstn\u011b o Velikonoc\u00edch zn\u00e1m\u00e9 jako \u201ebun and cheese\u201c, kombinuj\u00ed ko\u0159en\u00ed a sladkost v tradi\u010dn\u00edm p\u00e1ru.<\/p>\n<p>Turistick\u00e1 mobilita p\u0159ich\u00e1z\u00ed p\u0159edev\u0161\u00edm p\u0159es mezin\u00e1rodn\u00ed leti\u0161t\u011b V. C. Birda pobl\u00ed\u017e St. John&#039;s, kter\u00e9 p\u0159ij\u00edm\u00e1 dopravce ze Severn\u00ed Ameriky \u2013 v\u010detn\u011b American Airlines, Delta, JetBlue a United \u2013, kanadsk\u00e9 Air Canada a Sunwing a evropsk\u00e9 spoje p\u0159es British Airways a Virgin Atlantic. Region\u00e1ln\u00ed leteck\u00e9 spole\u010dnosti spojuj\u00ed Antiguu se sousedn\u00edmi ostrovy, zat\u00edmco trajekty spojuj\u00ed Montserrat a v nepravideln\u00fdch j\u00edzdn\u00edch \u0159\u00e1dech i Guadeloupe prost\u0159ednictv\u00edm charterov\u00fdch oper\u00e1tor\u016f. V\u00fdletn\u00ed lod\u011b d\u00e1le p\u0159isp\u00edvaj\u00ed k toku n\u00e1v\u0161t\u011bvn\u00edk\u016f a soukrom\u00e9 jachty \u010dasto zastavuj\u00ed v p\u0159\u00edstavech souostrov\u00ed. Na ostrovech slou\u017e\u00ed hlavn\u00ed dopravn\u00ed prost\u0159edky k pron\u00e1jmu vozidel a organizovan\u00e9 z\u00e1jezdy. S\u00ed\u0165 minibus\u016f, kter\u00e9 lze identifikovat podle \u010d\u00edseln\u00fdch odznak\u016f odpov\u00eddaj\u00edc\u00edch zaveden\u00fdm tras\u00e1m, nab\u00edz\u00ed levnou dopravu bez pevn\u00fdch j\u00edzdn\u00edch \u0159\u00e1d\u016f, jezd\u00ed v intervalech deseti a\u017e patn\u00e1cti minut a umo\u017e\u0148uje cestuj\u00edc\u00edm vystoupit na po\u017e\u00e1d\u00e1n\u00ed.<\/p>\n<p>Prost\u0159ednictv\u00edm komplexn\u00ed souhry geografie, historie a spole\u010dnosti p\u0159edstavuje Antigua a Barbuda studii kontrast\u016f: skromn\u00e1 pevnina, ale rozmanit\u00e1 fyziografie; tropick\u00e9 klima zm\u00edrn\u011bn\u00e9 sez\u00f3nn\u00edmi extr\u00e9my; koloni\u00e1ln\u00ed d\u011bdictv\u00ed propleten\u00e9 s postemancipa\u010dn\u00edm sebeur\u010den\u00edm; a ekonomika zakotven\u00e1 v cestovn\u00edm ruchu a financ\u00edch, zm\u00edrn\u011bn\u00e1 environment\u00e1ln\u00ed zranitelnost\u00ed a politick\u00fdmi debatami o autonomii. Schopnost n\u00e1roda udr\u017eet si rozvoj uprost\u0159ed klimatick\u00fdch rizik a demografick\u00fdch posun\u016f i nad\u00e1le utv\u00e1\u0159\u00ed jeho sm\u011b\u0159ov\u00e1n\u00ed v nadch\u00e1zej\u00edc\u00edch desetilet\u00edch.<\/p>","protected":false},"excerpt":{"rendered":"<p>Antigua a Barbuda, okouzluj\u00edc\u00ed suver\u00e9nn\u00ed ostrovn\u00ed st\u00e1t, se nach\u00e1z\u00ed v srdci Karibiku. Tato zem\u011b, jedna z Mal\u00fdch Antil, m\u00e1 skv\u011blou polohu na setk\u00e1v\u00e1n\u00ed Atlantsk\u00e9ho a Karibsk\u00e9ho oce\u00e1nu. D\u00edky sv\u00e9 \u00fachvatn\u00e9 scen\u00e9rii, bohat\u00e9 historii a pulzuj\u00edc\u00ed kultu\u0159e nach\u00e1zej\u00ed v Antigui a Barbud\u011b okouzlen\u00ed jak n\u00e1v\u0161t\u011bvn\u00edci, tak i historici.<\/p>","protected":false},"author":1,"featured_media":3594,"parent":24084,"menu_order":0,"comment_status":"closed","ping_status":"closed","template":"elementor_theme","meta":{"_eb_attr":"","footnotes":""},"class_list":["post-9522","page","type-page","status-publish","has-post-thumbnail"],"_links":{"self":[{"href":"https:\/\/travelshelper.com\/cs\/wp-json\/wp\/v2\/pages\/9522","targetHints":{"allow":["GET"]}}],"collection":[{"href":"https:\/\/travelshelper.com\/cs\/wp-json\/wp\/v2\/pages"}],"about":[{"href":"https:\/\/travelshelper.com\/cs\/wp-json\/wp\/v2\/types\/page"}],"author":[{"embeddable":true,"href":"https:\/\/travelshelper.com\/cs\/wp-json\/wp\/v2\/users\/1"}],"replies":[{"embeddable":true,"href":"https:\/\/travelshelper.com\/cs\/wp-json\/wp\/v2\/comments?post=9522"}],"version-history":[{"count":0,"href":"https:\/\/travelshelper.com\/cs\/wp-json\/wp\/v2\/pages\/9522\/revisions"}],"up":[{"embeddable":true,"href":"https:\/\/travelshelper.com\/cs\/wp-json\/wp\/v2\/pages\/24084"}],"wp:featuredmedia":[{"embeddable":true,"href":"https:\/\/travelshelper.com\/cs\/wp-json\/wp\/v2\/media\/3594"}],"wp:attachment":[{"href":"https:\/\/travelshelper.com\/cs\/wp-json\/wp\/v2\/media?parent=9522"}],"curies":[{"name":"wp","href":"https:\/\/api.w.org\/{rel}","templated":true}]}}