{"id":9509,"date":"2024-09-08T15:02:14","date_gmt":"2024-09-08T15:02:14","guid":{"rendered":"https:\/\/travelshelper.com\/staging\/?page_id=9509"},"modified":"2026-03-13T13:05:38","modified_gmt":"2026-03-13T13:05:38","slug":"barbados","status":"publish","type":"page","link":"https:\/\/travelshelper.com\/cs\/destinations\/north-america\/barbados\/","title":{"rendered":"Barbados"},"content":{"rendered":"<p>Barbados dnes stoj\u00ed jako \u0161t\u00edhl\u00fd p\u016flm\u011bs\u00edc pevniny v Atlantiku, o \u0161\u00ed\u0159ce asi t\u0159icet \u010dty\u0159i kilometr\u016f, s rozlohou 439 kilometr\u016f \u010dtvere\u010dn\u00edch a populac\u00ed zhruba 287 000 du\u0161\u00ed (2019). Le\u017e\u00ed na nejv\u00fdchodn\u011bj\u0161\u00edm svahu Mal\u00fdch Antil, kde se azurov\u00e1 barva Karibiku dot\u00fdk\u00e1 tektonick\u00e9 rozlohy Ji\u017en\u00ed Ameriky.<\/p>\n<p>Od sv\u00e9ho prvn\u00edho objeven\u00ed se na \u0161pan\u011blsk\u00fdch map\u00e1ch v roce 1511, p\u0159es mezidob\u00ed portugalsk\u00e9 okupace v polovin\u011b \u0161estn\u00e1ct\u00e9ho stolet\u00ed, a\u017e po osudn\u00fd p\u0159\u00edjezd lodi Olivov\u00fd kv\u011bt v kv\u011btnu 1625 \u2013 kdy si Anglie ostrov n\u00e1rokovala pro kr\u00e1le Jakuba I. \u2013 a n\u00e1sledn\u00e9 vysl\u00e1n\u00ed st\u00e1l\u00fdch osadn\u00edk\u016f o dva roky pozd\u011bji, byl Barbados formov\u00e1n p\u0159\u00edlivem a odlivem imperi\u00e1ln\u00edch pl\u00e1n\u016f a p\u0159\u00edsnost\u00ed plant\u00e1\u017en\u00edch ekonomik, kter\u00e9 po stalet\u00ed zneu\u017e\u00edvaly africk\u00e9 otroctv\u00ed k p\u011bstov\u00e1n\u00ed cukrov\u00e9 t\u0159tiny na jeho n\u00edzko polo\u017een\u00fdch pl\u00e1n\u00edch. Pot\u00e9 emancipace, nejprve postupn\u011b uv\u00e1d\u011bn\u00e1 britsk\u00fdm z\u00e1konem o zru\u0161en\u00ed otroctv\u00ed z roku 1833, zp\u016fsobila spole\u010denskou p\u0159em\u011bnu, p\u0159esto\u017ee poz\u016fstatky otroctv\u00ed p\u0159etrv\u00e1valy ve spole\u010densk\u00fdch mravech.<\/p>\n<p>V p\u0159edve\u010der sv\u00e9 politick\u00e9 emancipace 30. listopadu 1966 se Barbados rozvinul v samostatnou \u0159\u00ed\u0161i Commonwealthu s kr\u00e1lovnou Al\u017eb\u011btou II. jako ceremoni\u00e1ln\u00ed hlavou; a ve stejn\u00fd kalend\u00e1\u0159n\u00ed den v roce 2021 dokon\u010dil sv\u016fj \u00fastavn\u00ed oblouk p\u0159ijet\u00edm republik\u00e1nsk\u00e9ho r\u00e1mce v r\u00e1mci Commonwealthu, nahradil monarchii prezidentem, ale zachoval si vazby spole\u010dn\u00e9 historie a spole\u010dn\u00e9ho \u00fasil\u00ed.<\/p>\n<p>Geograficky se ostrov vyzna\u010duje m\u00edrn\u00fdm reli\u00e9fem na z\u00e1pad\u011b \u2013 kde se kor\u00e1lov\u00e9 terasy sva\u017euj\u00ed k mo\u0159i pod prstencem \u00fates\u016f \u2013 a drsn\u011bj\u0161\u00edm v\u00fdstupem sm\u011brem k oblasti Scotland District na severov\u00fdchod\u011b, jej\u00ed\u017e zv\u011btral\u00e9 v\u00e1pence daly vzniknout jeskyn\u00edm a rokl\u00edm, kter\u00e9 sv\u011bd\u010d\u00ed o tis\u00edcilet\u00edch rozpadu. Na vrcholu t\u00e9to oblasti se ty\u010d\u00ed hora Hillaby, ty\u010d\u00edc\u00ed se do v\u00fd\u0161ky 340 metr\u016f, vrchol bajansk\u00e9ho ter\u00e9nu. Lze zde rozeznat stratifikovan\u00fd z\u00e1znam tektonick\u00e9 akrece, proto\u017ee Barbados spo\u010d\u00edv\u00e1 na sedimentech se\u0161kr\u00e1ban\u00fdch z Jihoamerick\u00e9 desky, kter\u00e1 se subdukuje pod Karibskou desku a zved\u00e1 ostrov rychlost\u00ed t\u00e9m\u011b\u0159 dvacet p\u011bt milimetr\u016f za tis\u00edcilet\u00ed. Zkosen\u00fd mys Pico Teneriffe, pojmenovan\u00fd po Kan\u00e1rsk\u00e9m ostrov\u011b le\u017e\u00edc\u00edm d\u00e1le na v\u00fdchod\u011b, vyb\u00edh\u00e1 do Atlantiku jako geologick\u00fd zv\u011bstovatel t\u011bchto hlub\u0161\u00edch sil.<\/p>\n<p>Klimaticky ostrov za\u017e\u00edv\u00e1 dvoj\u00ed st\u0159\u00edd\u00e1n\u00ed: vlhk\u00e9 obdob\u00ed od \u010dervna do prosince, kdy se ro\u010dn\u011b m\u016f\u017ee nahromadit 1 000 a\u017e 2 300 milimetr\u016f sr\u00e1\u017eek, a su\u0161\u0161\u00ed obdob\u00ed od prosince do kv\u011btna, b\u011bhem kter\u00e9ho se denn\u00ed termiky pohybuj\u00ed mezi 21 a 31 stupni Celsia. Pas\u00e1ty s neutuchaj\u00edc\u00ed rychlost\u00ed dvan\u00e1cti a\u017e \u0161estn\u00e1cti kilometr\u016f za hodinu zm\u00edr\u0148uj\u00ed vlhkost zp\u016fsobenou monzunov\u00fdmi de\u0161ti a dod\u00e1vaj\u00ed ostrovu m\u00edrnost, kter\u00e1 prop\u016fj\u010duje Barbadosu pov\u011bst klimatu, kter\u00e9 meteorologov\u00e9 naz\u00fdvaj\u00ed tropick\u00fdm monzunem, i kdy\u017e jeho neust\u00e1l\u00fd v\u00e1nek mu dod\u00e1v\u00e1 charakter odli\u0161n\u00fd od dusn\u011bj\u0161\u00edch rovn\u00edkov\u00fdch p\u00e1sem.<\/p>\n<p>Seismick\u00e9 ot\u0159esy a sesuvy p\u016fdy, a\u010dkoli jsou vz\u00e1cn\u00e9, sv\u011bd\u010d\u00ed o dynamick\u00e9m z\u00e1kladu ostrova; hurik\u00e1ny se zde tak\u00e9 objevuj\u00ed sporadicky, p\u0159esto Barbados le\u017e\u00ed za hlavn\u00ed cyklonovou dr\u00e1hou. Ni\u010div\u00fd hurik\u00e1n se v pr\u016fm\u011bru opakuje pouze jednou za dvacet \u0161est let, jak dokazuje katastrof\u00e1ln\u00ed n\u00e1v\u0161t\u011bva hurik\u00e1nu Janet v z\u00e1\u0159\u00ed 1955; v ned\u00e1vn\u00e9 dob\u011b se pob\u0159e\u017e\u00ed v \u0159\u00edjnu 2010 p\u0159ehnala tropick\u00e1 bou\u0159e Tomas, kter\u00e1 zp\u016fsobila jen mal\u00e9 \u0161kody.<\/p>\n<p>Demograficky zaznamenalo s\u010d\u00edt\u00e1n\u00ed lidu z roku 2010 277 821 obyvatel \u2013 p\u0159ibli\u017en\u011b 144 800 \u017een a 133 000 mu\u017e\u016f \u2013 t\u00e9m\u011b\u0159 v\u0161ichni africk\u00e9ho p\u016fvodu, co\u017e odr\u00e1\u017e\u00ed stalet\u00ed nucen\u00e9 migrace. Pr\u016fm\u011brn\u00e1 d\u00e9lka \u017eivota, kter\u00e1 v roce 2020 \u010dinila osmdes\u00e1t let, se \u0159ad\u00ed k nejvy\u0161\u0161\u00edm na sv\u011bt\u011b, p\u0159i\u010dem\u017e barbadosk\u00e9 \u017eeny dosahuj\u00ed pr\u016fm\u011brn\u00e9ho v\u011bku osmdes\u00e1ti t\u0159\u00ed let a mu\u017ei se bl\u00ed\u017e\u00ed sedmdes\u00e1ti dev\u00edti. Sou\u010dasn\u011b s touto dlouhov\u011bkost\u00ed se zem\u011b py\u0161n\u00ed jednou z nejvy\u0161\u0161\u00edch m\u011br stolet\u00fdch osob na obyvatele na sv\u011bt\u011b, co\u017e sv\u011bd\u010d\u00ed o opat\u0159en\u00edch v oblasti ve\u0159ejn\u00e9ho zdrav\u00ed a odolnosti jej\u00edch obyvatel. \u00dadaje o plodnosti a \u00famrtnosti uv\u00e1d\u011bj\u00ed hrubou m\u00edru porodnosti na 12,23 promile, m\u00edru \u00famrtnosti na 8,39 promile a m\u00edru kojeneck\u00e9 \u00famrtnosti v roce 2021 na n\u011bco m\u00e1lo p\u0159es jeden\u00e1ct promile \u017eiv\u011b narozen\u00fdch d\u011bt\u00ed \u2013 co\u017e je statistika, kterou pe\u010dliv\u011b sleduj\u00ed mezin\u00e1rodn\u00ed agentury.<\/p>\n<p>Barbadosk\u00e1 ekonomika, kdysi zakotven\u00e1 v monokulturn\u00ed produkci cukru, se diverzifikovala do sm\u00ed\u0161en\u00e9ho syst\u00e9mu slu\u017eeb, offshore financ\u00ed, lehk\u00e9ho pr\u016fmyslu a cestovn\u00edho ruchu. HDP na obyvatele ji \u0159ad\u00ed na pades\u00e1t\u00e9 druh\u00e9 m\u00edsto na sv\u011bt\u011b mezi osmdes\u00e1t t\u0159i ekonomiky s vysok\u00fdmi p\u0159\u00edjmy, kter\u00e9 ozna\u010dily glob\u00e1ln\u00ed finan\u010dn\u00ed instituce. Pod touto prosperitou se v\u0161ak skr\u00fdvaj\u00ed ohniska str\u00e1d\u00e1n\u00ed: podle studie Karibsk\u00e9 rozvojov\u00e9 banky z roku 2012 \u017eije ka\u017ed\u00fd p\u00e1t\u00fd obyvatel Bajanu pod hranic\u00ed chudoby a t\u00e9m\u011b\u0159 ka\u017ed\u00fd des\u00e1t\u00fd si nedok\u00e1\u017ee zajistit dostate\u010dnou v\u00fd\u017eivu denn\u011b. Inovace v\u0161ak nach\u00e1z\u00ed sv\u00e9 vyj\u00e1d\u0159en\u00ed; Barbados dos\u00e1hl sedmdes\u00e1t\u00e9ho sedm\u00e9ho m\u00edsta v Glob\u00e1ln\u00edm indexu inovac\u00ed za rok 2024.<\/p>\n<p>Kulturn\u00ed \u017eivot pulzuje synkretickou intenzitou. Term\u00edn \u201eBajan\u201c, odvozen\u00fd ze zkr\u00e1cen\u00e9 verze slova \u201eBarbadosk\u00fd\u201c z osmn\u00e1ct\u00e9ho stolet\u00ed, ozna\u010duje n\u00e1rodnost i identitu, co\u017e je znak hrdosti ostrovan\u016f, jejich\u017e d\u011bdictv\u00ed prol\u00edn\u00e1 z\u00e1padoafrick\u00e9, portugalsk\u00e9, v\u00fdchodoindick\u00e9, kreolsk\u00e9 a britsk\u00e9 nit\u011b. Ka\u017ed\u00e9 l\u00e9to, po\u010d\u00ednaje za\u010d\u00e1tkem \u010dervence a vrchol\u00edc\u00ed prvn\u00ed pond\u011bl\u00ed v srpnu \u2013 den Kadooment \u2013 \u200b\u200bo\u017eivuje festival Crop Over ritu\u00e1l z osmn\u00e1ct\u00e9ho stolet\u00ed, kter\u00fd uct\u00edval posledn\u00ed sklize\u0148 cukrov\u00e9 t\u0159tiny. B\u011bhem t\u00fddn\u016f hudebn\u00edch sout\u011b\u017e\u00ed a slavnost\u00ed calypso a soca komunita korunuje Kr\u00e1le a Kr\u00e1lovnu \u00farody, kte\u0159\u00ed jsou pojmenov\u00e1ni po d\u011bln\u00edc\u00edch, kte\u0159\u00ed kdysi nesli nejt\u011b\u017e\u0161\u00ed b\u0159emena na pol\u00edch. Prost\u0159ednictv\u00edm zvuk\u016f \u017ees\u0165ov\u00fdch n\u00e1stroj\u016f a dun\u011bn\u00ed bubn\u016f se minulost Barbadosu vytahuje z archivu a nab\u00fdv\u00e1 hmotn\u00e9 podoby v ma\u0161kar\u00e1d\u011b a melodii.<\/p>\n<p>I gastronomie nese otisk t\u00e9to multikulturn\u00ed linie. N\u00e1rodn\u00ed pokrm, cou-cou s l\u00e9taj\u00edc\u00ed rybou a pikantn\u00ed om\u00e1\u010dkou, spojuje jemn\u011bji mletou kuku\u0159i\u010dnou mouku s typickou rybou ostrova \u2013 marinovanou ve sm\u011bsi m\u00edstn\u00edch bylinek \u2013 pod\u00e1vanou spolu s om\u00e1\u010dkami s pep\u0159em. Na spole\u010dn\u00fdch stolech se objevuje pudink a souse \u2013 vep\u0159ov\u00e9 maso v oct\u011b s ko\u0159en\u011bn\u00fdmi bat\u00e1ty \u2013 a p\u0159ipom\u00edn\u00e1 tak star\u00e9 venkovsk\u00e9 kuchyn\u011b. V\u011bt\u0161inu j\u00eddel doprov\u00e1zej\u00ed nakl\u00e1dan\u00e9 okurky, ryb\u00ed kol\u00e1\u010dky, \u201ezape\u010den\u00e9\u201c pe\u010divo sma\u017een\u00e9 dozlatova a sal\u00e1ty z k\u0159upav\u00e9 zeleniny, korunovan\u00e9 p\u00e1liv\u00fdmi om\u00e1\u010dkami z paprik Scotch Bonnet.<\/p>\n<p>Lihoviny destilovan\u00e9 zde se t\u011b\u0161\u00ed celosv\u011btov\u00e9 proslulosti. Rum Mount Gay, jeho\u017e po\u010d\u00e1tky sahaj\u00ed a\u017e k listin\u011b z roku 1703, se hl\u00e1s\u00ed k pov\u011bsti nejstar\u0161\u00edho dochovan\u00e9ho v\u00fdrobce rumu na sv\u011bt\u011b. Jeho jantarov\u011b zbarven\u00e1 chu\u0165, zraj\u00edc\u00ed v op\u00e1len\u00fdch dubov\u00fdch sudech, sv\u011bd\u010d\u00ed o stalet\u00edch destila\u010dn\u00edch zku\u0161enost\u00ed. Rum Cockspur, kokosov\u00e1 sladkost z Malibu a sv\u011btl\u00fd le\u017e\u00e1k a jantarov\u00e9 pivo z pivovaru Banks Brewery p\u0159edstavuj\u00ed rozmanit\u00e9 pivovarnick\u00e9 tradice ostrova, zat\u00edmco Tiger Malt nab\u00edz\u00ed nealkoholick\u00fd sladov\u00fd n\u00e1poj pro m\u00edrn\u00e9 jaz\u00fd\u010dky. V posledn\u00ed dob\u011b si pivo 10 Saints ze Speightstownu, kter\u00e9 ti\u0161e zraje devades\u00e1t dn\u00ed v sudech Mount Gay Special Reserve, od sv\u00e9ho uveden\u00ed na trh v roce 2009 z\u00edskalo skromnou z\u00e1kladnu p\u0159\u00edznivc\u016f na trz\u00edch CARICOMu.<\/p>\n<p>\u0158idi\u010di k\u0159i\u017euj\u00ed klikat\u00e9 silnice vlevo a sd\u00edlej\u00ed trasy s flotilou registrovan\u00fdch vozidel, kter\u00e1 \u010d\u00edt\u00e1 p\u0159ibli\u017en\u011b jedno vozidlo na ka\u017ed\u00e9 dva obyvatele. Doprava m\u016f\u017ee uv\u00edznout na jihov\u00fdchodn\u00edm \u00faseku \u2013 od Six Cross Roads v Saint Philip po North Point v Saint Lucy \u2013 na cest\u011b dlouh\u00e9 sotva \u010dty\u0159icet kilometr\u016f, kter\u00e1 m\u016f\u017ee trvat hodinu a p\u016fl, kdy\u017e poledn\u00ed slunce oza\u0159uje \u010d\u00e1ry vozovky. Na k\u0159i\u017eovatk\u00e1ch vl\u00e1dnou kruhov\u00e9 objezdy; Socha emancipace Bussy, rebela z osmn\u00e1ct\u00e9ho stolet\u00ed, zab\u00edr\u00e1 jeden takov\u00fd kruh v\u00fdchodn\u011b od Bridgetownu a jej\u00ed p\u0159\u00edtomnost je tichou \u0159e\u010d\u00ed o cen\u011b svobody.<\/p>\n<p>Ve\u0159ejn\u00e1 doprava dopl\u0148uje soukrom\u00e9 automobily. Soukrom\u011b provozovan\u00e9 \u201eZR\u201c \u2013 minibusy pro stoj\u00edc\u00ed cestuj\u00edc\u00ed pod\u00e9l malebn\u00fdch obj\u00ed\u017e\u010fek \u2013 a mal\u00e9 \u017elut\u00e9 \u201eminibusy\u201c se m\u00eds\u00ed s nebesky modr\u00fdmi palubn\u00edmi autobusy, kter\u00e9 se \u0159\u00edd\u00ed pevn\u00fdmi j\u00edzdn\u00edmi \u0159\u00e1dy a trasami. J\u00edzdn\u00e9 ve v\u00fd\u0161i 3,50 bahtsk\u00fdch dolar\u016f je platn\u00e9 pro v\u0161echny tyto autobusy; \u0161kol\u00e1ci v uniform\u00e1ch jezd\u00ed ve vl\u00e1dn\u00edch autobusech zdarma a v ZR stoj\u00ed 2,50 bahtsk\u00fdch dolar\u016f. Vr\u00e1ceno je u soukrom\u00fdch dopravc\u016f, zat\u00edmco vl\u00e1dn\u00ed vozidla vyd\u00e1vaj\u00ed \u00fa\u010dtenky m\u00edsto drobn\u00fdch minc\u00ed; termin\u00e1ly a depa jsou rozm\u00edst\u011bny v Bridgetownu, Speightstownu, Oistins a Mangrove, p\u0159i\u010dem\u017e ka\u017ed\u00fd z nich je uzlem v ob\u011bhov\u00e9 soustav\u011b ostrova.<\/p>\n<p>Ve snaze o udr\u017eitelnost po\u0159\u00eddil Barbados v \u010dervenci 2020 t\u0159icet t\u0159i elektrick\u00fdch autobus\u016f BYD, kter\u00e9 doplnily st\u00e1rnouc\u00ed flotilu dieselov\u00fdch vozidel a p\u0159isp\u011bly k dosa\u017een\u00ed vl\u00e1dn\u00edho c\u00edle eliminovat fosiln\u00ed paliva do roku 2030. Hotely, kter\u00e9 cht\u011bj\u00ed vyhov\u011bt n\u00e1v\u0161t\u011bvn\u00edk\u016fm, \u010dasto vypravuj\u00ed kyvadlovou dopravu k m\u00edstn\u00edm pam\u00e1tk\u00e1m a mal\u00e9 autop\u016fj\u010dovny \u2013 kter\u00e9 nejsou sou\u010d\u00e1st\u00ed nadn\u00e1rodn\u00edch \u0159et\u011bzc\u016f \u2013 nab\u00edzej\u00ed mo\u017enost vlastn\u00edho \u0159\u00edzen\u00ed t\u011bm, kte\u0159\u00ed cht\u011bj\u00ed prozkoum\u00e1vat okol\u00ed ve voln\u00e9m \u010dase.<\/p>\n<p>Mezin\u00e1rodn\u00ed leti\u0161t\u011b Grantley Adams, jedin\u00e1 leteck\u00e1 br\u00e1na ostrova, funguje jako ji\u017en\u00ed centrum karibsk\u00e9ho obchodu, co\u017e podtrhuje propojen\u00ed Barbadosu s Evropou, Severn\u00ed Amerikou a dal\u0161\u00edmi zem\u011bmi. Modernizace v hodnot\u011b 100 milion\u016f USD v letech 2003 a\u017e 2006 roz\u0161\u00ed\u0159ila jeho kapacitu a v roce 2023 za\u010dala p\u0159estavba b\u00fdval\u00e9ho termin\u00e1lu Concorde na modernizovan\u00fd odletov\u00fd pavilon. Premi\u00e9rka Mia Mottleyov\u00e1 v prosinci 2023 ozn\u00e1mila jedn\u00e1n\u00ed o dal\u0161\u00edch 300 milionech USD na vylep\u0161en\u00ed leti\u0161t\u011b, co\u017e p\u0159edznamen\u00e1v\u00e1 budoucnost zv\u00fd\u0161en\u00e9 propustnosti.<\/p>\n<p>N\u00e1mo\u0159n\u00ed p\u0159\u00edstup se soust\u0159ed\u00ed v p\u0159\u00edstavu Bridgetown, jeho\u017e kontejnerov\u00e9 a v\u00fdletn\u00ed operace spravuje Barbados Port Inc., obnoven\u00fd \u00fa\u0159ad d\u0159\u00edve zn\u00e1m\u00fd jako Barbados Port Authority. Jeho doky p\u0159ij\u00edmaj\u00ed plavidla v\u0161ech t\u0159\u00edd, co\u017e posiluje roli ostrova jako\u017eto centra pro n\u00e1mo\u0159n\u00ed obchod a voln\u00fd \u010das.<\/p>\n<p>A\u010dkoli je Barbados jen jedn\u00edm z mnoha ostrov\u016f, vyzna\u010duje se nep\u0159eru\u0161enou koloni\u00e1ln\u00ed lini\u00ed \u2013 vyslou\u017eil si p\u0159ezd\u00edvky \u201eBimshire\u201c a \u201eMal\u00e1 Brit\u00e1nie\u201c \u2013 a sv\u00fdm geologick\u00fdm charakterem jako\u017eto kor\u00e1lov\u011b tvo\u0159en\u00e9ho \u00fatvaru, nikoli sope\u010dn\u00e9ho v\u00fdb\u011b\u017eku. Jeho nejbli\u017e\u0161\u00ed soused\u00e9 \u2013 Svat\u00e1 Lucie a Svat\u00fd Vincenc \u2013 le\u017e\u00ed p\u0159ibli\u017en\u011b 168 kilometr\u016f z\u00e1padn\u011b a jejich drsn\u00e9 vrcholy pror\u00e1\u017eej\u00ed siluetu ostrova, zat\u00edmco zplo\u0161t\u011bl\u00e9 kontury Barbadosu sv\u011bd\u010d\u00ed o \u00falomc\u00edch \u00fates\u016f a n\u00e1nosech sediment\u016f.<\/p>\n<p>Jeden\u00e1ct farnost\u00ed rozd\u011bluje tuto skromnou oblast na \u010dty\u0159i neform\u00e1ln\u00ed regiony. V Saint Michael se nach\u00e1z\u00ed Bridgetown a jedna t\u0159etina obyvatelstva, jeho n\u00e1b\u0159e\u017e\u00ed Careenage a historick\u00e9 pos\u00e1dkov\u00e9 okrsky nab\u00edzej\u00ed vstupn\u00ed br\u00e1ny do koloni\u00e1ln\u00edho d\u011bn\u00ed na ostrov\u011b, vedle pal\u00edrny Mount Gay a kriketov\u00e9ho h\u0159i\u0161t\u011b Kensington Oval. Na z\u00e1pad\u011b se nach\u00e1zej\u00ed Saint James, Saint Peter a Saint Lucy s nejchr\u00e1n\u011bn\u011bj\u0161\u00edmi pl\u00e1\u017eemi, zat\u00edmco Holetown a Speightstown poskytuj\u00ed koridor penzion\u016f a resort\u016f pro rodiny a svatebn\u00ed cestovatele. Na jihu se nach\u00e1z\u00ed Christ Church, kde se nach\u00e1z\u00ed nejv\u011bt\u0161\u00ed koncentrace no\u010dn\u00edho \u017eivota, jeho \u00fasek od Rockley p\u0159es Oistins a\u017e po Silver Sands je pln\u00fd bar\u016f a restaurac\u00ed, zat\u00edmco drsn\u00e9 pob\u0159e\u017e\u00ed Sainte Philip na v\u00fdchod\u011b l\u00e1k\u00e1 ty, kter\u00e9 l\u00e1k\u00e1 dramatick\u00e9 vlny. Centr\u00e1ln\u00ed v\u00fdchodn\u00ed farnosti \u2013 Saint Andrew, Saint George, Saint John, Saint Joseph a Saint Thomas \u2013 z\u016fst\u00e1vaj\u00ed z velk\u00e9 \u010d\u00e1sti nezastav\u011bn\u00e9, jejich zelen\u00e9 zahrady, plant\u00e1\u017en\u00ed usedlosti a podzemn\u00ed jeskyn\u011b v Harrison&#039;s Cave nab\u00edzej\u00ed intimn\u00ed setk\u00e1n\u00ed s vnitrozem\u00edm Barbadosu.<\/p>\n<p>Odlehl\u00e9 ostr\u016fvky \u2013 Pelican Island, kdysi karant\u00e9nn\u00ed stanice, nyn\u00ed zahrnut\u00e1 roz\u0161\u00ed\u0159en\u00edm bridgetownsk\u00e9ho p\u0159\u00edstavu, a Culpepper Island, pouh\u00fd kousek tr\u00e1vy, kam se lze dostat p\u011b\u0161ky p\u0159i odlivu \u2013 stoj\u00ed jako mal\u00e9 kuriozity, jejich\u017e steriln\u00ed krajina je kontrapunktem k obd\u011bl\u00e1van\u00fdm pol\u00edm a ru\u0161n\u00fdm uli\u010dk\u00e1m hlavn\u00edho ostrova.<\/p>\n<p>Barbados po stalet\u00ed vyu\u017e\u00edval sv\u00e9 kor\u00e1lov\u00e9 z\u00e1klady a imperi\u00e1ln\u00ed d\u011bdictv\u00ed k vytvo\u0159en\u00ed spole\u010dnosti, kter\u00e1 je z\u00e1rove\u0148 prodchnut\u00e1 tradic\u00ed a otev\u0159en\u00e1 inovac\u00edm. Zde, kde oce\u00e1nsk\u00fd v\u00edtr nese stejnou m\u011brou vzpom\u00ednky i p\u0159\u00edsliby, n\u00e1v\u0161t\u011bvn\u00edk nach\u00e1z\u00ed ostrov, kter\u00fd odol\u00e1v\u00e1 snadn\u00e9mu romantismu a odhaluje sv\u00e1 tajemstv\u00ed trp\u011bliv\u00fdm nar\u016fst\u00e1n\u00edm historie, geologie a kultury na jevi\u0161ti nen\u00e1padn\u00e9 kr\u00e1sy.<\/p>","protected":false},"excerpt":{"rendered":"<p>Barbados, kter\u00fd se nach\u00e1z\u00ed na Mal\u00fdch Antil\u00e1ch v Z\u00e1padn\u00ed Indii, je fascinuj\u00edc\u00ed ostrovn\u00ed st\u00e1t. Je nejv\u00fdchodn\u011bj\u0161\u00edm z karibsk\u00fdch ostrov\u016f, ukryt\u00fd v Karibiku, soused\u00ed se Severn\u00ed Amerikou a severn\u011b od Ji\u017en\u00ed Ameriky. Geografick\u00e1 poloha Barbadosu na hranici Jihoamerick\u00e9 a Karibsk\u00e9 desky pom\u00e1h\u00e1 vysv\u011btlit jeho charakteristickou geologii. Bridgetown, hlavn\u00ed a nejv\u011bt\u0161\u00ed m\u011bsto ostrova, je centrem obchodu a kultury.<\/p>","protected":false},"author":1,"featured_media":3142,"parent":24084,"menu_order":0,"comment_status":"closed","ping_status":"closed","template":"elementor_theme","meta":{"_eb_attr":"","footnotes":""},"class_list":["post-9509","page","type-page","status-publish","has-post-thumbnail"],"_links":{"self":[{"href":"https:\/\/travelshelper.com\/cs\/wp-json\/wp\/v2\/pages\/9509","targetHints":{"allow":["GET"]}}],"collection":[{"href":"https:\/\/travelshelper.com\/cs\/wp-json\/wp\/v2\/pages"}],"about":[{"href":"https:\/\/travelshelper.com\/cs\/wp-json\/wp\/v2\/types\/page"}],"author":[{"embeddable":true,"href":"https:\/\/travelshelper.com\/cs\/wp-json\/wp\/v2\/users\/1"}],"replies":[{"embeddable":true,"href":"https:\/\/travelshelper.com\/cs\/wp-json\/wp\/v2\/comments?post=9509"}],"version-history":[{"count":0,"href":"https:\/\/travelshelper.com\/cs\/wp-json\/wp\/v2\/pages\/9509\/revisions"}],"up":[{"embeddable":true,"href":"https:\/\/travelshelper.com\/cs\/wp-json\/wp\/v2\/pages\/24084"}],"wp:featuredmedia":[{"embeddable":true,"href":"https:\/\/travelshelper.com\/cs\/wp-json\/wp\/v2\/media\/3142"}],"wp:attachment":[{"href":"https:\/\/travelshelper.com\/cs\/wp-json\/wp\/v2\/media?parent=9509"}],"curies":[{"name":"wp","href":"https:\/\/api.w.org\/{rel}","templated":true}]}}