{"id":9438,"date":"2024-09-08T11:53:45","date_gmt":"2024-09-08T11:53:45","guid":{"rendered":"https:\/\/travelshelper.com\/staging\/?page_id=9438"},"modified":"2026-03-13T13:05:13","modified_gmt":"2026-03-13T13:05:13","slug":"belize","status":"publish","type":"page","link":"https:\/\/travelshelper.com\/cs\/destinations\/north-america\/belize\/","title":{"rendered":"Belize"},"content":{"rendered":"<p>Belize, st\u00e1t s 397 483 obyvateli (podle s\u010d\u00edt\u00e1n\u00ed lidu z roku 2022), se rozkl\u00e1d\u00e1 na 22 970 kilometrech \u010dtvere\u010dn\u00edch na severov\u00fdchodn\u00edm pob\u0159e\u017e\u00ed St\u0159edn\u00ed Ameriky. Soused\u00ed s mexick\u00fdm st\u00e1tem Quintana Roo na severu, guatemalsk\u00fdmi departmenty Pet\u00e9n a Izabal na z\u00e1pad\u011b a jihu a om\u00fdv\u00e1 se Karibsk\u00fdm mo\u0159em s n\u00e1mo\u0159n\u00ed hranic\u00ed s Hondurasem na jihov\u00fdchod\u011b. Tato zem\u011b zauj\u00edm\u00e1 strategickou polohu mezi americk\u00fdm a karibsk\u00fdm sv\u011btem a je jedin\u00fdm \u00fazem\u00edm Commonwealthu na St\u0159edoamerick\u00e9 \u0161\u00edji.<\/p>\n<p>Dlouho p\u0159edt\u00edm, ne\u017e se k jeho b\u0159eh\u016fm na po\u010d\u00e1tku \u0161estn\u00e1ct\u00e9ho stolet\u00ed p\u0159ibl\u00ed\u017eily evropsk\u00e9 lod\u011b, byly n\u00ed\u017einn\u00e9 lesy a v\u00e1pencov\u00e9 kopce sv\u011bdky vzestupu maysk\u00fdch m\u011bstsk\u00fdch st\u00e1t\u016f mezi lety 1500 p\u0159. n. l. a 300 n. l., jejich\u017e ceremoni\u00e1ln\u00ed centra vzkv\u00e9tala zhruba do roku 1200 n. l. P\u0159\u00edchod expedice Kry\u0161tofa Kolumba v letech 1502\u20131504 p\u0159edznamen\u00e1val ob\u010dasn\u00e9 \u0161pan\u011blsk\u00e9 n\u00e1roky, nicm\u00e9n\u011b a\u017e angli\u010dt\u00ed osadn\u00edci, kte\u0159\u00ed dorazili v roce 1638, polo\u017eili z\u00e1klady koloni\u00e1ln\u00ed p\u0159\u00edtomnosti, kter\u00e1 p\u0159e\u017eila \u0161pan\u011blsk\u00e9 v\u00fdzvy a\u017e po st\u0159etnut\u00ed u St. George&#039;s Caye v roce 1798. Britsk\u00e1 koruna formalizovala svou kontrolu do roku 1862 a Belize dos\u00e1hlo suver\u00e9nn\u00edho statusu 21. z\u00e1\u0159\u00ed 1981, kdy\u017e se prost\u0159ednictv\u00edm gener\u00e1ln\u00edho guvern\u00e9ra rozhodlo ponechat si britsk\u00e9ho monarchu jako hlavu st\u00e1tu.<\/p>\n<p>Ter\u00e9n zem\u011b je z\u00e1rove\u0148 rozmanit\u00fd a neobvykle bohat\u00fd: t\u00e9m\u011b\u0159 kosod\u00e9ln\u00edkov\u00e1 pevnina se t\u00e1hne asi 280 kilometr\u016f od severu k jihu a zhruba 100 kilometr\u016f od v\u00fdchodu k z\u00e1padu, ohrani\u010den\u00e1 serpentinov\u00fdmi toky \u0159ek Hondo a Sarstoon pod\u00e9l sv\u00fdch hranic. Zat\u00edmco severn\u00ed sektor tvo\u0159\u00ed ploch\u00e9, ba\u017einat\u00e9 pob\u0159e\u017en\u00ed pl\u00e1n\u011b prokl\u00e1dan\u00e9 mangrovov\u00fdmi hou\u0161tinami, jih se zved\u00e1 do poho\u0159\u00ed Maya, kde se vrcholy, jako je Doyle&#039;s Delight, ty\u010d\u00ed do v\u00fd\u0161ky 1 124 metr\u016f. Mezi t\u011bmito extr\u00e9my se nach\u00e1zej\u00ed nespo\u010detn\u00e9 laguny \u2013 obzvl\u00e1\u0161t\u011b roz\u0161\u00ed\u0159en\u00e9 v severn\u00edm vnitrozem\u00ed \u2013 kter\u00e9 zmen\u0161uj\u00ed souvisl\u00fd pozemkov\u00fd pozemek na p\u0159ibli\u017en\u011b 21 400 kilometr\u016f \u010dtvere\u010dn\u00edch, co\u017e Belize ozna\u010duje za nejm\u00e9n\u011b hust\u011b os\u00eddlen\u00e9 \u00fazem\u00ed v regionu.<\/p>\n<p>Pod\u00e9l 386 kilometr\u016f dlouh\u00e9ho pob\u0159e\u017e\u00ed se s b\u0159ehem t\u00e1hne druh\u00fd nejdel\u0161\u00ed bari\u00e9rov\u00fd \u00fates na sv\u011bt\u011b, kter\u00fd udr\u017euje mimo\u0159\u00e1dnou mo\u0159skou \u0159\u00ed\u0161i, jej\u00ed\u017e kor\u00e1lov\u00e9 atoly, porosty mo\u0159sk\u00e9 tr\u00e1vy a ko\u0159eny mangrovov\u00fdch porost\u016f slou\u017e\u00ed jako kl\u00ed\u010dov\u00e9 uzly v r\u00e1mci mezoamerick\u00e9ho biologick\u00e9ho koridoru. Suchozemsk\u00e9 lesy \u2013 od listnat\u00fdch st\u00e1lezelen\u00fdch n\u00ed\u017ein a\u017e po subtropick\u00e9 borov\u00e9 porosty ve vy\u0161\u0161\u00edch nadmo\u0159sk\u00fdch v\u00fd\u0161k\u00e1ch \u2013 ukr\u00fdvaj\u00ed endemickou fl\u00f3ru a faunu, zat\u00edmco jagu\u00e1\u0159i, tap\u00ed\u0159i a mno\u017estv\u00ed pta\u010d\u00edch druh\u016f se vine po korun\u00e1ch strom\u016f. Toto ekologick\u00e9 bohatstv\u00ed stav\u00ed Belize do pop\u0159ed\u00ed \u00fasil\u00ed o ochranu p\u0159\u00edrody, a to i p\u0159esto, \u017ee jeho ostrovn\u00ed poloha a drsn\u00e9 vnitrozem\u00ed z n\u011bj kdysi d\u011blaly cestu pro obchodn\u00edky s drogami, kte\u0159\u00ed se sna\u017eili dostat do Mexika.<\/p>\n<p>Klimaticky Belize za\u017e\u00edv\u00e1 v\u00fdrazn\u00e9 v\u00fdkyvy mezi vlhk\u00fdm obdob\u00edm, kter\u00e9 trv\u00e1 zhruba od kv\u011btna do listopadu, a pom\u011brn\u011b such\u00fdm obdob\u00edm od prosince do dubna. Pob\u0159e\u017en\u00ed oblasti zaznamen\u00e1vaj\u00ed pr\u016fm\u011brn\u00e9 m\u011bs\u00ed\u010dn\u00ed teploty od 24 \u00b0C v lednu do 27 \u00b0C v \u010dervenci, kter\u00e9 jsou moderov\u00e1ny severov\u00fdchodn\u00edmi pas\u00e1ty od Karibiku; vnitrozemsk\u00e9 n\u00ed\u017einy b\u00fdvaj\u00ed o n\u011bco teplej\u0161\u00ed, zat\u00edmco n\u00e1horn\u00ed plo\u0161iny Mountain Pine Ridge se t\u011b\u0161\u00ed znateln\u011b chladn\u011bj\u0161\u00edm podm\u00ednk\u00e1m. Sr\u00e1\u017eky se prudce li\u0161\u00ed \u2013 od p\u0159ibli\u017en\u011b 1 350 milimetr\u016f ro\u010dn\u011b v severn\u00edch n\u00ed\u017ein\u00e1ch a\u017e po v\u00edce ne\u017e 4 500 milimetr\u016f na dalek\u00e9m jihu \u2013 s kr\u00e1tkou \u201etrochu suchou\u201c p\u0159est\u00e1vkou v letn\u00edm slunovratu, kter\u00e1 p\u0159eru\u0161uje hlavn\u00ed cyklus de\u0161\u0165\u016f.<\/p>\n<p>Demografick\u00e1 struktura Belize odr\u00e1\u017e\u00ed slo\u017eitou tapiserii d\u011bdictv\u00ed: na severu a z\u00e1pad\u011b p\u0159evl\u00e1daj\u00ed potomci May\u016f, na karibsk\u00e9m pob\u0159e\u017e\u00ed \u017eij\u00ed komunity Garifun\u016f \u2013 nesouc\u00ed afroamerick\u00e9 indi\u00e1nsk\u00e9 tradice \u2013 a do n\u00e1rodn\u00ed struktury jsou vetk\u00e1ny kreolsk\u00e9, mestick\u00e9 a evropsk\u00e9 mennonitsk\u00e9 enkl\u00e1vy. V d\u016fsledku st\u00e1l\u00e9ho demografick\u00e9ho posunu od 80. let 20. stolet\u00ed dos\u00e1hli hisp\u00e1nsko-mestic\u0161t\u00ed obyvatel\u00e9 po\u010detn\u00ed p\u0159evahy, co\u017e je zp\u016fsobeno migrac\u00ed a zv\u00fd\u0161enou porodnost\u00ed, zat\u00edmco kreol\u0161t\u00ed se ve velk\u00e9m po\u010dtu p\u0159est\u011bhovali do Spojen\u00fdch st\u00e1t\u016f. Dnes je b\u011b\u017en\u00e1 mnohojazy\u010dnost: angli\u010dtina je ofici\u00e1ln\u00edm jazykem, ale kreol\u0161tina a \u0161pan\u011bl\u0161tina prostupuj\u00ed ka\u017edodenn\u00edm \u017eivotem, dopln\u011bn\u00e9 maysk\u00fdmi dialekty a jazykem Garifun\u016f.<\/p>\n<p>Ekonomick\u00e1 aktivita z\u016fst\u00e1v\u00e1 ukotvena v zem\u011bd\u011blstv\u00ed a agropr\u016fmyslu, p\u0159i\u010dem\u017e cukrov\u00e1 t\u0159tina \u2013 p\u0159ipom\u00ednaj\u00edc\u00ed koloni\u00e1ln\u00ed vzorce \u2013 tvo\u0159\u00ed t\u00e9m\u011b\u0159 polovinu exportn\u00edch p\u0159\u00edjm\u016f a ban\u00e1ny slou\u017e\u00ed jako hlavn\u00ed zdroj zam\u011bstnanosti na venkov\u011b. Pap\u00e1ja se \u0159ad\u00ed mezi t\u0159i nejv\u011bt\u0161\u00ed sv\u011btov\u00e9 exportn\u00ed polo\u017eky Belize, zat\u00edmco pr\u016fmyslov\u00e9 miner\u00e1ly, ropa (s produkc\u00ed zhruba 2 000 barel\u016f denn\u011b v roce 2017) a ropa p\u0159isp\u00edvaj\u00ed ke skromn\u00e9mu, ale rozmanit\u00e9mu portfoliu. Cestovn\u00ed ruch a stavebnictv\u00ed v posledn\u00edch desetilet\u00edch za\u017e\u00edvaj\u00ed vzestup, katalyzovan\u00fd k\u0159ehk\u00fdmi, ale honosn\u00fdmi ekosyst\u00e9my zem\u011b; p\u0159\u00edmo\u0159sk\u00e9 resorty, rafting na \u0159ece a prohl\u00eddky s pr\u016fvodcem k archeologick\u00fdm poz\u016fstatk\u016fm uspokojuj\u00ed trh s ekoturistikou, kter\u00fd vl\u00e1da up\u0159ednost\u0148uje ji\u017e od zem\u011bd\u011blstv\u00ed.<\/p>\n<p>M\u011bna \u2013 nav\u00e1zan\u00e1 na americk\u00fd dolar \u2013 a liber\u00e1ln\u00ed bankovn\u00ed regulace bohu\u017eel u\u010dinily Belize n\u00e1chyln\u00fdm k pran\u00ed \u0161pinav\u00fdch pen\u011bz, co\u017e vedlo k tomu, \u017ee USA v roce 2014 byly ozna\u010deny za \u201ezemi s v\u00fdznamn\u00fdm v\u00fdskytem pran\u00ed \u0161pinav\u00fdch pen\u011bz\u201c. Byla navr\u017eena protiopat\u0159en\u00ed zam\u011b\u0159en\u00e1 na dodr\u017eov\u00e1n\u00ed da\u0148ov\u00fdch p\u0159edpis\u016f a kontrolu v\u00fddaj\u016f, a\u010dkoli nedostatky v infrastruktu\u0159e \u2013 nejv\u00edce zjevn\u011b vysok\u00e9 ceny elekt\u0159iny a nedostate\u010dn\u011b rozvinut\u00e9 dopravn\u00ed s\u00edt\u011b \u2013 i nad\u00e1le zat\u011b\u017euj\u00ed konkurenceschopnost. Mezi hlavn\u00ed obchodn\u00ed partnery pat\u0159\u00ed Spojen\u00e9 st\u00e1ty, Mexiko, Spojen\u00e9 kr\u00e1lovstv\u00ed, Evropsk\u00e1 unie a zem\u011b CARICOM.<\/p>\n<p>Sociokulturn\u00ed rytmy Belize se nej\u017eiv\u011bji projevuj\u00ed b\u011bhem ka\u017edoro\u010dn\u00edch z\u00e1\u0159ijov\u00fdch oslav, kter\u00e9 p\u0159ipom\u00ednaj\u00ed bitvu u St. George&#039;s Caye a Den nez\u00e1vislosti, zat\u00edmco synkopovan\u00fd puls punta hudby podtrhuje identitu Garifuna pod\u00e9l karibsk\u00e9ho pob\u0159e\u017e\u00ed. Rodinn\u00e1 j\u00eddla se \u010dasto to\u010d\u00ed kolem r\u00fd\u017ee a fazol\u00ed du\u0161en\u00fdch v kokosov\u00e9m ml\u00e9ce, du\u0161en\u00e9ho ku\u0159ete, tamales a escabeche, k sn\u00eddani se pod\u00e1vaj\u00ed sma\u017een\u00e9 placky nebo p\u0161eni\u010dn\u00e9 tortilly a ereba \u2013 chl\u00e9b z manioku \u2013 pat\u0159\u00ed mezi z\u00e1kladn\u00ed ingredience kuchyn\u011b Garifuna. M\u011bstsk\u00e9 restaurace i st\u00e1nky u silnic nab\u00edzej\u00ed tato j\u00eddla za dostupn\u00e9 ceny, a\u010dkoli p\u0159etrv\u00e1vaj\u00ed region\u00e1ln\u00ed rozd\u00edly: maysk\u00e9 komunity se spol\u00e9haj\u00ed na kuku\u0159ici, fazole a d\u00fdn\u011b, zat\u00edmco ji\u017en\u00ed okresy se raduj\u00ed z plod\u016f de\u0161tn\u00e9ho pralesa a sladkovodn\u00edch ryb.<\/p>\n<p>Statistiky cestovn\u00edho ruchu z roku 2012 zaznamenaly t\u00e9m\u011b\u0159 918 000 n\u00e1v\u0161t\u011bvn\u00edk\u016f \u2013 v\u00edce ne\u017e polovina z nich poch\u00e1zela ze Spojen\u00fdch st\u00e1t\u016f \u2013 kte\u0159\u00ed generovali tr\u017eby p\u0159esahuj\u00edc\u00ed 1,3 miliardy dolar\u016f. Po vypuknut\u00ed glob\u00e1ln\u00ed pandemie se Belize stalo prvn\u00edm karibsk\u00fdm n\u00e1rodem, kter\u00fd povolil vstup o\u010dkovan\u00fdm cestuj\u00edc\u00edm bez testov\u00e1n\u00ed, \u010d\u00edm\u017e pos\u00edlilo svou pov\u011bst bezpe\u010dn\u00e9ho \u00fato\u010di\u0161t\u011b pro mo\u0159sk\u00e1 i suchozemsk\u00e1 dobrodru\u017estv\u00ed. Pot\u00e1p\u011bn\u00ed mezi kor\u00e1lov\u00fdmi vrcholky, plavba na kajaku po skryt\u00fdch vodn\u00edch cest\u00e1ch a p\u0159elety de\u0161t\u011bm zahalen\u00fdch vrcholk\u016f uchvacuj\u00ed ty, kte\u0159\u00ed hledaj\u00ed intimn\u00ed spojen\u00ed s rozmanit\u00fdmi projevy p\u0159\u00edrody.<\/p>\n<p>Mezi t\u011bmito kulturn\u00edmi proudy se odli\u0161uj\u00ed mennonitsk\u00e9 osady zalo\u017een\u00e9 od roku 1958, jejich\u017e obyvatel\u00e9 p\u0159i\u0161li z Evropy a Severn\u00ed Ameriky na z\u00e1klad\u011b dohod povoluj\u00edc\u00edch zem\u011bd\u011blskou autonomii a v\u00fdjimky ve vzd\u011bl\u00e1v\u00e1n\u00ed. Jejich komunity \u2013 rozeznateln\u00e9 konzervativn\u00edm od\u011bvem a dialekty odvozen\u00fdmi z n\u011bm\u010diny \u2013 podn\u00edtily produkci ml\u00e9\u010dn\u00fdch v\u00fdrobk\u016f, dr\u016fbe\u017ee a obilovin a vnesly do belizsk\u00e9 ekonomick\u00e9 mozaiky jedine\u010dn\u00fd agr\u00e1rn\u00ed dynamismus. Mennonitsk\u00e9 \u0159emesln\u00e9 dovednosti v tesa\u0159stv\u00ed a mechanice rovn\u011b\u017e pos\u00edlily \u017eivobyt\u00ed venkova.<\/p>\n<p>Belize celkov\u011b p\u0159edstavuje studii kontrast\u016f: kde se mlhou zahalen\u00e9 horsk\u00e9 h\u0159ebeny sb\u00edhaj\u00ed se sluncem zalit\u00fdmi kor\u00e1lov\u00fdmi atoly; kde se stalet\u00ed star\u00e9 maysk\u00e9 poz\u016fstatky dot\u00fdkaj\u00ed \u0161kol s v\u00fdukou v angli\u010dtin\u011b; kde ekonomika zako\u0159en\u011bn\u00e1 v cukrovarnick\u00fdch plant\u00e1\u017e\u00edch nyn\u00ed uch\u00e1z\u00ed o ekopodnikatele; kde skromn\u00e1 populace necel\u00fdch \u010dty\u0159i sta tis\u00edc lid\u00ed ct\u00ed nadm\u011brn\u00fd z\u00e1vazek k ochran\u011b p\u0159\u00edrodn\u00edho d\u011bdictv\u00ed. Uprost\u0159ed t\u011bchto propleten\u00fdch p\u0159\u00edb\u011bh\u016f zem\u011b prosazuje sv\u016fj charakter prost\u0159ednictv\u00edm odoln\u00fdch tradic, jazykov\u00e9 plurality a geografie, kter\u00e1 jej\u00ed obyvatele chr\u00e1n\u00ed i z\u00e1rove\u0148 vyz\u00fdv\u00e1 \u2013 je v\u00fdzvou p\u0159istupovat ke ka\u017ed\u00e9 cest\u011b, ka\u017ed\u00e9mu \u00fatesu, ka\u017ed\u00e9 vesnici s ochotou hluboce pozorovat a reagovat s respektem.<\/p>","protected":false},"excerpt":{"rendered":"<p>With 397,484 people as of 2022 spread across 22,970 square kilometers of various terrain, Belize sits on the northeastern coast of Central America. This country presents an interesting place for research given its unique geography and long history.<\/p>","protected":false},"author":1,"featured_media":4052,"parent":24084,"menu_order":0,"comment_status":"closed","ping_status":"closed","template":"elementor_theme","meta":{"_eb_attr":"","footnotes":""},"class_list":["post-9438","page","type-page","status-publish","has-post-thumbnail"],"_links":{"self":[{"href":"https:\/\/travelshelper.com\/cs\/wp-json\/wp\/v2\/pages\/9438","targetHints":{"allow":["GET"]}}],"collection":[{"href":"https:\/\/travelshelper.com\/cs\/wp-json\/wp\/v2\/pages"}],"about":[{"href":"https:\/\/travelshelper.com\/cs\/wp-json\/wp\/v2\/types\/page"}],"author":[{"embeddable":true,"href":"https:\/\/travelshelper.com\/cs\/wp-json\/wp\/v2\/users\/1"}],"replies":[{"embeddable":true,"href":"https:\/\/travelshelper.com\/cs\/wp-json\/wp\/v2\/comments?post=9438"}],"version-history":[{"count":0,"href":"https:\/\/travelshelper.com\/cs\/wp-json\/wp\/v2\/pages\/9438\/revisions"}],"up":[{"embeddable":true,"href":"https:\/\/travelshelper.com\/cs\/wp-json\/wp\/v2\/pages\/24084"}],"wp:featuredmedia":[{"embeddable":true,"href":"https:\/\/travelshelper.com\/cs\/wp-json\/wp\/v2\/media\/4052"}],"wp:attachment":[{"href":"https:\/\/travelshelper.com\/cs\/wp-json\/wp\/v2\/media?parent=9438"}],"curies":[{"name":"wp","href":"https:\/\/api.w.org\/{rel}","templated":true}]}}