{"id":9322,"date":"2024-09-07T22:08:37","date_gmt":"2024-09-07T22:08:37","guid":{"rendered":"https:\/\/travelshelper.com\/staging\/?page_id=9322"},"modified":"2026-03-13T14:03:09","modified_gmt":"2026-03-13T14:03:09","slug":"kanada","status":"publish","type":"page","link":"https:\/\/travelshelper.com\/cs\/destinations\/north-america\/canada\/","title":{"rendered":"Kanada"},"content":{"rendered":"<p>Kanada se prezentuje jako uk\u00e1zka rozlehlosti i intimity: t\u00e1hne se na 9 984 670 kilometrech \u010dtvere\u010dn\u00edch od Atlantiku k Pacifiku a obloukovit\u011b se t\u00e1hne do Arktidy, \u010d\u00edm\u017e si n\u00e1rokuje titul druh\u00e9ho nejv\u011bt\u0161\u00edho st\u00e1tu sv\u011bta co do celkov\u00e9 rozlohy a py\u0161n\u00ed se nep\u0159eru\u0161en\u00fdm pob\u0159e\u017e\u00edm o d\u00e9lce 243 042 kilometr\u016f. Jej\u00edch deset provinci\u00ed a t\u0159i teritoria, kde \u017eije v\u00edce ne\u017e 41 milion\u016f obyvatel, sahaj\u00ed od hust\u011b urbanizovan\u00fdch koridor\u016f a\u017e po rozlohy tak \u0159\u00eddce os\u00eddlen\u00e9, \u017ee ticho bore\u00e1ln\u00edho lesa nebo arktick\u00e9 tundry se zd\u00e1 b\u00fdt prvotn\u00ed. Ottawa slou\u017e\u00ed jako feder\u00e1ln\u00ed hlavn\u00ed m\u011bsto, zat\u00edmco Toronto, Montreal a Vancouver jsou t\u0159i nejlidnat\u011bj\u0161\u00ed metropolitn\u00ed centra, z nich\u017e ka\u017ed\u00e9 pulzuje jedine\u010dn\u00fdmi kulturn\u00edmi rytmy. Je to zem\u011b, kde geografick\u00e9 extr\u00e9my a demografick\u00e9 kontrasty tvo\u0159\u00ed jedine\u010dn\u00fd n\u00e1rodn\u00ed obraz.<\/p>\n<p>Hranice Kanady tvo\u0159\u00ed geopolitick\u00e9 pl\u00e1tno, kter\u00e9 nem\u00e1 obdoby: nejdel\u0161\u00ed pozemn\u00ed hranice na sv\u011bt\u011b \u2013 8 891 kilometr\u016f \u2013 ji spojuje se Spojen\u00fdmi st\u00e1ty, zat\u00edmco n\u00e1mo\u0159n\u00ed hranice ji na jedn\u00e9 stran\u011b spojuj\u00ed s francouzsk\u00fdm Saint-Pierre a Miquelonem a na druh\u00e9 s Gr\u00f3nskem (a v \u0161ir\u0161\u00edm smyslu s D\u00e1nskem) kolem ostrova Hans. Na \u0161pi\u010dce ostrova Ellesmere le\u017e\u00ed CFS Alert, nejsevern\u011bj\u0161\u00ed osada na Zemi, na 82,5\u00b0 severn\u00ed \u0161\u00ed\u0159ky, pouh\u00fdch 817 kilometr\u016f od severn\u00edho p\u00f3lu. Extr\u00e9mn\u00ed zem\u011bpisn\u00e9 \u0161\u00ed\u0159ky sahaj\u00ed od mysu Columbia na 83\u00b06\u203241\u2033 severn\u00ed \u0161\u00ed\u0159ky po St\u0159edn\u00ed ostrov v jeze\u0159e Erie na 41\u00b040\u203253\u2033 severn\u00ed \u0161\u00ed\u0159ky; pod\u00e9ln\u00e1 \u0161\u00ed\u0159ka se t\u00e1hne od mysu Spear na Newfoundlandu na 52\u00b037\u2032 z\u00e1padn\u00ed d\u00e9lky po horu St. Elias na Yukonu na 141\u00b0 z\u00e1padn\u00ed d\u00e9lky. Tato \u010d\u00edsla p\u0159esahuj\u00ed pouh\u00e9 kartografick\u00e9 mali\u010dkosti a sp\u00ed\u0161e podp\u00edraj\u00ed n\u00e1rodn\u00ed identitu utv\u00e1\u0159enou na pr\u016fse\u010d\u00edku mo\u0159sk\u00fdch rozloh, arktick\u00e9ho ledu a kontinent\u00e1ln\u00edho srdce.<\/p>\n<p>Pod jednotn\u00fdm n\u00e1rodn\u00edm pl\u00e1\u0161t\u011bm se skr\u00fdv\u00e1 sedm odli\u0161n\u00fdch fyziografick\u00fdch oblast\u00ed: skalnat\u00fd Kanadsk\u00fd \u0161t\u00edt, \u00farodn\u00e9 vnitrozemsk\u00e9 pl\u00e1n\u011b, n\u00ed\u017eina Velk\u00fdch jezer a svat\u00e9ho Vav\u0159ince, starov\u011bk\u00e9 Apala\u010dsk\u00e9 poho\u0159\u00ed, ty\u010d\u00edc\u00ed se Z\u00e1padn\u00ed Kordillery, ploch\u00e1 n\u00ed\u017eina Hudsonova z\u00e1livu a labyrintov\u00e9 Arktick\u00e9 souostrov\u00ed. Pl\u00e1\u0161\u0165 bore\u00e1ln\u00edho lesa pokr\u00fdv\u00e1 velkou \u010d\u00e1st ji\u017en\u00edho vnitrozem\u00ed, zat\u00edmco ledovce p\u0159etrv\u00e1vaj\u00ed mezi Skalnat\u00fdmi horami, Pob\u0159e\u017en\u00edmi horami a Arktick\u00fdmi Kordillerami. V\u00edce ne\u017e dva miliony jezer \u2013 563 v\u011bt\u0161\u00edch ne\u017e 100 kilometr\u016f \u010dtvere\u010dn\u00edch \u2013 ukr\u00fdv\u00e1 lv\u00ed pod\u00edl sladkovodn\u00edch zdroj\u016f planety. \u00daseky z\u00e1padn\u00edho pob\u0159e\u017e\u00ed ot\u0159\u00e1saj\u00ed zem\u011bt\u0159esen\u00edmi a sope\u010dn\u00e1 pole jsou poseta kontinent\u00e1ln\u00edm okrajem, co\u017e p\u0159ipom\u00edn\u00e1 neust\u00e1le se m\u011bn\u00edc\u00ed geologickou tapiserii.<\/p>\n<p>Ro\u010dn\u00ed obdob\u00ed se vyv\u00edjej\u00ed s dramatick\u00fdmi rozd\u00edly: ve vnitrozemsk\u00fdch provinci\u00edch se denn\u00ed teploty v lednu pohybuj\u00ed kolem \u201315 \u00b0C, ale p\u0159i ostr\u00e9m v\u011btru mohou klesnout i pod \u201340 \u00b0C a sn\u00edh \u010dasto p\u0159etrv\u00e1v\u00e1 \u0161est m\u011bs\u00edc\u016f v roce (p\u0159i\u010dem\u017e n\u011bkter\u00e9 severn\u00ed enkl\u00e1vy nikdy zcela neztrat\u00ed svou ledovou k\u016fru). Pob\u0159e\u017en\u00ed Britsk\u00e1 Kolumbie se t\u011b\u0161\u00ed m\u00edrn\u00fdm zim\u00e1m promo\u010den\u00fdm tichomo\u0159sk\u00fdmi de\u0161ti, zat\u00edmco letn\u00ed teploty od pob\u0159e\u017e\u00ed k pob\u0159e\u017e\u00ed se pohybuj\u00ed mezi 20 a 30 \u00b0C a v chr\u00e1n\u011bn\u00fdch vnitrozemsk\u00fdch kotlin\u00e1ch ob\u010das dos\u00e1hnou 40 \u00b0C. Obrovsk\u00fd klimatick\u00fd gradient vytv\u00e1\u0159\u00ed prost\u0159ed\u00ed tak rozd\u00edln\u00e1, jako jsou mlhou zahalen\u00e9 cedry ve Vancouveru a tundry v Nunavutu, p\u0159i\u010dem\u017e ka\u017ed\u00e9 z nich vy\u017eaduje adapta\u010dn\u00ed strategie jak od divok\u00e9 zv\u011b\u0159e, tak od osadn\u00edk\u016f.<\/p>\n<p>Tato klimatick\u00e1 dualita je pod tlakem: severn\u00ed oblasti Kanady se otepluj\u00ed t\u0159ikr\u00e1t rychleji ne\u017e celosv\u011btov\u011b, od roku 1948 se ro\u010dn\u00ed teplota p\u016fdy zv\u00fd\u0161ila zhruba o 1,7 \u00b0C (region\u00e1ln\u00ed zm\u011bny se pohybuj\u00ed mezi 1,1 a 2,3 \u00b0C). Permafrost \u2013 kdysi vn\u00edman\u00fd jako trval\u00fd \u2013 destabilizuje situaci, ohro\u017euje infrastrukturu a p\u016fdy bohat\u00e9 na uhl\u00edk. Kysel\u00e1 depozice z p\u0159eshrani\u010dn\u00edch pr\u016fmyslov\u00fdch emis\u00ed naru\u0161ila vodn\u00ed cesty, zpomalila r\u016fst les\u016f a v n\u011bkter\u00fdch regionech zt\u00ed\u017eila zem\u011bd\u011blsk\u00e9 v\u00fdnosy. N\u00e1rodn\u00ed emise sklen\u00edkov\u00fdch plyn\u016f vzrostly mezi lety 1990 a 2022 o 16,5 procenta, co\u017e Kanadu \u0159ad\u00ed mezi nejv\u011bt\u0161\u00ed producenty emis\u00ed na sv\u011bt\u011b, i kdy\u017e se pot\u00fdk\u00e1 s nutnost\u00ed omezit svou uhl\u00edkovou stopu.<\/p>\n<p>Lidsk\u00e1 p\u0159\u00edtomnost na \u00fazem\u00ed dne\u0161n\u00ed Kanady sah\u00e1 tis\u00edcilet\u00ed do minulosti, kdy domorod\u00e9 spole\u010dnosti p\u011bstovaly slo\u017eit\u00e9 kultury listnat\u00fdch les\u016f, bore\u00e1ln\u00edho a arktick\u00e9ho pob\u0159e\u017e\u00ed. Kontakt s Evropou za\u010dal v 16. stolet\u00ed, kdy francouz\u0161t\u00ed a brit\u0161t\u00ed mo\u0159eplavci zmapovali pob\u0159e\u017e\u00ed Atlantiku; konflikt vyvrcholil postoupen\u00edm v\u011bt\u0161iny severoamerick\u00fdch \u00fazem\u00ed Franci\u00ed v roce 1763. Britsk\u00e9 severoamerick\u00e9 kolonie se v roce 1867 slou\u010dily do feder\u00e1ln\u00edho panstv\u00ed zahrnuj\u00edc\u00edho \u010dty\u0159i provincie, \u010d\u00edm\u017e zah\u00e1jily expanzi, kter\u00e1 vytla\u010dila domorod\u00e9 komunity a zah\u00e1jila postupn\u00fd p\u0159echod od koloni\u00e1ln\u00ed pod\u0159\u00edzenosti k pr\u00e1vn\u00ed autonomii. Miln\u00edky, jako byl Westminstersk\u00fd statut z roku 1931 a Kanadsk\u00fd z\u00e1kon z roku 1982, ratifikovaly suverenitu t\u00edm, \u017ee ukon\u010dily z\u00e1konod\u00e1rnou pravomoc Spojen\u00e9ho kr\u00e1lovstv\u00ed.<\/p>\n<p>Kanadsk\u00e1 politick\u00e1 architektura se dr\u017e\u00ed parlamentn\u00ed demokracie a konstitu\u010dn\u00ed monarchie westminstersk\u00e9ho typu, kde premi\u00e9r \u2013 suver\u00e9nn\u011b jmenovan\u00fd gener\u00e1ln\u00edm guvern\u00e9rem \u2013 dr\u017e\u00ed moc na z\u00e1klad\u011b d\u016fv\u011bry Doln\u00ed sn\u011bmovny. V r\u00e1mci feder\u00e1ln\u00ed jurisdikce je \u00fa\u0159edn\u00ed angli\u010dtina i francouz\u0161tina, co\u017e odr\u00e1\u017e\u00ed stalet\u00ed jazykov\u00e9ho d\u011bdictv\u00ed. Za\u010dlen\u011bn\u00ed zem\u011b do Commonwealthu podtrhuje jej\u00ed historick\u00e9 vazby, zat\u00edmco vysok\u00e9 sk\u00f3re v oblasti transparentnosti, kvality \u017eivota, ekonomick\u00e9 konkurenceschopnosti a ochrany lidsk\u00fdch pr\u00e1v sv\u011bd\u010d\u00ed o jej\u00edch siln\u00fdch str\u00e1nk\u00e1ch v oblasti sou\u010dasn\u00e9 spr\u00e1vy v\u011bc\u00ed ve\u0159ejn\u00fdch. D\u00edky p\u0159ekr\u00e1sn\u00e9 imigra\u010dn\u00ed s\u00e9rii se Kanada stala jednou z etnicky nejrozmanit\u011bj\u0161\u00edch spole\u010dnost\u00ed na sv\u011bt\u011b, zat\u00edmco jej\u00ed sousedsk\u00e9 spojenectv\u00ed a rivalita se Spojen\u00fdmi st\u00e1ty nesmazateln\u011b ovlivnily kanadskou historii, obchod a kulturu.<\/p>\n<p>Ekonomick\u00e1 vitalita pramen\u00ed z bohat\u00fdch p\u0159\u00edrodn\u00edch zdroj\u016f a integrovan\u00fdch obchodn\u00edch s\u00edt\u00ed. S nomin\u00e1ln\u00edm HDP ve v\u00fd\u0161i p\u0159ibli\u017en\u011b 2,221 bilionu USD \u2013 co\u017e je dev\u00e1t\u00e9 m\u00edsto na sv\u011bt\u011b \u2013 si Kanada udr\u017euje jeden z nejvy\u0161\u0161\u00edch p\u0159\u00edjm\u016f na obyvatele na planet\u011b. Obchod se zbo\u017e\u00edm a slu\u017ebami dos\u00e1hl v roce 2021 hodnoty 2,016 bilionu USD: v\u00fdvoz ve v\u00fd\u0161i 637 miliard USD se t\u00e9m\u011b\u0159 vyrovnal dovozu, z \u010deho\u017e 391 miliard USD poch\u00e1zelo ze Spojen\u00fdch st\u00e1t\u016f. Torontsk\u00e1 burza s v\u00edce ne\u017e 1 500 k\u00f3tovan\u00fdmi spole\u010dnostmi m\u00e1 tr\u017en\u00ed kapitalizaci p\u0159esahuj\u00edc\u00ed 2 biliony USD. Kanada, kter\u00e1 se ozna\u010duje za st\u0159edn\u00ed mocnost, zam\u011b\u0159uje svou zahrani\u010dn\u00ed politiku na m\u00edrov\u00e9 operace, rozvojovou pomoc a multilater\u00e1ln\u00ed f\u00f3ra a artikuluje sd\u00edlen\u00e9 hodnoty na r\u016fzn\u00fdch \u00farovn\u00edch, od Organizace spojen\u00fdch n\u00e1rod\u016f a\u017e po summity G7.<\/p>\n<p>Kanadsk\u00e1 kulturn\u00ed struktura prol\u00edn\u00e1 domorod\u00e9 z\u00e1klady, francouzsk\u00e9 a britsk\u00e9 koloni\u00e1ln\u00ed d\u011bdictv\u00ed a vlny imigrace 20. a 21. stolet\u00ed z Afriky, Asie a Karibiku. \u00dastavn\u00ed z\u00e1ruky na\u0159izuj\u00ed spole\u010dnost zalo\u017eenou na multikulturn\u00ed integraci a respektov\u00e1n\u00ed lidsk\u00fdch pr\u00e1v. Politika ofici\u00e1ln\u00edho multikulturalismu odli\u0161uje n\u00e1rod jako mozaiku region\u00e1ln\u00edch subkultur; Quebec si zachov\u00e1v\u00e1 z\u0159eteln\u00fd frankofonn\u00ed \u00e9tos, i kdy\u017e n\u00e1rodn\u00ed identita zahrnuje rozmanitost. Region\u00e1ln\u00ed lidov\u00e9 tradice \u2013 od gaelsk\u00e9ho d\u011bdictv\u00ed Kapsk\u00e9ho Bretonu a\u017e po akadsk\u00e9 a inuitsk\u00e9 um\u011bn\u00ed \u2013 prop\u016fj\u010duj\u00ed lokalit\u00e1m trval\u00fd charakter, ale v\u0161echny p\u0159isp\u00edvaj\u00ed k celkov\u00e9mu pocitu inkluzivn\u00edho ob\u010danstv\u00ed.<\/p>\n<p>Ve\u0159ejn\u00e1 politika se projevuje ve spole\u010densk\u00fdch norm\u00e1ch: univerz\u00e1ln\u00ed zdravotn\u00ed poji\u0161t\u011bn\u00ed, progresivn\u00ed zdan\u011bn\u00ed, p\u0159\u00edsn\u00e1 regulace zbran\u00ed, zru\u0161en\u00ed trestu smrti, proaktivn\u00ed sni\u017eov\u00e1n\u00ed chudoby a pr\u00e1vn\u00ed uzn\u00e1n\u00ed reproduk\u010dn\u00edch pr\u00e1v \u017een, pr\u00e1v LGBT, eutanazie a konop\u00ed. Tato opat\u0159en\u00ed jsou v souladu se silnou podporou m\u00edrov\u00fdch mis\u00ed, proslul\u00e9 s\u00edt\u011b n\u00e1rodn\u00edch park\u016f a Listiny pr\u00e1v a svobod. Kana\u010fan\u00e9 jsou hrd\u00ed na exportovateln\u00e9 ve\u0159ejn\u00e9 statky: \u00e9tos rovnosti, udr\u017eiteln\u00e9 hospoda\u0159en\u00ed s p\u016fdou a diplomacii zalo\u017eenou na kooperativn\u00edm zapojen\u00ed sp\u00ed\u0161e ne\u017e na jednostrann\u00e9m prosazov\u00e1n\u00ed.<\/p>\n<p>Cesta nap\u0159\u00ed\u010d Kanadou od za\u010d\u00e1tku do konce testuje limity \u010dasu a vytrvalosti; Transkanadsk\u00e1 d\u00e1lnice se t\u00e1hne zhruba 8 000 km mezi St. John&#039;s a Victori\u00ed \u2013 srovnateln\u00e9 s cestou z K\u00e1hiry do Kapsk\u00e9ho M\u011bsta a v\u00edce ne\u017e trojn\u00e1sobn\u00fdm Napoleonov\u00fdm pochodem z Pa\u0159\u00ed\u017ee do Moskvy. Dokonce i let bez mezip\u0159ist\u00e1n\u00ed z Toronta do Vancouveru trv\u00e1 v\u00edce ne\u017e \u010dty\u0159i hodiny, co\u017e sv\u011bd\u010d\u00ed o kontinent\u00e1ln\u00edm rozsahu. Takov\u00e9 vzd\u00e1lenosti \u010din\u00ed z panoptiky n\u011bkolikat\u00fddenn\u00ed z\u00e1le\u017eitost, ale z\u00e1rove\u0148 odm\u011b\u0148uj\u00ed cestovatele kaleidoskopick\u00fdmi zm\u011bnami v prost\u0159ed\u00ed a kultu\u0159e, p\u0159i\u010dem\u017e ka\u017ed\u00fd \u00fasek silnice nebo ranveje odhaluje nov\u00e9 aspekty n\u00e1rodn\u00edho charakteru.<\/p>\n<p>Atlantsk\u00e1 Kanada \u2013 kter\u00e1 zahrnuje Nov\u00fd Brun\u0161vik, Newfoundland a Labrador, Nov\u00e9 Skotsko a Ostrov prince Edwarda \u2013 nese nejstar\u0161\u00ed os\u00eddlen\u00ed v Kanad\u011b. Domorod\u00e9 komunity Mi&#039;kmaq\u016f, Innu\u016f a Nunatsiavut\u016f koexistuj\u00ed s d\u011bdictv\u00edm Akad\u016f, Skot\u016f z Vyso\u010diny a Loyalist\u016f. \u010clenit\u00e9 pob\u0159e\u017e\u00ed nab\u00edz\u00ed proslul\u00e9 p\u0159\u00edstavy jako Halifax a St. John&#039;s, kde koloni\u00e1ln\u00ed kamenn\u00e9 fas\u00e1dy stoj\u00ed na str\u00e1\u017ei p\u0159ed trhy bohat\u00fdmi na mo\u0159sk\u00e9 plody. Kuchyn\u011b tohoto regionu, or\u00e1movan\u00e1 pastmi na lov \u0161kebl\u00ed a humr\u016f, rezonuje autenticitou \u010derpanou z v\u011btr\u016f rozpra\u0161ovan\u00fdch sol\u00ed a historick\u00fdch p\u0159\u00edliv\u016f a odliv\u016f.<\/p>\n<p>Quebec zauj\u00edm\u00e1 dvoj\u00ed identitu: hust\u011b os\u00eddlen\u00fd frankofonn\u00ed p\u00e1s pod\u00e9l \u0159eky svat\u00e9ho Vav\u0159ince, kter\u00fd soused\u00ed s rozlehl\u00fdm severn\u00edm vnitrozem\u00edm, kter\u00e9 je st\u00e1le formov\u00e1no tradicemi Inuit\u016f a Kr\u00ed\u016f. Laurenci nazna\u010duj\u00ed alpsk\u00e9 kouzlo v r\u00e1mci severoamerick\u00fdch hranic, zat\u00edmco Qu\u00e9bec \u2013 jeho\u017e historick\u00e9 centrum je zaps\u00e1no na seznamu sv\u011btov\u00e9ho d\u011bdictv\u00ed \u2013 host\u00ed slavn\u00fd zimn\u00ed karneval. Montr\u00e9al slou\u017e\u00ed jako kulturn\u00ed centrum s francouzsko-britsk\u00fdm architektonick\u00fdm palimpsestem a festivaly, kter\u00e9 odr\u00e1\u017eej\u00ed sv\u011btov\u00e1 um\u011bleck\u00e1 centra. Vesni\u010dky v \u00fadol\u00edch \u0159ek, ryb\u00e1\u0159sk\u00e9 p\u0159\u00edstavy, javorov\u00e9 h\u00e1je a sjezdovky se roz\u0161i\u0159uj\u00ed a vrchol\u00ed lesn\u00edmi a tundrov\u00fdmi oblastmi, kter\u00e9 evokuj\u00ed pohrani\u010d\u00ed.<\/p>\n<p>Ji\u017en\u00ed t\u0159etina Ontaria je koncentrac\u00ed obyvatelstva a pr\u016fmyslu, a to d\u00edky kosmopolitn\u00ed rozlehlosti Toronta a majest\u00e1tn\u00edm instituc\u00edm Ottawy. Turist\u00e9 t\u00edhnou k Niagarsk\u00fdm vodop\u00e1d\u016fm, kde \u0161ed\u00e9 z\u00e1kaly vy\u0159ez\u00e1vaj\u00ed \u00fachvatnou hranici mezi pod\u00edvanou a geologi\u00ed. Jezera a lesy Muskoky l\u00e1kaj\u00ed k \u017eivotu v letn\u00edch chat\u00e1ch, zat\u00edmco rozlehl\u00e9 severn\u00ed oblasti z\u016fst\u00e1vaj\u00ed lehce obsazeny d\u0159eva\u0159sk\u00fdmi a hornick\u00fdmi m\u011bsty. Ve sv\u00fdch rozloh\u00e1ch Ontario zahrnuje jak vn\u011bj\u0161\u00ed podobu Kanady, tak i skryt\u00e9 vnitrozem\u00ed, kde divo\u010dina st\u00e1le \u0161ept\u00e1.<\/p>\n<p>Nap\u0159\u00ed\u010d pr\u00e9riemi \u2013 Albertou, Manitobou a Saskatchewanem \u2013 se otev\u00edraj\u00ed nekone\u010dn\u00e9 obzory, kter\u00e9 vytv\u00e1\u0159ej\u00ed podmaniv\u00fd pocit otev\u0159enosti. Zlat\u00e1 p\u0161eni\u010dn\u00e1 pole hrani\u010d\u00ed s podh\u016f\u0159\u00edm Skalist\u00fdch hor, kde n\u00e1rodn\u00ed parky Banff a Jasper odhaluj\u00ed zoubkovan\u00e9 vrcholy a ledovcov\u00e9 vody. M\u011bstsk\u00e1 centra od Calgary a Edmontonu po Winnipeg a Reginu za\u017e\u00edvaj\u00ed prudk\u00fd r\u016fst, v n\u011bm\u017e vznikaj\u00ed kulturn\u00ed centra, festivaly a restaurace, je\u017e odr\u00e1\u017eej\u00ed dynamickou mladou populaci. Tyto provincie si udr\u017euj\u00ed zem\u011bd\u011blskou s\u00edlu vedle t\u011b\u017eby zdroj\u016f a jejich obloha je pl\u00e1tnem pro obla\u010dn\u00e9 krajiny a pol\u00e1rn\u00ed z\u00e1\u0159i.<\/p>\n<p>Na pob\u0159e\u017e\u00ed Pacifiku v\u00edt\u00e1 Britsk\u00e1 Kolumbie p\u0159\u00edjezdy skrz sklen\u011bnou siluetu Vancouveru, kde se za hranicemi m\u011bsta objevuj\u00ed zasn\u011b\u017een\u00e9 vrcholky hor. Victoria nab\u00edz\u00ed noblesn\u00ed urbanizaci uprost\u0159ed upraven\u00fdch zahrad a \u00fadol\u00ed Okanagan nab\u00edz\u00ed vinice a sady pod p\u0159\u00edjemnou oblohou. Za nimi le\u017e\u00ed fjordy, de\u0161tn\u00e9 pralesy a horsk\u00e9 pr\u016fsmyky \u2013 kulisa pro v\u0161e od heli-skiingu a\u017e po kajak\u00e1\u0159sk\u00e9 odysey. Pob\u0159e\u017en\u00ed zimy z\u016fst\u00e1vaj\u00ed m\u00edrn\u00e9, ale mrhol\u00edc\u00ed, a vytv\u00e1\u0159ej\u00ed tak prost\u0159ed\u00ed, kter\u00e9 m\u00eds\u00ed m\u00edrn\u00fd de\u0161tn\u00fd prales s modern\u00ed urbanizac\u00ed.<\/p>\n<p>Severn\u00ed Kanada \u2013 Yukon, Severoz\u00e1padn\u00ed teritoria a Nunavut \u2013 pokr\u00fdv\u00e1 zhruba 40 procent pevniny st\u00e1tu, p\u0159esto zde \u017eije jen zlomek jeho populace. Dawson City si zachovalo v\u00fdlohy obchod\u016f z doby zlat\u00e9 hore\u010dky z roku 1898, \u017eivouc\u00ed muzeum pod p\u016flno\u010dn\u00edm sluncem. Architektura Iqaluitu, ovlivn\u011bn\u00e1 Inuity, uspokojuje arktick\u00e9 po\u017eadavky, zat\u00edmco permafrost a pol\u00e1rn\u00ed noc potvrzuj\u00ed surovou s\u00edlu t\u00e9to \u0159\u00ed\u0161e. Divok\u00e1 zv\u011b\u0159 vzkv\u00e9t\u00e1: pust\u00e9 sobov\u00e9 sobov\u00e9, pi\u017emoni a st\u011bhovav\u00ed pt\u00e1ci proch\u00e1zej\u00ed tundrov\u00fdmi mo\u0159i v cyklech star\u0161\u00edch ne\u017e samotn\u00e1 konfederace.<\/p>\n<p>M\u011bstsk\u00e9 atrakce zahrnuj\u00ed mozaiku t\u00e9m\u011b\u0159 sedmdes\u00e1ti kanadsk\u00fdch m\u011bst, mezi nimi\u017e kontrastuje ottawsk\u00fd parlamentn\u00ed okrsek s usp\u011bchan\u00fdm duchem Calgary. Citadel Hill v Halifaxu shl\u00ed\u017e\u00ed na druh\u00fd nejv\u011bt\u0161\u00ed p\u0159\u00edrodn\u00ed p\u0159\u00edstav na sv\u011bt\u011b a kulturn\u00ed festivaly v Montrealu soupe\u0159\u00ed s t\u011bmi v evropsk\u00fdch metropol\u00edch. Zalo\u017een\u00ed Qu\u00e9becu v roce 1608 prop\u016fj\u010duje jeho hradb\u00e1m renesan\u010dn\u00ed ozv\u011bny, zat\u00edmco CN Tower v Torontu je p\u0159\u00edkladem modern\u00edch ambic\u00ed. Vancouver korunuje jeho panorama pob\u0159e\u017en\u00edmi vrcholy; Whitehorse se t\u00e1hne nad Alja\u0161skou d\u00e1lnic\u00ed v srdci Yukonu; Winnipeg se nach\u00e1z\u00ed v centru kontinentu, kde se v The Forks sb\u00edh\u00e1 d\u011bdictv\u00ed francouzsko-kanadsk\u00e9ho a Prvn\u00edho n\u00e1roda.<\/p>\n<p>P\u0159\u00edrodn\u00ed a kulturn\u00ed poklady se rozprost\u00edraj\u00ed daleko za hranicemi velkom\u011bst. Mapa je zdobn\u00e1 pam\u00e1tkami UNESCO, zat\u00edmco n\u00e1rodn\u00ed a provin\u010dn\u00ed parky chr\u00e1n\u00ed symbolick\u00e9 krajiny. Pam\u00e1tky Klondike v Dawson City, klidn\u00e9 enkl\u00e1vy na ostrovech Gulf Islands, sluncem zalit\u00e9 vinice v Okanaganu, jezero Louise v Banffu a ledov\u00e1 pole v Jasperu p\u0159edstavuj\u00ed mezin\u00e1rodn\u011b proslul\u00e9 pam\u00e1tky. Na pr\u00e9ri\u00edch se v parku Writing-on-Stone nach\u00e1z\u00ed domorod\u00e9 skaln\u00ed um\u011bn\u00ed uprost\u0159ed p\u00edskovcov\u00fdch skaln\u00edch \u00fatvar\u016f; na Niagarsk\u00e9m poloostrov\u011b se v\u00ed\u0159\u00edc\u00ed vody prol\u00ednaj\u00ed s vina\u0159sk\u00fdmi pl\u00e1n\u011bmi; v provin\u010dn\u00edm parku Algonquin se odm\u011b\u0148uje kanoistika ve starobyl\u00fdch les\u00edch. Ka\u017ed\u00e9 m\u00edsto dod\u00e1v\u00e1 kanadsk\u00e9 epick\u00e9 poetice nov\u00fd rozm\u011br.<\/p>\n<p>Kanada nap\u0159\u00ed\u010d sv\u00fdm rozsahem odhaluje n\u00e1rod, kter\u00fd odm\u00edt\u00e1 jednoduchost. Jej\u00ed rozlehlost vytv\u00e1\u0159\u00ed paradoxy hustoty a pr\u00e1zdnoty, starobyl\u00fdch tradic koexistuj\u00edc\u00edch s nejmodern\u011bj\u0161\u00ed urbanizac\u00ed. Cestovatel\u00e9 objevuj\u00ed geologick\u00e9 epochy v socha\u0159sky vy\u0159ez\u00e1van\u00fdch vrcholc\u00edch, sociopolitick\u00fd v\u00fdvoj v parlamentn\u00edch s\u00edn\u00edch a kulturn\u00ed dialogy na v\u00edcejazy\u010dn\u00fdch ulic\u00edch. V ka\u017ed\u00e9m fjordu, lese a parlamentn\u00ed s\u00edni se odv\u00edj\u00ed odoln\u00fd duch a vrstven\u00e9 d\u011bdictv\u00ed Kanady \u2013 nekone\u010dn\u00fd p\u0159\u00edb\u011bh, kter\u00fd vyb\u00edz\u00ed k pono\u0159en\u00ed se, zamy\u0161len\u00ed a nevyhnuteln\u011b k obdivu.<\/p>","protected":false},"excerpt":{"rendered":"<p>Kanada, le\u017e\u00edc\u00ed v Severn\u00ed Americe, je zn\u00e1m\u00e1 svou rozlehlou krajinou a rozmanit\u00fdm kulturn\u00edm d\u011bdictv\u00edm. Kanada, druh\u00e1 nejv\u011bt\u0161\u00ed zem\u011b sv\u011bta co do celkov\u00e9 rozlohy, se rozkl\u00e1d\u00e1 od Atlantsk\u00e9ho oce\u00e1nu na v\u00fdchod\u011b k Tich\u00e9mu oce\u00e1nu na z\u00e1pad\u011b a na severu zasahuje do Severn\u00edho ledov\u00e9ho oce\u00e1nu. Nejdel\u0161\u00ed pob\u0159e\u017e\u00ed sv\u011bta vyva\u017euje tuto obrovskou pevninu a poskytuje zvl\u00e1\u0161tn\u00ed spojen\u00ed p\u0159\u00edrodn\u00ed kr\u00e1sy a ekologick\u00e9 rozmanitosti. Nejdel\u0161\u00ed mezin\u00e1rodn\u00ed pozemn\u00ed hranice na sv\u011bt\u011b, ji\u017en\u00ed hranice se Spojen\u00fdmi st\u00e1ty, odr\u00e1\u017e\u00ed dlouholet\u00fd vztah mezi ob\u011bma zem\u011bmi.<\/p>","protected":false},"author":1,"featured_media":2967,"parent":24084,"menu_order":0,"comment_status":"closed","ping_status":"closed","template":"elementor_theme","meta":{"_eb_attr":"","footnotes":""},"class_list":["post-9322","page","type-page","status-publish","has-post-thumbnail"],"_links":{"self":[{"href":"https:\/\/travelshelper.com\/cs\/wp-json\/wp\/v2\/pages\/9322","targetHints":{"allow":["GET"]}}],"collection":[{"href":"https:\/\/travelshelper.com\/cs\/wp-json\/wp\/v2\/pages"}],"about":[{"href":"https:\/\/travelshelper.com\/cs\/wp-json\/wp\/v2\/types\/page"}],"author":[{"embeddable":true,"href":"https:\/\/travelshelper.com\/cs\/wp-json\/wp\/v2\/users\/1"}],"replies":[{"embeddable":true,"href":"https:\/\/travelshelper.com\/cs\/wp-json\/wp\/v2\/comments?post=9322"}],"version-history":[{"count":0,"href":"https:\/\/travelshelper.com\/cs\/wp-json\/wp\/v2\/pages\/9322\/revisions"}],"up":[{"embeddable":true,"href":"https:\/\/travelshelper.com\/cs\/wp-json\/wp\/v2\/pages\/24084"}],"wp:featuredmedia":[{"embeddable":true,"href":"https:\/\/travelshelper.com\/cs\/wp-json\/wp\/v2\/media\/2967"}],"wp:attachment":[{"href":"https:\/\/travelshelper.com\/cs\/wp-json\/wp\/v2\/media?parent=9322"}],"curies":[{"name":"wp","href":"https:\/\/api.w.org\/{rel}","templated":true}]}}