{"id":9282,"date":"2024-09-07T20:34:39","date_gmt":"2024-09-07T20:34:39","guid":{"rendered":"https:\/\/travelshelper.com\/staging\/?page_id=9282"},"modified":"2026-03-13T15:01:15","modified_gmt":"2026-03-13T15:01:15","slug":"kostarika","status":"publish","type":"page","link":"https:\/\/travelshelper.com\/cs\/destinations\/north-america\/costa-rica\/","title":{"rendered":"Kostarika"},"content":{"rendered":"<p>Kostarika, n\u00e1rod o rozloze sotva pades\u00e1ti tis\u00edc kilometr\u016f \u010dtvere\u010dn\u00edch, p\u0159esto hem\u017e\u00edc\u00ed se ekologickou a kulturn\u00ed rozmanitost\u00ed, m\u00e1 ve sv\u00e9m zelen\u00e9m ter\u00e9nu n\u011bco m\u00e1lo p\u0159es p\u011bt milion\u016f obyvatel \u2013 a p\u0159esto se jen v San Jos\u00e9 denn\u011b sb\u00edh\u00e1 v rytmu m\u011bstsk\u00e9ho \u017eivota v\u00edce ne\u017e t\u0159i sta pades\u00e1t tis\u00edc du\u0161\u00ed, zat\u00edmco t\u00e9m\u011b\u0159 dva miliony \u017eij\u00ed v \u0161ir\u0161\u00edm metropolitn\u00edm objet\u00ed. Tato \u0161t\u00edhl\u00e1 republika, le\u017e\u00edc\u00ed mezi zvln\u011bn\u00fdmi kopci Nikaraguy na severu a tropick\u00fdmi n\u00ed\u017einami Panamy na jihov\u00fdchod\u011b a obklopen\u00e1 karibsk\u00fdm a tichomo\u0159sk\u00fdm pob\u0159e\u017e\u00edm na v\u00fdchod\u011b a z\u00e1pad\u011b, ovl\u00e1d\u00e1 jak kontinent\u00e1ln\u00ed k\u0159i\u017eovatku, tak i ostrovn\u00ed suverenitu a roz\u0161i\u0159uje svou n\u00e1mo\u0159n\u00ed dom\u00e9nu a\u017e k Kokosov\u00e9mu ostrovu, kde se hranice Ekv\u00e1doru posouv\u00e1 na jih. Stabiln\u00ed prezidentsk\u00e1 demokracie, financovan\u00e1 pracovn\u00ed silou oslavovanou pro sv\u00e9 akademick\u00e9 v\u00fdsledky \u2013 vzd\u011bl\u00e1n\u00ed si vy\u017e\u00e1d\u00e1 t\u00e9m\u011b\u0159 sedm procent ve\u0159ejn\u00fdch prost\u0159edk\u016f oproti celosv\u011btov\u00e9mu pr\u016fm\u011bru n\u011bco m\u00e1lo p\u0159es \u010dty\u0159i \u2013 se Kostarika prom\u011bnila z agr\u00e1rn\u00ed ekonomiky v mozaiku financ\u00ed, farmaceutick\u00e9ho pr\u016fmyslu, podnikov\u00fdch slu\u017eeb a ekoturismu, to v\u0161e podporov\u00e1no da\u0148ov\u011b zv\u00fdhodn\u011bn\u00fdmi z\u00f3nami voln\u00e9ho obchodu.<\/p>\n<p>V tomto stru\u010dn\u00e9m \u00favodu se skr\u00fdv\u00e1 podstata jedine\u010dnosti Kostariky: zem\u011b, kter\u00e1 v roce 1949 po kr\u00e1tk\u00e9m ob\u010dansk\u00e9m konfliktu zru\u0161ila svou arm\u00e1du a m\u00edsto toho se rozhodla investovat do lidsk\u00e9ho rozvoje, ochrany \u017eivotn\u00edho prost\u0159ed\u00ed a soci\u00e1ln\u00ed soudr\u017enosti. Od t\u00e9 doby se mezi sv\u00fdmi sousedy vydala neobvyklou cestou \u2013 vyh\u00fdb\u00e1 se ozbrojen\u00fdm sil\u00e1m, p\u011bstuje \u00fastavn\u00ed demokracii a povy\u0161uje lidsk\u00fd blahobyt na t\u00e9m\u011b\u0159 posv\u00e1tnou \u00farove\u0148. Jej\u00ed index lidsk\u00e9ho rozvoje ji \u0159ad\u00ed mezi \u0161edes\u00e1t nejlep\u0161\u00edch zem\u00ed sv\u011bta, zat\u00edmco v r\u00e1mci Latinsk\u00e9 Ameriky se um\u00edstila na p\u00e1t\u00e9m m\u00edst\u011b, \u010d\u00edm\u017e p\u0159edstihuje zem\u011b se srovnateln\u00fdmi p\u0159\u00edjmy jak v oblasti rozvoje, tak v oblasti rovnosti. Jej\u00ed ob\u010dan\u00e9, kte\u0159\u00ed jsou r\u016fzn\u00fdmi indexy prohl\u00e1\u0161eni za nej\u0161\u0165astn\u011bj\u0161\u00ed n\u00e1rod, p\u0159ij\u00edmaj\u00ed fr\u00e1zi \u201ePura Vida\u201c nikoli jako slogan na n\u00e1lepce na n\u00e1razn\u00edku, ale jako \u017eivou filozofii, d\u016fkaz ka\u017edodenn\u00ed radosti neposkvrn\u011bn\u00e9 tlaky b\u011b\u017en\u00fdmi jinde.<\/p>\n<p>Pulz subkontinentu se \u010dasto zpomaluje tam, kde se ty\u010d\u00ed hory, a v srdci Kostariky se rozkl\u00e1d\u00e1 Centr\u00e1ln\u00ed \u00fadol\u00ed \u2013 rozlehl\u00e1 kol\u00e9bka m\u011bst a k\u00e1vov\u00fdch vrchovin obklopen\u00fdch sopkami. San Jos\u00e9 zde nevl\u00e1dne jako vzd\u00e1len\u00e9 hlavn\u00ed m\u011bsto, ale jako tav\u00edc\u00ed kotel n\u00e1rodn\u00ed identity: rozlehl\u00e1 \u0159ada stromy lemovan\u00fdch alej\u00ed, divadel z koloni\u00e1ln\u00ed \u00e9ry a muze\u00ed, kter\u00e9 mapuj\u00ed trajektorii republiky od \u0161pan\u011blsk\u00e9 kolonie k modern\u00edmu st\u00e1tu. Alajuela, Cartago \u2013 kdysi n\u00e1rodn\u00ed s\u00eddlo \u2013 Heredia a San Ram\u00f3n dopl\u0148uj\u00ed kvarteto m\u011bst, kter\u00e1 dominuj\u00ed \u00fadol\u00ed, a ka\u017ed\u00e9 z nich nese sv\u016fj vlastn\u00ed odkaz: barokn\u00ed bazilika v Cartagu, br\u00e1ny na leti\u0161t\u011b v Alajuele, k\u00e1vov\u00e9 plant\u00e1\u017ee v Heredii a zem\u011bd\u011blsk\u00e9 veletrhy v San Ram\u00f3nu. Za t\u011bmito m\u011bstsk\u00fdmi centry se krajina rozprost\u00edr\u00e1 sm\u011brem k Pacifiku v oblasti Guanacaste, kde such\u00e9 lesy ti\u0161e ustupuj\u00ed pl\u00e1n\u00edm poset\u00fdm kaktusy a pob\u0159e\u017e\u00edm lemovan\u00fdm vlnami; sm\u011brem k Lim\u00f3nu na karibsk\u00e9m pob\u0159e\u017e\u00ed, kde afro-karibsk\u00e9 rytmy a jazyky demonstruj\u00ed heterogenn\u00ed ko\u0159eny n\u00e1roda; a sm\u011brem k hornat\u00e9mu severu, kde se nad hork\u00fdmi prameny a ml\u017en\u00fdmi lesy rozkl\u00e1d\u00e1 dokonal\u00fd ku\u017eel Arenalu.<\/p>\n<p>Kostarika, vyv\u00fd\u0161en\u00e1 krajina s vrcholem Cerro Chirrip\u00f3 v nadmo\u0159sk\u00e9 v\u00fd\u0161ce t\u0159\u00ed tis\u00edc osm set devaten\u00e1cti metr\u016f, ukr\u00fdv\u00e1 tak\u00e9 ty\u010d\u00edc\u00ed se vrchol sopky Iraz\u00fa, zat\u00edmco jezero Arenal zrcadl\u00ed oblohu nad klidnou hladinou zrozenou z tektonick\u00e9ho dramatu. Ze \u010dtrn\u00e1cti pojmenovan\u00fdch sopek se polovina rozpoutala b\u011bhem posledn\u00edch t\u0159\u00ed \u010dtvrt\u011b stolet\u00ed a ka\u017ed\u00e1 erupce vyryla na zemsk\u00e9 pl\u00e1tno nov\u00e9 kontury. Klima zem\u011b, striktn\u011b tropick\u00e9, d\u011bl\u00ed rok na obdob\u00ed sucha a de\u0161\u0165\u016f \u2013 od sv\u011b\u017e\u00edch prosincov\u00fdch r\u00e1n do dubnov\u00fdch sluncem sp\u00e1len\u00fdch poledne a pot\u00e9 do de\u0161\u0165\u016f, kter\u00e9 p\u0159etrv\u00e1vaj\u00ed a\u017e do listopadov\u00e9ho \u00fastupu. P\u0159esto takov\u00e9 bin\u00e1rn\u00ed jevy prozrazuj\u00ed nuance: such\u00e9 m\u011bs\u00edce p\u0159eru\u0161uj\u00ed neobvykl\u00e9 p\u0159eh\u00e1\u0148ky a v obdob\u00ed de\u0161\u0165\u016f prchav\u00e9 slune\u010dn\u00ed v\u00fdkyvy vy\u0159ez\u00e1vaj\u00ed duhy na de\u0161tivou oblohu.<\/p>\n<p>Topografie a historick\u00e1 trajektorie Kostariky sice sm\u011brovaly ekonomickou vitalitu do Centr\u00e1ln\u00edho \u00fadol\u00ed, ale jej\u00ed skute\u010dn\u00e9 bohatstv\u00ed spo\u010d\u00edv\u00e1 v t\u00e9m\u011b\u0159 dvaceti sedmi procentech jej\u00edho \u00fazem\u00ed vy\u010dlen\u011bn\u00e9ho jako n\u00e1rodn\u00ed parky a rezervace \u2013 nejv\u011bt\u0161\u00ed pod\u00edl chr\u00e1n\u011bn\u00e9 p\u016fdy na sv\u011bt\u011b. V r\u00e1mci t\u011bchto rezervac\u00ed se na pouh\u00fdch 0,03 procenta glob\u00e1ln\u00edho ter\u00e9nu nach\u00e1z\u00ed t\u00e9m\u011b\u0159 p\u011bt procent v\u0161ech druh\u016f, od z\u00e1\u0159iv\u00fdch quetzal\u016f v ml\u017en\u00fdch les\u00edch Monteverde a\u017e po ko\u017eatky hn\u00edzd\u00edc\u00ed na \u010dern\u00fdch p\u00edse\u010dn\u00fdch pl\u00e1\u017e\u00edch Tortuguera. D\u017eunglov\u00e9 svahy Manuel Antonia se sva\u017euj\u00ed k mo\u0159i, zat\u00edmco odlehl\u00e1 divo\u010dina Corcovada ukr\u00fdv\u00e1 tap\u00edry, jagu\u00e1ry a ara arov\u00e9 \u2013 ozv\u011bny starov\u011bku, kdy se na poloostrov\u011b Nicoya setk\u00e1valy mezoamerick\u00e9 a jihoamerick\u00e9 kultury a vtiskly t\u011bmto b\u0159eh\u016fm p\u0159edhisp\u00e1nskou pe\u010de\u0165.<\/p>\n<p>Dlouho p\u0159ed p\u0159\u00edchodem conquistador\u016f v \u0161estn\u00e1ct\u00e9m stolet\u00ed obchodovali n\u00e1\u010deln\u00edci pod\u00e9l t\u011bchto pob\u0159e\u017e\u00ed se zlatem, keramikou a sol\u00ed; \u0161pan\u011blsk\u00e1 koruna odsunula jej\u00ed kolonii na okraj a povolila pouze \u0159\u00eddk\u00e9 os\u00eddlen\u00ed. S nez\u00e1vislost\u00ed v roce 1821, nejprve jako sou\u010d\u00e1st Mexick\u00e9 \u0159\u00ed\u0161e Agust\u00edna de Iturbide a pot\u00e9 v r\u00e1mci prchav\u00e9 st\u0159edoamerick\u00e9 federace, si Kostarika kone\u010dn\u011b v roce 1847 vydobyla plnou suverenitu. N\u00e1sledovalo stolet\u00ed poznamenan\u00e9 v\u00fdvozem k\u00e1vy, zahrani\u010dn\u00edmi \u017eelezni\u010dn\u00edmi podniky a postupn\u00fdm vzestupem k\u00e1vov\u00e9 elity, kter\u00e1 zasadila gramotnost a ob\u010dansk\u00e9 instituce. Skute\u010dn\u00fd zlom v\u0161ak nastal v roce 1948, kdy jeden\u00e1ctidenn\u00ed volebn\u00ed krize p\u0159erostla v ob\u010danskou v\u00e1lku; jej\u00edm z\u00e1v\u011brem byla \u00fastava, kter\u00e1 zak\u00e1zala arm\u00e1du, p\u0159esm\u011brovala zdroje do \u0161kol a nemocnic a odk\u00e1zala n\u00e1rodu jeho modern\u00ed \u00e9tos m\u00edru.<\/p>\n<p>B\u011bhem pades\u00e1ti let od tohoto rozhodnut\u00ed si Kostarika vybudovala silnou demokracii. Jej\u00ed svobodn\u00fd tisk se \u0159ad\u00ed k nejsvobodn\u011bj\u0161\u00edm na sv\u011bt\u011b, volebn\u00ed procesy jsou neochv\u011bjn\u011b transparentn\u00ed a jej\u00ed instituce, od soudnictv\u00ed a\u017e po nez\u00e1visl\u00e9 dozor\u010d\u00ed org\u00e1ny, si z\u00edsk\u00e1vaj\u00ed d\u016fv\u011bru ve\u0159ejnosti. Tato d\u016fv\u011bra je z\u00e1kladem trval\u00fdch v\u00fdsledk\u016f zem\u011b v glob\u00e1ln\u00edch indexech: um\u00edst\u011bn\u00ed v prvn\u00edch dvaceti p\u011bti m\u00edstech v oblasti svobody tisku, vysok\u00e9 sk\u00f3re v ukazatel\u00edch spr\u00e1vy v\u011bc\u00ed ve\u0159ejn\u00fdch a trval\u00e9 uzn\u00e1n\u00ed subjektivn\u00edho blahobytu ob\u010dan\u016f. Zat\u00edmco ostatn\u00ed st\u0159edoamerick\u00e9 st\u00e1ty se pot\u00e1cej\u00ed uprost\u0159ed politick\u00e9ho n\u00e1sil\u00ed a ekonomick\u00fdch turbulenc\u00ed, Kostarika si udr\u017euje stabilitu a p\u0159itahuje zahrani\u010dn\u00ed investice do sv\u00fdch technologick\u00fdch park\u016f a farmaceutick\u00fdch klastr\u016f.<\/p>\n<p>Prosperita v\u0161ak Kostariku neu\u010dinila imunn\u00ed v\u016f\u010di environment\u00e1ln\u00ed k\u0159ehkosti. Rostouc\u00ed teploty ohro\u017euj\u00ed ekosyst\u00e9my ve vysok\u00fdch nadmo\u0159sk\u00fdch v\u00fd\u0161k\u00e1ch, zat\u00edmco stoup\u00e1n\u00ed hladiny mo\u0159\u00ed zasahuje na ob\u011b pob\u0159e\u017e\u00ed. Zm\u011bn\u011bn\u00e9 sr\u00e1\u017ekov\u00e9 vzorce ohro\u017euj\u00ed \u00farodu k\u00e1vy v Tarraz\u00fa a ban\u00e1nov\u00e9 plant\u00e1\u017ee v Lim\u00f3nu; z\u00e1plavy, sesuvy p\u016fdy, cykl\u00f3ny a sucha nyn\u00ed naru\u0161uj\u00ed to, co bylo kdysi p\u0159edv\u00eddateln\u00e9 sez\u00f3nn\u00ed. T\u00e9m\u011b\u0159 \u010dty\u0159i z p\u011bti Kostari\u010dan\u016f \u017eij\u00ed v z\u00f3n\u00e1ch, kter\u00e9 jsou st\u00e1le v\u00edce n\u00e1chyln\u00e9 k takov\u00fdm rizik\u016fm, a podobn\u00fd pod\u00edl n\u00e1rodn\u00edho HDP z\u00e1vis\u00ed na odv\u011btv\u00edch zraniteln\u00fdch v\u016f\u010di klimatick\u00fdm zm\u011bn\u00e1m. Reakce vl\u00e1dy zahrnovala ambici\u00f3zn\u00ed politiku dekarbonizace, jej\u00edm\u017e c\u00edlem je dos\u00e1hnout nulov\u00fdch \u010dist\u00fdch emis\u00ed do poloviny stolet\u00ed, a t\u00e9m\u011b\u0159 univerz\u00e1ln\u00ed z\u00e1vislost na obnoviteln\u00fdch zdroj\u00edch \u2013 devades\u00e1t p\u011bt procent elekt\u0159iny nyn\u00ed poch\u00e1z\u00ed z vody, geoterm\u00e1ln\u00edho tepla, v\u011btru, slune\u010dn\u00edho z\u00e1\u0159en\u00ed a biomasy. V roce 2024 v\u0161ak suchem vyvolan\u00e9 p\u0159\u00edd\u011blov\u00e9 hospod\u00e1\u0159stv\u00ed odhalilo k\u0159ehkost syst\u00e9mu, kter\u00fd je st\u00e1le v\u00e1z\u00e1n na hydrologick\u00e9 cykly.<\/p>\n<p>Obrysy spole\u010dnosti odr\u00e1\u017eej\u00ed jej\u00ed prost\u0159ed\u00ed: data ze s\u010d\u00edt\u00e1n\u00ed lidu z roku 2022, prvn\u00edho s\u010d\u00edt\u00e1n\u00ed lidu za p\u011btadevades\u00e1t let, kter\u00e9 zaznamenalo etnickou identitu, zaznamen\u00e1vaj\u00ed pluralitu b\u00edl\u00fdch a mestic\u016f vedle komunit mulat\u016f, afro-karibsk\u00fdch, domorod\u00fdch, \u010d\u00ednsk\u00fdch a dal\u0161\u00edch p\u0159edk\u016f. D\u011bdictv\u00ed vliv\u016f \u010dib\u010d\u016f a nahuatl\u016f p\u0159etrv\u00e1v\u00e1 v archeologick\u00fdch nalezi\u0161t\u00edch a lidov\u00fdch tradic\u00edch, zat\u00edmco afro-kostarick\u00e1 populace Lim\u00f3nu si zachov\u00e1v\u00e1 kreolsk\u00fd jazyk s anglick\u00fdm ko\u0159enem, kter\u00fd se zrodil z jamajsk\u00fdch pracovn\u00edch migrac\u00ed v devaten\u00e1ct\u00e9m stolet\u00ed. P\u0159evl\u00e1d\u00e1 \u0161pan\u011bl\u0161tina a katolick\u00e9 ob\u0159ady \u2013 ozv\u011bny koloni\u00e1ln\u00ed \u00e9ry \u2013 p\u0159esto kulturn\u00ed tapiserie n\u00e1roda vetk\u00e1v\u00e1 do jeho kuchyn\u011b, hudby a ka\u017edodenn\u00edho \u017eivota nit\u011b z Afriky, Asie a Ameriky.<\/p>\n<p>Hudba marimby zn\u00ed na n\u00e1m\u011bst\u00edch m\u011bst; soca, salsa, cumbia a bachata o\u017eivuj\u00ed tane\u010dn\u00ed parkety, a\u010dkoli kupodivu sp\u00ed\u0161e u star\u0161\u00edch generac\u00ed ne\u017e u ml\u00e1de\u017ee. Kytara z\u016fst\u00e1v\u00e1 v\u0161udyp\u0159\u00edtomn\u00fdm spole\u010dn\u00edkem lidov\u00fdch tanc\u016f, ale marimba se sv\u00fdmi d\u0159ev\u011bn\u00fdmi kl\u00e1vesami a rezonan\u010dn\u00edmi t\u00f3nov\u00fdmi komorami p\u0159edstavuje n\u00e1rodn\u00ed n\u00e1stroj \u2013 jej\u00ed melodie jsou zvukov\u00fdm symbolem kostarick\u00e9 identity. Institucion\u00e1ln\u00ed podpora um\u011bn\u00ed poch\u00e1z\u00ed z Ministerstva kultury, ml\u00e1de\u017ee a sportu, kter\u00e9 je rozd\u011bleno do diviz\u00ed dohl\u00ed\u017eej\u00edc\u00edch na vizu\u00e1ln\u00ed a sc\u00e9nick\u00e9 um\u011bn\u00ed, hudbu, kulturn\u00ed d\u011bdictv\u00ed a knihovny; N\u00e1rodn\u00ed symfonick\u00fd a ml\u00e1de\u017enick\u00fd orchestr jsou p\u0159\u00edkladem synergie kultury a zapojen\u00ed ml\u00e1de\u017ee.<\/p>\n<p>Na tal\u00ed\u0159i nab\u00edz\u00ed Kostarika pokrmy, kter\u00e9 vypov\u00eddaj\u00ed o vrstevnat\u00e9 historii: domorod\u00e9 tamales vedle obilovin a masa dovezen\u00fdch \u0160pan\u011blskem; pozd\u011bj\u0161\u00ed karibsk\u00e9 a africk\u00e9 vlivy se projevuj\u00ed v ko\u0159en\u00ed a du\u0161en\u00fdch pokrmech. R\u00fd\u017ee a fazole \u2013 gallo pinto \u2013 tvo\u0159\u00ed n\u00e1rodn\u00ed sn\u00eddani, zat\u00edmco casados \u200b\u200bkombinuj\u00ed maso, ban\u00e1ny plantain a sal\u00e1ty do poledn\u00ed hostiny. Pouli\u010dn\u00ed limon\u00e1dy pod\u00e1vaj\u00ed \u010derstv\u00e9 ceviche a empan\u00e1dy a pob\u0159e\u017en\u00ed m\u011bsta pod\u00e1vaj\u00ed mo\u0159sk\u00e9 plody s kokosov\u00fdm n\u00e1dechem, kter\u00e9 chutnaj\u00ed po slan\u00e9m n\u00e1levu a slunci. Ka\u017ed\u00fd recept nese ozv\u011bny migrace a adaptace, spole\u010dnosti, kter\u00e1 p\u0159iv\u00edtala nov\u00e9 ingredience \u2013 a nov\u00e9 lidi \u2013 ani\u017e by se vzdala sv\u00fdch z\u00e1kladn\u00edch chut\u00ed.<\/p>\n<p>Turist\u00e9 se nyn\u00ed hrnou do zem\u011b, kterou National Geographic oslavoval jako nej\u0161\u0165astn\u011bj\u0161\u00ed na sv\u011bt\u011b, kde \u201ePura Vida\u201c funguje jako pozdrav i mantra, p\u0159ipom\u00ednka toho, \u017ee prost\u00e9 radosti \u2013 sluncem zalit\u00e9 pl\u00e1\u017ee, mlhou zahalen\u00e9 ml\u017en\u00e9 lesy, pohled na arovn\u00edku arov\u00e9ho za letu \u2013 p\u0159eva\u017euj\u00ed nad b\u0159emeny modern\u00edho \u017eivota. Od kor\u00e1lov\u00fdch \u00fates\u016f Cahuity a\u017e po v\u011btrem o\u0161lehan\u00fd vrchol Chirrip\u00f3; od odlehlosti Kokosov\u00e9ho ostrova a\u017e po bujn\u00e9 chodby Corcovada, Kostarika nab\u00edz\u00ed itiner\u00e1\u0159, kter\u00fd p\u0159esahuje konven\u010dn\u00ed turistiku. Trasy, jako je Camino de Costa Rica, prot\u00ednaj\u00ed \u0161\u00edji od Atlantiku k Pacifiku, zat\u00edmco j\u00edzdy p\u0159es Camino del Cielo y Colibr\u00edes odhaluj\u00ed pta\u010d\u00ed pod\u00edvanou pod\u00e9l horsk\u00fdch h\u0159eben\u016f.<\/p>\n<p>Nejv\u011bt\u0161\u00edm darem zem\u011b v\u0161ak z\u016fst\u00e1v\u00e1 jej\u00ed z\u00e1vazek k harmonii \u2013 mezi lidmi, vl\u00e1dou a p\u0159\u00edrodou \u2013 rovnov\u00e1ha nalezen\u00e1 po ob\u010dansk\u00fdch nepokoj\u00edch, posv\u011bcen\u00e1 zru\u0161en\u00edm zbran\u00ed a udr\u017eovan\u00e1 po generace sv\u011bdomit\u00e9ho spr\u00e1vcovstv\u00ed. Je to mal\u00e1 republika na pevnin\u011b, ale rozlehl\u00e1 viz\u00ed: \u017eivouc\u00ed laborato\u0159, kde demokracie, rozvoj a biodiverzita koexistuj\u00ed. V Kostarice \u017eivot prob\u00edh\u00e1 v lidsk\u00e9m m\u011b\u0159\u00edtku, m\u011b\u0159en\u00fd sp\u00ed\u0161e kadenc\u00ed pta\u010d\u00edho zp\u011bvu a tokem \u0159ek ne\u017e \u0159in\u010den\u00edm zbran\u00ed \u2013 neomyln\u00fd d\u016fkaz, \u017ee skute\u010dn\u00e1 bezpe\u010dnost nespo\u010d\u00edv\u00e1 v hradb\u00e1ch, ale ve \u0161kol\u00e1ch, nemocnic\u00edch a ochran\u011b divok\u00e9 p\u0159\u00edrody. A uprost\u0159ed p\u0159ib\u00fdvaj\u00edc\u00edch a ub\u00fdvaj\u00edc\u00edch ro\u010dn\u00edch obdob\u00ed jej\u00ed ob\u010dan\u00e9 den za dnem potvrzuj\u00ed jednoduch\u00e9 kr\u00e9do Pura Vida \u2013 \u010dist\u00fd \u017eivot \u2013 a t\u00edm si vyty\u010duj\u00ed cestu, kter\u00e1 inspiruje i za jejich hranicemi.<\/p>","protected":false},"excerpt":{"rendered":"<p>Kostarika, ofici\u00e1ln\u011b zn\u00e1m\u00e1 jako Kostarick\u00e1 republika, je podmaniv\u00e1 zem\u011b nach\u00e1zej\u00edc\u00ed se ve st\u0159edoamerick\u00e9m regionu Severn\u00ed Ameriky. Jej\u00ed n\u00e1zev, kter\u00fd v p\u0159ekladu znamen\u00e1 \u201eBohat\u00e9 pob\u0159e\u017e\u00ed\u201c, odr\u00e1\u017e\u00ed bohatou p\u0159\u00edrodn\u00ed kr\u00e1su a zdroje zem\u011b. Kostarika hrani\u010d\u00ed na severu s Nikaraguou, na severov\u00fdchod\u011b s Karibsk\u00fdm mo\u0159em, na jihov\u00fdchod\u011b s Panamou a na jihoz\u00e1pad\u011b s Tich\u00fdm oce\u00e1nem. Na jihu Kokosov\u00e9ho ostrova m\u00e1 Kostarika tak\u00e9 n\u00e1mo\u0159n\u00ed hranici s Ekv\u00e1dorem. Tato geografick\u00e1 poloha obda\u0159ila Kostariku rozmanitou \u0161k\u00e1lou ekosyst\u00e9m\u016f a bohatou biodiverzitou, kter\u00e1 p\u0159itahuje milovn\u00edky p\u0159\u00edrody z cel\u00e9ho sv\u011bta.<\/p>","protected":false},"author":1,"featured_media":4241,"parent":24084,"menu_order":0,"comment_status":"closed","ping_status":"closed","template":"elementor_theme","meta":{"_eb_attr":"","footnotes":""},"class_list":["post-9282","page","type-page","status-publish","has-post-thumbnail"],"_links":{"self":[{"href":"https:\/\/travelshelper.com\/cs\/wp-json\/wp\/v2\/pages\/9282","targetHints":{"allow":["GET"]}}],"collection":[{"href":"https:\/\/travelshelper.com\/cs\/wp-json\/wp\/v2\/pages"}],"about":[{"href":"https:\/\/travelshelper.com\/cs\/wp-json\/wp\/v2\/types\/page"}],"author":[{"embeddable":true,"href":"https:\/\/travelshelper.com\/cs\/wp-json\/wp\/v2\/users\/1"}],"replies":[{"embeddable":true,"href":"https:\/\/travelshelper.com\/cs\/wp-json\/wp\/v2\/comments?post=9282"}],"version-history":[{"count":0,"href":"https:\/\/travelshelper.com\/cs\/wp-json\/wp\/v2\/pages\/9282\/revisions"}],"up":[{"embeddable":true,"href":"https:\/\/travelshelper.com\/cs\/wp-json\/wp\/v2\/pages\/24084"}],"wp:featuredmedia":[{"embeddable":true,"href":"https:\/\/travelshelper.com\/cs\/wp-json\/wp\/v2\/media\/4241"}],"wp:attachment":[{"href":"https:\/\/travelshelper.com\/cs\/wp-json\/wp\/v2\/media?parent=9282"}],"curies":[{"name":"wp","href":"https:\/\/api.w.org\/{rel}","templated":true}]}}