{"id":9276,"date":"2024-09-07T20:23:27","date_gmt":"2024-09-07T20:23:27","guid":{"rendered":"https:\/\/travelshelper.com\/staging\/?page_id=9276"},"modified":"2026-03-13T15:44:11","modified_gmt":"2026-03-13T15:44:11","slug":"barakoa","status":"publish","type":"page","link":"https:\/\/travelshelper.com\/cs\/destinations\/north-america\/cuba\/baracoa\/","title":{"rendered":"Barakoa"},"content":{"rendered":"<p>Baracoa, le\u017e\u00edc\u00ed na nejv\u00fdchodn\u011bj\u0161\u00edm okraji Kuby v provincii Guant\u00e1namo, se rozkl\u00e1d\u00e1 na plo\u0161e p\u0159ibli\u017en\u011b 977 kilometr\u016f \u010dtvere\u010dn\u00edch a \u017eije v n\u00ed 78 056 obyvatel. Le\u017e\u00ed v m\u00edst\u011b, kde se m\u00edrn\u00e9 vlny Medov\u00e9ho z\u00e1livu setk\u00e1vaj\u00ed se zelenou horskou bari\u00e9rou, kter\u00e1 ji izoluje od velk\u00e9 \u010d\u00e1sti ostrova. M\u011bsto, zalo\u017een\u00e9 15. srpna 1511 dobyvatelem Diegem Vel\u00e1zquezem de Cu\u00e9llar, se py\u0161n\u00ed pov\u011bst\u00ed prvn\u00ed \u0161pan\u011blsk\u00e9 osady na Kub\u011b a p\u016fvodn\u00edho hlavn\u00edho m\u011bsta \u2013 odtud poch\u00e1z\u00ed jeho p\u0159ezd\u00edvka Ciudad Primada. P\u016fvodn\u00ed n\u00e1zev m\u011bsta, Nuestra Se\u00f1ora de la Asunci\u00f3n de Baracoa, zachov\u00e1v\u00e1 prol\u00edn\u00e1n\u00ed v\u00edry a \u0159\u00ed\u0161e, kter\u00e9 poznamenalo jeho vznik, zat\u00edmco term\u00edn Ta\u00edno, z n\u011bho\u017e je odvozen jeho n\u00e1zev, nazna\u010duje \u201ep\u0159\u00edtomnost mo\u0159e\u201c. Od prvn\u00edho kontaktu v listopadu 1492 a\u017e do sou\u010dasnosti se podstata Baracoa krystalizuje v tomto spojen\u00ed oce\u00e1nu a hor.<\/p>\n<p>I kdy\u017e se na pob\u0159e\u017e\u00ed zastavily Kolumbovy karavely, okoln\u00ed vrcholy \u2013 v\u010detn\u011b Sierra del Purial \u2013 tvo\u0159ily p\u0159irozenou ba\u0161tu, kter\u00e1 poskytovala \u00fakryt i samotu. Vlhk\u00e9 objet\u00ed kub\u00e1nsk\u00fdch les\u016f a majest\u00e1tn\u00ed porosty kub\u00e1nsk\u00fdch borovic zahaluj\u00ed h\u0159ebeny, kde jedinou pozemn\u00ed nit\u00ed propojuj\u00edc\u00ed ostrov je La Farola, klikat\u00e1 d\u00e1lnice vytesan\u00e1 v 60. letech 20. stolet\u00ed. Ne\u017e tento in\u017een\u00fdrsk\u00fd z\u00e1zrak spojil Baracoa s Guant\u00e1namem, le\u017eely br\u00e1ny m\u011bsta na n\u00e1v\u011btrn\u00e9 a mo\u0159sk\u00e9 stran\u011b a obchod se propl\u00e9tal tajn\u00fdmi kan\u00e1ly. Od sedmn\u00e1ct\u00e9ho stolet\u00ed d\u00e1le zahrani\u010dn\u00ed lod\u011b vplouvaj\u00edc\u00ed do z\u00e1livu obchodovaly s cukrem, rumem a pa\u0161ovan\u00fdm kakaem a na\u0161ly \u00fato\u010di\u0161t\u011b pod dohledem pevnost\u00ed, jako jsou Matach\u00edn a La Punta, jejich\u017e kamenn\u00e9 zdi se dochovaly a vypr\u00e1v\u011bj\u00ed o t\u011bchto tajn\u00fdch obchodech.<\/p>\n<p>P\u0159\u00edtomnost kmene Ta\u00edno, t\u00e9m\u011b\u0159 vymaz\u00e1na evropsk\u00fdmi neduhy, p\u0159etrv\u00e1v\u00e1 v pam\u011bti a m\u00fdtech. Hatuey, n\u00e1\u010deln\u00edk, kter\u00fd uprchl z Hispanioly a na tomto b\u0159ehu shrom\u00e1\u017edil odpor, z\u016fst\u00e1v\u00e1 zakotven jak v so\u0161e, kter\u00e1 zdob\u00ed Parque Independencia, tak v m\u00edstn\u00ed p\u0159edstavivosti, kter\u00e1 si ho p\u0159edstavuje vzdorovit\u00e9ho p\u0159ed hranic\u00ed \u2013 d\u00e1v\u00e1 p\u0159ednost pekeln\u00e9mu ohni p\u0159ed sp\u00e1sou sv\u00fdch utla\u010dovatel\u016f. Tato pam\u00e1tka shl\u00ed\u017e\u00ed na n\u00e1m\u011bst\u00ed lemovan\u00e9 zrestaurovanou sko\u0159\u00e1pkou p\u016fvodn\u00edho kostela v Baracoa, jeho\u017e zdi kdysi chr\u00e1nily ran\u00e9 biskupy a nyn\u00ed stoj\u00ed na str\u00e1\u017ei p\u0159ed m\u011bstsk\u00fdmi \u00fa\u0159ady a turistick\u00fdmi kancel\u00e1\u0159emi. Takov\u00e9 prol\u00edn\u00e1n\u00ed minulosti a sou\u010dasnosti se odehr\u00e1v\u00e1 po cel\u00e9m star\u00e9m m\u011bst\u011b, kde se \u00fazk\u00e9 uli\u010dky vine mezi skromn\u00fdmi obydl\u00edmi a nab\u00edzej\u00ed z\u00e1blesky koloni\u00e1ln\u00edho zdiva, kter\u00e9 \u010das ani nevymazal, ani velkolep\u011b neobnovil.<\/p>\n<p>S\u00e1m Kry\u0161tof Kolumbus pova\u017eoval tuto z\u00e1toku za \u201enejkr\u00e1sn\u011bj\u0161\u00ed m\u00edsto na sv\u011bt\u011b\u201c a zastavil se, aby do jej\u00edch p\u00edsk\u016f zatloukl k\u0159\u00ed\u017e \u2013 Cruz de la Parra. Tento symbol, vyroben\u00fd z m\u00edstn\u00edho d\u0159eva, ale p\u0159esto nesouc\u00ed v\u00e1hu legendy, p\u0159e\u017e\u00edv\u00e1 v konkatedr\u00e1le, kde jsou jeho d\u0159ev\u011bn\u00e9 pa\u017ee vystaveny s \u00factou a zv\u011bdavost\u00ed. Za kostelem se za soumraku oz\u00fdv\u00e1 klenutou lod\u00ed sbor oboj\u017eiveln\u00edk\u016f podobn\u00fd koqui, kter\u00fd l\u00e1me ozv\u011bny Kolumbova lodn\u00edho den\u00edku v \u017eivouc\u00ed sv\u011bdectv\u00ed. Ve\u010der nab\u00edz\u00ed malecon skromn\u011bj\u0161\u00ed prot\u011bj\u0161ek slavn\u00e9 havansk\u00e9 promen\u00e1dy, kde se m\u00edstn\u00ed op\u00edraj\u00ed o kamenn\u00e9 balustr\u00e1dy, aby sledovali ryb\u00e1\u0159e, jak vytahuj\u00ed s\u00edt\u011b, nebo aby prost\u011b jen c\u00edtili st\u0159\u00edkaj\u00edc\u00ed vodu v nehybn\u00e9m vzduchu.<\/p>\n<p>Zvln\u011bn\u00fd \u0161elf povod\u00ed R\u00edo Yumuri, R\u00edo Miel, R\u00edo Duaba a R\u00edo Toa zavla\u017euje n\u00ed\u017einy, kde pod kr\u00e1lovsk\u00fdmi palmami vzkv\u00e9t\u00e1 kakao. V tomto stinn\u00e9m podrostu produkuje kakao Theobroma boby, kter\u00e9 jsou z\u00e1kladem hlavn\u00edho kub\u00e1nsk\u00e9ho \u010dokol\u00e1dov\u00e9ho pr\u016fmyslu. Majest\u00e1tn\u00ed usedlosti, jako je Finca Duaba, nab\u00edzej\u00ed prohl\u00eddky, kter\u00e9 sleduj\u00ed cestu bob\u016f od kv\u011btu a\u017e na st\u016fl, zat\u00edmco st\u00e1nky u silnice prod\u00e1vaj\u00ed rohl\u00edky cucurucho \u2013 sladk\u00fd bal\u00ed\u010dek strouhan\u00e9ho kokosu, cukru a kousk\u016f tropick\u00e9ho ovoce zabalen\u00fdch v palmov\u00fdch listech. Za soumraku se \u00fazk\u00fdmi uli\u010dkami line v\u016fn\u011b pra\u017een\u00e9ho kakaa a slibuje no\u010dn\u00ed odysey s k\u00e1vou nebo rumem s p\u0159\u00edchut\u00ed \u010dokol\u00e1dy.<\/p>\n<p>V polovin\u011b devaten\u00e1ct\u00e9ho stolet\u00ed p\u0159inesli emigranti ze Saint-Domingue prchaj\u00edc\u00ed p\u0159ed revoluc\u00ed do kopc\u016f k\u00e1vu a cukrovou t\u0159tinu. Tito p\u011bstitel\u00e9 zavedli agrolesnick\u00e9 postupy, kter\u00e9 dodnes utv\u00e1\u0159ej\u00ed mozaiku mal\u00fdch hospod\u00e1\u0159stv\u00ed a h\u00e1j\u016f p\u011bstovan\u00fdch ve st\u00ednu. Izolace regionu z n\u011bj z\u00e1rove\u0148 ud\u011blala d\u011bji\u0161t\u011b bojovn\u00edk\u016f za nez\u00e1vislost; Antonio Maceo i Jos\u00e9 Mart\u00ed vkro\u010dili na jeho pl\u00e1\u017ee a jejich tajn\u00e9 vylod\u011bn\u00ed zapojilo Baracoa do kub\u00e1nsk\u00e9ho boje za suverenitu. Pam\u00e1tn\u00edky t\u011bchto epizod z\u016fst\u00e1vaj\u00ed nen\u00e1padn\u00e9, ale z\u00e1rove\u0148 siln\u00e9: skromn\u00fd kenotaf pod El Castillo, nyn\u00ed znovuzrozen\u00fd jako butikov\u00fd hotel, p\u0159ipom\u00edn\u00e1 vlastence, jejich\u017e kroky se slab\u011b oz\u00fdvaj\u00ed v jeho kamenech.<\/p>\n<p>V\u00fdstavba La Faroly p\u0159edstavovala zlomov\u00fd okam\u017eik, kter\u00fd prom\u011bnil vazby m\u011bsta se zbytkem Kuby. Silnice, kter\u00e1 vede jeden\u00e1cti mosty p\u0159es strm\u00e9 rokle a stoup\u00e1 do nadmo\u0159sk\u00e9 v\u00fd\u0161ky asi 600 metr\u016f, zt\u011bles\u0148uje technickou odvahu revolu\u010dn\u00ed \u00e9ry. P\u0159esto i dnes jej\u00ed vl\u00e1senky vy\u017eaduj\u00ed opatrn\u00e9 tempo a odm\u011b\u0148uj\u00ed cestovatele panoramaty \u00fadol\u00ed pokryt\u00fdch mraky a h\u0159eben\u016f rozmaz\u00e1vaj\u00edc\u00edch se v nefritov\u00e9m oparu. Cesta autobusem ze Santiaga de Cuba trv\u00e1 \u010dty\u0159i hodiny; lety z Havany na leti\u0161ti Gustavo Rizo tuto dobu zkracuj\u00ed na dv\u011b, p\u0159esto si oba zp\u016fsoby p\u0159\u00edjezdu zachov\u00e1vaj\u00ed pocit p\u0159echodu \u2013 z n\u00ed\u017einn\u00fdch cukrov\u00fdch pl\u00e1n\u00ed do nejodlehlej\u0161\u00ed enkl\u00e1vy ostrova.<\/p>\n<p>Turismus je zde komorn\u00ed a omezuje se p\u0159ev\u00e1\u017en\u011b na mal\u00e9 hotely a casas particulares. Hotel Porto Santo a Villa Maguana se nach\u00e1zej\u00ed na pozemc\u00edch u z\u00e1livu, jejich n\u00edzk\u00e9 fas\u00e1dy jsou nat\u0159eny pastelov\u00fdmi odst\u00edny, kter\u00e9 zachycuj\u00ed rann\u00ed sv\u011btlo, ani\u017e by br\u00e1nily ve v\u00fdhledu. Hned za parkem lemovan\u00fdm kav\u00e1rnami nab\u00edz\u00ed Flan de Queso pe\u010dliv\u011b vybranou atmosf\u00e9ru pro milovn\u00edky z\u00e1padu slunce, zat\u00edmco Casa de la Trova pulzuje sonem a bolerem a\u017e do pozdn\u00edch hodin. Ve\u010dery mohou zv\u011bdav\u00e9 n\u00e1v\u0161t\u011bvn\u00edky p\u0159il\u00e1kat do no\u010dn\u00edho klubu sto krok\u016f nad m\u011bstem, kde rumov\u00e9 koktejly a cola m\u00edchan\u00e9 n\u00e1poje usnad\u0148uj\u00ed p\u0159echod k tanci pod n\u00e1vazci hol\u00fdch \u017e\u00e1rovek.<\/p>\n<p>P\u0159\u00edrodn\u00ed sc\u00e9na sah\u00e1 za hranice jedl\u00fdch lah\u016fdek. El Yunque, stolov\u00e1 hora ty\u010d\u00edc\u00ed se do v\u00fd\u0161ky 575 metr\u016f, se ty\u010d\u00ed deset kilometr\u016f z\u00e1padn\u011b a jej\u00ed vrchol je p\u0159\u00edstupn\u00fd pouze p\u011b\u0161\u00ed turistikou s pr\u016fvodcem skrz gobel\u00edn endemick\u00fdch kapradin a palem. Tento v\u00fdstup, za\u010d\u00ednaj\u00edc\u00ed v kub\u00e1nsk\u00e9m kempu, vy\u017eaduje vytrvalost i pokoru, p\u0159esto nab\u00edz\u00ed 360stup\u0148ov\u00fd v\u00fdhled na v\u00fdchodn\u00ed okraj Karibiku. Na severu l\u00e1k\u00e1 N\u00e1rodn\u00ed park Alejandro de Humboldt je\u0161t\u011b bohat\u0161\u00ed biodiverzitou, kde hlem\u00fd\u017edi polymita a drobn\u00e9 lesn\u00ed \u017e\u00e1by sd\u00edlej\u00ed prostor s rozlehl\u00fdmi orchidejemi a stromy porostl\u00fdmi mraven\u010d\u00edmi pe\u0159\u00edmi. P\u0159\u00edstupov\u00e9 cesty jsou \u00fazk\u00e9, ale cena najat\u00e9ho str\u00e1\u017ece nebo organizovan\u00e9ho skupinov\u00e9ho v\u00fdletu se vypl\u00e1c\u00ed d\u00edky nefiltrovan\u00e9 divo\u010din\u011b.<\/p>\n<p>Vodop\u00e1dy jsou dokladem hydrologick\u00e9 hojnosti regionu. V R\u00edo Toa se nach\u00e1z\u00ed \u201eel Saltadero\u201c, 17metrov\u00fd proud nefritov\u00e9 vody, kter\u00fd se val\u00ed do jez\u00edrka lemovan\u00e9ho palmami. D\u00e1le proti proudu se Arroyo del Infierno \u0159\u00edt\u00ed k Salto Fino, 305metrov\u00e9mu svahu, kter\u00fd je uzn\u00e1van\u00fd jako nejvy\u0161\u0161\u00ed vodop\u00e1d v Karibiku a \u0159ad\u00ed se mezi dvacet nejlep\u0161\u00edch vodn\u00edch tobog\u00e1n\u016f na planet\u011b. V\u00fdlety lod\u00ed po \u00fadol\u00ed Yumuri nab\u00edzej\u00ed pohledy na venkovsk\u00e9 osady a kakaov\u00e9 plant\u00e1\u017ee, zat\u00edmco pikniky u \u0159eky lze zakon\u010dit koupel\u00ed v z\u00e1tok\u00e1ch s \u010dern\u00fdm p\u00edskem, jako je Playa de Miel, kde se pob\u0159e\u017e\u00ed vine pod ostra\u017eitou siluetou El Yunque.<\/p>\n<p>Demografick\u00e9 kontury odr\u00e1\u017eej\u00ed \u0159\u00eddce os\u00eddlen\u00fd ter\u00e9n. S p\u0159ibli\u017en\u011b osmdes\u00e1ti obyvateli na kilometr \u010dtvere\u010dn\u00ed si Baracoa zachov\u00e1v\u00e1 venkovsk\u00fd rytmus, kter\u00fd ost\u0159e kontrastuje s m\u011bstsk\u00fdmi centry. Vnitrozem\u00ed je poseto \u0159adou vesnic \u2013 mimo jin\u00e9 Nibuj\u00f3n, Boca de Yumur\u00ed, Sabanilla a Jaragua \u2013 jejich\u017e shluky obydl\u00ed jsou propojeny pra\u0161n\u00fdmi cestami a zpevn\u011bny komunitn\u00edmi kostely. Pod tamarindy se objevuj\u00ed sez\u00f3nn\u00ed trhy, kde si vesni\u010dan\u00e9 vym\u011b\u0148uj\u00ed ban\u00e1ny plantain, pytle od k\u00e1vy a ru\u010dn\u011b vyr\u00e1b\u011bn\u00e9 klobouky z palmov\u00fdch list\u016f. V t\u011bchto v\u00fdm\u011bn\u00e1ch z\u016fst\u00e1v\u00e1 pouto mezi p\u016fdou a \u017eivobyt\u00edm hmatateln\u00e9, neposkvrn\u011bn\u00e9 homogenizuj\u00edc\u00edmi proudy masov\u00e9 turistiky.<\/p>\n<p>Dopravn\u00ed tepny obce vrchol\u00ed v Carretera Central, p\u00e1te\u0159i ostrova t\u00e1hnouc\u00ed se 1 435 kilometr\u016f od Baracoa po Pinar del R\u00edo. N\u00e1kladn\u00ed vozy s ban\u00e1ny, kokosov\u00fdmi o\u0159echy a kakaem proj\u00ed\u017ed\u011bj\u00ed kolem chatr\u010d\u00ed u silnice, zat\u00edmco campesinos pasou kozy pod pohybliv\u00fdmi st\u00edny mrak\u016f. V noci se krajnice d\u00e1lnice pln\u00ed sv\u011btlomety, kter\u00e9 vykresluj\u00ed sv\u011btelnou nit, je\u017e potvrzuje trval\u00e9 spojen\u00ed Baracoa s \u0161ir\u0161\u00edm kub\u00e1nsk\u00fdm p\u0159\u00edb\u011bhem.<\/p>\n<p>N\u00e1bo\u017eensk\u00e1 architektura a vojensk\u00e9 poz\u016fstatky se prol\u00ednaj\u00ed v cel\u00e9m m\u011bstsk\u00e9m j\u00e1dru. Konkatedr\u00e1la Nuestra Se\u00f1ora de la Asunci\u00f3n ukr\u00fdv\u00e1 uct\u00edvan\u00e9 zbytky n\u00e1u\u0161nic Cruz de la Parra \u2013 detail, kter\u00fd prozrazuje slo\u017eitou historii k\u0159\u00ed\u017ee a vyb\u00edz\u00ed k zamy\u0161len\u00ed nad op\u011brn\u00fdm bodem legendy v kolektivn\u00ed pam\u011bti. Fort Matach\u00edn, p\u0159em\u011bn\u011bn\u00fd na m\u011bstsk\u00e9 muzeum, uchov\u00e1v\u00e1 \u0161pan\u011blsko-koloni\u00e1ln\u00ed pam\u00e1tky a n\u00e1mo\u0159n\u00ed artefakty, zat\u00edmco Fuerte La Punta nyn\u00ed host\u00ed restauraci, jej\u00ed\u017e stoly maj\u00ed v\u00fdhled na klidnou z\u00e1toku. Za nimi se na strm\u00e9m sr\u00e1zu ty\u010d\u00ed El Castillo \u2013 znovuzrozen\u00fd jako Hotel El Castillo \u2013 jeho\u017e ba\u0161ty nab\u00edzej\u00ed panoramatick\u00e9 v\u00fdhledy, kter\u00e9 spojuj\u00ed strategickou v\u00fdhodu s poetick\u00fdm klidem.<\/p>\n<p>Pl\u00e1\u017ee kontrastn\u00edho charakteru lemuj\u00ed okraj Baracoa. Na severu se Playa Duaba a Playa Maguana uchyluj\u00ed do odlehl\u00fdch z\u00e1tok, kde se akvamar\u00ednov\u00e9 mo\u0159e Karibiku om\u00fdv\u00e1 o sv\u011btl\u00fd p\u00edsek a osam\u011bl\u00e1 restaurace nab\u00edz\u00ed \u010derstv\u00fd \u00falovek dne. Jihov\u00fdchodn\u011b se Playa Blanca t\u00e1hne dvan\u00e1ct kilometr\u016f bici-taxi \u2013 b\u00edl\u00fd p\u00edsek protkan\u00fd st\u00edny palem \u2013 a poskytuje klidn\u00fd odpo\u010dinek od skromn\u00e9ho ruchu m\u011bsta. V Playa de Miel dod\u00e1vaj\u00ed pob\u0159e\u017e\u00ed dramatu \u010dern\u00e1 sope\u010dn\u00e1 zrna, jejich\u017e odst\u00edn se p\u0159i v\u00fdchodu slunce pod oblohou pozlacenou p\u0159\u00edslibem zesiluje.<\/p>\n<p>M\u00edstn\u00ed gastronomie ct\u00ed jak d\u011bdictv\u00ed, tak i \u00farodu. Cucurucho se st\u00e1v\u00e1 symbolem vynal\u00e9zavosti, jeho palmov\u00fd listov\u00fd kornout obklopuje slazen\u00fd kokos sm\u00edchan\u00fd s kousky guavy a ananasu, p\u0159i\u010dem\u017e ka\u017ed\u00e9 sousto je mozaikou tropick\u00e9 rezonance. Bac\u00e1n, svazek du\u017einy jitrocele du\u0161en\u00fd ve vlastn\u00edm listu, nab\u00edz\u00ed \u0161krobov\u00fd kontrapunkt k \u010dokol\u00e1dou nabit\u00fdm churros, zat\u00edmco \u0161\u00e1lky hork\u00e9ho kakaa destilovan\u00e9ho z region\u00e1ln\u011b p\u011bstovan\u00fdch bob\u016f zdob\u00ed poledn\u00ed trhy. Tato linie kakaa \u2013 zrozen\u00e1 z \u0159ek, ve st\u00ednu palem, propleten\u00e1 s lidskou p\u00e9\u010d\u00ed \u2013 propojuje ka\u017ed\u00fd dou\u0161ek geologickou a kulturn\u00ed hloubkou.<\/p>\n<p>Pro ty, kte\u0159\u00ed se zdr\u017e\u00ed i po \u00fasvitu, o\u017eije Casa de la Flana tradi\u010dn\u00ed kytarou a tres, kter\u00e9 pod korunami dub\u016f prov\u00e1zej\u00ed n\u00e1v\u0161t\u011bvn\u00edky od son patrones. Za soumraku se na stadionu Playa de Miel konaj\u00ed baseballov\u00e9 z\u00e1pasy, kde hr\u00e1\u010di obkresluj\u00ed p\u00edse\u010dn\u00e9 linie jako ozv\u011bny n\u00e1rodn\u00ed oddanosti. Takov\u00e9 okam\u017eiky, mal\u00e9, ale zvu\u010dn\u00e9, vystihuj\u00ed podstatu Baracoa: m\u00edsta, kde \u010das plyne podle horsk\u00fdch potok\u016f a k\u00e1vovn\u00edk\u016f ve st\u00ednu palem, kde historie plyne ulicemi lemovan\u00fdmi kor\u00e1ly a vzd\u00e1len\u00e9 vodop\u00e1dy volaj\u00ed zv\u011bdavce vp\u0159ed.<\/p>\n<p>V Baracoa z\u016fst\u00e1v\u00e1 minulost \u017eivouc\u00edm proudem, vln\u00edc\u00edm se p\u0159es n\u00e1m\u011bst\u00ed a plant\u00e1\u017ee, kamenn\u00e9 pevnosti a stinn\u00e9 doky. Je to m\u00edsto, kde geografie diktuje izolaci i pozv\u00e1n\u00ed, kam p\u0159ij\u00ed\u017ed\u011bj\u00ed cizinci dychtiv\u00ed ochutnat \u010dokol\u00e1du u jej\u00edho zdroje, zdolat starobyl\u00e9 vrcholy, za soumraku naslouchat \u017eab\u00e1m, o kter\u00fdch Kolumbus v\u011b\u0159il, \u017ee nikdy neodlet\u00ed. Zde se nejv\u00fdchodn\u011bj\u0161\u00ed kub\u00e1nsk\u00fd horizont sv\u011bta rozprost\u00edr\u00e1 ve vrstv\u00e1ch zelen\u00e9 a modr\u00e9, p\u0159i\u010dem\u017e ka\u017ed\u00fd v\u00fdhled je sv\u011bdectv\u00edm o jemn\u00e9 souh\u0159e mo\u0159e, oblohy a hor, kter\u00e1 formuje tuto Ciudad Primada ji\u017e v\u00edce ne\u017e p\u011bt stolet\u00ed.<\/p>","protected":false},"excerpt":{"rendered":"<p>Baracoa, ofici\u00e1ln\u011b Nuestra Se\u00f1ora de la Asunci\u00f3n de Baracoa, je m\u011bsto a obec v provincii Guant\u00e1namo pobl\u00ed\u017e v\u00fdchodn\u00edho okraje Kuby. Zn\u00e1m\u00e1 jako \u201eCiudad Primada\u201c neboli \u201ePrvn\u00ed m\u011bsto\u201c, je v\u00fdznamn\u00fdm m\u00edstem v kub\u00e1nsk\u00e9 historii, proto\u017ee byla prvn\u00edm hlavn\u00edm m\u011bstem a nejstar\u0161\u00edm \u0161pan\u011blsk\u00fdm m\u011bstem na ostrov\u011b. Admir\u00e1l Kry\u0161tof Kolumbus m\u011bsto nav\u0161t\u00edvil 27. listopadu 1492 b\u011bhem sv\u00e9 prvn\u00ed expedice do Nov\u00e9ho sv\u011bta. Pozd\u011bji, 15. srpna 1511, jej zalo\u017eil \u0161pan\u011blsk\u00fd dobrodruh Diego Vel\u00e1zquez de Cu\u00e9llar. Vzhledem k pob\u0159e\u017en\u00ed poloze m\u011bsta \u00fadajn\u011b n\u00e1zev \u201eBaracoa\u201c poch\u00e1z\u00ed z domorod\u00e9ho jazyka Arauaca, co\u017e znamen\u00e1 \u201ep\u0159\u00edtomnost mo\u0159e\u201c.<\/p>","protected":false},"author":1,"featured_media":2732,"parent":9209,"menu_order":0,"comment_status":"closed","ping_status":"closed","template":"elementor_theme","meta":{"_eb_attr":"","footnotes":""},"class_list":["post-9276","page","type-page","status-publish","has-post-thumbnail"],"_links":{"self":[{"href":"https:\/\/travelshelper.com\/cs\/wp-json\/wp\/v2\/pages\/9276","targetHints":{"allow":["GET"]}}],"collection":[{"href":"https:\/\/travelshelper.com\/cs\/wp-json\/wp\/v2\/pages"}],"about":[{"href":"https:\/\/travelshelper.com\/cs\/wp-json\/wp\/v2\/types\/page"}],"author":[{"embeddable":true,"href":"https:\/\/travelshelper.com\/cs\/wp-json\/wp\/v2\/users\/1"}],"replies":[{"embeddable":true,"href":"https:\/\/travelshelper.com\/cs\/wp-json\/wp\/v2\/comments?post=9276"}],"version-history":[{"count":0,"href":"https:\/\/travelshelper.com\/cs\/wp-json\/wp\/v2\/pages\/9276\/revisions"}],"up":[{"embeddable":true,"href":"https:\/\/travelshelper.com\/cs\/wp-json\/wp\/v2\/pages\/9209"}],"wp:featuredmedia":[{"embeddable":true,"href":"https:\/\/travelshelper.com\/cs\/wp-json\/wp\/v2\/media\/2732"}],"wp:attachment":[{"href":"https:\/\/travelshelper.com\/cs\/wp-json\/wp\/v2\/media?parent=9276"}],"curies":[{"name":"wp","href":"https:\/\/api.w.org\/{rel}","templated":true}]}}