{"id":9270,"date":"2024-09-07T20:16:52","date_gmt":"2024-09-07T20:16:52","guid":{"rendered":"https:\/\/travelshelper.com\/staging\/?page_id=9270"},"modified":"2026-03-13T15:35:22","modified_gmt":"2026-03-13T15:35:22","slug":"kajo-guillermo","status":"publish","type":"page","link":"https:\/\/travelshelper.com\/cs\/destinations\/north-america\/cuba\/cayo-guillermo\/","title":{"rendered":"Kajo Guillermo"},"content":{"rendered":"<p>Cayo Guillermo se nach\u00e1z\u00ed na severn\u00edm pob\u0159e\u017e\u00ed Kuby jako \u0161t\u00edhl\u00fd ostrov v souostrov\u00ed Jardines del Rey, vsazen\u00fd mezi zvln\u011bn\u00e9 vlny Atlantsk\u00e9ho oce\u00e1nu a klidnou z\u00e1tokou zn\u00e1mou jako Bah\u00eda de Perros. Jeho obyvatel\u00e9 jsou skromn\u00ed \u2013 skl\u00e1daj\u00ed se p\u0159ev\u00e1\u017en\u011b z hotelov\u00e9ho person\u00e1lu, kter\u00fd denn\u011b p\u0159ij\u00ed\u017ed\u00ed z Mor\u00f3nu nebo Ciego de \u00c1vila \u2013 a pro tuto p\u0159\u00edmo\u0159skou enkl\u00e1vu, kter\u00e1 se t\u00e1hne zhruba p\u011bt kilometr\u016f pob\u0159e\u017e\u00ed v\u010detn\u011b jej\u00edho z\u00e1padn\u00edho klenotu, Playa Pilar, nebyl zaznamen\u00e1n \u017e\u00e1dn\u00fd komplexn\u00ed s\u010d\u00edt\u00e1n\u00ed lidu. Nep\u0159eru\u0161en\u00fd p\u00e1s p\u00edsku, zbarven\u00fd do slonoviny v\u011btrem tvarovan\u00fdmi dunami, lemuje ostrovn\u00ed \u00fazem\u00ed spravovan\u00e9 obc\u00ed Mor\u00f3n v provincii Ciego de \u00c1vila. Ostrov, po v\u011bt\u0161inu sv\u00e9 ran\u00e9 historie p\u0159ehl\u00ed\u017een\u00fd, nyn\u00ed podporuje prosperuj\u00edc\u00ed turistick\u00fd sektor a l\u00e1k\u00e1 n\u00e1v\u0161t\u011bvn\u00edky stejnou m\u011brou ke sv\u00fdm k\u0159i\u0161\u0165\u00e1lov\u011b \u010dist\u00fdm vod\u00e1m a tich\u00fdm obzor\u016fm.<\/p>\n<p>Dlouho p\u0159edt\u00edm, ne\u017e se Cayo Guillermo prom\u011bnilo v letovisko, bylo \u00fato\u010di\u0161t\u011bm pro otu\u017eil\u00e9 obyvatele pob\u0159e\u017e\u00ed, jejich\u017e \u017eivobyt\u00ed se to\u010dilo kolem mo\u0159sk\u00fdch a lesn\u00edch zdroj\u016f. V po\u010d\u00e1tc\u00edch si mal\u00e9 skupiny ryb\u00e1\u0159\u016f na jeho p\u00edsku z\u0159izovaly jednoduch\u00e9 p\u0159\u00edst\u0159e\u0161ky a za \u00fasvitu vytahovaly s\u00edt\u011b; jin\u00ed k\u00e1celi tvrd\u00e9 d\u0159evo ve vnitrozem\u00ed a vyr\u00e1b\u011bli d\u0159ev\u011bn\u00e9 uhl\u00ed, kter\u00e9 pak p\u0159ev\u00e1\u017eeli zp\u011bt na pevninu k prodeji. V 60. letech 20. stolet\u00ed se mezi nad\u0161enci sportovn\u00edho rybolovu roz\u0161\u00ed\u0159ila zv\u011bst, \u017ee se tyto okoln\u00ed vody hem\u017e\u00ed mo\u0159sk\u00fdmi rybami a marl\u00edny, a vznikla tak specializovan\u00e1 komunita hlubinn\u00fdch ryb\u00e1\u0159\u016f, kte\u0159\u00ed se vyd\u00e1vali na pob\u0159e\u017e\u00ed hledat trofejn\u00ed \u00falovky. Jejich expedice, veden\u00e9 pod horizontem sp\u00e1len\u00fdm rovn\u00edkov\u00fdm sluncem, vdechly ostrovu nov\u011b nabytou proslulost \u2013 krajina si v\u0161ak zachovala sv\u016fj prvotn\u00ed klid, p\u0159eru\u0161ovan\u00fd pouze siluetou osam\u011bl\u00e9ho k\u0159i\u017en\u00edku na modr\u00e9 rozlehl\u00e9 pustin\u011b.<\/p>\n<p>Prvn\u00ed turistick\u00fd vp\u00e1d na ostrov se uskute\u010dnil v roce 1993 s otev\u0159en\u00edm prvn\u00edho rekrea\u010dn\u00edho komplexu, epochy, kterou kritici pozd\u011bji nazvali \u201eturistick\u00fdm apartheidem\u201c, jeliko\u017e kub\u00e1n\u0161t\u00ed st\u00e1tn\u00ed p\u0159\u00edslu\u0161n\u00edci m\u011bli zak\u00e1z\u00e1n vstup do jeho hranic, pokud nebyli zam\u011bstn\u00e1ni ve slu\u017eb\u00e1ch nebo jim nebyla ud\u011blena zvl\u00e1\u0161tn\u00ed v\u00fdjimka. P\u0159\u00edstup regulovala s\u00ed\u0165 kyvadlov\u00fdch lod\u00ed a ofici\u00e1ln\u00edch povolen\u00ed, \u010d\u00edm\u017e se zachovala enkl\u00e1va zam\u011b\u0159en\u00e1 v\u00fdhradn\u011b na zahrani\u010dn\u00ed n\u00e1v\u0161t\u011bvn\u00edky. Tato segregace p\u0159etrv\u00e1vala a\u017e do \u00fasvitu jednadvac\u00e1t\u00e9ho stolet\u00ed, kdy politick\u00e9 reformy z\u00e1kaz zru\u0161ily; do roku 2001 se m\u00edstn\u00ed obyvatel\u00e9 s motorov\u00fdmi vozidly mohli voln\u011b pohybovat po hr\u00e1zi a n\u00e1rokovat si sv\u00e9 m\u00edsto na p\u00edsc\u00edch pl\u00e1\u017ee Playa Pilar. V\u00fdvoj ostrova z odlehl\u00e9ho \u00fato\u010di\u0161t\u011b na inkluzivn\u011bj\u0161\u00ed destinaci z\u016fst\u00e1v\u00e1 symbolem \u0161ir\u0161\u00edch posun\u016f v kub\u00e1nsk\u00e9m p\u0159\u00edstupu k voln\u00e9mu \u010dasu a ekonomick\u00e9mu otev\u00edr\u00e1n\u00ed.<\/p>\n<p>Ka\u017ed\u00fd \u00fasvit nad Cayo Guillermo slibuje tich\u00fd balet ka\u017edodenn\u00edch doj\u00ed\u017ed\u011bj\u00edc\u00edch: autobusy p\u0159ev\u00e1\u017eej\u00edc\u00ed hotelov\u00fd person\u00e1l z Mor\u00f3nu a Ciego de \u00c1vila se vine p\u0159es hr\u00e1z a jejich p\u0159\u00edjezd ohla\u0161uje tich\u00e9 hu\u010den\u00ed motor\u016f a p\u0159\u00edslib sn\u00eddan\u00ed za \u00fasvitu. Tito mu\u017ei a \u017eeny, kte\u0159\u00ed poch\u00e1zej\u00ed z okoln\u00edch m\u011bst, \u010dasto charakterizovan\u00fdch zelen\u00fdmi n\u00ed\u017einami a zem\u011bd\u011blsk\u00fdmi podniky, p\u0159isp\u00edvaj\u00ed k m\u00edstn\u00ed vitalit\u011b. Udr\u017euj\u00ed deset hotelov\u00fdch za\u0159\u00edzen\u00ed na ostrov\u011b \u2013 mezi nimi\u017e jsou Cayo Guillermo Resort Kempinski, Gran Muthu Imperial, Gran Muthu Rainbow Hotel, Grand Muthu Cayo Guillermo, Hotel Camino del Mar (d\u0159\u00edve Melia Cayo Guillermo), Hotel Vigia (d\u0159\u00edve Sol Cayo Guillermo), Iberostar Daiquiri, Iberostar Selection Playa Pilar, Islazul Villa Gregorio a Starfish Cayo Guillermo (d\u0159\u00edve Villa Cojimar). Jejich rutiny, a\u010dkoli omezen\u00e9 pracovn\u00edmi rozvrhy, poutaj\u00ed ostrov k rytm\u016fm pevniny.<\/p>\n<p>P\u0159\u00edstup do tohoto p\u00edse\u010dn\u00e9ho r\u00e1je je usnadn\u011bn jak letecky, tak po zemi. Leti\u0161t\u011b Jardines del Rey (IATA: CCC; ICAO: MUCC) nab\u00edz\u00ed pravideln\u00e9 lety s p\u0159ist\u00e1n\u00edm na modern\u00edm termin\u00e1lu vzd\u00e1len\u00e9m sotva deset kilometr\u016f, odkud kyvadlov\u00e1 doprava p\u0159epravuje hosty p\u0159es ploch\u00e9 pob\u0159e\u017en\u00ed mok\u0159ady. P\u0159es tyrkysov\u00e9 m\u011bl\u010diny se vine hr\u00e1z, kter\u00e1 nejprve spojuje ostrov se sousedn\u00edm Cayo Coco a pot\u00e9 se rozv\u011btvuje do krat\u0161\u00edho \u00faseku, kter\u00fd vrchol\u00ed na Cayo Guillermo. Cestou cestuj\u00edc\u00ed prohl\u00ed\u017eej\u00ed mangrovov\u00e9 okraje a slan\u00e9 rybn\u00edky, jejich\u017e klidn\u00e9 hladiny naru\u0161uje jen ob\u010dasn\u00e9 \u0161plouchnut\u00ed sk\u00e1kaj\u00edc\u00edho tarpona nebo klouzav\u00fd pohyb k\u0159\u00eddel ibise. Tato tepna spojuje ostrov s n\u00e1rodem a spojuje dostupnost s pocitem o\u010dek\u00e1v\u00e1n\u00ed, kter\u00fd se rod\u00ed z odlupov\u00e1n\u00ed posledn\u00edho z\u00e1voje mo\u0159sk\u00e9ho vzduchu.<\/p>\n<p>Souostrov\u00ed Jardines del Rey, jeho\u017e n\u00e1zev evokuje kr\u00e1lovsk\u00e9 zahrady, pat\u0159\u00ed mezi nejdynami\u010dt\u011bji se rozv\u00edjej\u00edc\u00ed turistick\u00e9 oblasti Kuby. Jeho gener\u00e1ln\u00ed pl\u00e1n po\u010d\u00edt\u00e1 s v\u00edce ne\u017e dvaceti tis\u00edci pokoji nap\u0159\u00ed\u010d r\u016fzn\u00fdmi ostrovy. Region je ji\u017e domovem n\u00e1mo\u0159n\u00edch z\u00e1kladen, kter\u00e9 p\u0159ij\u00edmaj\u00ed soukrom\u00e9 jachty a pot\u00e1p\u011b\u010dsk\u00e9 v\u00fdlety, modern\u00edch p\u0159\u00edstavn\u00edch za\u0159\u00edzen\u00ed pro v\u00fdletn\u00ed lod\u011b a ekoturistick\u00fdch iniciativ v chr\u00e1n\u011bn\u00fdch rezervac\u00edch na sousedn\u00edch ostrovech. Dlouhodob\u00e9 projekce po\u010d\u00edtaj\u00ed s roz\u0161\u00ed\u0159enou s\u00edt\u00ed stezek pob\u0159e\u017en\u00edmi lesy, vyhl\u00eddkov\u00fdmi v\u011b\u017eemi pro pozorov\u00e1n\u00ed pt\u00e1k\u016f a interpreta\u010dn\u00edmi centry, kter\u00e1 prezentuj\u00ed endemickou fl\u00f3ru a faunu. Pod t\u00edmto rozvojov\u00fdm \u00fasil\u00edm se skr\u00fdv\u00e1 pe\u010dliv\u00e1 ambice: vyv\u00e1\u017eit ambici\u00f3zn\u00ed infrastrukturu se zachov\u00e1n\u00edm krajiny, kter\u00e1 se od doby, kdy prvn\u00ed n\u00e1v\u0161t\u011bvn\u00edci ostrova vkro\u010dili na cestu hledat ryby a palivov\u00e9 d\u0159\u00edv\u00ed, jen m\u00e1lo zm\u011bnila.<\/p>\n<p>\u00dazk\u00e1 dvouproud\u00e1 silnice vede z Turiguan\u00f3 v severn\u00ed \u010d\u00e1sti provincie Ciego de \u00c1vila \u2013 oblasti proslul\u00e9 sv\u00fdmi t\u0159pytiv\u00fdmi lagunami, kde se lov pstruh\u016f t\u011b\u0161\u00ed kultu mezi ryb\u00e1\u0159i, kte\u0159\u00ed si cen\u00ed venkovsk\u00fdch v\u00fdhled\u016f regionu. Od okraje pevniny se chodn\u00edk t\u00e1hne sm\u011brem k mo\u0159i, propl\u00e9t\u00e1 se p\u0159\u00edlivov\u00fdmi plochami a soln\u00fdmi p\u00e1nvemi, ne\u017e stoup\u00e1 k n\u00edzk\u00e9mu oblouku hr\u00e1ze nad kan\u00e1lem. Pod\u00e9l t\u00e9to chodby kokosov\u00e9 palmy r\u00e1muj\u00ed z\u00e1blesky b\u00edl\u00fdch p\u00edse\u010dn\u00fdch pl\u00e1\u017e\u00ed; za nimi oce\u00e1n rozl\u00e9v\u00e1 p\u011bnivou krajku p\u0159es \u00fatesy, kter\u00e9 le\u017e\u00ed t\u011bsn\u011b u pob\u0159e\u017e\u00ed. Cesta cvi\u010d\u00ed oko na prom\u011bnliv\u00fdch panoramatech: v jednu chv\u00edli mok\u0159ady lemovan\u00e9 orobincem hem\u017e\u00edc\u00ed se brodiv\u00edci; v dal\u0161\u00ed otev\u0159en\u00e1 rozloha t\u0159pytiv\u00e9 vody lemovan\u00e9 kor\u00e1lov\u00fdmi h\u0159ebeny.<\/p>\n<p>A\u010dkoli je ostrov mal\u00fd, m\u016f\u017ee se pochlubit \u0159adou hotelov\u00fdch za\u0159\u00edzen\u00ed navr\u017een\u00fdch tak, aby uspokojily ka\u017ed\u00fd vkus, od intimn\u00edch butikov\u00fdch hotel\u016f a\u017e po rozlehl\u00e9 all-inclusive komplexy. Um\u011bl\u00e1 jezera zrcadl\u00ed barvu oblohy, jejich klidn\u00e9 hladiny naru\u0161uj\u00ed vodn\u00ed trysky nebo ob\u010dasn\u00e9 kachny klouzaj\u00edc\u00ed mezi zelen\u00fdmi ostr\u016fvky. Baz\u00e9ny \u2013 n\u011bkter\u00e9 lemovan\u00e9 bary, jin\u00e9 obklopen\u00e9 palmov\u00fdmi h\u00e1ji \u2013 nab\u00edzej\u00ed osv\u011b\u017een\u00ed pod ne\u00faprosn\u00fdm pohledem slunce. Celodenn\u00ed program sah\u00e1 od tane\u010dn\u00edch kurz\u016f na venkovn\u00edch teras\u00e1ch a\u017e po lekce j\u00f3gy p\u0159i z\u00e1padu slunce s v\u00fdhledem na mo\u0159e; ve\u010dery p\u0159in\u00e1\u0161ej\u00ed \u017eivou hudbu pod ozdobn\u00fdmi baldach\u00fdny, t\u00f3ny kytary nebo perkus\u00ed un\u00e1\u0161en\u00e9 tepl\u00fdm v\u00e1nkem. V\u0161echny tyto prvky plynule zapadaj\u00ed do krajiny, kter\u00e9 se lidsk\u00e9 ruce jen lehce dot\u00fdkaj\u00ed, tak\u017ee i ty nejpropracovan\u011bj\u0161\u00ed sou\u010d\u00e1sti resortu p\u016fsob\u00ed jako obklopen\u00e9 nem\u011bnn\u00fdm tropick\u00fdm r\u00e1mem.<\/p>\n<p>Pob\u0159e\u017e\u00ed na Cayo Guillermo se definuje souhrou p\u00edsku, v\u011btru a vody. P\u011bt kilometr\u016f pl\u00e1\u017e\u00ed se t\u00e1hne pod\u00e9l svah\u016f ostrova, ale \u017e\u00e1dn\u00e1 nevzbuzuje tolik \u00facty jako Playa Pilar na jeho vzd\u00e1len\u00e9m z\u00e1padn\u00edm c\u00edpu. Duny se zde t\u00e1hnou do v\u00fd\u0161ky \u0161estn\u00e1cti metr\u016f a jejich strm\u00e9 svahy jsou pas\u00e1ty tvarov\u00e1ny do zvln\u011bn\u00fdch teras slonovinov\u00e9ho p\u00edsku. Mezi t\u011bmito p\u0159\u00edrodn\u00edmi hradbami a b\u0159ehem se vine \u00fazk\u00e1 chodba, kde se Atlantik odhaluje ve spektru od sv\u011btle tyrkysov\u00e9 po kobaltovou. P\u0159i v\u00fdchodu slunce sv\u011btlo klou\u017ee po vln\u00e1ch v p\u00edsku a vrh\u00e1 filigr\u00e1nsk\u00e9 st\u00edny, kter\u00e9 sleduj\u00ed zak\u0159iven\u00ed ka\u017ed\u00e9 duny; pozd\u011bji, v poledn\u00ed z\u00e1\u0159i, se pob\u0159e\u017e\u00ed t\u0159pyt\u00ed jako pl\u00e1t tepan\u00e9ho st\u0159\u00edbra.<\/p>\n<p>Proslulost pl\u00e1\u017ee Playa Pilar nespo\u010d\u00edv\u00e1 pouze v jej\u00edch tvarovan\u00fdch kontur\u00e1ch, ale tak\u00e9 v k\u0159i\u0161\u0165\u00e1lov\u011b \u010dist\u00e9 vod\u011b, kter\u00e1 pulzuje \u017eivotem mezi bl\u00edzk\u00fdmi kor\u00e1lov\u00fdmi \u00fatvary. V doch\u00e1zkov\u00e9 vzd\u00e1lenosti od pl\u00e1\u017ee se nach\u00e1zej\u00ed lemuj\u00edc\u00ed \u00fatesy, jejich kor\u00e1lov\u00e9 hlavy jsou uspo\u0159\u00e1dan\u00e9 jako podvodn\u00ed katedr\u00e1ly. \u0160norchluj\u00edc\u00ed se vzn\u00e1\u0161ej\u00ed nad touto rozlohou a pozoruj\u00ed papou\u0161\u010d\u00ed ryby proh\u00e1n\u011bj\u00edc\u00ed se mezi kor\u00e1ly velikosti balvan\u016f a hejna ser\u017eant\u016f, kte\u0159\u00ed rozprost\u00edraj\u00ed sv\u00e9 pruhy. P\u0159\u00edlivov\u00e9 baz\u00e9ny odhalen\u00e9 p\u0159i odlivu odhaluj\u00ed hv\u011bzdice lp\u00edc\u00ed na sluncem rozp\u00e1len\u00fdch skal\u00e1ch; kdy\u017e p\u0159\u00edboj ustoup\u00ed, zanech\u00e1v\u00e1 po sob\u011b drobn\u00e9 jeskyn\u011b, ve kter\u00fdch se potuluj\u00ed krevety a mlad\u00ed kor\u00fd\u0161i. Takov\u00e1 intimn\u00ed setk\u00e1n\u00ed s mo\u0159skou \u0159\u00ed\u0161\u00ed podtrhuj\u00ed dvoj\u00ed identitu z\u00e1livu jako noblesn\u00edho \u00fato\u010di\u0161t\u011b i p\u0159\u00edrodn\u00ed rezervace.<\/p>\n<p>Sous-marine \u0159\u00ed\u0161e Cayo Guillermo si vyslou\u017eila p\u0159irovn\u00e1n\u00ed k rozlehl\u00e9mu akv\u00e1riu, proto\u017ee za klidn\u00fdch dn\u016f nab\u00edz\u00ed viditelnost p\u0159esahuj\u00edc\u00ed dvacet metr\u016f. Pot\u00e1p\u011b\u010dsk\u00e1 centra nach\u00e1zej\u00edc\u00ed se v bl\u00edzkosti hr\u00e1ze nab\u00edzej\u00ed v\u00fdlety s pr\u016fvodcem k \u00fates\u016fm, kde se v proudu houpou gorgonie a mo\u0159sk\u00e9 v\u011bj\u00ed\u0159e, zat\u00edmco pokro\u010dil\u00ed ponory prozkoum\u00e1vaj\u00ed hlub\u0161\u00ed vrcholky \u00fates\u016f rezonuj\u00edc\u00ed s kanicemi a kanicemi. Instrukt\u00e1\u017en\u00ed kurzy pro za\u010d\u00e1te\u010dn\u00edky kladou d\u016fraz na ovl\u00e1d\u00e1n\u00ed vztlaku nad k\u0159ehk\u00fdmi \u00fatesov\u00fdmi strukturami a podporuj\u00ed kulturu spr\u00e1vcovstv\u00ed mezi nov\u00e1\u010dky v podvodn\u00edm pr\u016fzkumu. No\u010dn\u00ed ponory odhaluj\u00ed alternativn\u00ed vesm\u00edr: hum\u0159i se vyno\u0159uj\u00ed ze \u0161t\u011brbin, chobotnice se potuluj\u00ed a hledaj\u00ed ko\u0159ist a bioluminiscen\u010dn\u00ed plankton se mihne jako hv\u011bzdice v paprsku baterky. V ka\u017ed\u00e9m okam\u017eiku pod hladinou ostrov odhaluje str\u00e1nku stejn\u011b \u017eivou jako kter\u00e1koli jin\u00e1, kterou tan\u010d\u00ed sluncem zalit\u00e9 vlny.<\/p>\n<p>Kulturn\u00ed ohlas ostrova sah\u00e1 za hranice jeho p\u0159\u00edrodn\u00edho bohatstv\u00ed a nese v sob\u011b otisk pozd\u011bj\u0161\u00ed touhy po cestov\u00e1n\u00ed Ernesta Hemingwaye. Pl\u00e1\u017e Playa Pilar je pojmenov\u00e1na po kajutov\u00e9m v\u00fdletn\u00edm \u010dlunu, kter\u00fdm autor \u0159\u00eddil, jeho\u017e posledn\u00ed rom\u00e1n Ostrovy v proudu p\u0159en\u00e1\u0161\u00ed sv\u00e9 vrcholn\u00e9 sc\u00e9ny k vod\u00e1m pr\u00e1v\u011b u tohoto ostrova. N\u00e1v\u0161t\u011bvn\u00edci mohou st\u00e1t na stejn\u00e9m p\u00edsku, kde jeho protagonista \u010delil ztr\u00e1t\u011b a vykoupen\u00ed, zat\u00edmco pas\u00e1ty v\u00ed\u0159\u00ed palmy nad autorsk\u00fdm odkazem, kter\u00fd dozn\u00edv\u00e1 jako ozv\u011bna. Takov\u00e9 liter\u00e1rn\u00ed vazby prohlubuj\u00ed vn\u00edm\u00e1n\u00ed m\u00edsta a vyb\u00edzej\u00ed k zamy\u0161len\u00ed nad souhrou lidsk\u00e9ho vypr\u00e1v\u011bn\u00ed a element\u00e1rn\u00ed geografie. V tomto prostoru mezi autorem a prost\u0159ed\u00edm nab\u00fdv\u00e1 historie hmatateln\u00e9 p\u0159\u00edtomnosti \u2013 ka\u017ed\u00fd krok na pl\u00e1\u017ei je jemnou poctou bohat\u00e9 minulosti.<\/p>\n<p>V pomal\u00e9m postupu od chatr\u010d\u00ed z d\u0159ev\u011bn\u00e9ho uhl\u00ed a s\u00edt\u00ed nas\u00e1kl\u00fdch dehtem a\u017e po modern\u00ed hotely a nale\u0161t\u011bn\u00e9 pot\u00e1p\u011b\u010dsk\u00e9 lod\u011b si Cayo Guillermo zachovalo esenci zrozenou z samoty a slan\u00e9ho vzduchu. Turist\u00e9 sem p\u0159ij\u00ed\u017ed\u011bj\u00ed hledat odpo\u010dinek \u2013 odpo\u010dinek s nata\u017een\u00fdma nohama na verand\u00e1ch, tropick\u00e9 koktejly pod do\u0161kov\u00fdmi st\u0159echami \u2013 ale odj\u00ed\u017ed\u011bj\u00ed s v\u00edce ne\u017e jen sluncem pol\u00edbenou k\u016f\u017e\u00ed. Odn\u00e1\u0161ej\u00ed si s sebou dojmy z dun zdvi\u017een\u00fdch proti obloze, tlumen\u00fd \u0159ev vln za soumraku a chv\u00edle tich\u00e9ho spojen\u00ed s mo\u0159sk\u00fdm sv\u011btem, kter\u00fd je stejn\u011b nad\u010dasov\u00fd jako samotn\u00e9 mo\u0159e. Pr\u00e1v\u011b zde, v tomto soutoku \u010distoty prost\u0159ed\u00ed a pe\u010dliv\u011b vytvo\u0159en\u00e9 pohostinnosti, odhaluje ostrov svou nejhlub\u0161\u00ed kvalitu: pozv\u00e1n\u00ed k ob\u00fdv\u00e1n\u00ed geografie, kter\u00e1 je z\u00e1rove\u0148 bezprost\u0159edn\u00ed a nepopsateln\u011b transcendentn\u00ed.<\/p>\n<p>Cayo Guillermo tak p\u0159etrv\u00e1v\u00e1 jako sv\u011bdectv\u00ed o um\u011bn\u00ed jemn\u00e9 transformace, kde po\u017eadavky cestovn\u00edho ruchu 21. stolet\u00ed koexistuj\u00ed s ekologickou jemnost\u00ed. Stoj\u00ed jako lyrika v kor\u00e1lech a p\u00edsku, vepsan\u00e1 v\u011btrem a p\u0159\u00edlivem, \u010dekaj\u00edc\u00ed na kroky ka\u017ed\u00e9ho nov\u00e9ho cestovatele, kter\u00fd na jeho b\u0159ehy zase vep\u00ed\u0161e sv\u016fj vlastn\u00ed ver\u0161.<\/p>","protected":false},"excerpt":{"rendered":"<p>Cayo Guillermo je v\u00fdznamn\u00fd ostrov v souostrov\u00ed Jardines del Rey, kter\u00e9 se nach\u00e1z\u00ed na severn\u00edm pob\u0159e\u017e\u00ed Kuby. Tento kr\u00e1sn\u00fd ostrov se nach\u00e1z\u00ed mezi Atlantsk\u00fdm oce\u00e1nem a Ps\u00ed z\u00e1tokou (Bahia de Perros). Cayo Guillermo, kter\u00e9 se nach\u00e1z\u00ed v provincii Ciego de \u00c1vila, spad\u00e1 pod jurisdikci obce Mor\u00f3n, oblasti zn\u00e1m\u00e9 svou v\u00fdznamnou p\u0159\u00edrodn\u00ed kr\u00e1sou a kulturn\u00edm v\u00fdznamem.<\/p>","protected":false},"author":1,"featured_media":4644,"parent":9209,"menu_order":0,"comment_status":"closed","ping_status":"closed","template":"elementor_theme","meta":{"_eb_attr":"","footnotes":""},"class_list":["post-9270","page","type-page","status-publish","has-post-thumbnail"],"_links":{"self":[{"href":"https:\/\/travelshelper.com\/cs\/wp-json\/wp\/v2\/pages\/9270","targetHints":{"allow":["GET"]}}],"collection":[{"href":"https:\/\/travelshelper.com\/cs\/wp-json\/wp\/v2\/pages"}],"about":[{"href":"https:\/\/travelshelper.com\/cs\/wp-json\/wp\/v2\/types\/page"}],"author":[{"embeddable":true,"href":"https:\/\/travelshelper.com\/cs\/wp-json\/wp\/v2\/users\/1"}],"replies":[{"embeddable":true,"href":"https:\/\/travelshelper.com\/cs\/wp-json\/wp\/v2\/comments?post=9270"}],"version-history":[{"count":0,"href":"https:\/\/travelshelper.com\/cs\/wp-json\/wp\/v2\/pages\/9270\/revisions"}],"up":[{"embeddable":true,"href":"https:\/\/travelshelper.com\/cs\/wp-json\/wp\/v2\/pages\/9209"}],"wp:featuredmedia":[{"embeddable":true,"href":"https:\/\/travelshelper.com\/cs\/wp-json\/wp\/v2\/media\/4644"}],"wp:attachment":[{"href":"https:\/\/travelshelper.com\/cs\/wp-json\/wp\/v2\/media?parent=9270"}],"curies":[{"name":"wp","href":"https:\/\/api.w.org\/{rel}","templated":true}]}}