{"id":9264,"date":"2024-09-07T20:02:32","date_gmt":"2024-09-07T20:02:32","guid":{"rendered":"https:\/\/travelshelper.com\/staging\/?page_id=9264"},"modified":"2026-03-13T15:25:49","modified_gmt":"2026-03-13T15:25:49","slug":"varadero","status":"publish","type":"page","link":"https:\/\/travelshelper.com\/cs\/destinations\/north-america\/cuba\/varadero\/","title":{"rendered":"Varadero"},"content":{"rendered":"<p>Varadero, le\u017e\u00edc\u00ed na \u0161t\u00edhl\u00e9m poloostrov\u011b Hicacos asi 140 kilometr\u016f v\u00fdchodn\u011b od Havany, m\u00e1 na sv\u00fdch t\u0159iceti dvou kilometrech \u010dtvere\u010dn\u00edch zhruba dvacet tis\u00edc obyvatel \u2013 a p\u0159esto se na jeho alabastrov\u00fdch b\u0159ez\u00edch ka\u017edoro\u010dn\u011b sj\u00ed\u017ed\u00ed v\u00edce ne\u017e milion n\u00e1v\u0161t\u011bvn\u00edk\u016f. Toto letovisko, le\u017e\u00edc\u00ed mezi z\u00e1livem C\u00e1rdenas a Floridsk\u00fdm pr\u016flivem, je nejv\u00fdznamn\u011bj\u0161\u00edm kub\u00e1nsk\u00fdm h\u0159i\u0161t\u011bm, kde azurov\u00e9 vody a v\u011btrem o\u0161lehan\u00e9 palmy vyjad\u0159uj\u00ed nad\u010dasov\u00e9 pob\u0159e\u017en\u00ed sn\u011bn\u00ed. Od devaten\u00e1ct\u00e9ho stolet\u00ed vyhled\u00e1vaj\u00ed jeho kouzlo bohat\u00ed cestovatel\u00e9, l\u00e1kan\u00ed k\u0159i\u0161\u0165\u00e1lov\u011b \u010dist\u00fdmi pl\u00e1\u017eemi, kter\u00e9 se t\u00e1hnou bez p\u0159eru\u0161en\u00ed v d\u00e9lce v\u00edce ne\u017e dvaceti kilometr\u016f. Dnes si Varadero udr\u017euje k\u0159ehkou rovnov\u00e1hu mezi svou bohatou minulost\u00ed a ne\u00fanavn\u00fdm pulsem mezin\u00e1rodn\u00edho cestovn\u00edho ruchu.<\/p>\n<p>Od okam\u017eiku, kdy se na \u0161pi\u010dce poloostrova v ran\u00e9 koloni\u00e1ln\u00ed \u00e9\u0159e vyno\u0159ily prvn\u00ed \u0161pan\u011blsk\u00e9 soln\u00e9 doly, byl k\u0159ehk\u00fd v\u00fdb\u011b\u017eek pevniny, kter\u00fd se stal Hicacos, sv\u011bdkem postupn\u00fdch vrstev lidsk\u00e9ho \u00fasil\u00ed. V polovin\u011b sedmn\u00e1ct\u00e9ho stolet\u00ed dos\u00e1hl jeho \u0161pi\u010dka \u2013 Punta Hicacos \u2013 nepravd\u011bpodobn\u00e9ho postaven\u00ed ozna\u010duj\u00edc\u00edho nejsevern\u011bj\u0161\u00ed v\u00fdb\u011b\u017eek Kuby. Za Kawamsk\u00fdm pr\u016flivem pevnina ustoupila a poloostrovu poskytla nadpozemskou izolaci; mezi Lagunou Paso Malo a t\u0159pytiv\u00fdm mo\u0159em se pod\u00e9l t\u0159\u00ed hlavn\u00edch t\u0159\u00edd, kter\u00e9 prot\u00ednalo \u0161edes\u00e1t dev\u011bt k\u0159i\u017eovatek, shlukovala skromn\u00e1 obydl\u00ed. Via Blanca, dokon\u010den\u00e1 v polovin\u011b dvac\u00e1t\u00e9ho stolet\u00ed, se t\u00e1hne dvouproudou tepnou p\u0159\u00edmo do Havany, p\u0159esto z\u016fst\u00e1v\u00e1 pocit promy\u0161len\u00e9 odlehlosti: \u00fa\u010deln\u00e9 \u00fato\u010di\u0161t\u011b pro ty, kte\u0159\u00ed hledaj\u00ed mo\u0159sk\u00fd v\u00e1nek neposkvrn\u011bn\u00fd m\u011bstsk\u00fdm ruchem.<\/p>\n<p>Na severov\u00fdchodn\u00edm okraji Hicacos se nach\u00e1z\u00ed zelen\u00e1 enkl\u00e1va, kter\u00e1 chr\u00e1n\u00ed prav\u011bk\u00fd pob\u0159e\u017en\u00ed les a p\u00edse\u010dn\u00e9 z\u00e1toky skryt\u00e9 p\u0159ed davem. P\u0159\u00edrodn\u00ed park Hicacos Point, zalo\u017een\u00fd v roce 1974, se rozkl\u00e1d\u00e1 na plo\u0161e n\u011bco m\u00e1lo p\u0159es t\u0159i kilometry \u010dtvere\u010dn\u00ed a ukr\u00fdv\u00e1 \u0159adu \u0159\u00ed\u010dn\u00edch a mo\u0159sk\u00fdch ekosyst\u00e9m\u016f. V jeho hranic\u00edch se nach\u00e1z\u00ed jeskyn\u011b Ambrosio, podzemn\u00ed galerie t\u00e1hnouc\u00ed se asi 250 metr\u016f a zdoben\u00e1 p\u0159edkolumbovsk\u00fdmi piktogramy. Nedaleko se nach\u00e1z\u00ed jezero Mang\u00f3n \u2013 brakick\u00e1 laguna, kter\u00e1 host\u00ed t\u0159icet jedna druh\u016f pt\u00e1k\u016f a dvacet \u010dty\u0159i taxon\u016f plaz\u016f \u2013 a ruiny soln\u00fdch prac\u00ed La Calavera hovo\u0159\u00ed o podniku, kter\u00fd zavedl evropsk\u00e9 t\u011b\u017eebn\u00ed techniky v Americe. Ka\u017ed\u00fd krok zde rezonuje ekologickou a historickou rezonanc\u00ed.<\/p>\n<p>Za c\u00edpem poloostrova se rozprost\u00edr\u00e1 \u0159ada ostrov\u016f \u2013 mezi nimi\u017e jsou nejv\u00fdznamn\u011bj\u0161\u00ed Cayo Piedras a Cayo Cruz del Padre \u2013 kter\u00e9 zt\u011bles\u0148uj\u00ed nejz\u00e1padn\u011bj\u0161\u00ed v\u00fdb\u011b\u017eky souostrov\u00ed Sabana-Camag\u00fcey. Kor\u00e1lov\u00e9 v\u00fdchozy a mo\u0159sk\u00e9 tr\u00e1vy se proh\u00fdbaj\u00ed p\u0159ed m\u00edrn\u00fdmi proudy; jejich chr\u00e1n\u011bn\u00e9 m\u011bl\u010diny p\u0159itahuj\u00ed generace \u0161norchl\u016f i mo\u0159sk\u00fdch v\u011bdc\u016f. Tyto pob\u0159e\u017en\u00ed ostr\u016fvky, a\u010dkoli jsou co do pevniny mali\u010dk\u00e9, maj\u00ed obrovsk\u00fd vliv na m\u00edstn\u00ed biodiverzitu a z\u00e1\u017eitkovou strukturu n\u00e1mo\u0159n\u00edch nab\u00eddek Varadera a poskytuj\u00ed \u00fato\u010di\u0161t\u011b \u017eelv\u00e1m obrovsk\u00e9 a sez\u00f3nn\u00edm koncentrac\u00edm \u00fatesov\u00fdch ryb. Slou\u017e\u00ed tak\u00e9 jako p\u0159\u00edrodn\u00ed vlnolamy, kter\u00e9 zm\u00edr\u0148uj\u00ed s\u00edlu atlantsk\u00fdch vln, ne\u017e obejmou \u0161irok\u00e9 pl\u00e1\u017ee poloostrova.<\/p>\n<p>Ned\u00edlnou sou\u010d\u00e1st\u00ed modern\u00edho vzestupu Varadera je leti\u0161t\u011b Juana Gualberta G\u00f3meze, slavnostn\u011b otev\u0159en\u00e9 v 90. letech 20. stolet\u00ed, asi \u0161estn\u00e1ct kilometr\u016f z\u00e1padn\u011b od centra m\u011bsta. Leti\u0161t\u011b, ozna\u010dovan\u00e9 jako druh\u00fd nejru\u0161n\u011bj\u0161\u00ed leteck\u00fd uzel na Kub\u011b po leti\u0161ti Jos\u00e9 Mart\u00edho v Havan\u011b, dopravuje cestovatele p\u0159\u00edmo do srdce poloostrova. Na jeho dvou ranvej\u00edch se sb\u00edhaj\u00ed dom\u00e1c\u00ed i mezin\u00e1rodn\u00ed dopravci, co\u017e zaji\u0161\u0165uje, \u017ee v\u011bt\u0161inu p\u0159\u00edlet\u016f tvo\u0159\u00ed evrop\u0161t\u00ed a kanad\u0161t\u00ed host\u00e9. V posledn\u00edch letech se roz\u0161\u00ed\u0159en\u00ed leti\u0161t\u011b odrazilo v \u0161ir\u0161\u00edm r\u016fstu infrastruktury m\u011bsta: sklady pohonn\u00fdch hmot a hang\u00e1ry pro \u00fadr\u017ebu nyn\u00ed koexistuj\u00ed s turisticky orientovan\u00fdmi za\u0159\u00edzen\u00edmi, p\u0159esto se za termin\u00e1lem v pas\u00e1tech st\u00e1le vln\u00ed pole cukrov\u00e9 t\u0159tiny \u2013 jemn\u00e1 p\u0159ipom\u00ednka agr\u00e1rn\u00edho d\u011bdictv\u00ed regionu.<\/p>\n<p>Turismus se ve Varaderu poprv\u00e9 rozvinul v 70. letech 19. stolet\u00ed, kdy kub\u00e1nsk\u00e9 cukrovarnick\u00e9 bohatstv\u00ed financovalo elitn\u00ed \u00fato\u010di\u0161t\u011b pod\u00e9l tohoto rozlehl\u00e9ho kousku pevniny. Prvn\u00ed n\u00e1v\u0161t\u011bvn\u00edci p\u0159ij\u00ed\u017ed\u011bli parn\u00edky a ko\u010d\u00e1ry, l\u00e1kan\u00ed odlehl\u00fdmi pl\u00e1\u017eemi a m\u00edrn\u00fdm podneb\u00edm poloostrova. V roce 1910 m\u00edstn\u00ed obyvatel\u00e9 zah\u00e1jili ka\u017edoro\u010dn\u00ed vesla\u0159skou regatu; o p\u011bt let pozd\u011bji otev\u0159el sv\u00e9 br\u00e1ny prvn\u00ed hotel \u2013 jednodu\u0161e pojmenovan\u00fd Varadero \u2013 kter\u00fd pozd\u011bji p\u0159ijal jm\u00e9no Club N\u00e1utico. Na za\u010d\u00e1tku 30. let 20. stolet\u00ed ameri\u010dt\u00ed magn\u00e1ti, jako byla Ir\u00e9n\u00e9e du Pont, postavili honosn\u00e9 s\u00eddla, kter\u00e1 kombinovala st\u0159edomo\u0159sk\u00e9 formy se zahradami ve stylu plant\u00e1\u017e\u00ed. Mezi t\u011bmito osobnostmi vynikal nechvaln\u011b zn\u00e1m\u00fd Al Capone, kter\u00fd si Varadero vybral za sv\u00e9 zimn\u00ed \u00fato\u010di\u0161t\u011b, co\u017e sv\u011bd\u010d\u00ed o magnetick\u00e9 p\u0159ita\u017elivosti poloostrova pro ty, kte\u0159\u00ed hledali pod\u00edvanou i odlou\u010den\u00ed.<\/p>\n<p>Kdy\u017e kub\u00e1nsk\u00e1 revoluce v roce 1959 zm\u011bnila n\u00e1rodn\u00ed \u017eivot, mnoho z t\u011bchto honosn\u00fdch vil p\u0159e\u0161lo do ve\u0159ejn\u00e9 spr\u00e1vy. Vyvlastn\u011bn\u00e1 s\u00eddla se brzy prom\u011bnila v muzea, jejich\u017e mramorov\u00e9 podlahy a mahagonov\u00e9 oblo\u017een\u00ed byly opat\u0159eny st\u00e1tem schv\u00e1len\u00fdmi interpretacemi bur\u017eoazn\u00edho excesu. V roce 1960 \u00fa\u0159ady jako symbol porevolu\u010dn\u00edho rovnost\u00e1\u0159stv\u00ed postavily Parque de las 8000 Taquillas. Tento multifunk\u010dn\u00ed pavilon obsahoval \u0161atny pro n\u00e1v\u0161t\u011bvn\u00edky, hygienick\u00e9 slu\u017eby v hlavn\u00edm pat\u0159e a dole st\u00e1nky s p\u016fj\u010dovnou plavek \u2013 jeho podkrov\u00ed pulzovalo hudbou a spole\u010densk\u00fdmi setk\u00e1n\u00edmi. Tato stavba, ob\u010das renovovan\u00e1, po cel\u00e1 desetilet\u00ed tvo\u0159ila st\u0159edobod spole\u010densk\u00e9ho \u017eivota poloostrova.<\/p>\n<p>B\u011bhem 60. a 80. let se Varadero vyvinulo v epicentrum kulturn\u00edho projevu, kter\u00e9 sahalo daleko za jeho sluncem zalit\u00e9 rozlohy. Okol\u00ed 8000 Taquillas se hem\u017eilo koncerty, filmov\u00fdmi projekcemi a sportovn\u00edmi sout\u011b\u017eemi, zat\u00edmco do ulic se p\u0159en\u00e1\u0161ely improvizovan\u00e9 festivaly. Kub\u00e1nsk\u00e9 jazzov\u00e9 soubory sd\u00edlely p\u00f3dia s folkl\u00f3rn\u00edmi soubory a ka\u017edoro\u010dn\u00ed Mezin\u00e1rodn\u00ed karneval \u2013 zrozen\u00fd ze spolupr\u00e1ce m\u00edstn\u00edch organiz\u00e1tor\u016f a zahrani\u010dn\u00edch nad\u0161enc\u016f \u2013 napl\u0148oval vlhk\u00e9 ve\u010dery p\u0159ehl\u00eddkov\u00fdmi vozy a balety pod \u0161ir\u00fdm nebem. V t\u011bchto letech se poloostrov jevil m\u00e9n\u011b jako uzav\u0159en\u00e9 letovisko a sp\u00ed\u0161e jako roz\u0161\u00ed\u0159en\u00ed kaleidoskopick\u00e9 kub\u00e1nsk\u00e9 kulturn\u00ed mozaiky.<\/p>\n<p>Devades\u00e1t\u00e1 l\u00e9ta 20. stolet\u00ed p\u0159inesla obnovenou kampa\u0148 na v\u00fdstavbu hotel\u016f, tentokr\u00e1t zam\u011b\u0159enou p\u0159\u00edmo na \u010dty\u0159hv\u011bzdi\u010dkov\u00fd a p\u011btihv\u011bzdi\u010dkov\u00fd segment trhu. Nadn\u00e1rodn\u00ed oper\u00e1to\u0159i \u2013 \u0161pan\u011blsk\u00e1 Meli\u00e1 a Iberostar, kanadsk\u00fd Blue Island \u2013 si zajistili dlouhodob\u00e9 pron\u00e1jmy na pob\u0159e\u017en\u00edch pozemc\u00edch a postavili v\u011b\u017ee s okny, kter\u00e9 nyn\u00ed zdob\u00ed horizont Varadera. Dl\u00e1\u017ed\u011bn\u00e9 cesty k pl\u00e1\u017ei byly nahrazeny soukrom\u00fdmi promen\u00e1dami; all-inclusive bal\u00ed\u010dky p\u0159etvo\u0159ily m\u00edstn\u00ed ekonomiku a p\u0159il\u00e1kaly vlnu zahrani\u010dn\u00edch investic, i kdy\u017e utlumily spont\u00e1nn\u00ed interakce mezi n\u00e1v\u0161t\u011bvn\u00edky a obyvateli. S rostouc\u00edm po\u010dtem turist\u016f mnoho b\u00fdval\u00fdch kulturn\u00edch m\u00edst upadlo v zanedb\u00e1v\u00e1n\u00ed; crescendo hudby a sm\u00edchu, kter\u00e9 kdysi vych\u00e1zelo z parku Jos\u00e9 Mart\u00edho, postupn\u011b ustoupilo hu\u010den\u00ed klimatizac\u00ed a jednotn\u00e9 kadenci programu resortu.<\/p>\n<p>Navzdory t\u011bmto transformac\u00edm z\u016fst\u00e1v\u00e1 Varadero hlavn\u00edm ekonomick\u00fdm motorem Kuby mimo Havanu. V\u00edce ne\u017e pades\u00e1t dva r\u016fzn\u00fdch hotelov\u00fdch za\u0159\u00edzen\u00ed dohromady zam\u011bstn\u00e1v\u00e1 p\u0159es pades\u00e1t tis\u00edc lid\u00ed \u2013 mnoho z nich denn\u011b doj\u00ed\u017ed\u00ed z nedalek\u00e9ho C\u00e1rdenasu. V roce 2017 vstoupilo na jeho p\u00edsky rekordn\u00edch 1,7 milionu zahrani\u010dn\u00edch host\u016f, co\u017e p\u0159im\u011blo m\u011bstsk\u00e9 pl\u00e1nova\u010de schv\u00e1lit p\u0159id\u00e1n\u00ed nejm\u00e9n\u011b t\u0159\u00ed tis\u00edc nov\u00fdch p\u011btihv\u011bzdi\u010dkov\u00fdch pokoj\u016f a tak\u00e9 n\u00e1vrhy na z\u00e1bavn\u00ed park a n\u00e1kupn\u00ed centrum na n\u00e1b\u0159e\u017e\u00ed. Zast\u00e1nci tak\u00e9 nazna\u010dili z\u00e1m\u011br vzk\u0159\u00edsit Festival de la Canci\u00f3n, hudebn\u00ed p\u0159ehl\u00eddku, kter\u00e1 kdysi o\u017eivovala m\u00edstn\u00ed kav\u00e1rny a venkovn\u00ed p\u00f3dia. Takov\u00e9 iniciativy odr\u00e1\u017eej\u00ed jednozna\u010dn\u00fd z\u00e1vazek udr\u017eet presti\u017e Varadera na map\u011b cestovn\u00edho ruchu v Karibiku.<\/p>\n<p>P\u0159esto rovn\u00edkov\u00e1 poloha poloostrova p\u0159edur\u010duje k tropick\u00e9 nest\u00e1losti. Varadero, om\u00fdvan\u00e9 Golfsk\u00fdm proudem a bi\u010dovan\u00e9 severov\u00fdchodn\u00edmi pas\u00e1ty, zaznamen\u00e1v\u00e1 pr\u016fm\u011brnou ro\u010dn\u00ed teplotu 25 \u00b0C, s letn\u00edmi maximy v pr\u016fm\u011bru 27 \u00b0C a zimn\u00edmi minimy kolem 21 \u00b0C. Vlhkost vzduchu se pohybuje kolem osmdes\u00e1ti jedna procent a ro\u010dn\u00ed \u00fahrn sr\u00e1\u017eek \u010din\u00ed zhruba \u010dtrn\u00e1ct set milimetr\u016f. Hurik\u00e1nov\u00e1 sez\u00f3na za\u010d\u00edn\u00e1 1. \u010dervna a trv\u00e1 do 15. listopadu; historicky se od roku 1498 p\u0159es kub\u00e1nsk\u00e9 \u00fazem\u00ed p\u0159ehnalo v\u00edce ne\u017e 150 v\u00fdznamn\u00fdch bou\u0159\u00ed, kter\u00e9 zp\u016fsobily obrovsk\u00e9 ekonomick\u00e9 ztr\u00e1ty a tragick\u00e9 \u00famrt\u00ed. Jedna z nejni\u010div\u011bj\u0161\u00edch ud\u00e1lost\u00ed se odehr\u00e1la v roce 1791 a vy\u017e\u00e1dala si p\u0159ibli\u017en\u011b 3 000 \u017eivot\u016f. V ned\u00e1vn\u00e9 dob\u011b, 8. z\u00e1\u0159\u00ed 2017, zas\u00e1hl pobl\u00ed\u017e Varadera hurik\u00e1n Irma, gigant 5. kategorie. Jeho v\u00edtr o rychlosti 200 km\/h strh\u00e1val st\u0159echy dom\u016f a zaplavoval n\u00edzko polo\u017een\u00e9 \u010dtvrti \u2013 p\u0159esto zes\u00edlen\u00e9 mo\u0159sk\u00e9 zdi m\u011bsta a vylep\u0161en\u00e9 syst\u00e9my v\u010dasn\u00e9ho varov\u00e1n\u00ed v\u00fdrazn\u011b sn\u00ed\u017eily po\u010det ob\u011bt\u00ed na deset.<\/p>\n<p>Pro ty, kte\u0159\u00ed hledaj\u00ed z\u00e1bavu na sou\u0161i i na vod\u011b, nab\u00edz\u00ed Varadero ohromn\u00fd katalog aktivit. Cueva de Ambrosio a Cueva de los Musulmanes, ob\u011b ve v\u00fdchodn\u00ed ekologick\u00e9 rezervaci, odm\u011b\u0148uj\u00ed jesky\u0148\u00e1\u0159e kr\u00e1pn\u00edky a skaln\u00edmi malbami p\u0159edk\u016f. Pron\u00e1jem katamar\u00e1n\u016f na mo\u0159i p\u0159epravuje \u0161norchluj\u00edc\u00ed do lagun lemovan\u00fdch kor\u00e1ly, kde v tyrkysov\u00fdch m\u011bl\u010din\u00e1ch tan\u010d\u00ed mo\u0159\u0161t\u00ed v\u011bj\u00ed\u0159i a papou\u0161\u010d\u00ed ryby; kajaky a kiteboardy si lze tak\u00e9 pronajmout v Marina Chapelin, odkud za \u00fasvitu vyplouvaj\u00ed ryb\u00e1\u0159sk\u00e9 lod\u011b. Pronajat\u00e9 jachty proplouvaj\u00ed kolem Cayo Piedras del Norte, zat\u00edmco nad\u0161enci pot\u00e1p\u011bn\u00ed se vyd\u00e1vaj\u00ed na v\u00edce ne\u017e t\u0159icet m\u00edst, v\u010detn\u011b potopen\u00e9 vojensk\u00e9 lodi a sov\u011btsk\u00e9ho letadla AN-24 odpo\u010d\u00edvaj\u00edc\u00edho na b\u00edl\u00e9m p\u00edse\u010dn\u00e9m \u0161elfu. V Marina Chapel\u00edn po\u0159\u00e1d\u00e1 Delfinario denn\u011b p\u0159edstaven\u00ed s delf\u00edny a voliteln\u00fdmi plaveck\u00fdmi z\u00e1\u017eitky, kter\u00e9 spojuj\u00ed z\u00e1bavu s ekologick\u00fdm pov\u011bdom\u00edm.<\/p>\n<p>Krom\u011b vodn\u00edch aktivit se Varadero py\u0161n\u00ed \u0159adou ka\u017edoro\u010dn\u00edch setk\u00e1n\u00ed, kter\u00e1 o\u017eivuj\u00ed jeho spole\u010densk\u00fd kalend\u00e1\u0159. Ka\u017ed\u00fd \u010derven svol\u00e1v\u00e1 Josone World Music Festival um\u011blce z cel\u00e9 Latinsk\u00e9 Ameriky, jejich\u017e rytmy rezonuj\u00ed pod ban\u00e1novn\u00edky v parku Retiro Josone. Jaro ohla\u0161uje Gourmet Festival, kde m\u00edstn\u00ed kucha\u0159i a mezin\u00e1rodn\u00ed host\u00e9 ochutn\u00e1vaj\u00ed vyt\u0159\u00edben\u00e9 interpretace kub\u00e1nsk\u00e9 kuchyn\u011b. \u00danor p\u0159in\u00e1\u0161\u00ed p\u011btidenn\u00ed motocyklovou rallye Harley-Davidson, kter\u00e1 je d\u016fkazem v\u00e1\u0161niv\u00fdch sb\u011bratel\u016f, m\u00edstn\u011b zn\u00e1m\u00fdch jako Harlistas Cubanas. V \u0159\u00edjnu p\u0159edch\u00e1z\u00ed golfov\u00fd turnaj Los Cactus Varadero Golf Tournament turnaj Melia Golf Club Cup, oba se konaj\u00ed na exkluzivn\u00edm osmn\u00e1ctijamkov\u00e9m mistrovsk\u00e9m h\u0159i\u0161ti poloostrova \u2013 jedin\u00e9m plnohodnotn\u00e9m fairwayi na Kub\u011b \u2013 kde se rann\u00ed rosa je\u0161t\u011b t\u0159pyt\u00ed na bermudsk\u00e9 tr\u00e1v\u011b p\u0159ed v\u00fdchodem tropick\u00e9ho slunce.<\/p>\n<p>Mezi trval\u00e9 pam\u00e1tky Varadera pat\u0159\u00ed Mansi\u00f3n Xanad\u00fa, vila Ir\u00e9n\u00e9e du Pont z roku 1928 se zelenou st\u0159echou. Jej\u00ed interi\u00e9r je navr\u017een jako hybrid z\u00e1meck\u00e9 a maursk\u00e9 estetiky a py\u0161n\u00ed se italsk\u00fdmi mramorov\u00fdmi podlahami, bronzov\u00fdmi sv\u00edcny a dobov\u00fdmi olejomalbami. Dnes pod n\u00e1zvem Las Am\u00e9ricas funguje jako luxusn\u00ed restaurace s panoramatick\u00fdm v\u00fdhledem na oce\u00e1n. Nedaleko se nach\u00e1z\u00ed M\u011bstsk\u00e9 muzeum Varadero, kter\u00e9 s\u00eddl\u00ed v letn\u00edm dom\u011b z 20. let 20. stolet\u00ed, kter\u00fd kdysi vlastnil Leopoldo Abreu, a vystavuje zde dobov\u00fd n\u00e1bytek a archivn\u00ed fotografie. Kostel Santa Elvira, postaven\u00fd v roce 1938 z m\u00edstn\u00edho kamene a d\u0159eva, se vyzna\u010duje podkovovit\u00fdm poloobloukem, kter\u00fd vrchol\u00ed k\u0159\u00ed\u017eovou zvonic\u00ed. D\u00e1le na v\u00fdchod se nach\u00e1z\u00ed ekologick\u00e1 rezervace Varahicacos, kter\u00e1 vede k sedmi set t\u0159iceti akr\u016fm stezek vedouc\u00edch k odlehl\u00fdm jeskyn\u00edm, kde v\u00edce ne\u017e \u010dty\u0159icet p\u0159edkolumbovsk\u00fdch symbol\u016f \u0161ept\u00e1 o starov\u011bk\u00fdch obyvatel\u00edch ostrova.<\/p>\n<p>Tepny poloostrova z\u016fst\u00e1vaj\u00ed jednoduch\u00e9, ale dostate\u010dn\u00e9: Autopista Sur se t\u00e1hne od mostu Laguna Paso Malo sm\u011brem na v\u00fdchod pod\u00e9l pob\u0159e\u017e\u00ed t\u00e9m\u011b\u0159 dvacet kilometr\u016f, ne\u017e kon\u010d\u00ed u Barcel\u00f3 Marina Palace. Avenida Primera vede rovnob\u011b\u017en\u011b s pob\u0159e\u017e\u00edm a prot\u00edn\u00e1 ji k\u0159i\u017eovatka ulic \u010d\u00edslovan\u00fdch od Calle 8 do Calle 64, zat\u00edmco star\u0161\u00ed s\u00ed\u0165 vesnic zab\u00edr\u00e1 p\u0159edm\u011bst\u00ed Kawama mezi Calles 23 a 54. Navzdory sv\u00e9 prom\u011bn\u011b v luxusn\u00ed \u00fato\u010di\u0161t\u011b si Varadero zachov\u00e1v\u00e1 poz\u016fstatky ka\u017edodenn\u00edho kub\u00e1nsk\u00e9ho \u017eivota: tr\u017en\u00ed st\u00e1nky zastr\u010den\u00e9 za zdmi resortu, ned\u011bln\u00ed ligy domino hran\u00e9 pod tamarindov\u00fdmi stromy a rodiny piknikuj\u00edc\u00ed za soumraku na ve\u0159ejn\u00fdch pl\u00e1\u017e\u00edch. Pr\u00e1v\u011b v t\u011bchto p\u0159\u00edpadech nehl\u00eddan\u00e9 lidskosti, zasazen\u00e9 do dokonale upraven\u00e9ho pozad\u00ed, Varadero odhaluje svou nejpravdiv\u011bj\u0161\u00ed str\u00e1nku \u2013 m\u00edsto, kde se historie, p\u0159\u00edroda a kultura sb\u00edhaj\u00ed na p\u00edsku a mo\u0159i.<\/p>","protected":false},"excerpt":{"rendered":"<p>Varadero, b\u011b\u017en\u011b zn\u00e1m\u00e9 jako Playa Azul nebo Modr\u00e1 pl\u00e1\u017e, je v\u00fdznamn\u00e9 letovisko nach\u00e1zej\u00edc\u00ed se v provincii Matanzas na Kub\u011b. Varadero, uzn\u00e1van\u00e9 jako jedno z nejv\u011bt\u0161\u00edch letovisek v Karibiku, slou\u017e\u00ed jako p\u0159edn\u00ed destinace pro cestovatele, kte\u0159\u00ed hledaj\u00ed slunce, p\u00edsek a idylick\u00e9 z\u00e1\u017eitky. Pl\u00e1\u017e Varadero si opakovan\u011b z\u00edsk\u00e1v\u00e1 uzn\u00e1n\u00ed a je \u0159azena mezi nejlep\u0161\u00ed pl\u00e1\u017ee na sv\u011bt\u011b.<\/p>","protected":false},"author":1,"featured_media":4680,"parent":9209,"menu_order":0,"comment_status":"closed","ping_status":"closed","template":"elementor_theme","meta":{"_eb_attr":"","footnotes":""},"class_list":["post-9264","page","type-page","status-publish","has-post-thumbnail"],"_links":{"self":[{"href":"https:\/\/travelshelper.com\/cs\/wp-json\/wp\/v2\/pages\/9264","targetHints":{"allow":["GET"]}}],"collection":[{"href":"https:\/\/travelshelper.com\/cs\/wp-json\/wp\/v2\/pages"}],"about":[{"href":"https:\/\/travelshelper.com\/cs\/wp-json\/wp\/v2\/types\/page"}],"author":[{"embeddable":true,"href":"https:\/\/travelshelper.com\/cs\/wp-json\/wp\/v2\/users\/1"}],"replies":[{"embeddable":true,"href":"https:\/\/travelshelper.com\/cs\/wp-json\/wp\/v2\/comments?post=9264"}],"version-history":[{"count":0,"href":"https:\/\/travelshelper.com\/cs\/wp-json\/wp\/v2\/pages\/9264\/revisions"}],"up":[{"embeddable":true,"href":"https:\/\/travelshelper.com\/cs\/wp-json\/wp\/v2\/pages\/9209"}],"wp:featuredmedia":[{"embeddable":true,"href":"https:\/\/travelshelper.com\/cs\/wp-json\/wp\/v2\/media\/4680"}],"wp:attachment":[{"href":"https:\/\/travelshelper.com\/cs\/wp-json\/wp\/v2\/media?parent=9264"}],"curies":[{"name":"wp","href":"https:\/\/api.w.org\/{rel}","templated":true}]}}