{"id":9209,"date":"2024-09-07T18:24:27","date_gmt":"2024-09-07T18:24:27","guid":{"rendered":"https:\/\/travelshelper.com\/staging\/?page_id=9209"},"modified":"2026-03-13T15:44:24","modified_gmt":"2026-03-13T15:44:24","slug":"kuba","status":"publish","type":"page","link":"https:\/\/travelshelper.com\/cs\/destinations\/north-america\/cuba\/","title":{"rendered":"Kuba"},"content":{"rendered":"<p>Kuba se odhaluje na rozhran\u00ed Karibsk\u00e9ho mo\u0159e, Mexick\u00e9ho z\u00e1livu a Atlantsk\u00e9ho oce\u00e1nu \u2013 souostrov\u00ed o rozloze zhruba 110 000 kilometr\u016f \u010dtvere\u010dn\u00edch, kter\u00e9 je domovem asi deseti milion\u016f du\u0161\u00ed. Jeho hlavn\u00ed pevnina se t\u00e1hne v\u00edce ne\u017e 1 200 kilometr\u016f od ploch\u00fdch pl\u00e1n\u00ed a zvln\u011bn\u00fdch n\u00ed\u017ein na severu a\u017e po vrcholy Sierra Maestra na jihov\u00fdchod\u011b, korunovan\u00e9 Pico Turquino s v\u00fd\u0161kou t\u00e9m\u011b\u0159 dva tis\u00edce metr\u016f. Havana, pulzuj\u00edc\u00ed srdce ostrova, dominuje tomuto n\u00e1rodu, kter\u00fd je s\u00e1m o sob\u011b nejv\u011bt\u0161\u00edm ostrovem v Karibiku a sedmn\u00e1ct\u00fdm nejv\u011bt\u0161\u00edm na sv\u011bt\u011b. Kuba, le\u017e\u00edc\u00ed v\u00fdchodn\u011b od mexick\u00e9ho Yucat\u00e1nu, ji\u017en\u011b od Floridy a Baham, z\u00e1padn\u011b od Hispanioly a severn\u011b od Jamajky, prop\u016fj\u010duje zemi jak spojen\u00ed, tak i izolaci. V t\u00e9to ostrovn\u00ed republice z\u016fst\u00e1v\u00e1 otisk tis\u00edcilet\u00ed \u2013 nejprve Guanahatabey a Ta\u00edno, pot\u00e9 \u0161pan\u011blsk\u00fdch koloniz\u00e1tor\u016f a revolu\u010dn\u00edch vizion\u00e1\u0159\u016f \u2013 nesmazateln\u00fd.<\/p>\n<p>Od nejran\u011bj\u0161\u00edch stalet\u00ed lidsk\u00e9ho os\u00eddlen\u00ed a\u017e po kultury Ta\u00edno a Guanahatabey, kter\u00e9 vzkv\u00e9taly p\u0159ed p\u0159\u00edchodem Evropan\u016f, Kuba pro\u0161la cykly transformac\u00ed, kter\u00e9 se vln\u00ed na jej\u00ed p\u016fd\u011b, spole\u010dnosti i psychice. V patn\u00e1ct\u00e9m stolet\u00ed si \u00fazem\u00ed n\u00e1rokovali \u0161pan\u011bl\u0161t\u00ed objevitel\u00e9, kte\u0159\u00ed zah\u00e1jili stalet\u00ed koloni\u00e1ln\u00ed nadvl\u00e1dy, je\u017e propojila osud tohoto souostrov\u00ed s transatlantick\u00fdm obchodem s otroky \u2013 spojen\u00ed nep\u0159eru\u0161en\u00e9 a\u017e do zru\u0161en\u00ed otroctv\u00ed v roce 1886. \u0160pan\u011blsko-americk\u00e1 v\u00e1lka v roce 1898 ohla\u0161ovala konec p\u0159\u00edm\u00e9 ibersk\u00e9 nadvl\u00e1dy, ale z\u00e1rove\u0148 zah\u00e1jila \u00e9ru americk\u00e9 okupace a poru\u010dn\u00edctv\u00ed, kter\u00e1 vyvrcholila form\u00e1ln\u00ed nez\u00e1vislost\u00ed v roce 1902. Prvn\u00ed desetilet\u00ed republiky rezonovala optimismem; progresivn\u00ed \u00fastava z roku 1940 usilovala o soci\u00e1ln\u00ed spravedlnost a ob\u010dansk\u00e9 svobody. Politick\u00e9 nepokoje se v\u0161ak stup\u0148ovaly, dokud vojensk\u00fd p\u0159evrat v roce 1952 nenastolil diktaturu Fulgencia Batisty.<\/p>\n<p>Excesy a represe Batistova re\u017eimu podn\u00edtily kub\u00e1nskou revoluci, jej\u00ed\u017e vrcholn\u00fd triumf v lednu 1959 postavil Fidela Castra do \u010dela rod\u00edc\u00edho se socialistick\u00e9ho st\u00e1tu. Pod Castrovou spr\u00e1vou se Kuba spojila se sov\u011btsk\u00fdm blokem, jej\u00ed pl\u00e1novan\u00e9 hospod\u00e1\u0159stv\u00ed bylo formov\u00e1no centralizovanou kontrolou a rozs\u00e1hlou sov\u011btskou pomoc\u00ed \u2013 podle odtajn\u011bn\u00fdch zpravodajsk\u00fdch informac\u00ed do poloviny 80. let \u010dinilo p\u0159ibli\u017en\u011b t\u0159icet t\u0159i miliard americk\u00fdch dolar\u016f. Role Kuby na sc\u00e9n\u011b studen\u00e9 v\u00e1lky vyvrcholila b\u011bhem raketov\u00e9 krize v roce 1962, kdy se ostrov stal nejbli\u017e\u0161\u00edm d\u011bji\u0161t\u011bm konfrontace mezi supervelmocemi. V n\u00e1sleduj\u00edc\u00edch desetilet\u00edch Havana projevovala solidaritu \u2013 vojenskou, l\u00e9ka\u0159skou a infrastrukturn\u00ed \u2013 nov\u011b vznikaj\u00edc\u00edm marxistick\u00fdm vl\u00e1d\u00e1m v Africe a podporovala glob\u00e1ln\u00ed revolu\u010dn\u00ed s\u00ed\u0165, i kdy\u017e se ostrov pot\u00fdkal s akutn\u00edm nedostatkem doma.<\/p>\n<p>Rozpad Sov\u011btsk\u00e9ho svazu v roce 1991 spustil na Kub\u011b \u201ezvl\u00e1\u0161tn\u00ed obdob\u00ed\u201c, ekonomickou katastrofu charakterizovanou nedostatkem energie, \u00fapadkem zem\u011bd\u011blstv\u00ed a t\u011b\u017ekostmi ve m\u011bstech. Cestovn\u00ed ruch se stal d\u016fle\u017eit\u00fdm, i kdy\u017e nerovnom\u011brn\u00fdm motorem p\u0159\u00edjm\u016f a nakonec zast\u00ednil v\u00fdvoz cukru, tab\u00e1ku a k\u00e1vy. Soci\u00e1ln\u00ed ukazatele mezit\u00edm z\u016fstaly ne\u010dekan\u011b siln\u00e9: gramotnost prudce vzrostla, kojeneck\u00e1 \u00famrtnost klesla pod region\u00e1ln\u00ed normy a d\u00e9lka \u017eivota se vyrovnala bohat\u0161\u00edm soused\u016fm. Univerz\u00e1ln\u00ed zdravotn\u00ed p\u00e9\u010de a bezplatn\u00e9 vzd\u011bl\u00e1n\u00ed \u2013 z\u00e1kladn\u00ed kameny revolu\u010dn\u00ed politiky \u2013 p\u0159etrv\u00e1valy navzdory chronick\u00e9mu nedostatku vybaven\u00ed, n\u00edzk\u00fdm plat\u016fm l\u00e9ka\u0159\u016f a ob\u010dasn\u00e9mu nedostatku l\u00e9k\u016f. Do roku 2008, po t\u00e9m\u011b\u0159 p\u016flstolet\u00ed vl\u00e1dy jednoho mu\u017ee, Fidel Castro postoupil prezidentsk\u00fd \u00fa\u0159ad sv\u00e9mu bratru Ra\u00falovi; v roce 2018 Ra\u00fal zase p\u0159edal prezidentsk\u00fd pl\u00e1\u0161\u0165 Miguelu D\u00edazovi-Canelovi, kter\u00fd v roce 2021 upevnil moc jako prvn\u00ed tajemn\u00edk Komunistick\u00e9 strany.<\/p>\n<p>Kub\u00e1nsk\u00e1 politick\u00e1 architektura zakotvuje v \u00fastav\u011b v\u00fdsadn\u00ed postaven\u00ed komunistick\u00e9 strany. Opozi\u010dn\u00ed hlasy nenach\u00e1zej\u00ed \u017e\u00e1dn\u00fd form\u00e1ln\u00ed kan\u00e1l pro sv\u00e9 uplatn\u011bn\u00ed; p\u0159\u00edsn\u00e1 cenzura a potla\u010dov\u00e1n\u00ed nez\u00e1visl\u00e9 \u017eurnalistiky vedou pozorovatele lidsk\u00fdch pr\u00e1v k tomu, aby ostrov za\u0159adili mezi ty s nejomezuj\u00edc\u00edm dopadem na svobodu tisku. Kub\u00e1nsk\u00e1 spole\u010dnost v\u0161ak rezonuje kulturn\u00ed vitalitou: afro-kub\u00e1nsk\u00e1 hudba a tanec vzkv\u00e9taj\u00ed v ka\u017ed\u00e9 \u010dtvrti; um\u011blci, tane\u010dn\u00edci a sportovci se objevuj\u00ed ve st\u00e1tem podporovan\u00fdch programech, kter\u00e9 sahaj\u00ed a\u017e k porevolu\u010dn\u00edm kampan\u00edm za gramotnost a kulturu. Havansk\u00e9 barokn\u00ed kostely \u2013 Bazilika San Francisco a opevn\u011bn\u00e1 pevnost Castillo del Pr\u00edncipe \u2013 stoj\u00ed vedle modernistick\u00fdch pam\u00e1tek, jako je budova Kapitolu, a v\u011b\u017ee z poloviny minul\u00e9ho stolet\u00ed, jako je Habana Libre. M\u011bstsk\u00e1 struktura tak vypr\u00e1v\u00ed dialog mezi koloni\u00e1ln\u00edm barokem, republik\u00e1nskou vzne\u0161enost\u00ed a sov\u011btsk\u00fdm funkcionalismem, zat\u00edmco v posledn\u00edch desetilet\u00edch vznikaj\u00ed nov\u00e9 hotely ze skla a oceli, kter\u00e9 se p\u0159ikl\u00e1n\u011bj\u00ed k sou\u010dasn\u00e9mu glob\u00e1ln\u00edmu designu.<\/p>\n<p>Fyzick\u00e9 kontury ostrova utv\u00e1\u0159ej\u00ed jeho klima a zranitelnost. Ji\u017en\u011b od obratn\u00edku Raka se Kuba vyh\u0159\u00edv\u00e1 v tropick\u00e9m teple, jeho severov\u00fdchodn\u00ed pas\u00e1ty zm\u00edr\u0148uj\u00ed horko a Karibsk\u00e9 proud\u011bn\u00ed p\u0159in\u00e1\u0161\u00ed m\u00edrn\u011b oh\u0159\u00e1t\u00e9 vody. V lednu se pr\u016fm\u011brn\u00e9 teploty pohybuj\u00ed kolem 21 \u00b0C; v \u010dervenci stoupaj\u00ed zhruba na 27 \u00b0C. Sr\u00e1\u017eky osciluj\u00ed mezi obdob\u00edm sucha \u2013 listopad a\u017e duben \u2013 a vlhk\u00fdmi m\u011bs\u00edci od kv\u011btna do \u0159\u00edjna, kdy se st\u00e1v\u00e1 rutinou chystaj\u00edc\u00ed se atlantick\u00e9 bou\u0159e. Z\u00e1\u0159\u00ed a \u0159\u00edjen se \u0159ad\u00ed k vrchol\u016fm sez\u00f3ny hurik\u00e1n\u016f, co\u017e je\u0161t\u011b podtrhl hn\u011bv hurik\u00e1nu Irma v z\u00e1\u0159\u00ed 2017: v\u00edtr p\u0159esahuj\u00edc\u00ed 260 km\/h se prohnal souostrov\u00edm Camag\u00fcey, p\u0159eru\u0161il dod\u00e1vky elekt\u0159iny pod\u00e9l velk\u00e9 \u010d\u00e1sti severn\u00edho pob\u0159e\u017e\u00ed a zp\u016fsobil struktur\u00e1ln\u00ed \u0161kody, kter\u00e9 si vy\u017e\u00e1daly rozs\u00e1hlou evakuaci. Bylo hl\u00e1\u0161eno deset ob\u011bt\u00ed, z toho sedm v Havan\u011b uprost\u0159ed z\u0159\u00edcen\u00fdch budov a zaplaven\u00fdch ulic. Turistick\u00e9 enkl\u00e1vy hlavn\u00edho m\u011bsta, od Varadera a\u017e po ostrovy pod\u00e9l severn\u00edho pob\u0159e\u017e\u00ed, nesly jizvy, kter\u00e9 vl\u00e1da sl\u00edbila opravit p\u0159ed za\u010d\u00e1tkem hlavn\u00ed sez\u00f3ny \u2013 co\u017e sv\u011bd\u010d\u00ed o ekonomick\u00e9m \u00fast\u0159edn\u00edm v\u00fdznamu cestovn\u00edho ruchu.<\/p>\n<p>Klimatick\u00e1 zm\u011bna tato rizika zhor\u0161uje stoupaj\u00edc\u00ed hladina mo\u0159e, m\u011bn\u00edc\u00ed se sr\u00e1\u017eky a zesiluj\u00edc\u00ed se bou\u0159e ohro\u017euj\u00edc\u00ed zem\u011bd\u011blstv\u00ed, lesnictv\u00ed a cestovn\u00ed ruch \u2013 odv\u011btv\u00ed, kter\u00e1 jsou z\u00e1visl\u00e1 na p\u0159edv\u00eddateln\u00fdch sr\u00e1\u017ek\u00e1ch a stabilit\u011b pob\u0159e\u017e\u00ed. Zaji\u0161t\u011bn\u00ed vodn\u00edch zdroj\u016f je nejist\u00e9; vy\u0161\u0161\u00ed teploty by mohly zv\u00fd\u0161it v\u00fdskyt kardiovaskul\u00e1rn\u00edch, respira\u010dn\u00edch a virov\u00fdch onemocn\u011bn\u00ed u populace. V reakci na to \u00fa\u0159ady p\u0159ijaly iniciativy v oblasti obnoviteln\u00fdch zdroj\u016f energie a adaptace zalo\u017een\u00e9 na ekosyst\u00e9mech, jako je obnova mangrovov\u00fdch porost\u016f s c\u00edlem zm\u00edrnit dopady bou\u0159kov\u00fdch vln.<\/p>\n<p>Kub\u00e1nsk\u00e1 ekonomika zt\u011bles\u0148uje st\u00e1tn\u00ed p\u0159evahu: v\u00edce ne\u017e t\u0159i \u010dtvrtiny jej\u00ed pracovn\u00ed s\u00edly pracuj\u00ed ve ve\u0159ejn\u00e9m sektoru, kter\u00fd prost\u0159ednictv\u00edm vl\u00e1dn\u00edch v\u00fddaj\u016f absorbuje p\u0159ibli\u017en\u011b osmdes\u00e1t procent hrub\u00e9ho dom\u00e1c\u00edho produktu. Od za\u010d\u00e1tku roku 2010 m\u00edrn\u00e9 tr\u017en\u00ed reformy vedly k r\u016fstu soukrom\u00e9ho sektoru a do poloviny prvn\u00edho desetilet\u00ed 21. stolet\u00ed posunuly pod\u00edl zam\u011bstnanosti na zhruba dvaceti procentech. Firmy naj\u00edmaj\u00edc\u00ed Kub\u00e1nce poukazuj\u00ed mzdy v kub\u00e1nsk\u00fdch pesos prost\u0159ednictv\u00edm st\u00e1tn\u00edch v\u00fdplatn\u00edch p\u00e1sek; minim\u00e1ln\u00ed m\u011bs\u00ed\u010dn\u00ed mzda se pohybuje kolem 2 100 pesos (zhruba osmdes\u00e1t jedna americk\u00fdch dolar\u016f) s medi\u00e1nem bl\u00ed\u017e\u00edc\u00edm se 4 000 pesos (asi sto pades\u00e1t p\u011bt dolar\u016f). P\u0159\u00edjmy z cestovn\u00edho ruchu, v\u00fdvoz kvalifikovan\u00e9 pracovn\u00ed s\u00edly a remitence jsou z\u00e1kladem ekonomiky, p\u0159esto v\u00edce ne\u017e osmdes\u00e1t osm procent Kub\u00e1nc\u016f \u017eije v podm\u00ednk\u00e1ch, kter\u00e9 Kub\u00e1nsk\u00e1 observato\u0159 pro lidsk\u00e1 pr\u00e1va definuje jako extr\u00e9mn\u00ed chudobu \u2013 realitu formovanou p\u0159\u00edd\u011blov\u00fdm syst\u00e9mem, kter\u00fd omezuje rozmanitost stravy a zvy\u0161uje nedostatek mikro\u017eivin.<\/p>\n<p>Kub\u00e1nsk\u00e1 kuchyn\u011b odr\u00e1\u017e\u00ed f\u00fazi ibersk\u00fdch a karibsk\u00fdch tradic: maso s p\u0159\u00edchut\u00ed \u010desneku, km\u00ednu, oregana a bobkov\u00e9ho listu se pomalu va\u0159\u00ed v lehk\u00fdch om\u00e1\u010dk\u00e1ch; \u010dern\u00e9 fazole a r\u00fd\u017ee \u2013 moros y cristianos \u2013 dopl\u0148uj\u00ed plantainy a \u010derstv\u00fd chl\u00e9b; ropa vieja, trhan\u00e9 hov\u011bz\u00ed maso v raj\u010datov\u00e9 om\u00e1\u010dce, evokuje \u0161pan\u011blsk\u00e9 du\u0161en\u00e9 pokrmy p\u0159edk\u016f. Nedostatek potravin a p\u0159\u00edd\u011blov\u00fd syst\u00e9m v\u0161ak diktuj\u00ed velkou \u010d\u00e1st ka\u017edodenn\u00edho \u017eivota a st\u00e1tn\u00ed p\u0159\u00edd\u011blov\u00fd syst\u00e9m poskytuje skromn\u00e9 \u200b\u200bporce, kter\u00e9 jen z\u0159\u00eddka sta\u010d\u00ed k spln\u011bn\u00ed nutri\u010dn\u00edch standard\u016f stanoven\u00fdch mezin\u00e1rodn\u00edmi agenturami. V\u0161udyp\u0159\u00edtomn\u00e9 pouli\u010dn\u00ed d\u017eusy v\u0161ak symbolizuj\u00ed hojnost uprost\u0159ed nedostatku \u2013 guava, mango a guan\u00e1bana se lisuj\u00ed do sklenic, kter\u00e9 turist\u00e9 pop\u00edjej\u00ed na promen\u00e1d\u00e1ch Malec\u00f3nu nebo v kav\u00e1rn\u00e1ch u silnice.<\/p>\n<p>Lidsk\u00e1 mozaika Kuby se nej\u017eiv\u011bji odhaluje za zdoben\u00fdmi fas\u00e1dami Havany. V \u00fadol\u00ed Vi\u00f1ales p\u0159etrv\u00e1vaj\u00ed tradice p\u011bstov\u00e1n\u00ed tab\u00e1ku pod v\u00e1pencov\u00fdmi mogoty, kter\u00e9 lemuj\u00ed zelen\u00e9 pl\u00e1n\u011b; pole uspo\u0159\u00e1dan\u00e1 do \u0161achovnicov\u00fdch vzor\u016f odr\u00e1\u017eej\u00ed stalet\u00ed star\u00e9 zem\u011bd\u011blsk\u00e9 metody, kter\u00e9 si v roce 1999 vyslou\u017eily uzn\u00e1n\u00ed UNESCO jako kulturn\u00ed krajina. Svahy Sierry Maestry, kdysi stezky revolu\u010dn\u00edch guerill, nyn\u00ed l\u00e1kaj\u00ed neboj\u00e1cn\u00e9 horolezce, kte\u0159\u00ed hledaj\u00ed nedot\u010denou divo\u010dinu a panoramatick\u00e9 v\u00fdhledy. Kor\u00e1lov\u00e9 \u00fatesy na pob\u0159e\u017e\u00ed se hem\u017e\u00ed mo\u0159sk\u00fdm \u017eivotem v Z\u00e1toce svin\u00ed \u2013 ironicky pojmenovan\u00e9 po ne\u00fasp\u011b\u0161n\u00e9 invazi v roce 1961, ale dnes oslavovan\u00e9 pro mo\u017enosti pot\u00e1p\u011bn\u00ed \u2013 a v souostrov\u00ed Jardines de la Reina, kde pono\u0159en\u00e9 trose\u010dn\u00edky historie ustupuj\u00ed kaleidoskopick\u00fdm ryb\u00e1m a \u017eelv\u00e1m.<\/p>\n<p>Kub\u00e1nsk\u00e1 pohostinnost p\u0159esahuje hranice resortn\u00edch enkl\u00e1v \u2013 segregovan\u00fdch prostor\u016f, kter\u00e9 se kdysi naz\u00fdvaly \u201eturistick\u00fdm apartheidem\u201c \u2013 a vzkv\u00e9t\u00e1 v casas particulares, rodinn\u00fdch \u00fato\u010di\u0161t\u00edch, kter\u00e1 otev\u00edraj\u00ed br\u00e1ny do soukrom\u00fdch dvork\u016f a autentick\u00e9 v\u00fdm\u011bny. V provin\u010dn\u00edch m\u011bstech host\u00ed n\u00e1m\u011bst\u00ed m\u011bstsk\u00e1 muzea zachycuj\u00edc\u00ed m\u00edstn\u00ed historii od ko\u0159en\u016f domorod\u00fdch obyvatel a\u017e po revolu\u010dn\u00ed ot\u0159esy, zat\u00edmco kulturn\u00ed centra po\u0159\u00e1daj\u00ed afro-kub\u00e1nsk\u00e1 tane\u010dn\u00ed vystoupen\u00ed, kter\u00e1 pulzuj\u00ed rytmy star\u00fdmi jako samotn\u00fd ostrov. V noci si t\u0159pytiv\u00e9 revue v Tropican\u011b zachov\u00e1vaj\u00ed poz\u016fstatky lesku 50. let \u2013 obsluhu u stolu, zdoben\u00e9 kost\u00fdmy a \u017eiv\u00e9 trubky \u2013 evokuj\u00edc\u00ed dobu, kdy se impres\u00e1riov\u00e9 propojen\u00ed s mafi\u00ed m\u00edsili s havanskou elitou pod kym\u00e1cej\u00edc\u00edmi se palmami.<\/p>\n<p>Proch\u00e1zet se havansk\u00fdmi ulicemi za soumraku je jako proch\u00e1zet samotn\u00fdm \u010dasem: pastelov\u00e9 zdi star\u00e9 Havany sv\u011bd\u010d\u00ed o koloni\u00e1ln\u00edm baroku a neoklasicistn\u00edch ambic\u00edch; nedalek\u00e1 Focsa a dal\u0161\u00ed v\u011b\u017ee z poloviny minul\u00e9ho stolet\u00ed nazna\u010duj\u00ed aspirace modernity p\u0159eru\u0161en\u00e9 revoluc\u00ed. Auta z minul\u00fdch dob se proj\u00ed\u017ed\u011bj\u00ed po \u0161irok\u00fdch t\u0159\u00edd\u00e1ch; obchodn\u00edci prod\u00e1vaj\u00ed tropick\u00e9 ovoce z d\u0159ev\u011bn\u00fdch voz\u00edk\u016f; t\u00f3ny sonu a rumby se linou oblouky. Zde ka\u017ed\u00e1 dla\u017eebn\u00ed kostka a kolon\u00e1da rezonuj\u00ed vrstevnatou histori\u00ed.<\/p>\n<p>Sou\u010dasn\u00fd n\u00e1v\u0161t\u011bvn\u00edk by se v\u0161ak m\u011bl vydat za hranice pohlednicov\u00fdch v\u00fdhled\u016f. Na venkov\u011b odhaluje rozhovor s farm\u00e1\u0159i na trz\u00edch zam\u011b\u0159en\u00fdch na zisk odoln\u00e9 podnik\u00e1n\u00ed uprost\u0159ed nedostatku. V odlehl\u00fdch \u010dtvrt\u00edch pulzuj\u00ed m\u00edstn\u00ed kluby kub\u00e1nsk\u00fdm reggae a rapem a vytv\u00e1\u0159ej\u00ed nov\u00e9 hudebn\u00ed p\u0159\u00edb\u011bhy na tradi\u010dn\u00edch z\u00e1kladech. Na Playa Para\u00edso a v jeskyni Saturno k\u0159i\u0161\u0165\u00e1lov\u011b \u010dist\u00e9 vody zvou k odpo\u010dinku i objevov\u00e1n\u00ed, zat\u00edmco ba\u017eina Zapata a vodop\u00e1dy El Nicho se rozkl\u00e1daj\u00ed jako p\u0159\u00edrodn\u00ed katedr\u00e1ly biodiverzity \u2013 m\u00edsta, kam plasty a hluk pronikaj\u00ed jen z\u0159\u00eddka.<\/p>\n<p>Kub\u00e1nsk\u00fd architektonick\u00fd kaleidoskop \u2013 koloni\u00e1ln\u00ed pevnosti a kostely, republik\u00e1nsk\u00e9 kapitoly a hotely, bytov\u00e9 domy ovlivn\u011bn\u00e9 Sov\u011btsk\u00fdm svazem a t\u0159pytiv\u00e9 nov\u00e9 resorty \u2013 mapuje ideologick\u00e9 a estetick\u00e9 posuny ostrova. Za cihlami a maltou se v\u0161ak skr\u00fdv\u00e1 \u017eivouc\u00ed architektura zvyk\u016f: komunitn\u00ed krou\u017eky pro podporu gramotnosti, st\u00e1tem sponzorovan\u00e9 sportovn\u00ed \u0161koly, baletn\u00ed akademie, kter\u00e9 vychovaly tane\u010dn\u00edky sv\u011btov\u00e9 \u00farovn\u011b, a bezplatn\u00e9 zdravotn\u00ed kliniky, kde se o ka\u017ed\u00e9ho ob\u010dana staraj\u00ed l\u00e9ka\u0159i vy\u0161kolen\u00ed doma i v zahrani\u010d\u00ed.<\/p>\n<p>Tento mnohotv\u00e1rn\u00fd n\u00e1rod zpochyb\u0148uje povrchn\u00ed charakterizace. Je z\u00e1rove\u0148 maj\u00e1kem spole\u010densk\u00fdch \u00fasp\u011bch\u016f v oblasti gramotnosti a zdrav\u00ed, zkou\u0161e\u010dkou geopolitiky studen\u00e9 v\u00e1lky, oblast\u00ed trval\u00e9ho kulturn\u00edho synkretismu a krajinou \u00fachvatn\u00e9 kr\u00e1sy i p\u0159etrv\u00e1vaj\u00edc\u00edch str\u00e1d\u00e1n\u00ed. Setkat se s Kubou znamen\u00e1 sm\u00ed\u0159it se s jej\u00edmi rozpory \u2013 b\u00fdt sv\u011bdkem jak v\u0161ednosti ka\u017edodenn\u00edho p\u0159e\u017eit\u00ed, tak mimo\u0159\u00e1dn\u00e9 vitality lidu, kter\u00fd s hou\u017eevnatost\u00ed a gr\u00e1ci\u00ed p\u0159e\u010dkal dobyt\u00ed, revoluci a embargo. V ka\u017ed\u00e9m \u00fadol\u00ed, malebn\u00e9 ulici a kav\u00e1rn\u011b, na ka\u017ed\u00e9m koncert\u011b klasick\u00e9 hudby a rolnick\u00e9m poli \u010dlov\u011bk vn\u00edm\u00e1 p\u0159\u00edb\u011bh, kter\u00fd nen\u00ed ani statick\u00fd, ani monolitick\u00fd, ale sp\u00ed\u0161e dynamickou tapiseri\u00ed utkanou z pramen\u016f historie, kultury a aspirac\u00ed.<\/p>\n<p>Pro cestovatele, kte\u0159\u00ed se cht\u011bj\u00ed pono\u0159it za hranice letoviskov\u00e9 enkl\u00e1vy, je odm\u011bna rozmanit\u00e1: jantarov\u00e9 sv\u011btlo Vi\u00f1ales za \u00fasvitu; tich\u00e1 \u00facta k mauzoleu Che Guevary; energie sousedsk\u00e9 rumby; ticho mlhou zahalen\u00e9 stezky v Sierra Maestra. Trp\u011blivost a respekt v\u0161ak z\u016fst\u00e1vaj\u00ed nezbytn\u00e9 \u2013 otev\u0159enost v\u016f\u010di rozpor\u016fm, ochota sv\u011bd\u010dit o realit\u011b, kter\u00e1 se skr\u00fdv\u00e1 za pohlednic\u00ed. Kuba neodhaluje sv\u00e1 tajemstv\u00ed na prvn\u00ed pohled; vy\u017eaduje, aby se n\u00e1v\u0161t\u011bvn\u00edk d\u00edval, naslouchal a u\u010dil se. P\u0159itom zahl\u00e9dne nejen ostrovn\u00ed n\u00e1rod, ale i kalic\u00ed kotel lidsk\u00e9 odolnosti, kreativity a p\u0159esv\u011bd\u010den\u00ed \u2013 m\u00edsto, kde proudy historie nad\u00e1le utv\u00e1\u0159ej\u00ed p\u0159\u00edliv a odliv sou\u010dasnosti.<\/p>","protected":false},"excerpt":{"rendered":"<p>S v\u00edce ne\u017e 10 miliony obyvatel je Kuba \u2013 ofici\u00e1ln\u011b zn\u00e1m\u00e1 jako Kub\u00e1nsk\u00e1 republika \u2013 t\u0159et\u00ed nejlidnat\u011bj\u0161\u00ed zem\u00ed Karibiku. Kuba se nach\u00e1z\u00ed na setk\u00e1n\u00ed Atlantiku, Mexick\u00e9ho z\u00e1livu a severn\u00edho Karibsk\u00e9ho mo\u0159e a je rozlohou nejv\u011bt\u0161\u00edm ostrovem v Karibiku. Spolu s mnoha dal\u0161\u00edmi men\u0161\u00edmi ostrovy, ostr\u016fvky a mysy celkov\u00fd po\u010det ostrov\u016f v zemi p\u0159esahuje 4 195. Hlavn\u00edm ostrovem Kuby je Isla de la Juventud. Kuba m\u00e1 strategickou polohu na v\u00fdchod\u011b mexick\u00e9ho poloostrova Yucat\u00e1n, ji\u017en\u011b od Floridy a Baham, z\u00e1padn\u011b od Hispanioly, kter\u00e1 zahrnuje Haiti a Dominik\u00e1nskou republiku, a severn\u011b od Jamajky a Kajmansk\u00fdch ostrov\u016f. Nejv\u011bt\u0161\u00edm m\u011bstem v zemi a centrem politick\u00e9ho a kulturn\u00edho d\u011bn\u00ed je hlavn\u00ed m\u011bsto Havana.<\/p>","protected":false},"author":1,"featured_media":4949,"parent":24084,"menu_order":0,"comment_status":"closed","ping_status":"closed","template":"elementor_theme","meta":{"_eb_attr":"","footnotes":""},"class_list":["post-9209","page","type-page","status-publish","has-post-thumbnail"],"_links":{"self":[{"href":"https:\/\/travelshelper.com\/cs\/wp-json\/wp\/v2\/pages\/9209","targetHints":{"allow":["GET"]}}],"collection":[{"href":"https:\/\/travelshelper.com\/cs\/wp-json\/wp\/v2\/pages"}],"about":[{"href":"https:\/\/travelshelper.com\/cs\/wp-json\/wp\/v2\/types\/page"}],"author":[{"embeddable":true,"href":"https:\/\/travelshelper.com\/cs\/wp-json\/wp\/v2\/users\/1"}],"replies":[{"embeddable":true,"href":"https:\/\/travelshelper.com\/cs\/wp-json\/wp\/v2\/comments?post=9209"}],"version-history":[{"count":0,"href":"https:\/\/travelshelper.com\/cs\/wp-json\/wp\/v2\/pages\/9209\/revisions"}],"up":[{"embeddable":true,"href":"https:\/\/travelshelper.com\/cs\/wp-json\/wp\/v2\/pages\/24084"}],"wp:featuredmedia":[{"embeddable":true,"href":"https:\/\/travelshelper.com\/cs\/wp-json\/wp\/v2\/media\/4949"}],"wp:attachment":[{"href":"https:\/\/travelshelper.com\/cs\/wp-json\/wp\/v2\/media?parent=9209"}],"curies":[{"name":"wp","href":"https:\/\/api.w.org\/{rel}","templated":true}]}}