{"id":9194,"date":"2024-09-07T17:03:29","date_gmt":"2024-09-07T17:03:29","guid":{"rendered":"https:\/\/travelshelper.com\/staging\/?page_id=9194"},"modified":"2026-03-13T15:14:19","modified_gmt":"2026-03-13T15:14:19","slug":"dominika","status":"publish","type":"page","link":"https:\/\/travelshelper.com\/cs\/destinations\/north-america\/dominica\/","title":{"rendered":"Dominika"},"content":{"rendered":"<p>Dominika se ty\u010d\u00ed z Karibsk\u00e9ho mo\u0159e jako kompaktn\u00ed suver\u00e9nn\u00ed republika o rozloze sotva 750 kilometr\u016f \u010dtvere\u010dn\u00edch. S\u010d\u00edt\u00e1n\u00ed lidu z roku 2011 zaznamenalo 71 293 obyvatel. P\u0159esto se za touto skromnou velikost\u00ed skr\u00fdv\u00e1 mimo\u0159\u00e1dn\u00e1 tapiserie sope\u010dn\u00fdch vrchol\u016f, zelen\u00fdch \u00fadol\u00ed a kultury formovan\u00e9 tis\u00edcilet\u00edmi lidsk\u00e9 cesty. Na z\u00e1padn\u00edm pob\u0159e\u017e\u00ed ostrova, uhn\u00edzd\u011bn\u00e9m mezi francouzsk\u00fdmi z\u00e1mo\u0159sk\u00fdmi departementy Guadeloupe na severoz\u00e1pad\u011b a Martinikem na jihov\u00fdchod\u011b, se nach\u00e1z\u00ed hlavn\u00ed m\u011bsto Roseau s p\u0159ibli\u017en\u011b 14 725 obyvateli, zat\u00edmco Portsmouth, d\u00e1le na sever, ukr\u00fdv\u00e1 4 167 obyvatel. Morne Diablotins, pronikaj\u00edc\u00ed mraky ve v\u00fd\u0161ce 1 447 metr\u016f, dominuje vnitrozem\u00ed; jedin\u00fd pohled na takov\u00e9 nadmo\u0159sk\u00e9 v\u00fd\u0161ky vystihuje topografick\u00e9 drama ostrova. S d\u00e9lkou \u010dty\u0159iceti sedmi kilometr\u016f od \u0161pi\u010dky k \u0161pi\u010dk\u011b a \u0161\u00ed\u0159kou dvaceti \u0161esti kilometr\u016f Dominika zhu\u0161\u0165uje vzne\u0161enost hornat\u00e9 \u0159\u00ed\u0161e do prostoru men\u0161\u00edho ne\u017e mnoho m\u011bstsk\u00fdch center.<\/p>\n<p>Kdy\u017e arawa\u010dt\u00ed mo\u0159eplavci v p\u00e1t\u00e9m stolet\u00ed poprv\u00e9 p\u0159ist\u00e1li na jeho b\u0159ehu, hust\u00e9 lesy se musely t\u00e1hnout bez p\u0159eru\u0161en\u00ed; do patn\u00e1ct\u00e9ho stolet\u00ed Kalinago vytla\u010dilo tyto prvn\u00ed osadn\u00edky k mo\u0159i a formovalo spole\u010dnost jemn\u011b nalad\u011bnou na \u0159\u00ed\u010dn\u00ed koridory a pob\u0159e\u017en\u00ed enkl\u00e1vy. Kry\u0161tof Kolumbus, kter\u00fd 3. listopadu 1493 spat\u0159il pevninu, tyto domorod\u00e9 p\u0159\u00edb\u011bhy p\u0159ehl\u00e9dl ve sv\u00fdch transatlantick\u00fdch map\u00e1ch. Evropsk\u00e1 konkurence se odehr\u00e1vala po dv\u011b stolet\u00ed: francouz\u0161t\u00ed plant\u00e1\u017en\u00edci v 90. letech 17. stolet\u00ed p\u0159ivezli z\u00e1padoafrick\u00e9 zajatce, aby d\u0159eli na k\u00e1vov\u00fdch plant\u00e1\u017e\u00edch, jen aby Brit\u00e1nie p\u0159evzala kontrolu v roce 1763. Pod anglickou nadvl\u00e1dou se jazyk ostrova zm\u011bnil; jeho politick\u00fd osud se nakonec stal republik\u00e1nsk\u00fdm v roce 1978, kdy se zformovala samospr\u00e1va, kter\u00e1 vt\u00e1hla svobodn\u011b narozen\u00e9 dominik\u00e1nsk\u00e9 obyvatele do Commonwealthu a \u0159ady mezin\u00e1rodn\u00edch organizac\u00ed.<\/p>\n<p>Vulkanismus z\u016fst\u00e1v\u00e1 architektem modern\u00ed Dominiky a \u010din\u00ed ji nejmlad\u0161\u00ed z Mal\u00fdch Antil. Fumaroly sy\u010d\u00ed pobl\u00ed\u017e Morne Trois Pitons a nap\u00e1jej\u00ed podzemn\u00ed vodu, kter\u00e1 trysk\u00e1 z druh\u00e9ho nejv\u011bt\u0161\u00edho hork\u00e9ho pramene na sv\u011bt\u011b, Vrouc\u00edho jezera \u2013 nadpozemsk\u00e9 p\u00e1nve spaluj\u00edc\u00ed p\u00e1ry a bublaj\u00edc\u00edch hlubin. De\u0161tn\u00e9 pralesy se kask\u00e1dovit\u011b sn\u00e1\u0161ej\u00ed po strm\u00fdch svaz\u00edch, p\u0159eru\u0161ovan\u00e9 vodop\u00e1dy, jejich\u017e zur\u010d\u00edc\u00ed jez\u00edrka ukr\u00fdvaj\u00ed druhy, kter\u00e9 se nikde jinde nevyskytuj\u00ed. P\u0159esto na z\u00e1v\u011btrn\u00e9m okraji p\u0159etrv\u00e1v\u00e1 k\u0159ovinat\u00e1 oblast pod su\u0161\u0161\u00ed oblohou, co\u017e sv\u011bd\u010d\u00ed o klimatick\u00fdch kontrastech ostrova. Dva ekoregiony \u2013 vlhk\u00e9 lesy a suchozemsk\u00e9 k\u0159oviny \u2013 podporuj\u00ed \u0159adu fl\u00f3ry, kter\u00e1 zahrnuje i poz\u016fstatky vyhynul\u00fdch druh\u016f na sousedn\u00edch ostrovech. Mezi nimi papou\u0161ek sisserou hn\u00edzd\u00ed v nadmo\u0159sk\u00e9 v\u00fd\u0161ce 2 100 stop v odlehl\u00fdch korun\u00e1ch strom\u016f; jeho fialov\u00e9 pe\u0159\u00ed zdob\u00ed n\u00e1rodn\u00ed vlajku a ozna\u010duje jeden ze dvou panovn\u00edk\u016f, kter\u00e9 nesou fialovou barvu.<\/p>\n<p>Lidsk\u00e9 os\u00eddlen\u00ed obep\u00edn\u00e1 okraj t\u00e9to horsk\u00e9 citadely. Roseau a Portsmouth tvo\u0159\u00ed pob\u0159e\u017en\u00ed uzly; mezi nimi se klikat\u00e9 d\u00e1lnice t\u00e1hnou \u0159\u00ed\u010dn\u00edmi \u00fadol\u00edmi a \u00fatesy lemovan\u00fdmi pob\u0159e\u017e\u00edm. Na za\u010d\u00e1tku roku 2010 byly se zahrani\u010dn\u00ed pomoc\u00ed rekonstruov\u00e1ny dopravn\u00ed tepny Edward Oliver Leblanc a Dr. Nicholas Liverpool, \u010d\u00edm\u017e se sn\u00ed\u017eila izolace, i kdy\u017e obj\u00ed\u017ed\u011bly d\u017eungl\u00ed lemovan\u00e9 svahy. Soukrom\u00e9 minibusy zapl\u0148uj\u00ed \u017e\u00edly denn\u00ed dopravy. Dv\u011b leti\u0161t\u011b, Douglas-Charles a Canefield, spojuj\u00ed Dominiku s Miami a Newarkem, p\u0159i\u010dem\u017e prvn\u00ed z nich byla v roce 2010 roz\u0161\u00ed\u0159ena, aby mohla p\u0159ij\u00edmat i skromn\u011bj\u0161\u00ed trysk\u00e1\u010de; t\u0159et\u00ed leti\u0161t\u011b se ty\u010d\u00ed ve Wesley, jeho\u017e dokon\u010den\u00ed je pl\u00e1nov\u00e1no na rok 2026.<\/p>\n<p>Zranitelnost ostrova v\u016f\u010di hurik\u00e1n\u016fm je v jeho kolektivn\u00ed pam\u011bti zaps\u00e1na do velk\u00e9 m\u00edry. V srpnu 1979 hurik\u00e1n David, bou\u0159e 4. kategorie, zpusto\u0161il infrastrukturu i \u00farodu. Dean dorazil v roce 2007 jako slab\u0161\u00ed bou\u0159e, ale sesuvy p\u016fdy zp\u016fsoben\u00e9 de\u0161ti si vy\u017e\u00e1daly \u017eivoty a srovnaly se zem\u00ed ban\u00e1nov\u00e9 h\u00e1je. Do roku 2015 tropick\u00e1 bou\u0159e Erika zp\u016fsobila rozvodn\u011bn\u00e9 \u0159eky a sesuvy p\u016fdy masov\u00e9 evakuace, kter\u00e9 zp\u016fsobily \u0161kody ve v\u00fd\u0161i 90 procent ro\u010dn\u00edho HDP. O dva roky pozd\u011bji zp\u016fsobila Maria, kter\u00e1 zp\u016fsobila hurik\u00e1n 5. kategorie, ztr\u00e1ty ve v\u00fd\u0161i 226 procent HDP \u2013 pohroma, z n\u00ed\u017e se zotaven\u00ed uk\u00e1zalo jako obt\u00ed\u017en\u00e9.<\/p>\n<p>Ekonomick\u00fd \u017eivot se kdysi to\u010dil kolem ban\u00e1n\u016f a na za\u010d\u00e1tku prvn\u00edho desetilet\u00ed 21. stolet\u00ed zam\u011bstn\u00e1val t\u00e9m\u011b\u0159 t\u0159etinu pracuj\u00edc\u00edch. Kol\u00edsav\u00e9 po\u010das\u00ed a glob\u00e1ln\u00ed ceny brzy u\u010dinily tuto monokulturu nejistou. Pot\u00e9, co v roce 2009 zru\u0161ily preferen\u010dn\u00ed cla, se \u00fa\u0159ady zam\u011b\u0159ily na k\u00e1vu, pa\u010duli, aloe vera, \u0159ezan\u00e9 kv\u011bty, mango, guavu a pap\u00e1ju \u2013 a sna\u017eily se o\u017eivit ekoturistickou ekonomiku. R\u016fst se v polovin\u011b desetilet\u00ed obnovil, v roce 2005 vzrostl o v\u00edce ne\u017e t\u0159i procenta a v roce 2006 dos\u00e1hl \u010dty\u0159 procent, a to d\u00edky stavebnictv\u00ed, slu\u017eb\u00e1m a za\u010d\u00ednaj\u00edc\u00edmu cestovn\u00edmu ruchu. HDP na obyvatele v\u0161ak z\u016fstal mezi nejni\u017e\u0161\u00edmi ve v\u00fdchodn\u00edm Karibiku a MMF zaznamenal p\u0159etrv\u00e1vaj\u00edc\u00ed tlak na ve\u0159ejn\u00fd dluh a mezery ve finan\u010dn\u00edm sektoru.<\/p>\n<p>Turismus zalo\u017een\u00fd na p\u0159\u00edrod\u011b se stal vizitkou ostrova. Sirnat\u00fd opar Vrouc\u00edho jezera, mlhou zahalen\u00e1 Emerald Pool, smaragdov\u00e1 sout\u011bska u Titou a zvln\u011bn\u00e9 h\u0159ebeny N\u00e1rodn\u00edho parku Morne Trois Pitons \u2013 zapsan\u00e9ho na seznam pam\u00e1tek UNESCO 4. dubna 1995 \u2013 zvou ty, kte\u0159\u00ed hledaj\u00ed prvotn\u00ed z\u00e1\u017eitky. Sv\u011btl\u00e9 p\u00edsky Calibishie nab\u00edzej\u00ed neobvykl\u00fd odpo\u010dinek na pob\u0159e\u017e\u00ed. Pot\u00e1p\u011b\u010di zkoumaj\u00ed podvodn\u00ed pr\u016fduchy, zat\u00edmco \u0161norchluj\u00edc\u00ed se zdr\u017euj\u00ed uprost\u0159ed \u0161umiv\u00e9ho \u00fatesu Champagne ji\u017en\u011b od Roseau nebo u Scotts Head, kde proudy v\u00ed\u0159\u00ed kolem sope\u010dn\u00e9ho v\u00fdb\u011b\u017eku. Kotvi\u0161t\u011b v\u00fdletn\u00edch lod\u00ed v Roseau p\u0159in\u00e1\u0161ej\u00ed st\u00e1l\u00fd proud n\u00e1v\u0161t\u011bvn\u00edk\u016f, a\u010dkoli v roce 2008 Dominika p\u0159iv\u00edtala pouh\u00fdch 55 800 turist\u016f \u2013 co\u017e je polovina po\u010dtu bl\u00edzk\u00fdch Haiti.<\/p>\n<p>Uprost\u0159ed divo\u010diny prosazuje lidsk\u00e1 kultura dopl\u0148kovou s\u00edlu. Kalinago, d\u011bdici karibsk\u00e9 tradice, ob\u00fdvaj\u00ed \u00fazem\u00ed o rozloze 15 kilometr\u016f \u010dtvere\u010dn\u00edch na v\u00fdchod\u011b a zachov\u00e1vaj\u00ed si vl\u00e1du prost\u0159ednictv\u00edm volen\u00fdch n\u00e1\u010deln\u00edk\u016f. V zrekonstruovan\u00e9 vesnici Kalinago Barana Aut\u00ea se za skromn\u00fd vstupn\u00ed poplatek a ve st\u00ednu honosn\u00e9ho lesa konaj\u00ed \u0159emesln\u00e9 uk\u00e1zky stavby k\u00e1no\u00ed, zpracov\u00e1n\u00ed manioku, pleten\u00ed ko\u0161\u00edk\u016f a bylink\u00e1\u0159stv\u00ed. Nedaleko \u0159eka Massacre p\u0159ipom\u00edn\u00e1 temn\u011bj\u0161\u00ed kapitolu, kdy angli\u010dt\u00ed osadn\u00edci na Svat\u00e9m Kry\u0161tofu masakrovali vesni\u010dany a jejich p\u0159e\u017eiv\u0161\u00ed byli vyhn\u00e1ni do relativn\u00edho \u00fato\u010di\u0161t\u011b Dominiky.<\/p>\n<p>Hudba a tanec o\u017eivuj\u00ed n\u00e1rodn\u00ed kalend\u00e1\u0159. Na Den nez\u00e1vislosti, 3. listopadu, rezonuje Roseau bubnov\u00e1n\u00edm, chor\u00e1ly a tane\u010dn\u00edky v kreolsk\u00fdch od\u011bvech. Od roku 1997 oslavuj\u00ed festivaly jako Creole in the Park a World Creole Music Festival f\u00fazn\u00ed \u017e\u00e1nry: \u201eCadence-lypso\u201c, zrozen\u00fd v roce 1973 pod veden\u00edm souboru Exile One Gordona Hendersona, znamenal tv\u016fr\u010d\u00ed k\u0159i\u017eovatku haitsk\u00fdch, afro-kub\u00e1nsk\u00fdch, evropsk\u00fdch a africk\u00fdch rytm\u016f; jing ping, ostrovn\u00ed lidov\u00e1 hudba poh\u00e1n\u011bn\u00e1 akordeonem, se oz\u00fdv\u00e1 na vesnick\u00fdch n\u00e1m\u011bst\u00edch. Prost\u0159ednictv\u00edm skupin jako WCK a Triple Kay hudebn\u00ed plynulost p\u0159en\u00e1\u0161\u00ed starod\u00e1vn\u00e9 ozv\u011bny do sv\u011b\u017e\u00edho projevu.<\/p>\n<p>I literatura nese dominik\u00e1nsk\u00fd otisk. Jean Rhys, narozen\u00e1 v Roseau, ztv\u00e1rnila jej\u00ed rozt\u0159\u00ed\u0161t\u011bn\u00e9 kreolsk\u00e9 d\u011bdictv\u00ed v rom\u00e1nu \u0160irok\u00e9 Sargasov\u00e9 mo\u0159e, kter\u00fd byl pozd\u011bji \u010dten na pozad\u00ed rom\u00e1nu Phyllis Shand Allfreyov\u00e9 D\u016fm orchidej\u00ed, v\u011brn\u011b zasazen\u00e9ho do prost\u0159ed\u00ed plant\u00e1\u017e\u00ed. I filmov\u00e9 \u0161t\u00e1by hledaly divokou autenticitu ostrova; Pir\u00e1ti z Karibiku: Truhla mrtv\u00e9ho mu\u017ee a Na konci sv\u011bta ztv\u00e1rnili pob\u0159e\u017e\u00ed jako fiktivn\u00ed Pelegosto a zachytili d\u017eungl\u00ed poset\u00e9 \u00fatesy a skryt\u00e9 z\u00e1toky na celuloid.<\/p>\n<p>Kulin\u00e1\u0159sk\u00e1 praxe propojuje historii a krajinu s ka\u017edodenn\u00ed ob\u017eivou. R\u00e1no v Roseau za\u010d\u00edn\u00e1 solen\u00fdmi rybami a \u201ebakes\u201c, sma\u017een\u00fdm t\u011bstem sp\u00e1rovan\u00fdm se su\u0161enou treskou a p\u00e1livou om\u00e1\u010dkou; pouli\u010dn\u00ed prodejci nab\u00edzej\u00ed tyto z\u00e1kladn\u00ed pokrmy spolu s sma\u017een\u00fdm ku\u0159etem, rybami a ovocno-jogurtov\u00fdmi smoothie. Kuku\u0159i\u010dn\u00e1 ka\u0161e slazen\u00e1 kondenzovan\u00fdm ml\u00e9kem nab\u00edz\u00ed jemn\u011bj\u0161\u00ed rann\u00ed j\u00eddlo, zat\u00edmco vejce na toastu p\u0159ipom\u00ednaj\u00ed britsk\u00fd vliv. Du\u0161en\u00e9 hov\u011bz\u00ed nebo ku\u0159ec\u00ed maso ope\u010den\u00e9 na \u010desneku, z\u00e1zvoru, cibuli a bylink\u00e1ch se pod\u00e1v\u00e1 s r\u00fd\u017e\u00ed a hr\u00e1\u0161kem, ban\u00e1ny plantain nebo ko\u0159enovou zeleninou, jako jsou tanya. Vydatn\u00e9 ryb\u00ed v\u00fdvary s knedl\u00edky a mlet\u00fdm zbo\u017e\u00edm p\u0159ipom\u00ednaj\u00ed odkaz pob\u0159e\u017en\u00ed hojnosti.<\/p>\n<p>Pro ty, kter\u00e9 l\u00e1k\u00e1 nam\u00e1havost, jsou tu stezky protk\u00e1vaj\u00edc\u00ed vnitrozem\u00ed od Middle Ham Falls k \u00dadol\u00ed zpusto\u0161en\u00ed a d\u00e1le k jezeru Boiling Lake, co\u017e je nam\u00e1hav\u00e1 osmihodinov\u00e1 okru\u017en\u00ed cesta. Turist\u00e9 odm\u011bn\u00ed svou d\u0159inu v odlehl\u00fdch jez\u00edrk\u00e1ch nebo uprost\u0159ed rokl\u00ed poset\u00fdch gejz\u00edry. Dobrodruzi se mohou projet na kole, sjet na zip-line nebo zdolat kolm\u00e9 skaln\u00ed st\u011bny p\u0159i canyoningov\u00fdch dobrodru\u017estv\u00edch or\u00e1movan\u00fdch \u00fachvatn\u00fdmi panoramaty. Mo\u0159sk\u00e9 \u017eelvy naslouchaj\u00ed vol\u00e1n\u00ed p\u0159edk\u016f mezi dubnem a \u0159\u00edjnem, kdy na pl\u00e1\u017e\u00edch od Mangrovov\u00e9ho z\u00e1livu po Portsmouth hn\u00edzd\u00ed karety jest\u0159\u00e1b\u00ed, ko\u017eatky a zelen\u00e9, kter\u00e9 jsou pozorov\u00e1ny z chr\u00e1n\u011bn\u00fdch vyhl\u00eddek.<\/p>\n<p>Dominik\u00e1nsk\u00e9 resorty roz\u0161i\u0159uj\u00ed sv\u00e9 \u00fato\u010di\u0161t\u011b o l\u00e1ze\u0148sk\u00e9 procedury, kter\u00e9 se revitalizuj\u00ed stejn\u011b pln\u011b jako term\u00e1ln\u00ed prameny ostrova. V Laudatu se nad kask\u00e1dovit\u00fdmi potoky ty\u010d\u00ed mal\u00e9 chatky, kter\u00e9 nab\u00edzej\u00ed odpo\u010dinek p\u0159ed dal\u0161\u00edm rann\u00edm v\u00fdstupem. U Scotts Head strm\u00fd v\u00fdb\u011b\u017eek nab\u00edz\u00ed \u00fachvatn\u00e9 v\u00fdhledy na Karibsk\u00e9 mo\u0159e sm\u011brem k Martiniku, co\u017e p\u0159ipom\u00edn\u00e1 geopolitickou propletenost ostrova.<\/p>\n<p>Nap\u0159\u00ed\u010d stalet\u00edmi ot\u0159es\u016f \u2013 od arawack\u00fdch ohni\u0161\u0165 po koloni\u00e1ln\u00ed plant\u00e1\u017ee, od povst\u00e1n\u00ed otrok\u016f po nez\u00e1vislou demokracii \u2013 si Dominika zachovala jedine\u010dn\u00e9ho ducha. Jej\u00ed lid\u00e9, rozpt\u00fdlen\u00ed mezi pob\u0159e\u017en\u00edmi m\u011bsty a roztrou\u0161en\u00fdmi usedlostmi ve vnitrozem\u00ed, zt\u011bles\u0148uj\u00ed rytmus, kter\u00fd vyva\u017euje komunitn\u00ed vazby s rostouc\u00ed individualitou. Zde, v tomto tavic\u00edm kotli ohn\u011b a vody, lesa a sk\u00e1ly, ka\u017ed\u00fd prvek utv\u00e1\u0159\u00ed trval\u00fd p\u0159\u00edb\u011bh: p\u0159\u00edb\u011bh n\u00e1roda mal\u00e9ho co do velikosti, ale rozlehl\u00e9ho co do charakteru, kter\u00fd st\u00e1le p\u00ed\u0161e sv\u00e9 kapitoly v p\u00e1rou napln\u011bn\u00fdch \u00fasvitech a papou\u0161\u010d\u00edm zp\u011bvu soumraku.<\/p>","protected":false},"excerpt":{"rendered":"<p>Dominika, d\u0159\u00edve ozna\u010dovan\u00e1 jako Dominick\u00e9 spole\u010denstv\u00ed, je ostrovn\u00ed st\u00e1t nach\u00e1zej\u00edc\u00ed se v Karibsk\u00e9m mo\u0159i. Tento ostrov, kter\u00fd se nach\u00e1z\u00ed v \u0159et\u011bzci N\u00e1v\u011btrn\u00fdch ostrov\u016f souostrov\u00ed Mal\u00e9 Antily, je zn\u00e1m\u00fd svou bohatou krajinou a dynamickou kulturou. Roseau, hlavn\u00ed m\u011bsto Dominiky, se nach\u00e1z\u00ed na z\u00e1padn\u00ed stran\u011b ostrova a nab\u00edz\u00ed malebn\u00fd v\u00fdhled na Karibsk\u00e9 mo\u0159e. Ostrov je nejbl\u00ed\u017ee francouzsk\u00fdm z\u00e1mo\u0159sk\u00fdm departement\u016fm Guadeloupe na severoz\u00e1pad\u011b a Martiniku na jihov\u00fdchod\u011b, kter\u00e9 jsou ned\u00edlnou sou\u010d\u00e1st\u00ed Evropsk\u00e9 unie.<\/p>","protected":false},"author":1,"featured_media":3180,"parent":24084,"menu_order":0,"comment_status":"closed","ping_status":"closed","template":"elementor_theme","meta":{"_eb_attr":"","footnotes":""},"class_list":["post-9194","page","type-page","status-publish","has-post-thumbnail"],"_links":{"self":[{"href":"https:\/\/travelshelper.com\/cs\/wp-json\/wp\/v2\/pages\/9194","targetHints":{"allow":["GET"]}}],"collection":[{"href":"https:\/\/travelshelper.com\/cs\/wp-json\/wp\/v2\/pages"}],"about":[{"href":"https:\/\/travelshelper.com\/cs\/wp-json\/wp\/v2\/types\/page"}],"author":[{"embeddable":true,"href":"https:\/\/travelshelper.com\/cs\/wp-json\/wp\/v2\/users\/1"}],"replies":[{"embeddable":true,"href":"https:\/\/travelshelper.com\/cs\/wp-json\/wp\/v2\/comments?post=9194"}],"version-history":[{"count":0,"href":"https:\/\/travelshelper.com\/cs\/wp-json\/wp\/v2\/pages\/9194\/revisions"}],"up":[{"embeddable":true,"href":"https:\/\/travelshelper.com\/cs\/wp-json\/wp\/v2\/pages\/24084"}],"wp:featuredmedia":[{"embeddable":true,"href":"https:\/\/travelshelper.com\/cs\/wp-json\/wp\/v2\/media\/3180"}],"wp:attachment":[{"href":"https:\/\/travelshelper.com\/cs\/wp-json\/wp\/v2\/media?parent=9194"}],"curies":[{"name":"wp","href":"https:\/\/api.w.org\/{rel}","templated":true}]}}