{"id":9187,"date":"2024-09-07T16:46:44","date_gmt":"2024-09-07T16:46:44","guid":{"rendered":"https:\/\/travelshelper.com\/staging\/?page_id=9187"},"modified":"2026-03-13T16:13:12","modified_gmt":"2026-03-13T16:13:12","slug":"boca-chica","status":"publish","type":"page","link":"https:\/\/travelshelper.com\/cs\/destinations\/north-america\/dominican-republic\/boca-chica\/","title":{"rendered":"Boca Chica"},"content":{"rendered":"<p>Obec Boca Chica, kde \u017eije 167 040 du\u0161\u00ed \u2013 104 951 obyvatel m\u011bst a 62 089 ve venkovsk\u00fdch oblastech \u2013 le\u017e\u00ed asi t\u0159icet kilometr\u016f v\u00fdchodn\u011b od Santo Domingo de Guzm\u00e1n na jihov\u00fdchodn\u00edm pob\u0159e\u017e\u00ed Dominik\u00e1nsk\u00e9 republiky; jej\u00ed vody om\u00fdvaj\u00ed jemn\u00fd b\u00edl\u00fd p\u00edsek a chr\u00e1n\u00ed dva drobn\u00e9 ostr\u016fvky, kter\u00e9 vznikly bagrov\u00e1n\u00edm v polovin\u011b stolet\u00ed a jsou chr\u00e1n\u011bny p\u0159\u00edrodn\u00edm kamenn\u00fdm vlnolamem, kter\u00fd odkl\u00e1n\u00ed vlny Atlantiku. Sou\u010dasn\u011b se na panamsk\u00e9m tichomo\u0159sk\u00e9m svahu nach\u00e1z\u00ed dal\u0161\u00ed Boca Chica, kter\u00e1 se nach\u00e1z\u00ed u \u00fast\u00ed \u0159eky Pedregal, dvacet osm kilometr\u016f ji\u017en\u011b od Meziamerick\u00e9 d\u00e1lnice a pades\u00e1t kilometr\u016f od Davidu, a slou\u017e\u00ed jako vstupn\u00ed br\u00e1na do mo\u0159sk\u00e9 rezervace Golfo de Chiriqu\u00ed a jej\u00edho souhv\u011bzd\u00ed kor\u00e1lov\u011b pokryt\u00fdch ostrov\u016f. Ka\u017ed\u00e9 m\u00edsto sd\u00edl\u00ed n\u00e1zev, ale odr\u00e1\u017e\u00ed odli\u0161n\u00e9 kapitoly karibsk\u00e9ho \u017eivota \u2013 jednu zrozenou z ambic\u00ed cukrov\u00fdch plant\u00e1\u017e\u00ed a autokratick\u00e9 n\u00e1dhery, druhou utv\u00e1\u0159enou osi\u0159el\u00fdmi ryb\u00e1\u0159sk\u00fdmi z\u00e1tokami a nedot\u010den\u00fdmi panoramaty \u2013 propojuje geografii, historii a lidsk\u00e9 \u00fasil\u00ed do dvou paraleln\u00edch p\u0159\u00edb\u011bh\u016f o sluncem zalit\u00fdch b\u0159ez\u00edch a neklidn\u00fdch p\u0159\u00edlivech.<\/p>\n<p>Od sv\u00e9ho zalo\u017een\u00ed v roce 1779 jako San Jos\u00e9 de los Llanos pod veden\u00edm brig\u00e1dn\u00edho gener\u00e1la Dona Isidra Peralty y Rojase si dominantn\u00ed Boca Chica tkala zem\u011bd\u011blskou tapiserii, kter\u00e1 definovala jej\u00ed ran\u00e9 existence. Pole cukrov\u00e9 t\u0159tiny se t\u00e1hla do vnitrozem\u00ed a jejich zelen\u00e9 listy se kym\u00e1cely pod tropick\u00fdm sluncem a\u017e do po\u010d\u00e1tku 20. stolet\u00ed, kdy podnikatel Juan Bautista Vicini Burgos vyu\u017eil politick\u00e9ho vlivu k prom\u011bn\u011b krajiny v modern\u00ed plant\u00e1\u017en\u00ed panstv\u00ed. V roce 1916 n\u00e1sledoval st\u00e1tn\u00ed z\u00e1sah, kdy za\u010d\u00ednaj\u00edc\u00ed cukrovar urychlil rozvoj v\u00fdstavbou ml\u00fdn\u016f a bydlen\u00ed pro d\u011bln\u00edky a polo\u017eil z\u00e1klady infrastruktury, kter\u00e1 vyvrcholila v roce 1926 zpevn\u011bnou d\u00e1lnic\u00ed do Santo Dominga. D\u00edky tomuto propojen\u00ed se Boca Chica posunula z odlehl\u00e9 vesni\u010dky na satelit hlavn\u00edho m\u011bsta a zmen\u0161ila fyzick\u00e9 i soci\u00e1ln\u00ed vzd\u00e1lenosti mezi campesinos a obyvateli m\u011bsta.<\/p>\n<p>Politick\u00e1 geografie se znovu zm\u011bnila v listopadu 1932, kdy dikt\u00e1tor Rafael Le\u00f3nidas Trujillo odd\u011blil obec od San Pedro de Macor\u00eds a p\u0159id\u011blil ji N\u00e1rodn\u00edmu distriktu. N\u00e1sleduj\u00edc\u00ed desetilet\u00ed bylo sv\u011bdkem vzestupu Boca Chica do n\u00e1rodn\u00edho v\u00fdznamu: Trujillo nechal postavit velkolep\u00fd hotel \u2013 Hotel Hamaca \u2013 jeho\u017e linie ve stylu art deco a terasy na pl\u00e1\u017ei ohla\u0161ovaly \u00e9ru voln\u00e9ho \u010dasu vyhrazenou pro elitn\u00ed rodiny. Pod\u00e9l pob\u0159e\u017e\u00ed vyr\u016fstaly letn\u00ed vily, dostupn\u00e9 pouze soukrom\u00fdm dostavn\u00edkem nebo automobilem, co\u017e m\u011bstu dod\u00e1valo n\u00e1dech exkluzivity. P\u0159esto tent\u00fd\u017e hotel nabyl historick\u00e9 v\u00e1hy, kdy\u017e v jeho zdech na\u0161el \u00fato\u010di\u0161t\u011b Fulgencio Batista, sesazen\u00fd kub\u00e1nsk\u00fd sil\u00e1k, \u010d\u00edm\u017e se geopolitick\u00e1 rezonance m\u00edsta je\u0161t\u011b v\u00edce zes\u00edlila nad r\u00e1mec pouh\u00e9ho cukru a p\u00edsku.<\/p>\n<p>Atent\u00e1t na Trujilla v roce 1961 otev\u0159el br\u00e1ny privilegi\u00edm a umo\u017enil \u0161irok\u00e9 ve\u0159ejnosti p\u0159\u00edstup na pl\u00e1\u017e, kter\u00e1 byla dosud v\u00fdsadou aristokracie. Ve\u0159ejn\u00e9 autobusy a sd\u00edlen\u00e9 tax\u00edky brzy p\u0159epravovaly davy ze Santo Dominga, pob\u0159e\u017e\u00ed se zv\u011bt\u0161ovalo a davy lid\u00ed l\u00e1kaly k k\u0159i\u0161\u0165\u00e1lov\u011b hn\u011bd\u00fdm hladin\u00e1m a p\u0159\u00edslibu prchav\u00e9ho odpo\u010dinku. N\u00e1v\u0161t\u011bvn\u00edci d\u00edky m\u00edrn\u00e9mu sklonu mo\u0159sk\u00e9ho dna nena\u0161li vodu hlub\u0161\u00ed ne\u017e p\u00e1s na des\u00edtky metr\u016f; nedaleko se do vln v\u0159\u00edvala sladk\u00e1 voda z podzemn\u00ed \u0159eky Brujuelas, kter\u00e1 m\u00edsila s\u016fl se sladkost\u00ed. Uprost\u0159ed t\u00e9to demokratizace hotel Hamaca p\u0159e\u017eil svou p\u016fvodn\u00ed velkolepost, od\u0159\u00edznut\u00fd od \u010dasu a\u017e do roku 1979, kdy zu\u0159ivost hurik\u00e1nu David zav\u0159ela jeho br\u00e1ny a zah\u00e1jila l\u00e9ta opou\u0161t\u011bn\u00ed a m\u00edstn\u00edho hospod\u00e1\u0159sk\u00e9ho poklesu.<\/p>\n<p>Znovuzrozen\u00ed p\u0159ich\u00e1zelo s p\u0159est\u00e1vkami. Opu\u0161t\u011bn\u00e1 silueta hotelu Hamaca, dlouho poz\u016fstatek vybledl\u00fdch sn\u016f, byla nakonec o\u017eivena a jeho pokoje se znovu otev\u0159ely host\u016fm, kte\u0159\u00ed hledali bl\u00edzkost jak ve\u0159ejn\u00e9ho panoramatu, tak soukrom\u00fdch turistick\u00fdch enkl\u00e1v. Obec diverzifikovala sv\u00e9 atrakce: Los Pinos se vyno\u0159il jako p\u00edse\u010dn\u00fd ostr\u016fvek, vytvo\u0159en\u00fd z p\u0159\u00edstavn\u00edch sediment\u016f, l\u00e1kaj\u00edc\u00ed jednodenn\u00ed v\u00fdletn\u00edky k posezen\u00ed v sluncem zalit\u00e9 samot\u011b; La Matica a La Piedra, z nich\u017e vyr\u016fstaj\u00ed mangrovov\u00e9 ostrovy, se staly pta\u010d\u00edmi \u00fato\u010di\u0161ti pro st\u011bhovav\u00e9 i m\u00edstn\u00ed pt\u00e1ky. Dv\u011b mal\u00e9 p\u0159\u00edstavy ubytov\u00e1valy plavidla pluj\u00edc\u00ed ke \u0161norchlovac\u00edm \u00fates\u016fm a ryb\u00e1\u0159sk\u00fdm rev\u00edr\u016fm, zat\u00edmco p\u0159\u00edrodn\u00ed vlnolam zaji\u0161\u0165oval klidn\u00e9 vody ide\u00e1ln\u00ed pro za\u010d\u00e1te\u010dn\u00edky, kte\u0159\u00ed si mohli vyzkou\u0161et \u0161norchlov\u00e1n\u00ed nebo pot\u00e1p\u011bn\u00ed na mo\u0159sk\u00e9m kajaku bez obav z n\u00e1hl\u00fdch vln.<\/p>\n<p>M\u011bsto a pl\u00e1\u017e funguj\u00ed v symbi\u00f3ze. Pod\u00e9l n\u00e1b\u0159e\u017e\u00ed restaurace s venkovn\u00edmi terasami nab\u00edzej\u00ed denn\u00ed \u00falovek a grilovan\u00e9 ryby, zat\u00edmco st\u00e1nky s pizzou zapl\u0148uj\u00ed soumrak aromatick\u00fdm t\u011bstem a bublaj\u00edc\u00edm s\u00fdrem. Prodejci tla\u010d\u00ed voz\u00edky nalo\u017een\u00e9 suven\u00fdry, n\u00e1hrdeln\u00edky z lastur, slam\u011bn\u00fdmi klobouky a drobnostmi uloven\u00fdmi v Karibiku. Bary pulzuj\u00ed zes\u00edlen\u00fdmi rytmy merengue a bachaty od \u00fasvitu do pozdn\u00edch hodin a vedou n\u00e1v\u0161t\u011bvn\u00edky od l\u00edn\u00e9 siesty k no\u010dn\u00edmu vesel\u00ed. Ve\u010der lemuj\u00ed neonov\u00e9 lucerny m\u00edsta kon\u00e1n\u00ed ve\u010d\u00edrk\u016f, kde se host\u00e9 pohupuj\u00ed pod kym\u00e1cej\u00edc\u00edmi se palmami a basy hudby odr\u00e1\u017eej\u00ed vln\u00edc\u00ed se p\u0159\u00edliv.<\/p>\n<p>Praktick\u00e1 cesta k tomuto pob\u0159e\u017en\u00edmu m\u00edstu z\u016fst\u00e1v\u00e1 snadn\u00e1. Ze severoamerick\u00fdch nebo kanadsk\u00fdch bran si cestovatel\u00e9 zajist\u00ed levn\u00e9 lety na leti\u0161t\u011b v Punta Cana nebo Las Am\u00e9ricas a pot\u00e9 se tax\u00edkem za fixn\u00ed cenu p\u0159eprav\u00ed do Boca Chica \u2013 \u010dasto v r\u00e1mci zahrnut\u00fdch z\u00e1jezd\u016f. N\u00e1mo\u0159n\u00edci pluj\u00edc\u00ed z Portorika si mohou zvolit trajekt do Santo Dominga a pot\u00e9 se po silnici dostat na pl\u00e1\u017e. Na m\u00edst\u011b je k dispozici mo\u017enost p\u011b\u0161\u00ed turistiky, kter\u00e1 nab\u00edz\u00ed intimitu m\u00edstn\u00edho \u017eivota, zat\u00edmco pron\u00e1jem motorov\u00e9ho \u010dlunu poskytuje rychl\u00fd p\u0159\u00edstup k ostr\u016fvk\u016fm a m\u00edst\u016fm pro \u0161norchlov\u00e1n\u00ed. Pro ty, kte\u0159\u00ed d\u00e1vaj\u00ed p\u0159ednost doprovodn\u00e9 bezpe\u010dnosti, jsou k dispozici taxi do koloni\u00e1ln\u00edho m\u011bsta Santo Dominga s pevn\u011b stanoven\u00fdmi poplatky \u2013 \u010dty\u0159icet dolar\u016f za jednu cestu, sedmdes\u00e1t za zp\u00e1te\u010dn\u00ed cestu \u2013 s minim\u00e1ln\u00edm smlouv\u00e1n\u00edm a pohodln\u00fdm od dve\u0159\u00ed ke dve\u0159\u00edm.<\/p>\n<p>V samotn\u00e9m m\u011bst\u011b se rozkl\u00e1d\u00e1 centr\u00e1ln\u00ed park jako spole\u010densk\u00e9 divadlo. M\u00edstn\u00ed se shroma\u017e\u010fuj\u00ed na lavi\u010dk\u00e1ch z tepan\u00e9ho \u017eeleza a rozmlouvaj\u00ed pod bany\u00e1ny, jejich\u017e ko\u0159eny se t\u00e1hnou p\u0159es balustr\u00e1dy. Kav\u00e1rny na rohu ulice pod\u00e1vaj\u00ed caf\u00e9 con leche a dom\u00e1c\u00ed pe\u010divo, jejich porcel\u00e1nov\u00e9 \u0161\u00e1lky jsou zah\u0159\u00edv\u00e1ny rann\u00edm v\u00e1nkem. Denn\u00ed rytmy se odr\u00e1\u017eej\u00ed v kadenci prodejc\u016f prod\u00e1vaj\u00edc\u00edch tropick\u00e9 ovoce a sm\u00edchu d\u011bt\u00ed, kter\u00e9 se ot\u00edraj\u00ed o mramorov\u00e9 povrchy nedalek\u00e9 font\u00e1ny. Proch\u00e1zet se t\u011bmito uli\u010dkami znamen\u00e1 b\u00fdt sv\u011bdkem ka\u017edodenn\u00edho okam\u017eiku, kter\u00fd je umocn\u011bn komunitn\u00edmi pouty \u2013 z\u00e1\u017eitek stejn\u011b podmaniv\u00fd jako jak\u00e1koli vodn\u00ed aktivita.<\/p>\n<p>Vodn\u00ed dobrodru\u017estv\u00ed l\u00e1k\u00e1 mnoho lid\u00ed k m\u011bkk\u00e9mu pob\u0159e\u017e\u00ed Boca Chica. P\u0159i \u0161norchlov\u00e1n\u00ed m\u016f\u017eete vid\u011bt papou\u0161\u010d\u00ed ryby a pyskouny poletuj\u00edc\u00ed mezi kor\u00e1lov\u00fdmi \u00fatvary; pot\u00e1p\u011b\u010di si mohou u m\u00edstn\u00edch provozovatel\u016f zajistit v\u00fdlety na m\u00edru, pono\u0159it se do pono\u0159en\u00fdch jeskyn\u00ed a \u00fatesov\u00fdch st\u011bn. Sportovn\u00ed ryb\u00e1\u0159i si pronaj\u00edmaj\u00ed lod\u011b na lov marlin\u016f, tu\u0148\u00e1k\u016f a dorad\u016f, jejich\u017e navij\u00e1ky zp\u00edvaj\u00ed pod slune\u010dn\u00edmi paprsky l\u00e1maj\u00edc\u00edmi se ve vodn\u00ed t\u0159\u00ed\u0161ti. Obchodn\u00ed stroje \u2013 vodn\u00ed taxi \u2013 nab\u00edzej\u00ed celodenn\u00ed v\u00fdlety za m\u00edrn\u00e9 poplatky: cena sto dolar\u016f za lo\u010f zahrnuje pozorov\u00e1n\u00ed velryb, p\u0159ech\u00e1zen\u00ed po pl\u00e1\u017e\u00edch a \u0161norchlov\u00e1n\u00ed pro skupiny dostate\u010dn\u00e9 k zapln\u011bn\u00ed paluby; ceny na osobu se pohybuj\u00ed kolem dvaceti dolar\u016f a umo\u017e\u0148uj\u00ed vstup na ekoz\u00e1jezdy veden\u00e9 rychlou \u0161pan\u011bl\u0161tinou.<\/p>\n<p>Ka\u017edodenn\u00ed \u017eivot se roz\u0161i\u0159uje i do obchodu. Na Duarte Avenue se nach\u00e1z\u00ed mal\u00fd obchod s doutn\u00edky, kter\u00fd nab\u00edz\u00ed dom\u00e1c\u00ed i dov\u00e1\u017een\u00e9 doutn\u00edky; ka\u017ed\u00fd druh\u00fd den zde rolova\u010d jm\u00e9nem William vyr\u00e1b\u00ed doutn\u00edky na m\u00edru dle p\u0159\u00e1n\u00ed z\u00e1kazn\u00edk\u016f. Dva supermarkety \u2013 jeden po stran\u011b parku a druh\u00fd vedle resortu Be Live Hamaca \u2013 dod\u00e1vaj\u00ed potraviny a z\u00e1kladn\u00ed z\u00e1soby, zat\u00edmco l\u00e9k\u00e1rny a po\u0161ta zaji\u0161\u0165uj\u00ed z\u00e1kladn\u00ed slu\u017eby. Postrann\u00ed ulice lemuj\u00ed st\u00e1nky se suven\u00fdry, jejich\u017e majitel\u00e9 jsou ochotni smlouvat o drobnostech, ale u l\u00e9\u010div a potravin se dr\u017e\u00ed pevn\u011b. Smlouv\u00e1n\u00ed z\u016fst\u00e1v\u00e1 b\u011b\u017enou etiketou a v\u0161t\u011bpuje pocit anga\u017eovanosti, kter\u00fd p\u0159esahuje pouh\u00fd n\u00e1kup.<\/p>\n<p>Gastronomick\u00e9 mo\u017enosti jsou bohat\u00e9. Restaurace na pl\u00e1\u017ei serv\u00edruj\u00ed vo\u0148av\u00e9 ryb\u00ed du\u0161en\u00e9 pokrmy, paellu s mo\u0159sk\u00fdmi plody a empan\u00e1dy, jejich\u017e v\u016fn\u011b se m\u00eds\u00ed se slan\u00fdm vzduchem. Pouli\u010dn\u00ed prodejci j\u00eddla lemuj\u00ed p\u00edsek s grily na d\u0159ev\u011bn\u00e9 uhl\u00ed a na \u0161p\u00edzy op\u00e9kaj\u00ed ku\u0159e a vep\u0159ov\u00e9 maso pro ob\u011bd. Zn\u00e1m\u00fd symbol globalizace \u2013 Burger King \u2013 stoj\u00ed vedle m\u00edstn\u00edch pokrm\u016f a uspokojuje touhu po americk\u00fdch pokrmech. Pro ty, kte\u0159\u00ed se cht\u011bj\u00ed pono\u0159it do dominik\u00e1nsk\u00e9 chuti, tvo\u0159\u00ed sm\u011bs ko\u0159en\u00ed, olej\u016f na sma\u017een\u00ed a tropick\u00e9ho ovoce paletu stejn\u011b \u017eivou jako blankytn\u00e9 mo\u0159e.<\/p>\n<p>Nab\u00eddka ubytov\u00e1n\u00ed se pohybuje od skromn\u00fdch ubytovac\u00edch za\u0159\u00edzen\u00ed a\u017e po all-inclusive enkl\u00e1vy. Mal\u00e9 rodinn\u00e9 hotely se shlukuj\u00ed pobl\u00ed\u017e centra m\u011bsta a nab\u00edzej\u00ed z\u00e1kladn\u00ed pokoje za dostupn\u00e9 ceny. D\u00e1le na v\u00fdchod se nach\u00e1zej\u00ed dva p\u0159\u00edmo\u0159sk\u00e9 resorty \u2013 d\u0159\u00edve zna\u010dky Hilton a nyn\u00ed provozovan\u00e9 spole\u010dnost\u00ed Be Live \u2013 kter\u00e9 host\u016fm nab\u00edzej\u00ed soukrom\u00e9 pl\u00e1\u017ee a jejich\u017e vybaven\u00ed je zam\u011b\u0159eno na turisty tou\u017e\u00edc\u00ed po bezprobl\u00e9mov\u00e9m pohodl\u00ed. Tyto komplexy zahrnuj\u00ed baz\u00e9ny, bary a rekrea\u010dn\u00ed programy, \u010d\u00edm\u017e vytv\u00e1\u0159ej\u00ed alternativn\u00ed vesm\u00edr k p\u0159\u00edjemn\u00e9 a p\u0159\u00e1telsk\u00e9 atmosf\u00e9\u0159e ve\u0159ejn\u00e9 pl\u00e1\u017ee.<\/p>\n<p>Stovky kilometr\u016f jihoz\u00e1padn\u011b le\u017e\u00ed panamsk\u00e1 Boca Chica, kter\u00e1 p\u00ed\u0161e jinou historii. M\u011bsto le\u017e\u00ed na z\u00e1padn\u00edm b\u0159ehu N\u00e1rodn\u00edho parku Marino Golfo de Chiriqu\u00ed, oblasti uct\u00edvan\u00e9 mezi znalci sportovn\u00edho rybolovu pro sv\u00e9 populace marlin\u016f a tu\u0148\u00e1k\u016f. N\u00e1rodn\u00ed mo\u0159sk\u00fd park Coiba se nach\u00e1z\u00ed jen kousek plavby lod\u00ed a jeho kor\u00e1lov\u00e9 zahrady poskytuj\u00ed \u00fato\u010di\u0161t\u011b \u017eralok\u016fm, mant\u00e1m a velryb\u00e1m v ekologick\u00e9 pevnosti, kter\u00e1 odol\u00e1v\u00e1 nadm\u011brn\u00e9mu rybolovu. Ostrovn\u00ed ostrovy Ladrones, Secas a Paridas se rozprost\u00edraj\u00ed od pob\u0159e\u017e\u00ed jako odrazov\u00e9 m\u016fstky pro pot\u00e1p\u011b\u010de hledaj\u00edc\u00ed \u010distotu vody, jakou jen z\u0159\u00eddkakdy najdete kdekoli jinde ve St\u0159edn\u00ed Americe.<\/p>\n<p>P\u0159\u00edstup k t\u00e9to tropick\u00e9 z\u00e1kladn\u011b vede po jedine\u010dn\u00e9 silnici kon\u010d\u00edc\u00ed u \u00fast\u00ed \u0159eky Pedregal. B\u011bhem obdob\u00ed de\u0161\u0165\u016f se tento asfaltov\u00fd p\u00e1s kdysi proh\u00fdbal pod p\u0159\u00edvalov\u00fdmi sr\u00e1\u017ekami, ale ned\u00e1vn\u00e9 rekonstrukce usnadnily cestu i \u010dty\u0159kolov\u00fdm vozidl\u016fm. N\u00e1v\u0161t\u011bvn\u00edci nach\u00e1zej\u00ed posledn\u00ed p\u0159\u00edstup or\u00e1movan\u00fd mangrovov\u00fdmi porosty a vzd\u00e1lenou siluetou Isla Boca Brava \u2013 souseda na druh\u00e9 stran\u011b brakick\u00e9 vody. Absence v\u00fd\u0161kov\u00fdch budov zachov\u00e1v\u00e1 pocit izolace; \u017e\u00e1dn\u00e9 hotelov\u00e9 v\u011b\u017ee nenaru\u0161uj\u00ed panorama, \u017e\u00e1dn\u00e9 neonov\u00e9 p\u00e1sy sv\u011btla nepro\u0159ez\u00e1vaj\u00ed tmu. M\u00edsto toho d\u0159ev\u011bn\u00e9 chatr\u010de a pastelov\u011b nat\u0159en\u00e9 domy nab\u00edzej\u00ed z\u00e1blesky mo\u0159sk\u00e9ho \u017eivota p\u0159es chatrn\u00e9 ploty.<\/p>\n<p>Isla Saino, vzd\u00e1len\u00e1 desetiminutovou plavbu lod\u00ed od b\u0159ehu, slou\u017e\u00ed jako mikrokosmos nedot\u010den\u00e9 podstaty regionu. V\u00fdletn\u00edci se hem\u017e\u00ed na jeho jedin\u00e9m p\u00edse\u010dn\u00e9m b\u0159ehu za dvacet minut, ale ti, kte\u0159\u00ed p\u0159es noc str\u00e1v\u00ed noc, se mohou probudit do samoty p\u0159eru\u0161ovan\u00e9 pouze vlnami a v\u011btrem v kokosov\u00fdch palem. Pot\u00e1p\u011b\u010dsk\u00e9 oble\u010den\u00ed na molu l\u00e1k\u00e1 k ponor\u016fm na m\u00edru mezi vrcholky skal poset\u00fdmi papou\u0161\u010d\u00edmi rybami a kanicemi. Spole\u010dnosti jako Gone Fishing nab\u00edzej\u00ed hlubinn\u00e9 v\u00fdlety k pob\u0159e\u017en\u00edm \u00fates\u016fm, kde se marlini prod\u00edraj\u00ed hejny tu\u0148\u00e1k\u016f; jejich plavidla konfigurovan\u00e1 pro mal\u00e9 skupiny poskytuj\u00ed tyto charterov\u00e9 v\u00fdlety intimitu, kter\u00e1 u v\u011bt\u0161\u00edch flotil chyb\u00ed.<\/p>\n<p>Krom\u011b sportovn\u00edho rybolovu sestavuj\u00ed cestovn\u00ed kancel\u00e1\u0159e vodn\u00ed taxi pro kombinovan\u00e9 itiner\u00e1\u0159e: pozorov\u00e1n\u00ed velryb v sez\u00f3n\u011b, n\u00e1v\u0161t\u011bvy zalesn\u011bn\u00fdch ostrov\u016f a \u0161norchlov\u00e1n\u00ed na m\u011blk\u00fdch \u00fatesech. Celodenn\u00ed rezervace za sto dolar\u016f na lo\u010f je vhodn\u00e1 pro rodiny nebo mal\u00e9 skupiny a nab\u00edz\u00ed dvojjazy\u010dn\u00e9 pr\u016fvodce, pokud je to mo\u017en\u00e9, ale p\u0159ev\u00e1\u017en\u011b veden\u00e9 m\u00edstn\u00ed \u0161pan\u011bl\u0161tinou \u2013 jej\u00edmi rychl\u00fdmi souhl\u00e1skami, kter\u00e9 nesou p\u0159\u00edb\u011bhy o mo\u0159eplavectv\u00ed p\u0159edk\u016f. Ti, kte\u0159\u00ed znaj\u00ed \u0161pan\u011bl\u0161tinu jen m\u00edrn\u011b, zjist\u00ed, \u017ee sta\u010d\u00ed gesta a trp\u011blivost, odm\u011bn\u011bni v\u00fdhledy na kosatky vyno\u0159uj\u00edc\u00ed se do v\u00fdchodu slunce a hlukem fregatek krou\u017e\u00edc\u00edch nad hlavou.<\/p>\n<p>Ve m\u011bst\u011b se trh rozv\u00edj\u00ed za \u00fasvitu. Ryb\u00e1\u0159i vykl\u00e1daj\u00ed \u00falovky ryby kohouta, kanice a cavalli; farm\u00e1\u0159i p\u0159ij\u00ed\u017ed\u011bj\u00ed s melouny a pap\u00e1jami sklizen\u00fdmi z okoln\u00edch plant\u00e1\u017e\u00ed. Promen\u00e1du \u200b\u200blemuj\u00ed st\u00e1nky s ru\u010dn\u011b tkan\u00fdmi houpac\u00edmi s\u00edt\u011bmi a ko\u0161\u00edky, jejich\u017e \u0159emesln\u00e9 zpracov\u00e1n\u00ed odr\u00e1\u017e\u00ed domorod\u00e9 techniky p\u0159ed\u00e1van\u00e9 z generace na generaci. Nejm\u00e9n\u011b t\u0159i restaurace nab\u00edzej\u00ed tal\u00ed\u0159e kokosov\u00e9 r\u00fd\u017ee a \u010derstv\u00e9 ceviche, jejich j\u00eddeln\u00ed l\u00edstky jsou naps\u00e1ny k\u0159\u00eddou na tabuli a ceny se odv\u00edjej\u00ed od denn\u00edho objemu \u00falovk\u016f, nikoli od pevn\u00fdch m\u0159\u00ed\u017eek.<\/p>\n<p>Noc se sn\u00e1\u0161\u00ed na \u010dern\u00e9 sametov\u00e9 vody a m\u011bsto se uklid\u0148uje. Sv\u011btlo luceren se rozl\u00e9v\u00e1 po n\u00e1b\u0159e\u017e\u00ed, zat\u00edmco m\u00edstn\u00ed opravuj\u00ed s\u00edt\u011b a lodn\u00ed motory, v\u016fn\u011b nafty se m\u00eds\u00ed s mo\u0159skou t\u0159\u00ed\u0161t\u00ed. Jinde cestovatel\u00e9 odpo\u010d\u00edvaj\u00ed v bungalovech pod \u0161ir\u00fdm nebem na k\u016flech, ukol\u00e9ban\u00ed symfoni\u00ed no\u010dn\u00edch vln. Na obzoru nedominuje \u017e\u00e1dn\u00fd megahotel; m\u00edsto toho prost\u00e1 pohostinnost prostupuje ka\u017edou budovou a vytv\u00e1\u0159\u00ed pouto mezi hostem a hostitelem, kter\u00e9 p\u0159esahuje chyb\u011bj\u00edc\u00ed luxus.<\/p>\n<p>Nap\u0159\u00ed\u010d t\u011bmito dv\u011bma geografick\u00fdmi oblastmi se Boca Chica jev\u00ed jako studie kontrast\u016f: jednu formuje cukrov\u00e9 porosty a autokratick\u00e1 vize, druhou formuj\u00ed rytmy p\u0159\u00edlivu a odlivu a ryb\u00e1\u0159sk\u00e9 tradice. Ob\u011b nesou d\u016fkazy lidsk\u00e9 hou\u017eevnatosti \u2013 silnice vytesan\u00e9 mangrovov\u00fdmi porosty, plant\u00e1\u017ee rozlo\u017een\u00e9 na llanos, fas\u00e1dy hotel\u016f postaven\u00e9 jako sign\u00e1l moci, chaty postaven\u00e9 z m\u00edstn\u00edho d\u0159eva. Ka\u017ed\u00e1 z nich slibuje pono\u0159en\u00ed: jednu do spole\u010densk\u00e9ho ruchu dominik\u00e1nsk\u00fdch v\u00edkendov\u00fdch turist\u016f; druhou do tich\u00fdch r\u00e1n str\u00e1ven\u00fdch nahazov\u00e1n\u00edm udi\u010dek na dorado pod vych\u00e1zej\u00edc\u00edm sluncem. V obou inkarnac\u00edch n\u00e1zev evokuje p\u0159\u00edslib sluncem zalit\u00e9 vody a p\u00edsku \u2013 prvk\u016f, kter\u00e9 l\u00e1kaj\u00ed lidi k pob\u0159e\u017e\u00edm hledat obnovu, odpo\u010dinek a zjeven\u00ed.<\/p>","protected":false},"excerpt":{"rendered":"<p>Boca Chica je zaj\u00edmav\u00e1 obec nach\u00e1zej\u00edc\u00ed se v provincii Santo Domingo v Dominik\u00e1nsk\u00e9 republice. Podle s\u010d\u00edt\u00e1n\u00ed lidu z roku 2022 m\u00e1 167 040 obyvatel, z toho 104 951 ve m\u011bst\u011b a 62 089 ve venkovsk\u00fdch oblastech. Tato dynamick\u00e1 vesnice slou\u017e\u00ed jako centrum aktivit a kultury a z\u00e1rove\u0148 je bohat\u00e1 na historii a p\u0159\u00edrodn\u00ed kr\u00e1sy.<\/p>","protected":false},"author":1,"featured_media":3348,"parent":9128,"menu_order":0,"comment_status":"closed","ping_status":"closed","template":"elementor_theme","meta":{"_eb_attr":"","footnotes":""},"class_list":["post-9187","page","type-page","status-publish","has-post-thumbnail"],"_links":{"self":[{"href":"https:\/\/travelshelper.com\/cs\/wp-json\/wp\/v2\/pages\/9187","targetHints":{"allow":["GET"]}}],"collection":[{"href":"https:\/\/travelshelper.com\/cs\/wp-json\/wp\/v2\/pages"}],"about":[{"href":"https:\/\/travelshelper.com\/cs\/wp-json\/wp\/v2\/types\/page"}],"author":[{"embeddable":true,"href":"https:\/\/travelshelper.com\/cs\/wp-json\/wp\/v2\/users\/1"}],"replies":[{"embeddable":true,"href":"https:\/\/travelshelper.com\/cs\/wp-json\/wp\/v2\/comments?post=9187"}],"version-history":[{"count":0,"href":"https:\/\/travelshelper.com\/cs\/wp-json\/wp\/v2\/pages\/9187\/revisions"}],"up":[{"embeddable":true,"href":"https:\/\/travelshelper.com\/cs\/wp-json\/wp\/v2\/pages\/9128"}],"wp:featuredmedia":[{"embeddable":true,"href":"https:\/\/travelshelper.com\/cs\/wp-json\/wp\/v2\/media\/3348"}],"wp:attachment":[{"href":"https:\/\/travelshelper.com\/cs\/wp-json\/wp\/v2\/media?parent=9187"}],"curies":[{"name":"wp","href":"https:\/\/api.w.org\/{rel}","templated":true}]}}