{"id":9177,"date":"2024-09-07T16:17:25","date_gmt":"2024-09-07T16:17:25","guid":{"rendered":"https:\/\/travelshelper.com\/staging\/?page_id=9177"},"modified":"2026-03-13T16:04:28","modified_gmt":"2026-03-13T16:04:28","slug":"cabarete","status":"publish","type":"page","link":"https:\/\/travelshelper.com\/cs\/destinations\/north-america\/dominican-republic\/cabarete\/","title":{"rendered":"Cabarete"},"content":{"rendered":"<p>Cabarete se nach\u00e1z\u00ed na severn\u00edm pob\u0159e\u017e\u00ed provincie Puerto Plata v Dominik\u00e1nsk\u00e9 republice. \u0160t\u00edhl\u00fd p\u00e1s os\u00eddlen\u00ed se t\u00e1hne pod\u00e9l Camino Cinco, zhruba osmn\u00e1ct kilometr\u016f od mezin\u00e1rodn\u00edho leti\u0161t\u011b Gregorio Luper\u00f3n. Jeho kompaktn\u00ed m\u011bstsk\u00e1 p\u016fdorys se rozkl\u00e1d\u00e1 mezi ru\u0161n\u00fdm z\u00e1livem a stoupaj\u00edc\u00edm podh\u016f\u0159\u00edm Cordillera Septentrional. Celoro\u010dn\u00ed slunce a st\u00e1l\u00fd v\u00edtr z n\u011bj ud\u011blaly epicentrum vodn\u00edch sport\u016f, kter\u00e9 l\u00e1k\u00e1 cestovatele, jejich\u017e neklidn\u00e1 du\u0161e tou\u017e\u00ed po vzru\u0161en\u00ed i odpo\u010dinku.<\/p>\n<p>Od chv\u00edle, kdy si Zephaniah Kingsley v roce 1835 n\u00e1rokoval tyto b\u0159ehy, je p\u0159\u00edb\u011bh m\u011bsta neodd\u011bliteln\u00fd od cest \u2013 lid\u00ed, kultur, element\u00e1rn\u00edch sil v neust\u00e1l\u00e9m pohybu. Kingsley, obchodn\u00edk v zahrani\u010d\u00ed, kter\u00fd osvobodil pades\u00e1t t\u0159i sv\u00fdch floridsk\u00fdch otrok\u016f a pozd\u011bji na z\u00e1klad\u011b dekretu guvern\u00e9ra Jeana Pierra Boyera p\u0159ivedl do t\u00e9to \u010d\u00e1sti Hispanioly dal\u0161\u00edch sto, polo\u017eil z\u00e1klady Mayorasgo de Koka, panstv\u00ed, jeho\u017e odkaz p\u0159etrv\u00e1v\u00e1 v haitsk\u00fdch jm\u00e9nech a rodin\u00e1ch se sm\u00ed\u0161en\u00fdm d\u011bdictv\u00edm, kter\u00e9 se zde dochovaly. Skromn\u00e1 pl\u00e1\u017eov\u00e1 chata Anny Kingsleyov\u00e9 u p\u0159\u00edstavu, dnes ji\u017e d\u00e1vno zapomenut\u00e1, kdysi st\u00e1la na soutoku atlantsk\u00fdch vln a tropick\u00e9ho v\u00e1nku, symbolicky symbolizuj\u00edc\u00ed f\u00fazi, kter\u00e1 pozd\u011bji definovala toto m\u00edsto. Potomci t\u011bchto prvn\u00edch osadn\u00edk\u016f \u2013 jak z rodu Kingsley\u016f, tak z osvobozen\u00fdch rodin \u2013 st\u00e1le ob\u00fdvaj\u00ed klikat\u00e9 uli\u010dky, jejich \u017eivoty jsou propleteny se \u0161\u0165avnatou vlhkost\u00ed, k\u0159ikem pelik\u00e1n\u016f za \u00fasvitu a odrazem plachet poh\u00e1n\u011bn\u00fdch v\u011btrem o hladinu z\u00e1livu.<\/p>\n<p>Samotn\u00fd z\u00e1liv Cabarete tvo\u0159\u00ed srdce m\u011bsta. Zde se pod neust\u00e1l\u00fdm kmit\u00e1n\u00edm v\u011btru a p\u0159\u00edlivu vine p\u016flm\u011bs\u00edc zlat\u00e9ho p\u00edsku. Profesion\u00e1ln\u00ed kitesurfingov\u00e9 sout\u011b\u017ee, jako je WorldCup nebo Copa Mundial, s\u00e9rie Master of the Ocean a PKRA, na\u0161ly na t\u011bchto b\u0159ez\u00edch p\u0159\u00edrodn\u00ed amfite\u00e1tr; barevn\u00e9 z\u00e1blesky proti azurov\u00e9 rozlehlosti, piloti vyu\u017e\u00edvaj\u00ed poryvy v\u011btru, kter\u00e9 se vln\u00ed t\u00e9m\u011b\u0159 t\u0159i sta dn\u00ed v roce. Na z\u00e1pad\u011b le\u017e\u00ed pl\u00e1\u017e Kite Beach, pouh\u00e9 dva a p\u016fl kilometru od st\u0159edu z\u00e1livu. Nab\u00edz\u00ed plo\u0161\u0161\u00ed h\u0159i\u0161t\u011b podobn\u00e9 lagun\u011b, jej\u00ed\u017e \u00fates l\u00e1k\u00e1 paddle surfa\u0159e, kte\u0159\u00ed se klou\u017eou po hladk\u00fdch st\u011bn\u00e1ch p\u0159ed pulsem Atlantiku. Pro ty, kte\u0159\u00ed hledaj\u00ed neru\u0161en\u00e9 vlny, si v\u0161ak Playa Encuentro n\u00e1le\u017e\u00ed k poli rozbit\u00fdch vln asi p\u011bt kilometr\u016f d\u00e1le na z\u00e1pad; zde je temperament oce\u00e1nu nejspolehliv\u011bj\u0161\u00ed, surfa\u0159sk\u00e9 \u0161koly vzkv\u00e9taj\u00ed na t\u011bchto v\u011b\u010dn\u00fdch vln\u00e1ch a nov\u00e1\u010dci nach\u00e1zej\u00ed \u00fat\u011bchu u trp\u011bliv\u00fdch instruktor\u016f, zat\u00edmco ost\u0159\u00edlen\u00ed veter\u00e1ni se proh\u00e1n\u011bj\u00ed po dut\u00fdch tubusech.<\/p>\n<p>Soumrak nijak zvl\u00e1\u0161\u0165 neuti\u0161uje energii Cabarete. Turistick\u00e1 trasa pod\u00e9l Camino Cinco je lemov\u00e1na rozmanitou \u0161k\u00e1lou ubytov\u00e1n\u00ed \u2013 od bytov\u00fdch dom\u016f a apartm\u00e1nov\u00fdch hotel\u016f a\u017e po penziony, jejich\u017e vrzaj\u00edc\u00ed verandy shl\u00ed\u017eej\u00ed na st\u00e1nky u silnice a bary osv\u011btlen\u00e9 neonov\u00fdmi sv\u011btly. Obchody se suven\u00fdry prod\u00e1vaj\u00ed na ulici ru\u010dn\u011b vyr\u00e1b\u011bn\u00e9 ko\u0161ile z guayabery a vy\u0159ez\u00e1van\u00e9 naplaven\u00e9 d\u0159evo, zat\u00edmco restaurace, hostely a no\u010dn\u00ed kluby se na pozad\u00ed kym\u00e1cej\u00edc\u00edch se palem rozz\u00e1\u0159\u00ed jako souhv\u011bzd\u00ed. P\u0159esto i uprost\u0159ed t\u00e9to sc\u00e9ny voln\u00e9ho \u010dasu l\u00e1k\u00e1 vnitrozem\u00ed jemn\u011bj\u0161\u00edm kouzlem. P\u0159\u00edrodn\u00ed pam\u00e1tka Lagunas Cabarete y Goleta, chr\u00e1n\u011bn\u00fd tropick\u00fd krasov\u00fd syst\u00e9m, se t\u00e1hne mezi mo\u0159em a horami: labyrint propadlin, mogot ty\u010d\u00edc\u00edch se jako kamenn\u00e9 str\u00e1\u017ee, mangrovov\u00fdch hou\u0161tin a vlhk\u00fdch stezek, kde se vz\u00e1cn\u00e9 orchideje dr\u017e\u00ed v\u00e1pencov\u00fdch st\u011bn. Proch\u00e1zky s pr\u016fvodcem se prol\u00ednaj\u00ed mangrovov\u00fdmi ba\u017einami, kolem skryt\u00fdch jeskyn\u00ed, kde netop\u00fd\u0159i krou\u017e\u00ed v \u0161er\u00fdch oblouc\u00edch, a pod\u00e9l okraj\u016f lagun ob\u00fdvan\u00fdch volavkami a legu\u00e1ny \u2013 d\u016fkazem biodiverzity, kter\u00e1 v tomto kotl\u00edku sladk\u00e9 a slan\u00e9 vody vzkv\u00e9t\u00e1.<\/p>\n<p>Doprava do Cabarete z\u016fst\u00e1v\u00e1 p\u0159\u00edmo\u010dar\u00e1, ale rozmanit\u00e1. V\u011bt\u0161ina cestuj\u00edc\u00edch vystupuje na mal\u00e9m leti\u0161ti v Puerto Plata (POP), kam cesta tax\u00edkem trv\u00e1 sotva dvacet minut \u2013 cena \u010dasto \u010din\u00ed \u010dty\u0159icet a\u017e pades\u00e1t dolar\u016f za vozidlo bez ohledu na po\u010det cestuj\u00edc\u00edch. Vzhledem k mal\u00fdm rozm\u011br\u016fm leti\u0161t\u011b a ob\u010dasn\u00fdm sm\u011bn\u00e1m na posledn\u00ed chv\u00edli je opatrnost nutn\u00e1 ov\u011b\u0159it si j\u00edzdn\u00ed \u0159\u00e1dy dv\u011b hodiny p\u0159ed odletem. Ti, kte\u0159\u00ed p\u0159ij\u00ed\u017ed\u011bj\u00ed p\u0159es mezin\u00e1rodn\u00ed leti\u0161t\u011b Arturo Merino Ben\u00edtez (STI) v Santiagu, \u010del\u00ed del\u0161\u00edmu transferu \u2013 tax\u00edkem jede zhruba devades\u00e1t minut za zhruba sto dolar\u016f za cestu, co\u017e je cena d\u011bliteln\u00e1 deseti, za p\u0159edpokladu, \u017ee cestuj\u00edc\u00ed pevn\u011b vyjedn\u00e1vaj\u00ed a vyhnou se p\u0159\u00edplatk\u016fm za sedadlo. V noci doporu\u010den\u00e1 trasa vede po zr\u00e1dn\u00e9 horsk\u00e9 silnici a proch\u00e1z\u00ed m\u011bstem Puerto Plata. Denn\u00ed sv\u011btlo nab\u00edz\u00ed alternativn\u00ed mo\u017enosti, v\u010detn\u011b autobus\u016f Caribe Tours ze Santiaga \u2013 odj\u00ed\u017ed\u011bj\u00edc\u00edch ka\u017edou hodinu za ceny v dominik\u00e1nsk\u00fdch pesos \u2013 a t\u0159icetiminutov\u00e9 j\u00edzdy gua gua ze Sos\u00faa za minim\u00e1ln\u00ed m\u00edstn\u00ed sazby. Ambici\u00f3zn\u011bj\u0161\u00ed itiner\u00e1\u0159e by mohly v\u00e9st po d\u00e1lnici ze Santo Dominga, co\u017e je cesta trvaj\u00edc\u00ed t\u0159i a p\u016fl hodiny, kter\u00e1 sice trv\u00e1 del\u0161\u00ed dobu, ale m\u016f\u017ee u\u0161et\u0159it na letenk\u00e1ch dostate\u010dn\u00e9 k pokryt\u00ed j\u00edzdn\u00e9ho tax\u00edkem, kter\u00e9 se pohybuje kolem dvou set dolar\u016f. Dokonce i \u010dasto levn\u011bj\u0161\u00ed transatlantick\u00e9 spojen\u00ed z Punta Cany se nedoporu\u010duje \u2013 \u0161est nam\u00e1hav\u00fdch hodin cestov\u00e1n\u00ed po silnici a \u00fa\u010dty bl\u00ed\u017e\u00edc\u00ed se \u010dty\u0159em st\u016fm dolar\u016f \u010din\u00ed k\u0159i\u017eovatku pro v\u011bt\u0161inu lid\u00ed nepraktickou.<\/p>\n<p>Jakmile se cestovatel\u00e9 ocitnou ve m\u011bst\u011b, zjist\u00ed, \u017ee j\u00e1dro Cabarete se t\u00e1hne pod\u00e9l sv\u00e9 hlavn\u00ed tepny v d\u00e9lce sotva osmi set metr\u016f. Denn\u00ed sv\u011btlo l\u00e1k\u00e1 k proch\u00e1zk\u00e1m mezi st\u00e1nky s d\u017eusy pln\u00fdmi ledu a hlou\u010dky sluncem op\u00e1len\u00fdch surfa\u0159\u016f porovn\u00e1vaj\u00edc\u00edch tvary prken, ale po setm\u011bn\u00ed je na m\u00edst\u011b opatrnost: klid Karibiku m\u016f\u017ee b\u00fdt klamn\u00fd, kdy\u017e se cesty ut\u00e1p\u00ed ve st\u00ednu. P\u0159evl\u00e1daj\u00ed \u010dty\u0159i hlavn\u00ed zp\u016fsoby m\u00edstn\u00ed dopravy. V\u0161udyp\u0159\u00edtomn\u00e9 motoconcho \u2013 motocykly se sedadly pro spolujezdce \u2013 proh\u00e1n\u011bj\u00ed jezdce pod\u00e9l pob\u0159e\u017e\u00ed za pades\u00e1t pesos ve dne a sto ve\u010der s lucernami; p\u0159ed nasednut\u00edm je t\u0159eba se dohodnout a db\u00e1t na ostra\u017eitost, abyste se vyhnuli opil\u00fdm \u0159idi\u010d\u016fm. Guaguas \u2013 t\u011bsn\u00e9 b\u00edl\u00e9 dod\u00e1vky pro cestuj\u00edc\u00ed \u2013 nab\u00edzej\u00ed cenov\u011b dostupnou alternativu za dvacet p\u011bt a\u017e pades\u00e1t pesos za sedadlo, p\u0159i\u010dem\u017e ceny se p\u0159i r\u00e1zn\u00e9m smlouv\u00e1n\u00ed \u010dasto sni\u017euj\u00ed na polovinu. Carritos p\u00fablicos, v podstat\u011b trumfnut\u00e9 Corolla, p\u0159epravuj\u00ed m\u00e9n\u011b cestuj\u00edc\u00edch za t\u0159icet a\u017e \u0161edes\u00e1t pesos a po z\u00e1padu slunce zdvojn\u00e1sobuj\u00ed sv\u00e9 ceny. A kone\u010dn\u011b, odborov\u011b organizovan\u00fd vozov\u00fd park taxislu\u017eeb \u2013 dod\u00e1vky Previa nebo podobn\u00e9 \u2013 poskytuje pohodl\u00ed a spolehlivost za regulovan\u00e9 sazby, i kdy\u017e za p\u0159\u00edplatek ve srovn\u00e1n\u00ed s jin\u00fdmi druhy dopravy.<\/p>\n<p>Identita Cabarete se v\u017edy prol\u00ednala s v\u011btrem. V pr\u016fm\u011bru t\u0159i sta v\u011btrn\u00fdch dn\u016f ro\u010dn\u011b se v jej\u00edm z\u00e1livu a na pl\u00e1\u017e\u00edch u pob\u0159e\u017e\u00ed nach\u00e1z\u00ed ne m\u00e9n\u011b ne\u017e t\u0159icet t\u0159i akademi\u00ed v\u011btrn\u00fdch sport\u016f \u2013 \u0161kol, jejich\u017e vlajky vlaj\u00ed v koloto\u010di zna\u010dek. V z\u00e1livu Cabarete vy\u0159ez\u00e1vaj\u00ed windsurfingov\u00e9 prkna vlny, zat\u00edmco pl\u00e1\u017ee Bozo a Kite Beach l\u00e1kaj\u00ed kitesurfery do sv\u00fdch odli\u0161n\u00fdch ar\u00e9n: prvn\u00ed jmenovan\u00e1 nab\u00edz\u00ed rozbou\u0159en\u011bj\u0161\u00ed mo\u0159e a rozlehl\u00e9 vody, druh\u00e1 kompaktn\u00ed pole lemovan\u00e9 m\u011blk\u00fdm \u00fatesem. Ob\u011b lokality v\u0161ak sd\u00edlej\u00ed vlny vyvolan\u00e9 \u00fatesy, kter\u00e9 vyz\u00fdvaj\u00ed kitesurfery k leteck\u00fdm kousk\u016fm i k fines\u00e1m p\u0159i j\u00edzd\u011b na vln\u00e1ch.<\/p>\n<p>Surfa\u0159i t\u00edhnou k spolehliv\u00fdm vln\u00e1m Playa Encuentro \u2013 p\u011bti hlavn\u00edm \u00fatesov\u00fdm a bodov\u00fdm vln\u00e1m, kter\u00e9 vyhovuj\u00ed v\u0161em \u00farovn\u00edm dovednost\u00ed. Certifikovan\u00ed a trp\u011bliv\u00ed instrukto\u0159i zav\u00e1d\u011bj\u00ed nov\u00e1\u010dky na p\u011bnov\u00e9 h\u0159ebeny, kde je \u010dekaj\u00ed sebev\u011bdom\u00e9 proveden\u00ed oblouku, zat\u00edmco st\u0159edn\u011b pokro\u010dil\u00ed a experti hledaj\u00ed stinn\u00e9 barely. Za klidn\u011bj\u0161\u00edch dn\u016f se nad\u0161enci paddleboardingu sn\u00e1\u0161ej\u00ed po klidn\u00fdch vod\u00e1ch ohrani\u010den\u00fdch \u00fatesy nebo chytaj\u00ed m\u00edrn\u00e9 vlny na \u00fazk\u00fdch prknech \u2013 co\u017e je neust\u00e1l\u00e1 p\u0159ipom\u00ednka toho, \u017ee v Cabarete se hybnost nemus\u00ed v\u017edy projevit velkolep\u00fdm letem.<\/p>\n<p>V tomto vodn\u00edm kotl\u00edku se objevila specifick\u00e1 jm\u00e9na. \u0160kola kiteboardingu Dare2fly, kotv\u00edc\u00ed na pl\u00e1\u017ei Kite Beach pobl\u00ed\u017e resortu Agualina Kite Resort, funguje denn\u011b pod veden\u00edm instruktor\u016f certifikovan\u00fdch Mezin\u00e1rodn\u00ed kiteboardingovou organizac\u00ed; jej\u00ed vzduchov\u00e9 kompresory hu\u010d\u00ed o pl\u00e1t\u011bn\u00e9 plachty a jej\u00ed klientela si vym\u011b\u0148uje historky o prvn\u00edch letech nad smaragdov\u00fdmi vlnkami. Kite Club Kiteboarding Center, kter\u00e9 se nach\u00e1z\u00ed v m\u00edst\u011b, kde se hlavn\u00ed silnice Cabarete setk\u00e1v\u00e1 s p\u00edskem, nab\u00edz\u00ed sk\u0159\u00ed\u0148ky, leh\u00e1tka a soukrom\u00e9 lekce od \u00fasvitu do soumraku; jeho bar a terasa podporuj\u00ed kamar\u00e1dstv\u00ed mezi za\u010d\u00e1te\u010dn\u00edky i veter\u00e1ny. Ti, kte\u0159\u00ed hledaj\u00ed wing foiling, p\u016fj\u010dovnu paddleboard\u016f nebo specializovan\u00e9 kurzy, mohou narazit na spoustu podobn\u011b vybaven\u00fdch za\u0159\u00edzen\u00ed, z nich\u017e ka\u017ed\u00e9 si n\u00e1rokuje neutuchaj\u00edc\u00ed pas\u00e1ty Cabarete.<\/p>\n<p>Krom\u011b instrukt\u00e1\u017ee se skr\u00fdv\u00e1 i mo\u017enost po\u0159\u00edzen\u00ed drak\u016f. Cabarete si z\u00edskalo pov\u011bst zku\u0161ebn\u00edho are\u00e1lu pro v\u00fdrobce drak\u016f, jeho\u017e pl\u00e1\u017ee slou\u017e\u00ed i jako testovac\u00ed dr\u00e1hy, kde se prototypy vyno\u0159uj\u00ed z p\u011bnov\u00fdch z\u00e1b\u011br\u016f, jen aby se vr\u00e1tily k dolad\u011bn\u00ed. Z\u00e1kazn\u00edci si mohou po\u0159\u00eddit jemn\u011b pou\u017eit\u00e9 vybaven\u00ed za ceny, kter\u00e9 jsou ni\u017e\u0161\u00ed ne\u017e poplatky za zavazadla v leteck\u00e9 doprav\u011b \u2013 co\u017e je pragmatick\u00e1 pob\u00eddka k tomu, aby si vlastn\u00ed prkna nechali doma. Lovci suven\u00fdr\u016f najdou d\u00e1rkov\u00e9 obchody pln\u00e9 sad s n\u00e1levem Mamajuana \u2013 ko\u0159en\u011bn\u00fdch lahvi\u010dek, jejich\u017e su\u0161en\u00e9 byliny a k\u016fra vytv\u00e1\u0159ej\u00ed tr\u00e1vic\u00ed elix\u00edr, kdysi von\u00edc\u00ed rumem a medem, proslul\u00fd sv\u00fdmi regenera\u010dn\u00edmi vlastnostmi. Fotografick\u00e9 potisky a tri\u010dka na zak\u00e1zku p\u0159ipom\u00ednaj\u00ed osobn\u00ed odysey nap\u0159\u00ed\u010d v\u011btrem a vlnami; m\u00edstn\u00ed \u0159emesln\u00edci vy\u0159ez\u00e1vaj\u00ed talismany z naplaven\u00e9ho d\u0159eva, kter\u00e9 nesou patinu soli a slunce.<\/p>\n<p>Pozornost si zaslou\u017e\u00ed pen\u011b\u017en\u00ed z\u00e1le\u017eitosti. Dominik\u00e1nsk\u00e9 peso slou\u017e\u00ed jako transak\u010dn\u00ed prost\u0159edek, a\u010dkoli americk\u00e9 dolary, eura a kanadsk\u00e9 dolary ob\u00edhaj\u00ed s m\u00edrnou proviz\u00ed a \u010dasto jsou pro pohodl\u00ed akceptov\u00e1ny v restaurac\u00edch a barech. Sm\u011bn\u00e1rna na m\u00edst\u011b vy\u017eaduje opatrnost: leti\u0161tn\u00ed kiosky vyb\u00edraj\u00ed vysok\u00e9 sazby, zat\u00edmco bankomaty \u2013 s v\u00fdjimkou bankomat\u016f Scotia Bank \u2013 stanovuj\u00ed denn\u00ed limity pro v\u00fdb\u011bry a servisn\u00ed poplatky. Lep\u0161\u00ed mo\u017enosti se objevuj\u00ed v m\u00edstn\u00edch casas de cambio, kde mohou, ale nemus\u00ed b\u00fdt vy\u017eadov\u00e1ny cestovn\u00ed pasy, a v p\u0159idru\u017een\u00fdch bank\u00e1ch, jejich\u017e p\u0159ep\u00e1\u017eky zpracov\u00e1vaj\u00ed vy\u0161\u0161\u00ed \u010d\u00e1stky v pesos, pokud jsou p\u0159edlo\u017eeny doklady toto\u017enosti.<\/p>\n<p>Kulin\u00e1\u0159sk\u00e9 pot\u011b\u0161en\u00ed \u010dekaj\u00ed i za pl\u00e1\u017e\u00ed. V postrann\u00edch uli\u010dk\u00e1ch a sousedsk\u00fdch uli\u010dk\u00e1ch se nach\u00e1zej\u00ed skromn\u00e9 \u200b\u200bst\u00e1nky s nab\u00eddkou pica pollo \u2013 k\u0159upav\u00e9ho sma\u017een\u00e9ho ku\u0159ete bohat\u00e9ho na ostrovn\u00ed ko\u0159en\u00ed \u2013 a guisado, du\u0161en\u00e9ho masa s hustou om\u00e1\u010dkou a ko\u0159enovou zeleninou. Za \u00fasvitu se pod\u00e1v\u00e1 mangu, zelen\u00e1 sm\u011bs ban\u00e1n\u016f plantain ozdoben\u00e1 restovanou cibul\u00ed a sma\u017een\u00fdm s\u00fdrem; sancocho se p\u0159i zvl\u00e1\u0161tn\u00edch p\u0159\u00edle\u017eitostech pomalu va\u0159\u00ed, jeho v\u00fdvar je nabobtnal\u00fd masem, hl\u00edzami a sladk\u00fdmi bramborami. V\u011bt\u0161ina podnik\u016f si tradi\u010dn\u00ed tal\u00ed\u0159e \u00fa\u010dtuje kolem sto pades\u00e1ti pesos \u2013 nen\u00e1padn\u00e9 j\u00eddlo, kter\u00e9 vy\u017eiv\u00ed t\u011blo i zv\u00eddav\u00e9 chu\u0165ov\u00e9 poh\u00e1rky. V poledne si La Bandera Dominicana potvrzuje status n\u00e1rodn\u00edho standardu ob\u011bda \u2013 b\u00edl\u00e1 r\u00fd\u017ee, \u010derven\u00e9 fazole a porce masa spojuj\u00ed p\u0159\u00e1telsk\u00e9 hosty pod spole\u010dn\u00fdm symbolem kulturn\u00ed hrdosti.<\/p>\n<p>V noci se v\u0161ak n\u00e1v\u0161t\u011bvn\u00edci \u010dasto nach\u00e1zej\u00ed pod p\u0159\u00edst\u0159e\u0161ky na pob\u0159e\u017e\u00ed nebo v barech pod \u0161ir\u00fdm nebem, kde DJov\u00e9 hraj\u00ed karibsk\u00e9 rytmy a\u017e do \u010dasn\u00fdch rann\u00edch hodin. P\u0159esto v t\u011bchto hodin\u00e1ch hudby a sm\u00edchu z\u016fst\u00e1v\u00e1 Cabarete ukotveno ve sv\u00fdch p\u0159\u00edrodn\u00edch sil\u00e1ch: pas\u00e1ty nesouc\u00ed slanou v\u016fni do vnitrozem\u00ed, hv\u011bzdy krou\u017e\u00edc\u00ed nad hlavou bez osln\u011bn\u00ed rozlehl\u00fdch m\u011bst, p\u0159\u00edliv a odliv, kter\u00fd se m\u011bn\u00ed a kol\u00eds\u00e1 jako tich\u00fd metronom.<\/p>\n<p>V tomto propojen\u00ed d\u011bdictv\u00ed a voln\u00e9ho \u010dasu, osvobozen\u00fdch rodin a svobodomysln\u00fdch sportovc\u016f si Cabarete udr\u017euje sv\u016fj magnetismus. Odol\u00e1v\u00e1 statick\u00e9 definici, neust\u00e1le podl\u00e9h\u00e1 pohybu p\u0159\u00edlivu a odlivu, vzdu\u0161n\u00fdm ploch\u00e1m, pomal\u00e9mu r\u016fstu mangrovov\u00fdch porost\u016f ve skryt\u00fdch lagun\u00e1ch. Jeho kouzlo nespo\u010d\u00edv\u00e1 v jedin\u00e9 pod\u00edvan\u00e9, ale v neust\u00e1l\u00e9m tanci \u017eivl\u016f a lidsk\u00fdch \u017eivot\u016f, kter\u00e9 je utv\u00e1\u0159ej\u00ed; je to m\u00edsto, kde pod p\u00edskem plyne historie, kde ka\u017ed\u00fd oblouk draka na\u010drt\u00e1v\u00e1 novou kapitolu na pozad\u00ed karibsk\u00e9 oblohy.<\/p>\n<p>Ti, kdo se vydaj\u00ed do Cabarete, tak objev\u00ed v\u00edc ne\u017e jen surfa\u0159sk\u00e9 m\u011bsto nebo p\u0159\u00edmo\u0159sk\u00e9 letovisko. Setk\u00e1vaj\u00ed se s palimpsestem p\u0159\u00edb\u011bh\u016f \u2013 koloni\u00e1ln\u00edch aspirac\u00ed, emancipovan\u00e9ho d\u011bdictv\u00ed, ekologick\u00fdch z\u00e1zrak\u016f a sportovn\u00edch miln\u00edk\u016f \u2013 kter\u00e9 se shlukuj\u00ed pod\u00e9l \u00fazk\u00e9ho pob\u0159e\u017en\u00edho p\u00e1su. Pr\u00e1v\u011b zde, mezi v\u00e1pencov\u00fdmi v\u00fdchozy a plachtami z rump\u00e1l\u016f, lze ocenit mimo\u0159\u00e1dnou jemnost m\u00edsta formovan\u00e9ho lidskou v\u016fl\u00ed i nezdolnou silou dechu p\u0159\u00edrody.<\/p>","protected":false},"excerpt":{"rendered":"<p>Cabarete, le\u017e\u00edc\u00ed na severn\u00edm pob\u0159e\u017e\u00ed Dominik\u00e1nsk\u00e9 republiky, je zn\u00e1m\u00e9 sv\u00fdmi nedot\u010den\u00fdmi pl\u00e1\u017eemi a aktivn\u00edm cestovn\u00edm ruchem. Toto pob\u0159e\u017en\u00ed m\u00edsto se nach\u00e1z\u00ed 18 kilometr\u016f od mezin\u00e1rodn\u00edho leti\u0161t\u011b Puerto Plata a nab\u00edz\u00ed kombinaci modern\u00edho vybaven\u00ed, historick\u00e9ho v\u00fdznamu a pozoruhodn\u00e9 p\u0159\u00edrodn\u00ed scen\u00e9rie.<\/p>","protected":false},"author":1,"featured_media":4515,"parent":9128,"menu_order":0,"comment_status":"closed","ping_status":"closed","template":"elementor_theme","meta":{"_eb_attr":"","footnotes":""},"class_list":["post-9177","page","type-page","status-publish","has-post-thumbnail"],"_links":{"self":[{"href":"https:\/\/travelshelper.com\/cs\/wp-json\/wp\/v2\/pages\/9177","targetHints":{"allow":["GET"]}}],"collection":[{"href":"https:\/\/travelshelper.com\/cs\/wp-json\/wp\/v2\/pages"}],"about":[{"href":"https:\/\/travelshelper.com\/cs\/wp-json\/wp\/v2\/types\/page"}],"author":[{"embeddable":true,"href":"https:\/\/travelshelper.com\/cs\/wp-json\/wp\/v2\/users\/1"}],"replies":[{"embeddable":true,"href":"https:\/\/travelshelper.com\/cs\/wp-json\/wp\/v2\/comments?post=9177"}],"version-history":[{"count":0,"href":"https:\/\/travelshelper.com\/cs\/wp-json\/wp\/v2\/pages\/9177\/revisions"}],"up":[{"embeddable":true,"href":"https:\/\/travelshelper.com\/cs\/wp-json\/wp\/v2\/pages\/9128"}],"wp:featuredmedia":[{"embeddable":true,"href":"https:\/\/travelshelper.com\/cs\/wp-json\/wp\/v2\/media\/4515"}],"wp:attachment":[{"href":"https:\/\/travelshelper.com\/cs\/wp-json\/wp\/v2\/media?parent=9177"}],"curies":[{"name":"wp","href":"https:\/\/api.w.org\/{rel}","templated":true}]}}