{"id":9165,"date":"2024-09-07T15:39:47","date_gmt":"2024-09-07T15:39:47","guid":{"rendered":"https:\/\/travelshelper.com\/staging\/?page_id=9165"},"modified":"2026-03-13T16:03:17","modified_gmt":"2026-03-13T16:03:17","slug":"san-cristobal","status":"publish","type":"page","link":"https:\/\/travelshelper.com\/cs\/destinations\/north-america\/dominican-republic\/san-cristobal\/","title":{"rendered":"San Cristobal"},"content":{"rendered":"<p>San Crist\u00f3bal, le\u017e\u00edc\u00ed v ji\u017en\u00ed \u010d\u00e1sti Dominik\u00e1nsk\u00e9 republiky, zab\u00edr\u00e1 \u00farodn\u00e9 \u00fadol\u00ed na \u00fapat\u00ed Centr\u00e1ln\u00edch kordiller, vsazen\u00e9 mezi klikat\u00e9 toky \u0159ek Nigua a Nizao, asi t\u0159icet kilometr\u016f z\u00e1padn\u011b po d\u00e1lnici DR-2 od hlavn\u00edho m\u011bsta zem\u011b. Jako\u017eto obecn\u00ed hlava sv\u00e9 stejnojmenn\u00e9 provincie p\u0159edsed\u00e1 jedin\u00e9mu pod\u0159\u00edzen\u00e9mu okresu Hato Damas. Jeho tropick\u00e9 monzunov\u00e9 klima, charakterizovan\u00e9 celoro\u010dn\u00edm teplem a p\u0159\u00edvalov\u00fdmi de\u0161ti od kv\u011btna do listopadu, utv\u00e1\u0159\u00ed jak rytmus ka\u017edodenn\u00edho \u017eivota, tak i kontury jeho zelen\u00e9ho, \u200b\u200bzvln\u011bn\u00e9ho ter\u00e9nu.<\/p>\n<p>San Crist\u00f3bal byl od sv\u00fdch po\u010d\u00e1tk\u016f sv\u011bdkem epoch prom\u011bn. Druh\u00e1 plavba Kry\u0161tofa Kolumba v roce 1493 up\u0159ela na tyto svahy zraky Evropan\u016f a v n\u00e1sleduj\u00edc\u00edm stolet\u00ed se pod\u00e9l \u00farodn\u00fdch pl\u00e1n\u00ed mezi Hainou a Niguou za\u010daly mno\u017eit ran\u010de a cukrov\u00e9 haciendy. Traduje se, \u017ee Miguel D\u00edaz, uprchl\u00edk p\u0159ed p\u0159\u00edsn\u00fdmi tresty La Isabely, zde s pomoc\u00ed sv\u00e9 domorod\u00e9 man\u017eelky Cataliny objevil lo\u017eiska zlata. Jeho n\u00e1vrat do La Isabely katalyzoval rozhodnut\u00ed \u0161pan\u011blsk\u00e9 koruny zalo\u017eit pevnost Fort Buenaventura \u2013 brzy p\u0159ejmenovanou na San Crist\u00f3bal na po\u010dest admir\u00e1la \u2013 a t\u00edm polo\u017eil z\u00e1klady osady, jej\u00ed\u017e farn\u00ed kostel San Gregorio de Nigua, postaven\u00fd v roce 1782, dodnes pat\u0159\u00ed mezi jej\u00ed nejstar\u0161\u00ed budovy.<\/p>\n<p>Devaten\u00e1ct\u00e9 stolet\u00ed p\u0159idalo dal\u0161\u00ed vrstvy historick\u00e9ho v\u00fdznamu. V roce 1844 byla v okrsc\u00edch San Crist\u00f3balu slavnostn\u011b podeps\u00e1na \u00fastava rod\u00edc\u00ed se Dominik\u00e1nsk\u00e9 republiky, \u010d\u00edm\u017e se upevnila jej\u00ed role jako\u017eto zkou\u0161e\u010dky n\u00e1rodn\u00ed suverenity. Kompaktn\u00ed ulice a n\u00e1m\u011bst\u00ed m\u011bsta sv\u011bd\u010dily o tomto v\u00e1\u0161niv\u00e9m shrom\u00e1\u017ed\u011bn\u00ed deleg\u00e1t\u016f, jejich\u017e podpisy byly nesmazateln\u00fdm sv\u011bdectv\u00edm o odhodl\u00e1n\u00ed za\u010d\u00ednaj\u00edc\u00edho n\u00e1roda. V t\u011bchto okrsc\u00edch p\u0159etrv\u00e1v\u00e1 v kolektivn\u00ed pam\u011bti slavnostn\u00ed s\u00e1l, kter\u00fd hostil signat\u00e1\u0159e, i kdy\u017e okoln\u00ed stavby byly neust\u00e1l\u00fdm postupem \u010dasu p\u0159etvo\u0159eny.<\/p>\n<p>P\u0159esto je to pr\u00e1v\u011b dvac\u00e1t\u00e9 stolet\u00ed, kter\u00e9 \u010dasto vrh\u00e1 nejdel\u0161\u00ed st\u00edn. V roce 1891 se v mez\u00edch San Crist\u00f3balu narodil Rafael Le\u00f3nidas Trujillo Molina, kter\u00fd se pozd\u011bji stal autorit\u00e1\u0159sk\u00fdm vl\u00e1dcem po t\u0159icet let. Dikt\u00e1torova p\u0159\u00edtomnost vtiskla m\u011bstsk\u00e9 krajin\u011b velkolep\u00e9 i ok\u00e1zal\u00e9 pam\u00e1tky \u2013 mezi nimi\u017e byl Balneario La Toma, rekrea\u010dn\u00ed komplex koncipovan\u00fd jako p\u0159ehl\u00eddka rekrea\u010dn\u00ed modernity, a Parque Piedras Vivas, kolon\u00e1da z kamen\u016f vybran\u00fdch z ka\u017ed\u00e9 dominik\u00e1nsk\u00e9 provincie, postaven\u00e1 na sebeoslavnou poctu. Soukrom\u00e9 nemovitosti spojen\u00e9 s jeho rodinou \u2013 El Castillo El Cerro, La Casa de Playa de Najayo (\u010dasto naz\u00fdvan\u00e1 Casa de Marfil), La Hacienda Mar\u00eda nebo Casa Blanca a honosn\u00e1 Casa de Caoba \u2013 kdysi symbolizovaly jeho panstv\u00ed; dnes, a\u010dkoli tyto stavby existuj\u00ed, nesou stopy zanedb\u00e1v\u00e1n\u00ed a jejich fas\u00e1dy se rozpadaj\u00ed jako poz\u016fstatky kapitoly, o kter\u00e9 by si mnoz\u00ed p\u0159\u00e1li, aby nikdy nebyla naps\u00e1na.<\/p>\n<p>Trujill\u016fv p\u00e1d v roce 1961 \u2013 zast\u0159elen skupinou spiklenc\u016f cestou do San Crist\u00f3balu \u2013 znamenal n\u00e1hl\u00fd konec autorit\u00e1\u0159sk\u00e9 vl\u00e1dy, p\u0159esto jeho architektonick\u00e9 d\u011bdictv\u00ed z\u016fst\u00e1v\u00e1 vetk\u00e1no do m\u011bstsk\u00e9 struktury. Zat\u00edmco letovisko v La Toma st\u00e1le p\u0159itahuje turisty z vlastn\u00edch zdroj\u016f, kte\u0159\u00ed hledaj\u00ed rychlou \u00falevu od pob\u0159e\u017e\u00ed, a park \u017div\u00fdch kamen\u016f stoj\u00ed jako nezam\u00fd\u0161len\u00fd pomn\u00edk arogance i jednoty, pod\u00e9l hlavn\u00edch t\u0159\u00edd vyr\u016fst\u00e1 nespo\u010det men\u0161\u00edch podnik\u016f, kter\u00e9 signalizuj\u00ed ob\u010dansk\u00fd impuls k znovuobjeven\u00ed a nov\u00e9mu vyu\u017eit\u00ed prostor\u016f napjat\u00e9 minulosti.<\/p>\n<p>Geograficky p\u0159edstavuje San Crist\u00f3bal rozmanitou sc\u00e9nu. \u00dadol\u00ed, zavla\u017eovan\u00e1 p\u0159\u00edtoky sb\u00edhaj\u00edc\u00edmi se u \u0159eky Nizao, p\u011bstuj\u00ed drobn\u00e9 plant\u00e1\u017ee \u2013 cibulov\u00e9 z\u00e1hony na pl\u00e1n\u00edch Najayo-Palenque, k\u00e1vov\u00e9 h\u00e1je lemuj\u00edc\u00ed bli\u017e\u0161\u00ed horsk\u00e9 svahy a citrusov\u00e9 plant\u00e1\u017ee ve Villa Altagracia. Za zem\u011bd\u011blsk\u00fdm p\u00e1sem pulzuje pr\u016fmyslov\u00fd koridor pulzuj\u00edc\u00ed aktivitou. Tov\u00e1rna Maggi spole\u010dnosti Nestl\u00e9, zpracovatelsk\u00fd z\u00e1vod Goya Foods a z\u00e1vody skupiny Sancela Family zauj\u00edmaj\u00ed prominentn\u00ed m\u00edsta, k nim\u017e se p\u0159ipojuje skl\u00e1\u0159sk\u00fd pr\u016fmyslov\u00fd park, tov\u00e1rna na potrub\u00ed CEDELCA a d\u00edlny na mramor a dla\u017edice pod hlavi\u010dkou Marmotech, Tecnotiles a Star Marble. Mozaiku dopl\u0148uje z\u00f3na bez zbrojnice a r\u016fzn\u00e9 linky na v\u00fdrobu lehk\u00e9ho vybaven\u00ed. Vzhledem k bl\u00edzkosti Santo Dominga se v\u0161ak v\u00fdznamn\u00e1 \u010d\u00e1st populace denn\u011b vyd\u00e1v\u00e1 na cesty do hlavn\u00edho m\u011bsta nebo do sousedn\u00edch center, jako jsou Bajo de Haina a Nigua, a jejich exodus je ka\u017edodenn\u00edm d\u016fkazem metropolitn\u00edho magnetismu.<\/p>\n<p>Z ekonomick\u00e9ho hlediska se San Crist\u00f3bal \u0159ad\u00ed mezi nejv\u00fdznamn\u011bj\u0161\u00ed m\u011bstsk\u00e1 centra zem\u011b \u2013 co\u017e se odr\u00e1\u017e\u00ed v \u0161irok\u00e9m spektru obchodu. Pr\u016fmysl v obci a p\u0159ilehl\u00fdch svobodn\u00fdch z\u00f3n\u00e1ch koexistuje se zem\u011bd\u011blsk\u00fdmi podniky a p\u0159\u00edstavn\u00edmi operacemi v Bajo de Haina a Palenque. P\u0159epln\u011bn\u00e9 sklady ve svobodn\u00fdch z\u00f3n\u00e1ch, kudy se zbo\u017e\u00ed orientovan\u00e9 na export pohybuje v \u0159\u00edzen\u00e9m proces\u00ed, zast\u00edraj\u00ed tichou p\u00edli farm\u00e1\u0159\u016f, kte\u0159\u00ed l\u00e1kaj\u00ed k\u00e1vov\u00e9 bobule z zalesn\u011bn\u00fdch v\u00fdhonk\u016f nebo se shlukuj\u00ed v k\u0159ehk\u00fdch v\u00fdhonc\u00edch cibulov\u00fdch pol\u00ed. Sousedstv\u00ed t\u011b\u017ek\u00e9ho pr\u016fmyslu a skromn\u00e9 \u200b\u200borby definuje vyv\u00e1\u017eenou ekonomiku, kter\u00e1 se ani nedo\u017eaduje v\u00fdhradn\u011b megaprojekt\u016f, ani ne\u017eiv\u00ed pouze z p\u0159\u00edlivu a odlivu sez\u00f3nn\u00edch v\u00fdnos\u016f.<\/p>\n<p>Turismus, prim\u00e1rn\u011b dom\u00e1c\u00ed, p\u0159in\u00e1\u0161\u00ed dal\u0161\u00ed vitalitu. Pl\u00e1\u017e v Najayo zve rodiny k povalov\u00e1n\u00ed na jej\u00edm p\u00edsku a vyd\u00e1v\u00e1n\u00ed se do tepl\u00fdch mo\u0159sk\u00fdch vln, zat\u00edmco pob\u0159e\u017e\u00ed Palenque nab\u00edz\u00ed odlehlej\u0161\u00ed \u00fato\u010di\u0161t\u011b. Ve vnitrozem\u00ed l\u00e1kaj\u00ed jednodenn\u00ed v\u00fdletn\u00edky baz\u00e9ny a piknikov\u00e1 m\u00edsta v Balnearios de La Toma a Cuevas del Pomier \u2013 s\u00ed\u0165 jeskyn\u00ed poset\u00fdch p\u0159edkolumbovsk\u00fdmi petroglyfy \u2013 nab\u00edz\u00ed pohled na starov\u011bk\u00e9 obyvatele ostrova. \u0158eky Haina a Nizao, vinouc\u00ed se ka\u0148ony ve st\u00ednu manga a ceiby, poskytuj\u00ed p\u0159\u00edrodn\u00ed amfite\u00e1try pro plavce i ryb\u00e1\u0159e, jejich\u017e \u010dist\u00e9 proudy p\u0159ipom\u00ednaj\u00ed dobu, kdy se \u00fadol\u00edm oz\u00fdval jen zp\u011bv pt\u00e1k\u016f.<\/p>\n<p>V souladu se sv\u00fdmi rozmanit\u00fdmi snahami si San Crist\u00f3bal vyp\u011bstoval robustn\u00ed telekomunika\u010dn\u00ed s\u00edt\u011b. Hlavn\u00ed n\u00e1rodn\u00ed telefonn\u00ed oper\u00e1to\u0159i udr\u017euj\u00ed pln\u00fd provoz a kabelov\u00e9 a satelitn\u00ed televizn\u00ed slu\u017eby jsou \u0161iroce dostupn\u00e9, co\u017e umo\u017e\u0148uje obyvatel\u016fm z\u016fstat nejen ve spojen\u00ed v r\u00e1mci republiky, ale tak\u00e9 se sezn\u00e1mit s glob\u00e1ln\u00edmi diskurzy. V kav\u00e1rn\u00e1ch i skromn\u00fdch obchodech ob\u010dan\u00e9 pou\u017e\u00edvaj\u00ed notebooky a mobiln\u00ed za\u0159\u00edzen\u00ed a roz\u0161i\u0159uj\u00ed tak dosah \u00fadol\u00ed za jeho fyzick\u00e9 hranice prost\u0159ednictv\u00edm digit\u00e1ln\u00edch tepen.<\/p>\n<p>B\u011bhem sv\u00e9ho v\u00fdvoje San Crist\u00f3bal vst\u0159ebal postupn\u00e9 vrstvy identity \u2013 p\u0159edkoloni\u00e1ln\u00ed os\u00eddlen\u00ed, koloni\u00e1ln\u00ed zem\u011bd\u011blstv\u00ed, revolu\u010dn\u00ed tav\u00edc\u00ed kotel, v\u00fdkladn\u00ed sk\u0159\u00ed\u0148 dikt\u00e1tora, pr\u016fmyslovou velmoc a dom\u00e1c\u00ed \u00fato\u010di\u0161t\u011b. Ka\u017ed\u00e1 vrstva sp\u00ed\u0161e dopl\u0148uje, ne\u017e zast\u00edr\u00e1 ostatn\u00ed, a vytv\u00e1\u0159\u00ed tak palimpsest, kter\u00fd se br\u00e1n\u00ed povrchn\u00ed charakterizaci. \u010clov\u011bk by se mohl proch\u00e1zet po Avenida Espa\u00f1a a p\u0159ej\u00edt od zdoben\u00e9, by\u0165 zch\u00e1tral\u00e9, fas\u00e1dy Trujillovy b\u00fdval\u00e9 rezidence k leskl\u00fdm mont\u00e1\u017en\u00edm link\u00e1m modern\u00ed v\u00fdroby, p\u0159echod tak n\u00e1hl\u00fd, \u017ee vyb\u00edz\u00ed k zamy\u0161len\u00ed nad rozmanit\u00fdmi trajektoriemi pokroku a moci.<\/p>\n<p>V polo\u0161eru \u00fasvitu \u00fadol\u00ed vyza\u0159uje t\u00e9m\u011b\u0159 meditativn\u00ed klid. Obchodn\u00edci se p\u0159ipravuj\u00ed na odesl\u00e1n\u00ed n\u00e1klad\u016f cibule sm\u011b\u0159uj\u00edc\u00edch na vzd\u00e1len\u00e9 trhy; tov\u00e1rn\u00ed br\u00e1ny se otev\u00edraj\u00ed, kdy\u017e se d\u011bln\u00edci sb\u00edhaj\u00ed pod transparenty oznamuj\u00edc\u00edmi zm\u011bny sm\u011bn; vody \u0159eky Nizao, hedv\u00e1bn\u00e9 pod rann\u00edm sluncem, \u0161um\u00ed na kamenech vyhlazen\u00fdch stalet\u00edmi plavby. V poledne metropole hu\u010d\u00ed naplno a ve\u010der se b\u0159ehy \u0159ek pln\u00ed sm\u00edchem a zp\u011bvem. Takov\u00fd je cyklick\u00fd balet San Crist\u00f3balu: m\u011bsta, jeho\u017e obrysy jsou definov\u00e1ny vodou a h\u0159ebenem, jeho\u017e p\u0159\u00edb\u011bh je veps\u00e1n do kamen\u016f \u017eiv\u00fdch i d\u00e1vno padl\u00fdch a jeho\u017e budoucnost z\u016fst\u00e1v\u00e1 stejn\u011b \u017eiv\u00e1 a nep\u0159edv\u00eddateln\u00e1 jako pe\u0159eje, kter\u00e9 vytes\u00e1vaj\u00ed jeho hranice.<\/p>\n<p>Pr\u016fjezd San Crist\u00f3balem znamen\u00e1 setkat se se synchronicitou motiv\u016f \u2013 politick\u00e9ho vzniku, koloni\u00e1ln\u00edho podnik\u00e1n\u00ed, poz\u016fstatk\u016f despotismu, pr\u016fmyslov\u00e9 energie a turistick\u00e9ho oddechu \u2013 vetk\u00e1vaj\u00edc\u00edch se do tapis\u00e9rie starobyl\u00e9 i nov\u011b vznikaj\u00edc\u00ed. \u00dadol\u00ed, lemovan\u00e9 horami a veden\u00e9 \u0159ekami, poskytuje \u00fato\u010di\u0161t\u011b obyvatelstvu, jeho\u017e pr\u00e1ce a voln\u00fd \u010das jsou neodd\u011bliteln\u011b spjaty s p\u016fdou. Zde signat\u00e1\u0159i \u00fastavy kdysi sl\u00edbili svobodu; zde dikt\u00e1tor stav\u011bl pomn\u00edky na pam\u00e1tku sv\u00e9ho sebe sama; zde \u0159emesln\u00edci vyr\u00e1b\u011bj\u00ed mramorov\u00e9 desky, zat\u00edmco rodiny s\u00e1zej\u00ed sazenice k\u00e1vy. Pr\u00e1v\u011b v tomto prol\u00edn\u00e1n\u00ed d\u011bdictv\u00ed a dynamiky San Crist\u00f3bal odhaluje svou podstatu: m\u00edsto z\u00e1rove\u0148 reflexivn\u00ed a p\u0159edv\u00eddav\u00e9, kde v\u00e1ha historie podp\u00edr\u00e1 p\u0159\u00edslib z\u00edt\u0159ka.<\/p>","protected":false},"excerpt":{"rendered":"<p>San Crist\u00f3bal je dynamick\u00e9 m\u011bsto nach\u00e1zej\u00edc\u00ed se v ji\u017en\u00ed \u010d\u00e1sti Dominik\u00e1nsk\u00e9 republiky. M\u011bsto funguje jako hlavn\u00ed m\u011bsto provincie San Crist\u00f3bal, le\u017e\u00edc\u00ed v malebn\u00e9m \u00fadol\u00ed na \u00fapat\u00ed poho\u0159\u00ed Cordillera Central, ohrani\u010den\u00e9ho \u0159ekami Nigua a Nizao. Tato obec zahrnuje m\u011bstsk\u00fd obvod zvan\u00fd Hato Damas.<\/p>","protected":false},"author":1,"featured_media":3743,"parent":9128,"menu_order":0,"comment_status":"closed","ping_status":"closed","template":"elementor_theme","meta":{"_eb_attr":"","footnotes":""},"class_list":["post-9165","page","type-page","status-publish","has-post-thumbnail"],"_links":{"self":[{"href":"https:\/\/travelshelper.com\/cs\/wp-json\/wp\/v2\/pages\/9165","targetHints":{"allow":["GET"]}}],"collection":[{"href":"https:\/\/travelshelper.com\/cs\/wp-json\/wp\/v2\/pages"}],"about":[{"href":"https:\/\/travelshelper.com\/cs\/wp-json\/wp\/v2\/types\/page"}],"author":[{"embeddable":true,"href":"https:\/\/travelshelper.com\/cs\/wp-json\/wp\/v2\/users\/1"}],"replies":[{"embeddable":true,"href":"https:\/\/travelshelper.com\/cs\/wp-json\/wp\/v2\/comments?post=9165"}],"version-history":[{"count":0,"href":"https:\/\/travelshelper.com\/cs\/wp-json\/wp\/v2\/pages\/9165\/revisions"}],"up":[{"embeddable":true,"href":"https:\/\/travelshelper.com\/cs\/wp-json\/wp\/v2\/pages\/9128"}],"wp:featuredmedia":[{"embeddable":true,"href":"https:\/\/travelshelper.com\/cs\/wp-json\/wp\/v2\/media\/3743"}],"wp:attachment":[{"href":"https:\/\/travelshelper.com\/cs\/wp-json\/wp\/v2\/media?parent=9165"}],"curies":[{"name":"wp","href":"https:\/\/api.w.org\/{rel}","templated":true}]}}