{"id":9146,"date":"2024-09-07T14:47:02","date_gmt":"2024-09-07T14:47:02","guid":{"rendered":"https:\/\/travelshelper.com\/staging\/?page_id=9146"},"modified":"2026-03-13T16:03:47","modified_gmt":"2026-03-13T16:03:47","slug":"puerto-plata","status":"publish","type":"page","link":"https:\/\/travelshelper.com\/cs\/destinations\/north-america\/dominican-republic\/puerto-plata\/","title":{"rendered":"Puerto Plata"},"content":{"rendered":"<p>San Felipe de Puerto Plata je hlavn\u00edm p\u0159\u00edstavem a hlavn\u00edm m\u011bstem provincie na severn\u00edm pob\u0159e\u017e\u00ed Dominik\u00e1nsk\u00e9 republiky. Jeho m\u011bstsk\u00e1 z\u00e1stavba se rozkl\u00e1d\u00e1 kolem p\u0159\u00edrodn\u00edho p\u0159\u00edstavu pod 793 metr\u016f vysok\u00fdm vrcholem Pico Isabel de Torres. M\u011bsto s trvalou vitalitou nab\u00edz\u00ed v\u00edce ne\u017e sto tis\u00edc l\u016f\u017eek v resortech a pr\u016fkopnickou lanovku v regionu. Jeho pob\u0159e\u017e\u00ed lemuj\u00ed na v\u00fdchod\u011b pl\u00e1\u017ee Playa Dorada a Costa Dorada. Puerto Plata se st\u00e1v\u00e1 centrem historie, obchodu a voln\u00e9ho \u010dasu.<\/p>\n<p>Od chv\u00edle, kdy \u0161pan\u011bl\u0161t\u00ed kolonist\u00e9 poprv\u00e9 vkro\u010dili na jeho b\u0159ehy na po\u010d\u00e1tku \u0161estn\u00e1ct\u00e9ho stolet\u00ed, je Puerto Plata formov\u00e1no proudy ambic\u00ed i nep\u0159\u00edzn\u011b osudu. V t\u00e9 dob\u011b slou\u017eila osada jako hlavn\u00ed n\u00e1mo\u0159n\u00ed termin\u00e1l Santo Dominga, kter\u00fd usnad\u0148oval tok zbo\u017e\u00ed a my\u0161lenek mezi Evropou a Nov\u00fdm sv\u011btem. P\u0159esto v roce 1605 kr\u00e1lovsk\u00fd dekret za Filipa III. ohl\u00e1sil jeho do\u010dasn\u00fd z\u00e1nik, kdy\u017e \u00fa\u0159ady m\u011bsto srovnaly se zem\u00ed, aby odrazily vp\u00e1dy anglick\u00fdch korz\u00e1ren. Po cel\u00e9 stolet\u00ed le\u017eel z\u00e1liv tich\u00fd, jeho sklady opu\u0161t\u011bn\u00e9 a ulice znovu zalesn\u011bn\u00e9 k\u0159ov\u00edm, dokud farm\u00e1\u0159i z Kan\u00e1rsk\u00fdch ostrov\u016f nevdechli zemi nov\u00fd \u017eivot s jednoduch\u00fdmi usedlostmi a poli. Tento n\u00e1vrat lidstva znamenal prvn\u00ed z mnoha renesanc\u00ed, nebo\u0165 v n\u00e1sleduj\u00edc\u00edch kapitol\u00e1ch Puerto Plata sn\u00e1\u0161ela okupaci, ni\u010den\u00ed a znovuzrozen\u00ed v rytmech, kter\u00e9 odr\u00e1\u017eely bou\u0159livou minulost ostrova.<\/p>\n<p>Geograficky jsou obrysy m\u011bsta definov\u00e1ny strm\u00fdm topografi\u00ed. Na severu se neklidn\u00e9 vlny Atlantiku val\u00ed do z\u00e1toky, jej\u00ed\u017e ochrann\u00e9 pa\u017ee kdysi chr\u00e1nily \u0161pan\u011blsk\u00e9 galeony. Na jih se strm\u011b zvedaj\u00ed svahy Isabel de Torres, kter\u00e9 osad\u011b poskytuj\u00ed impozantn\u00ed v\u00fdhodu \u2013 t\u00e9m\u011b\u0159 cel\u00e1 je viditeln\u00e1 z n\u00e1b\u0159e\u017e\u00ed pod n\u00ed. Tato hora, odlehl\u00fd v\u00fdb\u011b\u017eek poho\u0159\u00ed Cordillera Septentrional, se ty\u010d\u00ed t\u00e9m\u011b\u0159 osm set metr\u016f nad mo\u0159em, jej\u00ed\u017e koruna je zahalena mlhou, kter\u00e1 d\u0159\u00edve inspirovala Kolumba k tomu, aby ji pojmenoval Monte de Plata neboli St\u0159\u00edbrn\u00e1 hora, podle sv\u011bt\u00e9lkuj\u00edc\u00edho z\u00e1voje, kter\u00fd za \u00fasvitu zahaloval jej\u00ed vrchol. Dnes se n\u00e1v\u0161t\u011bvn\u00edci vyd\u00e1vaj\u00ed lanovkou, kter\u00e1 byla slavnostn\u011b otev\u0159ena v roce 1975, skromn\u00fdm vl\u00e1\u010dkem, jeho\u017e t\u0159in\u00e1ctiminutov\u00e1 cesta p\u0159eprav\u00ed sedmn\u00e1ct cestuj\u00edc\u00edch p\u0159es panoramatick\u00e9 v\u00fdhledy a vysad\u00ed je v tropick\u00e9 botanick\u00e9 zahrad\u011b, kter\u00e1 na sedmi akrech ukr\u00fdv\u00e1 \u0161est set druh\u016f fl\u00f3ry.<\/p>\n<p>Ozv\u011bny tohoto koloni\u00e1ln\u00edho d\u011bdictv\u00ed z\u016fst\u00e1vaj\u00ed vetk\u00e1ny do m\u011bstsk\u00e9 tapiserie Puerto Plata. Pevnost San Felipe, dokon\u010den\u00e1 v roce 1577 a pojmenovan\u00e1 po kr\u00e1li Filipovi II., se ty\u010d\u00ed jako str\u00e1\u017ece nad n\u00e1b\u0159e\u017e\u00edm \u2013 jej\u00ed siln\u00e9 zdivo a nepravideln\u00e9 ba\u0161ty jsou trval\u00fdm d\u016fkazem vojensk\u00e9ho p\u016fvodu m\u011bsta. V historick\u00e9m j\u00e1dru odhaluje jemn\u00e1 symetrie viktori\u00e1nsk\u00fdch fas\u00e1d ambice Evropan\u016f devaten\u00e1ct\u00e9ho stolet\u00ed, kte\u0159\u00ed p\u0159i\u0161li po v\u00e1lce za restauraci Dominik\u00e1nsk\u00e9 republiky. Francouz\u0161t\u00ed, ital\u0161t\u00ed, n\u011bme\u010dt\u00ed a angli\u010dt\u00ed p\u0159ist\u011bhovalci p\u0159inesli d\u0159ev\u011bn\u00e9 vy\u0159ez\u00e1van\u00e9 balkony a m\u0159\u00ed\u017eovan\u00e9 verandy, \u010d\u00edm\u017e vytvo\u0159ili m\u00edstn\u00ed idiom, kter\u00fd m\u00eds\u00ed karibskou lehkost s evropsk\u00fdm ornamentem. Dal\u0161\u00ed vrstvy stylistick\u00e9 evoluce dorazily za americk\u00e9 okupace na po\u010d\u00e1tku dvac\u00e1t\u00e9ho stolet\u00ed, kdy betonov\u00e9 bloky p\u0159inesly aerodynamick\u00e9 budovy, kter\u00e9 dodnes lemuj\u00ed ulice pojmenovan\u00e9 po politick\u00fdch hrdinech a m\u00edstn\u00edch v\u00fdznamn\u00fdch osobnostech.<\/p>\n<p>Tyto ulice p\u0159ekypuj\u00ed kulturn\u00ed vitalitou. V pozdn\u00ed zim\u011b o\u017eivuj\u00ed karnevalov\u00e9 pr\u016fvody t\u0159\u00eddy \u010f\u00e1bly z kmene Taim\u00e1scaro, jejich\u017e masky evokuj\u00ed bo\u017estva z kmene Ta\u00edno, zahalen\u00fdmi do stuh, kter\u00e9 odkazuj\u00ed na \u0161pan\u011blskou ok\u00e1zalost a africk\u00e9 rytmy. Pr\u016fvody malovan\u00fdch voz\u016f a tane\u010dn\u00edk\u016f obto\u010den\u00fdch kolem lasturov\u00fdch roh\u016f se sb\u00edhaj\u00ed v oslav\u011b, kter\u00e1 se t\u00e1hne od mola do ka\u017ed\u00e9 bo\u010dn\u00ed ulice a p\u0159ipom\u00edn\u00e1 nep\u0159eru\u0161enou tradici sahaj\u00edc\u00ed a\u017e do devaten\u00e1ct\u00e9ho stolet\u00ed. Ka\u017ed\u00fd rok vesel\u00ed korunuje kr\u00e1le Moma, symbolick\u00e9ho panovn\u00edka pov\u011b\u0159en\u00e9ho dodr\u017eov\u00e1n\u00edm identity p\u0159edk\u016f prost\u0159ednictv\u00edm bubn\u016f a chor\u00e1l\u016f, kter\u00e9 se oz\u00fdvaj\u00ed na viktori\u00e1nsk\u00fdch \u0161t\u00edtech.<\/p>\n<p>Za historickou \u010dtvrt\u00ed plyne n\u00e1mo\u0159n\u00ed obchod bez p\u0159eru\u0161en\u00ed. Luxusn\u00ed parn\u00edky kotv\u00ed v Amber Cove, termin\u00e1lu v hodnot\u011b osmdes\u00e1ti p\u011bti milion\u016f dolar\u016f, kter\u00fd v roce 2015 otev\u0159ela spole\u010dnost Carnival Cruise Line, zat\u00edmco nedalek\u00fd termin\u00e1l pro v\u00fdletn\u00ed plavby v Taino Bay, slavnostn\u011b otev\u0159en\u00fd v prosinci 2021, slou\u017e\u00ed lod\u00edm, kter\u00e9 hledaj\u00ed intimn\u011bj\u0161\u00ed p\u0159\u00edstup k centru m\u011bsta. V bezceln\u00edch z\u00f3n\u00e1ch kotv\u00ed lod\u011b s obecn\u00fdm n\u00e1kladem, kter\u00e9 nakl\u00e1daj\u00ed ban\u00e1ny, cukr, rum a textil sm\u011b\u0159uj\u00edc\u00ed na vzd\u00e1len\u00e9 trhy. M\u00edstn\u00ed akvakultura a drobn\u00fd \u0159emesln\u00fd rybolov tak\u00e9 udr\u017euj\u00ed m\u00edstn\u00ed trhy, kde ryb\u00e1\u0159i za \u00fasvitu lov\u00ed drav\u00e9 ostr\u016fvky a kanice, jejich\u017e \u010dluny se pohupuj\u00ed na siluet\u011b Isla Isabel, skalnat\u00e9ho v\u00fdb\u011b\u017eku u pob\u0159e\u017e\u00ed.<\/p>\n<p>Pod\u00e9l pob\u0159e\u017e\u00ed od samotn\u00e9ho p\u0159\u00edstavu se rozprost\u00edraj\u00ed k\u0159i\u0161\u0165\u00e1lov\u011b tyrkysov\u00e9 vody se zlat\u00fdm p\u00edskem \u2013 mezi nimi\u017e jsou nejd\u016fle\u017eit\u011bj\u0161\u00ed Playa Dorada a Costa Dorada. Za sv\u00edt\u00e1n\u00ed se tyto k\u0159ivky pob\u0159e\u017e\u00ed t\u0159pyt\u00ed pod sluncem zalit\u00fdm rovn\u00edkov\u00fdm teplem; za v\u00fdchodu m\u011bs\u00edce se t\u0159pyt\u00ed odlesky, kter\u00e9 p\u0159ipom\u00ednaj\u00ed Kolumbovy prvn\u00ed dojmy ze st\u0159\u00edbra. Ve vnitrozem\u00ed se nach\u00e1z\u00ed Ocean World, dobrodru\u017en\u00fd park v hodnot\u011b dvaceti sedmi milion\u016f dolar\u016f, zasazen\u00fd uprost\u0159ed \u00fates\u016f pl\u00e1\u017ee Cofres\u00ed. V jachta\u0159sk\u00e9m p\u0159\u00edstavu \u017eije devaten\u00e1ct delf\u00edn\u016f v zajet\u00ed, zat\u00edmco malaj\u0161t\u00ed tyg\u0159i se proch\u00e1zej\u00ed simulovan\u00fdmi d\u017eunglov\u00fdmi m\u00fdtinami a tropi\u010dt\u00ed pt\u00e1ci krou\u017e\u00ed nad akv\u00e1rii, kter\u00e1 zachycuj\u00ed kaleidoskop karibsk\u00e9 ichtyofauny. Pro rodiny s d\u011btmi i mo\u0159sk\u00e9 v\u011bdce p\u0159edstavuje park spojen\u00ed pod\u00edvan\u00e9 a vzd\u011bl\u00e1v\u00e1n\u00ed, jeho temn\u011bj\u0161\u00ed z\u00e1kout\u00ed p\u0159ipom\u00ednaj\u00ed n\u00e1v\u0161t\u011bvn\u00edkovi vz\u00e1jemnou z\u00e1vislost druh\u016f v prom\u011bnliv\u00fdch pob\u0159e\u017en\u00edch ekosyst\u00e9mech.<\/p>\n<p>Vodn\u00ed toky mezi kopci a pl\u00e1n\u011bmi provincie Puerto Plata vedou s\u00edt\u00ed \u0159ek a potok\u016f, jejich\u017e n\u00e1zvy zn\u011bj\u00ed jako poezie \u2013 Cam\u00fa del Norte, San Marcos, Corozo, Mu\u00f1oz a Maim\u00f3n \u2013 ka\u017ed\u00fd se vine t\u0159tinov\u00fdmi poli a citrusov\u00fdmi h\u00e1ji, ne\u017e se vd\u00e1 oce\u00e1nu. Men\u0161\u00ed pot\u016f\u010dky, F\u00fa, Blanco, Caballo a Culebra, vy\u017eivuj\u00ed zelen\u00e1 \u00fadol\u00ed, kde se p\u011bstuj\u00ed plantainy a k\u00e1va, jejich\u017e \u00faroda poh\u00e1n\u00ed m\u00edstn\u00ed zem\u011bd\u011blsk\u00e9 podniky, kter\u00e9 jsou z\u00e1kladem ekonomiky. Tropick\u00e9 monzunov\u00e9 klima regionu se vyzna\u010duje dv\u011bma ro\u010dn\u00edmi obdob\u00edmi: dusn\u00fdm l\u00e9tem s m\u00edrn\u00fdmi de\u0161ti a zimou ohla\u0161ovanou severn\u00edmi studen\u00fdmi frontami, kter\u00e9 p\u0159in\u00e1\u0161ej\u00ed lij\u00e1ky a sv\u011b\u017e\u00ed v\u00e1nek z hisp\u00e1nsk\u00e9 vyso\u010diny. Tyto meteorologick\u00e9 rytmy diktuj\u00ed cykly s\u00e1zen\u00ed i kalend\u00e1\u0159e festival\u016f a vyb\u00edzej\u00ed k m\u011b\u0159en\u00e9mu tempu, kter\u00e9 kontrastuje s oscilacemi Karibiku.<\/p>\n<p>V r\u00e1mci ekonomick\u00e9ho portfolia m\u011bsta kraluje cestovn\u00ed ruch, ale \u017eivobyt\u00ed obyvatel zaji\u0161\u0165uje cel\u00e1 \u0159ada dopl\u0148kov\u00fdch odv\u011btv\u00ed. Textiln\u00ed a lehk\u00fd pr\u016fmysl zab\u00edraj\u00ed p\u0159\u00edm\u011bstsk\u00e9 pozemky, zat\u00edmco lod\u011bnice pod\u00e9l z\u00e1livu vyr\u00e1b\u011bj\u00ed a opravuj\u00ed lod\u011b, kter\u00e9 pluj\u00ed po pob\u0159e\u017en\u00edch tras\u00e1ch. Bezceln\u00ed z\u00f3na pobl\u00ed\u017e La Union sm\u011bruje dovoz, kter\u00fd podporuje stavebnictv\u00ed a spot\u0159ebn\u00ed zbo\u017e\u00ed v cel\u00e9 provincii. Mezin\u00e1rodn\u00ed leti\u0161t\u011b Gregorio Luper\u00f3n, kter\u00e9 se nach\u00e1z\u00ed asi patn\u00e1ct kilometr\u016f v\u00fdchodn\u011b od San Felipe, nav\u00edc spojuje destinaci s t\u0159in\u00e1cti osobn\u00edmi a t\u0159emi n\u00e1kladn\u00edmi dopravci, a s stejnou rychlost\u00ed p\u0159iv\u00e1d\u00ed cestovatele tou\u017e\u00edc\u00ed po v\u00fdhod\u00e1ch i zbo\u017e\u00ed podl\u00e9haj\u00edc\u00ed rychl\u00e9 zk\u00e1ze.<\/p>\n<p>Muzea uchov\u00e1vaj\u00ed kulturn\u00ed d\u011bdictv\u00ed m\u011bsta. Ve vile Bentz, elegantn\u00edm s\u00eddle z roku 1918, kter\u00e9 navrhl \u0161pan\u011blsk\u00fd architekt Mar\u00edn Gallart y Cant\u00fa, se nach\u00e1z\u00ed Museo del \u00c1mbar Dominicano. Od sv\u00e9ho zalo\u017een\u00ed v roce 1982 rodinnou kulturn\u00ed spole\u010dnost\u00ed Alda Costy muzeum vystavuje bezkonkuren\u010dn\u00ed sb\u00edrku zkamen\u011bl\u00fdch prysky\u0159ic \u2013 jantarov\u00fdch kamen\u016f, kter\u00e9 v zlatav\u00e9 \u010distot\u011b ukr\u00fdvaj\u00ed prehistorick\u00fd hmyz a fragmenty rostlin. Ka\u017ed\u00fd expon\u00e1t vyb\u00edz\u00ed k zamy\u0161len\u00ed nad hlubok\u00fdm \u010dasem a ekologick\u00fdmi posuny, kter\u00e9 utv\u00e1\u0159ely biodiverzitu Karibiku.<\/p>\n<p>M\u00e9n\u011b form\u00e1ln\u00ed, ale nem\u00e9n\u011b evokativn\u00ed jsou viktori\u00e1nsk\u00e9 domy Casas v koloni\u00e1ln\u00ed z\u00f3n\u011b (Zona Colonial). Tyto d\u0159ev\u011bn\u00e9 domy, postaven\u00e9 od roku 1879, se vyzna\u010duj\u00ed krajkov\u00fdm zdoben\u00edm a vysok\u00fdmi stropy vhodn\u00fdmi pro tropick\u00e9 podneb\u00ed. Jejich proporce odr\u00e1\u017eej\u00ed dobu, kdy \u0159emesln\u00e9 zpracov\u00e1n\u00ed a ornamenty byly symbolem aspirac\u00ed. Uprost\u0159ed t\u011bchto obydl\u00ed nab\u00edz\u00ed most Guinea jednopolov\u00fd p\u0159echod p\u0159es kan\u00e1lovou p\u00e1nev, jeho\u017e jemn\u011b klenut\u00fd tvar p\u0159ipom\u00edn\u00e1 \u0161lachovit\u00e9 k\u0159ivky kov\u00e1n\u00ed z devaten\u00e1ct\u00e9ho stolet\u00ed.<\/p>\n<p>Ji\u017en\u011b od m\u011bsta se do siluety m\u011bsta ty\u010d\u00ed \u017eelezn\u00fd maj\u00e1k odlit\u00fd v roce 1879 na zd\u011bn\u00e9m podstavci s d\u00f3rsk\u00fdmi sloupy. S v\u00fd\u0161kou dvaa\u010dty\u0159iceti metr\u016f varuje n\u00e1mo\u0159n\u00edky p\u0159ed m\u011blk\u00fdmi \u00fatesy, kter\u00e9 st\u0159e\u017e\u00ed p\u0159\u00edstup do z\u00e1livu. Na p\u0159elomu tis\u00edcilet\u00ed koroze zredukovala stavbu na nejist\u00e9 ruiny, co\u017e j\u00ed v roce 2000 vyneslo m\u00edsto na seznamu World Monuments Watch. Partnerstv\u00ed se spole\u010dnost\u00ed American Express financovalo pe\u010dlivou rekonstrukci, dokon\u010denou v roce 2004, kter\u00e1 maj\u00e1ku vr\u00e1tila jeho d\u0159\u00edv\u011bj\u0161\u00ed v\u00fdznam a podn\u00edtila revitalizaci okoln\u00ed historick\u00e9 \u010dtvrti.<\/p>\n<p>P\u0159\u00edb\u011bh Puerto Plata je neodd\u011bliteln\u00fd od jeho opakovan\u00fdch cykl\u016f ni\u010den\u00ed a obnovy. B\u011bhem kvazi-v\u00e1lky na konci osmn\u00e1ct\u00e9ho stolet\u00ed se v p\u0159\u00edstavu vylodili ameri\u010dt\u00ed mari\u0148\u00e1ci a pot\u00e9, co zajali francouzsk\u00e9ho korz\u00e1ra jm\u00e9nem Sandwich, ost\u0159elovali d\u011bla Fortalezy San Felipe. V roce 1863 bylo m\u011bsto vyp\u00e1leno b\u011bhem v\u00e1lky za obnovu Dominik\u00e1nsk\u00e9 republiky, jen aby jeho obyvatel\u00e9 o dva roky pozd\u011bji povstali z popela a postavili nov\u00e9 budovy, kter\u00e9 spojovaly evropsk\u00fd design s m\u00edstn\u00ed vynal\u00e9zavost\u00ed. Tato hou\u017eevnatost nach\u00e1z\u00ed sv\u016fj mo\u017en\u00e1 nejv\u00fdrazn\u011bj\u0161\u00ed symbol na vrcholu Pico Isabel de Torres, kde mal\u00e1 replika sochy Krista Spasitele z Rio de Janeira dominuje nad zelen\u00fdmi zahradami s v\u00fdhledem na metropoli, kter\u00e1 se odm\u00edtla poddat \u010dasu ani p\u0159\u00edlivu a odlivu.<\/p>\n<p>Pl\u00e1\u017ee v okol\u00ed m\u011bsta \u0161eptaj\u00ed p\u0159\u00edb\u011bhy domorod\u00fdch kanoist\u016f a pir\u00e1t\u016f, kte\u0159\u00ed kdysi zkoumali tyto vody a hledali poklady. V la Poza del Castillo se na pono\u0159en\u00e9 keramice dr\u017e\u00ed ciz\u00ed \u00fast\u0159ice, zat\u00edmco v z\u00e1tok\u00e1ch Cofres\u00ed si ryb\u00e1\u0159i p\u0159ipom\u00ednaj\u00ed legendy o m\u00edstn\u00edm pir\u00e1tovi, jeho\u017e skryt\u00e9 poklady unikaly ka\u017ed\u00e9mu dobyvateli. Long Beach, Marapic\u00e1, Maim\u00f3n a Bergant\u00edn maj\u00ed ka\u017ed\u00fd sv\u016fj osobit\u00fd charakter \u2013 n\u011bkter\u00e9 nab\u00edzej\u00ed klidn\u00e9 kor\u00e1lov\u00e9 \u00fatesy pro \u0161norchlov\u00e1n\u00ed, jin\u00e9 vlny vhodn\u00e9 pro surfov\u00e1n\u00ed, kter\u00e9 se rozdm\u00fdch\u00e1vaj\u00ed silou Atlantiku. N\u00e1v\u0161t\u011bvn\u00edci sb\u00edraj\u00ed mu\u0161le a naplaven\u00e9 d\u0159evo, zvuky merengue a bachaty se m\u00eds\u00ed s k\u0159ikem rack\u016f, zat\u00edmco se na p\u00edsek sn\u00e1\u0161\u00ed soumrak.<\/p>\n<p>Dopravn\u00ed tepny spojuj\u00ed tyto r\u016fznorod\u00e9 oblasti. D\u00e1lnice Don Jos\u00e9 Ginebra se vine ze San Marcos p\u0159es Piedra Candela a El Cruce a stoup\u00e1 k asfaltov\u00e9mu stoup\u00e1n\u00ed, kter\u00e9 vede k z\u00e1kladnov\u00e9 stanici lanovky. Odtud elektrohydraulick\u00fd syst\u00e9m p\u0159epravuje cestuj\u00edc\u00ed v prosklen\u00fdch kabin\u00e1ch k nebi a poskytuje jim t\u00e9m\u011b\u0159 osm minut neru\u0161en\u00e9 pod\u00edvan\u00e9. V kl\u00ed\u010dov\u00fdch momentech zahl\u00e9dneme orchideje botanick\u00e9 zahrady, kter\u00e9 se ty\u010d\u00ed vedle sebe na pozad\u00ed rozlehl\u00fdch m\u011bst, co\u017e p\u0159ipom\u00edn\u00e1, \u017ee p\u0159\u00edroda a kultura koexistuj\u00ed v ka\u017ed\u00e9m z\u00e1b\u011bru panoramatu tohoto m\u011bsta.<\/p>\n<p>S prohlubuj\u00edc\u00edm se soumrakem nab\u00fdv\u00e1 n\u00e1b\u0159e\u017e\u00ed jemn\u011bj\u0161\u00edho odst\u00ednu. Pevnost San Felipe se koupe v jantarov\u00e9m sv\u011btle, jej\u00ed cimbu\u0159\u00ed vrh\u00e1 st\u00edny tan\u010d\u00edc\u00ed na p\u0159\u00edlivu. Hudba se line ze st\u0159e\u0161n\u00edch taveren, kde host\u00e9 pop\u00edjej\u00ed vychlazen\u00e9 pivo Presidente, a v\u016fn\u011b grilovan\u00fdch ryb se m\u00eds\u00ed se sol\u00ed a oleandry. Hotelov\u00e9 haly rezonuj\u00ed polyglotn\u00edmi p\u0159\u00edzvuky \u2013 francouzsk\u00e9 rodiny prohl\u00ed\u017eej\u00edc\u00ed si Muzeum jantaru, kanad\u0161t\u00ed d\u016fchodci vyj\u00ed\u017ed\u011bj\u00edc\u00ed z Amber Cove a zv\u011bdav\u00ed dominik\u00e1ni vracej\u00edc\u00ed se po stop\u00e1ch sv\u00fdch p\u0159edk\u016f. Prost\u0159ednictv\u00edm v\u0161ech z nich Puerto Plata odhaluje svou jedine\u010dnou identitu: m\u00edsto, kde se pod jedinou nebeskou klenbou sb\u00edh\u00e1 odkaz \u0159\u00ed\u0161e a exilu.<\/p>\n<p>V plnosti sv\u00fdch vrstev \u2013 historick\u00fdch, architektonick\u00fdch, ekologick\u00fdch a komer\u010dn\u00edch \u2013 Puerto Plata nestoj\u00ed jako statick\u00e1 relikvie, ale jako \u017eivouc\u00ed palimpsest. Ka\u017ed\u00fd roh ulice a z\u00e1toka na pob\u0159e\u017e\u00ed ukr\u00fdv\u00e1 d\u016fkazy o minul\u00fdch ot\u0159esech a triumfech a nab\u00edz\u00ed pozv\u00e1n\u00ed t\u011bm, kte\u0159\u00ed vn\u00edmaj\u00ed nuance. Zku\u0161en\u00fdm cestovatel\u016fm, znalc\u016fm koloni\u00e1ln\u00edch snah i oddan\u00fdm milovn\u00edk\u016fm sluncem zalit\u00fdch b\u0159eh\u016f m\u011bsto nab\u00edz\u00ed gesto v\u00edt\u00e1ni a slibuje objevy uprost\u0159ed zn\u00e1m\u00fdch horizont\u016f. Zde, kde se setk\u00e1v\u00e1 Atlantik a hory, Puerto Plata p\u0159etrv\u00e1v\u00e1 jako d\u016fkaz odolnosti a znovuobjeven\u00ed.<\/p>","protected":false},"excerpt":{"rendered":"<p>Puerto Plata, d\u0159\u00edve ozna\u010dovan\u00e9 jako San Felipe de Puerto Plata (francouzsky: Port-de-Plate), je v\u00fdznamn\u00e9 pob\u0159e\u017en\u00ed m\u011bsto v Dominik\u00e1nsk\u00e9 republice a slou\u017e\u00ed jako s\u00eddlo provincie Puerto Plata. Toto dynamick\u00e9 m\u011bsto slou\u017e\u00ed jako v\u00fdznamn\u00fd obchodn\u00ed p\u0159\u00edstav a v\u00fdznamn\u00e1 turistick\u00e1 destinace s \u0159adou atrakc\u00ed a slu\u017eeb pro turisty z cel\u00e9ho sv\u011bta.<\/p>","protected":false},"author":1,"featured_media":3255,"parent":9128,"menu_order":0,"comment_status":"closed","ping_status":"closed","template":"elementor_theme","meta":{"_eb_attr":"","footnotes":""},"class_list":["post-9146","page","type-page","status-publish","has-post-thumbnail"],"_links":{"self":[{"href":"https:\/\/travelshelper.com\/cs\/wp-json\/wp\/v2\/pages\/9146","targetHints":{"allow":["GET"]}}],"collection":[{"href":"https:\/\/travelshelper.com\/cs\/wp-json\/wp\/v2\/pages"}],"about":[{"href":"https:\/\/travelshelper.com\/cs\/wp-json\/wp\/v2\/types\/page"}],"author":[{"embeddable":true,"href":"https:\/\/travelshelper.com\/cs\/wp-json\/wp\/v2\/users\/1"}],"replies":[{"embeddable":true,"href":"https:\/\/travelshelper.com\/cs\/wp-json\/wp\/v2\/comments?post=9146"}],"version-history":[{"count":0,"href":"https:\/\/travelshelper.com\/cs\/wp-json\/wp\/v2\/pages\/9146\/revisions"}],"up":[{"embeddable":true,"href":"https:\/\/travelshelper.com\/cs\/wp-json\/wp\/v2\/pages\/9128"}],"wp:featuredmedia":[{"embeddable":true,"href":"https:\/\/travelshelper.com\/cs\/wp-json\/wp\/v2\/media\/3255"}],"wp:attachment":[{"href":"https:\/\/travelshelper.com\/cs\/wp-json\/wp\/v2\/media?parent=9146"}],"curies":[{"name":"wp","href":"https:\/\/api.w.org\/{rel}","templated":true}]}}