{"id":9128,"date":"2024-09-07T12:43:35","date_gmt":"2024-09-07T12:43:35","guid":{"rendered":"https:\/\/travelshelper.com\/staging\/?page_id=9128"},"modified":"2026-03-13T16:08:11","modified_gmt":"2026-03-13T16:08:11","slug":"dominikanska-republika","status":"publish","type":"page","link":"https:\/\/travelshelper.com\/cs\/destinations\/north-america\/dominican-republic\/","title":{"rendered":"Dominik\u00e1nsk\u00e1 republika"},"content":{"rendered":"<p>Dominik\u00e1nsk\u00e1 republika zab\u00edr\u00e1 v\u00fdchodn\u00edch p\u011bt osmin Hispanioly, rozkl\u00e1daj\u00edc\u00ed se na 48 671 kilometrech \u010dtvere\u010dn\u00edch ve Velk\u00fdch Antil\u00e1ch v Karibsk\u00e9m mo\u0159i. S populac\u00ed zhruba 11,4 milionu v roce 2024, z nich\u017e asi 3,6 milionu \u017eije v metropolitn\u00ed oblasti Santo Domingo, zem\u011b ovl\u00e1d\u00e1 druhou nejv\u011bt\u0161\u00ed pevninu a druhou nejv\u011bt\u0161\u00ed populaci na Antil\u00e1ch po Kub\u011b a Haiti. Tato zem\u011b, ohrani\u010den\u00e1 Atlantikem na severu, Karibikem na jihu, Haiti na z\u00e1pad\u011b a n\u00e1mo\u0159n\u00ed hranic\u00ed Portorika na v\u00fdchod\u011b, se svou polohou na rozhran\u00ed dvou mo\u0159\u00ed formovala jej\u00ed historii, \u017eivotn\u00ed prost\u0159ed\u00ed a kulturn\u00ed charakter.<\/p>\n<p>V stalet\u00edch p\u0159ed p\u0159\u00edchodem Evropan\u016f zavedlo p\u011bt n\u00e1\u010delnictv\u00ed kmene Ta\u00edno sez\u00f3nn\u00ed migrace, pob\u0159e\u017en\u00ed ryb\u00e1\u0159sk\u00e9 t\u00e1bory a vnitrozemsk\u00e9 plant\u00e1\u017ee manioku nap\u0159\u00ed\u010d \u00farodn\u00fdmi pl\u00e1n\u011bmi a zalesn\u011bn\u00fdmi kopci Hispanioly. Kdy\u017e Kry\u0161tof Kolumbus v roce 1492 p\u0159ist\u00e1l na b\u0159ehu a prohl\u00e1sil tato \u00fazem\u00ed za Kastilii, narazil na vesnice s do\u0161kov\u00fdmi domy propojen\u00fdmi vydl\u00e1\u017ed\u011bn\u00fdmi cestami \u2013 ukazateli spole\u010dnosti podep\u0159en\u00e9 komunitn\u00ed hierarchi\u00ed a dodr\u017eov\u00e1n\u00edm ritu\u00e1l\u016f. V n\u00e1sleduj\u00edc\u00edch desetilet\u00edch se Santo Domingo stalo prvn\u00edm trval\u00fdm evropsk\u00fdm oporn\u00fdm bodem v Americe, jeho kamenn\u00e9 citadely a c\u00edrkevn\u00ed budovy znamenaly novou imperi\u00e1ln\u00ed \u00e9ru. B\u011bhem necel\u00e9ho stolet\u00ed imperi\u00e1ln\u00ed rivalita rozd\u011blila Hispaniolu; do roku 1697 pat\u0159ila z\u00e1padn\u00ed t\u0159etina Francii a v roce 1804 toto \u00fazem\u00ed vyhl\u00e1silo nez\u00e1vislost jako Haiti.<\/p>\n<p>Dominik\u00e1nsk\u00fd lid od t\u00e9 doby p\u0159e\u010dkal mnoho boj\u016f o sebeur\u010den\u00ed. Kr\u00e1tk\u00e9 vyhl\u00e1\u0161en\u00ed nez\u00e1vislosti na \u0160pan\u011blsku v listopadu 1821 vedlo k haitsk\u00e9 anexi v roce 1822. Po dvaadvacetilet\u00e9 p\u0159est\u00e1vce v \u00fanoru 1844 dominik\u00e1n\u0161t\u00ed vlastenci znovu z\u00edskali svrchovanost zbran\u011bmi a odhodl\u00e1n\u00edm ve v\u00e1lce za nez\u00e1vislost. N\u00e1sledovala desetilet\u00ed vnit\u0159n\u00edch spor\u016f \u2013 ob\u010dansk\u00e9 v\u00e1lky, vp\u00e1dy Haiti a prchav\u00fd n\u00e1vrat ke \u0161pan\u011blsk\u00e9 nadvl\u00e1d\u011b \u2013 kter\u00e9 vyvrcholily vyhn\u00e1n\u00edm koloni\u00e1ln\u00edch sil po v\u00e1lce za restauraci v letech 1863\u20131865. Dvac\u00e1t\u00e9 stolet\u00ed bylo sv\u011bdkem autorit\u00e1\u0159sk\u00e9 vl\u00e1dy Rafaela Trujilla, jeho\u017e t\u0159icetilet\u00e1 diktatura skon\u010dila jeho vra\u017edou v roce 1961. N\u00e1sledn\u00e9 zvolen\u00ed Juana Bosche v roce 1962 bylo b\u011bhem n\u011bkolika m\u011bs\u00edc\u016f zru\u0161eno a ob\u010dansk\u00fd konflikt v roce 1965 uvedl dlouh\u00e9 prezidentsk\u00e9 obdob\u00ed Joaqu\u00edna Balaguera. Od roku 1978 nab\u00fdvaly na s\u00edle volebn\u00ed procesy, kter\u00e9 vedly n\u00e1rod k reprezentativn\u00ed vl\u00e1d\u011b.<\/p>\n<p>Z ekonomick\u00e9ho hlediska se Dominik\u00e1nsk\u00e1 republika stala hybnou silou Karibiku s nejv\u011bt\u0161\u00edm hrub\u00fdm dom\u00e1c\u00edm produktem v regionu a sedm\u00fdm nejv\u011bt\u0161\u00edm v Latinsk\u00e9 Americe. B\u011bhem \u010dtvrt stolet\u00ed, mezi lety 1992 a 2018, jej\u00ed re\u00e1ln\u00fd HDP rostl pr\u016fm\u011brn\u00fdm ro\u010dn\u00edm tempem 5,3 procenta \u2013 co\u017e je nejrychlej\u0161\u00ed expanze na z\u00e1padn\u00ed polokouli. Vrcholy 7,3 procenta v roce 2014 a 7,0 procenta v roce 2015 podtrhly dynamick\u00fd vzestup poh\u00e1n\u011bn\u00fd stavebnictv\u00edm, lehk\u00fdm pr\u016fmyslem, cestovn\u00edm ruchem a t\u011b\u017ebou nerostn\u00fdch surovin. V drsn\u00e9 centr\u00e1ln\u00ed vyso\u010din\u011b se nach\u00e1z\u00ed zlat\u00fd d\u016fl Pueblo Viejo, kter\u00fd se \u0159ad\u00ed mezi t\u0159i nejv\u011bt\u0161\u00ed na sv\u011bt\u011b co do produkce a jen v roce 2015 vyt\u011b\u017eil t\u0159icet jedna metrick\u00fdch tun.<\/p>\n<p>Turismus se stal vizitkou Dominik\u00e1nsk\u00e9 republiky. Rok co rok p\u0159ed\u010d\u00ed v\u0161echny ostatn\u00ed karibsk\u00e9 destinace v po\u010dtu n\u00e1v\u0161t\u011bvn\u00edk\u016f. Jej\u00ed pob\u0159e\u017e\u00ed nab\u00edz\u00ed b\u00edl\u00e9 p\u00edse\u010dn\u00e9 pl\u00e1\u017ee om\u00fdvan\u00e9 tyrkysovou vodou, ale topografie zem\u011b sah\u00e1 daleko za pob\u0159e\u017e\u00ed. Uvnit\u0159 jej\u00edch hranic se ty\u010d\u00ed nejvy\u0161\u0161\u00ed vrcholy Z\u00e1padn\u00ed Indie: Pico Duarte s v\u00fd\u0161kou 3 098 metr\u016f, lemovan\u00fd La Pelonou, La Rucillou a Pico Yaque \u2013 vrcholy, kter\u00e9 bo\u0159\u00ed jakoukoli p\u0159edstavu o jednotn\u011b n\u00edzko polo\u017een\u00e9m ostrov\u011b. Pod kopcem le\u017e\u00ed \u00farodn\u00e9 p\u00e1nve, jako je \u00fadol\u00ed Cibao, kol\u00e9bka produkce cukrov\u00e9 t\u0159tiny a k\u00e1vy, kde se m\u011bsta Santiago a La Vega hn\u00edzd\u00ed uprost\u0159ed ban\u00e1nov\u00fdch h\u00e1j\u016f a tab\u00e1kov\u00fdch pol\u00ed. Naproti tomu p\u00e1nev Enriquillo le\u017e\u00ed \u010dty\u0159icet p\u011bt metr\u016f pod hladinou mo\u0159e \u2013 nejni\u017e\u0161\u00ed bod Karibiku \u2013 jej\u00ed slan\u00e9 vody zrcadl\u00ed krajinu sp\u00ed\u0161e podobnou pou\u0161ti ne\u017e de\u0161tn\u00e9mu pralesu. Bujn\u00e9 \u0159eky, z nich\u017e hlavn\u00ed jsou Yaque del Norte a Yaque del Sur, \u010dlen\u00ed ter\u00e9n, vyhloub\u00ed hlubok\u00e1 \u00fadol\u00ed a udr\u017euj\u00ed zem\u011bd\u011blstv\u00ed od hory k pob\u0159e\u017e\u00ed.<\/p>\n<p>Touto mozaikou se prol\u00edn\u00e1 mno\u017estv\u00ed ekoregion\u016f. Vlhk\u00e9 listnat\u00e9 lesy pokr\u00fdvaj\u00ed n\u00e1v\u011btrn\u00e9 svahy, zat\u00edmco borov\u00e9 lesy se dr\u017e\u00ed h\u0159eben\u016f vystaven\u00fdch chladn\u011bj\u0161\u00edmu vzduchu. V n\u00ed\u017ein\u00e1ch lemuj\u00ed pob\u0159e\u017en\u00ed laguny mangrovov\u00e9 hou\u0161tiny. V sluncem rozp\u00e1len\u00fdch jihoz\u00e1padn\u00edch oblastech kolem jezera Enriquillo p\u0159evl\u00e1daj\u00ed such\u00e9 lesy a suchozemsk\u00e9 k\u0159oviny. Uprost\u0159ed tak rozmanit\u00fdch stanovi\u0161\u0165 vzkv\u00e9t\u00e1 rozmanitost fauny a fl\u00f3ry; mezi stromy ceiba se poletuj\u00ed endemi\u010dt\u00ed pt\u00e1ci a v\u00e1pencov\u00e9 v\u00fdchozy pokr\u00fdvaj\u00ed orchideje.<\/p>\n<p>Klima odr\u00e1\u017e\u00ed tuto slo\u017eitost. Pr\u016fm\u011brn\u00e9 ro\u010dn\u00ed teploty se pohybuj\u00ed kolem 26 \u00b0C, ale nadmo\u0159sk\u00e1 v\u00fd\u0161ka m\u016f\u017ee teplotu zm\u00edrnit na 18 \u00b0C nebo ji v chr\u00e1n\u011bn\u00fdch \u00fadol\u00edch vytla\u010dit nad 40 \u00b0C. Sr\u00e1\u017ekov\u00e9 vzorce se v\u00fdrazn\u011b li\u0161\u00ed: na severn\u00edm pob\u0159e\u017e\u00ed pr\u0161\u00ed od listopadu do ledna, zat\u00edmco na zbytku ostrova pr\u0161\u00ed nejv\u00edce od kv\u011btna do listopadu. Tropick\u00e9 cykl\u00f3ny zasahuj\u00ed zemi mezi \u010dervnem a \u0159\u00edjnem a jejich s\u00edla vrchol\u00ed na ji\u017en\u00edm pob\u0159e\u017e\u00ed. A\u010dkoli hurik\u00e1n Georges v roce 1998 z\u016fst\u00e1v\u00e1 posledn\u00ed velkou bou\u0159\u00ed, kter\u00e1 zas\u00e1hla pevninu, tato hrozba nad\u00e1le ovliv\u0148uje stavebn\u00ed p\u0159edpisy a strategie reakce na katastrofy.<\/p>\n<p>Uprost\u0159ed takov\u00e9ho p\u0159\u00edrodn\u00edho bohatstv\u00ed do\u0161lo k prudk\u00e9mu rozvoji m\u011bst. Trasy rychl\u00e9 dopravy nyn\u00ed vedou p\u0159es Santo Domingo, jeho\u017e metro je nejrozs\u00e1hlej\u0161\u00ed s\u00edt\u00ed rychlodr\u00e1h v Karibiku a St\u0159edn\u00ed Americe. Dv\u011b trat\u011b \u2013 dohromady p\u0159esahuj\u00edc\u00ed 27 kilometr\u016f \u2013 p\u0159eprav\u00ed ro\u010dn\u011b p\u0159es \u0161edes\u00e1t milion\u016f cestuj\u00edc\u00edch, \u010d\u00edm\u017e zm\u00edr\u0148uj\u00ed dopravn\u00ed z\u00e1cpy na hlavn\u00edch silnic\u00edch. N\u00e1rodn\u00ed d\u00e1lnice s ozna\u010den\u00edm DR-1, DR-2 a DR-3 se t\u00e1hnou z hlavn\u00edho m\u011bsta na sever, jihoz\u00e1pad a v\u00fdchod, s odbo\u010dkami a alternativn\u00edmi trasami, kter\u00e9 dosahuj\u00ed men\u0161\u00edch m\u011bst. Ned\u00e1vn\u00e9 zpoplatn\u011bn\u00e9 silnice zkr\u00e1tily dobu j\u00edzdy na poloostrov Saman\u00e1 na m\u00e9n\u011b ne\u017e dv\u011b hodiny, \u010d\u00edm\u017e se zelen\u00e9 oblasti, jako jsou Jarabacoa a Constanza, otev\u0159ely ekoturistice. Mnoho vedlej\u0161\u00edch silnic v\u0161ak st\u00e1le \u010dek\u00e1 na vydl\u00e1\u017ed\u011bn\u00ed a propojen\u00ed venkova z\u016fst\u00e1v\u00e1 trvalou v\u00fdzvou.<\/p>\n<p>Tato modern\u00ed infrastruktura podporuje spole\u010dnost, jej\u00ed\u017e demografick\u00fd profil se od poloviny stolet\u00ed prudce zm\u011bnil. Z 2,38 milionu obyvatel v roce 1950 se po\u010det obyvatel zem\u011b rozrostl na dne\u0161n\u00edch v\u00edce ne\u017e 11 milion\u016f. T\u0159etina Dominik\u00e1nc\u016f je mlad\u0161\u00edch patn\u00e1cti let, zat\u00edmco osoby star\u0161\u00ed \u0161edes\u00e1ti p\u011bti let tvo\u0159\u00ed \u0161est procent, co\u017e odpov\u00edd\u00e1 st\u0159edn\u00edmu v\u011bku kolem dvac\u00e1t\u00fdch let. V zemi \u017eije o n\u011bco v\u00edce mu\u017e\u016f ne\u017e \u017een a tempo r\u016fstu p\u0159ibli\u017en\u011b 1,5 procenta ro\u010dn\u011b poh\u00e1n\u00ed urbanizaci a popt\u00e1vku po bydlen\u00ed. Migrace \u2013 jak p\u0159\u00edchoz\u00ed, tak odchoz\u00ed \u2013 m\u00e1 dal\u0161\u00ed vliv: do dominik\u00e1nsk\u00fdch dom\u00e1cnost\u00ed proud\u00ed remitence z po\u010detn\u00e9 diaspory, zejm\u00e9na ze Spojen\u00fdch st\u00e1t\u016f, zat\u00edmco neleg\u00e1ln\u00ed migrace z Haiti vyvolala debaty o ob\u010danstv\u00ed, pracovn\u00edch pr\u00e1vech a n\u00e1rodn\u00ed identit\u011b.<\/p>\n<p>Dominik\u00e1nsk\u00e1 republika je kulturn\u011b formov\u00e1na soutokem evropsk\u00fdch, africk\u00fdch a ta\u00edno tradic. Ibersk\u00e9 pr\u00e1vn\u00ed p\u0159edpisy a spole\u010densk\u00e9 zvyklosti se v koloni\u00e1ln\u00edch dob\u00e1ch vnutily a vytvo\u0159ily instituce, kter\u00e9 p\u0159e\u017e\u00edvaj\u00ed v jazyce, architektu\u0159e a spr\u00e1v\u011b v\u011bc\u00ed ve\u0159ejn\u00fdch. Africk\u00e9 d\u011bdictv\u00ed je nejz\u0159eteln\u011bj\u0161\u00ed v rytmech merengue a bachaty, v kulin\u00e1\u0159sk\u00fdch pokrmech, jako jsou ban\u00e1ny plantain a fazole, a v duchovn\u00edch praktik\u00e1ch, kter\u00e9 m\u00eds\u00ed katolick\u00e9 ritu\u00e1ly s v\u00edrou p\u0159edk\u016f. Ta\u00edno d\u011bdictv\u00ed p\u0159etrv\u00e1v\u00e1 v m\u00edstn\u00edch n\u00e1zvech a botanick\u00e9 tradici \u2013 maniok, tab\u00e1k a jam si zachov\u00e1vaj\u00ed domorodou nomenklaturu. Tento synkretismus vedl k dynamick\u00e9 kulturn\u00ed tapiserii, kter\u00e1 se vyzna\u010duje festivaly, karnevalov\u00fdmi pr\u016fvody a \u0159emesln\u00fdmi v\u00fdrobky, je\u017e odr\u00e1\u017eej\u00ed minulost i sou\u010dasnost.<\/p>\n<p>Z\u00e1vazek n\u00e1roda k ochran\u011b p\u0159\u00edrody a udr\u017eiteln\u00e9mu cestovn\u00edmu ruchu v posledn\u00edch desetilet\u00edch vzrostl. N\u00e1rodn\u00ed parky chr\u00e1n\u00ed povod\u00ed v poho\u0159\u00ed Sierra de Bahoruco a zaplaven\u00e9 laguny Los Haitises, zat\u00edmco rozv\u00edjej\u00edc\u00ed se sektor ekoturistiky l\u00e1k\u00e1 turisty, pozorovatele pt\u00e1k\u016f a proch\u00e1zky korunami strom\u016f k prozkoum\u00e1n\u00ed krajiny daleko od zn\u00e1m\u00fdch letovisek. Vrcholy jako Pico Duarte l\u00e1kaj\u00ed horolezce, zat\u00edmco pob\u0159e\u017en\u00ed enkl\u00e1vy jako Bah\u00eda de las \u00c1guilas se py\u0161n\u00ed nedot\u010den\u00fdmi pl\u00e1\u017eemi a kor\u00e1lov\u00fdmi \u00fatesy. Vnitrozemsk\u00e9 vesnice v Centr\u00e1ln\u00edch Kordiller\u00e1ch \u2013 mezi nimi i Constanza \u2013 p\u0159izp\u016fsobily programy ubytov\u00e1n\u00ed v soukrom\u00ed, kter\u00e9 sm\u011b\u0159uj\u00ed pen\u00edze z cestovn\u00edho ruchu p\u0159\u00edmo venkovsk\u00fdm rodin\u00e1m.<\/p>\n<p>Obnova m\u011bst v koloni\u00e1ln\u00ed z\u00f3n\u011b Santo Dominga podtrhla historick\u00e9 prvenstv\u00ed zem\u011b v Americe. Nach\u00e1z\u00ed se zde katedr\u00e1la Catedral Primada de Am\u00e9rica, Alc\u00e1zar de Col\u00f3n a kl\u00e1\u0161ter Monasterio de San Francisco, kter\u00e9 jsou \u017eivouc\u00edmi pam\u00e1tkami ambic\u00ed patn\u00e1ct\u00e9ho stolet\u00ed. Jejich fas\u00e1dy byly restaurov\u00e1ny organizac\u00ed UNESCO tak, aby odr\u00e1\u017eely p\u016fvodn\u00ed kamenn\u00e9 zdivo a \u0159ezb\u00e1\u0159sk\u00e9 motivy. V t\u011bchto prostor\u00e1ch se konaj\u00ed akademick\u00e1 sympozia a um\u011bleck\u00e9 v\u00fdstavy, kter\u00e9 potvrzuj\u00ed, \u017ee d\u011bdictv\u00ed n\u00e1roda sah\u00e1 za pl\u00e1\u017ee a hory a hraje z\u00e1kladn\u00ed roli v evropsk\u00e9 s\u00e1ze z\u00e1padn\u00ed polokoule.<\/p>\n<p>Roz\u0161\u00ed\u0159en\u00ed projekt\u016f v oblasti pohostinstv\u00ed \u2013 p\u0159\u00edstav\u016f v Cap Cana, termin\u00e1l\u016f v\u00fdletn\u00edch lod\u00ed v p\u0159\u00edstavu San Souci, golfov\u00fdch h\u0159i\u0161\u0165 v Casa de Campo a z\u00e1bavn\u00edho komplexu hotelu a kasina Hard Rock \u2013 nazna\u010duje d\u016fv\u011bru investor\u016f v pokra\u010duj\u00edc\u00ed r\u016fst n\u00e1v\u0161t\u011bvnosti. \u00da\u0159edn\u00edci v\u0161ak zm\u00edrnili strategie masov\u00e9 turistiky regulacemi t\u00fdkaj\u00edc\u00edmi se likvidace a recyklace odpadu; v posledn\u00edm desetilet\u00ed se Dominik\u00e1nsk\u00e1 republika stala region\u00e1ln\u00edm l\u00eddrem v programech nakl\u00e1d\u00e1n\u00ed s pevn\u00fdm odpadem, zavedla t\u0159\u00edd\u011bn\u00ed odpadu u zdroje a modern\u00ed n\u00e1vrhy skl\u00e1dek. Legislativa nyn\u00ed na\u0159izuje posuzov\u00e1n\u00ed vliv\u016f na \u017eivotn\u00ed prost\u0159ed\u00ed u velk\u00fdch developersk\u00fdch projekt\u016f, co\u017e odr\u00e1\u017e\u00ed pochopen\u00ed, \u017ee p\u0159\u00edrodn\u00ed kapit\u00e1l mus\u00ed b\u00fdt spravov\u00e1n spolu s ekonomick\u00fdm rozvojem.<\/p>\n<p>Ve v\u00fdrob\u011b se z\u00f3ny voln\u00e9ho obchodu soust\u0159ed\u00ed na textil, mont\u00e1\u017e elektroniky a v\u00fdrobu zdravotnick\u00fdch prost\u0159edk\u016f a t\u011b\u017e\u00ed z preferen\u010dn\u00edch cel v r\u00e1mci bilater\u00e1ln\u00edch dohod se severoamerick\u00fdmi trhy. Telekomunika\u010dn\u00ed infrastruktura \u2013 optick\u00e9 s\u00edt\u011b a pokryt\u00ed mobiln\u00edmi s\u00edt\u011bmi \u2013 a rozv\u00edjej\u00edc\u00ed se kapit\u00e1lov\u00fd trh prost\u0159ednictv\u00edm Bolsa de Valores de la Rep\u00fablica Dominicana ukotvuj\u00ed sektor slu\u017eeb, kter\u00fd se pod\u00edl\u00ed t\u00e9m\u011b\u0159 \u0161edes\u00e1ti procenty hrub\u00e9ho dom\u00e1c\u00edho produktu. \u00dasil\u00ed o finan\u010dn\u00ed za\u010dle\u0148ov\u00e1n\u00ed se sna\u017e\u00ed sn\u00ed\u017eit nerovnost p\u0159\u00edjm\u016f, a to i p\u0159es p\u0159etrv\u00e1vaj\u00edc\u00ed probl\u00e9my: nezam\u011bstnanost z\u016fst\u00e1v\u00e1 relativn\u011b vysok\u00e1 a rozd\u00edly v rozlo\u017een\u00ed bohatstv\u00ed vedou k soci\u00e1ln\u00edm program\u016fm zam\u011b\u0159en\u00fdm na vzd\u011bl\u00e1v\u00e1n\u00ed a rovnost v oblasti zdrav\u00ed.<\/p>\n<p>Zem\u011bd\u011blstv\u00ed si udr\u017euje oporu v p\u011bstov\u00e1n\u00ed cukrov\u00e9 t\u0159tiny a ban\u00e1n\u016f, a\u010dkoli pod\u00edl exportn\u00edch p\u0159\u00edjm\u016f z k\u00e1vy a kakaa se sn\u00ed\u017eil ve prosp\u011bch odv\u011btv\u00ed n\u00e1ro\u010dn\u00fdch na pracovn\u00ed s\u00edlu. T\u011b\u017eba nad r\u00e1mec zlata \u2013 bauxit, mramor a s\u016fl \u2013 zvy\u0161uje exportn\u00ed p\u0159\u00edjmy, \u010dasto v odlehl\u00fdch oblastech, kde m\u00edstn\u00ed komunity vyjedn\u00e1vaj\u00ed licen\u010dn\u00ed poplatky a kompenzace za ekoturistiku. Rybolov vyu\u017e\u00edv\u00e1 mo\u0159sk\u00e9 zdroje, p\u0159i\u010dem\u017e mezi hlavn\u00ed \u00falovky pat\u0159\u00ed krevety a langusty, na kter\u00e9 se vztahuj\u00ed kv\u00f3ty ur\u010den\u00e9 k zaji\u0161t\u011bn\u00ed dopl\u0148ov\u00e1n\u00ed populac\u00ed.<\/p>\n<p>P\u0159i pohledu nap\u0159\u00ed\u010d sv\u00fdm obloukem \u2013 od n\u00e1\u010delnictv\u00ed Taino po sou\u010dasnou republiku, od pr\u016fkopnick\u00fdch evropsk\u00fdch ba\u0161t po dynamick\u00e1 m\u011bstsk\u00e1 centra \u2013 odhaluje Dominik\u00e1nsk\u00e1 republika n\u00e1rod vrstevnat\u00fdch kontrast\u016f. Hory se ty\u010d\u00ed nad pl\u00e1n\u011bmi porostl\u00fdmi plant\u00e1\u017eemi; koloni\u00e1ln\u00ed kamenn\u00e9 zdivo hrani\u010d\u00ed s neonov\u00fdmi n\u00e1pisy kasin; st\u00e1tn\u00ed d\u00e1lnice se vine rezervacemi ml\u017en\u00fdch les\u016f. Jej\u00ed obyvatel\u00e9 si nesou zvyky a kuchyn\u011b zrozen\u00e9 z mnoha p\u0159edk\u016f a s podnikatelsk\u00fdm z\u00e1palem se orientuj\u00ed v modernit\u011b. Pro n\u00e1ro\u010dn\u00e9ho cestovatele je to \u0159\u00ed\u0161e objev\u016f, kde ka\u017ed\u00fd v\u00fdhled \u2013 a\u0165 u\u017e rumem zabarven\u00fd v\u00e1nek Bayahibe nebo v\u011btrem o\u0161lehan\u00e9 vrcholky Jarabacoa \u2013 rezonuje stalet\u00edmi lidsk\u00e9ho \u00fasil\u00ed formovan\u00e9ho mo\u0159em, kamenem a nebem. Stru\u010dn\u011b \u0159e\u010deno, Dominik\u00e1nsk\u00e1 republika dnes stoj\u00ed jako str\u00e1\u017ece nejstar\u0161\u00edho evropsk\u00e9ho d\u011bdictv\u00ed Ameriky a z\u00e1rove\u0148 jako p\u0159\u00edklad karibsk\u00e9 vitality, jej\u00ed\u017e p\u0159\u00edb\u011bh je vytes\u00e1n do jej\u00edch hor, prot\u00e9k\u00e1 jej\u00edmi \u0159ekami a nese se v hlasech jej\u00edch obyvatel.<\/p>","protected":false},"excerpt":{"rendered":"<p>Dominik\u00e1nsk\u00e1 republika, kter\u00e1 se nach\u00e1z\u00ed na ostrov\u011b Hispaniola ve Velk\u00fdch Antil\u00e1ch v Karibsk\u00e9m mo\u0159i, m\u00e1 v roce 2024 odhadovanou populaci p\u0159es 11,4 milionu. S rozlohou 48 671 kilometr\u016f \u010dtvere\u010dn\u00edch (18 792 \u010dtvere\u010dn\u00edch mil) je druh\u00fdm nejv\u011bt\u0161\u00edm n\u00e1rodem na Antil\u00e1ch jak rozlohou, tak po\u010dtem obyvatel, co do rozlohy ji p\u0159ekon\u00e1v\u00e1 pouze Kuba.<\/p>","protected":false},"author":1,"featured_media":3613,"parent":24084,"menu_order":0,"comment_status":"closed","ping_status":"closed","template":"elementor_theme","meta":{"_eb_attr":"","footnotes":""},"class_list":["post-9128","page","type-page","status-publish","has-post-thumbnail"],"_links":{"self":[{"href":"https:\/\/travelshelper.com\/cs\/wp-json\/wp\/v2\/pages\/9128","targetHints":{"allow":["GET"]}}],"collection":[{"href":"https:\/\/travelshelper.com\/cs\/wp-json\/wp\/v2\/pages"}],"about":[{"href":"https:\/\/travelshelper.com\/cs\/wp-json\/wp\/v2\/types\/page"}],"author":[{"embeddable":true,"href":"https:\/\/travelshelper.com\/cs\/wp-json\/wp\/v2\/users\/1"}],"replies":[{"embeddable":true,"href":"https:\/\/travelshelper.com\/cs\/wp-json\/wp\/v2\/comments?post=9128"}],"version-history":[{"count":0,"href":"https:\/\/travelshelper.com\/cs\/wp-json\/wp\/v2\/pages\/9128\/revisions"}],"up":[{"embeddable":true,"href":"https:\/\/travelshelper.com\/cs\/wp-json\/wp\/v2\/pages\/24084"}],"wp:featuredmedia":[{"embeddable":true,"href":"https:\/\/travelshelper.com\/cs\/wp-json\/wp\/v2\/media\/3613"}],"wp:attachment":[{"href":"https:\/\/travelshelper.com\/cs\/wp-json\/wp\/v2\/media?parent=9128"}],"curies":[{"name":"wp","href":"https:\/\/api.w.org\/{rel}","templated":true}]}}