{"id":9116,"date":"2024-09-07T12:13:02","date_gmt":"2024-09-07T12:13:02","guid":{"rendered":"https:\/\/travelshelper.com\/staging\/?page_id=9116"},"modified":"2026-03-13T16:29:43","modified_gmt":"2026-03-13T16:29:43","slug":"san-salvador","status":"publish","type":"page","link":"https:\/\/travelshelper.com\/cs\/destinations\/north-america\/el-salvador\/san-salvador\/","title":{"rendered":"San Salvador"},"content":{"rendered":"<p>San Salvador, pulzuj\u00edc\u00ed srdce Salvadoru, le\u017e\u00ed v p\u00e1nvi obklopen\u00e9 sope\u010dn\u00fdmi horami a le\u017e\u00ed v pr\u016fm\u011brn\u00e9 nadmo\u0159sk\u00e9 v\u00fd\u0161ce 659 metr\u016f; jeho 525 990 obyvatel v r\u00e1mci hranic obce tvo\u0159\u00ed metropolitn\u00ed aglomeraci s 2 404 097 du\u0161emi, rozprost\u0159enou na zhruba 600 kilometrech \u010dtvere\u010dn\u00edch v centr\u00e1ln\u00ed vyso\u010din\u011b zem\u011b, kde se sb\u00edhaj\u00ed politick\u00e9 mand\u00e1ty, kulturn\u00ed proudy, akademick\u00e9 aktivity a finan\u010dn\u00ed v\u00fdm\u011bny.<\/p>\n<p>Za sv\u00edt\u00e1n\u00ed, kdy strm\u00e9 svahy sopky Boquer\u00f3n vrhaj\u00ed prodlu\u017euj\u00edc\u00ed se st\u00edny na El Picacho a h\u0159ebeny poho\u0159\u00ed B\u00e1lsamo, se San Salvador jev\u00ed jako pec historie i jako rozv\u00edjej\u00edc\u00ed se metropole. Jeho ter\u00e9n, rozt\u0159\u00ed\u0161t\u011bn\u00fd \u0159ekami jako Acelhuate a San Antonio a zjizven\u00fd seismick\u00fdmi epizodami, kter\u00e9 \u00fadol\u00ed vynesly jeho pipilsk\u00fd p\u0159\u00eddomek \u201eValle de las Hamacas\u201c, formoval r\u016fst m\u011bst s nal\u00e9havost\u00ed, kterou by \u017e\u00e1dn\u00fd pl\u00e1nova\u010d nemohl pop\u0159\u00edt. Od ty\u010d\u00edc\u00edch se svah\u016f Cerro El Picacho, jeho\u017e vrchol ve v\u00fd\u0161ce 1 931 metr\u016f pror\u00e1\u017e\u00ed panorama m\u011bsta, a\u017e po n\u00edzko polo\u017een\u00e9 \u00faseky v nadmo\u0159sk\u00e9 v\u00fd\u0161ce bl\u00edzk\u00e9 596 metr\u016f, kontury m\u011bsta vypov\u00eddaj\u00ed o prost\u0159ed\u00ed, kter\u00e9 je z\u00e1rove\u0148 velkorys\u00e9 ve sv\u00fdch v\u00fdhledech a n\u00e1ro\u010dn\u00e9 ve sv\u00fdch po\u017eadavc\u00edch. Zbytky lom\u016f a trosky minul\u00fdch erupc\u00ed p\u0159etrv\u00e1vaj\u00ed v kameni n\u00e1m\u011bst\u00ed a malt\u011b koloni\u00e1ln\u00edch zd\u00ed.<\/p>\n<p>V t\u00e9to kol\u00e9bce z ohn\u011b a kamene se ty\u010d\u00ed budovy vl\u00e1dy: Rada ministerstev, Z\u00e1konod\u00e1rn\u00e9 shrom\u00e1\u017ed\u011bn\u00ed, Nejvy\u0161\u0161\u00ed soud a prezidentsk\u00e1 rezidence, p\u0159i\u010dem\u017e ka\u017ed\u00e1 z nich s\u00eddl\u00ed v prostor\u00e1ch, kde se barokn\u00ed vzkv\u00e9t\u00e1n\u00ed prol\u00edn\u00e1 s neoklasicistn\u00edmi sloupy a reli\u00e9fy z obdob\u00ed renesance. N\u00e1rodn\u00ed pal\u00e1c, koncipovan\u00fd v letech 1905 a\u017e 1911 pod veden\u00edm in\u017een\u00fdra Jos\u00e9ho Emilia Alcaineho, odv\u00edj\u00ed sv\u016fj p\u0159\u00edb\u011bh ve \u010dty\u0159ech hlavn\u00edch komor\u00e1ch \u2013 ka\u017ed\u00e1 se top\u00ed ve vlastn\u00ed palet\u011b \u2013 zat\u00edmco 101 mezilehl\u00fdch m\u00edstnost\u00ed \u0161ept\u00e1 o diplomatick\u00fdch ritu\u00e1lech a t\u00edze st\u00e1tn\u00edho um\u011bn\u00ed. \u017dula a bronz, dovezen\u00e9 z N\u011bmecka a It\u00e1lie, tvo\u0159\u00ed struktur\u00e1ln\u00ed lexikon moci a protokolu, sv\u011bdectv\u00ed o ambic\u00edch elity po\u010d\u00e1tku dvac\u00e1t\u00e9ho stolet\u00ed.<\/p>\n<p>Nedaleko odtud se nach\u00e1z\u00ed Metropolitn\u00ed katedr\u00e1la, kter\u00e1 ct\u00ed liturgickou tradici i mu\u010dednictv\u00ed dvac\u00e1t\u00e9ho stolet\u00ed. V jej\u00ed stroh\u00e9 modernistick\u00e9 fas\u00e1d\u011b se nach\u00e1z\u00ed hrobka arcibiskupa \u00d3scara Romera, jeho\u017e oddanost se v den jeho atent\u00e1tu v roce 1980 prol\u00edna s politikou. Poutn\u00edci proch\u00e1zej\u00ed kolem jeho sarkof\u00e1gu a zastavuj\u00ed se pod vitr\u00e1\u017eov\u00fdmi oblouky, kter\u00e9 filtruj\u00ed poledn\u00ed sv\u011btlo do jez\u00edrek slavnostn\u00ed \u00facty. N\u00e1m\u011bst\u00ed p\u0159ed katedr\u00e1lou bylo sv\u011bdkem trag\u00e9die i triumfu: poh\u0159ebn\u00ed pr\u016fvod poznamenan\u00fd n\u00e1sil\u00edm 31. b\u0159ezna 1980 a o n\u011bkolik let pozd\u011bji j\u00e1saj\u00edc\u00ed shrom\u00e1\u017ed\u011bn\u00ed, kter\u00e1 oslavovala m\u00edrov\u00e9 dohody z roku 1992. Keramick\u00e1 n\u00e1st\u011bnn\u00e1 malba Fernanda Llorta kdysi o\u017eivovala exteri\u00e9r katedr\u00e1ly a\u017e do jej\u00edho n\u00e1hl\u00e9ho odstran\u011bn\u00ed v prosinci 2012, co\u017e znovu rozn\u00edtilo debaty o pam\u011bti a m\u011bstsk\u00e9 autorit\u011b.<\/p>\n<p>O p\u00e1r blok\u016f d\u00e1l stoj\u00ed Teatro Nacional jako enkl\u00e1va um\u011bleck\u00fdch aspirac\u00ed. Slavnostn\u011b otev\u0159eno v roce 1917 a formov\u00e1no podle francouzsk\u00e9 renesan\u010dn\u00ed koncepce Daniela Beylarda, jeho klenut\u00e1 kopule a k\u0159i\u0161\u0165\u00e1lov\u00fd lustr dominuj\u00ed hledi\u0161ti s p\u011bti sty m\u00edsty. Balkony se ty\u010d\u00ed ve t\u0159ech \u00farovn\u00edch, korunovan\u00e9 Prezidentskou l\u00f3\u017e\u00ed \u2013 enkl\u00e1vou st\u00e1tn\u00edch sv\u011bdk\u016f. Velk\u00e9 foyer a Komorn\u00ed s\u00e1l, vyzdoben\u00e9 rokokov\u00fdm a secesn\u00edm filigr\u00e1nem, host\u00ed dramata, opery a recit\u00e1ly, kter\u00e9 prodlu\u017euj\u00ed kulturn\u00ed z\u00e1bavu do no\u010dn\u00edch hodin, kdy tropick\u00fd v\u00e1nek vane Calle Delgado. Ozna\u010den\u00ed divadla za n\u00e1rodn\u00ed pam\u00e1tku v roce 1979 potvrzuje jeho roli jako relikvie i \u017eiv\u00e9 sc\u00e9ny.<\/p>\n<p>Krom\u011b pam\u00e1tek v\u00edry a spr\u00e1vy v\u011bc\u00ed ve\u0159ejn\u00fdch tepny m\u011bsta pulzuj\u00ed obchodem a vzpom\u00ednkami. Avenida Arce, ned\u00e1vno p\u011b\u0161\u00ed z\u00f3na pro podporu p\u0159\u00edjemn\u00fdch promen\u00e1d, si st\u00e1le zachov\u00e1v\u00e1 sv\u00e9 staro\u017eitn\u00e9 lampy z Madridu z doby kolem roku 1900, zat\u00edmco jej\u00ed roz\u0161\u00ed\u0159en\u00e9 chodn\u00edky nyn\u00ed nesou rampy pro bezbari\u00e9rov\u00fd p\u0159\u00edstup. Na k\u0159i\u017eovatk\u00e1ch pam\u011btn\u00ed desky evokuj\u00ed Manuela Jos\u00e9 Arceho, prvn\u00edho feder\u00e1ln\u00edho prezidenta St\u0159edn\u00ed Ameriky, a p\u0159ipom\u00ednaj\u00ed kolemjdouc\u00edm, \u017ee t\u011bmito t\u0159\u00eddami kdysi pulzovala revoluce a republik\u00e1nsk\u00fd experiment. N\u00e1m\u011bst\u00ed Barrios, Libertad a Moraz\u00e1n funguj\u00ed jako m\u011bstsk\u00e9 amfite\u00e1try: prvn\u00edmu dominuje bronzov\u00e1 jezdeck\u00e1 socha Gerarda Barriose, druh\u00e9mu And\u011bl svobody na vrcholu stolet\u00e9ho obelisku, t\u0159et\u00edmu mramorov\u00e1 postava Francisca Moraz\u00e1na, p\u0159i\u010dem\u017e ka\u017ed\u00e9 n\u00e1m\u011bst\u00ed host\u00ed politick\u00e9 shrom\u00e1\u017ed\u011bn\u00ed, n\u00e1bo\u017eensk\u00e9 pr\u016fvody a n\u00e1rodn\u00ed festivaly.<\/p>\n<p>N\u011bkolik blok\u016f v\u00fdchodn\u011b se nach\u00e1z\u00ed Casa Due\u00f1as se sv\u00fdm neoklasicistn\u00edm portikem a zahradami, kter\u00e1 nese otisk bohatstv\u00ed v oblasti k\u00e1vy a diplomatick\u00fdch vztah\u016f. Po cel\u00e1 desetilet\u00ed slou\u017eila jako s\u00eddlo mexick\u00fdm a americk\u00fdm vyslanectv\u00edm, \u00fato\u010di\u0161t\u011b hodnost\u00e1\u0159\u016fm od Richarda Nixona po Lyndona B. Johnsona, ne\u017e se stala odbornou p\u0159\u00edstavbou a v posledn\u00ed dob\u011b kandid\u00e1tem na restaurov\u00e1n\u00ed. Jej\u00ed \u0161tukov\u00e1 budova, prohl\u00e1\u0161en\u00e1 za kulturn\u00ed pam\u00e1tku v roce 1985, \u010dek\u00e1 na o\u017eiven\u00ed jako \u00falo\u017ei\u0161t\u011b dom\u00e1c\u00ed pam\u011bti \u2013 kontrapunkt k mrakodrap\u016fm, kter\u00e9 nyn\u00ed zdob\u00ed panorama m\u011bsta.<\/p>\n<p>Kulturn\u00ed repozit\u00e1\u0159e se rozprost\u00edraj\u00ed a\u017e do N\u00e1rodn\u00edho antropologick\u00e9ho muzea (Museo Nacional de Antropolog\u00eda), zalo\u017een\u00e9ho v roce 1883, kde archeologick\u00e9 n\u00e1lezy a zem\u011bd\u011blsk\u00e9 pam\u00e1tky koexistuj\u00ed s \u0159emesln\u00fdm zbo\u017e\u00edm a zvou Salvadorce i n\u00e1v\u0161t\u011bvn\u00edky k zamy\u0161len\u00ed nad tis\u00edcilet\u00fdmi lidsk\u00fdmi os\u00eddlen\u00edmi. Nedaleko se nach\u00e1z\u00ed Muzeum um\u011bn\u00ed Salvadoru (Museo de Arte de El Salvador), slavnostn\u011b otev\u0159en\u00e9 v roce 2003, kter\u00e9 r\u00e1muje um\u011bleck\u00fd oblouk n\u00e1roda od lidov\u00fdch v\u00fdtvarn\u00fdch d\u011bl devaten\u00e1ct\u00e9ho stolet\u00ed a\u017e po sou\u010dasnou abstrakci. Do\u010dasn\u00e9 v\u00fdstavy p\u0159ivedly do t\u011bchto s\u00e1l\u016f Picassa, Rembrandta a Dal\u00edho a podporovaly dialog mezi m\u00edstn\u00edmi tv\u016frci a mezin\u00e1rodn\u00edmi mistry. Pro mlad\u00e9 mysli nab\u00edz\u00ed D\u011btsk\u00e9 muzeum Tin Mar\u00edn, kter\u00e9 soused\u00ed s parkem Parque Cuscatl\u00e1n, interaktivn\u00ed v\u00fduku prost\u0159ednictv\u00edm kabiny letadla, makety obchodu s potravinami a planet\u00e1ria, kter\u00e9 jim umo\u017en\u00ed dos\u00e1hnout vesm\u00edru.<\/p>\n<p>Klima San Salvadoru se vyrovn\u00e1v\u00e1 s rovn\u00edkov\u00fdm teplem a nadmo\u0159skou v\u00fd\u0161kou v hor\u00e1ch. V\u00e1nky v obdob\u00ed sucha, od listopadu do \u00fanora, sni\u017euj\u00ed denn\u00ed pr\u016fm\u011brn\u00e9 teploty na 22,2 \u00b0C, zat\u00edmco v dubnu a kv\u011btnu dosahuj\u00ed pr\u016fm\u011brn\u00fdch maxim 32,2 \u00b0C. Odpoledne jsou zvln\u011bna konvektivn\u00edmi bou\u0159emi, kter\u00e9 za \u00fasvitu odezn\u00edvaj\u00ed. Rekordn\u00ed extr\u00e9my \u2013 38,5 \u00b0C na horn\u00ed hranici, 8,2 \u00b0C na doln\u00ed hranici \u2013 sv\u011bd\u010d\u00ed o denn\u00ed \u0161\u00ed\u0159ce teploty, kter\u00e1 doprov\u00e1z\u00ed 658 metr\u016f nadmo\u0159sk\u00e9 v\u00fd\u0161ky. P\u016fdn\u00ed vrstvy regosolu, latosolu a andosolu poch\u00e1zej\u00ed z andezitov\u00e9 a \u010dedi\u010dov\u00e9 mate\u010dn\u00e9 horniny, formuj\u00ed vegetaci na svaz\u00edch a ovliv\u0148uj\u00ed snahy o ozelen\u011bn\u00ed m\u011bst v parc\u00edch a pod\u00e9l bulv\u00e1rn\u00edch pruh\u016f.<\/p>\n<p>Hydrologie se vine p\u0159\u00edb\u011bhem m\u011bsta, i kdy\u017e vodn\u00ed toky ustupuj\u00ed pod betonov\u00e9 kan\u00e1ly. \u0158eka Acelhuate, kdysi d\u016fle\u017eit\u00fd zdroj na konci devaten\u00e1ct\u00e9ho a za\u010d\u00e1tku dvac\u00e1t\u00e9ho stolet\u00ed, nyn\u00ed prot\u00e9k\u00e1 m\u011bstsk\u00fdm odpadn\u00edmi vodami. Potoky st\u00e9kaj\u00edc\u00ed z kaldery jezera Ilopango se ob\u010das objevuj\u00ed, jejich\u017e pr\u016fzra\u010dnost je tlumena bahnem a sedimenty. Samotn\u00e9 Ilopango, le\u017e\u00edc\u00ed t\u011bsn\u011b za hranicemi m\u011bsta, p\u0159edstavuje nejv\u011bt\u0161\u00ed p\u0159\u00edrodn\u00ed n\u00e1dr\u017e v zemi \u2013 72 kilometr\u016f \u010dtvere\u010dn\u00edch horsk\u00e9 vody uv\u011bzn\u011bn\u00e9 v kalde\u0159e, kter\u00e1 naposledy vybuchla v roce 1880. Na severn\u00edm obzoru se nach\u00e1z\u00ed n\u00e1dr\u017e Cerr\u00f3n Grande, vytesan\u00e1 p\u0159ehradou \u0159eky Lempa, kter\u00e1 vyr\u00e1b\u00ed elekt\u0159inu, i kdy\u017e jej\u00ed klidn\u00fd povrch pop\u00edr\u00e1 vytla\u010den\u00ed vody, kter\u00e9 zp\u016fsobila.<\/p>\n<p>Dopravn\u00ed infrastruktura se rozkl\u00e1d\u00e1 z centra m\u011bsta v uspo\u0159\u00e1dan\u00e9 s\u00edti ulic a t\u0159\u00edd. Koridory ve sm\u011bru v\u00fdchod-z\u00e1pad nesou sud\u00e1 \u010d\u00edsla ulic na jihu a lich\u00e1 na severu; bulv\u00e1ry ve sm\u011bru sever-jih se \u0159\u00edd\u00ed inverzn\u00ed paritou. Panamerick\u00e1 d\u00e1lnice (CA-1) prot\u00edn\u00e1 metropoli a p\u0159ech\u00e1z\u00ed do Bulevar Arturo Castellanos, zat\u00edmco RN-5 a RN-21 vytv\u00e1\u0159ej\u00ed spojen\u00ed s Antiguo Cuscatl\u00e1n a Santa Tecla. Na hlavn\u00edch silnic\u00edch ustupuje limit 60 km\/h na d\u00e1lnic\u00edch 90 km\/h; u\u017e\u0161\u00ed pruhy v historick\u00fdch \u010dtvrt\u00edch vynucuj\u00ed limit 40 km\/h. Tax\u00edky, p\u0159ev\u00e1\u017en\u011b \u017elut\u011b nat\u0159en\u00e9 Toyoty Corolla, jezd\u00ed do destinac\u00ed za fixn\u00ed j\u00edzdn\u00e9, neomezen\u00e9 tachometry, ale kalibrovan\u00e9 podle z\u00f3n.<\/p>\n<p>Hromadn\u00e1 doprava p\u0159eprav\u00ed denn\u011b t\u00e9m\u011b\u0159 dv\u011b st\u011b tis\u00edc cestuj\u00edc\u00edch na s\u00edti soukrom\u011b provozovan\u00fdch autobus\u016f a linek spravovan\u00fdch m\u011bsty. Syst\u00e9m SITRAMSS, spu\u0161t\u011bn\u00fd v roce 2013 jako ve\u0159ejno-soukrom\u00fd projekt podpo\u0159en\u00fd pades\u00e1timilionovou p\u016fj\u010dkou od Meziamerick\u00e9 rozvojov\u00e9 banky, se sna\u017eil harmonizovat tok dopravy na tras\u00e1ch ze San Mart\u00edna p\u0159es Soyapango a Antiguo Cuscatl\u00e1n do Santa Tecla; autobusy s kapacitou 160 cestuj\u00edc\u00edch v desetiminutov\u00fdch intervalech proj\u00ed\u017ed\u011bly centrem m\u011bsta a p\u0159ed polednem p\u0159epravily p\u0159ibli\u017en\u011b dvacet tis\u00edc doj\u00ed\u017ed\u011bj\u00edc\u00edch. Bezplatn\u00e1 doprava vyhrazen\u00e1 pro seniory, nast\u00e1vaj\u00edc\u00ed matky a osoby se zdravotn\u00edm posti\u017een\u00edm z\u016fst\u00e1v\u00e1 ve St\u0159edn\u00ed Americe jedine\u010dn\u00e1 a potvrzuje z\u00e1vazek m\u011bsta k inkluzivn\u00ed mobilit\u011b.<\/p>\n<p>\u017delezni\u010dn\u00ed doprava, kdysi ne\u010dinn\u00e1, se v roce 2007 znovu objevila v r\u00e1mci spole\u010dnosti FENADESAL a spojovala San Salvador s Apopou a\u017e do jej\u00edho pozastaven\u00ed v roce 2013. Pl\u00e1ny na op\u011btovn\u00e9 spojen\u00ed s Nejapou a Cuscatancingo p\u0159etrv\u00e1vaj\u00ed, zat\u00edmco v\u00fdlety za pam\u00e1tkami v zrekonstruovan\u00fdch vag\u00f3nech ze 60. let zvou cestuj\u00edc\u00ed, aby za\u017eili rytmus d\u0159\u00edv\u011bj\u0161\u00ed doby.<\/p>\n<p>V roce 1980 se p\u0159\u00edstup letecky p\u0159esunul z Ilopanga na mezin\u00e1rodn\u00ed leti\u0161t\u011b Monse\u00f1or \u00d3scar Arnulfo Romero, kter\u00e9 se nach\u00e1z\u00ed 40 kilometr\u016f ji\u017en\u011b v rovinat\u00e9m ter\u00e9nu vhodn\u00e9m pro budouc\u00ed roz\u0161\u00ed\u0159en\u00ed. V roce 2008 prolet\u011bly jeho termin\u00e1ly p\u0159es dva miliony cestuj\u00edc\u00edch, co\u017e z n\u011bj \u010din\u00ed t\u0159et\u00ed nejru\u0161n\u011bj\u0161\u00ed leti\u0161t\u011b ve St\u0159edn\u00ed Americe; leti\u0161t\u011b Ilopango, kter\u00e9 bylo p\u0159em\u011bn\u011bno na vojensk\u00e9 a charterov\u00e9 operace, bylo znovu otev\u0159eno v roce 2009 a nyn\u00ed host\u00ed ka\u017edoro\u010dn\u00ed leteckou show.<\/p>\n<p>Demograficky San Salvador odr\u00e1\u017e\u00ed mestizo v\u011bt\u0161inu 72,3 procenta spolu s b\u00edlou men\u0161inou 25,8 procenta, jej\u00ed\u017e \u0161pan\u011blsk\u00e9, francouzsk\u00e9 a n\u011bmeck\u00e9 p\u0159edky p\u0159etrv\u00e1vaj\u00ed v p\u0159\u00edjmen\u00edch a v klenut\u00fdch s\u00e1lech koloni\u00e1ln\u00edch budov. \u0160pan\u011bl\u0161tina p\u0159evl\u00e1d\u00e1 jako lingua franca, zat\u00edmco angli\u010dtina z\u00edsk\u00e1v\u00e1 na popularit\u011b d\u00edky vlivu m\u00e9di\u00ed a n\u00e1vrat\u016fm emigrant\u016f. P\u0159edpokl\u00e1dan\u00e9 po\u010dty obyvatel pro rok 2015 odhadovaly 257 754 obyvatel v obci \u2013 4 procenta z celkov\u00e9ho po\u010dtu obyvatel v zemi \u2013 a 1 767 102 v metropolitn\u00ed oblasti \u2013 27,4 procenta obyvatel Salvadoru \u2013 co\u017e podtrhuje nep\u0159im\u011b\u0159enou z\u00e1va\u017enost m\u011bsta.<\/p>\n<p>Z ekonomick\u00e9ho hlediska metropolitn\u00ed z\u00f3na zahrnuje pouze 3 procenta \u00fazem\u00ed zem\u011b, p\u0159esto p\u0159itahuje p\u0159ibli\u017en\u011b 70 procent ve\u0159ejn\u00fdch a soukrom\u00fdch investic. Slu\u017eby, soukrom\u00e9 vzd\u011bl\u00e1v\u00e1n\u00ed, bankovnictv\u00ed, s\u00eddla firem a lehk\u00fd pr\u016fmysl tvo\u0159\u00ed jej\u00ed fisk\u00e1ln\u00ed p\u00e1te\u0159, zat\u00edmco p\u0159evody ze zahrani\u010d\u00ed p\u0159evy\u0161uj\u00ed pr\u016fmyslovou produkci v udr\u017een\u00ed p\u0159\u00edjm\u016f dom\u00e1cnost\u00ed. P\u0159ijet\u00ed americk\u00e9ho dolaru v roce 2001 signalizovalo vstup do zahrani\u010dn\u00edho kapit\u00e1lu, \u010d\u00edm\u017e investor\u016fm u\u0161et\u0159ilo konverzi m\u011bn, ale z\u00e1rove\u0148 v\u00e1zalo m\u011bnovou politiku na extern\u00ed kurzy.<\/p>\n<p>V historick\u00e9m centru m\u011bsta \u2013 kdysi centru koloni\u00e1ln\u00ed vl\u00e1dy od \u0161estn\u00e1ct\u00e9ho stolet\u00ed \u2013 zem\u011bt\u0159esen\u00ed opakovan\u011b smazala stavby ze \u0161pan\u011blsk\u00e9 \u00e9ry a zanechala po sob\u011b sv\u011bd\u010d\u00edc\u00ed obytn\u00e9 z\u00f3ny architektury z konce devaten\u00e1ct\u00e9ho a za\u010d\u00e1tku dvac\u00e1t\u00e9ho stolet\u00ed. Za starosty Normana Quijana byly dopravn\u00ed tepny p\u0159esm\u011brov\u00e1ny, aby ochr\u00e1nily centrum p\u0159ed ru\u0161iv\u00fdmi autobusov\u00fdmi pruhy; pouli\u010dn\u00ed prodejci byli p\u0159em\u00edst\u011bni na vyhrazen\u00e1 m\u00edsta; a soucitn\u00e1 obnova fas\u00e1d a ve\u0159ejn\u00e9ho osv\u011btlen\u00ed m\u011bla za c\u00edl o\u017eivit n\u00e1m\u011bst\u00ed, kde se konaj\u00ed festivaly z\u00e1kladn\u00edch surovin, vojensk\u00e9 p\u0159ehl\u00eddky a srpnov\u00fd sv\u00e1tek Bo\u017esk\u00e9ho Spasitele.<\/p>\n<p>Dnes se vedle n\u00edzk\u00fdch modernistick\u00fdch kancel\u00e1\u0159\u00ed ty\u010d\u00ed impozantn\u00ed bytov\u00e9 domy s konstrukc\u00ed odolnou v\u016f\u010di zem\u011bt\u0159esen\u00ed, kter\u00e9 zt\u011bles\u0148uj\u00ed opatrn\u00fd optimismus, \u017ee seismick\u00e1 historie ji\u017e nebude omezovat aspirace. V \u010dtvrt\u00edch, jako je San Benito, Escal\u00f3n, San Francisco a Santa Elena, se na stromy lemovan\u00fdch alej\u00edch nach\u00e1zej\u00ed luxusn\u00ed hotely, butiky a ambas\u00e1dy, jejich\u017e vyv\u00fd\u0161en\u00e1 m\u00edsta nab\u00edzej\u00ed panoramata \u00fadol\u00ed pod nimi. Uzav\u0159en\u00e9 komunity s parky, baz\u00e9ny a fitness centry uspokojuj\u00ed rodiny ze st\u0159edn\u00ed t\u0159\u00eddy, zat\u00edmco chudinsk\u00e9 \u010dtvrti se shlukuj\u00ed na okraji m\u011bsta a sv\u011bd\u010d\u00ed o p\u0159etrv\u00e1vaj\u00edc\u00edch nerovnostech.<\/p>\n<p>Jakmile odpoledn\u00ed bou\u0159ky vyst\u0159\u00edd\u00e1 jasn\u00e1 obloha, silueta m\u011bsta se rozplyne v z\u010dernal\u00fd ku\u017eel Boquer\u00f3nu a zoubkovan\u00fd h\u0159eben okraje Ilopanga. Pouli\u010dn\u00ed lampy se rozsv\u011bcuj\u00ed pod\u00e9l t\u0159\u00edd Prado a zvony katedr\u00e1ly zvon\u00ed na indigov\u00e9m pozad\u00ed. V t\u011bchto hodin\u00e1ch se duality San Salvadoru \u2013 modernita a tradice, prosperita a chudoba, klid a chaos \u2013 shoduj\u00ed v rytmu zd\u011bd\u011bn\u00e9m jak po sopce, tak po \u00fadol\u00ed. Prost\u0159ednictv\u00edm po sob\u011b jdouc\u00edch erupc\u00ed, zem\u011bt\u0159esen\u00ed a lidsk\u00fdch peripeti\u00ed si m\u011bsto utv\u00e1\u0159elo sv\u016fj charakter v \u010dedi\u010di a politice, na mramorov\u00fdch n\u00e1m\u011bst\u00edch a p\u0159epln\u011bn\u00fdch tr\u017ei\u0161t\u00edch. Jeho vypr\u00e1v\u011bn\u00ed p\u0159etrv\u00e1v\u00e1 nikoli jako statick\u00fd monument, ale jako \u017eivouc\u00ed rukopis, psan\u00fd ka\u017ed\u00fd den v rytmu dopravy, k\u0159iku pouli\u010dn\u00edch prodejc\u016f, v\u00e1\u017enosti soudn\u00edch s\u00edn\u00ed a tich\u00e9 \u00fact\u011b katedr\u00e1ln\u00edch lavic. Zde, v tomto horsk\u00e9m tavic\u00edm kotli, se sb\u00edh\u00e1 sou\u010dasnost a minulost Salvadoru, p\u0159ipraven\u00e9 utv\u00e1\u0159et dosud nenapsan\u00e9 kapitoly.<\/p>","protected":false},"excerpt":{"rendered":"<p>San Salvador je hlavn\u00ed a nejv\u011bt\u0161\u00ed m\u011bsto Salvadoru a tak\u00e9 jeho stejnojmenn\u00fd department. Nicm\u00e9n\u011b je nejv\u011bt\u0161\u00ed aglomerac\u00ed v zemi a funguje jako politick\u00e9, kulturn\u00ed, vzd\u011bl\u00e1vac\u00ed a finan\u010dn\u00ed centrum Salvadoru. V roce 2024 m\u011bla obec San Salvador 525 990 obyvatel, zat\u00edmco metropolitn\u00ed oblast San Salvador, kter\u00e1 zahrnuje hlavn\u00ed m\u011bsto a 13 dal\u0161\u00edch obc\u00ed, m\u00e1 celkem 2 404 097 obyvatel. M\u011bstsk\u00e1 oblast m\u00e1 1 600 000 obyvatel.<\/p>","protected":false},"author":1,"featured_media":4217,"parent":9069,"menu_order":0,"comment_status":"closed","ping_status":"closed","template":"elementor_theme","meta":{"_eb_attr":"","footnotes":""},"class_list":["post-9116","page","type-page","status-publish","has-post-thumbnail"],"_links":{"self":[{"href":"https:\/\/travelshelper.com\/cs\/wp-json\/wp\/v2\/pages\/9116","targetHints":{"allow":["GET"]}}],"collection":[{"href":"https:\/\/travelshelper.com\/cs\/wp-json\/wp\/v2\/pages"}],"about":[{"href":"https:\/\/travelshelper.com\/cs\/wp-json\/wp\/v2\/types\/page"}],"author":[{"embeddable":true,"href":"https:\/\/travelshelper.com\/cs\/wp-json\/wp\/v2\/users\/1"}],"replies":[{"embeddable":true,"href":"https:\/\/travelshelper.com\/cs\/wp-json\/wp\/v2\/comments?post=9116"}],"version-history":[{"count":0,"href":"https:\/\/travelshelper.com\/cs\/wp-json\/wp\/v2\/pages\/9116\/revisions"}],"up":[{"embeddable":true,"href":"https:\/\/travelshelper.com\/cs\/wp-json\/wp\/v2\/pages\/9069"}],"wp:featuredmedia":[{"embeddable":true,"href":"https:\/\/travelshelper.com\/cs\/wp-json\/wp\/v2\/media\/4217"}],"wp:attachment":[{"href":"https:\/\/travelshelper.com\/cs\/wp-json\/wp\/v2\/media?parent=9116"}],"curies":[{"name":"wp","href":"https:\/\/api.w.org\/{rel}","templated":true}]}}