{"id":9069,"date":"2024-09-07T10:45:07","date_gmt":"2024-09-07T10:45:07","guid":{"rendered":"https:\/\/travelshelper.com\/staging\/?page_id=9069"},"modified":"2026-03-13T16:30:26","modified_gmt":"2026-03-13T16:30:26","slug":"salvador","status":"publish","type":"page","link":"https:\/\/travelshelper.com\/cs\/destinations\/north-america\/el-salvador\/","title":{"rendered":"Salvador"},"content":{"rendered":"<p>Salvador, neboli Republika El Salvador, zab\u00edr\u00e1 \u00fazk\u00fd p\u00e1s St\u0159edn\u00ed Ameriky mezi 13\u00b0 a 15\u00b0 severn\u00ed \u0161\u00ed\u0159ky a 87\u00b0 a 91\u00b0 z\u00e1padn\u00ed d\u00e9lky, s rozlohou p\u0159ibli\u017en\u011b 21 041 km\u00b2 a odhadovanou populac\u00ed v roce 2024 na \u0161est milion\u016f. Tato kompaktn\u00ed republika \u2013 l\u00e1skypln\u011b p\u0159ezd\u00edvan\u00e1 \u201ePale\u010dek Ameriky\u201c \u2013, ohrani\u010den\u00e1 na severoz\u00e1pad\u011b Guatemalou, na severov\u00fdchod\u011b Hondurasem a na jihu Tich\u00fdm oce\u00e1nem, m\u00e1 San Salvador jako sv\u00e9 hlavn\u00ed a nejlidnat\u011bj\u0161\u00ed m\u011bsto. Navzdory sv\u00e9 skromn\u00e9 \u200b\u200brozloze se ter\u00e9n Salvadoru zved\u00e1 od pob\u0159e\u017en\u00edch pl\u00e1n\u00ed a\u017e po sope\u010dn\u00e9 vyso\u010diny, jeho lidsk\u00e1 tapiserie prol\u00edn\u00e1 p\u0159edkolumbovsk\u00e9 d\u011bdictv\u00ed s koloni\u00e1ln\u00edmi ot\u0159esy a jeho rozv\u00edjej\u00edc\u00ed se ekonomika vyva\u017euje zem\u011bd\u011blsk\u00e9 ko\u0159eny s rozv\u00edjej\u00edc\u00edm se pr\u016fmyslov\u00fdm a servisn\u00edm sektorem.<\/p>\n<p>Dlouho p\u0159edt\u00edm, ne\u017e evropsk\u00e9 lod\u011b prolomily tichomo\u0159sk\u00fd horizont, zanechaly zde sv\u00e9 stopy po sob\u011b jdouc\u00ed mezoamerick\u00e9 civilizace. Archeologick\u00e9 poz\u016fstatky p\u0159\u00edtomnosti Olm\u00e9k\u016f kolem prvn\u00edho tis\u00edcilet\u00ed p\u0159. n. l. p\u0159in\u00e1\u0161ej\u00ed n\u00e1znaky ran\u00e9 spole\u010densk\u00e9 slo\u017eitosti, zat\u00edmco n\u00e1sledn\u00e9 maysk\u00e9 osady zanechaly mezi kopci architektonick\u00e9 a ikonografick\u00e9 stopy. V dob\u011b, kdy se Cuzcatl\u00e9kov\u00e9 mluv\u00edc\u00ed jazykem Pipil-Nahuatl ujali region\u00e1ln\u00edho v\u00fdznamu, formovalo se dynamick\u00e9 kulturn\u00ed prost\u0159ed\u00ed, kter\u00e9 se vyzna\u010dovalo ritu\u00e1ln\u00edmi n\u00e1m\u011bst\u00edmi a agr\u00e1rn\u00edmi inovacemi. Tyto domorod\u00e9 politick\u00e9 \u00fatvary udr\u017eovaly bohat\u011b propojen\u00e9 s\u00edt\u011b obchodu a v\u00edry a\u017e do za\u010d\u00e1tku \u0161estn\u00e1ct\u00e9ho stolet\u00ed, kdy se \u0161pan\u011bl\u0161t\u00ed dobyvatel\u00e9 tla\u010dili do vnitrozem\u00ed z Guatemaly a zavedli koloni\u00e1ln\u00ed struktury, kter\u00e9 p\u0159etrvaly t\u0159i stolet\u00ed.<\/p>\n<p>Vl\u00e1da \u0161pan\u011blsk\u00e9 koruny nad St\u0159edn\u00ed Amerikou se upevnila v roce 1609 vytvo\u0159en\u00edm \u00fa\u0159adu gener\u00e1ln\u00edho kapit\u00e1na Guatemaly, kter\u00fdm bylo \u00fazem\u00ed Salvadoru spravov\u00e1no z Mexico City, ale z\u00e1rove\u0148 si zachovalo ur\u010dit\u00fd stupe\u0148 provin\u010dn\u00ed autonomie. V tomto r\u00e1mci m\u00edstn\u00ed vlastn\u00edci p\u016fdy soust\u0159edili bohatstv\u00ed v p\u011bstov\u00e1n\u00ed indiga a kakaa a rozv\u00edjeli ekonomiku zpo\u010d\u00e1tku v\u00e1zanou na p\u016fvodn\u00ed plodiny, kter\u00e9 si p\u0159ivlastnily koloni\u00e1ln\u00ed elity. S mexickou v\u00e1lkou za nez\u00e1vislost a rozpadem Nov\u00e9ho \u0160pan\u011blska v roce 1821 se Salvador p\u0159ipojil ke kr\u00e1tk\u00e9 Prvn\u00ed mexick\u00e9 \u0159\u00ed\u0161i, ne\u017e v roce 1823 prohl\u00e1sil \u010dlenstv\u00ed ve Federativn\u00ed republice St\u0159edn\u00ed Amerika. Jeho status suver\u00e9nn\u00edho st\u00e1tu se objevil po rozpadu federace v roce 1841; pozd\u011bj\u0161\u00ed experiment s Velkou republikou St\u0159edn\u00ed Ameriky (1896\u20131898) ospravedlnil rozporupln\u00e9 sklony regionu.<\/p>\n<p>B\u011bhem konce devaten\u00e1ct\u00e9ho a za\u010d\u00e1tku dvac\u00e1t\u00e9ho stolet\u00ed se socioekonomick\u00e9 rozd\u00edly prohloubily v zako\u0159en\u011bn\u00e9 hierarchie vlastnictv\u00ed p\u016fdy a politick\u00e9ho vlivu. Plant\u00e1\u017en\u00ed oligarchie monopolizovala v\u00fdvoz k\u00e1vy \u2013 na za\u010d\u00e1tku 20. stolet\u00ed p\u0159edstavovala ohromuj\u00edc\u00edch devades\u00e1t procent devizov\u00fdch p\u0159\u00edjm\u016f \u2013 zat\u00edmco v\u011bt\u0161ina venkovsk\u00fdch obyvatel se \u017eivila margin\u00e1ln\u00edmi zem\u011bd\u011blsk\u00fdmi podniky. Pravideln\u00e9 vzpoury a p\u0159evraty p\u0159eru\u0161ovaly \u0159adu autorit\u00e1\u0159sk\u00fdch vl\u00e1d, kter\u00e9 vyvrcholily salvadorskou ob\u010danskou v\u00e1lkou (1979\u20131992). Tento dvan\u00e1ctilet\u00fd konflikt postavil vojenskou vl\u00e1du podporovanou Spojen\u00fdmi st\u00e1ty proti koalici levicov\u00fdch guerill; jeho uzav\u0159en\u00edm v r\u00e1mci m\u00edrov\u00fdch dohod z Chapultepecu byla ustanovena pluralitn\u00ed \u00fastavn\u00ed republika. B\u011bhem a po nep\u0159\u00e1telsk\u00fdch akc\u00edch se do Spojen\u00fdch st\u00e1t\u016f dostalo t\u00e9m\u011b\u0159 milion Salvadoran\u016f, kte\u0159\u00ed do roku 2008 vytvo\u0159ili \u0161estou nejv\u011bt\u0161\u00ed imigrantskou komunitu.<\/p>\n<p>Ekonomick\u00fd \u017eivot v obdob\u00ed po m\u00edru usiloval o diverzifikaci nad r\u00e1mec d\u0159\u00edv\u011bj\u0161\u00ed nadvl\u00e1dy k\u00e1vy. Col\u00f3n \u2013 salvadorsk\u00e1 m\u011bnov\u00e1 jednotka od roku 1892 \u2013 byl v roce 2001 nahrazen americk\u00fdm dolarem, \u010d\u00edm\u017e se vytvo\u0159ily u\u017e\u0161\u00ed finan\u010dn\u00ed vazby se severoamerick\u00fdmi trhy. Liberalizovanou obchodn\u00ed politiku doprov\u00e1zely iniciativy na roz\u0161\u00ed\u0159en\u00ed v\u00fdrobn\u00edho a servisn\u00edho pr\u016fmyslu, kter\u00e9 do roku 2019 vedly k m\u00edrn\u00e9mu sn\u00ed\u017een\u00ed nerovnosti p\u0159\u00edjm\u016f na nejni\u017e\u0161\u00ed \u00farove\u0148 mezi sousedn\u00edmi st\u00e1ty. Nicm\u00e9n\u011b srovn\u00e1vac\u00ed studie z roku 2021 za\u0159adila ekonomiku zem\u011b mezi nejm\u00e9n\u011b slo\u017eit\u00e9 z hlediska sofistikovanosti podnik\u00e1n\u00ed, co\u017e je p\u0159ipom\u00ednkou p\u0159etrv\u00e1vaj\u00edc\u00edch probl\u00e9m\u016f i uprost\u0159ed postupn\u00e9ho r\u016fstu.<\/p>\n<p>Topograficky odvozuje Salvador sv\u016fj charakter od sope\u010dn\u00fdch proces\u016f. Zem\u011b, kter\u00e1 je sou\u010d\u00e1st\u00ed Ohniv\u00e9ho kruhu Tich\u00e9ho oce\u00e1nu, se py\u0161n\u00ed v\u00edce ne\u017e dvaceti sopkami, z nich\u017e mnoh\u00e9 jsou st\u00e1le aktivn\u00ed nebo potenci\u00e1ln\u011b aktivn\u00ed. Ilamatepec (sopka Santa Anna) se ty\u010d\u00ed do v\u00fd\u0161ky 2 384 metr\u016f nad mo\u0159em, zat\u00edmco Chaparrastique (sopka San Miguel) vykazuje nejv\u011bt\u0161\u00ed frekvenci erupc\u00ed. Centr\u00e1ln\u00ed plo\u0161inu lemuj\u00ed rovnob\u011b\u017en\u00e9 horsk\u00e9 p\u00e1sma, jejich\u017e svahy roz\u0159ez\u00e1v\u00e1 v\u00edce ne\u017e t\u0159i sta \u0159ek, kter\u00e9 se s Rio Lempou jako jedinou splavnou vodn\u00ed cestou vl\u00e9vaj\u00ed do Pacifiku. Mezi t\u011bmito vrchovinami se nach\u00e1zej\u00ed kr\u00e1terov\u00e1 jezera, jako jsou Ilopango a Coatepeque, poz\u016fstatky prudk\u00fdch erupc\u00ed, kter\u00e9 nyn\u00ed podporuj\u00ed rybolov i cestovn\u00ed ruch, a um\u011bl\u00e9 n\u00e1dr\u017ee, jako je Cerr\u00f3n Grande, kter\u00e9 podporuj\u00ed v\u00fdrobu vodn\u00ed energie.<\/p>\n<p>Klimaticky p\u0159evl\u00e1d\u00e1 rozdvojen\u00fd re\u017eim: obdob\u00ed de\u0161\u0165\u016f, invierno, od kv\u011btna do \u0159\u00edjna, p\u0159in\u00e1\u0161\u00ed na n\u00e1v\u011btrn\u00e9 svahy hor ro\u010dn\u011b a\u017e dva tis\u00edce milimetr\u016f sr\u00e1\u017eek, zat\u00edmco obdob\u00ed sucha, verano, trv\u00e1 od listopadu do dubna pod vlivem severov\u00fdchodn\u00edch pas\u00e1t\u016f, kter\u00e9 jsou zbaveny vl\u00e1hy p\u0159i transhondurask\u00e9m pr\u016fchodu. Teplotn\u00ed v\u00fdkyvy z\u00e1vis\u00ed sp\u00ed\u0161e na nadmo\u0159sk\u00e9 v\u00fd\u0161ce ne\u017e na kalend\u00e1\u0159i: v pob\u0159e\u017en\u00edch n\u00ed\u017ein\u00e1ch se pr\u016fm\u011brn\u00e9 teploty pohybuj\u00ed mezi 25 \u00b0C a 29 \u00b0C; v centr\u00e1ln\u00ed \u010d\u00e1sti n\u00e1horn\u00ed plo\u0161iny se teploty pohybuj\u00ed kolem 23 \u00b0C; a ve vy\u0161\u0161\u00edch nadmo\u0159sk\u00fdch v\u00fd\u0161k\u00e1ch klesaj\u00ed k jednocifern\u00fdm no\u010dn\u00edm teplot\u00e1m. Samotn\u00fd San Salvador zaznamen\u00e1v\u00e1 extr\u00e9my v rozmez\u00ed od 6 \u00b0C do 38 \u00b0C, co\u017e sv\u011bd\u010d\u00ed o jeho m\u00edrn\u00e9 nadmo\u0159sk\u00e9 v\u00fd\u0161ce, kter\u00e1 se pohybuje kolem sedmi set metr\u016f.<\/p>\n<p>V posledn\u00edch desetilet\u00edch se cestovn\u00ed ruch stal \u017eivotn\u011b d\u016fle\u017eit\u00fdm odv\u011btv\u00edm a v roce 2019 p\u0159isp\u011bl k HDP \u010d\u00e1stkou 2,97 miliardy americk\u00fdch dolar\u016f, co\u017e p\u0159edstavuje jeden\u00e1ct procent HDP. Pl\u00e1\u017ee jako El Tunco, El Sunzal a La Costa del Sol l\u00e1kaj\u00ed surfa\u0159e, kte\u0159\u00ed si u\u017e\u00edvaj\u00ed st\u00e1l\u00fdch vln v Pacifiku; sope\u010dn\u00e9 v\u00fdstupy na Santa Ana a Izalco l\u00e1kaj\u00ed turisty panoramatick\u00fdmi v\u00fdhledy na kr\u00e1tery; a archeologick\u00e1 nalezi\u0161t\u011b jako Joya de Cer\u00e9n \u2013 \u010dasto p\u0159irovn\u00e1van\u00e1 ke st\u0159edoamerick\u00fdm Pompej\u00edm \u2013 a Tazumal vyb\u00edzej\u00ed k rozj\u00edm\u00e1n\u00ed nad p\u0159edhisp\u00e1nsk\u00fdm \u017eivotem. Koloni\u00e1ln\u00ed m\u011bsta, od Suchitota s dl\u00e1\u017ed\u011bn\u00fdmi ulicemi a\u017e po v\u00fdhledy na k\u00e1vovou krajinu Apaneca, zachov\u00e1vaj\u00ed fragmenty architektonick\u00e9ho d\u011bdictv\u00ed a z\u00e1rove\u0148 nab\u00edzej\u00ed \u0159emesln\u00e9 zbo\u017e\u00ed. V Montecristo Cloud Forest, Bosque El Imposible a souhv\u011bzd\u00ed ostrov\u016f \u2013 Olomega, Meanguera, Conchagua \u2013 se hojn\u011b vyskytuj\u00ed oblasti ekoturistiky.<\/p>\n<p>Ve\u0159ejn\u00e1 infrastruktura za\u017eila sm\u00ed\u0161en\u00e9 osudy. Studie Univerzity Severn\u00ed Karol\u00edny z roku 2015 chv\u00e1lila Salvador za dosa\u017een\u00ed nejv\u011bt\u0161\u00edho glob\u00e1ln\u00edho pokroku v oblasti spravedliv\u00e9ho z\u00e1sobov\u00e1n\u00ed vodou a p\u0159\u00edstupu k hygien\u011b, av\u0161ak zne\u010di\u0161t\u011bn\u00ed \u0159ek a monopoln\u00ed ve\u0159ejn\u00e9 slu\u017eby signalizuj\u00ed nevy\u0159e\u0161en\u00e9 probl\u00e9my. Uprost\u0159ed pandemie COVID-19 p\u0159edstavovala p\u0159em\u011bna v\u00fdznamn\u00e9ho kongresov\u00e9ho centra na nemocnici El Salvador \u2013 nejv\u011bt\u0161\u00ed v Latinsk\u00e9 Americe \u2013 strategickou reakci i trvalou investici do zdravotn\u00ed p\u00e9\u010de. Za\u0159\u00edzen\u00ed, slavnostn\u011b otev\u0159en\u00e9 22. \u010dervna 2020, nyn\u00ed nab\u00edz\u00ed v\u00edce ne\u017e tis\u00edc l\u016f\u017eek na JIP, komplexn\u00ed radiologick\u00e9 a krevn\u00ed slu\u017eby a integrovanou m\u00e1rnici za cenu bl\u00ed\u017e\u00edc\u00ed se 75 milion\u016fm americk\u00fdch dolar\u016f.<\/p>\n<p>Propojen\u00ed se rozprost\u00edr\u00e1 prost\u0159ednictv\u00edm mezin\u00e1rodn\u00edho leti\u0161t\u011b Monse\u00f1or \u00d3scar Arnulfo Romero, kter\u00e9 se nach\u00e1z\u00ed asi \u010dty\u0159icet kilometr\u016f jihov\u00fdchodn\u011b od hlavn\u00edho m\u011bsta. Z t\u011bchto ploch se n\u00e1v\u0161t\u011bvn\u00edci vyd\u00e1vaj\u00ed \u2013 by\u0165 v mez\u00edch sv\u00e9ho p\u0159\u00edjezdu \u2013 do zem\u011b, jej\u00ed\u017e slo\u017een\u00e9 obyvatelstvo odr\u00e1\u017e\u00ed stalet\u00ed prol\u00edn\u00e1n\u00ed domorod\u00fdch Pipil\u016f, \u0161pan\u011blsk\u00fdch osadn\u00edk\u016f a zotro\u010den\u00fdch Afri\u010dan\u016f. Migrace z venkova do m\u011bst od 60. let 20. stolet\u00ed u\u010dinila ze Salvadoru nejhust\u011bji os\u00eddlen\u00fd st\u00e1t v kontinent\u00e1ln\u00ed Americe, p\u0159i\u010dem\u017e t\u00e9m\u011b\u0159 \u010dty\u0159icet dva procent jeho obyvatel st\u00e1le \u017eije ve venkovsk\u00fdch komunit\u00e1ch, a to i p\u0159esto, \u017ee San Salvador m\u00e1 zhruba 2,1 milionu obyvatel.<\/p>\n<p>Kulturn\u00ed projev vzkv\u00e9t\u00e1 v literatu\u0159e, um\u011bn\u00ed a p\u00edsn\u00edch. Spisovatel\u00e9 od Francisca Gavidii po Roque Daltona, od Claudie Lars po Manlia Arguetu, dali hlas soci\u00e1ln\u00edmu boji a mytick\u00e9 pam\u011bti. Mal\u00ed\u0159i jako Camilo Minero, Carlos Ca\u00f1as a kolektiv zn\u00e1m\u00fd jako Studio Lenca vdechuj\u00ed pl\u00e1tnam spektr\u00e1ln\u00ed barvy a historickou reflexi. Filmov\u00ed re\u017eis\u00e9\u0159i \u2013 mezi nimi\u017e zesnul\u00fd Baltasar Polio a Patricia Chica \u2013 a karikaturist\u00e9 jako To\u00f1o Salazar vyu\u017e\u00edvaj\u00ed vizu\u00e1ln\u00ed m\u00e9dia pro spole\u010densk\u00fd koment\u00e1\u0159. C\u00edrkev m\u011bla hlubok\u00fd vliv, kter\u00fd se nejv\u00fdrazn\u011bji projevil v mu\u010dednick\u00e9 smrti arcibiskupa \u00d3scara Romera uprost\u0159ed boje za lidsk\u00e1 pr\u00e1va; jezuit\u0161t\u00ed u\u010denci Ignacio Ellacur\u00eda, Ignacio Mart\u00edn-Bar\u00f3 a Segundo Montes rovn\u011b\u017e zaplatili nejvy\u0161\u0161\u00ed cenu b\u011bhem ob\u010dansk\u00e9 v\u00e1lky.<\/p>\n<p>Kulin\u00e1\u0159sk\u00e9 tradice ukotvuj\u00ed n\u00e1rodn\u00ed identitu kolem kuku\u0159ice a p\u016fvodn\u00ed fl\u00f3ry. Pupusa \u2013 ru\u010dn\u011b lisovan\u00e9 tortilly pln\u011bn\u00e9 quesillo, chicharr\u00f3n, sma\u017een\u00fdmi fazolemi nebo loroco \u2013 jsou v \u00fastavn\u00edm dekretu zakotveny jako n\u00e1rodn\u00ed pokrm Salvadoru a ka\u017edoro\u010dn\u011b se p\u0159ipom\u00ednaj\u00ed druhou ned\u011bli v listopadu. Salvadorsk\u00e9 stoly se hem\u017e\u00ed yuca frita dopln\u011bnou curtidem a vep\u0159ov\u00fdmi k\u016f\u017eemi, zat\u00edmco panes con pollo nab\u00edz\u00ed ko\u0159en\u011bn\u00e9, ru\u010dn\u011b trhan\u00e9 kr\u016ft\u00ed nebo ku\u0159ec\u00ed maso v housce, ozdoben\u00e9 \u0159e\u0159ichou, okurkou a \u0159adou dochucovadel. Rann\u00ed ritu\u00e1ly zahrnuj\u00ed sma\u017een\u00e9 ban\u00e1ny plantain pokapan\u00e9 smetanou a ob\u010derstven\u00ed, jako je horchata z morro semen nebo ovocn\u00fd ensalada; dort ze t\u0159\u00ed druh\u016f ml\u00e9ka namo\u010den\u00fd v mandlov\u00e9m pi\u0161kotu v odpa\u0159en\u00e9, kondenzovan\u00e9 a ml\u00e9\u010dn\u00e9 \u0161leha\u010dce tvo\u0159\u00ed dezert, kter\u00fd dlouho vydr\u017e\u00ed na pat\u0159e.<\/p>\n<p>V tomto prol\u00edn\u00e1n\u00ed historie a topografi\u00ed se Salvador odhaluje jako mikrokosmos st\u0159edoamerick\u00e9ho nap\u011bt\u00ed a p\u0159\u00edslib\u016f. Sope\u010dn\u00e9 vrcholy zrcadl\u00ed rodov\u00e9 kultury kultury, zat\u00edmco pob\u0159e\u017en\u00ed \u00fatesy odr\u00e1\u017eej\u00ed dynamick\u00e9 rozhran\u00ed pevniny a mo\u0159e. K\u00e1vov\u00e9 plant\u00e1\u017ee p\u0159ipom\u00ednaj\u00ed \u00e9ry exportn\u011b orientovan\u00e9 opulentnosti a nerovnosti, zat\u00edmco v\u00fdrobn\u00ed parky a turistick\u00e9 koridory nazna\u010duj\u00ed diverzifikovanou budoucnost. \u0158eky se vine vnitrozemskou vyso\u010dinou, udr\u017euj\u00ed zem\u011bd\u011blstv\u00ed, ale jsou ohro\u017eeny zne\u010di\u0161\u0165uj\u00edc\u00edmi l\u00e1tkami z rozv\u00edjej\u00edc\u00edch se m\u011bstsk\u00fdch center. Duch lidu \u2013 formovan\u00fd dob\u00fdv\u00e1n\u00edm a odporem, diasporou a n\u00e1vratem \u2013 nach\u00e1z\u00ed vyj\u00e1d\u0159en\u00ed v n\u00e1st\u011bnn\u00fdch malb\u00e1ch a rukopisech, v sonorsk\u00e9m refr\u00e9nu a vln\u00e1ch na pl\u00e1\u017ei.<\/p>\n<p>V tichu \u00fasvitu na vrcholu Ilamatepecu lze pod \u00farodnou p\u016fdou vyc\u00edtit kontinuum epoch\u00e1ln\u00edch hybn\u00fdch sil. Od guatemalsk\u00e9 hranice se vln\u00ed \u0159eka Lempa, kter\u00e1 nese sedimenty a p\u0159\u00edb\u011bhy a\u017e k pacifick\u00e9 slan\u00e9 vod\u011b; na n\u00e1m\u011bst\u00edch San Salvadoru se ka\u017edodenn\u00ed ruch prol\u00edn\u00e1 s p\u0159ipom\u00ednkami ob\u011bt\u00ed. Nap\u0159\u00ed\u010d zem\u011bd\u011blskou p\u016fdou a tov\u00e1rnami, muzei a trhy evokuj\u00ed kontury republiky odolnost v nep\u0159\u00edzni osudu a nevyslovenou smlouvu mezi minulost\u00ed a budoucnost\u00ed. Salvador stoj\u00ed na rozhran\u00ed element\u00e1rn\u00edch sil \u2013 tektonick\u00fdch, kulturn\u00edch, ekonomick\u00fdch \u2013 a jeho p\u0159\u00edb\u011bh je utv\u00e1\u0159en neust\u00e1lou souhrou p\u016fdy a lid\u00ed a sv\u011bd\u010d\u00ed o n\u00e1rod\u011b kompaktn\u00edm co do velikosti i rozs\u00e1hl\u00e9m v lidsk\u00e9m \u00fasil\u00ed.<\/p>","protected":false},"excerpt":{"rendered":"<p>Salvador, d\u0159\u00edve naz\u00fdvan\u00fd Republika El Salvador, je zaj\u00edmav\u00e1 zem\u011b nach\u00e1zej\u00edc\u00ed se ve St\u0159edn\u00ed Americe. Na severov\u00fdchod\u011b ji obklopuje Honduras, na severoz\u00e1pad\u011b Guatemala a na jihu ji om\u00fdv\u00e1 rozlehl\u00fd Tich\u00fd oce\u00e1n. San Salvador, hlavn\u00ed a nejv\u011bt\u0161\u00ed m\u011bsto zem\u011b, slou\u017e\u00ed jako politick\u00e9, kulturn\u00ed a ekonomick\u00e9 centrum. V roce 2023 se odhadovala populace Salvadoru na p\u0159ibli\u017en\u011b 6,5 milionu obyvatel, co\u017e nazna\u010duje jeho pozici jednoho z nejhust\u011bji os\u00eddlen\u00fdch st\u00e1t\u016f v oblasti.<\/p>","protected":false},"author":1,"featured_media":3277,"parent":24084,"menu_order":0,"comment_status":"closed","ping_status":"closed","template":"elementor_theme","meta":{"_eb_attr":"","footnotes":""},"class_list":["post-9069","page","type-page","status-publish","has-post-thumbnail"],"_links":{"self":[{"href":"https:\/\/travelshelper.com\/cs\/wp-json\/wp\/v2\/pages\/9069","targetHints":{"allow":["GET"]}}],"collection":[{"href":"https:\/\/travelshelper.com\/cs\/wp-json\/wp\/v2\/pages"}],"about":[{"href":"https:\/\/travelshelper.com\/cs\/wp-json\/wp\/v2\/types\/page"}],"author":[{"embeddable":true,"href":"https:\/\/travelshelper.com\/cs\/wp-json\/wp\/v2\/users\/1"}],"replies":[{"embeddable":true,"href":"https:\/\/travelshelper.com\/cs\/wp-json\/wp\/v2\/comments?post=9069"}],"version-history":[{"count":0,"href":"https:\/\/travelshelper.com\/cs\/wp-json\/wp\/v2\/pages\/9069\/revisions"}],"up":[{"embeddable":true,"href":"https:\/\/travelshelper.com\/cs\/wp-json\/wp\/v2\/pages\/24084"}],"wp:featuredmedia":[{"embeddable":true,"href":"https:\/\/travelshelper.com\/cs\/wp-json\/wp\/v2\/media\/3277"}],"wp:attachment":[{"href":"https:\/\/travelshelper.com\/cs\/wp-json\/wp\/v2\/media?parent=9069"}],"curies":[{"name":"wp","href":"https:\/\/api.w.org\/{rel}","templated":true}]}}