{"id":9063,"date":"2024-09-07T10:31:08","date_gmt":"2024-09-07T10:31:08","guid":{"rendered":"https:\/\/travelshelper.com\/staging\/?page_id=9063"},"modified":"2026-03-13T16:28:29","modified_gmt":"2026-03-13T16:28:29","slug":"svateho-jiri","status":"publish","type":"page","link":"https:\/\/travelshelper.com\/cs\/destinations\/north-america\/grenada\/st-georges\/","title":{"rendered":"Svat\u00e9ho Ji\u0159\u00ed"},"content":{"rendered":"<p>St. George&#039;s, tlukouc\u00ed srdce Grenady a jej\u00ed nejv\u011bt\u0161\u00ed osada, se ty\u010d\u00ed na okraji p\u0159\u00edstavu ve tvaru podkovy, jeho\u017e m\u011bstsk\u00e1 tapiserie se rozkl\u00e1d\u00e1 p\u0159es kopce, kter\u00e9 kdysi lemovaly sope\u010dn\u00fd kr\u00e1ter. M\u011bsto p\u0159itahuje pozornost nejen jako hlavn\u00ed p\u0159\u00edstav ostrova, ale tak\u00e9 jako s\u00eddlo L\u00e9ka\u0159sk\u00e9 fakulty Univerzity St. George&#039;s a hlavn\u00ed leteck\u00e1 br\u00e1na do zem\u011b, mezin\u00e1rodn\u00ed leti\u0161t\u011b Maurice Bishopa. Toto hlavn\u00ed m\u011bsto, le\u017e\u00edc\u00ed na jihov\u00fdchodn\u00edm okraji N\u00e1v\u011btrn\u00fdch ostrov\u016f \u2013 samotn\u00e1 Grenada se t\u00e1hne osmn\u00e1ct kilometr\u016f na \u0161\u00ed\u0159ku a t\u0159icet \u010dty\u0159i kilometr\u016f na d\u00e9lku \u2013 v sob\u011b spojuje stalet\u00ed koloni\u00e1ln\u00edho d\u011bdictv\u00ed s pulzuj\u00edc\u00ed modern\u00ed ekonomikou zalo\u017eenou na kakau, mu\u0161k\u00e1tov\u00e9m o\u0159\u00ed\u0161ku a mu\u0161k\u00e1tov\u00e9m kv\u011btu.<\/p>\n<p>Od sv\u00e9ho zalo\u017een\u00ed v roce 1650 pod francouzskou z\u00e1\u0161titou, p\u0159es po sob\u011b jdouc\u00ed po\u017e\u00e1ry, zem\u011bt\u0159esen\u00ed a hurik\u00e1ny, se St. George&#039;s neust\u00e1le znovuzrodil, veden p\u0159\u00edslibem sv\u00e9ho p\u0159irozen\u00e9ho p\u0159\u00edstavu a odolnost\u00ed sv\u00fdch obyvatel. Tropick\u00e9 de\u0161t\u011b vy\u017eivuj\u00ed h\u00e1je vanilky, sko\u0159ice a z\u00e1zvoru, zat\u00edmco klima m\u00edrn\u011bn\u00e9 jemn\u00fdm mo\u0159sk\u00fdm v\u00e1nkem zaji\u0161\u0165uje ostrovu postaven\u00ed mezi p\u0159edn\u00edmi producenty ko\u0159en\u00ed v Karibiku. N\u00e1v\u0161t\u011bvn\u00edk, kter\u00fd dnes kr\u00e1\u010d\u00ed pod\u00e9l pob\u0159e\u017e\u00ed Carenage, najde upraven\u00e9 promen\u00e1dy a pastelov\u011b zbarven\u00e9 obchodn\u00ed domy; hned za nimi v\u0161ak \u00fazk\u00e9 uli\u010dky strm\u011b stoupaj\u00ed do \u010dtvrt\u00ed, kde kor\u00e1lov\u011b \u0161tukov\u00e9 zdi p\u0159ipom\u00ednaj\u00ed koloni\u00e1ln\u00ed ambice a \u0161epot historie p\u0159ekr\u00fdv\u00e1 \u0161um modern\u00edho \u017eivota.<\/p>\n<p>Po\u010d\u00e1tky pevnosti Fort Royal Town \u2013 p\u0159edch\u016fdce dne\u0161n\u00edho St. George&#039;s \u2013 spo\u010d\u00edvaj\u00ed v pragmatick\u00e9m \u00fasudku ran\u00fdch francouzsk\u00fdch kolonist\u016f, kte\u0159\u00ed pot\u00e9, co nejprve brut\u00e1ln\u00edmi poty\u010dkami vyhnali p\u016fvodn\u00ed karibsk\u00e9 obyvatelstvo, p\u0159esunuli sv\u00e9 osady do vy\u0161\u0161\u00edch poloh v reakci na stoupaj\u00edc\u00ed hladinu laguny a po\u010det ob\u011bt\u00ed mal\u00e1rie. Do roku 1700 nov\u00fd m\u011bstsk\u00fd pl\u00e1n vyty\u010dil uspo\u0159\u00e1dan\u00e9, obd\u00e9ln\u00edkov\u00e9 ulice \u2013 mezi nimi i St. Juille a St. John&#039;s \u2013 kter\u00e9 se v m\u011bstsk\u00e9 s\u00edti dodnes zachovaly. Mysy, navr\u017een\u00e9 Jeanem de Giou de Caylus, korunovaly kamenn\u00e9 ba\u0161ty, p\u0159esto se z nich dnes dochovalo jen m\u00e1lo neporu\u0161en\u00fdch poz\u016fstatk\u016f; \u010das a bou\u0159e zni\u010dily velkou \u010d\u00e1st pevnosti, kter\u00e1 kdysi hl\u00eddala n\u00e1mo\u0159n\u00ed cesty. Kdy\u017e Brit\u00e1nie v roce 1763 ostrov prohl\u00e1sila za sv\u016fj, byly tituly poangli\u010dt\u011bny \u2013 Fort Royale se stal Fort George; Fort Royal Town se prom\u011bnil v Saint George&#039;s Town \u2013 a patron\u00e1t kr\u00e1le Ji\u0159\u00edho III. prop\u016fj\u010dil jeho jm\u00e9nu v\u00e1hu imp\u00e9ria.<\/p>\n<p>B\u011bhem osmn\u00e1ct\u00e9ho stolet\u00ed po\u017e\u00e1ry v letech 1771, 1775 a 1792 zni\u010dily d\u0159ev\u011bn\u00e9 stavby, co\u017e vedlo k vyd\u00e1n\u00ed edikt\u016f proti d\u0159ev\u011bn\u00e9 v\u00fdstavb\u011b a nastolilo \u00e9ru zd\u011bn\u00fdch dom\u016f, kter\u00e9 dodaly m\u011bstsk\u00e9 struktu\u0159e odolnost. Geologick\u00e9 ot\u0159esy v letech 1867 a 1888 v\u0161ak obyvatel\u016fm p\u0159ipom\u00ednaly sope\u010dn\u00fd p\u016fvod ostrova, kdy se \u0161\u00edje spojuj\u00edc\u00ed lagunu s Karibikem n\u00e1hle propadla pod hladinu mo\u0159e. I dnes lze p\u0159i pohledu do \u010dist\u00e9 vody rozeznat ruiny t\u00e9to potopen\u00e9 hr\u00e1ze.<\/p>\n<p>Koncem devaten\u00e1ct\u00e9ho stolet\u00ed, po odchodu Bridgetownu, se St. George&#039;s ujalo veden\u00ed britsk\u00fdch N\u00e1v\u011btrn\u00fdch ostrov\u016f. Um\u011bleck\u00e1 kav\u00e1rna v Tikalu otev\u0159ela sv\u00e9 br\u00e1ny v prosinci 1959, co\u017e znamenalo okam\u017eik, kdy kulturn\u00ed \u017eivot za\u010dal vzkv\u00e9tat vedle administrativn\u00edch \u00fa\u010del\u016f. Nez\u00e1vislost dorazila v roce 1974 a a\u010dkoli n\u00e1sleduj\u00edc\u00ed desetilet\u00ed p\u0159ineslo politick\u00e9 turbulence \u2013 kter\u00e9 vyvrcholily levicov\u00fdm p\u0159evratem a n\u00e1slednou intervenc\u00ed USA v roce 1983 \u2013 identita m\u011bsta z\u016fstala zakotvena v jeho p\u0159\u00edstavu, kostelech a ko\u0159en\u00e1\u0159sk\u00fdch usedlostech.<\/p>\n<p>Hurik\u00e1n Ivan v z\u00e1\u0159\u00ed 2004 zasadil r\u00e1nu neb\u00fdval\u00e9 s\u00edly. T\u00e9m\u011b\u0159 devades\u00e1t procent dom\u016f utrp\u011blo \u0161kody; kym\u00e1cej\u00edc\u00ed se stalet\u00e9 mu\u0161k\u00e1tov\u00e9 o\u0159\u00ed\u0161ky \u2013 symboly ekonomick\u00e9 krve Grenady \u2013 byly zbaveny v\u0161ech tk\u00e1n\u00ed. Mezin\u00e1rodn\u00ed solidarita, kterou shrom\u00e1\u017edili d\u00e1rci z Kanady, Spojen\u00fdch st\u00e1t\u016f, \u010c\u00edny, Venezuely, Trinidadu a Tobaga a Evropsk\u00e9 unie, v\u0161ak nastartovala pozoruhodn\u00fd n\u00e1r\u016fst rekonstrukc\u00ed. Do roku 2007 p\u0159iv\u00edtalo m\u011bsto St. George&#039;s mistrovstv\u00ed sv\u011bta v kriketu, jeho\u017e b\u0159ehy lemovaly pavilony a davy fanou\u0161k\u016f, co\u017e sv\u011bd\u010d\u00ed o jeho rychl\u00e9m zotaven\u00ed a hou\u017eevnatosti jeho obyvatel. Dnes se m\u011bsto \u0159ad\u00ed mezi deset nejlep\u0161\u00edch jachta\u0159sk\u00fdch destinac\u00ed v Karibiku a jeho nov\u011b z\u0159\u00edzen\u00e9 molo pro v\u00fdletn\u00ed lod\u011b p\u0159iv\u00e1d\u00ed n\u00e1v\u0161t\u011bvn\u00edky na Lagoon Road a Melville Street, kde restaurace a obchody pulzuj\u00ed ruchem.<\/p>\n<p>V centru m\u011bsta z\u016fst\u00e1v\u00e1 \u00fast\u0159edn\u00edm bodem Carenage, jej\u00ed\u017e pob\u0159e\u017en\u00ed hr\u00e1z lemuj\u00ed prodejci ko\u0159en\u00ed a st\u00e1nka\u0159i nab\u00edzej\u00edc\u00ed rumov\u00e9 kol\u00e1\u010dky a kakaov\u00e9 boby. \u0158\u00edmskokatolick\u00e1 katedr\u00e1la s v\u011b\u017e\u00ed z roku 1818 p\u0159edstavuje n\u00e1v\u0161t\u011bvn\u00edk\u016fm interi\u00e9r h\u00fd\u0159\u00edc\u00ed barvami \u2013 sv\u011btle modr\u00e9 a kor\u00e1lov\u011b \u010derven\u00e9 se setk\u00e1vaj\u00ed v oblouc\u00edch, kter\u00e9 se ty\u010d\u00ed a\u017e k klenut\u00e9mu stropu. O p\u00e1r blok\u016f d\u00e1l stoj\u00ed zrekonstruovan\u00fd anglik\u00e1nsk\u00fd kostel sv. Ji\u0159\u00ed: postaven\u00fd v roce 1825, hodinov\u00e9 zvony instalovan\u00e9 v roce 1904 kdysi odb\u00edjely hodiny; bou\u0159e a zanedb\u00e1v\u00e1n\u00ed srovnaly jeho zdi v roce 2004 v trosk\u00e1ch, p\u0159esto desetilet\u00ed rekonstrukce obnovilo jeho lo\u010f a zes\u00edlilo vitr\u00e1\u017eov\u00e1 okna, aby znovu p\u0159iv\u00edtala v\u011b\u0159\u00edc\u00ed.<\/p>\n<p>P\u0159i p\u011b\u0161\u00edm v\u00fdstupu k pevnosti Fort George proch\u00e1z\u00ed n\u00e1v\u0161t\u011bvn\u00edk klikat\u00fdmi uli\u010dkami a m\u00edj\u00ed shluky dom\u016f, kter\u00e9 se op\u00edraj\u00ed o strm\u00e9 svahy s terasami porostl\u00fdmi bugenvile\u00ed. Pevnost \u2013 jej\u00ed\u017e kamenn\u00e9 ba\u0161ty byly poprv\u00e9 postaveny v roce 1705 \u2013 byla m\u00edstn\u00ed polici\u00ed p\u0159estav\u011bna. V jedn\u00e9 m\u00edstnosti se nach\u00e1z\u00ed t\u011blocvi\u010dna a v druh\u00e9 \u0161ic\u00ed kolektiv. Hradby, a\u010dkoli jsou po\u0161kozen\u00e9 \u010dasem a hurik\u00e1ny, nab\u00edzej\u00ed \u00fachvatn\u00e9 panoramata: na v\u00fdchod\u011b se Carenage roz\u0161i\u0159uje do Karibiku; na z\u00e1pad\u011b se kopce hal\u00ed do smaragdov\u00e9ho lesa. Cestovatel\u00e9 se dostanou za m\u00edrn\u00fd poplatek \u2013 pouh\u00e9 dva dolary \u2013 a na opl\u00e1tku se zd\u00e1, \u017ee se na hradb\u00e1ch usazuje stalet\u00e9 ticho.<\/p>\n<p>Kulturn\u011b jsou rytmy m\u011bsta spjaty s karnevalem, kter\u00fd se kon\u00e1 ka\u017ed\u00fd rok b\u011bhem druh\u00e9ho srpnov\u00e9ho t\u00fddne. To, co za\u010d\u00edn\u00e1 v ned\u011bli ve\u010der za zvuk\u016f steel band\u016f, se vyvine v pond\u011bln\u00ed pr\u016fvod v Queen&#039;s Parku, kde kost\u00fdmn\u00ed a kr\u00e1lovny calypso soupe\u0159\u00ed o uzn\u00e1n\u00ed. V \u00fater\u00fd ulice tepou perkusemi a melodiemi, zat\u00edmco steel bandist\u00e9 \u200b\u200bpropl\u00e9taj\u00ed hadovit\u00e9 pr\u016fvody uli\u010dkami, kter\u00fdmi kdysi chodili francouz\u0161t\u00ed i brit\u0161t\u00ed \u010dervenokab\u00e1tn\u00edci. Tento festival, p\u0159ipom\u00ednaj\u00edc\u00ed konec otroctv\u00ed, ct\u00ed p\u0159edky a potvrzuje kolektivn\u00ed vitalitu, kter\u00e1 je z\u00e1kladem ka\u017edodenn\u00edho \u017eivota.<\/p>\n<p>Za hranicemi m\u011bsta se vine de\u0161tn\u00fdm pralesem tajn\u00e9 stezky. Vodop\u00e1dy sv. Mark\u00e9ty, pojmenovan\u00e9 podle sv\u00e9ho pr\u016flivu v bl\u00edzkosti sedmi kask\u00e1d, nab\u00edzej\u00ed t\u0159\u00edhodinovou t\u00faru zelen\u00fdm \u00fazem\u00edm Grand Etang \u2013 pono\u0159en\u00ed se do paprsk\u016f slune\u010dn\u00edho sv\u011btla pronikaj\u00edc\u00edch skrz ty\u010d\u00edc\u00ed se stromy, kde se kapradiny lesknou rosou a ticho naru\u0161uje jen \u0161um\u011bn\u00ed vody na sk\u00e1le. Zp\u00e1tky ve m\u011bst\u011b se v b\u00fdval\u00fdch francouzsk\u00fdch kas\u00e1rn\u00e1ch z roku 1704, kter\u00e9 pozd\u011bji slou\u017eily jako v\u011bzen\u00ed a hotel, nach\u00e1z\u00ed Grenadsk\u00e9 n\u00e1rodn\u00ed muzeum. V jeho galeri\u00edch se nach\u00e1zej\u00ed artefakty z doby karibsk\u00e9 a arawack\u00e9, poz\u016fstatky stroj\u016f na zpracov\u00e1n\u00ed cukru, n\u00e1stroje kdysi prosperuj\u00edc\u00edho velryb\u00e1\u0159sk\u00e9ho obchodu \u2013 a kupodivu i mramorov\u00e1 l\u00e1ze\u0148, kter\u00e1 byla kdysi instalov\u00e1na pro Jos\u00e9phine Bonaparte.<\/p>\n<p>Modern\u00ed n\u00e1v\u0161t\u011bvn\u00edk p\u0159il\u00e9taj\u00edc\u00ed letadlem p\u0159ist\u00e1v\u00e1 na mezin\u00e1rodn\u00edm leti\u0161ti Maurice Bishop, un\u00e1\u0161en mo\u0159sk\u00fdm v\u00e1nkem z Point Saline; v hlavn\u00ed sez\u00f3n\u011b se t\u00fddenn\u00ed spojen\u00ed roz\u0161i\u0159uje dokonce do Frankfurtu, a\u010dkoli v\u011bt\u0161ina cestuj\u00edc\u00edch p\u0159estupuje p\u0159es uzly ve Velk\u00e9 Brit\u00e1nii nebo Spojen\u00fdch st\u00e1tech. Na \u00farovni zem\u011b se z centr\u00e1ln\u00edho autobusov\u00e9ho depa rozb\u00edhaj\u00ed minibusy, ka\u017ed\u00fd ozna\u010den\u00fd sv\u00fdm c\u00edlem \u2013 jednoduch\u00e9 k\u00f3dy, kter\u00e9 nav\u00e1d\u011bj\u00ed doj\u00ed\u017ed\u011bj\u00edc\u00ed sm\u011brem k Gouyave, Sauteurs nebo odlehl\u00fdm z\u00e1tok\u00e1m ostrova. Termin\u00e1l v\u00fdletn\u00edch lod\u00ed v Carenage a p\u0159ilehl\u00e9 n\u00e1kupn\u00ed centrum Esplanada Mall, slavnostn\u011b otev\u0159en\u00e9 v polovin\u011b prvn\u00edho desetilet\u00ed 21. stolet\u00ed, signalizuj\u00ed prohlubuj\u00edc\u00ed se integraci m\u011bsta do glob\u00e1ln\u00edch turistick\u00fdch okruh\u016f.<\/p>\n<p>Urbanist\u00e9 nez\u016fstali ne\u010dinn\u00ed. Z\u00fcblin\u016fv pl\u00e1n rozvoje p\u0159edpokl\u00e1d\u00e1 druh\u00e9 molo pro v\u00fdletn\u00ed lod\u011b a tunel pro p\u011b\u0161\u00ed pod hlavn\u00ed silnic\u00ed tunelu Sendall, kter\u00fd by propojil poloostrov lemovan\u00fd pevnost\u00ed Fort George s nemocni\u010dn\u00edm are\u00e1lem. Silnice na z\u00e1padn\u00edm okraji Carenage byly roz\u0161\u00ed\u0159eny, aby se uleh\u010dil provoz, ale opatrnost je i nad\u00e1le nezbytn\u00e1: neozna\u010den\u00e9 jednosm\u011brn\u00e9 ulice a nen\u00e1padn\u00e9 dopravn\u00ed ostr\u016fvky \u2013 n\u011bkter\u00e9 z nich jsou jen nat\u0159en\u00fdmi sloupky \u2013 mohou nep\u0159ipraven\u00e9ho \u0159idi\u010de zm\u00e1st.<\/p>\n<p>Navzdory stalet\u00edm transformac\u00ed \u2013 ambic\u00edm osadn\u00edk\u016f, koloni\u00e1ln\u00ed rivalit\u011b, p\u0159\u00edrodn\u00edm katastrof\u00e1m a modern\u00ed p\u0159estavb\u011b \u2013 si St. George&#039;s zachov\u00e1v\u00e1 vnit\u0159n\u00ed soudr\u017enost, pocit, \u017ee ka\u017ed\u00e1 terasa, ka\u017ed\u00e1 ba\u0161ta, ka\u017ed\u00fd kvetouc\u00ed ke\u0159 pat\u0159\u00ed k rozv\u00edjej\u00edc\u00edmu se p\u0159\u00edb\u011bhu. M\u00e1lo kamen\u016f a mnoho ko\u0159en\u00ed ve m\u011bst\u011b sv\u011bd\u010d\u00ed o sil\u00e1ch geologick\u00fdch i lidsk\u00fdch: sope\u010dn\u00fdch ot\u0159esech, kter\u00e9 formovaly k\u0159ivku p\u0159\u00edstavu; evropsk\u00fdch in\u017een\u00fdrech, kte\u0159\u00ed se sna\u017eili ovl\u00e1dnout jeho vody; osvobozen\u00fdch lidech, kte\u0159\u00ed tan\u010dili calypso pod d\u0159ev\u011bn\u00fdmi st\u00e1nky; a sou\u010dasn\u00fdch spr\u00e1vc\u00edch, kte\u0159\u00ed rekonstruuj\u00ed v\u011b\u017ee katedr\u00e1l a znovu stav\u00ed mu\u0161k\u00e1tov\u00e9 h\u00e1je.<\/p>\n<p>\u017d\u00e1dn\u00fd jin\u00fd karibsk\u00fd p\u0159\u00edstav se nesnoub\u00ed s takovou klidnou hloubkou a hmatatelnou energi\u00ed. Za \u00fasvitu ryb\u00e1\u0159i vrhaj\u00ed s\u00edt\u011b na pozad\u00ed broskvov\u00e9ho sv\u011btla, s\u00edt\u011b, kter\u00e9 se vracej\u00ed s duhov\u00fdmi rybami ur\u010den\u00fdmi pro st\u00e1nky na trhu v Queen&#039;s Parku. Odpoledn\u00ed horko se hal\u00ed nad m\u011bstem jako \u0161\u00e1l, l\u00e1k\u00e1 k siest\u00e1m na stinn\u00fdch verand\u00e1ch a pos\u00edl\u00e1 turisty hledat chladnou lo\u010f katedr\u00e1ly. Soumrak pad\u00e1 do z\u00e1\u0159e luceren lemuj\u00edc\u00edch Melville Street, kde st\u00e1nky nab\u00edzej\u00ed ko\u0159en\u011bn\u00fd rum a chvalozp\u011bvy ve francouzsk\u00e9 kreol\u0161tin\u011b. V ka\u017ed\u00e9m okam\u017eiku se sb\u00edh\u00e1 rezonance historie a rytmus ka\u017edodenn\u00edho \u017eivota.<\/p>\n<p>Zahl\u00e9dnout St. George&#039;s znamen\u00e1 pozorovat m\u011bsto, kter\u00e9 si nese svou minulost v pam\u011bti a svou budoucnost v ka\u017ed\u00e9 opraven\u00e9 st\u0159e\u0161n\u00ed ta\u0161ce. Tady se v uli\u010dk\u00e1ch vzn\u00e1\u0161\u00ed v\u016fn\u011b vanilky; tam ruiny pevnosti Fort George evokuj\u00ed sv\u011bt bojovn\u00fd i velkolep\u00fd. Na st\u0159ech\u00e1ch dom\u016f stoj\u00ed satelitn\u00ed ant\u00e9ny vedle zd\u00ed z l\u00e1vov\u00e9ho kamene, symboly m\u00edsta, kter\u00e9 v sob\u011b spojuje glob\u00e1ln\u00ed proudy i m\u00edstn\u00ed zvyky. V\u00edce ne\u017e sedmn\u00e1ct desetilet\u00ed toto pob\u0159e\u017e\u00ed v\u00edtalo koloniz\u00e1tory, cestovatele, evakuovan\u00e9 p\u0159ed bou\u0159emi, u\u010dence, kte\u0159\u00ed se zab\u00fdvaj\u00ed medic\u00ednou, a \u017eeny v ope\u0159en\u00fdch kost\u00fdmech tan\u010d\u00edc\u00ed za rytm\u016f ocelov\u00fdch p\u00e1nv\u00ed.<\/p>\n<p>Takov\u00fd je narativn\u00ed puls hlavn\u00edho m\u011bsta Grenady: m\u00edsta trval\u00fdch kontrast\u016f, kde sope\u010dn\u00e1 kol\u00e9bka p\u0159\u00edstavu ustupuje t\u0159\u00edd\u00e1m dl\u00e1\u017ed\u011bn\u00fdm obchodem a kulturou. Pr\u00e1v\u011b zde, uprost\u0159ed sb\u00edhaj\u00edc\u00edch se v\u00e1pencov\u00fdch ulic a rozv\u00edjej\u00edc\u00edch se trh\u016f s ko\u0159en\u00edm, se podstata ostrova \u2013 jeho historie vyryt\u00e1 do kor\u00e1lov\u00e9 sk\u00e1ly a jeho budoucnost provon\u011bn\u00e1 mu\u0161k\u00e1tov\u00fdm o\u0159\u00ed\u0161kem \u2013 st\u00e1v\u00e1 nesmazateln\u011b viditelnou. V t\u00e9to viditelnosti spo\u010d\u00edv\u00e1 jak p\u0159\u00edslib, tak tich\u00e1 pravda: St. George&#039;s \u017eije jako otev\u0159en\u00e1 kniha, ka\u017edou str\u00e1nku obrac\u00ed p\u0159\u00edliv, bou\u0159e, triumf a ruce t\u011bch, kte\u0159\u00ed tento podkovovit\u00fd p\u0159\u00edstav naz\u00fdvaj\u00ed domovem.<\/p>","protected":false},"excerpt":{"rendered":"<p>St. George&#039;s je energick\u00e9 hlavn\u00ed m\u011bsto karibsk\u00e9ho ostrovn\u00edho st\u00e1tu Grenada. M\u011bsto le\u017e\u00ed v n\u00e1ru\u010d\u00ed starobyl\u00e9ho sope\u010dn\u00e9ho kr\u00e1teru a m\u00e1 ide\u00e1ln\u00ed polohu v p\u0159\u00edstavu ve tvaru podkovy, kter\u00fd nab\u00edz\u00ed \u00fachvatn\u00e9 v\u00fdhledy a charakteristickou topografii. St. George&#039;s je ru\u0161n\u00fdm centrem kr\u00e1sy i u\u017eitku, proto\u017ee jeho p\u0159\u00edrodn\u00ed p\u0159\u00edstav nab\u00edz\u00ed nejen \u00fachvatn\u00e9 v\u00fdhledy, ale je tak\u00e9 d\u016fle\u017eit\u00fdm m\u00edstem pro n\u00e1mo\u0159n\u00ed operace.<\/p>","protected":false},"author":1,"featured_media":3103,"parent":9051,"menu_order":0,"comment_status":"closed","ping_status":"closed","template":"elementor_theme","meta":{"_eb_attr":"","footnotes":""},"class_list":["post-9063","page","type-page","status-publish","has-post-thumbnail"],"_links":{"self":[{"href":"https:\/\/travelshelper.com\/cs\/wp-json\/wp\/v2\/pages\/9063","targetHints":{"allow":["GET"]}}],"collection":[{"href":"https:\/\/travelshelper.com\/cs\/wp-json\/wp\/v2\/pages"}],"about":[{"href":"https:\/\/travelshelper.com\/cs\/wp-json\/wp\/v2\/types\/page"}],"author":[{"embeddable":true,"href":"https:\/\/travelshelper.com\/cs\/wp-json\/wp\/v2\/users\/1"}],"replies":[{"embeddable":true,"href":"https:\/\/travelshelper.com\/cs\/wp-json\/wp\/v2\/comments?post=9063"}],"version-history":[{"count":0,"href":"https:\/\/travelshelper.com\/cs\/wp-json\/wp\/v2\/pages\/9063\/revisions"}],"up":[{"embeddable":true,"href":"https:\/\/travelshelper.com\/cs\/wp-json\/wp\/v2\/pages\/9051"}],"wp:featuredmedia":[{"embeddable":true,"href":"https:\/\/travelshelper.com\/cs\/wp-json\/wp\/v2\/media\/3103"}],"wp:attachment":[{"href":"https:\/\/travelshelper.com\/cs\/wp-json\/wp\/v2\/media?parent=9063"}],"curies":[{"name":"wp","href":"https:\/\/api.w.org\/{rel}","templated":true}]}}