{"id":9051,"date":"2024-09-07T10:22:37","date_gmt":"2024-09-07T10:22:37","guid":{"rendered":"https:\/\/travelshelper.com\/staging\/?page_id=9051"},"modified":"2026-03-13T16:28:43","modified_gmt":"2026-03-13T16:28:43","slug":"grenada","status":"publish","type":"page","link":"https:\/\/travelshelper.com\/cs\/destinations\/north-america\/grenada\/","title":{"rendered":"Grenada"},"content":{"rendered":"<p>Grenada, kompaktn\u00ed oblast o rozloze 344 kilometr\u016f \u010dtvere\u010dn\u00edch, obklopen\u00e1 blankytn\u00fdmi karibsk\u00fdmi vodami, m\u00e1 na za\u010d\u00e1tku roku 2024 zhruba 115 000 obyvatel; tato nejji\u017en\u011bj\u0161\u00ed perla N\u00e1v\u011btrn\u00fdch ostrov\u016f le\u017e\u00ed asi 160 kilometr\u016f severn\u011b od Trinidadu a venezuelsk\u00e9ho pob\u0159e\u017e\u00ed a bezprost\u0159edn\u011b ji\u017en\u011b od Svat\u00e9ho Vincence. Jej\u00ed hlavn\u00ed osada, St. George&#039;s, se vine kolem p\u0159\u00edrodn\u00edho p\u0159\u00edstavu zn\u00e1m\u00e9ho jako Carenage, zat\u00edmco sestersk\u00e9 ostrovy Carriacou a Petite Martinique \u2013 spolu s \u0159adou men\u0161\u00edch skaln\u00edch v\u00fdchoz\u016f \u2013 roz\u0161i\u0159uj\u00ed dosah zem\u011b do severn\u00edch Grenadin. Z tohoto stru\u010dn\u00e9ho obrazu se vyno\u0159uje zem\u011b, jej\u00ed\u017e sope\u010dn\u00e9 z\u00e1klady formovaly ter\u00e9n strm\u00fd i \u00farodn\u00fd, inspiruj\u00edc\u00ed jak p\u0159ezd\u00edvku \u201eOstrov ko\u0159en\u00ed\u201c, tak kulturn\u00ed mozaiku utkanou z indi\u00e1nsk\u00fdch, africk\u00fdch, francouzsk\u00fdch a britsk\u00fdch nit\u00ed.<\/p>\n<p>Sledov\u00e1n\u00ed lidsk\u00e9 p\u0159\u00edtomnosti v tomto regionu vy\u017eaduje sestup do temn\u00e9 p\u0159edkoloni\u00e1ln\u00ed \u00e9ry, kdy karib\u0161t\u00ed mo\u0159eplavci \u2013 jejich\u017e p\u0159edkov\u00e9 cestovali po jihoamerick\u00fdch vodn\u00edch cest\u00e1ch \u2013 zakl\u00e1dali prchav\u00e9 osady pod\u00e9l chr\u00e1n\u011bn\u00fdch z\u00e1tok a \u00fast\u00ed \u0159ek. Tito prvn\u00ed osadn\u00edci padli do o\u010d\u00ed Kry\u0161tofa Kolumba v srpnu 1498, kdy\u017e jeho t\u0159et\u00ed n\u00e1mo\u0159n\u00ed v\u00fdprava vyryla Grenadu na evropsk\u00e9 mapy, ale a\u017e do sedmn\u00e1ct\u00e9ho stolet\u00ed jich n\u00e1sledovalo jen m\u00e1lo. Vytrval\u00fd karibsk\u00fd odpor zabr\u00e1nil \u0161pan\u011blsk\u00fdm a anglick\u00fdm pokus\u016fm o zakotven\u00ed a teprve v roce 1649 si francouz\u0161t\u00ed plant\u00e1\u017en\u00edci s od\u0159ezky cukrov\u00e9 t\u0159tiny a zotro\u010den\u00fdmi d\u011bln\u00edky zajistili chatrn\u00e9 panstv\u00ed. V\u00edce ne\u017e osmdes\u00e1t let francouzsk\u00e9 spr\u00e1vy zanechalo poz\u016fstatky v kreolsk\u00e9 \u0159e\u010di a obrysech pevnosti Fort George, kter\u00e1 se st\u00e1le ty\u010d\u00ed nad St. George&#039;s, a\u010dkoli Pa\u0159\u00ed\u017esk\u00e1 smlouva v \u00fanoru 1763 p\u0159enesla svrchovanost na Lond\u00fdn. Kr\u00e1tk\u00e1 francouzsk\u00e1 rekultivace mezi lety 1779 a 1783 sotva p\u0159eru\u0161ila britskou nadvl\u00e1du, kter\u00e1 p\u0159etrvala \u2013 krom\u011b obdob\u00ed p\u0159idru\u017een\u00fdch st\u00e1t\u016f za\u010d\u00ednaj\u00edc\u00edho v b\u0159eznu 1967 a prchav\u00e9 role v Z\u00e1padoindick\u00e9 federaci \u2013 a\u017e do \u00fasvitu pln\u00e9 nez\u00e1vislosti 7. \u00fanora 1974 za vl\u00e1dy Erica Gairyho.<\/p>\n<p>Politick\u00e9 turbulence znovu propukly v b\u0159eznu 1979, kdy hnut\u00ed New Jewel Movement, marxisticko-leninsk\u00fd kolektiv, svrhl Gairyho nekrvav\u00fdm p\u0159evratem. Lidov\u00e1 revolu\u010dn\u00ed vl\u00e1da Maurice Bishopa pot\u00e9 \u0159\u00eddila soci\u00e1ln\u00ed programy a spojila se s Kubou, dokud vnit\u0159n\u00ed neshody nevyvrcholily Bishopovou popravou a nevyzvaly k intervenci veden\u00e9 USA v \u0159\u00edjnu 1983. Po tomto rozkolu Grenada obnovila parlamentn\u00ed demokracii, obnovila vazby na Commonwealth pod veden\u00edm kr\u00e1lovny Al\u017eb\u011bty II. a nyn\u00ed uzn\u00e1v\u00e1 kr\u00e1le Karla III. jako hlavu st\u00e1tu, zastoupenou m\u00edstn\u00edm gener\u00e1ln\u00edm guvern\u00e9rem. Od t\u00e9 doby panuje politick\u00fd klid, co\u017e se odr\u00e1\u017e\u00ed ve stabiln\u00edm r\u016fstu cestovn\u00edho ruchu jako hlavn\u00edho zdroje deviz.<\/p>\n<p>Pod t\u00edmto lidsk\u00fdm p\u0159\u00edb\u011bhem le\u017e\u00ed ostrov vytesan\u00fd ohn\u011bm \u2013 jeho\u017e drsn\u00fd p\u00e1te\u0159 korunuje hora St. Catherine, ty\u010d\u00edc\u00ed se do v\u00fd\u0161ky 840 metr\u016f, a lemovan\u00fd horou Granby a horou South East Mountain. Zde se v p\u0159\u00edrodn\u00edch amfite\u00e1trech shroma\u017e\u010fuj\u00ed kr\u00e1terov\u00e1 jezera, jako je Grand Etang a Antoine; jejich klidn\u00e9 hladiny skr\u00fdvaj\u00ed hlubiny formovan\u00e9 d\u00e1vn\u00fdmi ot\u0159esy. Potoky se \u0159\u00edt\u00ed do mo\u0159e jako vodop\u00e1dy, jejich\u017e n\u00e1zvy \u2013 Annandale, Concord, Seven Sisters \u2013 se oz\u00fdvaj\u00ed zalesn\u011bn\u00fdmi koridory, jejich\u017e \u010dty\u0159i ekoregiony sahaj\u00ed od vlhk\u00fdch tropick\u00fdch les\u016f a\u017e po suchozemsk\u00e9 k\u0159oviny. P\u016fda obohacen\u00e1 sope\u010dn\u00fdm detritem podporuje \u0159adu plodin, z nich\u017e nejzn\u00e1m\u011bj\u0161\u00ed je mu\u0161k\u00e1tov\u00fd o\u0159\u00ed\u0161ek a mu\u0161k\u00e1tov\u00fd kv\u011bt, kter\u00e9 vzkv\u00e9taj\u00ed pod rovn\u00edkov\u00fdm sluncem a vlhk\u00fdm pas\u00e1tov\u00fdm podneb\u00edm. Nap\u0159\u00ed\u010d m\u011bstysemi a plant\u00e1\u017eemi se ka\u017edodenn\u00edm \u017eivotem vine v\u016fn\u011b ko\u0159en\u00ed, zat\u00edmco vzd\u00e1len\u00e9 vlny Atlantiku rozv\u00ed\u0159ily skryt\u00e9 z\u00e1toky s \u010dern\u00fdm p\u00edskem na v\u00fdchodn\u00edm svahu ostrova.<\/p>\n<p>Klimatick\u00e9 rytmy se vyzna\u010duj\u00ed dichotomi\u00ed obdob\u00ed sucha a de\u0161\u0165\u016f, p\u0159i\u010dem\u017e teploty z\u0159\u00eddka klesaj\u00ed pod 22 \u00b0C ani nevystupuj\u00ed nad 32 \u00b0C. Dopady tropick\u00fdch cykl\u00f3n, a\u010dkoli zde m\u00e9n\u011b \u010dast\u00e9 ne\u017e na severu, formovaly kolektivn\u00ed pam\u011b\u0165: hurik\u00e1n Janet v roce 1955 p\u0159inesl v\u00edtr o rychlosti 185 km\/h a Ivan v z\u00e1\u0159\u00ed 2004 zp\u016fsobil zk\u00e1zu a vy\u017e\u00e1dal si t\u0159icet dev\u011bt \u017eivot\u016f. Ned\u00e1vno se hurik\u00e1n Beryl 1. \u010dervence 2024 dostal na b\u0159eh jako bou\u0159e 4. kategorie \u2013 bezprecedentn\u00ed vrchol pro hlavn\u00ed rozvojov\u00fd region Atlantiku \u2013 a srovnal se zem\u00ed stavby v Carriacou, zat\u00edmco bi\u010doval n\u00e1v\u011btrn\u00e9 pob\u0159e\u017e\u00ed Grenady. Takov\u00e9 epizody podtrhuj\u00ed odolnost ostrovan\u016f, kter\u00e1 je patrn\u00e1 v rekonstrukci, je\u017e ct\u00ed tradice a integruje modern\u00ed stavebn\u00ed p\u0159edpisy.<\/p>\n<p>Agr\u00e1rn\u00ed minulost, prom\u011bn\u011bn\u00e1 stalet\u00edmi ekonomiky orientovan\u00e9 na export, nyn\u00ed nach\u00e1z\u00ed sv\u016fj vrchol v cestovn\u00edm ruchu, kter\u00fd formuje m\u00edstn\u00ed \u017eivobyt\u00ed od art deco fas\u00e1d hlavn\u00edho m\u011bsta a\u017e po palmami lemovan\u00fd oblouk pl\u00e1\u017ee Grand Anse \u2013 t\u0159\u00edkilometrov\u00fd \u00fasek, kter\u00fd je po cel\u00e9m sv\u011bt\u011b oslavov\u00e1n pro sv\u016fj hedv\u00e1bn\u00fd p\u00edsek a klidn\u00e9 vlny. Na dynamice nab\u00fdv\u00e1 i ekoturistika: pozorovatel\u00e9 pt\u00e1k\u016f se za \u00fasvitu proh\u00e1n\u011bj\u00ed po rybn\u00edku Levera, \u0161norchluj\u00edc\u00ed prozkoum\u00e1vaj\u00ed kor\u00e1lov\u00e9 zahrady u z\u00e1padn\u00edho pob\u0159e\u017e\u00ed a turist\u00e9 se vyd\u00e1vaj\u00ed k vodop\u00e1d\u016fm ukryt\u00fdm ve smaragdov\u00fdch prohlubn\u00edch. Pono\u0159en\u00fd vrak lodi Bianca C, 183 metr\u016f dlouh\u00e9 v\u00fdletn\u00ed lodi ztracen\u00e9 v roce 1961, nab\u00edz\u00ed pot\u00e1p\u011b\u010d\u016fm katedr\u00e1lu z m\u011bkk\u00fdch kor\u00e1l\u016f p\u0159ehozen\u00fdch p\u0159es \u017eelezn\u00e9 sloupy, zat\u00edmco proudy je un\u00e1\u0161ej\u00ed kolem hejn papou\u0161\u010d\u00edch ryb a barakud. Ne v\u0161echna pob\u0159e\u017e\u00ed skr\u00fdvaj\u00ed snadn\u00fd p\u0159\u00edstup; b\u0159ehy obr\u00e1cen\u00e9 k Atlantiku pulzuj\u00ed vlnami vhodn\u00fdmi pro surfov\u00e1n\u00ed a opevn\u011bn\u00ed pl\u00e1\u017eov\u00ed turist\u00e9 nach\u00e1zej\u00ed \u00fat\u011bchu na \u010derno\u010dern\u00fdch pl\u00e1\u017e\u00edch, kde se sope\u010dn\u00fd p\u00edsek t\u0159pyt\u00ed pod sluncem.<\/p>\n<p>Navzdory prim\u00e1rn\u00edmu v\u00fdznamu cestovn\u00edho ruchu nese grenadsk\u00e1 fisk\u00e1ln\u00ed \u00fa\u010detn\u00ed kniha t\u011b\u017ek\u00e9 dluhov\u00e9 b\u0159emeno, kter\u00e9 v roce 2017 obsluhovalo zhruba \u010dtvrtinu vl\u00e1dn\u00edch p\u0159\u00edjm\u016f. M\u011bna a monet\u00e1rn\u00ed politika vych\u00e1zej\u00ed z nadn\u00e1rodn\u00ed instituce, V\u00fdchodokaribsk\u00e9 centr\u00e1ln\u00ed banky, jej\u00ed\u017e v\u00fdchodokaribsk\u00e1 dolarov\u00e1 jednotka spojuje Grenadu se sedmi partnersk\u00fdmi st\u00e1ty. P\u0159esto pod ekonomick\u00fdmi ukazateli z\u016fst\u00e1v\u00e1 kulturn\u00ed vitalita nezmen\u0161en\u00e1: ka\u017edoro\u010dn\u00ed akce se odr\u00e1\u017eej\u00ed na trz\u00edch a n\u00e1m\u011bst\u00edch. Srpen ohla\u0161uje Spice Mas, kaleidoskopick\u00fd karneval kost\u00fdmovan\u00fdch tane\u010dn\u00edk\u016f a perkus\u00ed; Carriacou v\u00edt\u00e1 jaro festivalem Maroon and String Band Music Festival; ryb\u00e1\u0159i ka\u017edou zimu soupe\u0159\u00ed o trofeje z lovu billfish\u016f na Spice Island Billfish Tournament; v dubnu se v p\u0159\u00edstavu St. George&#039;s propluj\u00ed lehk\u00e9 plachty Island Water World Sailing Week; a t\u00fddenn\u00ed regata Work Boat Regatta svol\u00e1v\u00e1 ost\u0159\u00edlen\u00e9 pos\u00e1dky k zkou\u0161ce tradi\u010dn\u00edho n\u00e1mo\u0159nictv\u00ed.<\/p>\n<p>Kuchyn\u011b zt\u011bles\u0148uje f\u00fazi v cel\u00e9m m\u011bst\u011b: n\u00e1rodn\u00ed gul\u00e1\u0161 s olejem, va\u0159en\u00e9 potraviny \u2013 chlebovn\u00edk, jitrocel, jam, knedl\u00edky \u2013 spolu se solen\u00fdm masem, dokud se kokosov\u00e9 ml\u00e9ko nerozpust\u00ed na olej, kter\u00fd se sraz\u00ed na dn\u011b hrnce. V kuchy\u0148sk\u00fdch zahrad\u00e1ch se kou\u0159 m\u00eds\u00ed s v\u016fn\u00ed sko\u0159ice a z\u00e1zvoru p\u011bstovan\u00fdch o n\u011bkolik metr\u016f d\u00e1l. Panstv\u00ed Dougladston a tov\u00e1rna na mu\u0161k\u00e1tov\u00fd o\u0159\u00ed\u0161ek Gouyave stoj\u00ed jako \u017eivouc\u00ed muzea v\u00fdroby ko\u0159en\u00ed, zat\u00edmco panstv\u00ed Belmont zpracov\u00e1v\u00e1 kakaov\u00e9 boby na \u010dokol\u00e1du a zve hosty, aby sledovali postupy od v\u00fdroby bob\u016f a\u017e po v\u00fdrobu \u010dokol\u00e1dy, kter\u00e9 jsou z\u00e1kladem rostouc\u00ed gurm\u00e1nsk\u00e9 pov\u011bsti Grenady.<\/p>\n<p>Demografick\u00e9 slo\u017een\u00ed odr\u00e1\u017e\u00ed stalet\u00ed ot\u0159es\u016f: zhruba osmdes\u00e1t dva procent z nich tvrd\u00ed, \u017ee jejich africk\u00fd p\u016fvod poch\u00e1z\u00ed z otrock\u00fdch zajatc\u016f, kte\u0159\u00ed d\u0159eli na cukrov\u00fdch plant\u00e1\u017e\u00edch; dv\u011b procenta poch\u00e1zej\u00ed z indick\u00fdch d\u011bln\u00edk\u016f naverbovan\u00fdch na konci 19. stolet\u00ed; p\u0159\u00edjmen\u00ed francouzsk\u00fdch plant\u00e1\u017en\u00edk\u016f p\u0159etrv\u00e1vaj\u00ed v c\u00edrkevn\u00edch matrik\u00e1ch, i kdy\u017e sm\u00ed\u0161en\u00e9 linie \u2013 t\u0159in\u00e1ct procent populace \u2013 sv\u011bd\u010d\u00ed o kreolizovan\u00e9 spole\u010dnosti. Krajinu zdob\u00ed anglick\u00e9 a francouzsk\u00e9 architektonick\u00e9 poz\u016fstatky, zat\u00edmco lidov\u00fd jazyk prol\u00edn\u00e1 anglickou syntaxi s n\u00e1\u0159e\u010d\u00ed. Lidov\u00e9 vypr\u00e1v\u011bc\u00ed tradice p\u0159etrv\u00e1vaj\u00ed: Anancy, mazan\u00fd pavouk-\u0161\u00e1l, vypr\u00e1v\u00ed p\u0159\u00edb\u011bhy u krbu; La Diablesse, p\u0159\u00edzra\u010dn\u00e1 snoubenka v plesov\u00fdch \u0161atech, stra\u0161\u00ed v m\u011bs\u00ed\u010dn\u00edch uli\u010dk\u00e1ch; a Loogaroo, vlk m\u011b\u0148av\u00fd, se potuluje v \u0161eptan\u00e9 legend\u011b.<\/p>\n<p>Dopravn\u00ed infrastruktura se p\u0159izp\u016fsobila jak doj\u00ed\u017ed\u011bn\u00ed, tak dobrodru\u017estv\u00ed: mezin\u00e1rodn\u00ed leti\u0161t\u011b Maurice Bishopa pobl\u00ed\u017e St. George&#039;s vys\u00edl\u00e1 letadla do Severn\u00ed Ameriky, Evropy a sousedn\u00edch ostrov\u016f; leti\u0161t\u011b Lauriston na Carriacou vyu\u017e\u00edv\u00e1 region\u00e1ln\u00ed dopravce. Autobusy \u2013 soukrom\u00e1 vozidla s vysokou kapacitou ozna\u010den\u00e1 \u010d\u00edsly z\u00f3n \u2013 jezd\u00ed po dev\u00edti tras\u00e1ch nap\u0159\u00ed\u010d Grenadou od \u00fasvitu do soumraku, jejich pr\u016fvod\u010d\u00ed vyb\u00edraj\u00ed j\u00edzdn\u00e9 a reaguj\u00ed na sign\u00e1ly klep\u00e1n\u00ed na dve\u0159e p\u0159i nepl\u00e1novan\u00fdch zast\u00e1vk\u00e1ch. Carriacou si udr\u017euje vlastn\u00ed syst\u00e9m t\u0159\u00ed tras, zat\u00edmco taxislu\u017eby sahaj\u00ed od tradi\u010dn\u00edch taxi a\u017e po Haylup, platformu zalo\u017eenou na aplikac\u00edch podobnou spoluj\u00edzd\u011b.<\/p>\n<p>Rekrea\u010dn\u00ed aktivity spojuj\u00ed d\u011bdictv\u00ed s modern\u00edm n\u00e1dechem: pot\u00e1p\u011b\u010di se shroma\u017e\u010fuj\u00ed v pot\u00e1p\u011b\u010dsk\u00fdch chatr\u010d\u00edch Grand Anse, ne\u017e se nalod\u00ed na rychl\u00e9 plavidla, kter\u00e1 prot\u00ednaj\u00ed hladk\u00e9 z\u00e1toky sm\u011brem k \u00fates\u016fm pln\u00fdm kor\u00e1lov\u00fdch zahrad; surfa\u0159i v Prickly Bay vklouznou do kufr\u016f, aby se provezli na v\u011btrn\u00fdch v\u00e1lc\u00edch; ryb\u00e1\u0159i se v mal\u00fdch \u010dlunech obracej\u00ed proti atlantick\u00e9mu v\u00e1nku a tahaj\u00ed marliny a plachetn\u00edky na ka\u017edoro\u010dn\u00ed sout\u011b\u017e v lovu billfish\u016f; n\u00e1mo\u0159n\u00edci rozbaluj\u00ed spinakry b\u011bhem regat, kter\u00e9 odr\u00e1\u017eej\u00ed jejich ostrovn\u00ed p\u016fvod; a lovci hashtag\u016f \u2013 sou\u010d\u00e1st mezin\u00e1rodn\u00edho bratrstva \u2013 se v sobotu odpoledne pot\u00fdkaj\u00ed s bl\u00e1tiv\u00fdmi stezkami a pot\u00e9 o\u017eivuj\u00ed kamar\u00e1dstv\u00ed u m\u00edstn\u00edch rumov\u00fdch drink\u016f. Kriket zauj\u00edm\u00e1 t\u00e9m\u011b\u0159 posv\u00e1tn\u00e9 m\u00edsto na N\u00e1rodn\u00edm stadionu v St. George&#039;s, kde testovac\u00ed z\u00e1pasy Z\u00e1padn\u00ed Indie rozdm\u00fdch\u00e1vaj\u00ed region\u00e1ln\u00ed nad\u0161en\u00ed, zat\u00edmco atletika a fotbal sd\u00edlej\u00ed sousedn\u00ed h\u0159i\u0161t\u011b pojmenovan\u00e1 po Kirani Jamesov\u00e9, grenadsk\u00e9m sprinterovi a olympijsk\u00e9m medailistovi. O\u017eiven\u00ed ragby sedmi\u010dek o\u010dek\u00e1van\u00e9 v roce 2022 signalizovalo ambice diverzifikovat sportovn\u00ed turistiku.<\/p>\n<p>Ob\u0159ady svazku p\u0159iv\u00e1d\u011bj\u00ed cizince do ostrovn\u00edch ob\u010dansk\u00fdch registr\u016f: p\u00e1ry pot\u0159ebuj\u00ed cestovn\u00ed pasy, rodn\u00e9 listy a doklad o svobodn\u00e9m stavu a tak\u00e9 minim\u00e1ln\u011b t\u0159\u00eddenn\u00ed pobyt, aby mohly dokon\u010dit svatbu pod palmov\u00fdmi korunami. Grenadsk\u00fd pr\u00e1vn\u00ed r\u00e1mec, kter\u00fd uzn\u00e1v\u00e1 pouze heterosexu\u00e1ln\u00ed man\u017eelstv\u00ed, na\u0159izuje, aby ve\u0161ker\u00e9 p\u0159edchoz\u00ed vazby byly p\u0159ed p\u0159\u00edjezdem rozpu\u0161t\u011bny. V\u00fdsledn\u00fd pr\u016fmysl se rozv\u00edj\u00ed nad r\u00e1mec pl\u00e1\u017eov\u00fdch olt\u00e1\u0159\u016f a zahrnuje specializovan\u00e9 pl\u00e1nova\u010de, kte\u0159\u00ed za\u0159izuj\u00ed ka\u017ed\u00fd detail, od kv\u011btinov\u00fdch oblouk\u016f a\u017e po seren\u00e1dy z ocelov\u00fdch p\u00e1nv\u00ed.<\/p>\n<p>B\u011bhem prosince se V\u00e1noce prol\u00ednaj\u00ed s ma\u0161karn\u00edmi tanci a pouli\u010dn\u00edmi ve\u010d\u00edrky, kter\u00e9 zaplavuj\u00ed vesnice od mu\u0161k\u00e1tov\u00fdch dok\u016f v Gouyave a\u017e po n\u00e1b\u0159e\u017e\u00ed Hillsborough v Carriacou. Kosteln\u00ed zvony zvon\u00ed spolu s DJi to\u010d\u00edc\u00edmi se socou, calypso a reggae, zat\u00edmco mlad\u0161\u00ed generace vp\u00edch\u00e1vaj\u00ed rapov\u00e9 sloky do m\u00edstn\u00edch dialekt\u016f. Na komunitn\u00edch hostin\u00e1ch se objevuj\u00ed tradi\u010dn\u00ed pokrmy \u2013 solen\u00e9 ryby ope\u010den\u00e9 na chlebovn\u00edku, du\u0161en\u00e9 ku\u0159e vo\u0148av\u00e9 s bobkov\u00fdm listem \u2013 a p\u016flno\u010dn\u00ed bohoslu\u017eby v\u00edtaj\u00ed Svat\u00fd den koledami zp\u00edvan\u00fdmi ve stylu \u201evolej a odpov\u011bdi\u201c. Pro mnoho Grenad\u010dan\u016f se sv\u00e1tek st\u00e1v\u00e1 p\u0159\u00edle\u017eitost\u00ed k odpo\u010dinku: pob\u0159e\u017e\u00ed l\u00e1k\u00e1 k jemn\u00e9mu p\u0159\u00edboji a rodiny popr\u00e1\u0161en\u00e9 p\u00edskem si p\u0159ip\u00edjej\u00ed na ostrov, kde se odolnost a teplo setk\u00e1vaj\u00ed v neust\u00e1l\u00e9m objet\u00ed.<\/p>\n<p>Pod dohledem v\u0161ev\u011bdouc\u00edho pozorovatele lze Grenadu \u010d\u00edst jako palimpsest geologick\u00fdch ot\u0159es\u016f a lidsk\u00e9ho sna\u017een\u00ed: pob\u0159e\u017e\u00ed vyryt\u00e9 sope\u010dn\u00fdmi erupcemi, svahy pokryt\u00e9 hust\u00fdmi lesy, plant\u00e1\u017ee von\u00edc\u00ed ko\u0159en\u00edm a m\u011bsta, jejich\u017e pastelov\u00e9 fas\u00e1dy p\u0159ipom\u00ednaj\u00ed sporn\u00e9 suverenity. Zde se odkaz karibsk\u00e9ho vzdoru, francouzsk\u00e9 elegance a britsk\u00e9 spr\u00e1vy v\u011bc\u00ed ve\u0159ejn\u00fdch snoub\u00ed v ostrovn\u00ed spole\u010dnosti, kter\u00e1 m\u011b\u0159\u00ed svou sou\u010dasnost nejen ekonomick\u00fdmi ukazateli, ale i \u00fastn\u00edmi tradicemi, kulin\u00e1\u0159sk\u00fdmi ritu\u00e1ly a trvalou v\u00edrou, \u017ee v tavic\u00edm kotli hurik\u00e1nov\u00fdch v\u011btr\u016f a koloni\u00e1ln\u00edch ambic\u00ed vykrystalizovala jedine\u010dn\u00e1 identita \u2013 robustn\u00ed, vo\u0148av\u00e1 a p\u0159ipraven\u00e1 p\u0159iv\u00edtat ka\u017ed\u00fd \u00fasvit s obnoven\u00fdm smyslem pro \u017eivot.<\/p>","protected":false},"excerpt":{"rendered":"<p>Grenada, the southernmost island in the\u00a0Antilles archipelago, is ideally located between the\u00a0eastern Caribbean Sea\u00a0and the\u00a0western Atlantic Ocean. It is situated around 140 kilometers north of\u00a0Venezuela\u00a0and\u00a0Trinidad &#038; Tobago. This\u00a0island country, together with its neighboring islands, is the southern part of the\u00a0Grenadines. The sister islands comprise\u00a0Carriacou,\u00a0Petite Martinique,\u00a0Ronde Island,\u00a0Caille Island,\u00a0Diamond Island,\u00a0Large Island,\u00a0Saline Island, and\u00a0Frigate Island, while the northern islands are part of\u00a0St. Vincent and the Grenadines. The predominant portion of Grenada\u2019s populace inhabits the principal island, with notable towns such as the capital,\u00a0St. George\u2019s,\u00a0Grenville, and\u00a0Gouyave.\u00a0Hillsborough\u00a0is the most populous village on the sister island of Carriacou.<\/p>","protected":false},"author":1,"featured_media":3822,"parent":24084,"menu_order":0,"comment_status":"closed","ping_status":"closed","template":"elementor_theme","meta":{"_eb_attr":"","footnotes":""},"class_list":["post-9051","page","type-page","status-publish","has-post-thumbnail"],"_links":{"self":[{"href":"https:\/\/travelshelper.com\/cs\/wp-json\/wp\/v2\/pages\/9051","targetHints":{"allow":["GET"]}}],"collection":[{"href":"https:\/\/travelshelper.com\/cs\/wp-json\/wp\/v2\/pages"}],"about":[{"href":"https:\/\/travelshelper.com\/cs\/wp-json\/wp\/v2\/types\/page"}],"author":[{"embeddable":true,"href":"https:\/\/travelshelper.com\/cs\/wp-json\/wp\/v2\/users\/1"}],"replies":[{"embeddable":true,"href":"https:\/\/travelshelper.com\/cs\/wp-json\/wp\/v2\/comments?post=9051"}],"version-history":[{"count":0,"href":"https:\/\/travelshelper.com\/cs\/wp-json\/wp\/v2\/pages\/9051\/revisions"}],"up":[{"embeddable":true,"href":"https:\/\/travelshelper.com\/cs\/wp-json\/wp\/v2\/pages\/24084"}],"wp:featuredmedia":[{"embeddable":true,"href":"https:\/\/travelshelper.com\/cs\/wp-json\/wp\/v2\/media\/3822"}],"wp:attachment":[{"href":"https:\/\/travelshelper.com\/cs\/wp-json\/wp\/v2\/media?parent=9051"}],"curies":[{"name":"wp","href":"https:\/\/api.w.org\/{rel}","templated":true}]}}