{"id":9044,"date":"2024-09-07T10:13:08","date_gmt":"2024-09-07T10:13:08","guid":{"rendered":"https:\/\/travelshelper.com\/staging\/?page_id=9044"},"modified":"2026-03-13T16:27:47","modified_gmt":"2026-03-13T16:27:47","slug":"antigua-guatemala","status":"publish","type":"page","link":"https:\/\/travelshelper.com\/cs\/destinations\/north-america\/guatemala\/antigua\/","title":{"rendered":"Antigua Guatemala"},"content":{"rendered":"<p>Antigua Guatemala se rozkl\u00e1d\u00e1 uprost\u0159ed zvln\u011bn\u00e9 vyso\u010diny st\u0159edn\u00ed Guatemaly. M\u011bsto m\u00e1 podle s\u010d\u00edt\u00e1n\u00ed lidu z roku 2007 p\u0159ibli\u017en\u011b 34 685 obyvatel a slou\u017e\u00ed jako s\u00eddlo departmentu Sacatep\u00e9quez. V dob\u011b sv\u00e9ho rozkv\u011btu v 18. stolet\u00ed zde \u017eilo zhruba 65 000 obyvatel. M\u011bsto se rozkl\u00e1d\u00e1 na plo\u0161e definovan\u00e9 sope\u010dn\u00fdmi h\u0159ebeny a \u00farodn\u00fdmi \u00fadol\u00edmi, kter\u00e9 formovaly jeho vzestup jako koloni\u00e1ln\u00edho hlavn\u00edho m\u011bsta a pam\u00e1tky sv\u011btov\u00e9ho d\u011bdictv\u00ed UNESCO. Jeho barokn\u00ed fas\u00e1dy a ortogon\u00e1ln\u00ed pl\u00e1n ulic \u0159ad\u00ed Antiguu do srdce guatemalsk\u00e9 historick\u00e9 pam\u011bti. B\u011bhem p\u016fl tis\u00edcilet\u00ed seismick\u00e9 ot\u0159esy a lidsk\u00e1 odolnost vytvo\u0159ily m\u00edsto, jeho\u017e tich\u00e9 dl\u00e1\u017ed\u011bn\u00e9 tepny \u0161eptaj\u00ed jak imperi\u00e1ln\u00ed vzne\u0161enost, tak sou\u010dasnou dynamiku.<\/p>\n<p>Antigua, zalo\u017een\u00e1 v roce 1543 jako hlavn\u00ed m\u011bsto gener\u00e1ln\u00edho kapit\u00e1nstva Guatemaly, rychle p\u0159evzala roli region\u00e1ln\u00edho prim\u00e1tu. Panoramatick\u00fd v\u00fdhled m\u011bsta \u2013 or\u00e1movan\u00fd sopkou Volc\u00e1n de Agua a dv\u011bma sourozenci \u2013 vyb\u00edzel urbanisty k vytvo\u0159en\u00ed dvorsk\u00e9 s\u00edt\u011b korunovan\u00e9 velkolep\u00fdmi c\u00edrkevn\u00edmi komplexy. V pr\u016fb\u011bhu n\u00e1sleduj\u00edc\u00edch stalet\u00ed architekti a \u0159emesln\u00edci vdechovali ve\u0159ejn\u00fdm budov\u00e1m stroh\u00fd barokn\u00ed styl: pilastry, klenut\u00e9 \u0161t\u00edty a propracovan\u011b vy\u0159ez\u00e1van\u00e9 port\u00e1ly. V polovin\u011b 18. stolet\u00ed se antigujsk\u00e1 n\u00e1m\u011bst\u00ed a port\u00e1ly staly p\u0159\u00edkladem metropolitn\u00ed kultivovanosti v ji\u017en\u00edch kon\u010din\u00e1ch Nov\u00e9ho \u0160pan\u011blska, co\u017e bylo upevn\u011bno, kdy\u017e UNESCO v roce 1979 zapsalo m\u011bsto na seznam sv\u011btov\u00e9ho d\u011bdictv\u00ed.<\/p>\n<p>Zem\u011bt\u0159esen\u00ed 29. \u010dervence 1773 naru\u0161ilo z\u00e1klady m\u011bsta a rozpt\u00fdlilo jeho obyvatele po cel\u00e9 krajin\u011b. Po ot\u0159esu v\u011bt\u0161ina obyvatel opustila t\u00e1bory a uprchla do bezpe\u010d\u00ed Guatemala City, tak\u017ee Antigua z\u016fstala ch\u0159adnout v trosk\u00e1ch. Po cel\u00e1 desetilet\u00ed zde st\u00e1ly kostely, vl\u00e1dn\u00ed \u00fa\u0159ady a kl\u00e1\u0161tery jako dut\u00e9 monolity \u2013 d\u016fkazy ekologick\u00e9 k\u0159ehkosti i lidsk\u00e9 odolnosti. Teprve v roce 1944, kdy prezident Jorge Ubico prohl\u00e1sil poz\u016fstatky za n\u00e1rodn\u00ed pam\u00e1tku, za\u010dala se seri\u00f3zn\u00ed p\u00e9\u010de o pam\u00e1tky. \u0158emesln\u00edci se vr\u00e1tili k rozpadaj\u00edc\u00edm se port\u00e1l\u016fm, naroubovali novou maltu na opot\u0159ebovan\u00fd k\u00e1men a prvn\u00ed snahy o \u010d\u00e1ste\u010dnou rekonstrukci za\u010daly vtahovat \u017eivot zp\u011bt do opu\u0161t\u011bn\u00fdch dve\u0159\u00ed.<\/p>\n<p>Centr\u00e1ln\u00ed park \u2013 Parque Central \u2013 z\u016fst\u00e1v\u00e1 pulzuj\u00edc\u00edm srdcem m\u011bstsk\u00e9ho \u017eivota, jeho\u017e soust\u0159edn\u00e9 kruhov\u00e9 chodn\u00edky vyza\u0159uj\u00ed z restaurovan\u00e9 font\u00e1ny ze 17. stolet\u00ed. M\u00edstn\u00ed se tam sch\u00e1zej\u00ed pod ov\u011bn\u010den\u00fdmi stromy v poledne a znovu za soumraku, kdy se vzduch ochlad\u00ed a n\u00e1m\u011bst\u00ed se t\u0159pyt\u00ed ve sv\u011btle lamp. Na jeho severn\u00edm svahu se klene oblouk Santa Catalina, p\u016fvodn\u011b koncipovan\u00fd v 17. stolet\u00ed jako kryt\u00e1 chodba pro kl\u00e1\u0161tern\u00ed jepti\u0161ky. Jeho \u0161t\u00edhl\u00e1 hodinov\u00e1 v\u011b\u017e, p\u0159istav\u011bn\u00e1 ve 30. letech 19. stolet\u00ed, nyn\u00ed r\u00e1muje jeden z nejikoni\u010dt\u011bj\u0161\u00edch fotografick\u00fdch sn\u00edmk\u016f regionu: bled\u00fd tvar oblouku na pozad\u00ed impozantn\u00ed siluety sopky Volc\u00e1n de Agua.<\/p>\n<p>V ka\u017ed\u00e9m postn\u00edm obdob\u00ed nab\u00fdv\u00e1 Antigua zbo\u017en\u00e9 jedine\u010dnosti. Od Popele\u010dn\u00ed st\u0159edy se farn\u00edci a poutn\u00edci \u0159ad\u00ed po procesn\u00edch cest\u00e1ch, kter\u00e9 vydl\u00e1\u017ed\u00ed tis\u00edce krok\u016f. Pod jejich nohama prom\u011b\u0148uj\u00ed prchav\u00e9 koberce \u2013 utkan\u00e9 z barven\u00fdch pilin, okv\u011btn\u00edch l\u00edstk\u016f, jehli\u010d\u00ed a ob\u010das i zral\u00e9ho ovoce \u2013 dla\u017eebn\u00ed kostky v z\u00e1\u0159iv\u00e9 tapiserie. T\u00fdden co t\u00fdden c\u00edrkevn\u00ed bratrstva sponzoruj\u00ed tato prchav\u00e1 um\u011bleck\u00e1 d\u00edla, kter\u00e1 vrchol\u00ed slavnostnost\u00ed Svat\u00e9ho t\u00fddne na Kv\u011btnou ned\u011bli a Velk\u00fd p\u00e1tek. V t\u011bchto chv\u00edl\u00edch se vrstvy v\u00edry a historie m\u011bsta sb\u00edhaj\u00ed, kdy\u017e se kadidlo vzn\u00e1\u0161\u00ed kolem z\u0159\u00edcen\u00fdch ambit\u016f a barokn\u00edch port\u00e1l\u016f.<\/p>\n<p>Cestovn\u00ed ruch se vyvinul v hlavn\u00ed ekonomick\u00fd motor m\u011bsta. Antigua nyn\u00ed funguje jako centrum pro objevitele m\u00ed\u0159\u00edc\u00ed do de\u0161tn\u00fdch prales\u016f St\u0159edn\u00ed Ameriky, horsk\u00fdch vesnic a na karibsk\u00e9 pob\u0159e\u017e\u00ed. V\u00fdlety v\u00fdletn\u00edmi lod\u011bmi z tichomo\u0159sk\u00fdch a atlantsk\u00fdch p\u0159\u00edstav\u016f \u010dasto zahrnuj\u00ed Antiguu na sv\u00fdch tras\u00e1ch a l\u00e1kaj\u00ed tis\u00edce lid\u00ed k denn\u00edm proch\u00e1zk\u00e1m jej\u00edmi ulicemi. Prosperuj\u00edc\u00ed komunita d\u016fchodc\u016f ze Severn\u00ed Ameriky a Evropy dod\u00e1v\u00e1 m\u00edstn\u00edm kav\u00e1rn\u00e1m a \u0159emesln\u00fdm trh\u016fm mezin\u00e1rodn\u00ed patinu a vn\u00e1\u0161\u00ed do m\u011bsta st\u00e1lou popt\u00e1vku po slu\u017eb\u00e1ch a vybaven\u00ed.<\/p>\n<p>Zem\u011bd\u011blstv\u00ed kdysi \u017eivilo obyvatelstvo Antiguy stejn\u011b jako obchod. Okoln\u00ed pl\u00e1n\u011b p\u0159in\u00e1\u0161ely bohat\u00e9 \u00farody \u2013 kuku\u0159ice, fazole a ovocn\u00e9 stromy se da\u0159ilo na vulkanick\u00fdch p\u016fd\u00e1ch s ohromnou \u00farodnost\u00ed. P\u011bstov\u00e1n\u00ed k\u00e1vy se pozd\u011bji stalo tr\u017en\u00ed plodinou a k\u00e1vov\u00e1 zrna z regionu si cenilo n\u00e1rodn\u00ed dru\u017estvo Anacaf\u00e9. V posledn\u00edch desetilet\u00edch mal\u00e9 plant\u00e1\u017ee a dru\u017estva obdivuj\u00ed n\u00e1v\u0161t\u011bvn\u00edky, kte\u0159\u00ed hledaj\u00ed jak jantarov\u011b zbarven\u00e9 k\u00e1vy, tak i nahl\u00e9dnut\u00ed do tradic p\u0159\u00edpravy k\u00e1vy \u201eod zrna k \u0161\u00e1lku\u201c.<\/p>\n<p>Programy jazykov\u00e9ho pono\u0159en\u00ed pat\u0159\u00ed k nejv\u00fdrazn\u011bj\u0161\u00edm nab\u00eddk\u00e1m m\u011bsta. Instituty pro v\u00fduku \u0161pan\u011bl\u0161tiny se rozrostly jako druhotn\u00e1 l\u00e1tka v ekonomice a host\u00ed studenty z Evropy, Asie a Severn\u00ed Ameriky. U\u010debny maj\u00ed v\u00fdhled na dla\u017eebn\u00ed dvory a kvetouc\u00ed bugenvileje, kde instrukto\u0159i vedou gramatick\u00e9 cvi\u010den\u00ed a konverza\u010dn\u00ed cvi\u010den\u00ed uprost\u0159ed ruchu m\u00edstn\u00edch trh\u016f. Pro mnoh\u00e9 slou\u017e\u00ed Antigua jako vstupn\u00ed bod nejen k guatemalsk\u00e9 \u0161pan\u011bl\u0161tin\u011b, ale i k pochopen\u00ed domorod\u00e9 kultury, koloni\u00e1ln\u00edho d\u011bdictv\u00ed a vrstevnat\u00fdch identit, kter\u00e9 tvo\u0159\u00ed modern\u00ed St\u0159edn\u00ed Ameriku.<\/p>\n<p>Kulin\u00e1\u0159sk\u00e9 mo\u017enosti zahrnuj\u00ed zn\u00e1m\u00e9 i exotick\u00e9 pokrmy. Na m\u011bstsk\u00e9m trhu soused\u00edc\u00edm s hlavn\u00edm autobusov\u00fdm n\u00e1dra\u017e\u00edm prodejci pod\u00e1vaj\u00ed sn\u00eddan\u011b chap\u00edn s fazolemi, sma\u017een\u00fdm vejcem, plantainem a \u010derstv\u00fdm s\u00fdrem, to v\u0161e dopln\u011bn\u00e9 ru\u010dn\u011b vyr\u00e1b\u011bn\u00fdmi tortilami. Krom\u011b toho restaurace nab\u00edzej\u00ed tapas ve st\u0159edomo\u0159sk\u00e9m stylu, pizzy s tenk\u00fdm t\u011bstem, ramen misky, hamburgery a kol\u00e1\u010de v britsk\u00e9m stylu. Cukr\u00e1\u0159i si pochutn\u00e1vaj\u00ed na \u00e9clairech a croissantech, jejich\u017e glazura se t\u0159pyt\u00ed pod sv\u011btly vitr\u00edn. Prost\u0159ednictv\u00edm t\u011bchto nab\u00eddek odr\u00e1\u017e\u00ed gastronomick\u00e1 sc\u00e9na Antiguy kontrast m\u00edstn\u00edch tradic a glob\u00e1ln\u00edho vlivu, p\u0159i\u010dem\u017e ka\u017ed\u00fd tal\u00ed\u0159 je mikrokosmem vyv\u00edjej\u00edc\u00edho se charakteru m\u011bsta.<\/p>\n<p>Uli\u010dn\u00ed s\u00ed\u0165 m\u011bsta se t\u00e1hne od Parque Central jako\u017eto jeho v\u00fdchoz\u00edho bodu, co\u017e je m\u0159\u00ed\u017eka avenidas a calles zarovnan\u00e1 podle kompasu. T\u0159\u00eddy \u010d\u00edslovan\u00e9 od jedn\u00e9 do osmi vedou ve sm\u011bru sever-jih, ozna\u010den\u00e9 jako norte nebo sur podle zem\u011bpisn\u00e9 \u0161\u00ed\u0159ky vzhledem k 5\u00aa Calle. Nap\u0159\u00ed\u010d se ulice od jedn\u00e9 do dev\u00edti prot\u00ednaj\u00ed ve sm\u011bru v\u00fdchod-z\u00e1pad, ozna\u010den\u00e9 jako oriente nebo poniente podle zem\u011bpisn\u00e9 d\u00e9lky vzhledem k 4\u00aa Avenida. V\u011bt\u0161ina roh\u016f postr\u00e1d\u00e1 zna\u010den\u00ed, co\u017e l\u00e1k\u00e1 nov\u011b p\u0159\u00edchoz\u00ed, aby se poradili s m\u00edstn\u00edmi, nebo riskovali bezc\u00edln\u00e9 bloud\u011bn\u00ed po dla\u017eebn\u00edch kostk\u00e1ch, jejich\u017e nerovn\u00fd povrch odr\u00e1\u017e\u00ed stalet\u00ed p\u011b\u0161\u00ed dopravy.<\/p>\n<p>Ruiny z koloni\u00e1ln\u00ed \u00e9ry Antiguy pat\u0159\u00ed k jej\u00edm nejzaj\u00edmav\u011bj\u0161\u00edm atrakc\u00edm. Kostrov\u00e9 poz\u016fstatky kl\u00e1\u0161ter\u016f a m\u011bstsk\u00fdch budov evokuj\u00ed p\u0159\u00edb\u011bhy o bo\u017esk\u00fdch aspirac\u00edch a seismick\u00e9 zk\u00e1ze. Po zem\u011bt\u0159esen\u00ed v roce 1773 le\u017eely stavby opu\u0161t\u011bn\u00e9, dokud je v polovin\u011b 20. stolet\u00ed d\u00edky \u00fasil\u00ed o jejich ochranu znovu nezp\u0159\u00edstupnily. N\u00e1v\u0161t\u011bvn\u00edci vstupuj\u00edc\u00ed do t\u011bchto prostor \u010del\u00ed vrstv\u00e1m palimpsestu z kamenn\u00e9ho zdiva \u2013 nap\u016fl ut\u011bsn\u011bn\u00fdm dve\u0159\u00edm, klenut\u00fdm, ale nepodlo\u017een\u00fdm klenb\u00e1m a fas\u00e1d\u00e1m se stopami vy\u0159ez\u00e1van\u00e9ho kamene, kter\u00fd p\u0159e\u017eil prudk\u00fd ot\u0159es.<\/p>\n<p>Katedr\u00e1la San Jos\u00e9, jej\u00ed\u017e fas\u00e1da poch\u00e1z\u00ed z roku 1680, dodnes pat\u0159\u00ed k nejvelkolep\u011bj\u0161\u00edm barokn\u00edm port\u00e1l\u016fm St\u0159edn\u00ed Ameriky. V\u011bt\u0161ina jej\u00ed lodi podlehla ot\u0159es\u016fm, ale zdoben\u00e9 pr\u016f\u010del\u00ed z\u016fstalo z velk\u00e9 \u010d\u00e1sti nedot\u010deno. Rekonstrukce z devaten\u00e1ct\u00e9ho stolet\u00ed umo\u017enila budov\u011b obnovit c\u00edrkevn\u00ed funkce, zat\u00edmco jej\u00ed ruiny sv\u011bd\u010d\u00ed o dovednostech a v\u00ed\u0159e \u0159emesln\u00edk\u016f z 18. stolet\u00ed. Nedaleko se nach\u00e1z\u00ed Colegio de San Jer\u00f3nimo, \u0161kola s komorn\u00edm vzhledem, kter\u00e1 byla dokon\u010dena v roce 1757 a v n\u00ed\u017e s\u00eddlili mercedar\u0161t\u00ed mni\u0161i, ne\u017e byla p\u0159em\u011bn\u011bna na celnici. Jej\u00ed kl\u00e1\u0161tern\u00ed zahrady, uprost\u0159ed kter\u00fdch se ty\u010d\u00ed p\u016fvabn\u00e1 font\u00e1na, nyn\u00ed slou\u017e\u00ed jako m\u00edsto pro tane\u010dn\u00ed koncerty a kulturn\u00ed festivaly a otev\u00edraj\u00ed v\u00fdhledy na vzd\u00e1lenou sopku.<\/p>\n<p>V\u00fdchodn\u00edm sm\u011brem se nach\u00e1z\u00ed Convento de Capuchinas (Kl\u00e1\u0161ter kapuc\u00ednek), kde si kdysi zachovaly tich\u00e9 cely, je\u017e ob\u00fdvaly jepti\u0161ky ze Zaragozy. Fragment\u00e1rn\u00ed zdi ustupuj\u00ed vnit\u0159n\u00edm zahrad\u00e1m, kde v geometrick\u00fdch z\u00e1honech vzkv\u00e9taj\u00ed bugenvileje a citrusov\u00e9 stromy. Po v\u00fdstupu na st\u0159e\u0161n\u00ed terasu se n\u00e1v\u0161t\u011bvn\u00edk\u016fm naskytne panorama ta\u0161kov\u00fdch st\u0159ech a okoln\u00ed vyso\u010diny. Kr\u00e1tk\u00e1 proch\u00e1zka v\u00e1s zavede do Convento de Santa Clara, jeho\u017e fas\u00e1da sm\u011b\u0159uj\u00edc\u00ed dozadu, bohat\u011b zdoben\u00e1 tvarovan\u00fdm \u0161tukem, sv\u011bd\u010d\u00ed o propracovan\u00e9m vkusu franti\u0161k\u00e1nsk\u00fdch sester. Pod jeho oblouky se nach\u00e1z\u00ed zahrada ve dvo\u0159e, kter\u00e1 shroma\u017e\u010fuje sv\u011btlo pro odpoledn\u00ed meditaci a tich\u00e9 rozj\u00edm\u00e1n\u00ed.<\/p>\n<p>Mezi nejnav\u0161t\u011bvovan\u011bj\u0161\u00ed c\u00edrkevn\u00ed ruiny pat\u0159\u00ed kostel San Francisco el Grande. Jeho v\u00edcekupolov\u00fd tvar ukr\u00fdv\u00e1 ostatky Hermana Pedra de San Jos\u00e9 Betancurta, prvn\u00edho guatemalsk\u00e9ho kanonizovan\u00e9ho sv\u011btce. Kostel, \u010d\u00e1ste\u010dn\u011b p\u0159estav\u011bn\u00fd po zem\u011bt\u0159esen\u00ed, je st\u00e1le aktivn\u00ed a host\u00ed skromn\u00e9 \u200b\u200bmuzeum v\u011bnovan\u00e9 sv\u011btcovu \u017eivotu ve slu\u017eb\u011b chud\u00fdm. P\u00e1r blok\u016f z\u00e1padn\u011b se sm\u011brem k autobusov\u00e9mu n\u00e1dra\u017e\u00ed t\u00e1hne rozlehl\u00fd komplex La Recolecci\u00f3n. Kdysi kl\u00e1\u0161ter rekolekt, za\u017eil zem\u011bt\u0159esen\u00ed v letech 1717 a 1753, ne\u017e ho zem\u011bt\u0159esen\u00ed u Santa Marty v roce 1773 srovnalo s jeskyn\u00ed. Jeho zahrady prostupuje klid, kter\u00fd n\u00e1v\u0161t\u011bvn\u00edk\u016fm umo\u017e\u0148uje proch\u00e1zet se po kl\u00e1\u0161te\u0159e v kontemplativn\u00ed samot\u011b.<\/p>\n<p>Muzeum tradic Svat\u00e9ho t\u00fddne s\u00eddl\u00ed v b\u00fdval\u00e9m kl\u00e1\u0161te\u0159e Sor Juana de Maldonado, kde statick\u00e9 panely a videoinstalace p\u0159ipom\u00ednaj\u00ed postn\u00ed proces\u00ed Antiguy. Na adrese 4\u00aa Calle Oriente se nach\u00e1z\u00ed Banco Industrial Numismatic Museum, kter\u00e9 kur\u00e1toruje m\u011bnovou historii zem\u011b. V jeho kompaktn\u00edch galeri\u00edch jsou vystaveny koloni\u00e1ln\u00ed mince a modern\u00ed exempl\u00e1\u0159e. Nedaleko se nach\u00e1z\u00ed ChocoMuseo, kde si host\u00e9 mohou temperovat \u010dokol\u00e1du a dozv\u011bd\u011bt se o p\u011bstov\u00e1n\u00ed kakaa \u2013 od zrna po ty\u010dinku \u2013 a Museum Casa del Tejido Antiguo ilustruje maysk\u00e9 techniky tkan\u00ed nap\u0159\u00ed\u010d stalet\u00edmi. Jeho \u0159emesln\u00edci u tkalcovsk\u00fdch stav\u016f nab\u00edzej\u00ed textilie k zakoupen\u00ed. Ji\u017en\u011b od n\u00e1m\u011bst\u00ed se v b\u00fdval\u00e9m Palacio de los Capitanes Generales nach\u00e1z\u00ed Museo Santiago de los Caballeros, kde jsou vystaveny p\u0159edhisp\u00e1nsk\u00e9 artefakty spolu s koloni\u00e1ln\u00edmi pam\u00e1tkami.<\/p>\n<p>Tyto rozmanit\u00e9 vrstvy historie se sb\u00edhaj\u00ed v Parque Central, kde se koloni\u00e1ln\u00ed oblouky setk\u00e1vaj\u00ed se sou\u010dasn\u00fdmi lavi\u010dkami a pouli\u010dn\u00ed prodava\u010di prod\u00e1vaj\u00ed pohlednice pod baldach\u00fdny jacarand. Kamenn\u00e9 tepny Antiguy nesou slo\u017eit\u00e9 \u010dasov\u00e9 vrstven\u00ed, kter\u00e9 spojuje azt\u00e9ck\u00e9 vzory, \u0161pan\u011blsk\u00e9 barokn\u00ed ozdoby a modern\u00ed obchod poh\u00e1n\u011bn\u00fd cestovn\u00edm ruchem. Vypr\u00e1v\u011bn\u00ed m\u011bsta se neobjevuje v jedn\u00e9 epo\u0161e, ale nap\u0159\u00ed\u010d epochami \u2013 jeho poz\u016fstatky a rekonstrukce koexistuj\u00ed v pro\u017eit\u00e9 p\u0159\u00edtomnosti, kter\u00e1 ct\u00ed minulost bez nostalgie.<\/p>\n<p>V ka\u017ed\u00e9m popraskan\u00e9m p\u0159ekladu a ka\u017ed\u00e9 ulici oz\u00e1\u0159en\u00e9 z\u00e1padem slunce se Antigua Guatemala odhaluje jako m\u011bsto neust\u00e1l\u00e9ho dialogu: mezi prost\u0159ed\u00edm a architekturou, mezi pam\u011bt\u00ed a obnovou a mezi pout\u00ed a ka\u017edodenn\u00edm \u017eivotem. Jej\u00ed barokn\u00ed fas\u00e1dy a mechem porostl\u00e9 ruiny vypr\u00e1v\u011bj\u00ed kroniku ambic\u00ed, v\u00edry, zhroucen\u00ed a znovuzrozen\u00ed. Pro cestovatele, kter\u00fd pozorn\u011b kr\u00e1\u010d\u00ed po jeho dla\u017eb\u011b, m\u011bsto nab\u00edz\u00ed v\u00edce ne\u017e jen fotografie a pohlednice; rozd\u00e1v\u00e1 rozmanit\u00e9 p\u0159\u00edb\u011bhy, vetk\u00e1n\u00e9 do ka\u017ed\u00e9ho oblouku a n\u00e1dvo\u0159\u00ed, kter\u00e9 \u010dekaj\u00ed na objeven\u00ed t\u011bmi, kdo jsou ochotni naslouchat.<\/p>","protected":false},"excerpt":{"rendered":"<p>Antigua Guatemala, n\u011bkdy ozna\u010dovan\u00e1 jako Antigua nebo La Antigua, je m\u011bsto le\u017e\u00edc\u00ed v centr\u00e1ln\u00ed vyso\u010din\u011b Guatemaly. Toto okouzluj\u00edc\u00ed m\u011bsto, charakteristick\u00e9 sv\u00fdmi dl\u00e1\u017ed\u011bn\u00fdmi ulicemi a barevnou koloni\u00e1ln\u00ed architekturou, slou\u017eilo jako hlavn\u00ed m\u011bsto guatemalsk\u00e9ho gener\u00e1ln\u00edho kapit\u00e1na v letech 1543 a\u017e 1773. Rozs\u00e1hl\u00e1 historie m\u011bsta a barokn\u00ed architektura mu v roce 1979 vynesly v\u00e1\u017een\u00e9 ocen\u011bn\u00ed zaps\u00e1no na seznam sv\u011btov\u00e9ho d\u011bdictv\u00ed UNESCO.<\/p>","protected":false},"author":1,"featured_media":4137,"parent":9021,"menu_order":0,"comment_status":"closed","ping_status":"closed","template":"elementor_theme","meta":{"_eb_attr":"","footnotes":""},"class_list":["post-9044","page","type-page","status-publish","has-post-thumbnail"],"_links":{"self":[{"href":"https:\/\/travelshelper.com\/cs\/wp-json\/wp\/v2\/pages\/9044","targetHints":{"allow":["GET"]}}],"collection":[{"href":"https:\/\/travelshelper.com\/cs\/wp-json\/wp\/v2\/pages"}],"about":[{"href":"https:\/\/travelshelper.com\/cs\/wp-json\/wp\/v2\/types\/page"}],"author":[{"embeddable":true,"href":"https:\/\/travelshelper.com\/cs\/wp-json\/wp\/v2\/users\/1"}],"replies":[{"embeddable":true,"href":"https:\/\/travelshelper.com\/cs\/wp-json\/wp\/v2\/comments?post=9044"}],"version-history":[{"count":0,"href":"https:\/\/travelshelper.com\/cs\/wp-json\/wp\/v2\/pages\/9044\/revisions"}],"up":[{"embeddable":true,"href":"https:\/\/travelshelper.com\/cs\/wp-json\/wp\/v2\/pages\/9021"}],"wp:featuredmedia":[{"embeddable":true,"href":"https:\/\/travelshelper.com\/cs\/wp-json\/wp\/v2\/media\/4137"}],"wp:attachment":[{"href":"https:\/\/travelshelper.com\/cs\/wp-json\/wp\/v2\/media?parent=9044"}],"curies":[{"name":"wp","href":"https:\/\/api.w.org\/{rel}","templated":true}]}}