{"id":9032,"date":"2024-09-06T23:13:17","date_gmt":"2024-09-06T23:13:17","guid":{"rendered":"https:\/\/travelshelper.com\/staging\/?page_id=9032"},"modified":"2026-03-13T16:45:59","modified_gmt":"2026-03-13T16:45:59","slug":"quetzaltenango","status":"publish","type":"page","link":"https:\/\/travelshelper.com\/cs\/destinations\/north-america\/guatemala\/quetzaltenango\/","title":{"rendered":"Quetzaltenango"},"content":{"rendered":"<p>Quetzaltenango, vyno\u0159uj\u00edc\u00ed se ze z\u00e1padn\u00ed guatemalsk\u00e9 vyso\u010diny s nen\u00e1padnou majest\u00e1tnost\u00ed, zab\u00edr\u00e1 horskou kotlinu v nejni\u017e\u0161\u00edm bod\u011b 2 330 metr\u016f nad mo\u0159em a v r\u00e1mci sv\u00e9ho m\u011bstsk\u00e9ho rozp\u011bt\u00ed dosahuje v\u00fd\u0161ky t\u00e9m\u011b\u0159 2 400 metr\u016f. V roce 2018 zde \u017eije 180 706 obyvatel na 122 km\u00b2 rozmanit\u00e9ho ter\u00e9nu, lemovan\u00e9ho obcemi Salcaj\u00e1, Cantel, Almolonga a \u0161esti dal\u0161\u00edmi. M\u011bsto, zn\u00e1m\u00e9 sv\u00fdm maysk\u00fdm p\u0159edk\u016fm jako Xelaj\u00fa a modern\u00edm obyvatel\u016fm hovorov\u011b jako Xela, tvo\u0159\u00ed most mezi slo\u017eitou tapiseri\u00ed p\u0159edkolumbovsk\u00e9ho d\u011bdictv\u00ed, koloni\u00e1ln\u00edho odkazu a o\u017eiven\u00ed 21. stolet\u00ed. M\u00e1 subtropick\u00e9 horsk\u00e9 klima, v n\u011bm\u017e tepl\u00e9 poledn\u00ed hodiny rychle ustupuj\u00ed do chladn\u00fdch ve\u010der\u016f; t\u00e1hne se \u00fadol\u00edm, kter\u00e9 odjak\u017eiva p\u0159itahovalo p\u011bstitele, obchodn\u00edky a poutn\u00edky. V t\u00e9to kol\u00e9bce starov\u011bk\u00e9 autority a sou\u010dasn\u00e9 vitality si Quetzaltenango n\u00e1rokuje titul druh\u00e9ho nejv\u011bt\u0161\u00edho m\u011bsta Guatemaly \u2013 a to jak co do velikosti, tak i co do trval\u00e9ho kulturn\u00edho v\u00fdznamu.<\/p>\n<p>Po\u010d\u00e1tky Quetzaltenanga sahaj\u00ed a\u017e k mamsk\u00e9mu politick\u00e9mu sboru zvan\u00e9mu Kulah\u00e1, jeho\u017e nadvl\u00e1da formovala obrysy m\u00edstn\u00ed spole\u010dnosti dlouho p\u0159edt\u00edm, ne\u017e se na vzd\u00e1len\u00fdch b\u0159ez\u00edch objevily \u0161pan\u011blsk\u00e9 plachty. Tam, uprost\u0159ed za\u010d\u00ednaj\u00edc\u00edch osad na \u00fapat\u00ed sopky Santa Mar\u00eda, vzniklo ran\u00e9 centrum maysk\u00e9 spr\u00e1vy. Pozd\u011bji p\u00e1ni K\u02bciche\u02bc vys\u00eddlili Mamy a znovu zalo\u017eili Xelaj\u00fa, kter\u00e9 p\u0159esunuli z n\u00ed\u017einn\u00fdch osad na vy\u0161\u0161\u00ed pl\u00e1n\u011b, kde se st\u00e1le nach\u00e1z\u00ed. Uplynula t\u0159i stolet\u00ed, ne\u017e se pobo\u010dn\u00edci Hern\u00e1na Cort\u00e9se a jejich spojenci Nahuov\u00e9 na za\u010d\u00e1tku 16. stolet\u00ed zatla\u010dili do vyso\u010diny. Domorod\u00ed Nahuov\u00e9 prop\u016fj\u010dili osad\u011b n\u00e1zev Quetzaltenango \u2013 \u201em\u00edsto pt\u00e1ka Quetzala\u201c \u2013 a \u0160pan\u011bl\u00e9 si ho ponechali, kdy\u017e zkombinovali nahuovsk\u00e9 a evropsk\u00e9 n\u00e1zvoslov\u00ed. I dnes se v ofici\u00e1ln\u00edch dokumentech odkazuje na Quetzaltenango, zat\u00edmco v ka\u017edodenn\u00ed konverzaci se up\u0159ednost\u0148uje star\u0161\u00ed n\u00e1zev Xela, jazykov\u00e1 ozv\u011bna vzd\u00e1len\u00e9ho maysk\u00e9ho sv\u011bta.<\/p>\n<p>Pod \u0161pan\u011blskou koloni\u00e1ln\u00ed nadvl\u00e1dou slou\u017eilo Quetzaltenango jako administrativn\u00ed centrum Z\u00e1padn\u00ed vyso\u010diny, co\u017e byla role, kter\u00e1 ukotvila politickou ekonomiku regionu a\u017e do vypuknut\u00ed hnut\u00ed za nez\u00e1vislost ve 20. letech 19. stolet\u00ed. Uprost\u0159ed neklidn\u00fdch n\u00e1sledk\u016f emancipace od \u0160pan\u011blska se m\u00edstn\u00ed elity sna\u017eily zajistit region\u00e1ln\u00ed autonomii a zalo\u017eily prchav\u00fd st\u00e1t Los Altos s Quetzaltenangem v \u010dele. Tento st\u00e1t se rozkl\u00e1dal od z\u00e1padn\u00ed Guatemaly a\u017e do \u010d\u00e1st\u00ed dne\u0161n\u00edho Chiapas; v letech 1839 a\u017e 1840 padlo do rukou vojsk gener\u00e1la Rafaela Carrery, co\u017e je dobyt\u00ed, kter\u00e9 je v m\u00edstn\u00edch tradic\u00edch p\u0159ipom\u00edn\u00e1no pro svou krutost a pro ob\u011b\u0161en\u00ed v\u016fdc\u016f Los Altos. N\u00e1siln\u00e9 potla\u010den\u00ed separatistick\u00fdch aspirac\u00ed znamenalo zlom v historii regionu, znovu jej integrovalo do nov\u011b vznikaj\u00edc\u00ed guatemalsk\u00e9 republiky a formovalo trval\u00fd pocit region\u00e1ln\u00ed osobitosti.<\/p>\n<p>Zem\u011bd\u011blstv\u00ed tvo\u0159ilo p\u00e1te\u0159 ran\u00e9 ekonomiky Quetzaltenanga. V polovin\u011b devaten\u00e1ct\u00e9ho stolet\u00ed m\u00edstn\u00ed pole hojn\u011b produkovala p\u0161enici, kuku\u0159ici, ovoce, zeleninu a hospod\u00e1\u0159sk\u00e1 zv\u00ed\u0159ata \u2013 produktivn\u00ed pole, kter\u00e9 udr\u017eovalo jak dom\u00e1c\u00ed trhy, tak i exportn\u00ed toky do sousedn\u00edho Salvadoru. Mezi exporty kralovala p\u0161enice, n\u00e1sledovan\u00e1 kakaem, cukrem, vlnou a bavlnou. Farm\u00e1\u0159i hnali dobytek a ovce travnat\u00fdmi svahy \u00fadol\u00ed, zat\u00edmco p\u011bstitel\u00e9 p\u011bstovali k\u00e1vu na chladn\u011bj\u0161\u00edch svaz\u00edch. Pod sope\u010dn\u00fdmi svahy se krajina rozprost\u00edrala po hork\u00fdch pramenech, kter\u00e9 nab\u00edzely jak tepelnou \u00falevu, tak i turistick\u00fd segment bohat\u00fd na miner\u00e1ly, kter\u00fd se rozmohl a\u017e s p\u0159\u00edchodem modern\u00ed infrastruktury.<\/p>\n<p>P\u0159echod do dvac\u00e1t\u00e9ho stolet\u00ed p\u0159inesl sliby i zklam\u00e1n\u00ed. Boom k\u00e1vy na konci devaten\u00e1ct\u00e9ho stolet\u00ed vedl k prudk\u00e9mu n\u00e1r\u016fstu bohatstv\u00ed, kter\u00fd podpo\u0159il mnoho budov \u201eBelle \u00c9poque\u201c, kter\u00e9 dodnes stoj\u00ed \u2013 zdoben\u00e9 fas\u00e1dy z kamene a \u0161tuku, kovan\u00e9 \u017eelezn\u00e9 balkony a klenut\u00e9 sloupov\u00ed, kter\u00e9 hovo\u0159\u00ed o d\u016fv\u011b\u0159e v budoucnost. Pl\u00e1ny na \u017eeleznici, kter\u00e1 by spojila Xelu s panamerick\u00fdm koridorem, vznikly v 90. letech 19. stolet\u00ed a po desetilet\u00edch v\u00e1hav\u00e9ho pokroku kone\u010dn\u011b v roce 1930 spojila \u017eeleznice Ferrocarril de los Altos Quetzaltenango s m\u011bstem Guatemala. Tato tra\u0165, oslavovan\u00e1 jako in\u017een\u00fdrsk\u00fd z\u00e1zrak, se v roce 1933 z\u0159\u00edtila pod sesuvy p\u016fdy a nikdy nebyla obnovena. P\u0159esto jej\u00ed pam\u00e1tka p\u0159etrv\u00e1v\u00e1 \u2013 v p\u00edsn\u00edch, p\u0159\u00edb\u011bz\u00edch a v mal\u00e9m muzeu, kter\u00e9 uct\u00edv\u00e1 parn\u00ed stroje jako ikony doby, kdy horsk\u00e9 koleje slibovaly modernitu.<\/p>\n<p>Ekonomick\u00e9 bohatstv\u00ed upadlo s Velkou hospod\u00e1\u0159skou kriz\u00ed a pot\u00e9 s lety ob\u010dansk\u00fdch nepokoj\u016f, kter\u00e9 zjizvely Guatemalu na konci dvac\u00e1t\u00e9ho stolet\u00ed. Na \u010das ztratily velkolep\u00e9 t\u0159\u00eddy a n\u00e1m\u011bst\u00ed Xely sv\u016fj d\u0159\u00edv\u011bj\u0161\u00ed lesk; fas\u00e1dy ch\u00e1traly a skromn\u00fd obchod se pot\u00fdkal s nejistou spr\u00e1vou v\u011bc\u00ed ve\u0159ejn\u00fdch. S p\u0159\u00edchodem nov\u00e9ho tis\u00edcilet\u00ed se v\u0161ak m\u011bsto pustilo do obdob\u00ed m\u011bstsk\u00e9 obnovy. Historick\u00e9 budovy se do\u010dkaly pe\u010dliv\u00e9 rekonstrukce; vedle koloni\u00e1ln\u00edch poz\u016fstatk\u016f vyr\u016fstaly nov\u00e9 stavby; mno\u017eily se kav\u00e1rny a kulturn\u00ed centra. Dnes m\u011bsto pulzuje kav\u00e1rnami, kter\u00e9 se rozl\u00e9vaj\u00ed po chodn\u00edc\u00edch, um\u011bleck\u00fdmi galeriemi, kter\u00e9 prezentuj\u00ed sou\u010dasnou tvorbu vedle domorod\u00fdch \u0159emesel, a festivaly, kter\u00e9 tancem, kost\u00fdmy a ob\u0159ady potvrzuj\u00ed tradice k\u02bciche\u02bc a mam.<\/p>\n<p>Klima Quetzaltenanga utv\u00e1\u0159\u00ed jak ka\u017edodenn\u00ed \u017eivot, tak rytmus obchodu. Podle K\u00f6ppenovy klasifikace Cwb m\u011bsto za\u017e\u00edv\u00e1 dv\u011b odli\u0161n\u00e1 obdob\u00ed: obdob\u00ed de\u0161\u0165\u016f od konce kv\u011btna do konce \u0159\u00edjna a obdob\u00ed sucha od za\u010d\u00e1tku listopadu do dubna. Denn\u00ed maxima se po v\u011bt\u0161inu roku pohybuj\u00ed kolem 22 \u00b0C a\u017e 23 \u00b0C a v noci klesaj\u00ed na jednotkov\u00e9 hodnoty, zejm\u00e9na mezi listopadem a \u00fanorem, kdy minima dosahuj\u00ed pr\u016fm\u011brn\u011b 4 \u00b0C. Nadmo\u0159sk\u00e1 v\u00fd\u0161ka m\u011bsta poskytuje jak m\u00edrnou \u00falevu od tropick\u00fdch n\u00ed\u017ein, tak i n\u00e1chylnost k rychl\u00e9mu odpoledn\u00edmu ochlazen\u00ed, jakmile slunce za\u010dne zapadat. Sr\u00e1\u017eky pr\u0161\u00ed p\u0159ev\u00e1\u017en\u011b odpoledne b\u011bhem vlhk\u00fdch m\u011bs\u00edc\u016f, i kdy\u017e n\u011bkter\u00e9 dny mrhol\u00ed od \u00fasvitu do soumraku. V obdob\u00ed sucha obyvatel\u00e9 n\u011bkdy \u017eij\u00ed m\u011bs\u00edce bez jedin\u00e9 kapky sr\u00e1\u017eek, co\u017e zvy\u0161uje obdiv k kr\u00e1tk\u00e9, intenzivn\u00ed zelen\u00e9 krajin\u011b po de\u0161ti.<\/p>\n<p>V r\u00e1mci obvodu obce o rozloze 122 km\u00b2 se nach\u00e1z\u00ed rozmanit\u00e1 topografie: zvln\u011bn\u00e9 roviny vhodn\u00e9 pro rozvoj m\u011bst, sope\u010dn\u00e9 ku\u017eely ty\u010d\u00edc\u00ed se nad sousedstv\u00edmi, \u00farodn\u00e1 \u00fadol\u00ed, kde se da\u0159\u00ed k\u00e1v\u011b a zelenin\u011b, a odlehl\u00e9 kopce, kter\u00e9 slou\u017e\u00ed jako vyhl\u00eddky pro v\u00fdchod slunce nad vzd\u00e1len\u00fdmi vrcholky. Ve vlastn\u00edm m\u011bst\u011b \u017eije v roce 2014 zhruba 180 700 lid\u00ed, z nich\u017e p\u0159ibli\u017en\u011b 43 procent tvo\u0159ilo domorod\u00e9 d\u011bdictv\u00ed, a denn\u011b si tak uchov\u00e1v\u00e1 bohatou mozaiku zvyk\u016f k\u02bciche\u02bc a mam. Pouli\u010dn\u00ed trhy odkazuj\u00ed na starov\u011bk, st\u00e1nky pln\u00e9 tkan\u00fdch huipiles a ru\u010dn\u011b malovan\u00e9 keramiky se prokl\u00e1daj\u00ed st\u00e1nky s \u010derstv\u00fdmi produkty a ko\u0159en\u00edm. Fiestas patronales o\u017eivuj\u00ed \u010dtvrti, pr\u016fvody se prol\u00ednaj\u00ed dl\u00e1\u017ed\u011bn\u00fdmi uli\u010dkami, zat\u00edmco pod koloni\u00e1ln\u00edmi sloupov\u00edmi hraj\u00ed marimby.<\/p>\n<p>Doprava v Quetzaltenangu i mimo n\u011bj odr\u00e1\u017e\u00ed sm\u011bs form\u00e1ln\u00edch a neform\u00e1ln\u00edch syst\u00e9m\u016f. S\u00ed\u0165 mikrobus\u016f \u2013 velk\u00fdch dod\u00e1vek p\u0159epln\u011bn\u00fdch lavicemi \u2013 se vine v\u0161emi \u010d\u00e1stmi m\u011bsta. Trasy nesou jednoduch\u00e1 \u010d\u00edseln\u00e1 ozna\u010den\u00ed \u2013 nap\u0159\u00edklad Ruta 7 \u2013 zat\u00edmco j\u00edzdn\u00e9 z\u016fst\u00e1v\u00e1 n\u00edzk\u00e9. Neexistuje \u017e\u00e1dn\u00fd vl\u00e1dn\u00ed syst\u00e9m hromadn\u00e9 dopravy; m\u00edsto toho se o ulice d\u011bl\u00ed soukrom\u00e9 autobusy a mikrobusy. D\u00e1lkov\u00e9 spojen\u00ed se rovn\u011b\u017e spol\u00e9h\u00e1 na autobusov\u00e9 depa: kuriozity \u010dasto odj\u00ed\u017ed\u011bj\u00ed z termin\u00e1lu Tr\u00e9bol v Guatemala City na stanici Minerva v Xele za j\u00edzdn\u00e9 35 Q, zat\u00edmco prvot\u0159\u00eddn\u00ed dopravci Galgos a L\u00ednea Dorada nab\u00edzej\u00ed klimatizovan\u00e9 autobusy (p\u0159ibli\u017en\u011b 9 USD, \u010dty\u0159i a p\u016fl hodiny). Tax\u00edky jsou v komer\u010dn\u00edch z\u00f3n\u00e1ch hojn\u011b zastoupeny, zejm\u00e9na po setm\u011bn\u00ed, kdy ztlum\u00ed pouli\u010dn\u00ed osv\u011btlen\u00ed a chodci jsou opatrn\u00ed. Cesta na kole nab\u00edz\u00ed alternativu ke krat\u0161\u00edm p\u0159esun\u016fm v \u00fadol\u00ed a odlehl\u00fdch vesnic\u00edch, i kdy\u017e strm\u00e9 svahy vy\u017eaduj\u00ed kondici a opatrn\u00e9 brzd\u011bn\u00ed p\u0159i sjezdu.<\/p>\n<p>P\u0159\u00edstup z d\u00e1lky vede po hlavn\u00edch koridorech. Po silnici vede Panamerick\u00e1 d\u00e1lnice (CA-1) p\u0159es vyso\u010dinu, zat\u00edmco CA-2 vede rovnob\u011b\u017en\u011b s pob\u0159e\u017e\u00edm Tich\u00e9ho oce\u00e1nu na jihu. Autobusov\u00e9 linky typu \u201echicken bus\u201c spojuj\u00ed Quetzaltenango s Panajachelem u jezera Atitl\u00e1n, se Sololou a d\u00e1le do m\u011bsta Guatemala. Dod\u00e1vky p\u0159epravuj\u00ed turisty ze San Crist\u00f3bal de las Casas v Mexiku p\u0159es hranici s La Mesilla, trasou proch\u00e1zej\u00edc\u00ed Comit\u00e1nem, a d\u00e1le autobusy typu \u201echicken bus\u201c jezd\u00ed p\u0159es Huehuetenango. Z Tapachuly mikrobusy p\u0159epravuj\u00ed cestuj\u00edc\u00ed do Tec\u00fan Um\u00e1n, odkud m\u00edstn\u00ed autobusy doj\u00ed\u017ed\u011bj\u00ed do Coatepeque a odtud do Xely. V ka\u017ed\u00e9m p\u0159\u00edpad\u011b se doporu\u010duje brzk\u00fd odjezd: odpoledn\u00ed spoje v Guatemale \u010dasto kon\u010d\u00ed p\u0159ed setm\u011bn\u00edm, tak\u017ee cestuj\u00edc\u00ed jsou ve \u0161patn\u011b osv\u011btlen\u00fdch lokalit\u00e1ch zraniteln\u00ed.<\/p>\n<p>Leti\u0161t\u011b Quetzaltenango, mal\u00e9 region\u00e1ln\u00ed leti\u0161t\u011b, nab\u00edz\u00ed omezen\u00e9 leteck\u00e9 spojen\u00ed, v\u011bt\u0161inou do Guatemala City. Jeho ranvej je ur\u010dena sp\u00ed\u0161e pro turbovrtulov\u00e1 letadla ne\u017e pro tryskov\u00e1 letadla, ale let zkracuje hodiny cesty v hor\u00e1ch na m\u00e9n\u011b ne\u017e hodinu ve vzduchu. A\u010dkoli nen\u00ed hlavn\u00ed vstupn\u00ed branou, leti\u0161t\u011b podtrhuje pocit propojen\u00ed m\u011bsta s n\u00e1rodn\u00ed infrastrukturou a l\u00e1k\u00e1 firemn\u00ed delegace, evakuovan\u00e9 zdravotnick\u00e9 pracovn\u00edky a ob\u010dasn\u00e9 turisty, kte\u0159\u00ed hledaj\u00ed spojen\u00ed nadmo\u0159sk\u00e9 v\u00fd\u0161ky a kultury stejnou m\u011brou.<\/p>\n<p>Krom\u011b dopravy a klimatu zahrnuje vyso\u010dina \u0161ir\u0161\u00ed oblast kontrast\u016f. Department se rozkl\u00e1d\u00e1 od chladn\u00fdch vrcholk\u016f a\u017e po tepl\u00e9 tichomo\u0159sk\u00e9 pob\u0159e\u017e\u00ed; \u00farodn\u00e9 pl\u00e1n\u011b poskytuj\u00ed pole cukrov\u00e9 t\u0159tiny a kau\u010dukovn\u00edky pobl\u00ed\u017e pob\u0159e\u017en\u00edch oblast\u00ed, zat\u00edmco na horn\u00edch svaz\u00edch se p\u011bstuj\u00ed k\u00e1vovn\u00edky a bramborov\u00e9 plant\u00e1\u017ee. Sope\u010dn\u00e9 p\u016fdy jsou z\u00e1kladem zem\u011bd\u011blstv\u00ed; \u0159emesln\u00edci vyr\u00e1b\u011bj\u00ed textilie barven\u00e9 rostlinn\u00fdmi extrakty; na zelen\u00fdch pastvin\u00e1ch p\u0159etrv\u00e1v\u00e1 chov dobytka. Hork\u00e9 prameny vyv\u011braj\u00ed ze zem\u011b a l\u00e1kaj\u00ed m\u00edstn\u00ed obyvatele i n\u00e1v\u0161t\u011bvn\u00edky do miner\u00e1ln\u00edch l\u00e1zn\u00ed na pozad\u00ed ty\u010d\u00edc\u00edch se kr\u00e1ter\u016f. \u0158eky se vine roklemi a nab\u00edzej\u00ed m\u00edsta pro rafting a rybolov, kter\u00e1 obohacuj\u00ed kulturn\u00ed itiner\u00e1\u0159 m\u011bsta o p\u0159\u00edle\u017eitosti pro dobrodru\u017enou turistiku.<\/p>\n<p>Zastav\u011bn\u00e9 prost\u0159ed\u00ed m\u011bsta odr\u00e1\u017e\u00ed epochy ambic\u00ed a adaptac\u00ed. Plaza Central z\u016fst\u00e1v\u00e1 jeho srdcem, lemovan\u00e9 neoklasicistn\u00ed katedr\u00e1lou a m\u011bstsk\u00fdmi budovami, jejich\u017e sloupy a klenby vypov\u00eddaj\u00ed o ob\u010dansk\u00e9 hrdosti devaten\u00e1ct\u00e9ho stolet\u00ed. Bo\u010dn\u00ed uli\u010dky odhaluj\u00ed \u0161pan\u011blsk\u00e9 koloni\u00e1ln\u00ed domy s vnit\u0159n\u00edmi dvory, u nich\u017e obchody prod\u00e1vaj\u00ed v\u0161e od tradi\u010dn\u00edch l\u00e9k\u016f a\u017e po vysokorychlostn\u00ed internet. Nov\u00e9 developersk\u00e9 projekty \u2013 n\u00e1kupn\u00ed centra, kina, soukrom\u00e9 \u0161koly \u2013 se roz\u0161i\u0159uj\u00ed ven a m\u00eds\u00ed beton a sklo s ob\u010dasn\u00fdmi odkazy na lidov\u00fd ornament. N\u00e1v\u0161t\u011bvn\u00edci se setk\u00e1vaj\u00ed s m\u011bstsk\u00fdm palimpsestem, v n\u011bm\u017e ka\u017ed\u00e1 vrstva \u2013 maysk\u00e1, \u0161pan\u011blsk\u00e1, republik\u00e1nsk\u00e1, modern\u00ed \u2013 koexistuje bez zjevn\u00e9 rivality a ka\u017ed\u00e1 z nich prop\u016fj\u010duje texturu identit\u011b m\u011bsta.<\/p>\n<p>Vzd\u011bl\u00e1v\u00e1n\u00ed a kultura vzkv\u00e9taj\u00ed vedle obchodu. Jazykov\u00e9 akademie vyu\u010duj\u00ed studenty ve \u0161pan\u011bl\u0161tin\u011b a angli\u010dtin\u011b a p\u0159itahuj\u00ed cizince, kte\u0159\u00ed se cht\u011bj\u00ed pono\u0159it do cenov\u011b dostupn\u00e9ho prost\u0159ed\u00ed s dobrou nadmo\u0159skou v\u00fd\u0161kou. Region\u00e1ln\u00ed univerzita p\u0159itahuje ml\u00e1de\u017e z venkova a podporuje v\u00fdzkum v zem\u011bd\u011blstv\u00ed, in\u017een\u00fdrstv\u00ed a antropologii. Muzea uchov\u00e1vaj\u00ed archeologick\u00e9 n\u00e1lezy a vypr\u00e1v\u011bj\u00ed o kr\u00e1tk\u00e9 sl\u00e1v\u011b \u017eeleznice; etnografick\u00e1 centra uchov\u00e1vaj\u00ed \u017eiv\u00e9 tradice tkan\u00ed, \u0159ezb\u00e1\u0159stv\u00ed a ritu\u00e1ln\u00edch p\u0159edstaven\u00ed. Ka\u017edoro\u010dn\u00ed festivaly p\u0159ipom\u00ednaj\u00ed sv\u00e1tky svat\u00fdch, skliz\u0148ov\u00e9 cykly a domorod\u00e9 kalend\u00e1\u0159e a o\u017eivuj\u00ed ulice rytmy marimby, proces\u00ed a v\u016fn\u00ed kadidla.<\/p>\n<p>Dnes Quetzaltenango zt\u011bles\u0148uje konvergenci sil, kter\u00e9 dlouho formovaly jeho osud. Je z\u00e1rove\u0148 \u00falo\u017ei\u0161t\u011bm maysk\u00e9ho d\u011bdictv\u00ed i sou\u010dasn\u00fdm m\u011bstsk\u00fdm centrem; m\u00edstem, kde se prol\u00edn\u00e1 katolicismus a p\u0159edhisp\u00e1nsk\u00e9 syst\u00e9my v\u00edry a kde pokrok a ochrana p\u0159\u00edrody koexistuj\u00ed. Jeho klima ovliv\u0148uje jak \u00farodu, tak i povahu obyvatel; jeho nadmo\u0159sk\u00e1 v\u00fd\u0161ka vyb\u00edz\u00ed k zamy\u0161len\u00ed nad vrcholy historie. Odolnost m\u011bsta \u2013 i p\u0159es dob\u00fdv\u00e1n\u00ed, separatistick\u00e9 boje, ekonomick\u00e9 ot\u0159esy a ztr\u00e1ty infrastruktury \u2013 podtrhuje kolektivn\u00ed odhodl\u00e1n\u00ed vytrvat a p\u0159izp\u016fsobit se. V posledn\u00edch desetilet\u00edch o\u017eiven\u00fd urbanismus vdechl nov\u00fd \u017eivot star\u00fdm kamen\u016fm, proto\u017ee m\u011bstsk\u00e9 iniciativy a soukrom\u00ed podnikatel\u00e9 zrekonstruovali pam\u00e1tky, zmodernizovali ve\u0159ejn\u00e9 prostory a zah\u00e1jili kulturn\u00ed aktivity.<\/p>\n<p>Obyvatel\u00e9 Quetzaltenanga, zn\u00e1m\u00ed jako quetzaltecos, si uchov\u00e1vaj\u00ed hlubokou hrdost na osobitost sv\u00e9ho m\u011bsta. P\u0159en\u00e1\u0161ej\u00ed jazyky sv\u00fdch p\u0159edk\u016f, mluv\u00ed \u0161pan\u011blsky s region\u00e1ln\u00edmi p\u0159\u00edzvuky a udr\u017euj\u00ed kulin\u00e1\u0159sk\u00e9 tradice, kter\u00e9 sahaj\u00ed od vydatn\u00fdch du\u0161en\u00fdch pokrm\u016f z horsk\u00e9 zeleniny a\u017e po kakaov\u00e9 n\u00e1poje von\u00edc\u00ed koloni\u00e1ln\u00edm stolov\u00e1n\u00edm. Trhy p\u0159et\u00e9kaj\u00ed m\u00edstn\u00edmi produkty: papriky na ohniv\u00e9 salsy, avok\u00e1da na kr\u00e9mov\u00e9 tostady, k\u00e1vov\u00e1 zrna pra\u017een\u00e1 na d\u0159ev\u011bn\u00e9m ohni. Na sousedn\u00edch n\u00e1m\u011bst\u00edch se v ned\u011bli odpoledne sch\u00e1zej\u00ed marimba soubory, kter\u00e9 nab\u00edzej\u00ed spole\u010dn\u00fd odpo\u010dinek od ka\u017edodenn\u00ed pr\u00e1ce.<\/p>\n<p>Pod t\u00edmto pulzuj\u00edc\u00edm zevn\u011bj\u0161kem se v\u0161ak skr\u00fdv\u00e1 v\u011bdom\u00ed nadch\u00e1zej\u00edc\u00edch v\u00fdzev. Roz\u0161i\u0159ov\u00e1n\u00ed m\u011bst zat\u011b\u017euje vodn\u00ed zdroje v such\u00fdch m\u011bs\u00edc\u00edch; seismick\u00e9 ot\u0159esy a sope\u010dn\u00e1 \u010dinnost p\u0159edstavuj\u00ed trval\u00e1 rizika; p\u0159etrv\u00e1vaj\u00ed ekonomick\u00e9 nerovnosti mezi m\u011bstsk\u00fdmi elitami a venkovsk\u00fdmi migranty, kte\u0159\u00ed p\u0159ich\u00e1zej\u00ed hledat vzd\u011bl\u00e1n\u00ed nebo pr\u00e1ci. M\u011bstsk\u00e9 \u00fa\u0159ady a ob\u010dansk\u00e9 organizace se za\u010daly t\u011bmito probl\u00e9my zab\u00fdvat a svol\u00e1vaj\u00ed f\u00f3ra o udr\u017eiteln\u00e9m rozvoji a ochran\u011b kulturn\u00edho d\u011bdictv\u00ed. Budoucnost m\u011bsta z\u00e1vis\u00ed na vyv\u00e1\u017een\u00ed r\u016fstu s p\u00e9\u010d\u00ed o \u017eivotn\u00ed prost\u0159ed\u00ed, na zachov\u00e1n\u00ed kulturn\u00ed autenticity i p\u0159i roz\u0161i\u0159ov\u00e1n\u00ed cestovn\u00edho ruchu a na podpo\u0159e ekonomick\u00fdch p\u0159\u00edle\u017eitost\u00ed, ani\u017e by se naru\u0161ila struktura ka\u017edodenn\u00edho \u017eivota.<\/p>\n<p>Ve sv\u00e9m sou\u010dasn\u00e9m stavu se Quetzaltenango nec\u00edt\u00ed ani zastarale, ani zcela modern\u011b. Nach\u00e1z\u00ed se v jak\u00e9si mezilehl\u00e9 \u0159\u00ed\u0161i, kde z\u016fst\u00e1vaj\u00ed viditeln\u00e9 vrstvy \u010dasu: koloni\u00e1ln\u00ed dve\u0159e stoj\u00ed pod satelitn\u00edmi ant\u00e9nami; mikrobusy s trouben\u00edm klakson\u016f sd\u00edlej\u00ed \u00fazk\u00e9 uli\u010dky s ml\u00e1de\u017e\u00ed ovl\u00e1daj\u00edc\u00ed chytr\u00e9 telefony. Zauj\u00edm\u00e1 \u00fadol\u00ed obklopen\u00e9 sopkami, jejich\u017e vrcholy se ty\u010d\u00ed nad ta\u0161kov\u00fdmi st\u0159echami. A na jeho n\u00e1m\u011bst\u00edch, trz\u00edch a kulturn\u00edch m\u00edstech je c\u00edtit m\u011bsto v neust\u00e1l\u00e9m dialogu se svou minulost\u00ed a sv\u00fdmi mo\u017enostmi. Pro cestovatele, pro v\u011bdce, pro obyvatele nab\u00edz\u00ed Xela trval\u00e9 ponau\u010den\u00ed o adaptaci: jak komunita pros\u00e1kl\u00e1 starobyl\u00fdmi tradicemi m\u016f\u017ee vytvo\u0159it dynamickou sou\u010dasnost, ani\u017e by se opustila prameny sv\u00e9 identity.<\/p>","protected":false},"excerpt":{"rendered":"<p>Quetzaltenango, commonly known by its Maya designation\u00a0Xelaj\u00fa\u00a0or\u00a0Xela, is a historically and culturally affluent city situated in the\u00a0Guatemalan highlands. The designation\u00a0Quetzaltenango, articulated [ketsalte\u02c8na\u014b\u0261o], signifies its profound indigenous legacy, but\u00a0Xelaj\u00fa\u00a0[\u0283ela\u02c8\u03c7u] or\u00a0Xela\u00a0[\u02c8\u0283ela] are appellations that connect with the local populace, maintaining the city\u2019s historical character.<\/p>\n","protected":false},"author":1,"featured_media":2953,"parent":9021,"menu_order":0,"comment_status":"closed","ping_status":"closed","template":"elementor_theme","meta":{"_eb_attr":"","footnotes":""},"class_list":["post-9032","page","type-page","status-publish","has-post-thumbnail"],"_links":{"self":[{"href":"https:\/\/travelshelper.com\/cs\/wp-json\/wp\/v2\/pages\/9032","targetHints":{"allow":["GET"]}}],"collection":[{"href":"https:\/\/travelshelper.com\/cs\/wp-json\/wp\/v2\/pages"}],"about":[{"href":"https:\/\/travelshelper.com\/cs\/wp-json\/wp\/v2\/types\/page"}],"author":[{"embeddable":true,"href":"https:\/\/travelshelper.com\/cs\/wp-json\/wp\/v2\/users\/1"}],"replies":[{"embeddable":true,"href":"https:\/\/travelshelper.com\/cs\/wp-json\/wp\/v2\/comments?post=9032"}],"version-history":[{"count":0,"href":"https:\/\/travelshelper.com\/cs\/wp-json\/wp\/v2\/pages\/9032\/revisions"}],"up":[{"embeddable":true,"href":"https:\/\/travelshelper.com\/cs\/wp-json\/wp\/v2\/pages\/9021"}],"wp:featuredmedia":[{"embeddable":true,"href":"https:\/\/travelshelper.com\/cs\/wp-json\/wp\/v2\/media\/2953"}],"wp:attachment":[{"href":"https:\/\/travelshelper.com\/cs\/wp-json\/wp\/v2\/media?parent=9032"}],"curies":[{"name":"wp","href":"https:\/\/api.w.org\/{rel}","templated":true}]}}